{"id":12491,"date":"2024-11-09T15:08:54","date_gmt":"2024-11-09T14:08:54","guid":{"rendered":"https:\/\/blodsjukdom.se\/farmaci\/apt\/lumiere-gold\/"},"modified":"2024-11-15T18:40:43","modified_gmt":"2024-11-15T17:40:43","slug":"lumiere-gold","status":"publish","type":"product","link":"https:\/\/www.vardcentralenhjartatsolna.se\/farmaci\/apt\/lumiere-gold\/","title":{"rendered":"Lumiere Gold"},"content":{"rendered":"\n<h2 class=\"wp-block-heading\">Vad \u00e4r Lumiere Gold och hur fungerar den?<\/h2>\n\n\n\n<p><b>Lumiere Gold<\/b> \u00e4r en innovativ <b>anti-ageing-kr\u00e4m<\/b> som kombinerar \u00e5terfuktande, anti-ageing och regenerativa egenskaper. Dess viktigaste <em>ingredienser<\/em>, som 24 karats guld, peptider, hyaluronsyra och niacinamid, arbetar synergistiskt f\u00f6r att \u00e5terst\u00e4lla hudens ungdomliga vitalitet och lyster.<\/p>\n\n\n\n<p>Tack vare sin unika formula stimulerar Lumiere Gold kollagenproduktionen <b>,<\/b> vilket leder till \u00f6kad fasthet och elasticitet i huden. Kr\u00e4men neutraliserar effektivt fria radikaler, vilket bromsar \u00e5ldringsprocessen och skyddar huden mot skadlig milj\u00f6p\u00e5verkan.<\/p>\n\n\n\n<p><b>Effekterna<\/b> av Lumiere Gold \u00e4r bl.a. en synlig minskning av rynkor, f\u00f6rb\u00e4ttrad hudton och hudstruktur samt l\u00e5ngvarig \u00e5terfuktning. Regelbunden <b>anv\u00e4ndning<\/b> av produkten ger tillfredsst\u00e4llande resultat, vilket bekr\u00e4ftas av <b>anv\u00e4ndarrecensioner<\/b>.<\/p>\n\n\n\n<figure class=\"wp-block-table\"><table class=\"has-fixed-layout\"><tbody><tr><th>Ingredienser<\/th><th>\u00c5tg\u00e4rd<\/th><\/tr><tr><td>24 karats guld<\/td><td>Minskar rynkor, f\u00f6rb\u00e4ttrar hudens utseende<\/td><\/tr><tr><td>Hyaluronsyra<\/td><td>\u00c5terfuktar huden p\u00e5 djupet<\/td><\/tr><tr><td>Niacinamid<\/td><td>F\u00f6rb\u00e4ttrar f\u00e4rgen, lugnar inflammation<\/td><\/tr><tr><td>Kamomillextrakt<\/td><td>Lugnar huden, minskar rodnad<\/td><\/tr><tr><td>Hampaolja<\/td><td>Ger n\u00e4ring \u00e5t huden, har en antiinflammatorisk effekt<\/td><\/tr><\/tbody><\/table><\/figure>\n\n\n\n<h2 class=\"wp-block-heading\">Lumiere Gold &#8211; effekter<\/h2>\n\n\n\n<p><b>Anv\u00e4ndningen<\/b> av Lumiere Gold-kr\u00e4m har ett antal positiva <em>effekter<\/em> f\u00f6r att f\u00f6rb\u00e4ttra hudens tillst\u00e5nd. <b>Anv\u00e4ndare<\/b> indikerar en signifikant minskning av <em>rynkor<\/em> efter bara n\u00e5gra veckors regelbunden anv\u00e4ndning. Tack vare unika ingredienser som 24 karats guld och sheasm\u00f6r <em>f\u00f6rb\u00e4ttrar<\/em> produkten hudens <em>fasthet<\/em> och \u00e5terfuktning.<\/p>\n\n\n\n<p>M\u00e5nga m\u00e4nniskor m\u00e4rker att deras hy blir mer str\u00e5lande och n\u00e4rd. Kr\u00e4men har en regenererande effekt f\u00f6r att bek\u00e4mpa tecken p\u00e5 tr\u00f6tthet och \u00e5terge huden ett h\u00e4lsosamt utseende. Regelbunden applicering lovar ocks\u00e5 skydd mot infektioner och skapar ett skyddande lager p\u00e5 huden.<\/p>\n\n\n\n<p>De formler som anv\u00e4nds hj\u00e4lper till att eliminera problem som torrhet, akne och celluliter. Efter mer \u00e4n 28 dagars anv\u00e4ndning rapporterar m\u00e5nga m\u00e4nniskor h\u00e5rf\u00f6rst\u00e4rkning och f\u00f6rb\u00e4ttrad elasticitet. Nedan f\u00f6ljer en sammanfattning av effekterna av att anv\u00e4nda Lumiere Gold:<\/p>\n\n\n\n<figure class=\"wp-block-table\"><table class=\"has-fixed-layout\"><tbody><tr><th>Effekt<\/th><th>Beskrivning<\/th><\/tr><tr><td>Minskning av rynkor<\/td><td>Synlig f\u00f6rb\u00e4ttring av utseendet p\u00e5 rynkor efter 4 veckors anv\u00e4ndning.<\/td><\/tr><tr><td>F\u00f6rb\u00e4ttrad fasthet<\/td><td>Huden blir mer sp\u00e4nstig och elastisk.<\/td><\/tr><tr><td>\u00c5terfuktning<\/td><td>Synlig \u00f6kning av hudens \u00e5terfuktningsniv\u00e5.<\/td><\/tr><tr><td>Skydd<\/td><td>Ett skyddande lager bildas p\u00e5 huden.<\/td><\/tr><tr><td>Friskhet<\/td><td>Huden f\u00e5r ett h\u00e4lsosamt utseende och utstr\u00e5lning.<\/td><\/tr><\/tbody><\/table><\/figure>\n\n\n\n<p><b>Effekterna<\/b> \u00e4r d\u00e4rf\u00f6r resultatet av regelbunden anv\u00e4ndning, vilket ger spektakul\u00e4ra resultat. Regelbundenhet \u00e4r nyckeln f\u00f6r att fullt ut kunna njuta av f\u00f6rdelarna med produkten. <b>Anv\u00e4ndare<\/b> rekommenderar ofta Lumiere Gold som ett effektivt s\u00e4tt att uppr\u00e4tth\u00e5lla ungdomligt hudtillst\u00e5nd.<\/p>\n\n\n\n<h2 class=\"wp-block-heading\">Hur man anv\u00e4nder Lumiere Gold &#8211; Applicerings- och doseringsinstruktioner<\/h2>\n\n\n\n<p>F\u00f6r att uppn\u00e5 optimala resultat med Lumiere Gold-kr\u00e4m rekommenderas att produkten <b>anv\u00e4nds<\/b> regelbundet. H\u00e4r \u00e4r detaljerade applikations- och <b>doseringsinstruktioner<\/b>:<\/p>\n\n\n\n<ul class=\"wp-block-list\">\n<li><em>Frekvens av applicering:<\/em> Kr\u00e4men ska appliceras tv\u00e5 g\u00e5nger om dagen &#8211; morgon och kv\u00e4ll.<\/li>\n\n\n\n<li><em>F\u00f6rberedelse<\/em> av huden: Se till att huden i ansiktet och p\u00e5 halsen \u00e4r ren och torr innan du applicerar kr\u00e4men.<\/li>\n\n\n\n<li><em>Portion av produkten:<\/em> En liten m\u00e4ngd kr\u00e4m r\u00e4cker f\u00f6r att t\u00e4cka hela ansiktet och halsen. <b>Doseringen<\/b> b\u00f6r justeras efter hudens individuella behov.<\/li>\n\n\n\n<li><em>Metod f\u00f6r applicering:<\/em> Applicera kr\u00e4men p\u00e5 huden och massera f\u00f6rsiktigt i cirkul\u00e4ra r\u00f6relser f\u00f6r att uppn\u00e5 en j\u00e4mn t\u00e4ckning.<\/li>\n\n\n\n<li><em>Observation av reaktion:<\/em> Det \u00e4r en god id\u00e9 att observera hudens reaktion p\u00e5 appliceringen av produkten, vilket g\u00f6r att du kan justera doseringen efter hudens behov.<\/li>\n<\/ul>\n\n\n\n<p>Regelbunden anv\u00e4ndning av Lumiere Gold kommer att bidra till de b\u00e4sta l\u00e5ngsiktiga resultaten, vilket \u00e4r nyckeln till effektiv hudv\u00e5rd.<\/p>\n\n\n\n<h2 class=\"wp-block-heading\">Lumiere Gold recensioner &#8211; Vad s\u00e4ger anv\u00e4ndarna p\u00e5 forum?<\/h2>\n\n\n\n<p>Lumiere<b>Gold-recensioner<\/b> p\u00e5 onlineforum pekar p\u00e5 de positiva <b>effekterna av<\/b> att anv\u00e4nda denna anti-rynkkr\u00e4m. <b>Anv\u00e4ndare<\/b> lyfter ofta fram de synliga f\u00f6r\u00e4ndringarna i hudens tillst\u00e5nd efter regelbunden anv\u00e4ndning av produkten. M\u00e5nga noterar hur v\u00e4l det \u00e5terfuktar huden och f\u00f6rb\u00e4ttrar dess fasthet.<\/p>\n\n\n\n<blockquote class=\"wp-block-quote is-layout-flow wp-block-quote-is-layout-flow\">\n<p>&#8221;Sedan jag b\u00f6rjade anv\u00e4nda Lumiere Gold ser min hud mycket b\u00e4ttre ut. Jag har m\u00e4rkt att rynkorna har blivit mindre synliga och min hy \u00e4r mer \u00e5terfuktad. Jag k\u00e4nner att den \u00e4r fastare och mjukare. Jag skulle definitivt rekommendera det!&#8221; &#8211; Ania<\/p>\n<\/blockquote>\n\n\n\n<p>Anv\u00e4ndare n\u00e4mner p\u00e5 forumen de olika effekter de har m\u00e4rkt av. Vissa s\u00e4ger att deras hud har blivit ljusare, vilket kan tyda p\u00e5 en f\u00f6rb\u00e4ttring av deras allm\u00e4nna utseende. Dessutom kan kunskapen fr\u00e5n forumen anv\u00e4ndas f\u00f6r att b\u00e4ttre f\u00f6rst\u00e5 produktens specifika egenskaper.<\/p>\n\n\n\n<blockquote class=\"wp-block-quote is-layout-flow wp-block-quote-is-layout-flow\">\n<p>&#8221;Jag var skeptisk till en b\u00f6rjan, men efter en m\u00e5nads anv\u00e4ndning m\u00e4rkte jag en markant skillnad. Min hud ser ljusare ut och andas mycket b\u00e4ttre. Jag \u00e4r glad att jag kom \u00f6ver den h\u00e4r produkten.&#8221; &#8211; Kasia<\/p>\n<\/blockquote>\n\n\n\n<p>Det har varit m\u00e5nga positiva recensioner p\u00e5 forumen. Anv\u00e4ndare delar sina erfarenheter, vilket bara bekr\u00e4ftar effektiviteten hos Lumiere Gold. Rundheten i recensionerna \u00e4r ocks\u00e5 anm\u00e4rkningsv\u00e4rd, vilket kan uppmuntra nya potentiella k\u00f6pare att prova den h\u00e4r produkten.<\/p>\n\n\n\n<blockquote class=\"wp-block-quote is-layout-flow wp-block-quote-is-layout-flow\">\n<p>&#8221;Lumiere Gold \u00e4r min nya favorit! Efter n\u00e5gra dagars anv\u00e4ndning blev min hud sl\u00e4tare och fina linjer f\u00f6rsvann. Definitivt v\u00e4rt ett f\u00f6rs\u00f6k!&#8221; &#8211; Marta<\/p>\n<\/blockquote>\n\n\n\n<p><b>Anv\u00e4ndarrecensioner<\/b> p\u00e5 forum om Lumiere Gold \u00e4r \u00f6verlag positiva, vilket kan \u00f6vers\u00e4ttas till ett stort intresse f\u00f6r denna produkt. De effekter som m\u00e4rks av de som anv\u00e4nder kr\u00e4men bekr\u00e4ftar dess v\u00e4rde i daglig hudv\u00e5rd.<\/p>\n\n\n\n<h2 class=\"wp-block-heading\">Lumiere Gold &#8211; Sammans\u00e4ttning<\/h2>\n\n\n\n<p>Lumiere Gold \u00e4r en produkt som kombinerar noggrant utvalda <b>ingredienser<\/b> f\u00f6r att skapa en formel med exceptionell prestanda. De viktigaste <em>aktiva ingredienserna<\/em> \u00e4r kollagen, hyaluronsyra, vitamin E och naturliga v\u00e4xtextrakt. Tack vare dem \u00e5terfuktar och regenererar kr\u00e4men huden perfekt.<\/p>\n\n\n\n<p>Det \u00e4r v\u00e4rt att notera n\u00e4rvaron av antioxidanter som effektivt neutraliserar <b>verkan<\/b> av fria radikaler, liksom peptider som st\u00f6der regenereringsprocessen f\u00f6r hudv\u00e4vnad. Denna noggrant utvecklade <em>formula<\/em> m\u00f6jligg\u00f6r omfattande resultat i kampen mot \u00e5lderstecken.<\/p>\n\n\n\n<figure class=\"wp-block-table\"><table class=\"has-fixed-layout\"><tbody><tr><th>Ingrediens<\/th><th>Verkan<\/th><\/tr><tr><td>Kollagen<\/td><td>Fr\u00e4mjar hudens elasticitet och minskar <b>uppkomsten av rynkor<\/b>.<\/td><\/tr><tr><td>Hyaluronsyra<\/td><td>\u00c5terfuktar huden och \u00f6kar dess volym.<\/td><\/tr><tr><td>Vitamin E<\/td><td>Skyddar huden mot fria radikaler.<\/td><\/tr><tr><td>Naturliga v\u00e4xtextrakt<\/td><td>F\u00f6rb\u00e4ttrar regenerering och f\u00f6rb\u00e4ttrar hudens tillst\u00e5nd.<\/td><\/tr><\/tbody><\/table><\/figure>\n\n\n\n<p>Tack vare kombinationen av dessa element har Lumiere Gold blivit en k\u00e4nd produkt som \u00e4r mycket hyllad av anv\u00e4ndarna f\u00f6r sina fantastiska resultat.<\/p>\n\n\n\n<h2 class=\"wp-block-heading\">Var man kan k\u00f6pa Lumiere Gold &#8211; pris<\/h2>\n\n\n\n<p>K\u00f6p av Lumiere Gold \u00e4r endast m\u00f6jligt p\u00e5 <em>tillverkarens officiella webbplats.<\/em> Genom att v\u00e4lja denna form av k\u00f6p kan kunderna vara s\u00e4kra p\u00e5 att de f\u00e5r en originalprodukt. Den stora f\u00f6rdelen med att anv\u00e4nda den officiella webbplatsen \u00e4r tillg\u00e5ng till aktuella <em>kampanjer<\/em>, vilket p\u00e5verkar prisets attraktivitet.<\/p>\n\n\n\n<p>Lumiere Gold-priserna kan variera beroende p\u00e5 aktuella erbjudanden, s\u00e5 det \u00e4r v\u00e4rt att kontrollera regelbundet f\u00f6r att se vilka <em>kampanjer<\/em> som f\u00f6r n\u00e4rvarande \u00e4r tillg\u00e4ngliga. De som planerar att k\u00f6pa b\u00f6r veta att produkten inte s\u00e4ljs i station\u00e4ra apotek eller traditionella sk\u00f6nhetsbutiker. D\u00e4rf\u00f6r \u00e4r det b\u00e4sta st\u00e4llet att <b>k\u00f6pa<\/b> Lumiere Gold fortfarande tillverkarens webbplats.<\/p>\n\n\n\n<h2 class=\"wp-block-heading\">Potentiella biverkningar och kontraindikationer av Lumiere Gold<\/h2>\n\n\n\n<p>Lumiere Gold \u00e4r i allm\u00e4nhet en s\u00e4ker produkt, men som alla kosmetiska produkter finns det risk f\u00f6r biverkningar, s\u00e4rskilt hos personer som \u00e4r k\u00e4nsliga f\u00f6r specifika <b>ingredienser<\/b>. De vanligaste symptomen kan vara l\u00e4tt irritation, rodnad eller allergiska reaktioner. F\u00f6re f\u00f6rsta anv\u00e4ndningen rekommenderas d\u00e4rf\u00f6r att ett hudtest utf\u00f6rs f\u00f6r att bed\u00f6ma kroppens reaktion p\u00e5 produkten.<\/p>\n\n\n\n<p><b>Kontraindikationer<\/b> f\u00f6r anv\u00e4ndning av Lumiere Gold inkluderar \u00f6ppna s\u00e5r, hudinfektioner och allergier mot n\u00e5gon av de aktiva ingredienserna i kr\u00e4men. F\u00f6r dem med en allergihistoria \u00e4r det viktigt att konsultera en hudl\u00e4kare innan behandlingen p\u00e5b\u00f6rjas. <b>S\u00e4ker<\/b> anv\u00e4ndning \u00e4r ocks\u00e5 kopplad till regelbunden \u00f6vervakning av hudreaktioner och omedelbart avbrytande av anv\u00e4ndningen om n\u00e5gra negativa effekter uppst\u00e5r.<\/p>\n","protected":false},"excerpt":{"rendered":"<p><strong>[date_countdown]<\/strong><\/p>\n<p><img decoding=\"async\" class=\"alignnone wp-image-12507\" src=\"https:\/\/www.vardcentralenhjartatsolna.se\/farmaci\/wp-content\/uploads\/2024\/11\/SAFE-PAY-300x88-1.png\" alt=\"SAFE-PAY-300x88\" width=\"201\" height=\"59\" \/><\/p>\n","protected":false},"featured_media":12490,"comment_status":"open","ping_status":"closed","template":"","meta":{"neve_meta_sidebar":"","neve_meta_container":"","neve_meta_enable_content_width":"","neve_meta_content_width":0,"neve_meta_title_alignment":"","neve_meta_author_avatar":"","neve_post_elements_order":"","neve_meta_disable_header":"","neve_meta_disable_footer":"","neve_meta_disable_title":"","neve_meta_reading_time":""},"product_brand":[],"product_cat":[566],"product_tag":[],"class_list":{"0":"post-12491","1":"product","2":"type-product","3":"status-publish","4":"has-post-thumbnail","6":"product_cat-skonhet","8":"first","9":"instock","10":"sale","11":"shipping-taxable","12":"product-type-external"},"yoast_head":"<!-- This site is optimized with the Yoast SEO plugin v27.4 - https:\/\/yoast.com\/product\/yoast-seo-wordpress\/ -->\n<title>Lumiere Gold - Recension, Pris, Effekter, Apotek, Forum | -50%<\/title>\n<meta name=\"robots\" content=\"index, follow, max-snippet:-1, max-image-preview:large, max-video-preview:-1\" \/>\n<link rel=\"canonical\" href=\"https:\/\/www.vardcentralenhjartatsolna.se\/farmaci\/apt\/lumiere-gold\/\" \/>\n<meta property=\"og:locale\" content=\"sv_SE\" \/>\n<meta property=\"og:type\" content=\"article\" \/>\n<meta property=\"og:title\" content=\"Lumiere Gold - Recension, Pris, Effekter, Apotek, Forum | -50%\" \/>\n<meta property=\"og:url\" content=\"https:\/\/www.vardcentralenhjartatsolna.se\/farmaci\/apt\/lumiere-gold\/\" \/>\n<meta property=\"og:site_name\" content=\"Vardcentralenhjartatsolna\" \/>\n<meta property=\"article:modified_time\" content=\"2024-11-15T17:40:43+00:00\" \/>\n<meta property=\"og:image\" content=\"https:\/\/www.vardcentralenhjartatsolna.se\/farmaci\/wp-content\/uploads\/2024\/11\/Lumiere-Gold.jpg\" \/>\n\t<meta property=\"og:image:width\" content=\"768\" \/>\n\t<meta property=\"og:image:height\" content=\"768\" \/>\n\t<meta property=\"og:image:type\" content=\"image\/jpeg\" \/>\n<meta name=\"twitter:card\" content=\"summary_large_image\" \/>\n<meta name=\"twitter:description\" content=\"[date_countdown]\" \/>\n<meta name=\"twitter:label1\" content=\"Ber\u00e4knad l\u00e4stid\" \/>\n\t<meta name=\"twitter:data1\" content=\"1 minut\" \/>\n<script type=\"application\/ld+json\" class=\"yoast-schema-graph\">{\"@context\":\"https:\\\/\\\/schema.org\",\"@graph\":[{\"@type\":\"WebPage\",\"@id\":\"https:\\\/\\\/www.vardcentralenhjartatsolna.se\\\/farmaci\\\/apt\\\/lumiere-gold\\\/\",\"url\":\"https:\\\/\\\/www.vardcentralenhjartatsolna.se\\\/farmaci\\\/apt\\\/lumiere-gold\\\/\",\"name\":\"Lumiere Gold - Recension, Pris, Effekter, Apotek, Forum | -50%\",\"isPartOf\":{\"@id\":\"https:\\\/\\\/www.vardcentralenhjartatsolna.se\\\/farmaci\\\/#website\"},\"primaryImageOfPage\":{\"@id\":\"https:\\\/\\\/www.vardcentralenhjartatsolna.se\\\/farmaci\\\/apt\\\/lumiere-gold\\\/#primaryimage\"},\"image\":{\"@id\":\"https:\\\/\\\/www.vardcentralenhjartatsolna.se\\\/farmaci\\\/apt\\\/lumiere-gold\\\/#primaryimage\"},\"thumbnailUrl\":\"https:\\\/\\\/www.vardcentralenhjartatsolna.se\\\/farmaci\\\/wp-content\\\/uploads\\\/2024\\\/11\\\/Lumiere-Gold.jpg\",\"datePublished\":\"2024-11-09T14:08:54+00:00\",\"dateModified\":\"2024-11-15T17:40:43+00:00\",\"breadcrumb\":{\"@id\":\"https:\\\/\\\/www.vardcentralenhjartatsolna.se\\\/farmaci\\\/apt\\\/lumiere-gold\\\/#breadcrumb\"},\"inLanguage\":\"sv-SE\",\"potentialAction\":[{\"@type\":\"ReadAction\",\"target\":[\"https:\\\/\\\/www.vardcentralenhjartatsolna.se\\\/farmaci\\\/apt\\\/lumiere-gold\\\/\"]}]},{\"@type\":\"ImageObject\",\"inLanguage\":\"sv-SE\",\"@id\":\"https:\\\/\\\/www.vardcentralenhjartatsolna.se\\\/farmaci\\\/apt\\\/lumiere-gold\\\/#primaryimage\",\"url\":\"https:\\\/\\\/www.vardcentralenhjartatsolna.se\\\/farmaci\\\/wp-content\\\/uploads\\\/2024\\\/11\\\/Lumiere-Gold.jpg\",\"contentUrl\":\"https:\\\/\\\/www.vardcentralenhjartatsolna.se\\\/farmaci\\\/wp-content\\\/uploads\\\/2024\\\/11\\\/Lumiere-Gold.jpg\",\"width\":768,\"height\":768},{\"@type\":\"BreadcrumbList\",\"@id\":\"https:\\\/\\\/www.vardcentralenhjartatsolna.se\\\/farmaci\\\/apt\\\/lumiere-gold\\\/#breadcrumb\",\"itemListElement\":[{\"@type\":\"ListItem\",\"position\":1,\"name\":\"Strona g\u0142\u00f3wna\",\"item\":\"https:\\\/\\\/www.vardcentralenhjartatsolna.se\\\/farmaci\\\/\"},{\"@type\":\"ListItem\",\"position\":2,\"name\":\"Produkte\",\"item\":\"https:\\\/\\\/www.vardcentralenhjartatsolna.se\\\/farmaci\\\/\"},{\"@type\":\"ListItem\",\"position\":3,\"name\":\"Lumiere Gold\"}]},{\"@type\":\"WebSite\",\"@id\":\"https:\\\/\\\/www.vardcentralenhjartatsolna.se\\\/farmaci\\\/#website\",\"url\":\"https:\\\/\\\/www.vardcentralenhjartatsolna.se\\\/farmaci\\\/\",\"name\":\"Vardcentralenhjartatsolna\",\"description\":\"\",\"potentialAction\":[{\"@type\":\"SearchAction\",\"target\":{\"@type\":\"EntryPoint\",\"urlTemplate\":\"https:\\\/\\\/www.vardcentralenhjartatsolna.se\\\/farmaci\\\/?s={search_term_string}\"},\"query-input\":{\"@type\":\"PropertyValueSpecification\",\"valueRequired\":true,\"valueName\":\"search_term_string\"}}],\"inLanguage\":\"sv-SE\"}]}<\/script>\n<!-- \/ Yoast SEO plugin. -->","yoast_head_json":{"title":"Lumiere Gold - Recension, Pris, Effekter, Apotek, Forum | -50%","robots":{"index":"index","follow":"follow","max-snippet":"max-snippet:-1","max-image-preview":"max-image-preview:large","max-video-preview":"max-video-preview:-1"},"canonical":"https:\/\/www.vardcentralenhjartatsolna.se\/farmaci\/apt\/lumiere-gold\/","og_locale":"sv_SE","og_type":"article","og_title":"Lumiere Gold - Recension, Pris, Effekter, Apotek, Forum | -50%","og_url":"https:\/\/www.vardcentralenhjartatsolna.se\/farmaci\/apt\/lumiere-gold\/","og_site_name":"Vardcentralenhjartatsolna","article_modified_time":"2024-11-15T17:40:43+00:00","og_image":[{"width":768,"height":768,"url":"https:\/\/www.vardcentralenhjartatsolna.se\/farmaci\/wp-content\/uploads\/2024\/11\/Lumiere-Gold.jpg","type":"image\/jpeg"}],"twitter_card":"summary_large_image","twitter_description":"[date_countdown]","twitter_misc":{"Ber\u00e4knad l\u00e4stid":"1 minut"},"schema":{"@context":"https:\/\/schema.org","@graph":[{"@type":"WebPage","@id":"https:\/\/www.vardcentralenhjartatsolna.se\/farmaci\/apt\/lumiere-gold\/","url":"https:\/\/www.vardcentralenhjartatsolna.se\/farmaci\/apt\/lumiere-gold\/","name":"Lumiere Gold - Recension, Pris, Effekter, Apotek, Forum | -50%","isPartOf":{"@id":"https:\/\/www.vardcentralenhjartatsolna.se\/farmaci\/#website"},"primaryImageOfPage":{"@id":"https:\/\/www.vardcentralenhjartatsolna.se\/farmaci\/apt\/lumiere-gold\/#primaryimage"},"image":{"@id":"https:\/\/www.vardcentralenhjartatsolna.se\/farmaci\/apt\/lumiere-gold\/#primaryimage"},"thumbnailUrl":"https:\/\/www.vardcentralenhjartatsolna.se\/farmaci\/wp-content\/uploads\/2024\/11\/Lumiere-Gold.jpg","datePublished":"2024-11-09T14:08:54+00:00","dateModified":"2024-11-15T17:40:43+00:00","breadcrumb":{"@id":"https:\/\/www.vardcentralenhjartatsolna.se\/farmaci\/apt\/lumiere-gold\/#breadcrumb"},"inLanguage":"sv-SE","potentialAction":[{"@type":"ReadAction","target":["https:\/\/www.vardcentralenhjartatsolna.se\/farmaci\/apt\/lumiere-gold\/"]}]},{"@type":"ImageObject","inLanguage":"sv-SE","@id":"https:\/\/www.vardcentralenhjartatsolna.se\/farmaci\/apt\/lumiere-gold\/#primaryimage","url":"https:\/\/www.vardcentralenhjartatsolna.se\/farmaci\/wp-content\/uploads\/2024\/11\/Lumiere-Gold.jpg","contentUrl":"https:\/\/www.vardcentralenhjartatsolna.se\/farmaci\/wp-content\/uploads\/2024\/11\/Lumiere-Gold.jpg","width":768,"height":768},{"@type":"BreadcrumbList","@id":"https:\/\/www.vardcentralenhjartatsolna.se\/farmaci\/apt\/lumiere-gold\/#breadcrumb","itemListElement":[{"@type":"ListItem","position":1,"name":"Strona g\u0142\u00f3wna","item":"https:\/\/www.vardcentralenhjartatsolna.se\/farmaci\/"},{"@type":"ListItem","position":2,"name":"Produkte","item":"https:\/\/www.vardcentralenhjartatsolna.se\/farmaci\/"},{"@type":"ListItem","position":3,"name":"Lumiere Gold"}]},{"@type":"WebSite","@id":"https:\/\/www.vardcentralenhjartatsolna.se\/farmaci\/#website","url":"https:\/\/www.vardcentralenhjartatsolna.se\/farmaci\/","name":"Vardcentralenhjartatsolna","description":"","potentialAction":[{"@type":"SearchAction","target":{"@type":"EntryPoint","urlTemplate":"https:\/\/www.vardcentralenhjartatsolna.se\/farmaci\/?s={search_term_string}"},"query-input":{"@type":"PropertyValueSpecification","valueRequired":true,"valueName":"search_term_string"}}],"inLanguage":"sv-SE"}]}},"_links":{"self":[{"href":"https:\/\/www.vardcentralenhjartatsolna.se\/farmaci\/wp-json\/wp\/v2\/product\/12491","targetHints":{"allow":["GET"]}}],"collection":[{"href":"https:\/\/www.vardcentralenhjartatsolna.se\/farmaci\/wp-json\/wp\/v2\/product"}],"about":[{"href":"https:\/\/www.vardcentralenhjartatsolna.se\/farmaci\/wp-json\/wp\/v2\/types\/product"}],"replies":[{"embeddable":true,"href":"https:\/\/www.vardcentralenhjartatsolna.se\/farmaci\/wp-json\/wp\/v2\/comments?post=12491"}],"wp:featuredmedia":[{"embeddable":true,"href":"https:\/\/www.vardcentralenhjartatsolna.se\/farmaci\/wp-json\/wp\/v2\/media\/12490"}],"wp:attachment":[{"href":"https:\/\/www.vardcentralenhjartatsolna.se\/farmaci\/wp-json\/wp\/v2\/media?parent=12491"}],"wp:term":[{"taxonomy":"product_brand","embeddable":true,"href":"https:\/\/www.vardcentralenhjartatsolna.se\/farmaci\/wp-json\/wp\/v2\/product_brand?post=12491"},{"taxonomy":"product_cat","embeddable":true,"href":"https:\/\/www.vardcentralenhjartatsolna.se\/farmaci\/wp-json\/wp\/v2\/product_cat?post=12491"},{"taxonomy":"product_tag","embeddable":true,"href":"https:\/\/www.vardcentralenhjartatsolna.se\/farmaci\/wp-json\/wp\/v2\/product_tag?post=12491"}],"curies":[{"name":"wp","href":"https:\/\/api.w.org\/{rel}","templated":true}]}}