{"id":12483,"date":"2024-11-09T15:08:51","date_gmt":"2024-11-09T14:08:51","guid":{"rendered":"https:\/\/blodsjukdom.se\/farmaci\/apt\/revamin-stretch-mark\/"},"modified":"2024-11-15T18:32:55","modified_gmt":"2024-11-15T17:32:55","slug":"revamin-stretch-mark","status":"publish","type":"product","link":"https:\/\/www.vardcentralenhjartatsolna.se\/farmaci\/apt\/revamin-stretch-mark\/","title":{"rendered":"Revamin Stretch Mark"},"content":{"rendered":"\n<h2 class=\"wp-block-heading\">Vad \u00e4r Revamin Stretch Mark och hur fungerar det?<\/h2>\n\n\n\n<p><b>Revamin<\/b> Stretch<b>Mark<\/b> \u00e4r ett innovativt <b>kosttillskott<\/b> som \u00e4r utformat f\u00f6r personer som k\u00e4mpar med problemet med hudbristningar. Dess <em>d-\u00e5tg\u00e4rd<\/em> \u00e4r baserad p\u00e5 extremt effektiva ingredienser som st\u00f6der v\u00e4vnadsregenerering, vilket \u00e4r viktigt f\u00f6r att eliminera hudbristningar.<\/p>\n\n\n\n<p>Detta<b>tillskott<\/b> inneh\u00e5ller ett komplex av aktiva substanser som spelar en nyckelroll f\u00f6r att f\u00f6rb\u00e4ttra hudens tillst\u00e5nd. F\u00f6rst och fr\u00e4mst stimulerar dess aktiva <b>ingredienser<\/b> kollagenproduktionsprocessen. Kollagen \u00e4r viktigt f\u00f6r att bibeh\u00e5lla hudens fasthet och elasticitet, och en tillr\u00e4cklig niv\u00e5 av kollagen g\u00f6r det m\u00f6jligt att effektivt motverka bildandet av nya hudbristningar.<\/p>\n\n\n\n<p>Ingredienserna i Revamin Stretch Mark inkluderar:<\/p>\n\n\n\n<ul class=\"wp-block-list\">\n<li>aloe vera-bladjuice, som st\u00f6der de regenerativa processerna och har en stark fuktgivande <b>effekt<\/b>,<\/li>\n\n\n\n<li>avokadoolja, som \u00e4r rik p\u00e5 vitaminer och fettsyror och k\u00e4nd f\u00f6r sina antioxidativa egenskaper<\/li>\n\n\n\n<li>aprikosk\u00e4rnolja, som avsev\u00e4rt f\u00f6rb\u00e4ttrar hudens elasticitet och fasthet.<\/li>\n<\/ul>\n\n\n\n<p><b>Anv\u00e4ndningen<\/b> av detta tillskott syftar inte bara till att minska befintliga hudbristningar utan ocks\u00e5 till att f\u00f6rhindra framtida hudbristningar, vilket g\u00f6r Revamin Stretch Mark till en helt\u00e4ckande l\u00f6sning f\u00f6r dem som vill f\u00f6rb\u00e4ttra hudens utseende.<\/p>\n\n\n\n<h2 class=\"wp-block-heading\">Revamin Stretch Mark &#8211; effekter<\/h2>\n\n\n\n<p><b>Effekterna<\/b> av Revamin Stretch Mark \u00e4r extremt positiva och kan ses efter bara en kort tidsperiod. <b>Till\u00e4gget<\/b> hj\u00e4lper till att avsev\u00e4rt minska hudbristningar och f\u00f6rb\u00e4ttra hudens elasticitet. Anv\u00e4ndare m\u00e4rker en acceleration av s\u00e5rl\u00e4kningsprocessen, liksom en minskning av synligheten f\u00f6r befintliga streckm\u00e4rken. Konsumenterna lyfter fram f\u00f6rb\u00e4ttringar i hudens fasthet och densitet, vilket resulterar i ett friskare och mer attraktivt utseende.<\/p>\n\n\n\n<p>H\u00e4r \u00e4r n\u00e5gra av de viktigaste <em>resultaten<\/em> som kan uppn\u00e5s med regelbunden anv\u00e4ndning av Revamin Stretch Mark:<\/p>\n\n\n\n<ul class=\"wp-block-list\">\n<li>En markant <em>minskning av hudbristningar<\/em>, b\u00e5de nya och \u00e4ldre.<\/li>\n\n\n\n<li>\u00c5terst\u00e4llande av hudens naturliga elasticitet genom \u00f6kad kollagenproduktion.<\/li>\n\n\n\n<li>Utj\u00e4mning av hudens yta, vilket bidrar till ett f\u00f6rb\u00e4ttrat utseende.<\/li>\n\n\n\n<li>M\u00f6jligheten f\u00f6r kvinnor i alla \u00e5ldrar att anv\u00e4nda produkten, vilket g\u00f6r den tillg\u00e4nglig f\u00f6r ett bredare spektrum av konsumenter.<\/li>\n<\/ul>\n\n\n\n<p>Effektiviteten hos Revamin Stretch Mark har bekr\u00e4ftats av m\u00e5nga positiva recensioner, vilket g\u00f6r det till ett popul\u00e4rt val i kampen mot hudbristningar.<\/p>\n\n\n\n<h2 class=\"wp-block-heading\">Revamin Stretch Mark dosering &#8211; Hur man anv\u00e4nder?<\/h2>\n\n\n\n<p>F\u00f6r optimala resultat b\u00f6r <em>Revamin Stretch Mark<\/em> appliceras enligt tillverkarens rekommendationer. Produkten appliceras b\u00e4st p\u00e5 rengjord hud, tv\u00e5 g\u00e5nger dagligen &#8211; morgon och kv\u00e4ll. Det \u00e4r viktigt att applicera ett tunt lager kr\u00e4m p\u00e5 de drabbade omr\u00e5dena och massera det f\u00f6rsiktigt in i huden f\u00f6r att m\u00f6jligg\u00f6ra b\u00e4ttre absorption av de aktiva ingredienserna.<\/p>\n\n\n\n<p>Regelbunden <em>applicering<\/em> \u00e4r avg\u00f6rande eftersom <b>effekterna<\/b> av produkten ses gradvis \u00f6ver tid. En detaljerad doseringsregim visas nedan:<\/p>\n\n\n\n<figure class=\"wp-block-table\"><table class=\"has-fixed-layout\"><tbody><tr><th>Steg<\/th><th>Frekvens<\/th><th>Tips<\/th><\/tr><tr><td>F\u00f6rberedelse av huden<\/td><td>Dagligen<\/td><td>Reng\u00f6r huden f\u00f6re applicering<\/td><\/tr><tr><td>Applicering av kr\u00e4m<\/td><td>Tv\u00e5 g\u00e5nger om dagen<\/td><td>Morgon och kv\u00e4ll, efter bad<\/td><\/tr><tr><td>Massage<\/td><td>Varje g\u00e5ng<\/td><td>Massera f\u00f6rsiktigt in i problemomr\u00e5den<\/td><\/tr><\/tbody><\/table><\/figure>\n\n\n\n<p>Regelbunden <em>dosering<\/em> och t\u00e5lamod \u00e4r nyckeln till att m\u00e4rka effekterna av <em>Revamin Stretch Mark<\/em>. Produkten b\u00f6r anv\u00e4ndas b\u00e5de f\u00f6r att minska befintliga bristningar och f\u00f6r att f\u00f6rhindra att nya bildas. Tack vare naturliga ingredienser som aprikosk\u00e4rnolja och v\u00e4xtextrakt blir huden mer elastisk och hydratiserad, vilket bidrar till ett b\u00e4ttre utseende.<\/p>\n\n\n\n<h2 class=\"wp-block-heading\">Revamin Stretch Mark &#8211; \u00c5sikter och recensioner, Forum<\/h2>\n\n\n\n<p><b>Recensioner<\/b> om Revamin Stretch Mark bekr\u00e4ftar dess <b>effektivitet<\/b>. Anv\u00e4ndare delar ofta sina erfarenheter p\u00e5 forum, vilket visar den positiva mottagningen av detta till\u00e4gg. Exempel p\u00e5 recensioner visar hur m\u00e5nga m\u00e4nniskor som har m\u00e4rkt en betydande f\u00f6rb\u00e4ttring av hudens utseende.<\/p>\n\n\n\n<blockquote class=\"wp-block-quote is-layout-flow wp-block-quote-is-layout-flow\">\n<p>&#8221;Revamin Stretch Mark har visat sig vara min b\u00e4sta allierade i kampen mot hudbristningar. Sedan jag anv\u00e4nde det har jag m\u00e4rkt en betydande f\u00f6rb\u00e4ttring. Jag rekommenderar det starkt!&#8221; &#8211; <em>Anna<\/em>.<\/p>\n<\/blockquote>\n\n\n\n<blockquote class=\"wp-block-quote is-layout-flow wp-block-quote-is-layout-flow\">\n<p>&#8221;Att anv\u00e4nda Revamin Stretch Mark har gett mig fantastiska resultat. Min hud \u00e4r fastare och mina hudbristningar har blivit mindre synliga. Jag \u00e4r mycket n\u00f6jd.&#8221; &#8211; <em>Marta<\/em>.<\/p>\n<\/blockquote>\n\n\n\n<blockquote class=\"wp-block-quote is-layout-flow wp-block-quote-is-layout-flow\">\n<p>&#8221;Jag f\u00f6rv\u00e4ntade mig inte att kr\u00e4men skulle f\u00f6rb\u00e4ttra min hud s\u00e5 snabbt. Regelbunden <b>applicering<\/b> \u00e4r nyckeln till framg\u00e5ng. Jag rekommenderar den med gott samvete!&#8221; &#8211; <em>Kasia<\/em>.<\/p>\n<\/blockquote>\n\n\n\n<p>P\u00e5 forumen kan du hitta m\u00e5nga positiva recensioner fr\u00e5n anv\u00e4ndare som uppskattar de naturliga <b>ingredienserna<\/b> som aloe leaf juice, avokadoolja och vitamin E och C. Dessa aspekter f\u00f6rb\u00e4ttrar inte bara hudens tillst\u00e5nd utan leder ocks\u00e5 till en h\u00f6g komfortniv\u00e5. De allra flesta recensioner inneh\u00e5ller inte negativa kommentarer, vilket bygger f\u00f6rtroende f\u00f6r produkten. Potentiella kunder kan vara s\u00e4kra p\u00e5 att Revamin Stretch Mark \u00e4r ett bepr\u00f6vat och effektivt val i kampen mot hudbristningar.<\/p>\n\n\n\n<h2 class=\"wp-block-heading\">Sammans\u00e4ttning av Revamin Stretch Mark &#8211; Vad inneh\u00e5ller den?<\/h2>\n\n\n\n<p>Revamin Stretch Mark sticker ut f\u00f6r sin unika sammans\u00e4ttning, som har formulerats noggrant f\u00f6r att effektivt bek\u00e4mpa hudbristningar. Bland <em>ingredienserna<\/em> finns naturliga \u00e4mnen som fr\u00e4mjar hudens regenerering och \u00e5terfuktning.<\/p>\n\n\n\n<ul class=\"wp-block-list\">\n<li><strong>Aloe<\/strong> Vera: k\u00e4nd f\u00f6r sina lugnande egenskaper, fr\u00e4mjar hudregenerering och minskar irritation.<\/li>\n\n\n\n<li><strong>Avokadoolja<\/strong>: dess <b>verkan<\/b> f\u00f6rb\u00e4ttrar elasticiteten och ger intensiv \u00e5terfuktning, vilket \u00e4r viktigt i kampen mot hudbristningar.<\/li>\n\n\n\n<li><strong>Aprikosk\u00e4rnolja<\/strong>: denna ingrediens p\u00e5skyndar s\u00e5rl\u00e4kningsprocessen och minskar uppkomsten av hudbristningar, vilket g\u00f6r den till en viktig del av formeln.<\/li>\n\n\n\n<li><strong>Vitamin E<\/strong>: spelar en roll f\u00f6r att skydda huden mot de negativa effekterna av yttre faktorer, och <strong>vitamin C<\/strong> st\u00f6der kollagenproduktionen, vilket hj\u00e4lper till att f\u00f6rb\u00e4ttra hudens struktur.<\/li>\n<\/ul>\n\n\n\n<p>Tack vare denna noggrant utvalda <em>sammans\u00e4ttning<\/em> uppvisar Revamin Stretch Mark h\u00f6g <b>effektivitet<\/b> n\u00e4r det g\u00e4ller att stimulera hudens f\u00f6rnyelse. Den s\u00e4kra formeln minimerar risken f\u00f6r biverkningar, vilket g\u00f6r att denna produkt \u00e4r mycket uppskattad bland anv\u00e4ndarna.<\/p>\n\n\n\n<h2 class=\"wp-block-heading\">Var kan jag k\u00f6pa och vad kostar Revamin Stretch Mark?<\/h2>\n\n\n\n<p>Revamin Stretch Mark kan endast <em>k\u00f6pas<\/em> fr\u00e5n <em>tillverkarens officiella webbplats.<\/em> Detta ger kunderna fullt f\u00f6rtroende f\u00f6r att de k\u00f6per en originalprodukt, vilket eliminerar risken f\u00f6r att k\u00f6pa f\u00f6rfalskningar. Endast en s\u00e5dan k\u00e4lla garanterar de b\u00e4sta villkoren och aktuella kampanjer. <b>Priset<\/b> p\u00e5 det tillg\u00e4ngliga till\u00e4gget kan variera beroende p\u00e5 aktuella erbjudanden.<\/p>\n\n\n\n<p>Det finns inget alternativ att k\u00f6pa <em>Revamin Stretch Mark<\/em> p\u00e5 station\u00e4ra apotek. Genom att anv\u00e4nda onlinev\u00e4gen kan kunder enkelt j\u00e4mf\u00f6ra de olika erbjudanden och kampanjer som finns tillg\u00e4ngliga p\u00e5 <em>tillverkarens officiella webbplats<\/em>, vilket g\u00f6r denna ink\u00f6psmetod mycket bekv\u00e4mare.<\/p>\n\n\n\n<h2 class=\"wp-block-heading\">Revamin Stretch Mark &#8211; Biverkningar och kontraindikationer &#8211; \u00c4r det s\u00e4kert?<\/h2>\n\n\n\n<p>Revamin Stretch Mark \u00e4r en produkt som sticker ut fr\u00e5n andra kosmetika tack vare sin naturliga formel, vilket v\u00e4sentligt p\u00e5verkar dess <b>s\u00e4kerhet<\/b>. Tack vare noggrant utvalda ingredienser som arganolja, vitamin E och centella asiatica-extrakt \u00e4r risken f\u00f6r biverkningar minimal. De som har k\u00e4nslig hud eller \u00e4r allergiska mot n\u00e5gon ingrediens b\u00f6r dock iaktta extrem f\u00f6rsiktighet innan behandlingen p\u00e5b\u00f6rjas.<\/p>\n\n\n\n<p>\u00c4ven om fall av hudirritation kan f\u00f6rekomma \u00e4r de s\u00e4llsynta. Det \u00e4r v\u00e4rt att genomf\u00f6ra ett hudtest f\u00f6re full anv\u00e4ndning f\u00f6r att s\u00e4kerst\u00e4lla att v\u00e5r hud tolererar Revamin Stretch Mark-formeln v\u00e4l. F\u00f6r s\u00e4kerhets skull \u00e4r det tillr\u00e5dligt att f\u00f6lja bruksanvisningen f\u00f6r produkten, och om n\u00e5gra biverkningar uppst\u00e5r, sluta anv\u00e4nda omedelbart och kontakta din l\u00e4kare. Allas kroppar kan reagera annorlunda, vilket betonar vikten av att ta hand om din egen h\u00e4lsa.<\/p>\n\n\n\n<p>Sammantaget ses Revamin Stretch Mark som en s\u00e4ker formel, med sina naturliga <b>ingredienser<\/b> som ger m\u00e5nga f\u00f6rdelar, s\u00e5som att f\u00f6rb\u00e4ttra hudens elasticitet och fasthet. Men som med alla kosttillskott \u00e4r f\u00f6rsiktighet och noggrann \u00f6vervakning av hudreaktioner nyckeln. Det \u00e4r ocks\u00e5 god praxis att endast k\u00f6pa produkten fr\u00e5n tillverkarens officiella webbplats, vilket s\u00e4kerst\u00e4ller f\u00f6rtroende f\u00f6r dess kvalitet och \u00e4kthet.<\/p>\n","protected":false},"excerpt":{"rendered":"<p><strong>[date_countdown]<\/strong><\/p>\n<p><img decoding=\"async\" class=\"alignnone wp-image-12507\" src=\"https:\/\/www.vardcentralenhjartatsolna.se\/farmaci\/wp-content\/uploads\/2024\/11\/SAFE-PAY-300x88-1.png\" alt=\"SAFE-PAY-300x88\" width=\"201\" height=\"59\" \/><\/p>\n","protected":false},"featured_media":12105,"comment_status":"open","ping_status":"closed","template":"","meta":{"neve_meta_sidebar":"","neve_meta_container":"","neve_meta_enable_content_width":"","neve_meta_content_width":0,"neve_meta_title_alignment":"","neve_meta_author_avatar":"","neve_post_elements_order":"","neve_meta_disable_header":"","neve_meta_disable_footer":"","neve_meta_disable_title":"","neve_meta_reading_time":""},"product_brand":[],"product_cat":[566],"product_tag":[],"class_list":{"0":"post-12483","1":"product","2":"type-product","3":"status-publish","4":"has-post-thumbnail","6":"product_cat-skonhet","8":"first","9":"instock","10":"sale","11":"shipping-taxable","12":"product-type-external"},"yoast_head":"<!-- This site is optimized with the Yoast SEO plugin v27.4 - https:\/\/yoast.com\/product\/yoast-seo-wordpress\/ -->\n<title>Revamin Stretch Mark - Recension, Pris, Effekter, Apotek, Forum | -50%<\/title>\n<meta name=\"robots\" content=\"index, follow, max-snippet:-1, max-image-preview:large, max-video-preview:-1\" \/>\n<link rel=\"canonical\" href=\"https:\/\/www.vardcentralenhjartatsolna.se\/farmaci\/apt\/revamin-stretch-mark\/\" \/>\n<meta property=\"og:locale\" content=\"sv_SE\" \/>\n<meta property=\"og:type\" content=\"article\" \/>\n<meta property=\"og:title\" content=\"Revamin Stretch Mark - Recension, Pris, Effekter, Apotek, Forum | -50%\" \/>\n<meta property=\"og:url\" content=\"https:\/\/www.vardcentralenhjartatsolna.se\/farmaci\/apt\/revamin-stretch-mark\/\" \/>\n<meta property=\"og:site_name\" content=\"Vardcentralenhjartatsolna\" \/>\n<meta property=\"article:modified_time\" content=\"2024-11-15T17:32:55+00:00\" \/>\n<meta property=\"og:image\" content=\"https:\/\/www.vardcentralenhjartatsolna.se\/farmaci\/wp-content\/uploads\/2024\/11\/Revamin-Stretch-Mark.jpg\" \/>\n\t<meta property=\"og:image:width\" content=\"768\" \/>\n\t<meta property=\"og:image:height\" content=\"768\" \/>\n\t<meta property=\"og:image:type\" content=\"image\/jpeg\" \/>\n<meta name=\"twitter:card\" content=\"summary_large_image\" \/>\n<meta name=\"twitter:description\" content=\"[date_countdown]\" \/>\n<meta name=\"twitter:label1\" content=\"Ber\u00e4knad l\u00e4stid\" \/>\n\t<meta name=\"twitter:data1\" content=\"6 minuter\" \/>\n<script type=\"application\/ld+json\" class=\"yoast-schema-graph\">{\"@context\":\"https:\\\/\\\/schema.org\",\"@graph\":[{\"@type\":\"WebPage\",\"@id\":\"https:\\\/\\\/www.vardcentralenhjartatsolna.se\\\/farmaci\\\/apt\\\/revamin-stretch-mark\\\/\",\"url\":\"https:\\\/\\\/www.vardcentralenhjartatsolna.se\\\/farmaci\\\/apt\\\/revamin-stretch-mark\\\/\",\"name\":\"Revamin Stretch Mark - Recension, Pris, Effekter, Apotek, Forum | -50%\",\"isPartOf\":{\"@id\":\"https:\\\/\\\/www.vardcentralenhjartatsolna.se\\\/farmaci\\\/#website\"},\"primaryImageOfPage\":{\"@id\":\"https:\\\/\\\/www.vardcentralenhjartatsolna.se\\\/farmaci\\\/apt\\\/revamin-stretch-mark\\\/#primaryimage\"},\"image\":{\"@id\":\"https:\\\/\\\/www.vardcentralenhjartatsolna.se\\\/farmaci\\\/apt\\\/revamin-stretch-mark\\\/#primaryimage\"},\"thumbnailUrl\":\"https:\\\/\\\/www.vardcentralenhjartatsolna.se\\\/farmaci\\\/wp-content\\\/uploads\\\/2024\\\/11\\\/Revamin-Stretch-Mark.jpg\",\"datePublished\":\"2024-11-09T14:08:51+00:00\",\"dateModified\":\"2024-11-15T17:32:55+00:00\",\"breadcrumb\":{\"@id\":\"https:\\\/\\\/www.vardcentralenhjartatsolna.se\\\/farmaci\\\/apt\\\/revamin-stretch-mark\\\/#breadcrumb\"},\"inLanguage\":\"sv-SE\",\"potentialAction\":[{\"@type\":\"ReadAction\",\"target\":[\"https:\\\/\\\/www.vardcentralenhjartatsolna.se\\\/farmaci\\\/apt\\\/revamin-stretch-mark\\\/\"]}]},{\"@type\":\"ImageObject\",\"inLanguage\":\"sv-SE\",\"@id\":\"https:\\\/\\\/www.vardcentralenhjartatsolna.se\\\/farmaci\\\/apt\\\/revamin-stretch-mark\\\/#primaryimage\",\"url\":\"https:\\\/\\\/www.vardcentralenhjartatsolna.se\\\/farmaci\\\/wp-content\\\/uploads\\\/2024\\\/11\\\/Revamin-Stretch-Mark.jpg\",\"contentUrl\":\"https:\\\/\\\/www.vardcentralenhjartatsolna.se\\\/farmaci\\\/wp-content\\\/uploads\\\/2024\\\/11\\\/Revamin-Stretch-Mark.jpg\",\"width\":768,\"height\":768},{\"@type\":\"BreadcrumbList\",\"@id\":\"https:\\\/\\\/www.vardcentralenhjartatsolna.se\\\/farmaci\\\/apt\\\/revamin-stretch-mark\\\/#breadcrumb\",\"itemListElement\":[{\"@type\":\"ListItem\",\"position\":1,\"name\":\"Strona g\u0142\u00f3wna\",\"item\":\"https:\\\/\\\/www.vardcentralenhjartatsolna.se\\\/farmaci\\\/\"},{\"@type\":\"ListItem\",\"position\":2,\"name\":\"Produkte\",\"item\":\"https:\\\/\\\/www.vardcentralenhjartatsolna.se\\\/farmaci\\\/\"},{\"@type\":\"ListItem\",\"position\":3,\"name\":\"Revamin Stretch Mark\"}]},{\"@type\":\"WebSite\",\"@id\":\"https:\\\/\\\/www.vardcentralenhjartatsolna.se\\\/farmaci\\\/#website\",\"url\":\"https:\\\/\\\/www.vardcentralenhjartatsolna.se\\\/farmaci\\\/\",\"name\":\"Vardcentralenhjartatsolna\",\"description\":\"\",\"potentialAction\":[{\"@type\":\"SearchAction\",\"target\":{\"@type\":\"EntryPoint\",\"urlTemplate\":\"https:\\\/\\\/www.vardcentralenhjartatsolna.se\\\/farmaci\\\/?s={search_term_string}\"},\"query-input\":{\"@type\":\"PropertyValueSpecification\",\"valueRequired\":true,\"valueName\":\"search_term_string\"}}],\"inLanguage\":\"sv-SE\"}]}<\/script>\n<!-- \/ Yoast SEO plugin. -->","yoast_head_json":{"title":"Revamin Stretch Mark - Recension, Pris, Effekter, Apotek, Forum | -50%","robots":{"index":"index","follow":"follow","max-snippet":"max-snippet:-1","max-image-preview":"max-image-preview:large","max-video-preview":"max-video-preview:-1"},"canonical":"https:\/\/www.vardcentralenhjartatsolna.se\/farmaci\/apt\/revamin-stretch-mark\/","og_locale":"sv_SE","og_type":"article","og_title":"Revamin Stretch Mark - Recension, Pris, Effekter, Apotek, Forum | -50%","og_url":"https:\/\/www.vardcentralenhjartatsolna.se\/farmaci\/apt\/revamin-stretch-mark\/","og_site_name":"Vardcentralenhjartatsolna","article_modified_time":"2024-11-15T17:32:55+00:00","og_image":[{"width":768,"height":768,"url":"https:\/\/www.vardcentralenhjartatsolna.se\/farmaci\/wp-content\/uploads\/2024\/11\/Revamin-Stretch-Mark.jpg","type":"image\/jpeg"}],"twitter_card":"summary_large_image","twitter_description":"[date_countdown]","twitter_misc":{"Ber\u00e4knad l\u00e4stid":"6 minuter"},"schema":{"@context":"https:\/\/schema.org","@graph":[{"@type":"WebPage","@id":"https:\/\/www.vardcentralenhjartatsolna.se\/farmaci\/apt\/revamin-stretch-mark\/","url":"https:\/\/www.vardcentralenhjartatsolna.se\/farmaci\/apt\/revamin-stretch-mark\/","name":"Revamin Stretch Mark - Recension, Pris, Effekter, Apotek, Forum | -50%","isPartOf":{"@id":"https:\/\/www.vardcentralenhjartatsolna.se\/farmaci\/#website"},"primaryImageOfPage":{"@id":"https:\/\/www.vardcentralenhjartatsolna.se\/farmaci\/apt\/revamin-stretch-mark\/#primaryimage"},"image":{"@id":"https:\/\/www.vardcentralenhjartatsolna.se\/farmaci\/apt\/revamin-stretch-mark\/#primaryimage"},"thumbnailUrl":"https:\/\/www.vardcentralenhjartatsolna.se\/farmaci\/wp-content\/uploads\/2024\/11\/Revamin-Stretch-Mark.jpg","datePublished":"2024-11-09T14:08:51+00:00","dateModified":"2024-11-15T17:32:55+00:00","breadcrumb":{"@id":"https:\/\/www.vardcentralenhjartatsolna.se\/farmaci\/apt\/revamin-stretch-mark\/#breadcrumb"},"inLanguage":"sv-SE","potentialAction":[{"@type":"ReadAction","target":["https:\/\/www.vardcentralenhjartatsolna.se\/farmaci\/apt\/revamin-stretch-mark\/"]}]},{"@type":"ImageObject","inLanguage":"sv-SE","@id":"https:\/\/www.vardcentralenhjartatsolna.se\/farmaci\/apt\/revamin-stretch-mark\/#primaryimage","url":"https:\/\/www.vardcentralenhjartatsolna.se\/farmaci\/wp-content\/uploads\/2024\/11\/Revamin-Stretch-Mark.jpg","contentUrl":"https:\/\/www.vardcentralenhjartatsolna.se\/farmaci\/wp-content\/uploads\/2024\/11\/Revamin-Stretch-Mark.jpg","width":768,"height":768},{"@type":"BreadcrumbList","@id":"https:\/\/www.vardcentralenhjartatsolna.se\/farmaci\/apt\/revamin-stretch-mark\/#breadcrumb","itemListElement":[{"@type":"ListItem","position":1,"name":"Strona g\u0142\u00f3wna","item":"https:\/\/www.vardcentralenhjartatsolna.se\/farmaci\/"},{"@type":"ListItem","position":2,"name":"Produkte","item":"https:\/\/www.vardcentralenhjartatsolna.se\/farmaci\/"},{"@type":"ListItem","position":3,"name":"Revamin Stretch Mark"}]},{"@type":"WebSite","@id":"https:\/\/www.vardcentralenhjartatsolna.se\/farmaci\/#website","url":"https:\/\/www.vardcentralenhjartatsolna.se\/farmaci\/","name":"Vardcentralenhjartatsolna","description":"","potentialAction":[{"@type":"SearchAction","target":{"@type":"EntryPoint","urlTemplate":"https:\/\/www.vardcentralenhjartatsolna.se\/farmaci\/?s={search_term_string}"},"query-input":{"@type":"PropertyValueSpecification","valueRequired":true,"valueName":"search_term_string"}}],"inLanguage":"sv-SE"}]}},"_links":{"self":[{"href":"https:\/\/www.vardcentralenhjartatsolna.se\/farmaci\/wp-json\/wp\/v2\/product\/12483","targetHints":{"allow":["GET"]}}],"collection":[{"href":"https:\/\/www.vardcentralenhjartatsolna.se\/farmaci\/wp-json\/wp\/v2\/product"}],"about":[{"href":"https:\/\/www.vardcentralenhjartatsolna.se\/farmaci\/wp-json\/wp\/v2\/types\/product"}],"replies":[{"embeddable":true,"href":"https:\/\/www.vardcentralenhjartatsolna.se\/farmaci\/wp-json\/wp\/v2\/comments?post=12483"}],"wp:featuredmedia":[{"embeddable":true,"href":"https:\/\/www.vardcentralenhjartatsolna.se\/farmaci\/wp-json\/wp\/v2\/media\/12105"}],"wp:attachment":[{"href":"https:\/\/www.vardcentralenhjartatsolna.se\/farmaci\/wp-json\/wp\/v2\/media?parent=12483"}],"wp:term":[{"taxonomy":"product_brand","embeddable":true,"href":"https:\/\/www.vardcentralenhjartatsolna.se\/farmaci\/wp-json\/wp\/v2\/product_brand?post=12483"},{"taxonomy":"product_cat","embeddable":true,"href":"https:\/\/www.vardcentralenhjartatsolna.se\/farmaci\/wp-json\/wp\/v2\/product_cat?post=12483"},{"taxonomy":"product_tag","embeddable":true,"href":"https:\/\/www.vardcentralenhjartatsolna.se\/farmaci\/wp-json\/wp\/v2\/product_tag?post=12483"}],"curies":[{"name":"wp","href":"https:\/\/api.w.org\/{rel}","templated":true}]}}