{"id":12482,"date":"2024-11-09T15:08:51","date_gmt":"2024-11-09T14:08:51","guid":{"rendered":"https:\/\/blodsjukdom.se\/farmaci\/apt\/revamin-acne-cream\/"},"modified":"2024-11-15T18:28:57","modified_gmt":"2024-11-15T17:28:57","slug":"revamin-acne-cream","status":"publish","type":"product","link":"https:\/\/www.vardcentralenhjartatsolna.se\/farmaci\/apt\/revamin-acne-cream\/","title":{"rendered":"Revamin Acne Cream"},"content":{"rendered":"\n<h2 class=\"wp-block-heading\">Vad \u00e4r Revamin Acne Cream och hur fungerar det?<\/h2>\n\n\n\n<p>Revamin Acne Cream \u00e4r en specialkr\u00e4m som \u00e4r utformad f\u00f6r personer som k\u00e4mpar med akne. Dess <em>verkan<\/em> baseras p\u00e5 noggrant utvalda <em>ingredienser<\/em> som effektivt tr\u00e4nger djupt in i dermatologin. Denna kr\u00e4m bek\u00e4mpar inte bara befintliga oj\u00e4mnheter utan f\u00f6rhindrar ocks\u00e5 att nya bildas. Tack vare sina \u00e5terfuktande egenskaper och <em>antiinflammatoriska verkan<\/em> reducerar Revamin Acne Cream effektivt pormaskar, rodnad och irritation, vilket bidrar till att f\u00f6rb\u00e4ttra hudens utseende.<\/p>\n\n\n\n<p>Regelbunden <b>anv\u00e4ndning<\/b> bidrar till att normalisera talguts\u00f6ndringen, en nyckelfaktor i kampen mot <em>akne<\/em>. Kr\u00e4men har en antibakteriell <b>effekt<\/b> som bidrar till att undanr\u00f6ja orsakerna till att akne utvecklas. De <b>ingredienser<\/b> som ing\u00e5r, t.ex. druvk\u00e4rneolja, salicylsyra och niacinamid, spelar en viktig roll i v\u00e5rden av akneben\u00e4gen hud.<\/p>\n\n\n\n<figure class=\"wp-block-table\"><table class=\"has-fixed-layout\"><tbody><tr><th>Ingrediens<\/th><th>Verkan<\/th><\/tr><tr><td>Druvk\u00e4rneolja<\/td><td>\u00c5terfuktar och ger n\u00e4ring \u00e5t huden<\/td><\/tr><tr><td>Salicylsyra<\/td><td>Peeling, rensning av porer<\/td><\/tr><tr><td>Hydrolat av tea tree<\/td><td><b>Antiinflammatorisk effekt<\/b><\/td><\/tr><tr><td>Hyaluronsyra<\/td><td>\u00c5terfuktar huden<\/td><\/tr><tr><td>Zinkoxid<\/td><td>Antibakteriell och lugnande<\/td><\/tr><tr><td>Ricinolja<\/td><td>N\u00e4ring och regenerering av huden<\/td><\/tr><tr><td>Niacinamid<\/td><td>Minskning av inflammation<\/td><\/tr><tr><td>Panthenol<\/td><td>Lugnande och \u00e5terfuktande<\/td><\/tr><tr><td>Vitamin E<\/td><td>Antioxidant, skydd mot hud\u00e5ldrande<\/td><\/tr><\/tbody><\/table><\/figure>\n\n\n\n<p>Revamin Acne Creams formula \u00e4r skonsam, parabenfri och antibiotikafri f\u00f6r att effektivt bek\u00e4mpa akne utan risk f\u00f6r hudirritation. Det rekommenderas att applicera kr\u00e4men tv\u00e5 g\u00e5nger om dagen f\u00f6r att uppn\u00e5 optimala <b>resultat<\/b>.<\/p>\n\n\n\n<h2 class=\"wp-block-heading\">Revamin Acne Cream &#8211; effekter<\/h2>\n\n\n\n<p>Efter att ha anv\u00e4nt Revamin Acne Cream m\u00e4rker m\u00e5nga anv\u00e4ndare en betydande <em>f\u00f6rb\u00e4ttring<\/em> av deras hudtillst\u00e5nd. <b>Effekterna<\/b> \u00e4r m\u00e4rkbara efter bara n\u00e5gra dagars anv\u00e4ndning, vilket uppmuntrar till fortsatt anv\u00e4ndning av denna produkt. Oftast kan man se en minskning av antalet blemmor, en minskning av rodnad och en m\u00e4rkbar \u00e5terfuktning av hyn.<\/p>\n\n\n\n<p>Kr\u00e4men verkar genom att st\u00f6dja hudens naturliga regenereringsprocesser. Tack vare de aktiva ingredienserna, s\u00e5som salicylsyra och allantoin, kan man se positiva <em>effekter<\/em> n\u00e4r det g\u00e4ller att l\u00e4ka inflammation. Regelbunden <b>anv\u00e4ndning<\/b> av Revamin Acne Cream bidrar till en minskning av sebum, vilket ytterligare eliminerar rodnad och inflammation.<\/p>\n\n\n\n<p>L\u00e5ngvarig anv\u00e4ndning av gr\u00e4dden kan leda till fullst\u00e4ndig eliminering av akne, vilket utv\u00e4rderas positivt av anv\u00e4ndarna. <b>Recensioner<\/b> tyder p\u00e5 att inte bara <em>hudens tillst\u00e5nd<\/em> f\u00f6rb\u00e4ttras, utan det finns ocks\u00e5 en \u00e5terst\u00e4llning av naturlig j\u00e4mnhet och ett h\u00e4lsosamt utseende. Revamin Acne Cream \u00e4r en produkt som kan \u00f6verraska dig med dess effektivitet, s\u00e4rskilt med regelbunden anv\u00e4ndning.<\/p>\n\n\n\n<h2 class=\"wp-block-heading\">Hur man anv\u00e4nder Revamin Acne Cream? &#8211; Dosering och rekommendationer<\/h2>\n\n\n\n<p>Korrekt <em>applicering<\/em> av Revamin Acne Cream \u00e4r nyckeln till att uppn\u00e5 b\u00e4sta resultat i kampen mot akne. Det rekommenderas att <em>dosera<\/em> den tv\u00e5 g\u00e5nger om dagen &#8211; p\u00e5 morgonen och p\u00e5 kv\u00e4llen. F\u00f6r att applicera produkten effektivt ska du f\u00f6rst reng\u00f6ra huden, sedan applicera en liten m\u00e4ngd p\u00e5 problemomr\u00e5dena och massera den f\u00f6rsiktigt in i huden.<\/p>\n\n\n\n<p>Regelbundenhet i <em>applikationen<\/em> \u00e4r viktig. Det \u00e4r tillr\u00e5dligt att anv\u00e4nda Revamin Acne Cream i minst en m\u00e5nad f\u00f6r att m\u00e4rka synliga resultat. Genom att f\u00f6lja tillverkarens anvisningar \u00f6kar behandlingens effektivitet ytterligare och bidrar till b\u00e4ttre resultat p\u00e5 huden.<\/p>\n\n\n\n<ul class=\"wp-block-list\">\n<li><em>Hur man anv\u00e4nder<\/em> Revamin Acne Cream:\n\n<ul class=\"wp-block-list\">\n<li>Reng\u00f6r ansiktshuden f\u00f6re applicering.<\/li>\n\n\n\n<li>Applicera en liten m\u00e4ngd av kr\u00e4men p\u00e5 de infekterade omr\u00e5dena.<\/li>\n\n\n\n<li>Massera f\u00f6rsiktigt s\u00e5 att produkten absorberas v\u00e4l.<\/li>\n\n\n\n<li>Applicera regelbundet tv\u00e5 g\u00e5nger om dagen.<\/li>\n<\/ul>\n<\/li>\n<\/ul>\n\n\n\n<p>Genom att f\u00f6lja dessa enkla <b>regler<\/b> kan anv\u00e4ndarna f\u00f6rv\u00e4nta sig att se en betydande f\u00f6rb\u00e4ttring av sin hy. <em>Dosering<\/em> och konsistens vid r\u00e4tt tidpunkt \u00e4r nyckeln till behandling av hudproblem. Revamin Acne Cream bidrar tack vare sina aktiva ingredienser till att minska pormaskar och normalisera talguts\u00f6ndringen, vilket resulterar i en frisk hud.<\/p>\n\n\n\n<h2 class=\"wp-block-heading\">Anv\u00e4ndarupplevelser och recensioner av Revamin Acne Cream &#8211; vad \u00e4r recensionerna?<\/h2>\n\n\n\n<p>N\u00e4r det g\u00e4ller <em>recensioner<\/em> av Revamin Acne Cream har anv\u00e4ndarna haft ett antal positiva upplevelser. Det genomsnittliga betyget f\u00f6r produkten \u00e4r imponerande 4,95 av 5 stj\u00e4rnor, vilket indikerar en h\u00f6g niv\u00e5 av effektivitet och tillfredsst\u00e4llelse med dess anv\u00e4ndning.<\/p>\n\n\n\n<p>Michelle, en av anv\u00e4ndarna, delar med sig av sina erfarenheter: &#8221;Jag har haft mycket akne sedan jag var ton\u00e5ring. N\u00e4r jag k\u00f6pte Revamin Acne Cream f\u00f6rb\u00e4ttrades mitt hudtillst\u00e5nd omedelbart. Nu minns jag inte ens min akne. Efter den h\u00e4r kr\u00e4men d\u00f6k de inte upp l\u00e4ngre.&#8221;<\/p>\n\n\n\n<p>En annan positiv recension kommer fr\u00e5n Gilbert: &#8221;Jag tyckte att Revamin <b>acne<\/b> cream var bra. Den \u00e5terfuktar huden p\u00e5 djupet, p\u00e5skyndar l\u00e4kningen och bek\u00e4mpar \u00e4ven <b>akne<\/b>. En bra produkt, jag kan rekommendera den till alla.&#8221;<\/p>\n\n\n\n<p>Calvin har ocks\u00e5 en positiv <em>anv\u00e4ndarupplevelse<\/em>: &#8221;Revamin <b>acne<\/b> cream rekommenderades till mig av en v\u00e4n. Jag gillade verkligen den h\u00e4r kr\u00e4men, den fungerar verkligen bra mot akne, \u00e5terfuktar huden effektivt och drar ihop porerna. Jag anv\u00e4nder den med gl\u00e4dje. Hittills har jag inte sett n\u00e5gra problem.&#8221;<\/p>\n\n\n\n<p>Alla dessa <em>recensioner av Revamin Acne Cream<\/em> visar att produkten har en flerriktad effekt, eliminerar inflammation, reglerar talgproduktionen och f\u00f6rb\u00e4ttrar den \u00f6vergripande hudkvaliteten. Anv\u00e4ndarna betonar inte bara effektiviteten utan ocks\u00e5 n\u00f6jet med att anv\u00e4nda kr\u00e4men dagligen, vilket g\u00f6r den till ett rekommenderat val f\u00f6r dem som k\u00e4mpar med akneproblem.<\/p>\n\n\n\n<h2 class=\"wp-block-heading\">Revamin Acne Cream &#8211; Sammans\u00e4ttning<\/h2>\n\n\n\n<p>Revamin Acne Cream \u00e4r en produkt som sticker ut f\u00f6r sina naturliga ingredienser som st\u00f6der hudens h\u00e4lsa. Dess <em>sammans\u00e4ttning<\/em> inneh\u00e5ller olika, effektiva element som tillsammans bidrar till kr\u00e4mens f\u00f6rb\u00e4ttrade <em>verkan<\/em>, med fokus p\u00e5 minskning av akne och \u00e5terfuktning av huden.<\/p>\n\n\n\n<figure class=\"wp-block-table\"><table class=\"has-fixed-layout\"><tbody><tr><th>Ingrediens<\/th><th>Egenskaper<\/th><\/tr><tr><td>Ricinolja<\/td><td>Hj\u00e4lper till att reducera akne och har en \u00e5terfuktande effekt.<\/td><\/tr><tr><td>Druvk\u00e4rneolja<\/td><td>Har antioxidativa och regenerativa egenskaper.<\/td><\/tr><tr><td>Salicylsyra<\/td><td>Reng\u00f6r porerna effektivt och minskar aknef\u00f6r\u00e4ndringarna.<\/td><\/tr><tr><td>Tea tree-vatten<\/td><td>Ett naturligt medel med antibakteriella och antiinflammatoriska egenskaper.<\/td><\/tr><tr><td>Hyaluronsyra<\/td><td>\u00c5terfuktar och bibeh\u00e5ller en h\u00e4lsosam hudstruktur.<\/td><\/tr><tr><td>Zinkoxid<\/td><td>Fr\u00e4mjar l\u00e4kning och har en antiinflammatorisk effekt.<\/td><\/tr><tr><td>Panthenol<\/td><td>Lugnar irritation och fr\u00e4mjar regenerering.<\/td><\/tr><tr><td>Niacinamid<\/td><td>Minskar effektivt uppkomsten av porer och f\u00f6rb\u00e4ttrar hudtonen.<\/td><\/tr><tr><td>Vitamin E<\/td><td>Har en skyddande effekt p\u00e5 huden och fr\u00e4mjar \u00e5terfuktning.<\/td><\/tr><\/tbody><\/table><\/figure>\n\n\n\n<p>Regelbunden <b>anv\u00e4ndning<\/b> av <em>Revamin Acne Cream<\/em> kan ge m\u00e4rkbara resultat i form av en j\u00e4mnare och f\u00f6rb\u00e4ttrad hudstruktur. En av de viktigaste styrkorna med denna kr\u00e4m \u00e4r dess <em>naturliga ingredienser<\/em>, som bidrar till att l\u00e4ra kroppen att hantera en m\u00e4ngd olika hudproblem. Dess h\u00f6ga effektivitet och enkla applicering g\u00f6r att den \u00e4r popul\u00e4r bland dem som s\u00f6ker l\u00e5ngvariga hudv\u00e5rdsresultat.<\/p>\n\n\n\n<h2 class=\"wp-block-heading\">Var kan jag k\u00f6pa Revamin Acne Cream och vad kostar det?<\/h2>\n\n\n\n<p>Revamin Acne Cream \u00e4r endast tillg\u00e4nglig fr\u00e5n tillverkarens <em>officiella webbplats.<\/em> Att k\u00f6pa direkt fr\u00e5n webbplatsen garanterar produktens originalitet och tillg\u00e5ng till eventuella <em>kampanjer<\/em> som kan s\u00e4nka <em>priset<\/em> p\u00e5 kr\u00e4men. Det \u00e4r v\u00e4rt att h\u00e5lla ett \u00f6ga p\u00e5 erbjudandet regelbundet, eftersom de angivna priserna kan variera beroende p\u00e5 de aktuella rabatterna och paketen som \u00e4r tillg\u00e4ngliga f\u00f6r kunderna.<\/p>\n\n\n\n<p>Genom att v\u00e4lja r\u00e4tt alternativ sparar man pengar samtidigt som man s\u00e4kerst\u00e4ller l\u00e5ngvarig tillg\u00e5ng till produkten. Kunderna har m\u00f6jlighet att k\u00f6pa n\u00e4r det passar dem med en m\u00e4ngd olika betalnings- och leveransmetoder, inklusive ett internationellt fraktalternativ.<\/p>\n\n\n\n<p>Genom att v\u00e4lja att k\u00f6pa Revamin Acne Cream kan kunderna vara s\u00e4kra p\u00e5 kvaliteten och effektiviteten hos denna produkt, som har h\u00f6ga betyg bland anv\u00e4ndarna. Regelbunden anv\u00e4ndning av kr\u00e4men kan ge tillfredsst\u00e4llande resultat i kampen mot akne och f\u00f6rb\u00e4ttra <b>hudens<\/b> allm\u00e4nna <b>tillst\u00e5nd<\/b>.<\/p>\n\n\n\n<h2 class=\"wp-block-heading\">Potentiella biverkningar och kontraindikationer f\u00f6r Revamin Acne Cream<\/h2>\n\n\n\n<p>Revamin Acne Cream \u00e4r en kr\u00e4m baserad p\u00e5 naturliga ingredienser, vilket avsev\u00e4rt minskar <b>biverkningarna<\/b> i samband med dess anv\u00e4ndning. Liksom med alla kosmetiska produkter finns det dock en risk f\u00f6r allergiska reaktioner, s\u00e4rskilt hos personer som har en individuell intolerans mot n\u00e5gon av ingredienserna. D\u00e4rf\u00f6r rekommenderas ett allergitest innan behandlingen p\u00e5b\u00f6rjas.<\/p>\n\n\n\n<p>Det \u00e4r v\u00e4rt att notera att <b>kontraindikationer<\/b> f\u00f6r anv\u00e4ndningen av Revamin Acne Cream inkluderar i synnerhet graviditet och amning. I dessa situationer \u00e4r det b\u00e4ttre att konsultera din l\u00e4kare eller hudl\u00e4kare innan du introducerar en ny produkt i din dagliga hudv\u00e5rdsrutin. I allm\u00e4nhet rekommenderas f\u00f6rsiktighet och uppm\u00e4rksamhet p\u00e5 <b>s\u00e4kerheten vid anv\u00e4ndning<\/b>, s\u00e4rskilt vid applicering p\u00e5 k\u00e4nslig eller irriterad hud.<\/p>\n\n\n\n<p>Regelbunden anv\u00e4ndning av Revamin Acne Cream i r\u00e4tt dosering minimerar risken f\u00f6r irritation, t.ex. torrhet, kl\u00e5da eller sveda. Anv\u00e4ndarna ber\u00f6mmer produkten f\u00f6r dess effektivitet n\u00e4r det g\u00e4ller att lindra aknesymtom, vilket bidrar till den k\u00e4nsla av s\u00e4kerhet som f\u00f6rknippas med anv\u00e4ndningen. Nyckeln \u00e4r dock att anpassa appliceringen till den enskilda hudens behov.<\/p>\n","protected":false},"excerpt":{"rendered":"<p><strong>[date_countdown]<\/strong><\/p>\n<p><img decoding=\"async\" class=\"alignnone wp-image-12507\" src=\"https:\/\/www.vardcentralenhjartatsolna.se\/farmaci\/wp-content\/uploads\/2024\/11\/SAFE-PAY-300x88-1.png\" alt=\"SAFE-PAY-300x88\" width=\"201\" height=\"59\" \/><\/p>\n","protected":false},"featured_media":12103,"comment_status":"open","ping_status":"closed","template":"","meta":{"neve_meta_sidebar":"","neve_meta_container":"","neve_meta_enable_content_width":"","neve_meta_content_width":0,"neve_meta_title_alignment":"","neve_meta_author_avatar":"","neve_post_elements_order":"","neve_meta_disable_header":"","neve_meta_disable_footer":"","neve_meta_disable_title":"","neve_meta_reading_time":""},"product_brand":[],"product_cat":[566],"product_tag":[],"class_list":{"0":"post-12482","1":"product","2":"type-product","3":"status-publish","4":"has-post-thumbnail","6":"product_cat-skonhet","8":"first","9":"instock","10":"sale","11":"shipping-taxable","12":"product-type-external"},"yoast_head":"<!-- This site is optimized with the Yoast SEO plugin v27.4 - https:\/\/yoast.com\/product\/yoast-seo-wordpress\/ -->\n<title>Revamin Acne Cream - Recension, Pris, Effekter, Apotek, Forum | -50%<\/title>\n<meta name=\"robots\" content=\"index, follow, max-snippet:-1, max-image-preview:large, max-video-preview:-1\" \/>\n<link rel=\"canonical\" href=\"https:\/\/www.vardcentralenhjartatsolna.se\/farmaci\/apt\/revamin-acne-cream\/\" \/>\n<meta property=\"og:locale\" content=\"sv_SE\" \/>\n<meta property=\"og:type\" content=\"article\" \/>\n<meta property=\"og:title\" content=\"Revamin Acne Cream - Recension, Pris, Effekter, Apotek, Forum | -50%\" \/>\n<meta property=\"og:url\" content=\"https:\/\/www.vardcentralenhjartatsolna.se\/farmaci\/apt\/revamin-acne-cream\/\" \/>\n<meta property=\"og:site_name\" content=\"Vardcentralenhjartatsolna\" \/>\n<meta property=\"article:modified_time\" content=\"2024-11-15T17:28:57+00:00\" \/>\n<meta property=\"og:image\" content=\"https:\/\/www.vardcentralenhjartatsolna.se\/farmaci\/wp-content\/uploads\/2024\/11\/Revamin-Acne-Cream.jpg\" \/>\n\t<meta property=\"og:image:width\" content=\"768\" \/>\n\t<meta property=\"og:image:height\" content=\"768\" \/>\n\t<meta property=\"og:image:type\" content=\"image\/jpeg\" \/>\n<meta name=\"twitter:card\" content=\"summary_large_image\" \/>\n<meta name=\"twitter:description\" content=\"[date_countdown]\" \/>\n<meta name=\"twitter:label1\" content=\"Ber\u00e4knad l\u00e4stid\" \/>\n\t<meta name=\"twitter:data1\" content=\"1 minut\" \/>\n<script type=\"application\/ld+json\" class=\"yoast-schema-graph\">{\"@context\":\"https:\\\/\\\/schema.org\",\"@graph\":[{\"@type\":\"WebPage\",\"@id\":\"https:\\\/\\\/www.vardcentralenhjartatsolna.se\\\/farmaci\\\/apt\\\/revamin-acne-cream\\\/\",\"url\":\"https:\\\/\\\/www.vardcentralenhjartatsolna.se\\\/farmaci\\\/apt\\\/revamin-acne-cream\\\/\",\"name\":\"Revamin Acne Cream - Recension, Pris, Effekter, Apotek, Forum | -50%\",\"isPartOf\":{\"@id\":\"https:\\\/\\\/www.vardcentralenhjartatsolna.se\\\/farmaci\\\/#website\"},\"primaryImageOfPage\":{\"@id\":\"https:\\\/\\\/www.vardcentralenhjartatsolna.se\\\/farmaci\\\/apt\\\/revamin-acne-cream\\\/#primaryimage\"},\"image\":{\"@id\":\"https:\\\/\\\/www.vardcentralenhjartatsolna.se\\\/farmaci\\\/apt\\\/revamin-acne-cream\\\/#primaryimage\"},\"thumbnailUrl\":\"https:\\\/\\\/www.vardcentralenhjartatsolna.se\\\/farmaci\\\/wp-content\\\/uploads\\\/2024\\\/11\\\/Revamin-Acne-Cream.jpg\",\"datePublished\":\"2024-11-09T14:08:51+00:00\",\"dateModified\":\"2024-11-15T17:28:57+00:00\",\"breadcrumb\":{\"@id\":\"https:\\\/\\\/www.vardcentralenhjartatsolna.se\\\/farmaci\\\/apt\\\/revamin-acne-cream\\\/#breadcrumb\"},\"inLanguage\":\"sv-SE\",\"potentialAction\":[{\"@type\":\"ReadAction\",\"target\":[\"https:\\\/\\\/www.vardcentralenhjartatsolna.se\\\/farmaci\\\/apt\\\/revamin-acne-cream\\\/\"]}]},{\"@type\":\"ImageObject\",\"inLanguage\":\"sv-SE\",\"@id\":\"https:\\\/\\\/www.vardcentralenhjartatsolna.se\\\/farmaci\\\/apt\\\/revamin-acne-cream\\\/#primaryimage\",\"url\":\"https:\\\/\\\/www.vardcentralenhjartatsolna.se\\\/farmaci\\\/wp-content\\\/uploads\\\/2024\\\/11\\\/Revamin-Acne-Cream.jpg\",\"contentUrl\":\"https:\\\/\\\/www.vardcentralenhjartatsolna.se\\\/farmaci\\\/wp-content\\\/uploads\\\/2024\\\/11\\\/Revamin-Acne-Cream.jpg\",\"width\":768,\"height\":768},{\"@type\":\"BreadcrumbList\",\"@id\":\"https:\\\/\\\/www.vardcentralenhjartatsolna.se\\\/farmaci\\\/apt\\\/revamin-acne-cream\\\/#breadcrumb\",\"itemListElement\":[{\"@type\":\"ListItem\",\"position\":1,\"name\":\"Strona g\u0142\u00f3wna\",\"item\":\"https:\\\/\\\/www.vardcentralenhjartatsolna.se\\\/farmaci\\\/\"},{\"@type\":\"ListItem\",\"position\":2,\"name\":\"Produkte\",\"item\":\"https:\\\/\\\/www.vardcentralenhjartatsolna.se\\\/farmaci\\\/\"},{\"@type\":\"ListItem\",\"position\":3,\"name\":\"Revamin Acne Cream\"}]},{\"@type\":\"WebSite\",\"@id\":\"https:\\\/\\\/www.vardcentralenhjartatsolna.se\\\/farmaci\\\/#website\",\"url\":\"https:\\\/\\\/www.vardcentralenhjartatsolna.se\\\/farmaci\\\/\",\"name\":\"Vardcentralenhjartatsolna\",\"description\":\"\",\"potentialAction\":[{\"@type\":\"SearchAction\",\"target\":{\"@type\":\"EntryPoint\",\"urlTemplate\":\"https:\\\/\\\/www.vardcentralenhjartatsolna.se\\\/farmaci\\\/?s={search_term_string}\"},\"query-input\":{\"@type\":\"PropertyValueSpecification\",\"valueRequired\":true,\"valueName\":\"search_term_string\"}}],\"inLanguage\":\"sv-SE\"}]}<\/script>\n<!-- \/ Yoast SEO plugin. -->","yoast_head_json":{"title":"Revamin Acne Cream - Recension, Pris, Effekter, Apotek, Forum | -50%","robots":{"index":"index","follow":"follow","max-snippet":"max-snippet:-1","max-image-preview":"max-image-preview:large","max-video-preview":"max-video-preview:-1"},"canonical":"https:\/\/www.vardcentralenhjartatsolna.se\/farmaci\/apt\/revamin-acne-cream\/","og_locale":"sv_SE","og_type":"article","og_title":"Revamin Acne Cream - Recension, Pris, Effekter, Apotek, Forum | -50%","og_url":"https:\/\/www.vardcentralenhjartatsolna.se\/farmaci\/apt\/revamin-acne-cream\/","og_site_name":"Vardcentralenhjartatsolna","article_modified_time":"2024-11-15T17:28:57+00:00","og_image":[{"width":768,"height":768,"url":"https:\/\/www.vardcentralenhjartatsolna.se\/farmaci\/wp-content\/uploads\/2024\/11\/Revamin-Acne-Cream.jpg","type":"image\/jpeg"}],"twitter_card":"summary_large_image","twitter_description":"[date_countdown]","twitter_misc":{"Ber\u00e4knad l\u00e4stid":"1 minut"},"schema":{"@context":"https:\/\/schema.org","@graph":[{"@type":"WebPage","@id":"https:\/\/www.vardcentralenhjartatsolna.se\/farmaci\/apt\/revamin-acne-cream\/","url":"https:\/\/www.vardcentralenhjartatsolna.se\/farmaci\/apt\/revamin-acne-cream\/","name":"Revamin Acne Cream - Recension, Pris, Effekter, Apotek, Forum | -50%","isPartOf":{"@id":"https:\/\/www.vardcentralenhjartatsolna.se\/farmaci\/#website"},"primaryImageOfPage":{"@id":"https:\/\/www.vardcentralenhjartatsolna.se\/farmaci\/apt\/revamin-acne-cream\/#primaryimage"},"image":{"@id":"https:\/\/www.vardcentralenhjartatsolna.se\/farmaci\/apt\/revamin-acne-cream\/#primaryimage"},"thumbnailUrl":"https:\/\/www.vardcentralenhjartatsolna.se\/farmaci\/wp-content\/uploads\/2024\/11\/Revamin-Acne-Cream.jpg","datePublished":"2024-11-09T14:08:51+00:00","dateModified":"2024-11-15T17:28:57+00:00","breadcrumb":{"@id":"https:\/\/www.vardcentralenhjartatsolna.se\/farmaci\/apt\/revamin-acne-cream\/#breadcrumb"},"inLanguage":"sv-SE","potentialAction":[{"@type":"ReadAction","target":["https:\/\/www.vardcentralenhjartatsolna.se\/farmaci\/apt\/revamin-acne-cream\/"]}]},{"@type":"ImageObject","inLanguage":"sv-SE","@id":"https:\/\/www.vardcentralenhjartatsolna.se\/farmaci\/apt\/revamin-acne-cream\/#primaryimage","url":"https:\/\/www.vardcentralenhjartatsolna.se\/farmaci\/wp-content\/uploads\/2024\/11\/Revamin-Acne-Cream.jpg","contentUrl":"https:\/\/www.vardcentralenhjartatsolna.se\/farmaci\/wp-content\/uploads\/2024\/11\/Revamin-Acne-Cream.jpg","width":768,"height":768},{"@type":"BreadcrumbList","@id":"https:\/\/www.vardcentralenhjartatsolna.se\/farmaci\/apt\/revamin-acne-cream\/#breadcrumb","itemListElement":[{"@type":"ListItem","position":1,"name":"Strona g\u0142\u00f3wna","item":"https:\/\/www.vardcentralenhjartatsolna.se\/farmaci\/"},{"@type":"ListItem","position":2,"name":"Produkte","item":"https:\/\/www.vardcentralenhjartatsolna.se\/farmaci\/"},{"@type":"ListItem","position":3,"name":"Revamin Acne Cream"}]},{"@type":"WebSite","@id":"https:\/\/www.vardcentralenhjartatsolna.se\/farmaci\/#website","url":"https:\/\/www.vardcentralenhjartatsolna.se\/farmaci\/","name":"Vardcentralenhjartatsolna","description":"","potentialAction":[{"@type":"SearchAction","target":{"@type":"EntryPoint","urlTemplate":"https:\/\/www.vardcentralenhjartatsolna.se\/farmaci\/?s={search_term_string}"},"query-input":{"@type":"PropertyValueSpecification","valueRequired":true,"valueName":"search_term_string"}}],"inLanguage":"sv-SE"}]}},"_links":{"self":[{"href":"https:\/\/www.vardcentralenhjartatsolna.se\/farmaci\/wp-json\/wp\/v2\/product\/12482","targetHints":{"allow":["GET"]}}],"collection":[{"href":"https:\/\/www.vardcentralenhjartatsolna.se\/farmaci\/wp-json\/wp\/v2\/product"}],"about":[{"href":"https:\/\/www.vardcentralenhjartatsolna.se\/farmaci\/wp-json\/wp\/v2\/types\/product"}],"replies":[{"embeddable":true,"href":"https:\/\/www.vardcentralenhjartatsolna.se\/farmaci\/wp-json\/wp\/v2\/comments?post=12482"}],"wp:featuredmedia":[{"embeddable":true,"href":"https:\/\/www.vardcentralenhjartatsolna.se\/farmaci\/wp-json\/wp\/v2\/media\/12103"}],"wp:attachment":[{"href":"https:\/\/www.vardcentralenhjartatsolna.se\/farmaci\/wp-json\/wp\/v2\/media?parent=12482"}],"wp:term":[{"taxonomy":"product_brand","embeddable":true,"href":"https:\/\/www.vardcentralenhjartatsolna.se\/farmaci\/wp-json\/wp\/v2\/product_brand?post=12482"},{"taxonomy":"product_cat","embeddable":true,"href":"https:\/\/www.vardcentralenhjartatsolna.se\/farmaci\/wp-json\/wp\/v2\/product_cat?post=12482"},{"taxonomy":"product_tag","embeddable":true,"href":"https:\/\/www.vardcentralenhjartatsolna.se\/farmaci\/wp-json\/wp\/v2\/product_tag?post=12482"}],"curies":[{"name":"wp","href":"https:\/\/api.w.org\/{rel}","templated":true}]}}