{"id":12474,"date":"2024-11-09T15:08:47","date_gmt":"2024-11-09T14:08:47","guid":{"rendered":"https:\/\/blodsjukdom.se\/farmaci\/apt\/zinamax\/"},"modified":"2024-11-15T19:58:29","modified_gmt":"2024-11-15T18:58:29","slug":"zinamax","status":"publish","type":"product","link":"https:\/\/www.vardcentralenhjartatsolna.se\/farmaci\/apt\/zinamax\/","title":{"rendered":"Zinamax"},"content":{"rendered":"\n<h2 class=\"wp-block-heading\">Vad \u00e4r Zinamax och hur fungerar det?<\/h2>\n\n\n\n<p>Zinamax \u00e4r ett innovativt <b>kosttillskott<\/b> som riktar sig till personer som k\u00e4mpar med hudproblem, inklusive akne. Dess <em>verkan<\/em> baseras p\u00e5 en avancerad formulering som kombinerar aktiva ingredienser s\u00e5som laktoferrin, violett tricolor-extrakt och nyponextrakt. Dessa \u00e4mnen bidrar till att minska antalet finnar och den inflammation som ofta f\u00f6ljer med akne.<\/p>\n\n\n\n<p>De viktigaste ingredienserna i Zinamax och deras f\u00f6rdelar f\u00f6r huden listas nedan:<\/p>\n\n\n\n<figure class=\"wp-block-table\"><table class=\"has-fixed-layout\"><tbody><tr><th>Ingrediens<\/th><th>\u00c5tg\u00e4rd<\/th><\/tr><tr><td>Laktoferrin<\/td><td>Har antibakteriella egenskaper och st\u00f6der immunf\u00f6rsvaret.<\/td><\/tr><tr><td>Extrakt av Viola tricolor<\/td><td>Hj\u00e4lper till att rena kroppen fr\u00e5n toxiner och f\u00f6rb\u00e4ttrar hudens tillst\u00e5nd.<\/td><\/tr><tr><td>Extrakt av nypon<\/td><td>St\u00f6djer kollagenproduktionen och f\u00f6rb\u00e4ttrar hudens elasticitet.<\/td><\/tr><tr><td>Extrakt av vanlig n\u00e4ssla<\/td><td>Reglerar talguts\u00f6ndringen och f\u00f6rebygger tillt\u00e4ppta porer.<\/td><\/tr><tr><td>Centella asiatica<\/td><td>Lugnar inflammation och fr\u00e4mjar s\u00e5rl\u00e4kning.<\/td><\/tr><tr><td>Vitaminer och mineraler<\/td><td>St\u00e4rker huden inifr\u00e5n och f\u00f6rb\u00e4ttrar dess allm\u00e4nna tillst\u00e5nd.<\/td><\/tr><\/tbody><\/table><\/figure>\n\n\n\n<p>Regelbunden anv\u00e4ndning av Zinamax kan ge positiva <b>effekter<\/b> s\u00e5som en minskning av antalet blemmor och en f\u00f6rb\u00e4ttring av hudens allm\u00e4nna utseende. Zinamax \u00e4r d\u00e4rf\u00f6r ett utm\u00e4rkt st\u00f6d f\u00f6r dem som k\u00e4mpar med hudproblem och ett utm\u00e4rkt alternativ till enbart utv\u00e4rtes kosmetika.<\/p>\n\n\n\n<p>Det \u00e4r v\u00e4rt att notera att det, trots sin naturliga sammans\u00e4ttning, rekommenderas att konsultera en specialist innan du b\u00f6rjar Zinamax-tillskott. Med ett informerat tillv\u00e4gag\u00e5ngss\u00e4tt kan du dra full nytta av dess h\u00e4lsofr\u00e4mjande v\u00e4rden.<\/p>\n\n\n\n<h2 class=\"wp-block-heading\">Zinamax &#8211; effekter av anv\u00e4ndning<\/h2>\n\n\n\n<p>Anv\u00e4ndare av Zinamax rapporterar betydande f\u00f6rb\u00e4ttringar av hudtillst\u00e5ndet efter endast en kort tids anv\u00e4ndning. Produkten, som inneh\u00e5ller aktiva ingredienser som laktoferrin och v\u00e4xtextrakt, fungerar effektivt p\u00e5 problemet med akne och dess symtom. <b>Effekterna<\/b> av att anv\u00e4nda Zinamax inkluderar:<\/p>\n\n\n\n<ul class=\"wp-block-list\">\n<li>En minskning av uppkomsten av blemmor och en minskning av det totala antalet akne-lesioner.<\/li>\n\n\n\n<li><b>F\u00f6rb\u00e4ttring av hudens tillst\u00e5nd<\/b> i samband med minskad talgproduktion.<\/li>\n\n\n\n<li>Synliga <b>effekter<\/b> som upptr\u00e4der efter bara n\u00e5gra veckors regelbunden anv\u00e4ndning.<\/li>\n<\/ul>\n\n\n\n<p>Kliniska studier visar att anv\u00e4ndningen av Zinamax leder till en 38,6% minskning av inflammation och en 23,1% minskning av antalet akne-lesioner. Dessutom noterades en 20,3% f\u00f6rb\u00e4ttring av akne sv\u00e5righetsgrad. S\u00e5dana resultat leder till positiv <b>feedback fr\u00e5n<\/b> anv\u00e4ndare, som ofta m\u00e4rker en betydande f\u00f6rb\u00e4ttring av hudens tillst\u00e5nd och \u00f6vergripande utseende.<\/p>\n\n\n\n<p>M\u00e5nga anv\u00e4ndare uppskattar ocks\u00e5 att resultaten beror p\u00e5 de naturliga ingredienserna i produkten. Zinamax minskar inte bara redan befintliga brister, utan f\u00f6rhindrar ocks\u00e5 bildandet av nya, vilket g\u00f6r det till en m\u00e5ngsidig l\u00f6sning i kampen mot akne.<\/p>\n\n\n\n<h2 class=\"wp-block-heading\">Hur man anv\u00e4nder Zinamax &#8211; Instruktioner f\u00f6r anv\u00e4ndning och dosering<\/h2>\n\n\n\n<p>Anv\u00e4ndningen av Zinamax \u00e4r enkel och bekv\u00e4m. Det rekommenderas att ta en kapsel per dag, helst efter en m\u00e5ltid, med en drink vatten. Regelbunden anv\u00e4ndning av kosttillskottet i minst n\u00e5gra m\u00e5nader g\u00f6r att du kan uppn\u00e5 b\u00e4sta resultat. Det \u00e4r v\u00e4rt att f\u00f6lja bruksanvisningen f\u00f6r att undvika negativa effekter i samband med att den rekommenderade dosen \u00f6verskrids.<\/p>\n\n\n\n<p>Den exakta <em>dosen<\/em> av Zinamax \u00e4r avg\u00f6rande f\u00f6r dess effektivitet. De som k\u00e4mpar med allvarliga hudproblem b\u00f6r konsultera en hudl\u00e4kare innan de b\u00f6rjar tillskott. N\u00e4r du tar Zinamax \u00e4r det viktigt att \u00f6vervaka f\u00f6r\u00e4ndringar i hudtillst\u00e5nd och allm\u00e4nt v\u00e4lbefinnande.<\/p>\n\n\n\n<figure class=\"wp-block-table\"><table class=\"has-fixed-layout\"><tbody><tr><th>Faktor<\/th><th>Information om Zinamax<\/th><\/tr><tr><td>Rekommenderad dosering<\/td><td>1 kapsel per dag<\/td><\/tr><tr><td>Form<\/td><td>Kapslar<\/td><\/tr><tr><td>Anv\u00e4ndningstid<\/td><td>Minst flera m\u00e5nader<\/td><\/tr><tr><td>Konsultation med l\u00e4kare<\/td><td>Rekommenderas vid allvarliga hudproblem<\/td><\/tr><tr><td>M\u00e5lgrupp<\/td><td>Vuxna, utan allergier mot ingredienser<\/td><\/tr><\/tbody><\/table><\/figure>\n\n\n\n<p>Vid oroande symtom, avbryt tillskottet och kontakta din l\u00e4kare. Observera att Zinamax inte \u00e4r avsett f\u00f6r personer under 18 \u00e5r, gravida eller ammande kvinnor, s\u00e5 det \u00e4r alltid tillr\u00e5dligt att l\u00e4sa <em>bruksanvisningen<\/em> innan behandlingen p\u00e5b\u00f6rjas.<\/p>\n\n\n\n<h2 class=\"wp-block-heading\">Zinamax &#8211; \u00c5sikter och recensioner &#8211; Vad s\u00e4ger anv\u00e4ndarna?<\/h2>\n\n\n\n<p><b>Zinamax-recensioner<\/b> \u00e4r \u00f6verv\u00e4ldigande positiva, med m\u00e5nga anv\u00e4ndare som indikerar betydande resultat efter bara en kort tids anv\u00e4ndning. Kunderna ser en f\u00f6rb\u00e4ttring av hudens utseende och m\u00e4rker att deras <b>hudproblem<\/b> b\u00f6rjar f\u00f6rsvinna.<\/p>\n\n\n\n<p>Till exempel m\u00e4rkte <em>Kasia<\/em>, en 27-\u00e5rig anv\u00e4ndare, att efter en m\u00e5nads anv\u00e4ndning av Zinamax blev hennes hud mjukare och antalet fl\u00e4ckar minskade avsev\u00e4rt. Vitamintillskottets <b>sammans\u00e4ttning<\/b> hj\u00e4lpte henne i hennes dagliga liv och fick henne att k\u00e4nna sig mer sj\u00e4lvs\u00e4ker.<\/p>\n\n\n\n<p><em>Radek<\/em>, 30, betonar att Zinamax fungerade f\u00f6r honom snabbare \u00e4n han f\u00f6rv\u00e4ntade sig. Efter \u00e5r av kamp med akne b\u00f6rjade effekterna bli synliga inom tv\u00e5 veckor. Hans recension fokuserar p\u00e5 produktens naturliga formulering, som f\u00f6r honom var nyckeln till att v\u00e4lja den.<\/p>\n\n\n\n<p>Studenten <em>Anna<\/em>, 22, lyfter fram hur Zinamax har bidragit till att f\u00f6rb\u00e4ttra hennes sj\u00e4lvf\u00f6rtroende. Sedan hon b\u00f6rjade med tillskottet har hennes hy blivit frisk och str\u00e5lande. F\u00f6r\u00e4ndringen i utseende har lyft stressen i interpersonella interaktioner.<\/p>\n\n\n\n<p>Dessa positiva <b>recensioner<\/b> och personliga erfarenheter visar att Zinamax kan <b>fungera<\/b> f\u00f6r m\u00e5nga m\u00e4nniskor med hudproblem, vilket bidrar till deras f\u00f6rb\u00e4ttrade v\u00e4lbefinnande och utseende.<\/p>\n\n\n\n<h2 class=\"wp-block-heading\">Zinamax sammans\u00e4ttning &#8211; Vad inneh\u00e5ller det?<\/h2>\n\n\n\n<p>Zinamax har en unik <em>formulering<\/em> som noggrant har valts ut f\u00f6r att st\u00f6dja kampen mot <em>akne<\/em>. I dess formel hittar du <b>naturliga ingredienser<\/b> som laktoferrin, violett tricolor-extrakt och n\u00e4sselblad.<\/p>\n\n\n\n<ul class=\"wp-block-list\">\n<li><strong>Laktoferrin<\/strong> &#8211; 200 mg, k\u00e4nt f\u00f6r sina antiinflammatoriska effekter och st\u00f6djer hudens f\u00f6rnyelse.<\/li>\n\n\n\n<li><strong>Violett tricolorextrakt<\/strong> &#8211; 150 mg, bidrar till att minska blemmor och f\u00f6rb\u00e4ttrar hudens allm\u00e4nna utseende.<\/li>\n\n\n\n<li><strong>Extrakt av n\u00e4sselblad<\/strong> &#8211; 100 mg, minskar \u00f6verdriven sebumuts\u00f6ndring och st\u00f6der hudens h\u00e4lsa.<\/li>\n<\/ul>\n\n\n\n<p>Dessutom \u00e4r <em>Zinamax<\/em> berikat med ingredienser som EVNolMax\u2122, Centellin\u00ae och BioPerine\u00ae, som \u00e4r utm\u00e4rkta f\u00f6r hudens h\u00e4lsa. Regelbunden anv\u00e4ndning av Zinamax ger resultat efter bara n\u00e5gra veckor, vilket g\u00f6r det till en helt\u00e4ckande l\u00f6sning f\u00f6r dem som k\u00e4mpar med hudproblem.<\/p>\n\n\n\n<p>Tack vare sina noggrant utvalda naturliga ingredienser blir <em>Zinamax<\/em> ett effektivt st\u00f6d i kampen mot <em>akne<\/em>, samtidigt som det erbjuder omfattande hudv\u00e5rd.<\/p>\n\n\n\n<h2 class=\"wp-block-heading\">Var kan man k\u00f6pa Zinamax &#8211; pris<\/h2>\n\n\n\n<p>Zinamax kan endast k\u00f6pas fr\u00e5n <em>den officiella tillverkarens<\/em> webbplats. Detta f\u00f6rs\u00e4krar kunderna att produkten \u00e4r \u00e4kta och har ingredienser av h\u00f6g kvalitet. I samband med ink\u00f6p av Zinamax \u00e4r det viktigt att regelbundet kontrollera kampanjerna p\u00e5 tillverkarens webbplats, eftersom priserna kan \u00e4ndras. Det \u00e4r viktigt att komma ih\u00e5g att produkten inte finns tillg\u00e4nglig p\u00e5 station\u00e4ra apotek, vilket g\u00f6r tillverkarens webbplats till den enda l\u00e4mpliga platsen att g\u00f6ra ett k\u00f6p.<\/p>\n\n\n\n<p>Kunderna uppskattar ocks\u00e5 den snabba leveransen, som bara tar 1-3 dagar, vilket g\u00f6r Zinamax l\u00e4ttillg\u00e4ngligt f\u00f6r dem som letar efter en effektiv l\u00f6sning p\u00e5 sina hudproblem.<\/p>\n\n\n\n<h2 class=\"wp-block-heading\">Zinamax &#8211; Biverkningar och kontraindikationer &#8211; \u00c4r det s\u00e4kert?<\/h2>\n\n\n\n<p>Zinamax anses allm\u00e4nt vara ett s\u00e4kert <b>kosttillskott<\/b> f\u00f6r att st\u00f6dja hudens h\u00e4lsa och hj\u00e4lpa till att bek\u00e4mpa akne. De flesta anv\u00e4ndare rapporterar inga <strong>biverkningar<\/strong> tack vare de naturliga ingredienserna, s\u00e5som trikomonadblomsextrakt och laktoferrin med antibakteriella egenskaper. \u00c4nd\u00e5 kan varje behandling orsaka individuella reaktioner, s\u00e5 det \u00e4r v\u00e4rt att \u00f6vervaka ditt v\u00e4lbefinnande n\u00e4r du anv\u00e4nder Zinamax.<\/p>\n\n\n\n<p><b>Kontraindikationer<\/b> i samband med anv\u00e4ndning av Zinamax inkluderar allergier mot n\u00e5gon komponent i preparatet. De som tvivlar p\u00e5 till\u00e4ggets s\u00e4kerhet b\u00f6r konsultera en l\u00e4kare innan behandlingen p\u00e5b\u00f6rjas. Produktens <strong>s\u00e4kerhet<\/strong> bekr\u00e4ftas av dess ingredienser, som st\u00f6der s\u00e5rl\u00e4kningsprocessen och reglerar sebumsekretion.<\/p>\n\n\n\n<p>Tack vare anv\u00e4ndningen av noggrant utvalda naturliga ingredienser \u00e4r Zinamax den perfekta l\u00f6sningen f\u00f6r dem som vill f\u00f6rb\u00e4ttra hudens tillst\u00e5nd p\u00e5 ett s\u00e4kert s\u00e4tt. Zinamax \u00e4r d\u00e4rf\u00f6r ett bra val f\u00f6r den som vill bek\u00e4mpa akne, minska risken f\u00f6r \u00e4rrbildning och eliminera problemet med \u00f6verdriven talgproduktion.<\/p>\n","protected":false},"excerpt":{"rendered":"<p><strong>[date_countdown]<\/strong><\/p>\n<p><img decoding=\"async\" class=\"alignnone wp-image-12507\" src=\"https:\/\/www.vardcentralenhjartatsolna.se\/farmaci\/wp-content\/uploads\/2024\/11\/SAFE-PAY-300x88-1.png\" alt=\"SAFE-PAY-300x88\" width=\"201\" height=\"59\" \/><\/p>\n","protected":false},"featured_media":12077,"comment_status":"open","ping_status":"closed","template":"","meta":{"neve_meta_sidebar":"","neve_meta_container":"","neve_meta_enable_content_width":"","neve_meta_content_width":0,"neve_meta_title_alignment":"","neve_meta_author_avatar":"","neve_post_elements_order":"","neve_meta_disable_header":"","neve_meta_disable_footer":"","neve_meta_disable_title":"","neve_meta_reading_time":""},"product_brand":[],"product_cat":[566],"product_tag":[],"class_list":{"0":"post-12474","1":"product","2":"type-product","3":"status-publish","4":"has-post-thumbnail","6":"product_cat-skonhet","8":"first","9":"instock","10":"sale","11":"shipping-taxable","12":"product-type-external"},"yoast_head":"<!-- This site is optimized with the Yoast SEO plugin v27.4 - https:\/\/yoast.com\/product\/yoast-seo-wordpress\/ -->\n<title>Zinamax - Recension, Pris, Effekter, Apotek, Forum | -50%<\/title>\n<meta name=\"robots\" content=\"index, follow, max-snippet:-1, max-image-preview:large, max-video-preview:-1\" \/>\n<link rel=\"canonical\" href=\"https:\/\/www.vardcentralenhjartatsolna.se\/farmaci\/apt\/zinamax\/\" \/>\n<meta property=\"og:locale\" content=\"sv_SE\" \/>\n<meta property=\"og:type\" content=\"article\" \/>\n<meta property=\"og:title\" content=\"Zinamax - Recension, Pris, Effekter, Apotek, Forum | -50%\" \/>\n<meta property=\"og:url\" content=\"https:\/\/www.vardcentralenhjartatsolna.se\/farmaci\/apt\/zinamax\/\" \/>\n<meta property=\"og:site_name\" content=\"Vardcentralenhjartatsolna\" \/>\n<meta property=\"article:modified_time\" content=\"2024-11-15T18:58:29+00:00\" \/>\n<meta property=\"og:image\" content=\"https:\/\/www.vardcentralenhjartatsolna.se\/farmaci\/wp-content\/uploads\/2024\/11\/Zinamax.jpg\" \/>\n\t<meta property=\"og:image:width\" content=\"768\" \/>\n\t<meta property=\"og:image:height\" content=\"768\" \/>\n\t<meta property=\"og:image:type\" content=\"image\/jpeg\" \/>\n<meta name=\"twitter:card\" content=\"summary_large_image\" \/>\n<meta name=\"twitter:description\" content=\"[date_countdown]\" \/>\n<meta name=\"twitter:label1\" content=\"Ber\u00e4knad l\u00e4stid\" \/>\n\t<meta name=\"twitter:data1\" content=\"1 minut\" \/>\n<script type=\"application\/ld+json\" class=\"yoast-schema-graph\">{\"@context\":\"https:\\\/\\\/schema.org\",\"@graph\":[{\"@type\":\"WebPage\",\"@id\":\"https:\\\/\\\/www.vardcentralenhjartatsolna.se\\\/farmaci\\\/apt\\\/zinamax\\\/\",\"url\":\"https:\\\/\\\/www.vardcentralenhjartatsolna.se\\\/farmaci\\\/apt\\\/zinamax\\\/\",\"name\":\"Zinamax - Recension, Pris, Effekter, Apotek, Forum | -50%\",\"isPartOf\":{\"@id\":\"https:\\\/\\\/www.vardcentralenhjartatsolna.se\\\/farmaci\\\/#website\"},\"primaryImageOfPage\":{\"@id\":\"https:\\\/\\\/www.vardcentralenhjartatsolna.se\\\/farmaci\\\/apt\\\/zinamax\\\/#primaryimage\"},\"image\":{\"@id\":\"https:\\\/\\\/www.vardcentralenhjartatsolna.se\\\/farmaci\\\/apt\\\/zinamax\\\/#primaryimage\"},\"thumbnailUrl\":\"https:\\\/\\\/www.vardcentralenhjartatsolna.se\\\/farmaci\\\/wp-content\\\/uploads\\\/2024\\\/11\\\/Zinamax.jpg\",\"datePublished\":\"2024-11-09T14:08:47+00:00\",\"dateModified\":\"2024-11-15T18:58:29+00:00\",\"breadcrumb\":{\"@id\":\"https:\\\/\\\/www.vardcentralenhjartatsolna.se\\\/farmaci\\\/apt\\\/zinamax\\\/#breadcrumb\"},\"inLanguage\":\"sv-SE\",\"potentialAction\":[{\"@type\":\"ReadAction\",\"target\":[\"https:\\\/\\\/www.vardcentralenhjartatsolna.se\\\/farmaci\\\/apt\\\/zinamax\\\/\"]}]},{\"@type\":\"ImageObject\",\"inLanguage\":\"sv-SE\",\"@id\":\"https:\\\/\\\/www.vardcentralenhjartatsolna.se\\\/farmaci\\\/apt\\\/zinamax\\\/#primaryimage\",\"url\":\"https:\\\/\\\/www.vardcentralenhjartatsolna.se\\\/farmaci\\\/wp-content\\\/uploads\\\/2024\\\/11\\\/Zinamax.jpg\",\"contentUrl\":\"https:\\\/\\\/www.vardcentralenhjartatsolna.se\\\/farmaci\\\/wp-content\\\/uploads\\\/2024\\\/11\\\/Zinamax.jpg\",\"width\":768,\"height\":768},{\"@type\":\"BreadcrumbList\",\"@id\":\"https:\\\/\\\/www.vardcentralenhjartatsolna.se\\\/farmaci\\\/apt\\\/zinamax\\\/#breadcrumb\",\"itemListElement\":[{\"@type\":\"ListItem\",\"position\":1,\"name\":\"Strona g\u0142\u00f3wna\",\"item\":\"https:\\\/\\\/www.vardcentralenhjartatsolna.se\\\/farmaci\\\/\"},{\"@type\":\"ListItem\",\"position\":2,\"name\":\"Produkte\",\"item\":\"https:\\\/\\\/www.vardcentralenhjartatsolna.se\\\/farmaci\\\/\"},{\"@type\":\"ListItem\",\"position\":3,\"name\":\"Zinamax\"}]},{\"@type\":\"WebSite\",\"@id\":\"https:\\\/\\\/www.vardcentralenhjartatsolna.se\\\/farmaci\\\/#website\",\"url\":\"https:\\\/\\\/www.vardcentralenhjartatsolna.se\\\/farmaci\\\/\",\"name\":\"Vardcentralenhjartatsolna\",\"description\":\"\",\"potentialAction\":[{\"@type\":\"SearchAction\",\"target\":{\"@type\":\"EntryPoint\",\"urlTemplate\":\"https:\\\/\\\/www.vardcentralenhjartatsolna.se\\\/farmaci\\\/?s={search_term_string}\"},\"query-input\":{\"@type\":\"PropertyValueSpecification\",\"valueRequired\":true,\"valueName\":\"search_term_string\"}}],\"inLanguage\":\"sv-SE\"}]}<\/script>\n<!-- \/ Yoast SEO plugin. -->","yoast_head_json":{"title":"Zinamax - Recension, Pris, Effekter, Apotek, Forum | -50%","robots":{"index":"index","follow":"follow","max-snippet":"max-snippet:-1","max-image-preview":"max-image-preview:large","max-video-preview":"max-video-preview:-1"},"canonical":"https:\/\/www.vardcentralenhjartatsolna.se\/farmaci\/apt\/zinamax\/","og_locale":"sv_SE","og_type":"article","og_title":"Zinamax - Recension, Pris, Effekter, Apotek, Forum | -50%","og_url":"https:\/\/www.vardcentralenhjartatsolna.se\/farmaci\/apt\/zinamax\/","og_site_name":"Vardcentralenhjartatsolna","article_modified_time":"2024-11-15T18:58:29+00:00","og_image":[{"width":768,"height":768,"url":"https:\/\/www.vardcentralenhjartatsolna.se\/farmaci\/wp-content\/uploads\/2024\/11\/Zinamax.jpg","type":"image\/jpeg"}],"twitter_card":"summary_large_image","twitter_description":"[date_countdown]","twitter_misc":{"Ber\u00e4knad l\u00e4stid":"1 minut"},"schema":{"@context":"https:\/\/schema.org","@graph":[{"@type":"WebPage","@id":"https:\/\/www.vardcentralenhjartatsolna.se\/farmaci\/apt\/zinamax\/","url":"https:\/\/www.vardcentralenhjartatsolna.se\/farmaci\/apt\/zinamax\/","name":"Zinamax - Recension, Pris, Effekter, Apotek, Forum | -50%","isPartOf":{"@id":"https:\/\/www.vardcentralenhjartatsolna.se\/farmaci\/#website"},"primaryImageOfPage":{"@id":"https:\/\/www.vardcentralenhjartatsolna.se\/farmaci\/apt\/zinamax\/#primaryimage"},"image":{"@id":"https:\/\/www.vardcentralenhjartatsolna.se\/farmaci\/apt\/zinamax\/#primaryimage"},"thumbnailUrl":"https:\/\/www.vardcentralenhjartatsolna.se\/farmaci\/wp-content\/uploads\/2024\/11\/Zinamax.jpg","datePublished":"2024-11-09T14:08:47+00:00","dateModified":"2024-11-15T18:58:29+00:00","breadcrumb":{"@id":"https:\/\/www.vardcentralenhjartatsolna.se\/farmaci\/apt\/zinamax\/#breadcrumb"},"inLanguage":"sv-SE","potentialAction":[{"@type":"ReadAction","target":["https:\/\/www.vardcentralenhjartatsolna.se\/farmaci\/apt\/zinamax\/"]}]},{"@type":"ImageObject","inLanguage":"sv-SE","@id":"https:\/\/www.vardcentralenhjartatsolna.se\/farmaci\/apt\/zinamax\/#primaryimage","url":"https:\/\/www.vardcentralenhjartatsolna.se\/farmaci\/wp-content\/uploads\/2024\/11\/Zinamax.jpg","contentUrl":"https:\/\/www.vardcentralenhjartatsolna.se\/farmaci\/wp-content\/uploads\/2024\/11\/Zinamax.jpg","width":768,"height":768},{"@type":"BreadcrumbList","@id":"https:\/\/www.vardcentralenhjartatsolna.se\/farmaci\/apt\/zinamax\/#breadcrumb","itemListElement":[{"@type":"ListItem","position":1,"name":"Strona g\u0142\u00f3wna","item":"https:\/\/www.vardcentralenhjartatsolna.se\/farmaci\/"},{"@type":"ListItem","position":2,"name":"Produkte","item":"https:\/\/www.vardcentralenhjartatsolna.se\/farmaci\/"},{"@type":"ListItem","position":3,"name":"Zinamax"}]},{"@type":"WebSite","@id":"https:\/\/www.vardcentralenhjartatsolna.se\/farmaci\/#website","url":"https:\/\/www.vardcentralenhjartatsolna.se\/farmaci\/","name":"Vardcentralenhjartatsolna","description":"","potentialAction":[{"@type":"SearchAction","target":{"@type":"EntryPoint","urlTemplate":"https:\/\/www.vardcentralenhjartatsolna.se\/farmaci\/?s={search_term_string}"},"query-input":{"@type":"PropertyValueSpecification","valueRequired":true,"valueName":"search_term_string"}}],"inLanguage":"sv-SE"}]}},"_links":{"self":[{"href":"https:\/\/www.vardcentralenhjartatsolna.se\/farmaci\/wp-json\/wp\/v2\/product\/12474","targetHints":{"allow":["GET"]}}],"collection":[{"href":"https:\/\/www.vardcentralenhjartatsolna.se\/farmaci\/wp-json\/wp\/v2\/product"}],"about":[{"href":"https:\/\/www.vardcentralenhjartatsolna.se\/farmaci\/wp-json\/wp\/v2\/types\/product"}],"replies":[{"embeddable":true,"href":"https:\/\/www.vardcentralenhjartatsolna.se\/farmaci\/wp-json\/wp\/v2\/comments?post=12474"}],"wp:featuredmedia":[{"embeddable":true,"href":"https:\/\/www.vardcentralenhjartatsolna.se\/farmaci\/wp-json\/wp\/v2\/media\/12077"}],"wp:attachment":[{"href":"https:\/\/www.vardcentralenhjartatsolna.se\/farmaci\/wp-json\/wp\/v2\/media?parent=12474"}],"wp:term":[{"taxonomy":"product_brand","embeddable":true,"href":"https:\/\/www.vardcentralenhjartatsolna.se\/farmaci\/wp-json\/wp\/v2\/product_brand?post=12474"},{"taxonomy":"product_cat","embeddable":true,"href":"https:\/\/www.vardcentralenhjartatsolna.se\/farmaci\/wp-json\/wp\/v2\/product_cat?post=12474"},{"taxonomy":"product_tag","embeddable":true,"href":"https:\/\/www.vardcentralenhjartatsolna.se\/farmaci\/wp-json\/wp\/v2\/product_tag?post=12474"}],"curies":[{"name":"wp","href":"https:\/\/api.w.org\/{rel}","templated":true}]}}