{"id":12473,"date":"2024-11-09T15:08:47","date_gmt":"2024-11-09T14:08:47","guid":{"rendered":"https:\/\/blodsjukdom.se\/farmaci\/apt\/restilen\/"},"modified":"2024-11-15T18:20:19","modified_gmt":"2024-11-15T17:20:19","slug":"restilen","status":"publish","type":"product","link":"https:\/\/www.vardcentralenhjartatsolna.se\/farmaci\/apt\/restilen\/","title":{"rendered":"Restilen"},"content":{"rendered":"\n<h2 class=\"wp-block-heading\">Vad \u00e4r Restilen och hur fungerar det?<\/h2>\n\n\n\n<p><b>Restilen<\/b> \u00e4r ett kosttillskott som \u00e4r utformat f\u00f6r personer som k\u00e4mpar med dagliga stress- och \u00e5ngestsymtom. Vad <b>\u00e4r Restilen<\/b>? Det \u00e4r en produkt baserad p\u00e5 naturliga ingredienser som hj\u00e4lper kroppen att bek\u00e4mpa de negativa effekterna av stress. Ingredienserna inkluderar ashwagandha rotextrakt, citronmeliss och bockhornskl\u00f6ver.<\/p>\n\n\n\n<p><b>Effekten av Restilen<\/b> baseras p\u00e5 den synergistiska effekten av dessa komponenter. <em>Ashwagandha<\/em>, som \u00e4r k\u00e4nd som en adaptogen, hj\u00e4lper kroppen att anpassa sig till stress, medan <em>citronmeliss<\/em> har lugnande egenskaper, vilket bidrar till en f\u00f6rb\u00e4ttrad s\u00f6mnkvalitet. <em>Bockhornskl\u00f6ver<\/em>, \u00e5 andra sidan, bidrar till att minska tr\u00f6tthetsk\u00e4nslor och \u00f6kar den \u00f6vergripande immuniteten.<\/p>\n\n\n\n<p>Regelbunden anv\u00e4ndning av stresstillskottet kan ge lindring av symtom som muskelsp\u00e4nningar, nervositet eller huvudv\u00e4rk. Tack vare den unika kombinationen av ingredienser blir Restilen ett intressant st\u00f6d f\u00f6r den som vill klara av vardagens sv\u00e5righeter.<\/p>\n\n\n\n<figure class=\"wp-block-table\"><table class=\"has-fixed-layout\"><tbody><tr><th>Ingrediens<\/th><th>Effekt<\/th><\/tr><tr><td><em>Ashwagandha<\/em><\/td><td>Adaptogen f\u00f6r stressreduktion<\/td><\/tr><tr><td><em>Melissa<\/em><\/td><td>Har en lugnande effekt och f\u00f6rb\u00e4ttrar s\u00f6mnkvaliteten<\/td><\/tr><tr><td><em>Bockhornskl\u00f6ver<\/em><\/td><td>Minskar tr\u00f6tthet och st\u00f6der kroppen<\/td><\/tr><\/tbody><\/table><\/figure>\n\n\n\n<h2 class=\"wp-block-heading\">Vilka \u00e4r effekterna av Restilen?<\/h2>\n\n\n\n<p><b>Effekterna<\/b> av Restilen har m\u00e5nga <b>f\u00f6rdelar<\/b> f\u00f6r personer som k\u00e4mpar med stress. Regelbunden anv\u00e4ndning av detta tillskott bidrar till att minska stressymtom som nervositet och sp\u00e4nningar. Tack vare sin adaptogena verkan g\u00f6r Restilen det m\u00f6jligt f\u00f6r kroppen att b\u00e4ttre hantera dagliga utmaningar, vilket \u00f6kar kroppens motst\u00e5ndskraft mot stressfaktorer.<\/p>\n\n\n\n<p>Aktiva ingredienser som extrakt av Ashwagandha-rot och kinesiska teblad bidrar till att minska tr\u00f6tthet. Anv\u00e4ndarna m\u00e4rker en f\u00f6rb\u00e4ttring av deras allm\u00e4nna v\u00e4lbefinnande, vilket \u00e4r s\u00e4rskilt viktigt vid tider med intensiv mental och fysisk anstr\u00e4ngning. Det \u00e4r v\u00e4rt att notera att <b>effekterna av Restilen<\/b> kan k\u00e4nnas efter bara 1-2 veckors regelbundet intag.<\/p>\n\n\n\n<blockquote class=\"wp-block-quote is-layout-flow wp-block-quote-is-layout-flow\">\n<p>&#8221;Jag har alltid haft sv\u00e5rt att kontrollera stress p\u00e5 jobbet. Efter att ha tagit Restilen i n\u00e5gra veckor m\u00e4rkte jag en betydande f\u00f6rb\u00e4ttring av mitt hum\u00f6r och min koncentrationsf\u00f6rm\u00e5ga.&#8221; &#8211; Kasia<\/p>\n<\/blockquote>\n\n\n\n<p>Alla <b>f\u00f6rdelar<\/b> med att ta Restilen regelbundet \u00e4r resultatet av synergin mellan dess ingredienser. F\u00f6rutom att minska stress st\u00f6der tillskottet s\u00f6mnkvaliteten och f\u00f6rb\u00e4ttrar immunsystemets funktion. Den naturliga sammans\u00e4ttningen minimerar risken f\u00f6r biverkningar, vilket g\u00f6r Restilen till ett s\u00e4kert val f\u00f6r m\u00e5nga m\u00e4nniskor.<\/p>\n\n\n\n<figure class=\"wp-block-table\"><table class=\"has-fixed-layout\"><tbody><tr><th>F\u00f6rdel<\/th><th>Beskrivning<\/th><\/tr><tr><td>Reducering av stress<\/td><td>Hj\u00e4lper till att minimera stressymptom som sp\u00e4nningar och nervositet.<\/td><\/tr><tr><td>F\u00f6rb\u00e4ttrar hum\u00f6ret<\/td><td>Har en st\u00f6djande effekt p\u00e5 hum\u00f6ret, vilket p\u00e5verkar livskvaliteten.<\/td><\/tr><tr><td>St\u00f6d f\u00f6r immunf\u00f6rsvaret<\/td><td>Ger en boost till immunf\u00f6rsvaret, vilket \u00e4r viktigt i tider av stress.<\/td><\/tr><tr><td>F\u00f6rb\u00e4ttrar s\u00f6mnkvaliteten<\/td><td>Underl\u00e4ttar insomnandet och bidrar till djupare s\u00f6mn.<\/td><\/tr><tr><td>Minskar tr\u00f6tthet<\/td><td>Hj\u00e4lper till att bek\u00e4mpa tr\u00f6tthetsk\u00e4nslor, s\u00e4rskilt under sv\u00e5ra perioder.<\/td><\/tr><\/tbody><\/table><\/figure>\n\n\n\n<p><b>Effekterna av Restilen<\/b> passar in i behovet av b\u00e5de mentalt och fysiskt st\u00f6d under stressiga tider. Kunder som v\u00e4ljer detta tillskott uppskattar inte bara dess <b>effekter<\/b> utan ocks\u00e5 komforten med att ta det. Tack vare sina naturliga ingredienser blir Restilen ett alltmer popul\u00e4rt alternativ p\u00e5 marknaden f\u00f6r kosttillskott.<\/p>\n\n\n\n<h2 class=\"wp-block-heading\">Hur man anv\u00e4nder Restilen &#8211; Instruktioner f\u00f6r anv\u00e4ndning och dosering<\/h2>\n\n\n\n<p><b>Anv\u00e4ndningen<\/b> av Restilen \u00e4r ett nyckelelement som p\u00e5verkar tillskottets effektivitet. Den rekommenderade <b>dosen<\/b> \u00e4r tv\u00e5 kapslar per dag. Det \u00e4r en bra id\u00e9 att anpassa dessa indikationer till dina egna behov och att konsultera din l\u00e4kare om det finns n\u00e5gra tvivel. Att ta produkten regelbundet g\u00f6r att du kan uppn\u00e5 stabila och varaktiga resultat.<\/p>\n\n\n\n<p><b>Instruktionerna<\/b> f\u00f6r att ta Restilen \u00e4r enkla. Kapslarna kan tas n\u00e4r som helst p\u00e5 dygnet, \u00e4ven om m\u00e5nga anv\u00e4ndare f\u00f6redrar att ta dem p\u00e5 morgonen eller kv\u00e4llen. F\u00f6r stressiga situationer rekommenderas att de tas under perioder med \u00f6kad k\u00e4nslom\u00e4ssig eller mental sp\u00e4nning. Regelbunden anv\u00e4ndning av Restilen bidrar avsev\u00e4rt till att minimera de negativa effekterna av stress.<\/p>\n\n\n\n<figure class=\"wp-block-table\"><table class=\"has-fixed-layout\"><tbody><tr><th>Typ av anv\u00e4ndning<\/th><th>Dosering<\/th><th>Syfte<\/th><\/tr><tr><td>Dagligen<\/td><td>2 kapslar dagligen<\/td><td>F\u00f6rebyggande av stress, f\u00f6rb\u00e4ttring av hum\u00f6ret<\/td><\/tr><tr><td>I stressiga situationer<\/td><td>2 kapslar vid behov<\/td><td>Stressreducering, st\u00f6d i sv\u00e5ra stunder<\/td><\/tr><\/tbody><\/table><\/figure>\n\n\n\n<p>Kom ih\u00e5g att <b>s\u00e4kerheten f\u00f6r<\/b> Restilen \u00e4r en prioritet, s\u00e5 det \u00e4r alltid tillr\u00e5dligt att konsultera en specialist f\u00f6r <b>dosering<\/b>. M\u00e5let \u00e4r att uppn\u00e5 maximala <b>f\u00f6rdelar f\u00f6r<\/b> h\u00e4lsa och mental h\u00e4lsa i samband med regelbunden anv\u00e4ndning av tillskottet.<\/p>\n\n\n\n<h2 class=\"wp-block-heading\">Restilen &#8211; Anv\u00e4ndarrecensioner, forum &#8211; Vad s\u00e4ger anv\u00e4ndarna?<\/h2>\n\n\n\n<p>Restilen har vunnit erk\u00e4nnande bland m\u00e5nga m\u00e4nniskor som letar efter naturligt st\u00f6d i kampen mot stress. I onlineforum delar anv\u00e4ndarna regelbundet sina erfarenheter av detta till\u00e4gg, vilket ger v\u00e4rdefull information om dess effektivitet. Positiv <b>feedback fr\u00e5n Restilen-anv\u00e4ndare<\/b> kan ofta hittas.<\/p>\n\n\n\n<blockquote class=\"wp-block-quote is-layout-flow wp-block-quote-is-layout-flow\">\n<p>&#8221;Jag hade k\u00e4mpat med kronisk stress och s\u00f6mnproblem under l\u00e5ng tid. Jag best\u00e4mde mig f\u00f6r att ta Restilen och det var en hit! Sedan jag b\u00f6rjade ta det har jag m\u00e4rkt en betydande f\u00f6rb\u00e4ttring av s\u00f6mnkvaliteten och en \u00f6vergripande avslappning. Jag kan \u00e4ntligen njuta av min dag utan on\u00f6diga sp\u00e4nningar.&#8221; &#8211; Anna<\/p>\n<\/blockquote>\n\n\n\n<p>Anv\u00e4ndarrecensioner pekar ofta p\u00e5 positiva f\u00f6r\u00e4ndringar i deras dagliga liv. Anv\u00e4ndarna lyfter fram hur Restilen har p\u00e5verkat deras f\u00f6rm\u00e5ga att hantera stress.<\/p>\n\n\n\n<blockquote class=\"wp-block-quote is-layout-flow wp-block-quote-is-layout-flow\">\n<p>&#8221;Att arbeta i en intensiv f\u00f6retagsmilj\u00f6 gjorde mig ofta nerv\u00f6s. Sedan jag b\u00f6rjade ta Restilen k\u00e4nner jag mig mycket mer avslappnad och stresst\u00e5lig. Mitt s\u00e4tt att hantera arbetsutmaningar har definitivt f\u00f6rb\u00e4ttrats. Jag rekommenderar starkt detta tillskott!&#8221; &#8211; Marcin<\/p>\n<\/blockquote>\n\n\n\n<p>P\u00e5 <b>forumet<\/b> kan du hitta m\u00e5nga fall d\u00e4r Restilen har hj\u00e4lpt anv\u00e4ndare i sv\u00e5ra livssituationer. Deras <b>erfarenheter<\/b> ger en positiv bild av denna produkt.<\/p>\n\n\n\n<blockquote class=\"wp-block-quote is-layout-flow wp-block-quote-is-layout-flow\">\n<p>&#8221;Som mamma till tv\u00e5 sm\u00e5 barn f\u00f6ljer stress med mig dagligen. Med hj\u00e4lp av Restilen har jag lyckats h\u00e5lla mig lugn i de sv\u00e5raste stunderna. Jag m\u00e5r b\u00e4ttre och har mer energi att leka med mina barn, vilket \u00e4r det viktigaste f\u00f6r mig.&#8221; &#8211; Catherine<\/p>\n<\/blockquote>\n\n\n\n<p>All denna <b>feedback fr\u00e5n Restilen-anv\u00e4ndare<\/b> p\u00e5 <b>forumet<\/b> bekr\u00e4ftar hur viktigt st\u00f6det fr\u00e5n tillskottet \u00e4r i vardagen. Tack vare sina erfarenheter kan m\u00e4nniskor som k\u00e4mpar med stress fatta ett v\u00e4lgrundat beslut att n\u00e5 den h\u00e4r produkten.<\/p>\n\n\n\n<h2 class=\"wp-block-heading\">Restilen &#8211; Sammans\u00e4ttning &#8211; Vad inneh\u00e5ller den?<\/h2>\n\n\n\n<p>Restilen \u00e4r ett kosttillskott baserat p\u00e5 naturliga aktiva ingredienser, utformat f\u00f6r personer som upplever stress. Restilen inneh\u00e5ller noggrant utvalda <em>naturliga ingredienser<\/em> som hj\u00e4lper kroppen att hantera k\u00e4nslom\u00e4ssig sp\u00e4nning, s\u00f6mnproblem och kronisk \u00e5ngest.<\/p>\n\n\n\n<figure class=\"wp-block-table\"><table class=\"has-fixed-layout\"><tbody><tr><th>Ingrediens<\/th><th>Effekt<\/th><th>M\u00e4ngd per portion<\/th><\/tr><tr><td>Serenzo\u2122<\/td><td>Minskar stress, f\u00f6rb\u00e4ttrar hum\u00f6ret<\/td><td>500.00 mg<\/td><\/tr><tr><td>Rhodiolife<\/td><td>F\u00f6rb\u00e4ttrar motst\u00e5ndskraften mot stress, ger energi<\/td><td>100.00 mg<\/td><\/tr><tr><td>Saffr&#8217;Activ\u00ae<\/td><td>Lindrar \u00e5ngest, st\u00f6djer vilsam s\u00f6mn<\/td><td>30.00 mg<\/td><\/tr><tr><td>SOD B Extramel<\/td><td>St\u00f6djer regenerering av kroppen<\/td><td>10.00 mg<\/td><\/tr><tr><td>Extrakt av kinesiskt te<\/td><td>F\u00f6rb\u00e4ttrar hum\u00f6ret, minskar stress<\/td><td>50.00 mg<\/td><\/tr><tr><td>B-vitaminer<\/td><td>St\u00f6d f\u00f6r nervsystemet och det mentala systemet<\/td><td>I olika m\u00e4ngder<\/td><\/tr><tr><td>Magnesium (Aquamin\u2122 Mg)<\/td><td>Minskar tr\u00f6tthet, st\u00f6djer mental funktion<\/td><td>75.00 mg<\/td><\/tr><\/tbody><\/table><\/figure>\n\n\n\n<p>Regelbunden <b>anv\u00e4ndning<\/b> av <b>Restilen<\/b> kan leda till minskad stress och f\u00f6rb\u00e4ttrad s\u00f6mnkvalitet. Tillverkaren rekommenderar att man tar tv\u00e5 kapslar per dag f\u00f6r att f\u00e5 optimal <b>effekt av<\/b> ingredienserna. Restilens naturliga <em>sammans\u00e4ttning<\/em> och <b>s\u00e4kra<\/b> anv\u00e4ndning g\u00f6r det till ett intressant val f\u00f6r dem som letar efter st\u00f6d under sv\u00e5ra tider.<\/p>\n\n\n\n<h2 class=\"wp-block-heading\">Var kan man k\u00f6pa och hur mycket kostar Restilen &#8211; pris<\/h2>\n\n\n\n<p>Restilen \u00e4r endast tillg\u00e4nglig <em>p\u00e5 tillverkarens officiella webbplats<\/em>, vilket s\u00e4kerst\u00e4ller produktens originalitet och s\u00e4kerheten vid k\u00f6pet. Det finns inte p\u00e5 station\u00e4ra apotek, vilket g\u00f6r online-shopping till det enda alternativet f\u00f6r intresserade. Den \u00f6ppenhet som erbjuds uppskattas, eftersom k\u00f6p direkt fr\u00e5n <em>den officiella tillverkaren<\/em> garanterar till\u00e4ggets kvalitet och effektivitet.<\/p>\n\n\n\n<p><b>Priset<\/b> p\u00e5 Restilen varierar beroende p\u00e5 tillg\u00e4ngliga kampanjer. Attraktiva erbjudanden kan regelbundet hittas, vilket inte bara minskar ink\u00f6pskostnaderna utan ocks\u00e5 kan inneh\u00e5lla extra i form av gratis f\u00f6rpackningar n\u00e4r du best\u00e4ller en st\u00f6rre m\u00e4ngd. Det \u00e4r d\u00e4rf\u00f6r v\u00e4rt att kontrollera regelbundet f\u00f6r aktuella kampanjer p\u00e5 tillverkarens webbplats.<\/p>\n\n\n\n<p>Orderhanteringen \u00e4r snabb, vilket inneb\u00e4r att produkterna levereras inom 1-3 arbetsdagar. F\u00f6r m\u00e4nniskor som letar efter effektiva l\u00f6sningar f\u00f6r stress och v\u00e4lbefinnande \u00e4r <em>var man kan k\u00f6pa Restilen<\/em> en av de viktigaste fr\u00e5gorna. Att k\u00f6pa fr\u00e5n tillverkarens webbplats \u00e4r det bekv\u00e4maste och s\u00e4kraste alternativet.<\/p>\n\n\n\n<h2 class=\"wp-block-heading\">Restilen &#8211; Biverkningar och kontraindikationer &#8211; S\u00e4kerhet vid anv\u00e4ndning<\/h2>\n\n\n\n<p>Restilen \u00e4r baserat p\u00e5 naturliga ingredienser och ger en h\u00f6g s\u00e4kerhetsniv\u00e5 f\u00f6r anv\u00e4ndning, vilket minimerar risken f\u00f6r biverkningar. Det \u00e4r dock viktigt att de som \u00e4r allergiska mot n\u00e5gon ingrediens i produktformeln r\u00e5dg\u00f6r med sin l\u00e4kare innan de p\u00e5b\u00f6rjar tillskott. Detta \u00f6kar <b>s\u00e4kerheten<\/b> och minskar sannolikheten f\u00f6r biverkningar.<\/p>\n\n\n\n<p>Dessutom b\u00f6r gravida och ammande kvinnor ocks\u00e5 diskutera beslutet att anv\u00e4nda Restilen med en l\u00e4kare. Det \u00e4r viktigt att komma ih\u00e5g att \u00e4ven om ingredienserna i formeln \u00e4r naturliga, b\u00f6r alla tillskott baseras p\u00e5 samr\u00e5d med l\u00e4kare f\u00f6r att undvika potentiella kontraindikationer.<\/p>\n\n\n\n<p>Det \u00e4r v\u00e4rt att betona att kosttillskott som Restilen inte ers\u00e4tter en h\u00e4lsosam kost eller en aktiv livsstil. Anv\u00e4ndningen b\u00f6r betraktas som ett st\u00f6d i str\u00e4van efter b\u00e4ttre v\u00e4lbefinnande och inte som den enda delen av en h\u00e4lsosam livsstil. R\u00e4tt inst\u00e4llning till h\u00e4lsa \u00e4r nyckeln till l\u00e5ngsiktiga resultat.<\/p>\n","protected":false},"excerpt":{"rendered":"<p><strong>[date_countdown]<\/strong><\/p>\n<p><img decoding=\"async\" class=\"alignnone wp-image-12507\" src=\"https:\/\/www.vardcentralenhjartatsolna.se\/farmaci\/wp-content\/uploads\/2024\/11\/SAFE-PAY-300x88-1.png\" alt=\"SAFE-PAY-300x88\" width=\"201\" height=\"59\" \/><\/p>\n","protected":false},"featured_media":12073,"comment_status":"open","ping_status":"closed","template":"","meta":{"neve_meta_sidebar":"","neve_meta_container":"","neve_meta_enable_content_width":"","neve_meta_content_width":0,"neve_meta_title_alignment":"","neve_meta_author_avatar":"","neve_post_elements_order":"","neve_meta_disable_header":"","neve_meta_disable_footer":"","neve_meta_disable_title":"","neve_meta_reading_time":""},"product_brand":[],"product_cat":[565],"product_tag":[],"class_list":{"0":"post-12473","1":"product","2":"type-product","3":"status-publish","4":"has-post-thumbnail","6":"product_cat-halsa","8":"first","9":"instock","10":"sale","11":"shipping-taxable","12":"product-type-external"},"yoast_head":"<!-- This site is optimized with the Yoast SEO plugin v27.4 - https:\/\/yoast.com\/product\/yoast-seo-wordpress\/ -->\n<title>Restilen - Recension, Pris, Effekter, Apotek, Forum | -50%<\/title>\n<meta name=\"robots\" content=\"index, follow, max-snippet:-1, max-image-preview:large, max-video-preview:-1\" \/>\n<link rel=\"canonical\" href=\"https:\/\/www.vardcentralenhjartatsolna.se\/farmaci\/apt\/restilen\/\" \/>\n<meta property=\"og:locale\" content=\"sv_SE\" \/>\n<meta property=\"og:type\" content=\"article\" \/>\n<meta property=\"og:title\" content=\"Restilen - Recension, Pris, Effekter, Apotek, Forum | -50%\" \/>\n<meta property=\"og:url\" content=\"https:\/\/www.vardcentralenhjartatsolna.se\/farmaci\/apt\/restilen\/\" \/>\n<meta property=\"og:site_name\" content=\"Vardcentralenhjartatsolna\" \/>\n<meta property=\"article:modified_time\" content=\"2024-11-15T17:20:19+00:00\" \/>\n<meta property=\"og:image\" content=\"https:\/\/www.vardcentralenhjartatsolna.se\/farmaci\/wp-content\/uploads\/2024\/11\/Restilen.jpg\" \/>\n\t<meta property=\"og:image:width\" content=\"768\" \/>\n\t<meta property=\"og:image:height\" content=\"768\" \/>\n\t<meta property=\"og:image:type\" content=\"image\/jpeg\" \/>\n<meta name=\"twitter:card\" content=\"summary_large_image\" \/>\n<meta name=\"twitter:description\" content=\"[date_countdown]\" \/>\n<meta name=\"twitter:label1\" content=\"Ber\u00e4knad l\u00e4stid\" \/>\n\t<meta name=\"twitter:data1\" content=\"1 minut\" \/>\n<script type=\"application\/ld+json\" class=\"yoast-schema-graph\">{\"@context\":\"https:\\\/\\\/schema.org\",\"@graph\":[{\"@type\":\"WebPage\",\"@id\":\"https:\\\/\\\/www.vardcentralenhjartatsolna.se\\\/farmaci\\\/apt\\\/restilen\\\/\",\"url\":\"https:\\\/\\\/www.vardcentralenhjartatsolna.se\\\/farmaci\\\/apt\\\/restilen\\\/\",\"name\":\"Restilen - Recension, Pris, Effekter, Apotek, Forum | -50%\",\"isPartOf\":{\"@id\":\"https:\\\/\\\/www.vardcentralenhjartatsolna.se\\\/farmaci\\\/#website\"},\"primaryImageOfPage\":{\"@id\":\"https:\\\/\\\/www.vardcentralenhjartatsolna.se\\\/farmaci\\\/apt\\\/restilen\\\/#primaryimage\"},\"image\":{\"@id\":\"https:\\\/\\\/www.vardcentralenhjartatsolna.se\\\/farmaci\\\/apt\\\/restilen\\\/#primaryimage\"},\"thumbnailUrl\":\"https:\\\/\\\/www.vardcentralenhjartatsolna.se\\\/farmaci\\\/wp-content\\\/uploads\\\/2024\\\/11\\\/Restilen.jpg\",\"datePublished\":\"2024-11-09T14:08:47+00:00\",\"dateModified\":\"2024-11-15T17:20:19+00:00\",\"breadcrumb\":{\"@id\":\"https:\\\/\\\/www.vardcentralenhjartatsolna.se\\\/farmaci\\\/apt\\\/restilen\\\/#breadcrumb\"},\"inLanguage\":\"sv-SE\",\"potentialAction\":[{\"@type\":\"ReadAction\",\"target\":[\"https:\\\/\\\/www.vardcentralenhjartatsolna.se\\\/farmaci\\\/apt\\\/restilen\\\/\"]}]},{\"@type\":\"ImageObject\",\"inLanguage\":\"sv-SE\",\"@id\":\"https:\\\/\\\/www.vardcentralenhjartatsolna.se\\\/farmaci\\\/apt\\\/restilen\\\/#primaryimage\",\"url\":\"https:\\\/\\\/www.vardcentralenhjartatsolna.se\\\/farmaci\\\/wp-content\\\/uploads\\\/2024\\\/11\\\/Restilen.jpg\",\"contentUrl\":\"https:\\\/\\\/www.vardcentralenhjartatsolna.se\\\/farmaci\\\/wp-content\\\/uploads\\\/2024\\\/11\\\/Restilen.jpg\",\"width\":768,\"height\":768},{\"@type\":\"BreadcrumbList\",\"@id\":\"https:\\\/\\\/www.vardcentralenhjartatsolna.se\\\/farmaci\\\/apt\\\/restilen\\\/#breadcrumb\",\"itemListElement\":[{\"@type\":\"ListItem\",\"position\":1,\"name\":\"Strona g\u0142\u00f3wna\",\"item\":\"https:\\\/\\\/www.vardcentralenhjartatsolna.se\\\/farmaci\\\/\"},{\"@type\":\"ListItem\",\"position\":2,\"name\":\"Produkte\",\"item\":\"https:\\\/\\\/www.vardcentralenhjartatsolna.se\\\/farmaci\\\/\"},{\"@type\":\"ListItem\",\"position\":3,\"name\":\"Restilen\"}]},{\"@type\":\"WebSite\",\"@id\":\"https:\\\/\\\/www.vardcentralenhjartatsolna.se\\\/farmaci\\\/#website\",\"url\":\"https:\\\/\\\/www.vardcentralenhjartatsolna.se\\\/farmaci\\\/\",\"name\":\"Vardcentralenhjartatsolna\",\"description\":\"\",\"potentialAction\":[{\"@type\":\"SearchAction\",\"target\":{\"@type\":\"EntryPoint\",\"urlTemplate\":\"https:\\\/\\\/www.vardcentralenhjartatsolna.se\\\/farmaci\\\/?s={search_term_string}\"},\"query-input\":{\"@type\":\"PropertyValueSpecification\",\"valueRequired\":true,\"valueName\":\"search_term_string\"}}],\"inLanguage\":\"sv-SE\"}]}<\/script>\n<!-- \/ Yoast SEO plugin. -->","yoast_head_json":{"title":"Restilen - Recension, Pris, Effekter, Apotek, Forum | -50%","robots":{"index":"index","follow":"follow","max-snippet":"max-snippet:-1","max-image-preview":"max-image-preview:large","max-video-preview":"max-video-preview:-1"},"canonical":"https:\/\/www.vardcentralenhjartatsolna.se\/farmaci\/apt\/restilen\/","og_locale":"sv_SE","og_type":"article","og_title":"Restilen - Recension, Pris, Effekter, Apotek, Forum | -50%","og_url":"https:\/\/www.vardcentralenhjartatsolna.se\/farmaci\/apt\/restilen\/","og_site_name":"Vardcentralenhjartatsolna","article_modified_time":"2024-11-15T17:20:19+00:00","og_image":[{"width":768,"height":768,"url":"https:\/\/www.vardcentralenhjartatsolna.se\/farmaci\/wp-content\/uploads\/2024\/11\/Restilen.jpg","type":"image\/jpeg"}],"twitter_card":"summary_large_image","twitter_description":"[date_countdown]","twitter_misc":{"Ber\u00e4knad l\u00e4stid":"1 minut"},"schema":{"@context":"https:\/\/schema.org","@graph":[{"@type":"WebPage","@id":"https:\/\/www.vardcentralenhjartatsolna.se\/farmaci\/apt\/restilen\/","url":"https:\/\/www.vardcentralenhjartatsolna.se\/farmaci\/apt\/restilen\/","name":"Restilen - Recension, Pris, Effekter, Apotek, Forum | -50%","isPartOf":{"@id":"https:\/\/www.vardcentralenhjartatsolna.se\/farmaci\/#website"},"primaryImageOfPage":{"@id":"https:\/\/www.vardcentralenhjartatsolna.se\/farmaci\/apt\/restilen\/#primaryimage"},"image":{"@id":"https:\/\/www.vardcentralenhjartatsolna.se\/farmaci\/apt\/restilen\/#primaryimage"},"thumbnailUrl":"https:\/\/www.vardcentralenhjartatsolna.se\/farmaci\/wp-content\/uploads\/2024\/11\/Restilen.jpg","datePublished":"2024-11-09T14:08:47+00:00","dateModified":"2024-11-15T17:20:19+00:00","breadcrumb":{"@id":"https:\/\/www.vardcentralenhjartatsolna.se\/farmaci\/apt\/restilen\/#breadcrumb"},"inLanguage":"sv-SE","potentialAction":[{"@type":"ReadAction","target":["https:\/\/www.vardcentralenhjartatsolna.se\/farmaci\/apt\/restilen\/"]}]},{"@type":"ImageObject","inLanguage":"sv-SE","@id":"https:\/\/www.vardcentralenhjartatsolna.se\/farmaci\/apt\/restilen\/#primaryimage","url":"https:\/\/www.vardcentralenhjartatsolna.se\/farmaci\/wp-content\/uploads\/2024\/11\/Restilen.jpg","contentUrl":"https:\/\/www.vardcentralenhjartatsolna.se\/farmaci\/wp-content\/uploads\/2024\/11\/Restilen.jpg","width":768,"height":768},{"@type":"BreadcrumbList","@id":"https:\/\/www.vardcentralenhjartatsolna.se\/farmaci\/apt\/restilen\/#breadcrumb","itemListElement":[{"@type":"ListItem","position":1,"name":"Strona g\u0142\u00f3wna","item":"https:\/\/www.vardcentralenhjartatsolna.se\/farmaci\/"},{"@type":"ListItem","position":2,"name":"Produkte","item":"https:\/\/www.vardcentralenhjartatsolna.se\/farmaci\/"},{"@type":"ListItem","position":3,"name":"Restilen"}]},{"@type":"WebSite","@id":"https:\/\/www.vardcentralenhjartatsolna.se\/farmaci\/#website","url":"https:\/\/www.vardcentralenhjartatsolna.se\/farmaci\/","name":"Vardcentralenhjartatsolna","description":"","potentialAction":[{"@type":"SearchAction","target":{"@type":"EntryPoint","urlTemplate":"https:\/\/www.vardcentralenhjartatsolna.se\/farmaci\/?s={search_term_string}"},"query-input":{"@type":"PropertyValueSpecification","valueRequired":true,"valueName":"search_term_string"}}],"inLanguage":"sv-SE"}]}},"_links":{"self":[{"href":"https:\/\/www.vardcentralenhjartatsolna.se\/farmaci\/wp-json\/wp\/v2\/product\/12473","targetHints":{"allow":["GET"]}}],"collection":[{"href":"https:\/\/www.vardcentralenhjartatsolna.se\/farmaci\/wp-json\/wp\/v2\/product"}],"about":[{"href":"https:\/\/www.vardcentralenhjartatsolna.se\/farmaci\/wp-json\/wp\/v2\/types\/product"}],"replies":[{"embeddable":true,"href":"https:\/\/www.vardcentralenhjartatsolna.se\/farmaci\/wp-json\/wp\/v2\/comments?post=12473"}],"wp:featuredmedia":[{"embeddable":true,"href":"https:\/\/www.vardcentralenhjartatsolna.se\/farmaci\/wp-json\/wp\/v2\/media\/12073"}],"wp:attachment":[{"href":"https:\/\/www.vardcentralenhjartatsolna.se\/farmaci\/wp-json\/wp\/v2\/media?parent=12473"}],"wp:term":[{"taxonomy":"product_brand","embeddable":true,"href":"https:\/\/www.vardcentralenhjartatsolna.se\/farmaci\/wp-json\/wp\/v2\/product_brand?post=12473"},{"taxonomy":"product_cat","embeddable":true,"href":"https:\/\/www.vardcentralenhjartatsolna.se\/farmaci\/wp-json\/wp\/v2\/product_cat?post=12473"},{"taxonomy":"product_tag","embeddable":true,"href":"https:\/\/www.vardcentralenhjartatsolna.se\/farmaci\/wp-json\/wp\/v2\/product_tag?post=12473"}],"curies":[{"name":"wp","href":"https:\/\/api.w.org\/{rel}","templated":true}]}}