{"id":12459,"date":"2024-11-09T15:08:43","date_gmt":"2024-11-09T14:08:43","guid":{"rendered":"https:\/\/blodsjukdom.se\/farmaci\/apt\/folisin\/"},"modified":"2024-11-15T16:55:18","modified_gmt":"2024-11-15T15:55:18","slug":"folisin","status":"publish","type":"product","link":"https:\/\/www.vardcentralenhjartatsolna.se\/farmaci\/apt\/folisin\/","title":{"rendered":"Folisin"},"content":{"rendered":"\n<h2 class=\"wp-block-heading\">Vad \u00e4r Folisin och hur fungerar det?<\/h2>\n\n\n\n<p><b>Folisin<\/b> \u00e4r ett <em>kosttillskott<\/em> som fr\u00e4mjar h\u00e5rets h\u00e4lsa med hj\u00e4lp av en noggrant utvald blandning av naturliga ingredienser. Dess <em>effekter<\/em> demonstreras av <b>ingredienser<\/b> som sabal palm, som har en positiv effekt p\u00e5 h\u00e5rv\u00e4xt, och capsaicin, en aktiv substans som reglerar testosteronniv\u00e5erna i kroppen. Det \u00e4r dessa <b>ingredienser<\/b> som g\u00f6r Folisin tilltalande f\u00f6r dem som k\u00e4mpar med h\u00e5ravfall.<\/p>\n\n\n\n<p>De aktiva ingredienserna, inklusive zink och koppar, spelar en nyckelroll f\u00f6r att skydda h\u00e5rets h\u00e4lsa och pigmentering. <em>Hur fungerar<\/em> Folisin? Genom att tillhandah\u00e5lla viktiga n\u00e4rings\u00e4mnen hj\u00e4lper detta tillskott till att stoppa h\u00e5ravfall och st\u00f6der h\u00e5rregenerering.<\/p>\n\n\n\n<figure class=\"wp-block-table\"><table class=\"has-fixed-layout\"><tbody><tr><th>Ingrediens<\/th><th>Effekt<\/th><\/tr><tr><td>Sabal palm<\/td><td>Fr\u00e4mjar h\u00e5rv\u00e4xt, h\u00e4mmar h\u00e5ravfall<\/td><\/tr><tr><td>Capsaicin<\/td><td>Reglerar testosteronniv\u00e5erna, st\u00f6djer h\u00e5rets h\u00e4lsa<\/td><\/tr><tr><td>Zink<\/td><td>St\u00e4rker h\u00e5ret, f\u00f6rb\u00e4ttrar h\u00e5rets h\u00e4lsa<\/td><\/tr><tr><td>Koppar<\/td><td>St\u00f6djer h\u00e5rets pigmentering<\/td><\/tr><tr><td>EVNolMax<\/td><td>F\u00f6rb\u00e4ttrar h\u00e5rbottens tillst\u00e5nd, fr\u00e4mjar h\u00e5rv\u00e4xt<\/td><\/tr><tr><td>FosfaMax<\/td><td>St\u00f6djer h\u00e4lsan hos h\u00e5rs\u00e4ckarna<\/td><\/tr><tr><td>Pumpa (extrakt av pumpafr\u00f6)<\/td><td>St\u00e4rker h\u00e5ret, fr\u00e4mjar h\u00e5rregenerering<\/td><\/tr><tr><td>BioPerine<\/td><td>\u00d6kar absorptionen av n\u00e4rings\u00e4mnen<\/td><\/tr><\/tbody><\/table><\/figure>\n\n\n\n<p>Folisin-tillskott rekommenderas s\u00e4rskilt f\u00f6r personer med f\u00f6rsvagat h\u00e5r som m\u00e4rker h\u00e5ravfall eller h\u00e5rbottenproblem. Regelbunden <b>anv\u00e4ndning<\/b> kan ge synliga resultat p\u00e5 kort tid, varf\u00f6r vi bevittnar ett v\u00e4xande intresse f\u00f6r denna produkt p\u00e5 marknaden.<\/p>\n\n\n\n<h2 class=\"wp-block-heading\">Folisin &#8211; effekter av anv\u00e4ndning<\/h2>\n\n\n\n<p>Regelbunden <b>anv\u00e4ndning<\/b> av Folisin kan ge ett antal positiva effekter relaterade till h\u00e5ravfall och h\u00e5rv\u00e4xt. Produkten fungerar omfattande och anv\u00e4nder naturliga ingredienser f\u00f6r att hj\u00e4lpa till att h\u00e4mma h\u00e5ravfall och f\u00f6rb\u00e4ttra h\u00e5rets tillst\u00e5nd. Bland <b>Folisins effekter<\/b> pekar anv\u00e4ndarna ofta p\u00e5 en f\u00f6rb\u00e4ttring av h\u00e5rets densitet och tjocklek, vilket bidrar till ett h\u00e4lsosamt utseende.<\/p>\n\n\n\n<p>Folisins gynnsamma effekter p\u00e5 <b>friskt h\u00e5r<\/b> beror p\u00e5 dess unika formel, som bland annat inneh\u00e5ller extrakt av sabalpalmsfrukt och pumpafr\u00f6extrakt. Detta extrakt bidrar samtidigt till att stabilisera niv\u00e5erna av dihydrotestosteron (DHT), vilket \u00e4r nyckeln till att f\u00f6rhindra f\u00f6r tidigt h\u00e5ravfall. Kunderna m\u00e4rker ocks\u00e5 att deras h\u00e5r blir starkare och i vissa fall dyker nya h\u00e5rstr\u00e5n upp p\u00e5 h\u00e5rb\u00f6jarna efter bara tre m\u00e5naders anv\u00e4ndning.<\/p>\n\n\n\n<p>N\u00e5gra av effekterna av Folisin beskrivs nedan:<\/p>\n\n\n\n<ul class=\"wp-block-list\">\n<li>Inhibering av h\u00e5ravfall.<\/li>\n\n\n\n<li>Fr\u00e4mjar tillv\u00e4xten av nytt h\u00e5r.<\/li>\n\n\n\n<li>F\u00f6rb\u00e4ttring av h\u00e5rbottens tillst\u00e5nd.<\/li>\n\n\n\n<li>\u00d6kar h\u00e5rets densitet och tjocklek.<\/li>\n\n\n\n<li>F\u00f6rb\u00e4ttring av h\u00e5rets naturliga pigmentering.<\/li>\n<\/ul>\n\n\n\n<p>Feedback om effekterna av Folisin \u00e4r \u00f6verv\u00e4ldigande positiv, vilket bekr\u00e4ftar till\u00e4ggets effektivitet. Det \u00e4r v\u00e4rt att komma ih\u00e5g att regelbundenhet i intaget av beredningen \u00e4r nyckeln till att uppn\u00e5 de avsedda resultaten. Folisin rekommenderas att tas i en dos av tv\u00e5 kapslar om dagen f\u00f6r att fullt ut utnyttja dess potential i kampen mot h\u00e5ravfall och f\u00f6r att fr\u00e4mja h\u00e4lsosam <b>h\u00e5rv\u00e4xt<\/b>.<\/p>\n\n\n\n<h2 class=\"wp-block-heading\">Hur man anv\u00e4nder Folisin p\u00e5 r\u00e4tt s\u00e4tt &#8211; Dosering<\/h2>\n\n\n\n<p>Folisin \u00e4r ett <em>kosttillskott<\/em> som \u00e4r mycket popul\u00e4rt bland m\u00e4n som k\u00e4mpar med h\u00e5ravfall. En viktig del av att anv\u00e4nda Folisin \u00e4r dess korrekta <strong>dosering<\/strong>. Tillverkaren rekommenderar att man tar 2 kapslar dagligen, vilket b\u00e4st tas 30 minuter f\u00f6re en m\u00e5ltid. Kapslarna b\u00f6r sippas med vatten f\u00f6r optimal absorption.<\/p>\n\n\n\n<p>Regelbunden och systematisk <strong>anv\u00e4ndning<\/strong> av till\u00e4gget bidrar till att uppn\u00e5 maximala effekter. Det \u00e4r v\u00e4rt att komma ih\u00e5g att Folisin-behandlingen b\u00f6r p\u00e5g\u00e5 i minst 30 dagar f\u00f6r att m\u00e4rka de f\u00f6rsta positiva resultaten. Personer med befintliga h\u00e4lsotillst\u00e5nd eller som tar andra mediciner b\u00f6r r\u00e5dfr\u00e5ga sin l\u00e4kare innan de b\u00f6rjar tillskott f\u00f6r att s\u00e4kerst\u00e4lla produktens <b>s\u00e4kerhet<\/b> och effektivitet.<\/p>\n\n\n\n<p>R\u00e4tt <strong>dosering av Folisin<\/strong> och regelbundet intag kan g\u00f6ra en betydande skillnad f\u00f6r h\u00e5rets kvalitet och densitet. Folisin b\u00f6r tas som ett st\u00f6d f\u00f6r daglig h\u00e5rv\u00e5rd och inte som kroppens enda k\u00e4lla till n\u00e4rings\u00e4mnen.<\/p>\n\n\n\n<h2 class=\"wp-block-heading\">Recensioner och \u00e5sikter om Folisin<\/h2>\n\n\n\n<p><b>Folisin-recensionerna<\/b> verkar mestadels positiva och ger hopp till dem som k\u00e4mpar med h\u00e5ravfall. Anv\u00e4ndare som har valt behandlingen delar ofta med sig av sina <em>anv\u00e4ndarupplevelser<\/em> och pekar p\u00e5 m\u00e4rkbara f\u00f6r\u00e4ndringar i h\u00e5rets tillst\u00e5nd.<\/p>\n\n\n\n<blockquote class=\"wp-block-quote is-layout-flow wp-block-quote-is-layout-flow\">\n<p><strong>Peter<\/strong>: &#8221;Efter att ha anv\u00e4nt Folisin i n\u00e5gra veckor m\u00e4rkte jag att mitt h\u00e5r blev mycket starkare. Nya str\u00e5n har b\u00f6rjat v\u00e4xa p\u00e5 platser d\u00e4r det tidigare var tunnare. Jag \u00e4r mycket n\u00f6jd med de resultat jag ser.&#8221;<\/p>\n<\/blockquote>\n\n\n\n<blockquote class=\"wp-block-quote is-layout-flow wp-block-quote-is-layout-flow\">\n<p><strong>Marek<\/strong>: &#8221;Jag best\u00e4mde mig f\u00f6r att ta Folisin eftersom mitt h\u00e5r st\u00e4ndigt f\u00f6ll av. Efter bara en m\u00e5nads anv\u00e4ndning m\u00e4rkte jag en betydande f\u00f6rb\u00e4ttring &#8211; b\u00e5de i densitet och i utseende. Det p\u00e5verkar inte bara estetiken utan ocks\u00e5 mitt sj\u00e4lvf\u00f6rtroende. Jag rekommenderar det starkt!&#8221;<\/p>\n<\/blockquote>\n\n\n\n<blockquote class=\"wp-block-quote is-layout-flow wp-block-quote-is-layout-flow\">\n<p><strong>Kasia<\/strong>: &#8221;Jag k\u00e4mpade inte med allvarligt h\u00e5ravfall, men sedan jag anv\u00e4nde Folisin ser mitt h\u00e5r friskare ut och har f\u00e5tt glans. Jag vet att det ocks\u00e5 \u00e4r en fr\u00e5ga om regelbundenhet, men effekterna \u00e4r synliga.&#8221;<\/p>\n<\/blockquote>\n\n\n\n<p><b>Folisins recensioner<\/b> talar f\u00f6r sig sj\u00e4lva, och <b>anv\u00e4ndarupplevelser<\/b> blir grunden f\u00f6r att rekommendera detta till\u00e4gg. De positiva resultaten bidrar s\u00e4kert till produktens v\u00e4xande popularitet bland dem som vill f\u00f6rb\u00e4ttra h\u00e5rets tillst\u00e5nd.<\/p>\n\n\n\n<h2 class=\"wp-block-heading\">Folisins sammans\u00e4ttning &#8211; Analys av ingredienser<\/h2>\n\n\n\n<p><b>Sammans\u00e4ttningen av Folisin<\/b> har noggrant formulerats f\u00f6r att ge effektivt st\u00f6d f\u00f6r h\u00e5rv\u00e4xt och h\u00e4lsa. De viktigaste ingredienserna \u00e4r:<\/p>\n\n\n\n<ul class=\"wp-block-list\">\n<li><em>Sabalpalmextrakt<\/em> &#8211; st\u00f6der h\u00e5rv\u00e4xtprocessen och bidrar till h\u00e5rets densitet.<\/li>\n\n\n\n<li><em>Capsaicin<\/em> &#8211; stimulerar blodcirkulationen i h\u00e5rbotten, vilket kan f\u00f6rb\u00e4ttra h\u00e5rh\u00e4lsan.<\/li>\n\n\n\n<li><em>Zink<\/em> &#8211; en viktig mineral f\u00f6r h\u00e5rh\u00e4lsan, p\u00e5verkar h\u00e5rets pigmentering och kan fr\u00e4mja h\u00e5rregenerering.<\/li>\n\n\n\n<li><em>Koppar<\/em> &#8211; bidrar till att h\u00e5rfibrerna och h\u00e5rets struktur fungerar som de ska.<\/li>\n\n\n\n<li><em>Pumpafr\u00f6extrakt<\/em> &#8211; hj\u00e4lper till att uppr\u00e4tth\u00e5lla hormonbalansen, vilket kan f\u00f6rhindra h\u00e5ravfall.<\/li>\n\n\n\n<li><em>Sojalecitin<\/em> &#8211; hj\u00e4lper till med cellul\u00e4r \u00e5teruppbyggnad och ger n\u00e4ring \u00e5t h\u00e5ret, vilket g\u00f6r det friskare.<\/li>\n<\/ul>\n\n\n\n<p>Alla dessa ingredienser fungerar synergistiskt, vilket <b>analysen av<\/b> sammans\u00e4ttningen av detta till\u00e4gg bekr\u00e4ftar. Regelbunden anv\u00e4ndning av Folisin hj\u00e4lper till att motverka h\u00e5ravfall och st\u00f6der naturlig h\u00e5rv\u00e4xt. Det \u00e4r v\u00e4rt att notera den unika kombinationen av aktiva ingredienser som ger Folisin sin h\u00f6ga effektivitet.<\/p>\n\n\n\n<h2 class=\"wp-block-heading\">Var kan man k\u00f6pa och hur mycket kostar Folisin &#8211; pris<\/h2>\n\n\n\n<p>Folisin \u00e4r endast tillg\u00e4ngligt p\u00e5 tillverkarens officiella webbplats, vilket s\u00e4kerst\u00e4ller produktens originalitet och <b>s\u00e4kerheten vid<\/b> k\u00f6pet. Det \u00e4r v\u00e4rt att notera att detta till\u00e4gg inte \u00e4r tillg\u00e4ngligt p\u00e5 station\u00e4ra apotek, vilket kan vara viktigt f\u00f6r dem som letar efter en autentisk l\u00f6sning f\u00f6r <b>h\u00e5ravfall<\/b>.<\/p>\n\n\n\n<p>Det \u00e4r v\u00e4rt att notera de aktuella kampanjerna, vilket kan p\u00e5verka den slutliga kostnaden f\u00f6r k\u00f6pet avsev\u00e4rt. F\u00f6r st\u00f6rre best\u00e4llningar finns rabatter tillg\u00e4ngliga, vilket g\u00f6r <b>k\u00f6pet<\/b> mer f\u00f6rdelaktigt.<\/p>\n\n\n\n<p>Regelbunden anv\u00e4ndning av produkten ger redan synliga resultat under de f\u00f6rsta veckorna. Som ett resultat beslutar kunderna ofta att k\u00f6pa mer Folisin f\u00f6r att kunna njuta av effekterna av behandlingen under en l\u00e4ngre tid. F\u00f6r m\u00e5nga m\u00e4nniskor \u00e4r den b\u00e4sta l\u00f6sningen att k\u00f6pa till\u00e4gget direkt fr\u00e5n tillverkaren, d\u00e4r information om aktuella kampanjer ocks\u00e5 finns tillg\u00e4nglig.<\/p>\n\n\n\n<p>Att v\u00e4lja Folisin som ett kosttillskott f\u00f6r att st\u00f6dja <b>h\u00e5rv\u00e4xt<\/b> \u00e4r ett steg mot att f\u00f6rb\u00e4ttra <b>h\u00e5rh\u00e4lsan<\/b>. F\u00f6r att ta reda p\u00e5 <em>var du kan k\u00f6pa Folisin<\/em>, bes\u00f6k helt enkelt tillverkarens officiella webbplats, d\u00e4r du ocks\u00e5 kan kontrollera aktuella priser och erbjudanden f\u00f6r <b>ink\u00f6p<\/b>.<\/p>\n\n\n\n<h2 class=\"wp-block-heading\">Folisin &#8211; Biverkningar och kontraindikationer<\/h2>\n\n\n\n<p>Folisin \u00e4r ett <b>kosttillskott<\/b> som har f\u00e5tt erk\u00e4nnande f\u00f6r sin effektivitet i kampen mot h\u00e5ravfall. De allra flesta anv\u00e4ndare rapporterar att Folisin inte har n\u00e5gra biverkningar, men det \u00e4r alltid tillr\u00e5dligt att konsultera en l\u00e4kare innan du b\u00f6rjar komplettera, s\u00e4rskilt f\u00f6r dem med kroniska medicinska tillst\u00e5nd eller tar andra mediciner. S\u00e4kerhet vid anv\u00e4ndning \u00e4r nyckeln, s\u00e5 att konsultera en specialist kan hj\u00e4lpa till att undvika potentiella problem.<\/p>\n\n\n\n<p>Det \u00e4r ocks\u00e5 v\u00e4rt att komma ih\u00e5g kontraindikationerna f\u00f6r anv\u00e4ndningen av produkten. Folisin rekommenderas inte f\u00f6r barn, gravida eller ammande kvinnor. \u00c4ven om biverkningarna \u00e4r minimala kan \u00f6verdriven dosering leda till o\u00f6nskade h\u00e4lsoeffekter. D\u00e4rf\u00f6r b\u00f6r anv\u00e4ndningen av detta till\u00e4gg f\u00f6lja tillverkarens rekommendationer, och regelbunden anv\u00e4ndning \u00e4r nyckeln till effektivitet.<\/p>\n\n\n\n<p>I slut\u00e4ndan kan Folisin inte ers\u00e4tta en h\u00e4lsosam livsstil och en balanserad kost, som b\u00e5da \u00e4r viktiga n\u00e4r det g\u00e4ller att ta hand om h\u00e5rets h\u00e4lsa. Korrekt h\u00e5rv\u00e5rd, regelbundet n\u00e4ringsintag och fysisk aktivitet \u00e4r grundl\u00e4ggande f\u00f6r att f\u00f6rhindra h\u00e5ravfall. Kom ih\u00e5g att h\u00e4lsosamma vanor \u00e4r ett viktigt komplement till kosttillskott f\u00f6r att uppn\u00e5 b\u00e4sta resultat.<\/p>\n","protected":false},"excerpt":{"rendered":"<p><strong>[date_countdown]<\/strong><\/p>\n<p><img decoding=\"async\" class=\"alignnone wp-image-12507\" src=\"https:\/\/www.vardcentralenhjartatsolna.se\/farmaci\/wp-content\/uploads\/2024\/11\/SAFE-PAY-300x88-1.png\" alt=\"SAFE-PAY-300x88\" width=\"201\" height=\"59\" \/><\/p>\n","protected":false},"featured_media":12033,"comment_status":"open","ping_status":"closed","template":"","meta":{"neve_meta_sidebar":"","neve_meta_container":"","neve_meta_enable_content_width":"","neve_meta_content_width":0,"neve_meta_title_alignment":"","neve_meta_author_avatar":"","neve_post_elements_order":"","neve_meta_disable_header":"","neve_meta_disable_footer":"","neve_meta_disable_title":"","neve_meta_reading_time":""},"product_brand":[],"product_cat":[566],"product_tag":[],"class_list":{"0":"post-12459","1":"product","2":"type-product","3":"status-publish","4":"has-post-thumbnail","6":"product_cat-skonhet","8":"first","9":"instock","10":"sale","11":"shipping-taxable","12":"product-type-external"},"yoast_head":"<!-- This site is optimized with the Yoast SEO plugin v27.4 - https:\/\/yoast.com\/product\/yoast-seo-wordpress\/ -->\n<title>Folisin - Recension, Pris, Effekter, Apotek, Forum | -50%<\/title>\n<meta name=\"robots\" content=\"index, follow, max-snippet:-1, max-image-preview:large, max-video-preview:-1\" \/>\n<link rel=\"canonical\" href=\"https:\/\/www.vardcentralenhjartatsolna.se\/farmaci\/apt\/folisin\/\" \/>\n<meta property=\"og:locale\" content=\"sv_SE\" \/>\n<meta property=\"og:type\" content=\"article\" \/>\n<meta property=\"og:title\" content=\"Folisin - Recension, Pris, Effekter, Apotek, Forum | -50%\" \/>\n<meta property=\"og:url\" content=\"https:\/\/www.vardcentralenhjartatsolna.se\/farmaci\/apt\/folisin\/\" \/>\n<meta property=\"og:site_name\" content=\"Vardcentralenhjartatsolna\" \/>\n<meta property=\"article:modified_time\" content=\"2024-11-15T15:55:18+00:00\" \/>\n<meta property=\"og:image\" content=\"https:\/\/www.vardcentralenhjartatsolna.se\/farmaci\/wp-content\/uploads\/2024\/11\/Folisin.jpg\" \/>\n\t<meta property=\"og:image:width\" content=\"768\" \/>\n\t<meta property=\"og:image:height\" content=\"768\" \/>\n\t<meta property=\"og:image:type\" content=\"image\/jpeg\" \/>\n<meta name=\"twitter:card\" content=\"summary_large_image\" \/>\n<meta name=\"twitter:description\" content=\"[date_countdown]\" \/>\n<meta name=\"twitter:label1\" content=\"Ber\u00e4knad l\u00e4stid\" \/>\n\t<meta name=\"twitter:data1\" content=\"1 minut\" \/>\n<script type=\"application\/ld+json\" class=\"yoast-schema-graph\">{\"@context\":\"https:\\\/\\\/schema.org\",\"@graph\":[{\"@type\":\"WebPage\",\"@id\":\"https:\\\/\\\/www.vardcentralenhjartatsolna.se\\\/farmaci\\\/apt\\\/folisin\\\/\",\"url\":\"https:\\\/\\\/www.vardcentralenhjartatsolna.se\\\/farmaci\\\/apt\\\/folisin\\\/\",\"name\":\"Folisin - Recension, Pris, Effekter, Apotek, Forum | -50%\",\"isPartOf\":{\"@id\":\"https:\\\/\\\/www.vardcentralenhjartatsolna.se\\\/farmaci\\\/#website\"},\"primaryImageOfPage\":{\"@id\":\"https:\\\/\\\/www.vardcentralenhjartatsolna.se\\\/farmaci\\\/apt\\\/folisin\\\/#primaryimage\"},\"image\":{\"@id\":\"https:\\\/\\\/www.vardcentralenhjartatsolna.se\\\/farmaci\\\/apt\\\/folisin\\\/#primaryimage\"},\"thumbnailUrl\":\"https:\\\/\\\/www.vardcentralenhjartatsolna.se\\\/farmaci\\\/wp-content\\\/uploads\\\/2024\\\/11\\\/Folisin.jpg\",\"datePublished\":\"2024-11-09T14:08:43+00:00\",\"dateModified\":\"2024-11-15T15:55:18+00:00\",\"breadcrumb\":{\"@id\":\"https:\\\/\\\/www.vardcentralenhjartatsolna.se\\\/farmaci\\\/apt\\\/folisin\\\/#breadcrumb\"},\"inLanguage\":\"sv-SE\",\"potentialAction\":[{\"@type\":\"ReadAction\",\"target\":[\"https:\\\/\\\/www.vardcentralenhjartatsolna.se\\\/farmaci\\\/apt\\\/folisin\\\/\"]}]},{\"@type\":\"ImageObject\",\"inLanguage\":\"sv-SE\",\"@id\":\"https:\\\/\\\/www.vardcentralenhjartatsolna.se\\\/farmaci\\\/apt\\\/folisin\\\/#primaryimage\",\"url\":\"https:\\\/\\\/www.vardcentralenhjartatsolna.se\\\/farmaci\\\/wp-content\\\/uploads\\\/2024\\\/11\\\/Folisin.jpg\",\"contentUrl\":\"https:\\\/\\\/www.vardcentralenhjartatsolna.se\\\/farmaci\\\/wp-content\\\/uploads\\\/2024\\\/11\\\/Folisin.jpg\",\"width\":768,\"height\":768},{\"@type\":\"BreadcrumbList\",\"@id\":\"https:\\\/\\\/www.vardcentralenhjartatsolna.se\\\/farmaci\\\/apt\\\/folisin\\\/#breadcrumb\",\"itemListElement\":[{\"@type\":\"ListItem\",\"position\":1,\"name\":\"Strona g\u0142\u00f3wna\",\"item\":\"https:\\\/\\\/www.vardcentralenhjartatsolna.se\\\/farmaci\\\/\"},{\"@type\":\"ListItem\",\"position\":2,\"name\":\"Produkte\",\"item\":\"https:\\\/\\\/www.vardcentralenhjartatsolna.se\\\/farmaci\\\/\"},{\"@type\":\"ListItem\",\"position\":3,\"name\":\"Folisin\"}]},{\"@type\":\"WebSite\",\"@id\":\"https:\\\/\\\/www.vardcentralenhjartatsolna.se\\\/farmaci\\\/#website\",\"url\":\"https:\\\/\\\/www.vardcentralenhjartatsolna.se\\\/farmaci\\\/\",\"name\":\"Vardcentralenhjartatsolna\",\"description\":\"\",\"potentialAction\":[{\"@type\":\"SearchAction\",\"target\":{\"@type\":\"EntryPoint\",\"urlTemplate\":\"https:\\\/\\\/www.vardcentralenhjartatsolna.se\\\/farmaci\\\/?s={search_term_string}\"},\"query-input\":{\"@type\":\"PropertyValueSpecification\",\"valueRequired\":true,\"valueName\":\"search_term_string\"}}],\"inLanguage\":\"sv-SE\"}]}<\/script>\n<!-- \/ Yoast SEO plugin. -->","yoast_head_json":{"title":"Folisin - Recension, Pris, Effekter, Apotek, Forum | -50%","robots":{"index":"index","follow":"follow","max-snippet":"max-snippet:-1","max-image-preview":"max-image-preview:large","max-video-preview":"max-video-preview:-1"},"canonical":"https:\/\/www.vardcentralenhjartatsolna.se\/farmaci\/apt\/folisin\/","og_locale":"sv_SE","og_type":"article","og_title":"Folisin - Recension, Pris, Effekter, Apotek, Forum | -50%","og_url":"https:\/\/www.vardcentralenhjartatsolna.se\/farmaci\/apt\/folisin\/","og_site_name":"Vardcentralenhjartatsolna","article_modified_time":"2024-11-15T15:55:18+00:00","og_image":[{"width":768,"height":768,"url":"https:\/\/www.vardcentralenhjartatsolna.se\/farmaci\/wp-content\/uploads\/2024\/11\/Folisin.jpg","type":"image\/jpeg"}],"twitter_card":"summary_large_image","twitter_description":"[date_countdown]","twitter_misc":{"Ber\u00e4knad l\u00e4stid":"1 minut"},"schema":{"@context":"https:\/\/schema.org","@graph":[{"@type":"WebPage","@id":"https:\/\/www.vardcentralenhjartatsolna.se\/farmaci\/apt\/folisin\/","url":"https:\/\/www.vardcentralenhjartatsolna.se\/farmaci\/apt\/folisin\/","name":"Folisin - Recension, Pris, Effekter, Apotek, Forum | -50%","isPartOf":{"@id":"https:\/\/www.vardcentralenhjartatsolna.se\/farmaci\/#website"},"primaryImageOfPage":{"@id":"https:\/\/www.vardcentralenhjartatsolna.se\/farmaci\/apt\/folisin\/#primaryimage"},"image":{"@id":"https:\/\/www.vardcentralenhjartatsolna.se\/farmaci\/apt\/folisin\/#primaryimage"},"thumbnailUrl":"https:\/\/www.vardcentralenhjartatsolna.se\/farmaci\/wp-content\/uploads\/2024\/11\/Folisin.jpg","datePublished":"2024-11-09T14:08:43+00:00","dateModified":"2024-11-15T15:55:18+00:00","breadcrumb":{"@id":"https:\/\/www.vardcentralenhjartatsolna.se\/farmaci\/apt\/folisin\/#breadcrumb"},"inLanguage":"sv-SE","potentialAction":[{"@type":"ReadAction","target":["https:\/\/www.vardcentralenhjartatsolna.se\/farmaci\/apt\/folisin\/"]}]},{"@type":"ImageObject","inLanguage":"sv-SE","@id":"https:\/\/www.vardcentralenhjartatsolna.se\/farmaci\/apt\/folisin\/#primaryimage","url":"https:\/\/www.vardcentralenhjartatsolna.se\/farmaci\/wp-content\/uploads\/2024\/11\/Folisin.jpg","contentUrl":"https:\/\/www.vardcentralenhjartatsolna.se\/farmaci\/wp-content\/uploads\/2024\/11\/Folisin.jpg","width":768,"height":768},{"@type":"BreadcrumbList","@id":"https:\/\/www.vardcentralenhjartatsolna.se\/farmaci\/apt\/folisin\/#breadcrumb","itemListElement":[{"@type":"ListItem","position":1,"name":"Strona g\u0142\u00f3wna","item":"https:\/\/www.vardcentralenhjartatsolna.se\/farmaci\/"},{"@type":"ListItem","position":2,"name":"Produkte","item":"https:\/\/www.vardcentralenhjartatsolna.se\/farmaci\/"},{"@type":"ListItem","position":3,"name":"Folisin"}]},{"@type":"WebSite","@id":"https:\/\/www.vardcentralenhjartatsolna.se\/farmaci\/#website","url":"https:\/\/www.vardcentralenhjartatsolna.se\/farmaci\/","name":"Vardcentralenhjartatsolna","description":"","potentialAction":[{"@type":"SearchAction","target":{"@type":"EntryPoint","urlTemplate":"https:\/\/www.vardcentralenhjartatsolna.se\/farmaci\/?s={search_term_string}"},"query-input":{"@type":"PropertyValueSpecification","valueRequired":true,"valueName":"search_term_string"}}],"inLanguage":"sv-SE"}]}},"_links":{"self":[{"href":"https:\/\/www.vardcentralenhjartatsolna.se\/farmaci\/wp-json\/wp\/v2\/product\/12459","targetHints":{"allow":["GET"]}}],"collection":[{"href":"https:\/\/www.vardcentralenhjartatsolna.se\/farmaci\/wp-json\/wp\/v2\/product"}],"about":[{"href":"https:\/\/www.vardcentralenhjartatsolna.se\/farmaci\/wp-json\/wp\/v2\/types\/product"}],"replies":[{"embeddable":true,"href":"https:\/\/www.vardcentralenhjartatsolna.se\/farmaci\/wp-json\/wp\/v2\/comments?post=12459"}],"wp:featuredmedia":[{"embeddable":true,"href":"https:\/\/www.vardcentralenhjartatsolna.se\/farmaci\/wp-json\/wp\/v2\/media\/12033"}],"wp:attachment":[{"href":"https:\/\/www.vardcentralenhjartatsolna.se\/farmaci\/wp-json\/wp\/v2\/media?parent=12459"}],"wp:term":[{"taxonomy":"product_brand","embeddable":true,"href":"https:\/\/www.vardcentralenhjartatsolna.se\/farmaci\/wp-json\/wp\/v2\/product_brand?post=12459"},{"taxonomy":"product_cat","embeddable":true,"href":"https:\/\/www.vardcentralenhjartatsolna.se\/farmaci\/wp-json\/wp\/v2\/product_cat?post=12459"},{"taxonomy":"product_tag","embeddable":true,"href":"https:\/\/www.vardcentralenhjartatsolna.se\/farmaci\/wp-json\/wp\/v2\/product_tag?post=12459"}],"curies":[{"name":"wp","href":"https:\/\/api.w.org\/{rel}","templated":true}]}}