{"id":12448,"date":"2024-11-09T15:08:37","date_gmt":"2024-11-09T14:08:37","guid":{"rendered":"https:\/\/blodsjukdom.se\/farmaci\/apt\/dentolan\/"},"modified":"2024-11-15T16:34:54","modified_gmt":"2024-11-15T15:34:54","slug":"dentolan","status":"publish","type":"product","link":"https:\/\/www.vardcentralenhjartatsolna.se\/farmaci\/apt\/dentolan\/","title":{"rendered":"Dentolan"},"content":{"rendered":"\n<h2 class=\"wp-block-heading\">Vad \u00e4r Dentolan och hur fungerar det?<\/h2>\n\n\n\n<p><b>Dentolan<\/b> \u00e4r ett innovativt <em>kosttillskott<\/em> som \u00e4r s\u00e4rskilt utvecklat f\u00f6r personer med problem med <em>halitos<\/em>, dvs. d\u00e5lig andedr\u00e4kt. Tack vare sin unika formel baserad p\u00e5 naturliga ingredienser bek\u00e4mpar Dentolan effektivt orsakerna till d\u00e5lig andedr\u00e4kt, f\u00f6rb\u00e4ttrar <b>munh\u00e4lsan<\/b> och st\u00f6der matsm\u00e4ltningsprocessen.<\/p>\n\n\n\n<p>Dentolans<strong>verkan<\/strong> bygger p\u00e5 flera viktiga element. Probiotika i tillskottet hj\u00e4lper till att uppr\u00e4tth\u00e5lla en h\u00e4lsosam oral mikroflora, vilket \u00e4r viktigt i kampen mot luktframkallande bakterier. Enzymerna \u00e5 sin sida bryter ner de kemiska f\u00f6reningar som orsakar d\u00e5lig <em>andedr\u00e4kt<\/em>. Dentolans breda verkningsspektrum omfattar ocks\u00e5 skydd av halsen och st\u00f6d f\u00f6r matsm\u00e4ltningen, vilket ytterligare bidrar till frisk andedr\u00e4kt.<\/p>\n\n\n\n<p>Regelbunden <b>anv\u00e4ndning<\/b> av Dentolan ger konkreta f\u00f6rdelar, eftersom produkten inte bara eliminerar obehagliga lukter utan ocks\u00e5 lindrar irritation i halsen. Dessutom st\u00f6der den matsm\u00e4ltningsprocessen, vilket bidrar till det allm\u00e4nna v\u00e4lbefinnandet. De viktigaste ingredienserna \u00e4r probiotika, pepparmyntextrakt och kopparklorofyllin, som samverkar f\u00f6r att fr\u00e4mja h\u00e4lsan.<\/p>\n\n\n\n<h2 class=\"wp-block-heading\">Vilka \u00e4r effekterna av Dentolan?<\/h2>\n\n\n\n<p><b>Anv\u00e4ndningen<\/b> av Dentolan har ett antal positiva effekter, s\u00e4rskilt f\u00f6r dem som k\u00e4mpar med halitos. Anv\u00e4ndarna m\u00e4rker en markant f\u00f6rb\u00e4ttring av <em>frisk andedr\u00e4kt<\/em>, vilket har en positiv effekt p\u00e5 hum\u00f6ret och sj\u00e4lvf\u00f6rtroendet. Regelbunden <b>anv\u00e4ndning av<\/b> detta tillskott p\u00e5verkar <em>munh\u00e4lsan<\/em> genom att minska inflammation och reducera de bakterier som orsakar obehagliga lukter.<\/p>\n\n\n\n<p>Tack vare sin sammans\u00e4ttning med flera ingredienser f\u00f6r\u00e4ndrar Dentolan effektivt metaboliska processer och f\u00f6rb\u00e4ttrar bakteriefloran i matsm\u00e4ltningskanalen. Inneh\u00e5llet av matsm\u00e4ltningsenzymerna DigeZyme\u00ae och de probiotiska bakterierna LactoSpore\u00ae MTCC 5856 f\u00f6rb\u00e4ttrar matsm\u00e4ltningen avsev\u00e4rt, medan ytterligare v\u00e4xtextrakt har en antibakteriell och antiinflammatorisk effekt. Anv\u00e4ndarna rapporterar att <b>effekterna av<\/b> Dentolan \u00e4r synliga inom bara n\u00e5gra dagar och att andedr\u00e4kten \u00e4r fr\u00e4sch i upp till 12 timmar efter intag av tillskottet.<\/p>\n\n\n\n<p>Nedan f\u00f6ljer en sammanfattning av de viktigaste effekterna av Dentolan:<\/p>\n\n\n\n<figure class=\"wp-block-table\"><table class=\"has-fixed-layout\"><tbody><tr><th>Effekt<\/th><th>Beskrivning<\/th><\/tr><tr><td>F\u00f6rb\u00e4ttrad friskhet i andedr\u00e4kten<\/td><td>Omedelbar minskning av halitos, upp till 12 timmar med fr\u00e4sch andedr\u00e4kt.<\/td><\/tr><tr><td>F\u00f6rst\u00e4rkning av munh\u00e4lsan<\/td><td>Minskning av inflammation och bakterier som orsakar d\u00e5lig lukt.<\/td><\/tr><tr><td>F\u00f6rb\u00e4ttrad matsm\u00e4ltning<\/td><td>Korrigering av matsm\u00e4ltningsprocesser och normalisering av bakteriefloran.<\/td><\/tr><tr><td>Antiinflammatoriska egenskaper<\/td><td>V\u00e4xtextrakt minskar risken f\u00f6r inflammation i munh\u00e5lan.<\/td><\/tr><\/tbody><\/table><\/figure>\n\n\n\n<p>Med Dentolan kan personer som k\u00e4mpar med halitos \u00e5terf\u00e5 sitt sj\u00e4lvf\u00f6rtroende och sin frihet i interpersonella interaktioner. Att ta hand om sin <em>munh\u00e4lsa<\/em> har aldrig varit s\u00e5 enkelt.<\/p>\n\n\n\n<h2 class=\"wp-block-heading\">Dosering av Dentolan &#8211; Hur anv\u00e4nder jag det?<\/h2>\n\n\n\n<p><b>Doseringen<\/b> av Dentolan \u00e4r avg\u00f6rande f\u00f6r optimala resultat. Tillverkaren rekommenderar att man tar <em>tv\u00e5 kapslar dagligen<\/em>, helst f\u00f6re en m\u00e5ltid, och dricker mycket vatten. Regelbunden <em>anv\u00e4ndning<\/em> av kosttillskottet m\u00f6jligg\u00f6r l\u00e5ngvariga resultat, vilket \u00e4r viktigt i kampen mot d\u00e5lig andedr\u00e4kt.<\/p>\n\n\n\n<ul class=\"wp-block-list\">\n<li>Ta 2 kapslar dagligen.<\/li>\n\n\n\n<li>Tas b\u00e4st f\u00f6re m\u00e5ltid.<\/li>\n\n\n\n<li>Drick mycket vatten.<\/li>\n\n\n\n<li>Anv\u00e4nd regelbundet f\u00f6r b\u00e4ttre resultat.<\/li>\n<\/ul>\n\n\n\n<p>De som tvivlar p\u00e5 doseringen kan konsultera bipacksedeln som finns p\u00e5 tillverkarens webbplats. Det kan ocks\u00e5 vara till hj\u00e4lp att konsultera din l\u00e4kare. Superfina ingredienser som <em>bromelain fr\u00e5n ananas, papain fr\u00e5n papaya<\/em> och en m\u00e4ngd olika v\u00e4xtextrakt bidrar till att st\u00f6dja <em>Dentolans effektivitet<\/em> n\u00e4r det g\u00e4ller att eliminera munlukt.<\/p>\n\n\n\n<figure class=\"wp-block-table\"><table class=\"has-fixed-layout\"><tbody><tr><th>Ingrediens<\/th><th>Effekt<\/th><\/tr><tr><td>Bromelain<\/td><td>St\u00f6djer matsm\u00e4ltningen och minskar inflammation<\/td><\/tr><tr><td>Papain<\/td><td>Hj\u00e4lper till att bryta ner proteiner och st\u00f6djer matsm\u00e4ltningssystemet<\/td><\/tr><tr><td>Saponiner fr\u00e5n bockhornskl\u00f6ver<\/td><td>Minskar bakterierna som \u00e4r ansvariga f\u00f6r halitosis<\/td><\/tr><tr><td>Kron\u00e4rtskocka extrakt<\/td><td>F\u00f6rb\u00e4ttrar matsm\u00e4ltningssystemets funktion<\/td><\/tr><\/tbody><\/table><\/figure>\n\n\n\n<p>Det \u00e4r v\u00e4rt att komma ih\u00e5g att regelbunden <em>anv\u00e4ndning av<\/em> Dentolan inte bara p\u00e5verkar friskheten i andedr\u00e4kten utan ocks\u00e5 den \u00f6vergripande balansen i tarmens bakterieflora. <b>Kosttillskottet<\/b> \u00e4r s\u00e4kert och dess <b>effekt<\/b> har bekr\u00e4ftats i kliniska studier. Tack vare sin unika formel blir Dentolan det perfekta st\u00f6det f\u00f6r personer som k\u00e4mpar med halitos.<\/p>\n\n\n\n<h2 class=\"wp-block-heading\">Anv\u00e4ndarupplevelser och Dentolan-recensioner &#8211; vad \u00e4r recensionerna?<\/h2>\n\n\n\n<p><b>Anv\u00e4ndarrecensioner<\/b> av Dentolan fokuserar fr\u00e4mst p\u00e5 dess effektivitet n\u00e4r det g\u00e4ller att fr\u00e4scha upp andedr\u00e4kten och f\u00f6rb\u00e4ttra den allm\u00e4nna munh\u00e4lsan. M\u00e5nga av dem delar positiva <em>anv\u00e4ndarupplevelser<\/em>, vilket bekr\u00e4ftar populariteten f\u00f6r detta kosttillskott.<\/p>\n\n\n\n<ol class=\"wp-block-list\">\n<li><br><blockquote><p><em>Anna, 35:<\/em> Efter att ha anv\u00e4nt Dentolan i n\u00e5gra veckor m\u00e4rkte jag en enorm f\u00f6rb\u00e4ttring av kvaliteten p\u00e5 min andedr\u00e4kt. Jag k\u00e4nde mig mer sj\u00e4lvs\u00e4ker i s\u00e4llskap och m\u00e4rkte ocks\u00e5 att <b>friskhetseffekterna<\/b> varade l\u00e4ngre.<\/p><\/blockquote><br><\/li>\n\n\n\n<li><br><blockquote><p><em>Marek, 42:<\/em> Jag har haft problem med d\u00e5lig andedr\u00e4kt i m\u00e5nga \u00e5r. Dentolan visade sig vara effektiv f\u00f6r mig. Dessutom har jag m\u00e4rkt att mitt tandk\u00f6ttsproblem ocks\u00e5 har f\u00f6rb\u00e4ttrats.<\/p><\/blockquote><br><\/li>\n\n\n\n<li><br><blockquote><p><em>Justyna, 29:<\/em> Jag har anv\u00e4nt Dentolan i en m\u00e5nad och jag \u00e4r mycket n\u00f6jd! Mina t\u00e4nder verkar friskare och min andedr\u00e4kt \u00e4r fr\u00e4schare. Jag rekommenderar definitivt den h\u00e4r produkten!<\/p><\/blockquote><br><\/li>\n<\/ol>\n\n\n\n<p>I allm\u00e4nhet fokuserar <em>recensionerna<\/em> om Dentolan p\u00e5 dess h\u00f6ga kvalitet och positiva effekter p\u00e5 <b>munh\u00e4lsan<\/b>. Anv\u00e4ndarna betonar att <b>effekterna<\/b> \u00e4r m\u00e4rkbara efter en kort tids anv\u00e4ndning, vilket g\u00f6r Dentolan mycket uppskattad bland konsumenterna.<\/p>\n\n\n\n<h2 class=\"wp-block-heading\">Dentolan &#8211; Sammans\u00e4ttning<\/h2>\n\n\n\n<p><b>Sammans\u00e4ttningen<\/b> av Dentolan \u00e4r baserad p\u00e5 naturliga ingredienser som st\u00f6der oral h\u00e4lsa. Tack vare de noggrant utvalda ingredienserna kan Dentolan effektivt bek\u00e4mpa problemet med halitos och fr\u00e4mja den allm\u00e4nna munh\u00e4lsan.<\/p>\n\n\n\n<p>Viktiga ingredienser inkluderar:<\/p>\n\n\n\n<ul class=\"wp-block-list\">\n<li><em>Probiotika<\/em>: hj\u00e4lper till att balansera den orala mikrofloran och st\u00f6dja matsm\u00e4ltningen.<\/li>\n\n\n\n<li><em>Enzymer<\/em>: neutraliserar svavelf\u00f6reningar som orsakar obehaglig lukt.<\/li>\n\n\n\n<li><em>V\u00e4xtextrakt<\/em>: inneh\u00e5ller ingredienser som persilja och gr\u00f6nt te-extrakt, som har en deodoriserande och antiinflammatorisk effekt.<\/li>\n<\/ul>\n\n\n\n<p>Kombinationen av dessa <em>naturliga ingredienser<\/em> ger en omfattande <b>verkan<\/b> av Dentolan, \u00e5terst\u00e4ller balansen i kroppen och eliminerar toxiner och skadliga bakterier. Nedan finns en detaljerad f\u00f6rteckning \u00f6ver ingredienserna i Dentolan:<\/p>\n\n\n\n<figure class=\"wp-block-table\"><table class=\"has-fixed-layout\"><tbody><tr><th>Ingrediens<\/th><th>Funktion<\/th><\/tr><tr><td>DigeZyme\u00ae-komplex<\/td><td>F\u00f6rb\u00e4ttrar matsm\u00e4ltningsprocessen<\/td><\/tr><tr><td>Probiotiska bakterier LactoSpore\u00ae<\/td><td>St\u00f6djer den orala mikrofloran<\/td><\/tr><tr><td>Bromelain fr\u00e5n ananas<\/td><td>Lugnar inflammation<\/td><\/tr><tr><td>Extrakt av pepparmynta<\/td><td>Ger en uppfriskande effekt<\/td><\/tr><tr><td>Kron\u00e4rtskocka blad<\/td><td>St\u00f6djer avgiftningsprocesser<\/td><\/tr><tr><td>F\u00e4nk\u00e5l<\/td><td>F\u00f6rb\u00e4ttrar matsm\u00e4ltningen<\/td><\/tr><tr><td>Fenugreek blad<\/td><td>Antiinflammatoriska<\/td><\/tr><tr><td>Papain fr\u00e5n papayafrukt<\/td><td>St\u00f6djer matsm\u00e4ltningen av proteiner<\/td><\/tr><\/tbody><\/table><\/figure>\n\n\n\n<p>Den r\u00e4tta <em>sammans\u00e4ttningen<\/em> av Dentolan f\u00f6rb\u00e4ttrar hum\u00f6ret och sj\u00e4lvf\u00f6rtroendet. Denna produkt \u00e4r endast tillg\u00e4nglig p\u00e5 tillverkarens officiella webbplats, vilket garanterar dess \u00e4kthet och kvalitet. Regelbunden anv\u00e4ndning av Dentolan st\u00f6der munh\u00e4lsan och bidrar till l\u00e5ngvarig frisk andedr\u00e4kt.<\/p>\n\n\n\n<h2 class=\"wp-block-heading\">Var kan jag k\u00f6pa Dentolan och vad kostar det?<\/h2>\n\n\n\n<p>Dentolan kan endast k\u00f6pas fr\u00e5n <em>den officiella tillverkarens<\/em> webbplats, vilket garanterar produktens <b>s\u00e4kerhet<\/b> och \u00e4kthet. Kunderna har m\u00f6jlighet att dra nytta av attraktiva kampanjerbjudanden, som \u00e4ndras beroende p\u00e5 s\u00e4song eller tillg\u00e4ngliga \u00e5tg\u00e4rder. <b>Priset<\/b> p\u00e5 till\u00e4gget beror p\u00e5 aktuella kampanjer, s\u00e5 det \u00e4r v\u00e4rt att bes\u00f6ka tillverkarens webbplats regelbundet f\u00f6r att hitta de b\u00e4sta k\u00f6palternativen.<\/p>\n\n\n\n<p>Det \u00e4r v\u00e4rt att notera att Dentolan inte finns p\u00e5 station\u00e4ra apotek, vilket g\u00f6r tillverkarens officiella webbplats till det enda st\u00e4llet att k\u00f6pa. Genom att kunna k\u00f6pa direkt fr\u00e5n tillverkaren kan kunderna dra nytta av en m\u00e4ngd olika erbjudanden och kampanjer, vilket g\u00f6r detta till det mest f\u00f6rdelaktiga valet. Dentolan-tillskottet har blivit popul\u00e4rt bland m\u00e4nniskor som vill f\u00f6rb\u00e4ttra sin munhygien och effektivt bek\u00e4mpa halitos.<\/p>\n\n\n\n<h2 class=\"wp-block-heading\">Dentolan &#8211; Biverkningar och kontraindikationer &#8211; \u00c4r det s\u00e4kert?<\/h2>\n\n\n\n<p>Dentolan anses vara ett s\u00e4kert <b>kosttillskott<\/b>, men som alla produkter kan det orsaka vissa <b>biverkningar<\/b>. I huvudsak har milda matsm\u00e4ltningsbesv\u00e4r som uppbl\u00e5sthet eller diarr\u00e9 rapporterats. Det \u00e4r v\u00e4rt att notera att dessa symtom vanligtvis \u00e4r tillf\u00e4lliga och inte kr\u00e4ver att anv\u00e4ndningen avbryts. Personer med allergier mot ingredienserna i Dentolan b\u00f6r vara f\u00f6rsiktiga och konsultera en l\u00e4kare innan de anv\u00e4nder den.<\/p>\n\n\n\n<p>Alla ingredienser i Dentolan \u00e4r av naturligt ursprung, vilket ytterligare bidrar till dess <b>s\u00e4kerhet<\/b>. Produkten inneh\u00e5ller inga konstgjorda tillsatser eller \u00e4mnen som kan orsaka allvarligare biverkningar. K\u00e4nda <b>kontraindikationer<\/b> inkluderar endast individuell intolerans mot n\u00e5gon av ingredienserna, s\u00e5 det \u00e4r viktigt att anv\u00e4ndarna f\u00e5r kunskap om kompositionen och svarar p\u00e5 eventuella obehag.<\/p>\n\n\n\n<p>Det \u00e4r alltid tillr\u00e5dligt att konsultera en specialist innan du b\u00f6rjar Dentolan-tillskott, s\u00e4rskilt f\u00f6r dem som tar andra mediciner eller med befintliga h\u00e4lsoproblem. Detta kommer att ge ytterligare skydd och hj\u00e4lpa till att undvika potentiella kontraindikationer. I slut\u00e4ndan \u00e4r Dentolan en produkt som effektivt st\u00f6der oral och matsm\u00e4ltningsh\u00e4lsa med minimal risk f\u00f6r biverkningar.<\/p>\n","protected":false},"excerpt":{"rendered":"<p><strong>[date_countdown]<\/strong><\/p>\n<p><img decoding=\"async\" class=\"alignnone wp-image-12507\" src=\"https:\/\/www.vardcentralenhjartatsolna.se\/farmaci\/wp-content\/uploads\/2024\/11\/SAFE-PAY-300x88-1.png\" alt=\"SAFE-PAY-300x88\" width=\"201\" height=\"59\" \/><\/p>\n","protected":false},"featured_media":12011,"comment_status":"open","ping_status":"closed","template":"","meta":{"neve_meta_sidebar":"","neve_meta_container":"","neve_meta_enable_content_width":"","neve_meta_content_width":0,"neve_meta_title_alignment":"","neve_meta_author_avatar":"","neve_post_elements_order":"","neve_meta_disable_header":"","neve_meta_disable_footer":"","neve_meta_disable_title":"","neve_meta_reading_time":""},"product_brand":[],"product_cat":[565],"product_tag":[],"class_list":{"0":"post-12448","1":"product","2":"type-product","3":"status-publish","4":"has-post-thumbnail","6":"product_cat-halsa","8":"first","9":"instock","10":"sale","11":"shipping-taxable","12":"product-type-external"},"yoast_head":"<!-- This site is optimized with the Yoast SEO plugin v27.4 - https:\/\/yoast.com\/product\/yoast-seo-wordpress\/ -->\n<title>Dentolan - Recension, Pris, Effekter, Apotek, Forum | -50%<\/title>\n<meta name=\"robots\" content=\"index, follow, max-snippet:-1, max-image-preview:large, max-video-preview:-1\" \/>\n<link rel=\"canonical\" href=\"https:\/\/www.vardcentralenhjartatsolna.se\/farmaci\/apt\/dentolan\/\" \/>\n<meta property=\"og:locale\" content=\"sv_SE\" \/>\n<meta property=\"og:type\" content=\"article\" \/>\n<meta property=\"og:title\" content=\"Dentolan - Recension, Pris, Effekter, Apotek, Forum | -50%\" \/>\n<meta property=\"og:url\" content=\"https:\/\/www.vardcentralenhjartatsolna.se\/farmaci\/apt\/dentolan\/\" \/>\n<meta property=\"og:site_name\" content=\"Vardcentralenhjartatsolna\" \/>\n<meta property=\"article:modified_time\" content=\"2024-11-15T15:34:54+00:00\" \/>\n<meta property=\"og:image\" content=\"https:\/\/www.vardcentralenhjartatsolna.se\/farmaci\/wp-content\/uploads\/2024\/11\/Dentolan.jpg\" \/>\n\t<meta property=\"og:image:width\" content=\"768\" \/>\n\t<meta property=\"og:image:height\" content=\"768\" \/>\n\t<meta property=\"og:image:type\" content=\"image\/jpeg\" \/>\n<meta name=\"twitter:card\" content=\"summary_large_image\" \/>\n<meta name=\"twitter:description\" content=\"[date_countdown]\" \/>\n<meta name=\"twitter:label1\" content=\"Ber\u00e4knad l\u00e4stid\" \/>\n\t<meta name=\"twitter:data1\" content=\"1 minut\" \/>\n<script type=\"application\/ld+json\" class=\"yoast-schema-graph\">{\"@context\":\"https:\\\/\\\/schema.org\",\"@graph\":[{\"@type\":\"WebPage\",\"@id\":\"https:\\\/\\\/www.vardcentralenhjartatsolna.se\\\/farmaci\\\/apt\\\/dentolan\\\/\",\"url\":\"https:\\\/\\\/www.vardcentralenhjartatsolna.se\\\/farmaci\\\/apt\\\/dentolan\\\/\",\"name\":\"Dentolan - Recension, Pris, Effekter, Apotek, Forum | -50%\",\"isPartOf\":{\"@id\":\"https:\\\/\\\/www.vardcentralenhjartatsolna.se\\\/farmaci\\\/#website\"},\"primaryImageOfPage\":{\"@id\":\"https:\\\/\\\/www.vardcentralenhjartatsolna.se\\\/farmaci\\\/apt\\\/dentolan\\\/#primaryimage\"},\"image\":{\"@id\":\"https:\\\/\\\/www.vardcentralenhjartatsolna.se\\\/farmaci\\\/apt\\\/dentolan\\\/#primaryimage\"},\"thumbnailUrl\":\"https:\\\/\\\/www.vardcentralenhjartatsolna.se\\\/farmaci\\\/wp-content\\\/uploads\\\/2024\\\/11\\\/Dentolan.jpg\",\"datePublished\":\"2024-11-09T14:08:37+00:00\",\"dateModified\":\"2024-11-15T15:34:54+00:00\",\"breadcrumb\":{\"@id\":\"https:\\\/\\\/www.vardcentralenhjartatsolna.se\\\/farmaci\\\/apt\\\/dentolan\\\/#breadcrumb\"},\"inLanguage\":\"sv-SE\",\"potentialAction\":[{\"@type\":\"ReadAction\",\"target\":[\"https:\\\/\\\/www.vardcentralenhjartatsolna.se\\\/farmaci\\\/apt\\\/dentolan\\\/\"]}]},{\"@type\":\"ImageObject\",\"inLanguage\":\"sv-SE\",\"@id\":\"https:\\\/\\\/www.vardcentralenhjartatsolna.se\\\/farmaci\\\/apt\\\/dentolan\\\/#primaryimage\",\"url\":\"https:\\\/\\\/www.vardcentralenhjartatsolna.se\\\/farmaci\\\/wp-content\\\/uploads\\\/2024\\\/11\\\/Dentolan.jpg\",\"contentUrl\":\"https:\\\/\\\/www.vardcentralenhjartatsolna.se\\\/farmaci\\\/wp-content\\\/uploads\\\/2024\\\/11\\\/Dentolan.jpg\",\"width\":768,\"height\":768},{\"@type\":\"BreadcrumbList\",\"@id\":\"https:\\\/\\\/www.vardcentralenhjartatsolna.se\\\/farmaci\\\/apt\\\/dentolan\\\/#breadcrumb\",\"itemListElement\":[{\"@type\":\"ListItem\",\"position\":1,\"name\":\"Strona g\u0142\u00f3wna\",\"item\":\"https:\\\/\\\/www.vardcentralenhjartatsolna.se\\\/farmaci\\\/\"},{\"@type\":\"ListItem\",\"position\":2,\"name\":\"Produkte\",\"item\":\"https:\\\/\\\/www.vardcentralenhjartatsolna.se\\\/farmaci\\\/\"},{\"@type\":\"ListItem\",\"position\":3,\"name\":\"Dentolan\"}]},{\"@type\":\"WebSite\",\"@id\":\"https:\\\/\\\/www.vardcentralenhjartatsolna.se\\\/farmaci\\\/#website\",\"url\":\"https:\\\/\\\/www.vardcentralenhjartatsolna.se\\\/farmaci\\\/\",\"name\":\"Vardcentralenhjartatsolna\",\"description\":\"\",\"potentialAction\":[{\"@type\":\"SearchAction\",\"target\":{\"@type\":\"EntryPoint\",\"urlTemplate\":\"https:\\\/\\\/www.vardcentralenhjartatsolna.se\\\/farmaci\\\/?s={search_term_string}\"},\"query-input\":{\"@type\":\"PropertyValueSpecification\",\"valueRequired\":true,\"valueName\":\"search_term_string\"}}],\"inLanguage\":\"sv-SE\"}]}<\/script>\n<!-- \/ Yoast SEO plugin. -->","yoast_head_json":{"title":"Dentolan - Recension, Pris, Effekter, Apotek, Forum | -50%","robots":{"index":"index","follow":"follow","max-snippet":"max-snippet:-1","max-image-preview":"max-image-preview:large","max-video-preview":"max-video-preview:-1"},"canonical":"https:\/\/www.vardcentralenhjartatsolna.se\/farmaci\/apt\/dentolan\/","og_locale":"sv_SE","og_type":"article","og_title":"Dentolan - Recension, Pris, Effekter, Apotek, Forum | -50%","og_url":"https:\/\/www.vardcentralenhjartatsolna.se\/farmaci\/apt\/dentolan\/","og_site_name":"Vardcentralenhjartatsolna","article_modified_time":"2024-11-15T15:34:54+00:00","og_image":[{"width":768,"height":768,"url":"https:\/\/www.vardcentralenhjartatsolna.se\/farmaci\/wp-content\/uploads\/2024\/11\/Dentolan.jpg","type":"image\/jpeg"}],"twitter_card":"summary_large_image","twitter_description":"[date_countdown]","twitter_misc":{"Ber\u00e4knad l\u00e4stid":"1 minut"},"schema":{"@context":"https:\/\/schema.org","@graph":[{"@type":"WebPage","@id":"https:\/\/www.vardcentralenhjartatsolna.se\/farmaci\/apt\/dentolan\/","url":"https:\/\/www.vardcentralenhjartatsolna.se\/farmaci\/apt\/dentolan\/","name":"Dentolan - Recension, Pris, Effekter, Apotek, Forum | -50%","isPartOf":{"@id":"https:\/\/www.vardcentralenhjartatsolna.se\/farmaci\/#website"},"primaryImageOfPage":{"@id":"https:\/\/www.vardcentralenhjartatsolna.se\/farmaci\/apt\/dentolan\/#primaryimage"},"image":{"@id":"https:\/\/www.vardcentralenhjartatsolna.se\/farmaci\/apt\/dentolan\/#primaryimage"},"thumbnailUrl":"https:\/\/www.vardcentralenhjartatsolna.se\/farmaci\/wp-content\/uploads\/2024\/11\/Dentolan.jpg","datePublished":"2024-11-09T14:08:37+00:00","dateModified":"2024-11-15T15:34:54+00:00","breadcrumb":{"@id":"https:\/\/www.vardcentralenhjartatsolna.se\/farmaci\/apt\/dentolan\/#breadcrumb"},"inLanguage":"sv-SE","potentialAction":[{"@type":"ReadAction","target":["https:\/\/www.vardcentralenhjartatsolna.se\/farmaci\/apt\/dentolan\/"]}]},{"@type":"ImageObject","inLanguage":"sv-SE","@id":"https:\/\/www.vardcentralenhjartatsolna.se\/farmaci\/apt\/dentolan\/#primaryimage","url":"https:\/\/www.vardcentralenhjartatsolna.se\/farmaci\/wp-content\/uploads\/2024\/11\/Dentolan.jpg","contentUrl":"https:\/\/www.vardcentralenhjartatsolna.se\/farmaci\/wp-content\/uploads\/2024\/11\/Dentolan.jpg","width":768,"height":768},{"@type":"BreadcrumbList","@id":"https:\/\/www.vardcentralenhjartatsolna.se\/farmaci\/apt\/dentolan\/#breadcrumb","itemListElement":[{"@type":"ListItem","position":1,"name":"Strona g\u0142\u00f3wna","item":"https:\/\/www.vardcentralenhjartatsolna.se\/farmaci\/"},{"@type":"ListItem","position":2,"name":"Produkte","item":"https:\/\/www.vardcentralenhjartatsolna.se\/farmaci\/"},{"@type":"ListItem","position":3,"name":"Dentolan"}]},{"@type":"WebSite","@id":"https:\/\/www.vardcentralenhjartatsolna.se\/farmaci\/#website","url":"https:\/\/www.vardcentralenhjartatsolna.se\/farmaci\/","name":"Vardcentralenhjartatsolna","description":"","potentialAction":[{"@type":"SearchAction","target":{"@type":"EntryPoint","urlTemplate":"https:\/\/www.vardcentralenhjartatsolna.se\/farmaci\/?s={search_term_string}"},"query-input":{"@type":"PropertyValueSpecification","valueRequired":true,"valueName":"search_term_string"}}],"inLanguage":"sv-SE"}]}},"_links":{"self":[{"href":"https:\/\/www.vardcentralenhjartatsolna.se\/farmaci\/wp-json\/wp\/v2\/product\/12448","targetHints":{"allow":["GET"]}}],"collection":[{"href":"https:\/\/www.vardcentralenhjartatsolna.se\/farmaci\/wp-json\/wp\/v2\/product"}],"about":[{"href":"https:\/\/www.vardcentralenhjartatsolna.se\/farmaci\/wp-json\/wp\/v2\/types\/product"}],"replies":[{"embeddable":true,"href":"https:\/\/www.vardcentralenhjartatsolna.se\/farmaci\/wp-json\/wp\/v2\/comments?post=12448"}],"wp:featuredmedia":[{"embeddable":true,"href":"https:\/\/www.vardcentralenhjartatsolna.se\/farmaci\/wp-json\/wp\/v2\/media\/12011"}],"wp:attachment":[{"href":"https:\/\/www.vardcentralenhjartatsolna.se\/farmaci\/wp-json\/wp\/v2\/media?parent=12448"}],"wp:term":[{"taxonomy":"product_brand","embeddable":true,"href":"https:\/\/www.vardcentralenhjartatsolna.se\/farmaci\/wp-json\/wp\/v2\/product_brand?post=12448"},{"taxonomy":"product_cat","embeddable":true,"href":"https:\/\/www.vardcentralenhjartatsolna.se\/farmaci\/wp-json\/wp\/v2\/product_cat?post=12448"},{"taxonomy":"product_tag","embeddable":true,"href":"https:\/\/www.vardcentralenhjartatsolna.se\/farmaci\/wp-json\/wp\/v2\/product_tag?post=12448"}],"curies":[{"name":"wp","href":"https:\/\/api.w.org\/{rel}","templated":true}]}}