{"id":12445,"date":"2024-11-09T15:08:36","date_gmt":"2024-11-09T14:08:36","guid":{"rendered":"https:\/\/blodsjukdom.se\/farmaci\/apt\/bravona-forte\/"},"modified":"2024-11-13T15:45:02","modified_gmt":"2024-11-13T14:45:02","slug":"bravona-forte","status":"publish","type":"product","link":"https:\/\/www.vardcentralenhjartatsolna.se\/farmaci\/apt\/bravona-forte\/","title":{"rendered":"Bravona Forte"},"content":{"rendered":"\n<h2 class=\"wp-block-heading\">Vad \u00e4r Bravona Forte och hur fungerar det?<\/h2>\n\n\n\n<p><b>Bravona Forte<\/b> \u00e4r ett <em>kosttillskott<\/em> som \u00e4r utformat f\u00f6r att st\u00f6dja kroppens n\u00e4ringsprocesser och f\u00f6rb\u00e4ttra den allm\u00e4nna h\u00e4lsan. De viktigaste ingredienserna i formeln \u00e4r utformade f\u00f6r att st\u00e4rka immuniteten och p\u00e5skynda \u00e4mnesoms\u00e4ttningen. Tack vare de l\u00e4mpligt utvalda \u00e4mnena st\u00f6der <b>Bravona Forte<\/b> effektivt kroppens naturliga funktioner.<\/p>\n\n\n\n<p>Verkningsmekanismen f\u00f6r <b>Bravona Forte<\/b> \u00e4r att tillhandah\u00e5lla koncentrerade n\u00e4rings\u00e4mnen som f\u00f6rb\u00e4ttrar v\u00e4lbefinnandet. Detta till\u00e4gg riktar sig till m\u00e4nniskor som vill f\u00f6rb\u00e4ttra sin h\u00e4lsa. <b>Anv\u00e4ndningen<\/b> av Bravona Forte rekommenderas som en del av en h\u00e4lsosam livsstil och <b>effekterna<\/b> kan ses efter en l\u00e4ngre period av regelbunden anv\u00e4ndning.<\/p>\n\n\n\n<figure class=\"wp-block-table\"><table class=\"has-fixed-layout\"><tbody><tr><th>Aspekter<\/th><th>Beskrivning av produkten<\/th><\/tr><tr><td>Typ av produkt<\/td><td><b>Kosttillskott<\/b><\/td><\/tr><tr><td>Syfte och m\u00e5ls\u00e4ttning<\/td><td>St\u00f6d f\u00f6r immunf\u00f6rsvaret och \u00e4mnesoms\u00e4ttningen<\/td><\/tr><tr><td>Aktiva ingredienser<\/td><td>Naturliga n\u00e4rings\u00e4mnen<\/td><\/tr><tr><td>Rekommenderas f\u00f6r<\/td><td>Personer som vill f\u00f6rb\u00e4ttra <b>sin h\u00e4lsa<\/b><\/td><\/tr><tr><td><b>Anv\u00e4ndning<\/b><\/td><td>Enligt rekommendation fr\u00e5n tillverkaren<\/td><\/tr><\/tbody><\/table><\/figure>\n\n\n\n<h2 class=\"wp-block-heading\">Effekter av att anv\u00e4nda Bravona Forte<\/h2>\n\n\n\n<p><b>Anv\u00e4ndningen<\/b> av Bravona Forte kan ha ett antal positiva effekter p\u00e5 <b>h\u00e4lsan<\/b>. Detta tillskott \u00e4r utformat f\u00f6r kvinnor som vill f\u00f6rb\u00e4ttra br\u00f6stens fasthet och storlek. Regelbunden anv\u00e4ndning kan resultera i <em>en synlig br\u00f6stlyft<\/em>, vilket bidrar till en push-up-effekt och \u00f6kar bystvolymen med <em>tv\u00e5 storlekar<\/em> p\u00e5 bara n\u00e5gra veckor.<\/p>\n\n\n\n<p>I en studie som genomf\u00f6rdes p\u00e5 en grupp kvinnor bekr\u00e4ftade upp till 95% de positiva <b>effekterna av<\/b> Bravona Forte-tillskottet. Anv\u00e4ndare m\u00e4rkte en f\u00f6rb\u00e4ttring av bystens fasthet och elasticitet. Ingredienserna i beredningen, s\u00e5som v\u00e4xtextrakt, oljor och <b>vitaminer<\/b>, har en gynnsam effekt p\u00e5 br\u00f6stens tillst\u00e5nd, och deras regelbundna anv\u00e4ndning kan \u00e5terst\u00e4lla ett ungdomligt utseende. <b>Effekterna<\/b> av brendu \u00e4r ofta synliga efter bara <em>tv\u00e5 veckor<\/em>, medan optimala resultat uppn\u00e5s efter tre m\u00e5naders tillskott.<\/p>\n\n\n\n<figure class=\"wp-block-table\"><table class=\"has-fixed-layout\"><tbody><tr><th>Effekter<\/th><th>Tid till f\u00f6rsta resultat<\/th><th>Medelstor f\u00f6rstoring<\/th><\/tr><tr><td>Br\u00f6stlyft<\/td><td>2 veckor<\/td><td>1-2 storlekar<\/td><\/tr><tr><td>F\u00f6rb\u00e4ttrad fasthet<\/td><td>2-4 veckor<\/td><td>Upp till 2 storlekar<\/td><\/tr><tr><td>Push-up-effekt<\/td><td>4 veckor<\/td><td>Oidentifierad<\/td><\/tr><\/tbody><\/table><\/figure>\n\n\n\n<p>Bravona Forte st\u00f6der ocks\u00e5 metabolismen av k\u00f6nshormoner, vilket kan vara f\u00f6rdelaktigt f\u00f6r kvinnor under klimakteriet eller efter graviditeten. Tack vare sina naturliga ingredienser p\u00e5verkar produkten den allm\u00e4nna <b>h\u00e4lsan<\/b>, vilket inte bara gynnar estetiken utan ocks\u00e5 v\u00e4lbefinnandet. Varje kvinna som anv\u00e4nder Bravona Forte kommer sannolikt att ha en individuell upplevelse, s\u00e5 resultaten kan variera beroende p\u00e5 personliga f\u00f6ruts\u00e4ttningar.<\/p>\n\n\n\n<h2 class=\"wp-block-heading\">Hur man anv\u00e4nder Bravona Forte? &#8211; Dosering<\/h2>\n\n\n\n<p>Anv\u00e4ndningen av Bravona Forte \u00e4r nyckeln till att uppn\u00e5 de \u00f6nskade resultaten. Produkten best\u00e5r av tv\u00e5 komponenter: ett kosttillskott och en kr\u00e4m, som tillsammans f\u00f6rb\u00e4ttrar bystens utseende. <b>Doseringen<\/b> av Bravona Forte b\u00f6r justeras enligt tillverkarens rekommendationer, liksom anv\u00e4ndarens individuella behov.<\/p>\n\n\n\n<p>Den rekommenderade dosen \u00e4r:<\/p>\n\n\n\n<ul class=\"wp-block-list\">\n<li>Ta tv\u00e5 Bravona Forte-kapslar dagligen och drick mycket vatten.<\/li>\n\n\n\n<li>Applicera kr\u00e4men p\u00e5 br\u00f6stens hud tv\u00e5 g\u00e5nger om dagen med hj\u00e4lp av cirkul\u00e4ra massager\u00f6relser.<\/li>\n<\/ul>\n\n\n\n<p>Regelbundenhet i anv\u00e4ndningen av denna produkt \u00e4r nyckeln till att uppn\u00e5 synliga resultat. M\u00e5nga anv\u00e4ndare har m\u00e4rkt en f\u00f6rb\u00e4ttring efter tv\u00e5 veckors anv\u00e4ndning, och maximala resultat kan uppn\u00e5s efter tv\u00e5 till tre m\u00e5naders regelbunden anv\u00e4ndning.<\/p>\n\n\n\n<figure class=\"wp-block-table\"><table class=\"has-fixed-layout\"><tbody><tr><th>Element<\/th><th>Dosering<\/th><th>Kommentarer<\/th><\/tr><tr><td>Kapslar<\/td><td>2 per dag<\/td><td>Drick med vatten<\/td><\/tr><tr><td>Kr\u00e4m<\/td><td>2 g\u00e5nger om dagen<\/td><td>Massera i cirkul\u00e4ra r\u00f6relser<\/td><\/tr><\/tbody><\/table><\/figure>\n\n\n\n<p>Att anv\u00e4nda Bravona Forte enligt rekommendation kan bidra till en \u00f6kning av byststorleken p\u00e5 upp till tre storlekar. Det \u00e4r v\u00e4rt att komma ih\u00e5g att undvika att \u00f6verskrida den f\u00f6reslagna dosen f\u00f6r att undvika potentiella biverkningar.<\/p>\n\n\n\n<h2 class=\"wp-block-heading\">Anv\u00e4ndarupplevelser och recensioner av Bravona Forte &#8211; vad \u00e4r recensionerna?<\/h2>\n\n\n\n<p>Bravona<b>Forte-recensioner<\/b> \u00e4r \u00f6verv\u00e4ldigande positiva, vilket framg\u00e5r av m\u00e5nga <b>anv\u00e4ndarupplevelser<\/b>. Anv\u00e4ndare av detta <b>kosttillskott<\/b> lyfter ofta fram dess positiva effekter p\u00e5 hum\u00f6r och energiniv\u00e5er.<\/p>\n\n\n\n<blockquote class=\"wp-block-quote is-layout-flow wp-block-quote-is-layout-flow\">\n<p>Kasia: <em>&#8221;Jag har anv\u00e4nt Bravona Forte i tv\u00e5 m\u00e5nader och har sett en betydande \u00f6kning av energi under hela dagen. Mitt hum\u00f6r har f\u00f6rb\u00e4ttrats avsev\u00e4rt och min immunitet verkar vara b\u00e4ttre j\u00e4mf\u00f6rt med f\u00f6rra \u00e5ret.&#8221;<\/em><\/p>\n<\/blockquote>\n\n\n\n<blockquote class=\"wp-block-quote is-layout-flow wp-block-quote-is-layout-flow\">\n<p>Marek: <em>&#8221;Jag har m\u00e4rkt att Bravona Forte har hj\u00e4lpt mig att bek\u00e4mpa den dagliga tr\u00f6ttheten. Sedan jag b\u00f6rjade ta det k\u00e4nner jag mig mindre stressad och jag kan fokusera b\u00e4ttre p\u00e5 jobbet.&#8221;<\/em><\/p>\n<\/blockquote>\n\n\n\n<blockquote class=\"wp-block-quote is-layout-flow wp-block-quote-is-layout-flow\">\n<p>Ania: <em>&#8221;Jag har tagit Bravona Forte under en diet och har m\u00e4rkt att det st\u00f6der min \u00e4mnesoms\u00e4ttning. Den g\u00f6r att jag k\u00e4nner mig m\u00e4tt snabbare, vilket g\u00f6r det l\u00e4ttare f\u00f6r mig att h\u00e5lla mina f\u00f6resatser.&#8221;<\/em><\/p>\n<\/blockquote>\n\n\n\n<p><b>Anv\u00e4ndarrecensioner<\/b> pekar p\u00e5 en m\u00e4ngd olika f\u00f6rdelar. Med regelbunden anv\u00e4ndning av Bravon Forte har m\u00e5nga m\u00e4nniskor m\u00e4rkt f\u00f6rb\u00e4ttringar av fysisk och mental prestanda. De citerade <b>erfarenheterna<\/b> visar att detta till\u00e4gg kan vara ett hj\u00e4lpmedel i str\u00e4van efter b\u00e4ttre h\u00e4lsa och v\u00e4lbefinnande.<\/p>\n\n\n\n<h2 class=\"wp-block-heading\">Bravona Forte &#8211; Sammans\u00e4ttning &#8211; Vad inneh\u00e5ller det?<\/h2>\n\n\n\n<p>Bravona Forte \u00e4r ett <b>kosttillskott<\/b> som sticker ut f\u00f6r sin noggrant utvalda <em>sammans\u00e4ttning av<\/em> naturliga ingredienser. Produkten \u00e4r avsedd f\u00f6r kvinnor som vill f\u00f6rb\u00e4ttra utseendet p\u00e5 sina br\u00f6st p\u00e5 ett icke-invasivt s\u00e4tt. Tillskottets sammans\u00e4ttning inkluderar olika v\u00e4xtextrakt som arbetar tillsammans med vitaminer och mineraler f\u00f6r att st\u00f6dja kroppens h\u00e4lsa.<\/p>\n\n\n\n<figure class=\"wp-block-table\"><table class=\"has-fixed-layout\"><tbody><tr><th>Ingrediens<\/th><th>Typ av ingrediens<\/th><th>Effekt<\/th><\/tr><tr><td>Italiensk f\u00e4nk\u00e5l<\/td><td>V\u00e4xtextrakt<\/td><td>St\u00f6djer bystf\u00f6rstoring<\/td><\/tr><tr><td>Fenugreek<\/td><td>Extrakt fr\u00e5n v\u00e4xt<\/td><td>F\u00f6rb\u00e4ttrar hudens fasthet<\/td><\/tr><tr><td>Maskrosblad<\/td><td>Extrakt fr\u00e5n v\u00e4xt<\/td><td>St\u00f6djer avgiftning av kroppen<\/td><\/tr><tr><td>L-tyrosin<\/td><td>Aminosyra<\/td><td>Bidrar till f\u00f6rb\u00e4ttrad vitalitet<\/td><\/tr><\/tbody><\/table><\/figure>\n\n\n\n<p>J\u00e4mf\u00f6rt med andra produkter p\u00e5 marknaden erbjuder <em>Bravona Forte<\/em> exceptionellt v\u00e4rde f\u00f6r pengarna. Det \u00e4r viktigt att f\u00f6lja den rekommenderade dosen p\u00e5 2 kapslar per dag och dricka 300 ml vatten. Dessutom har till\u00e4ggets <b>sammans\u00e4ttning<\/b> utformats f\u00f6r att minimera risken f\u00f6r biverkningar. Produkten \u00e4r ett kosttillskott och dess effektivitet kan variera beroende p\u00e5 anv\u00e4ndarens kropp.<\/p>\n\n\n\n<p>F\u00f6r gravida och ammande kvinnor rekommenderas f\u00f6rsiktighet vid anv\u00e4ndning. Bravona Forte ska f\u00f6rvaras i sin originalf\u00f6rpackning, p\u00e5 en m\u00f6rk och sval plats. Den korrekta <em>sammans\u00e4ttningen<\/em> och ingrediensernas naturliga ursprung g\u00f6r detta till\u00e4gg till ett s\u00e4kert val f\u00f6r personer \u00f6ver arton \u00e5r.<\/p>\n\n\n\n<h2 class=\"wp-block-heading\">Pris p\u00e5 Bravona Forte &#8211; Var kan jag k\u00f6pa?<\/h2>\n\n\n\n<p>Bravona Forte \u00e4r ett kosttillskott som endast \u00e4r tillg\u00e4ngligt fr\u00e5n tillverkarens officiella webbplats. Erbjuds till ett attraktivt pris, med kampanjer f\u00f6r att k\u00f6pa fler f\u00f6rpackningar, det \u00e4r en effektiv l\u00f6sning f\u00f6r kvinnor som letar efter naturligt st\u00f6d f\u00f6r br\u00f6stf\u00f6rstoring. Produkten kombinerar tillskott med en aktuell appliceringskr\u00e4m, som inneh\u00e5ller ingredienser som bockhornskl\u00f6verfr\u00f6extrakt, kinesisk angelikarot och r\u00f6dkl\u00f6verextrakt f\u00f6r att st\u00f6dja den naturliga bystf\u00f6rstoringsprocessen.<\/p>\n\n\n\n<p>F\u00f6r b\u00e4sta resultat rekommenderas kapslar och regelbunden applicering av kr\u00e4m, vilket kan f\u00f6rb\u00e4ttra hudens fasthet och fr\u00e4mja elasticitet. Genom att regelbundet kontrollera tillverkarens officiella webbplats kan du dra nytta av kampanjer och de b\u00e4sta priserna.<\/p>\n\n\n\n<h2 class=\"wp-block-heading\">Bravona Forte &#8211; Potentiella biverkningar och kontraindikationer att anv\u00e4nda<\/h2>\n\n\n\n<p>Bravona Forte \u00e4r ett kosttillskott som kan gynna m\u00e5nga m\u00e4nniskor. Men n\u00e4r du anv\u00e4nder n\u00e5got till\u00e4gg \u00e4r det v\u00e4rt att vara uppm\u00e4rksam p\u00e5 potentiella <em>biverkningar<\/em> och <em>kontraindikationer<\/em> f\u00f6r dess anv\u00e4ndning.<\/p>\n\n\n\n<p><b>Biverkningar<\/b> kan f\u00f6rekomma s\u00e4rskilt hos personer som \u00e4r k\u00e4nsliga f\u00f6r ingredienserna i beredningen. De vanligaste biverkningarna inkluderar:<\/p>\n\n\n\n<ul class=\"wp-block-list\">\n<li>Allergiska reaktioner, s\u00e5som utslag eller kl\u00e5da;<\/li>\n\n\n\n<li>Magproblem, inklusive illam\u00e5ende eller buksm\u00e4rta;<\/li>\n\n\n\n<li>F\u00f6r\u00e4ndringar i hum\u00f6r eller tr\u00f6tthetsk\u00e4nslor.<\/li>\n<\/ul>\n\n\n\n<p>Det \u00e4r viktigt att personer med allergier mot n\u00e5gon av ingredienserna i Bravona Forte konsulterar sin l\u00e4kare innan de b\u00f6rjar komplettera. <em>Kontraindikationer<\/em> inkluderar:<\/p>\n\n\n\n<ul class=\"wp-block-list\">\n<li>Gravida och ammande kvinnor;<\/li>\n\n\n\n<li>M\u00e4nniskor som tar receptfria mediciner som kan interagera med till\u00e4gget;<\/li>\n\n\n\n<li>Patienter med kroniska medicinska tillst\u00e5nd som kr\u00e4ver konstant medicinsk \u00f6vervakning.<\/li>\n<\/ul>\n\n\n\n<p>Innan du tar Bravona Forte \u00e4r det en bra id\u00e9 att l\u00e4sa bipacksedeln och, om du \u00e4r os\u00e4ker, r\u00e5dfr\u00e5ga din l\u00e4kare. Detta kommer att bidra till att minimera risken f\u00f6r <em>biverkningar<\/em> och s\u00e4kerst\u00e4lla s\u00e4ker anv\u00e4ndning av tillskottet. R\u00e4tt inst\u00e4llning till kosttillskott kommer att bidra till b\u00e4ttre h\u00e4lsa och v\u00e4lbefinnande.<\/p>\n","protected":false},"excerpt":{"rendered":"<p><strong>[date_countdown]<\/strong><\/p>\n<p><img decoding=\"async\" class=\"alignnone  wp-image-12507\" src=\"https:\/\/www.vardcentralenhjartatsolna.se\/farmaci\/wp-content\/uploads\/2024\/11\/SAFE-PAY-300x88-1.png\" alt=\"SAFE-PAY-300x88\" width=\"201\" height=\"59\" \/><\/p>\n","protected":false},"featured_media":12003,"comment_status":"open","ping_status":"closed","template":"","meta":{"neve_meta_sidebar":"","neve_meta_container":"","neve_meta_enable_content_width":"","neve_meta_content_width":0,"neve_meta_title_alignment":"","neve_meta_author_avatar":"","neve_post_elements_order":"","neve_meta_disable_header":"","neve_meta_disable_footer":"","neve_meta_disable_title":"","neve_meta_reading_time":""},"product_brand":[],"product_cat":[566],"product_tag":[],"class_list":{"0":"post-12445","1":"product","2":"type-product","3":"status-publish","4":"has-post-thumbnail","6":"product_cat-skonhet","8":"first","9":"instock","10":"sale","11":"shipping-taxable","12":"product-type-external"},"yoast_head":"<!-- This site is optimized with the Yoast SEO plugin v27.4 - https:\/\/yoast.com\/product\/yoast-seo-wordpress\/ -->\n<title>Bravona Forte - Recension, Pris, Effekter, Apotek, Forum | -50%<\/title>\n<meta name=\"robots\" content=\"index, follow, max-snippet:-1, max-image-preview:large, max-video-preview:-1\" \/>\n<link rel=\"canonical\" href=\"https:\/\/www.vardcentralenhjartatsolna.se\/farmaci\/apt\/bravona-forte\/\" \/>\n<meta property=\"og:locale\" content=\"sv_SE\" \/>\n<meta property=\"og:type\" content=\"article\" \/>\n<meta property=\"og:title\" content=\"Bravona Forte - Recension, Pris, Effekter, Apotek, Forum | -50%\" \/>\n<meta property=\"og:url\" content=\"https:\/\/www.vardcentralenhjartatsolna.se\/farmaci\/apt\/bravona-forte\/\" \/>\n<meta property=\"og:site_name\" content=\"Vardcentralenhjartatsolna\" \/>\n<meta property=\"article:modified_time\" content=\"2024-11-13T14:45:02+00:00\" \/>\n<meta property=\"og:image\" content=\"https:\/\/www.vardcentralenhjartatsolna.se\/farmaci\/wp-content\/uploads\/2024\/11\/Bravona-Forte.jpg\" \/>\n\t<meta property=\"og:image:width\" content=\"768\" \/>\n\t<meta property=\"og:image:height\" content=\"768\" \/>\n\t<meta property=\"og:image:type\" content=\"image\/jpeg\" \/>\n<meta name=\"twitter:card\" content=\"summary_large_image\" \/>\n<meta name=\"twitter:description\" content=\"[date_countdown]\" \/>\n<meta name=\"twitter:label1\" content=\"Ber\u00e4knad l\u00e4stid\" \/>\n\t<meta name=\"twitter:data1\" content=\"6 minuter\" \/>\n<script type=\"application\/ld+json\" class=\"yoast-schema-graph\">{\"@context\":\"https:\\\/\\\/schema.org\",\"@graph\":[{\"@type\":\"WebPage\",\"@id\":\"https:\\\/\\\/www.vardcentralenhjartatsolna.se\\\/farmaci\\\/apt\\\/bravona-forte\\\/\",\"url\":\"https:\\\/\\\/www.vardcentralenhjartatsolna.se\\\/farmaci\\\/apt\\\/bravona-forte\\\/\",\"name\":\"Bravona Forte - Recension, Pris, Effekter, Apotek, Forum | -50%\",\"isPartOf\":{\"@id\":\"https:\\\/\\\/www.vardcentralenhjartatsolna.se\\\/farmaci\\\/#website\"},\"primaryImageOfPage\":{\"@id\":\"https:\\\/\\\/www.vardcentralenhjartatsolna.se\\\/farmaci\\\/apt\\\/bravona-forte\\\/#primaryimage\"},\"image\":{\"@id\":\"https:\\\/\\\/www.vardcentralenhjartatsolna.se\\\/farmaci\\\/apt\\\/bravona-forte\\\/#primaryimage\"},\"thumbnailUrl\":\"https:\\\/\\\/www.vardcentralenhjartatsolna.se\\\/farmaci\\\/wp-content\\\/uploads\\\/2024\\\/11\\\/Bravona-Forte.jpg\",\"datePublished\":\"2024-11-09T14:08:36+00:00\",\"dateModified\":\"2024-11-13T14:45:02+00:00\",\"breadcrumb\":{\"@id\":\"https:\\\/\\\/www.vardcentralenhjartatsolna.se\\\/farmaci\\\/apt\\\/bravona-forte\\\/#breadcrumb\"},\"inLanguage\":\"sv-SE\",\"potentialAction\":[{\"@type\":\"ReadAction\",\"target\":[\"https:\\\/\\\/www.vardcentralenhjartatsolna.se\\\/farmaci\\\/apt\\\/bravona-forte\\\/\"]}]},{\"@type\":\"ImageObject\",\"inLanguage\":\"sv-SE\",\"@id\":\"https:\\\/\\\/www.vardcentralenhjartatsolna.se\\\/farmaci\\\/apt\\\/bravona-forte\\\/#primaryimage\",\"url\":\"https:\\\/\\\/www.vardcentralenhjartatsolna.se\\\/farmaci\\\/wp-content\\\/uploads\\\/2024\\\/11\\\/Bravona-Forte.jpg\",\"contentUrl\":\"https:\\\/\\\/www.vardcentralenhjartatsolna.se\\\/farmaci\\\/wp-content\\\/uploads\\\/2024\\\/11\\\/Bravona-Forte.jpg\",\"width\":768,\"height\":768},{\"@type\":\"BreadcrumbList\",\"@id\":\"https:\\\/\\\/www.vardcentralenhjartatsolna.se\\\/farmaci\\\/apt\\\/bravona-forte\\\/#breadcrumb\",\"itemListElement\":[{\"@type\":\"ListItem\",\"position\":1,\"name\":\"Strona g\u0142\u00f3wna\",\"item\":\"https:\\\/\\\/www.vardcentralenhjartatsolna.se\\\/farmaci\\\/\"},{\"@type\":\"ListItem\",\"position\":2,\"name\":\"Produkte\",\"item\":\"https:\\\/\\\/www.vardcentralenhjartatsolna.se\\\/farmaci\\\/\"},{\"@type\":\"ListItem\",\"position\":3,\"name\":\"Bravona Forte\"}]},{\"@type\":\"WebSite\",\"@id\":\"https:\\\/\\\/www.vardcentralenhjartatsolna.se\\\/farmaci\\\/#website\",\"url\":\"https:\\\/\\\/www.vardcentralenhjartatsolna.se\\\/farmaci\\\/\",\"name\":\"Vardcentralenhjartatsolna\",\"description\":\"\",\"potentialAction\":[{\"@type\":\"SearchAction\",\"target\":{\"@type\":\"EntryPoint\",\"urlTemplate\":\"https:\\\/\\\/www.vardcentralenhjartatsolna.se\\\/farmaci\\\/?s={search_term_string}\"},\"query-input\":{\"@type\":\"PropertyValueSpecification\",\"valueRequired\":true,\"valueName\":\"search_term_string\"}}],\"inLanguage\":\"sv-SE\"}]}<\/script>\n<!-- \/ Yoast SEO plugin. -->","yoast_head_json":{"title":"Bravona Forte - Recension, Pris, Effekter, Apotek, Forum | -50%","robots":{"index":"index","follow":"follow","max-snippet":"max-snippet:-1","max-image-preview":"max-image-preview:large","max-video-preview":"max-video-preview:-1"},"canonical":"https:\/\/www.vardcentralenhjartatsolna.se\/farmaci\/apt\/bravona-forte\/","og_locale":"sv_SE","og_type":"article","og_title":"Bravona Forte - Recension, Pris, Effekter, Apotek, Forum | -50%","og_url":"https:\/\/www.vardcentralenhjartatsolna.se\/farmaci\/apt\/bravona-forte\/","og_site_name":"Vardcentralenhjartatsolna","article_modified_time":"2024-11-13T14:45:02+00:00","og_image":[{"width":768,"height":768,"url":"https:\/\/www.vardcentralenhjartatsolna.se\/farmaci\/wp-content\/uploads\/2024\/11\/Bravona-Forte.jpg","type":"image\/jpeg"}],"twitter_card":"summary_large_image","twitter_description":"[date_countdown]","twitter_misc":{"Ber\u00e4knad l\u00e4stid":"6 minuter"},"schema":{"@context":"https:\/\/schema.org","@graph":[{"@type":"WebPage","@id":"https:\/\/www.vardcentralenhjartatsolna.se\/farmaci\/apt\/bravona-forte\/","url":"https:\/\/www.vardcentralenhjartatsolna.se\/farmaci\/apt\/bravona-forte\/","name":"Bravona Forte - Recension, Pris, Effekter, Apotek, Forum | -50%","isPartOf":{"@id":"https:\/\/www.vardcentralenhjartatsolna.se\/farmaci\/#website"},"primaryImageOfPage":{"@id":"https:\/\/www.vardcentralenhjartatsolna.se\/farmaci\/apt\/bravona-forte\/#primaryimage"},"image":{"@id":"https:\/\/www.vardcentralenhjartatsolna.se\/farmaci\/apt\/bravona-forte\/#primaryimage"},"thumbnailUrl":"https:\/\/www.vardcentralenhjartatsolna.se\/farmaci\/wp-content\/uploads\/2024\/11\/Bravona-Forte.jpg","datePublished":"2024-11-09T14:08:36+00:00","dateModified":"2024-11-13T14:45:02+00:00","breadcrumb":{"@id":"https:\/\/www.vardcentralenhjartatsolna.se\/farmaci\/apt\/bravona-forte\/#breadcrumb"},"inLanguage":"sv-SE","potentialAction":[{"@type":"ReadAction","target":["https:\/\/www.vardcentralenhjartatsolna.se\/farmaci\/apt\/bravona-forte\/"]}]},{"@type":"ImageObject","inLanguage":"sv-SE","@id":"https:\/\/www.vardcentralenhjartatsolna.se\/farmaci\/apt\/bravona-forte\/#primaryimage","url":"https:\/\/www.vardcentralenhjartatsolna.se\/farmaci\/wp-content\/uploads\/2024\/11\/Bravona-Forte.jpg","contentUrl":"https:\/\/www.vardcentralenhjartatsolna.se\/farmaci\/wp-content\/uploads\/2024\/11\/Bravona-Forte.jpg","width":768,"height":768},{"@type":"BreadcrumbList","@id":"https:\/\/www.vardcentralenhjartatsolna.se\/farmaci\/apt\/bravona-forte\/#breadcrumb","itemListElement":[{"@type":"ListItem","position":1,"name":"Strona g\u0142\u00f3wna","item":"https:\/\/www.vardcentralenhjartatsolna.se\/farmaci\/"},{"@type":"ListItem","position":2,"name":"Produkte","item":"https:\/\/www.vardcentralenhjartatsolna.se\/farmaci\/"},{"@type":"ListItem","position":3,"name":"Bravona Forte"}]},{"@type":"WebSite","@id":"https:\/\/www.vardcentralenhjartatsolna.se\/farmaci\/#website","url":"https:\/\/www.vardcentralenhjartatsolna.se\/farmaci\/","name":"Vardcentralenhjartatsolna","description":"","potentialAction":[{"@type":"SearchAction","target":{"@type":"EntryPoint","urlTemplate":"https:\/\/www.vardcentralenhjartatsolna.se\/farmaci\/?s={search_term_string}"},"query-input":{"@type":"PropertyValueSpecification","valueRequired":true,"valueName":"search_term_string"}}],"inLanguage":"sv-SE"}]}},"_links":{"self":[{"href":"https:\/\/www.vardcentralenhjartatsolna.se\/farmaci\/wp-json\/wp\/v2\/product\/12445","targetHints":{"allow":["GET"]}}],"collection":[{"href":"https:\/\/www.vardcentralenhjartatsolna.se\/farmaci\/wp-json\/wp\/v2\/product"}],"about":[{"href":"https:\/\/www.vardcentralenhjartatsolna.se\/farmaci\/wp-json\/wp\/v2\/types\/product"}],"replies":[{"embeddable":true,"href":"https:\/\/www.vardcentralenhjartatsolna.se\/farmaci\/wp-json\/wp\/v2\/comments?post=12445"}],"wp:featuredmedia":[{"embeddable":true,"href":"https:\/\/www.vardcentralenhjartatsolna.se\/farmaci\/wp-json\/wp\/v2\/media\/12003"}],"wp:attachment":[{"href":"https:\/\/www.vardcentralenhjartatsolna.se\/farmaci\/wp-json\/wp\/v2\/media?parent=12445"}],"wp:term":[{"taxonomy":"product_brand","embeddable":true,"href":"https:\/\/www.vardcentralenhjartatsolna.se\/farmaci\/wp-json\/wp\/v2\/product_brand?post=12445"},{"taxonomy":"product_cat","embeddable":true,"href":"https:\/\/www.vardcentralenhjartatsolna.se\/farmaci\/wp-json\/wp\/v2\/product_cat?post=12445"},{"taxonomy":"product_tag","embeddable":true,"href":"https:\/\/www.vardcentralenhjartatsolna.se\/farmaci\/wp-json\/wp\/v2\/product_tag?post=12445"}],"curies":[{"name":"wp","href":"https:\/\/api.w.org\/{rel}","templated":true}]}}