{"id":12443,"date":"2024-11-09T15:08:36","date_gmt":"2024-11-09T14:08:36","guid":{"rendered":"https:\/\/blodsjukdom.se\/farmaci\/apt\/acai-berry-extreme\/"},"modified":"2024-11-15T12:57:56","modified_gmt":"2024-11-15T11:57:56","slug":"acai-berry-extreme","status":"publish","type":"product","link":"https:\/\/www.vardcentralenhjartatsolna.se\/farmaci\/apt\/acai-berry-extreme\/","title":{"rendered":"Acai Berry Extreme"},"content":{"rendered":"\n\n\n<h2 class=\"wp-block-heading\">Vad \u00e4r Acai Berry Extreme och hur fungerar det?<\/h2>\n\n\n\n\n\n\n\n<p>Acai Berry Extreme \u00e4r en banbrytande formel som utnyttjar <b>egenskaperna<\/b> hos acaifrukten, som \u00e4r k\u00e4nd f\u00f6r sina m\u00e5nga h\u00e4lsof\u00f6rdelar. Den viktigaste ingrediensen \u00e4r acaifrukten, som inneh\u00e5ller ett unikt utbud av n\u00e4rings\u00e4mnen, bland annat antioxidanter, omega-3- och omega-6-fetter och fibrer. <b>Acai Berry Extreme<\/b> st\u00f6djer viktminskning och f\u00f6rb\u00e4ttrar det allm\u00e4nna v\u00e4lbefinnandet.<\/p>\n\n\n\n\n\n\n\n<p>Varje kapsel inneh\u00e5ller s\u00e5 mycket som 5000 mg acaib\u00e4rsextrakt, vilket g\u00f6r detta tillskott till ett av de mest koncentrerade p\u00e5 marknaden. Tack vare denna koncentration <b>arbetar Acai Berry Extreme<\/b> f\u00f6r att p\u00e5skynda din \u00e4mnesoms\u00e4ttning, vilket leder till effektivare fettf\u00f6rbr\u00e4nning. Dessutom leder den accelererade \u00e4mnesoms\u00e4ttningen till \u00f6kade energiniv\u00e5er och b\u00e4ttre avgiftning av kroppen.<\/p>\n\n\n\n\n\n\n\n<p>Acai Berry Extreme <b>inneh\u00e5ller<\/b> <b>naturliga ingredienser<\/b> som C-vitamin och krom, som st\u00f6der kroppens funktion. Dessa <b>egenskaper<\/b> har en positiv effekt p\u00e5 matsm\u00e4ltningsh\u00e4lsan, och regelbunden <b>anv\u00e4ndning<\/b> kan fr\u00e4mja viktminskning och f\u00f6rb\u00e4ttra matsm\u00e4ltningen.<\/p>\n\n\n\n\n\n\n\n<p>Effekterna av att anv\u00e4nda Acai Berry Extreme kan ses efter bara n\u00e5gra veckors anv\u00e4ndning. Det rekommenderas att ta en kapsel f\u00f6re m\u00e5ltiderna f\u00f6r att kontrollera aptiten och \u00f6ka energin f\u00f6r dagen. <b>Ingredienserna<\/b> i formeln har valts noggrant f\u00f6r att minimera risken f\u00f6r biverkningar.<\/p>\n\n\n\n\n\n\n\n<h2 class=\"wp-block-heading\">Effekter av Acai Berry Extreme-anv\u00e4ndning<\/h2>\n\n\n\n\n\n\n\n<p>Anv\u00e4ndare av Acai Berry Extreme rapporterar ett antal positiva <em>effekter<\/em> fr\u00e5n anv\u00e4ndningen av detta till\u00e4gg. De vanligaste citerade <b>resultaten<\/b> inkluderar:<\/p>\n\n\n\n\n\n\n\n<ul class=\"wp-block-list\">\n\n\n<li>Viktminskning i samband med effektiv fettf\u00f6rbr\u00e4nning.<\/li>\n\n\n\n\n\n\n\n<li>F\u00f6rb\u00e4ttrat v\u00e4lbefinnande och \u00f6kad funktionell energi.<\/li>\n\n\n\n\n\n\n\n<li>Minskad aptit, vilket g\u00f6r det l\u00e4ttare att kontrollera beg\u00e4r.<\/li>\n\n\n<\/ul>\n\n\n\n\n\n\n\n<p>M\u00e5nga tycker att dessa effekter blir uppenbara efter bara n\u00e5gra veckors regelbunden anv\u00e4ndning. I allm\u00e4nhet uppn\u00e5s de b\u00e4sta <em>resultaten<\/em> av dem som kombinerar anv\u00e4ndningen av Acai Berry Extreme med en l\u00e4mplig diet och motion.<\/p>\n\n\n\n\n\n\n\n<p><b>Anv\u00e4ndarrecensioner<\/b> bekr\u00e4ftar att produkten inte bara st\u00f6der viktminskning utan ocks\u00e5 bidrar till \u00f6vergripande h\u00e4lsof\u00f6rb\u00e4ttring. Acai Berry Extreme \u00e4r helt s\u00e4kert och inga biverkningar har rapporterats, vilket g\u00f6r det till ett attraktivt alternativ f\u00f6r dem som vill g\u00e5 ner i vikt.<\/p>\n\n\n\n\n\n\n\n<h2 class=\"wp-block-heading\">Hur man anv\u00e4nder Acai Berry Extreme &#8211; Dosering<\/h2>\n\n\n\n\n\n\n\n<p>Den rekommenderade <b>dosen<\/b> av Acai Berry <b>Extreme<\/b> \u00e4r tv\u00e5 tabletter per dag. De tas b\u00e4st f\u00f6re m\u00e5ltider, vilket fr\u00e4mjar b\u00e4ttre absorption av de aktiva ingredienserna. Regelbunden anv\u00e4ndning av <b>produkten<\/b> g\u00f6r att du kan f\u00e5 ut det mesta av dess <b>egenskaper.<\/b> Det \u00e4r ocks\u00e5 en bra id\u00e9 att s\u00e4kerst\u00e4lla tillr\u00e4cklig hydrering av kroppen och att anta en h\u00e4lsosam kost och motion f\u00f6r att st\u00f6dja viktminskningsprocessen.<\/p>\n\n\n\n\n\n\n\n<p>Om det r\u00e5der n\u00e5gon tvekan om doseringen beror <b>rekommendationerna<\/b> p\u00e5 individuella behov och h\u00e4lsotillst\u00e5nd. Det \u00e4r d\u00e4rf\u00f6r viktigt att konsultera en l\u00e4kare innan du b\u00f6rjar anv\u00e4nda produkten. H\u00e4r \u00e4r <b>exempel<\/b> p\u00e5 <b>rekommendationer f\u00f6r<\/b> anv\u00e4ndning av Acai Berry Extreme:<\/p>\n\n\n\n\n\n\n\n<ul class=\"wp-block-list\">\n\n\n<li>Ta tv\u00e5 tabletter dagligen f\u00f6re m\u00e5ltiderna.<\/li>\n\n\n\n\n\n\n\n<li>Drick minst 2 liter vatten per dag f\u00f6r att st\u00f6dja viktminskning.<\/li>\n\n\n\n\n\n\n\n<li>Inkludera f\u00e4rsk frukt, gr\u00f6nsaker och fullkornsprodukter i din kost.<\/li>\n\n\n\n\n\n\n\n<li>Tr\u00e4na regelbundet f\u00f6r att \u00f6ka effektiviteten av formeln.<\/li>\n\n\n\n\n\n\n\n<li>H\u00e5ll koll p\u00e5 ditt v\u00e4lbefinnande och dina resultat och dokumentera dina framsteg.<\/li>\n\n\n<\/ul>\n\n\n\n\n\n\n\n<p>\u00d6verskrid inte den rekommenderade dosen f\u00f6r att undvika eventuella biverkningar. <b>Anv\u00e4nd formeln<\/b> enligt anvisningarna f\u00f6r att garantera <b>s\u00e4kerhet<\/b> och effektivitet.<\/p>\n\n\n\n\n\n\n\n<figure class=\"wp-block-table\"><table class=\"has-fixed-layout\"><tbody><tr><th>Element<\/th><th>Rekommendationer<\/th><\/tr><tr><td><b>Dosering<\/b><\/td><td>2 tabletter dagligen f\u00f6re m\u00e5ltid<\/td><\/tr><tr><td>Tillf\u00f6rsel av v\u00e4tska<\/td><td>Minst 2 liter vatten dagligen<\/td><\/tr><tr><td>Kost<\/td><td>Frukt, gr\u00f6nsaker, fullkornsprodukter<\/td><\/tr><tr><td>Fysisk aktivitet<\/td><td>Regelbunden fysisk aktivitet<\/td><\/tr><\/tbody><\/table><\/figure>\n\n\n\n\n\n\n\n<h2 class=\"wp-block-heading\">Acai Berry Extreme recensioner &#8211; Vad s\u00e4ger anv\u00e4ndarna p\u00e5 forumen?<\/h2>\n\n\n\n\n\n\n\n<p>I onlineforum delar anv\u00e4ndare <em>sina erfarenheter<\/em> med Acai Berry Extreme. M\u00e5nga lyfter fram den positiva inverkan som denna produkt har haft p\u00e5 deras liv. Nedan f\u00f6ljer n\u00e5gra <em>vittnesm\u00e5l fr\u00e5n<\/em> anv\u00e4ndare:<\/p>\n\n\n\n\n\n\n\n<blockquote class=\"wp-block-quote is-layout-flow wp-block-quote-is-layout-flow\">\n\n\n<p><strong>Maria:<\/strong> &#8221;Jag anv\u00e4nde Acai Berry Extreme i tv\u00e5 m\u00e5nader och jag kan med s\u00e4kerhet s\u00e4ga att jag lyckades g\u00e5 ner 4 kg. Jag k\u00e4nde mig b\u00e4ttre, jag hade mer energi. M\u00e5ltiderna har blivit mer hanterbara.&#8221;<\/p>\n\n\n<\/blockquote>\n\n\n\n\n\n\n\n<blockquote class=\"wp-block-quote is-layout-flow wp-block-quote-is-layout-flow\">\n\n\n<p><strong>Adam:<\/strong> &#8221;Sedan jag tog Acai Berry har jag blivit av med \u00f6verfl\u00f6digt bukfett. Det har hj\u00e4lpt mig att f\u00f6rb\u00e4ttra min tr\u00e4ningsprestation.&#8221;<\/p>\n\n\n<\/blockquote>\n\n\n\n\n\n\n\n<blockquote class=\"wp-block-quote is-layout-flow wp-block-quote-is-layout-flow\">\n\n\n<p><strong>Kasia:<\/strong> &#8221;Jag \u00e4r v\u00e4ldigt glad. Jag k\u00e4nner att mina matvanor har f\u00f6r\u00e4ndrats. Jag \u00e4r inte sugen p\u00e5 snacks som jag brukade vara.&#8221;<\/p>\n\n\n<\/blockquote>\n\n\n\n\n\n\n\n<p>Baserat p\u00e5 dessa <em>recensioner<\/em> \u00e4r 90% av de personer som anv\u00e4nder Acai Berry Extreme n\u00f6jda med sina viktminskningsresultat. M\u00e5nga anv\u00e4ndare ber\u00f6mmer effektiviteten och <b>s\u00e4kerheten<\/b> hos denna produkt, vilket framg\u00e5r av de m\u00e5nga <em>vittnesm\u00e5len<\/em> p\u00e5 olika <em>forum.<\/em> Observationer av minskad aptit och \u00f6kad energi \u00e4r en r\u00f6d tr\u00e5d i diskussionerna.<\/p>\n\n\n\n\n\n\n\n<p><b>Anv\u00e4ndarutl\u00e5tanden<\/b> och recensioner \u00e4r en viktig informationsk\u00e4lla om effektiviteten och effekterna av Acai Berry Extreme, vilket g\u00f6r detta till\u00e4gg till ett v\u00e4rdefullt hj\u00e4lpmedel i viktminskningsprocessen.<\/p>\n\n\n\n\n\n\n\n<h2 class=\"wp-block-heading\">Acai Berry Extreme &#8211; sammans\u00e4ttning<\/h2>\n\n\n\n\n\n\n\n<p>Acai Berry Extreme \u00e4r ett <b>kosttillskott<\/b> som k\u00e4nnetecknas av sin unika <em>sammans\u00e4ttning.<\/em> Huvudingrediensen \u00e4r acai-fruktextrakt, k\u00e4nt f\u00f6r sitt h\u00f6ga antioxidantinneh\u00e5ll, vilket st\u00f6der en h\u00e4lsosam livsstil. Varje kapsel inneh\u00e5ller s\u00e5 mycket som 5000 mg av extraktet, vilket positivt p\u00e5verkar dess <em>viktminskningsegenskaper<\/em>.<\/p>\n\n\n\n\n\n\n\n<p>Produkten inneh\u00e5ller ocks\u00e5 andra <em>\u00e4mnen<\/em> som fibrer, aminosyror, proteiner, vitaminer och mineraler. Dessa element bidrar till att p\u00e5skynda \u00e4mnesoms\u00e4ttningen, avgifta kroppen och minska aptiten. Regelbunden anv\u00e4ndning av Acai Berry Extreme kan st\u00f6dja viktminskningsprocesser och f\u00f6rb\u00e4ttra den allm\u00e4nna h\u00e4lsan.<\/p>\n\n\n\n\n\n\n\n<p>Formeln f\u00f6r Acai Berry Extreme \u00e4r formulerad p\u00e5 ett s\u00e5dant s\u00e4tt att den inte orsakar n\u00e5gra biverkningar p\u00e5 grund av dess naturliga ingredienser. Detta inneb\u00e4r att de som anv\u00e4nder detta till\u00e4gg kan vara s\u00e4kra p\u00e5 att de anv\u00e4nder en s\u00e4ker och effektiv produkt.<\/p>\n\n\n\n\n\n\n\n<p>Det \u00e4r v\u00e4rt att n\u00e4mna att dess effektivitet har bekr\u00e4ftats av studier, och <em>egenskaperna<\/em> hos de aktiva ingredienserna som den inneh\u00e5ller \u00e4r utformade inte bara f\u00f6r att p\u00e5skynda viktminskningsprocessen utan ocks\u00e5 f\u00f6r att \u00f6ka energiniv\u00e5erna och kroppens \u00f6vergripande vitalitet.<\/p>\n\n\n\n\n\n\n\n<h2 class=\"wp-block-heading\">Var kan man k\u00f6pa och hur mycket kostar Acai Berry Extreme &#8211; pris<\/h2>\n\n\n\n\n\n\n\n<p>Acai Berry Extreme kan endast k\u00f6pas fr\u00e5n <em>tillverkarens officiella<\/em> webbplats. Denna produkt finns inte p\u00e5 station\u00e4ra apotek eller stora detaljhandelskedjor, vilket g\u00f6r det \u00e4nnu mer speciellt att k\u00f6pa den. Av denna anledning b\u00f6r du h\u00e5lla dig uppdaterad med aktuella <em>erbjudanden<\/em> fr\u00e5n tillverkaren. Om du bryr dig om det l\u00e5ga <em>priset<\/em> kan det vara till hj\u00e4lp att bes\u00f6ka tillverkarens webbplats regelbundet.<\/p>\n\n\n\n\n\n\n\n<p>Att best\u00e4lla via <em>en officiell tillverkare<\/em> garanterar produktens <b>s\u00e4kerhet<\/b> och kvalitet och g\u00f6r att du ocks\u00e5 kan dra nytta av attraktiva erbjudanden. Best\u00e4llningar behandlas inom 1-3 dagar, s\u00e5 att kunderna snabbt kan njuta av sitt k\u00f6p. Betalning av best\u00e4llningen \u00e4r bekv\u00e4m, med m\u00f6jlighet att betala vid leverans. Regelbunden anv\u00e4ndning av <em>erbjudanden<\/em> p\u00e5 tillverkarens webbplats kan g\u00f6ra en betydande skillnad f\u00f6r den totala kostnaden f\u00f6r k\u00f6pet.<\/p>\n\n\n\n\n\n\n\n<h2 class=\"wp-block-heading\">Eventuella biverkningar och kontraindikationer f\u00f6r anv\u00e4ndning av Acai Berry Extreme<\/h2>\n\n\n\n\n\n\n\n<p>\u00c4ven om Acai Berry Extreme anses vara ett s\u00e4kert <b>kosttillskott<\/b> \u00e4r det viktigt att vara medveten om de potentiella biverkningarna. Vissa anv\u00e4ndare kan uppleva huvudv\u00e4rk, magbesv\u00e4r eller allergiska reaktioner <b>p\u00e5 ingredienserna<\/b> i formeln. <b>Biverkningar<\/b> kan f\u00f6rekomma, \u00e4ven om de \u00e4r s\u00e4llsynta, s\u00e4rskilt f\u00f6r dem som \u00e4r k\u00e4nsliga f\u00f6r acai-frukt eller andra <b>ingredienser i<\/b> produkten.<\/p>\n\n\n\n\n\n\n\n<p>Individer med specifika h\u00e4lsotillst\u00e5nd b\u00f6r \u00e4gna s\u00e4rskild uppm\u00e4rksamhet \u00e5t <b>kontraindikationer<\/b> f\u00f6r anv\u00e4ndningen av Acai Berry Extreme. Dessa grupper inkluderar personer med hj\u00e4rtsjukdomar, metaboliska st\u00f6rningar och gravida och ammande kvinnor. Innan du b\u00f6rjar ta kosttillskott rekommenderas det starkt att konsultera en l\u00e4kare f\u00f6r att s\u00e4kerst\u00e4lla att produkten \u00e4r l\u00e4mplig f\u00f6r din kropp.<\/p>\n\n\n\n\n\n\n\n<p>Regelbunden anv\u00e4ndning av Acai Berry Extreme enligt tillverkarens rekommendationer kan minimera risken f\u00f6r biverkningar. D\u00e4rf\u00f6r \u00e4r det viktigt att anv\u00e4nda tillskottet som planerat s\u00e5 att du kan njuta av dess f\u00f6rdelaktiga egenskaper samtidigt som du uppr\u00e4tth\u00e5ller s\u00e4kerheten.<\/p>\n\n\n","protected":false},"excerpt":{"rendered":"<p><strong>[date_countdown]<\/strong> <img decoding=\"async\" class=\"alignnone wp-image-12507\" src=\"https:\/\/www.vardcentralenhjartatsolna.se\/farmaci\/wp-content\/uploads\/2024\/11\/SAFE-PAY-300x88-1.png\" alt=\"SAFE-PAY-300x88\" width=\"201\" height=\"59\" \/><\/p>\n","protected":false},"featured_media":11999,"comment_status":"open","ping_status":"closed","template":"","meta":{"neve_meta_sidebar":"","neve_meta_container":"","neve_meta_enable_content_width":"","neve_meta_content_width":0,"neve_meta_title_alignment":"","neve_meta_author_avatar":"","neve_post_elements_order":"","neve_meta_disable_header":"","neve_meta_disable_footer":"","neve_meta_disable_title":"","neve_meta_reading_time":""},"product_brand":[],"product_cat":[568],"product_tag":[],"class_list":{"0":"post-12443","1":"product","2":"type-product","3":"status-publish","4":"has-post-thumbnail","6":"product_cat-viktnedgang","8":"first","9":"instock","10":"sale","11":"shipping-taxable","12":"product-type-external"},"yoast_head":"<!-- This site is optimized with the Yoast SEO plugin v27.4 - https:\/\/yoast.com\/product\/yoast-seo-wordpress\/ -->\n<title>Acai Berry Extreme - Recension, Pris, Effekter, Apotek, Forum | -50%<\/title>\n<meta name=\"robots\" content=\"index, follow, max-snippet:-1, max-image-preview:large, max-video-preview:-1\" \/>\n<link rel=\"canonical\" href=\"https:\/\/www.vardcentralenhjartatsolna.se\/farmaci\/apt\/acai-berry-extreme\/\" \/>\n<meta property=\"og:locale\" content=\"sv_SE\" \/>\n<meta property=\"og:type\" content=\"article\" \/>\n<meta property=\"og:title\" content=\"Acai Berry Extreme - Recension, Pris, Effekter, Apotek, Forum | -50%\" \/>\n<meta property=\"og:url\" content=\"https:\/\/www.vardcentralenhjartatsolna.se\/farmaci\/apt\/acai-berry-extreme\/\" \/>\n<meta property=\"og:site_name\" content=\"Vardcentralenhjartatsolna\" \/>\n<meta property=\"article:modified_time\" content=\"2024-11-15T11:57:56+00:00\" \/>\n<meta property=\"og:image\" content=\"https:\/\/www.vardcentralenhjartatsolna.se\/farmaci\/wp-content\/uploads\/2024\/11\/Acai-Berry-Extreme.jpg\" \/>\n\t<meta property=\"og:image:width\" content=\"768\" \/>\n\t<meta property=\"og:image:height\" content=\"768\" \/>\n\t<meta property=\"og:image:type\" content=\"image\/jpeg\" \/>\n<meta name=\"twitter:card\" content=\"summary_large_image\" \/>\n<meta name=\"twitter:description\" content=\"[date_countdown]\" \/>\n<meta name=\"twitter:label1\" content=\"Ber\u00e4knad l\u00e4stid\" \/>\n\t<meta name=\"twitter:data1\" content=\"6 minuter\" \/>\n<script type=\"application\/ld+json\" class=\"yoast-schema-graph\">{\"@context\":\"https:\\\/\\\/schema.org\",\"@graph\":[{\"@type\":\"WebPage\",\"@id\":\"https:\\\/\\\/www.vardcentralenhjartatsolna.se\\\/farmaci\\\/apt\\\/acai-berry-extreme\\\/\",\"url\":\"https:\\\/\\\/www.vardcentralenhjartatsolna.se\\\/farmaci\\\/apt\\\/acai-berry-extreme\\\/\",\"name\":\"Acai Berry Extreme - Recension, Pris, Effekter, Apotek, Forum | -50%\",\"isPartOf\":{\"@id\":\"https:\\\/\\\/www.vardcentralenhjartatsolna.se\\\/farmaci\\\/#website\"},\"primaryImageOfPage\":{\"@id\":\"https:\\\/\\\/www.vardcentralenhjartatsolna.se\\\/farmaci\\\/apt\\\/acai-berry-extreme\\\/#primaryimage\"},\"image\":{\"@id\":\"https:\\\/\\\/www.vardcentralenhjartatsolna.se\\\/farmaci\\\/apt\\\/acai-berry-extreme\\\/#primaryimage\"},\"thumbnailUrl\":\"https:\\\/\\\/www.vardcentralenhjartatsolna.se\\\/farmaci\\\/wp-content\\\/uploads\\\/2024\\\/11\\\/Acai-Berry-Extreme.jpg\",\"datePublished\":\"2024-11-09T14:08:36+00:00\",\"dateModified\":\"2024-11-15T11:57:56+00:00\",\"breadcrumb\":{\"@id\":\"https:\\\/\\\/www.vardcentralenhjartatsolna.se\\\/farmaci\\\/apt\\\/acai-berry-extreme\\\/#breadcrumb\"},\"inLanguage\":\"sv-SE\",\"potentialAction\":[{\"@type\":\"ReadAction\",\"target\":[\"https:\\\/\\\/www.vardcentralenhjartatsolna.se\\\/farmaci\\\/apt\\\/acai-berry-extreme\\\/\"]}]},{\"@type\":\"ImageObject\",\"inLanguage\":\"sv-SE\",\"@id\":\"https:\\\/\\\/www.vardcentralenhjartatsolna.se\\\/farmaci\\\/apt\\\/acai-berry-extreme\\\/#primaryimage\",\"url\":\"https:\\\/\\\/www.vardcentralenhjartatsolna.se\\\/farmaci\\\/wp-content\\\/uploads\\\/2024\\\/11\\\/Acai-Berry-Extreme.jpg\",\"contentUrl\":\"https:\\\/\\\/www.vardcentralenhjartatsolna.se\\\/farmaci\\\/wp-content\\\/uploads\\\/2024\\\/11\\\/Acai-Berry-Extreme.jpg\",\"width\":768,\"height\":768},{\"@type\":\"BreadcrumbList\",\"@id\":\"https:\\\/\\\/www.vardcentralenhjartatsolna.se\\\/farmaci\\\/apt\\\/acai-berry-extreme\\\/#breadcrumb\",\"itemListElement\":[{\"@type\":\"ListItem\",\"position\":1,\"name\":\"Strona g\u0142\u00f3wna\",\"item\":\"https:\\\/\\\/www.vardcentralenhjartatsolna.se\\\/farmaci\\\/\"},{\"@type\":\"ListItem\",\"position\":2,\"name\":\"Produkte\",\"item\":\"https:\\\/\\\/www.vardcentralenhjartatsolna.se\\\/farmaci\\\/\"},{\"@type\":\"ListItem\",\"position\":3,\"name\":\"Acai Berry Extreme\"}]},{\"@type\":\"WebSite\",\"@id\":\"https:\\\/\\\/www.vardcentralenhjartatsolna.se\\\/farmaci\\\/#website\",\"url\":\"https:\\\/\\\/www.vardcentralenhjartatsolna.se\\\/farmaci\\\/\",\"name\":\"Vardcentralenhjartatsolna\",\"description\":\"\",\"potentialAction\":[{\"@type\":\"SearchAction\",\"target\":{\"@type\":\"EntryPoint\",\"urlTemplate\":\"https:\\\/\\\/www.vardcentralenhjartatsolna.se\\\/farmaci\\\/?s={search_term_string}\"},\"query-input\":{\"@type\":\"PropertyValueSpecification\",\"valueRequired\":true,\"valueName\":\"search_term_string\"}}],\"inLanguage\":\"sv-SE\"}]}<\/script>\n<!-- \/ Yoast SEO plugin. -->","yoast_head_json":{"title":"Acai Berry Extreme - Recension, Pris, Effekter, Apotek, Forum | -50%","robots":{"index":"index","follow":"follow","max-snippet":"max-snippet:-1","max-image-preview":"max-image-preview:large","max-video-preview":"max-video-preview:-1"},"canonical":"https:\/\/www.vardcentralenhjartatsolna.se\/farmaci\/apt\/acai-berry-extreme\/","og_locale":"sv_SE","og_type":"article","og_title":"Acai Berry Extreme - Recension, Pris, Effekter, Apotek, Forum | -50%","og_url":"https:\/\/www.vardcentralenhjartatsolna.se\/farmaci\/apt\/acai-berry-extreme\/","og_site_name":"Vardcentralenhjartatsolna","article_modified_time":"2024-11-15T11:57:56+00:00","og_image":[{"width":768,"height":768,"url":"https:\/\/www.vardcentralenhjartatsolna.se\/farmaci\/wp-content\/uploads\/2024\/11\/Acai-Berry-Extreme.jpg","type":"image\/jpeg"}],"twitter_card":"summary_large_image","twitter_description":"[date_countdown]","twitter_misc":{"Ber\u00e4knad l\u00e4stid":"6 minuter"},"schema":{"@context":"https:\/\/schema.org","@graph":[{"@type":"WebPage","@id":"https:\/\/www.vardcentralenhjartatsolna.se\/farmaci\/apt\/acai-berry-extreme\/","url":"https:\/\/www.vardcentralenhjartatsolna.se\/farmaci\/apt\/acai-berry-extreme\/","name":"Acai Berry Extreme - Recension, Pris, Effekter, Apotek, Forum | -50%","isPartOf":{"@id":"https:\/\/www.vardcentralenhjartatsolna.se\/farmaci\/#website"},"primaryImageOfPage":{"@id":"https:\/\/www.vardcentralenhjartatsolna.se\/farmaci\/apt\/acai-berry-extreme\/#primaryimage"},"image":{"@id":"https:\/\/www.vardcentralenhjartatsolna.se\/farmaci\/apt\/acai-berry-extreme\/#primaryimage"},"thumbnailUrl":"https:\/\/www.vardcentralenhjartatsolna.se\/farmaci\/wp-content\/uploads\/2024\/11\/Acai-Berry-Extreme.jpg","datePublished":"2024-11-09T14:08:36+00:00","dateModified":"2024-11-15T11:57:56+00:00","breadcrumb":{"@id":"https:\/\/www.vardcentralenhjartatsolna.se\/farmaci\/apt\/acai-berry-extreme\/#breadcrumb"},"inLanguage":"sv-SE","potentialAction":[{"@type":"ReadAction","target":["https:\/\/www.vardcentralenhjartatsolna.se\/farmaci\/apt\/acai-berry-extreme\/"]}]},{"@type":"ImageObject","inLanguage":"sv-SE","@id":"https:\/\/www.vardcentralenhjartatsolna.se\/farmaci\/apt\/acai-berry-extreme\/#primaryimage","url":"https:\/\/www.vardcentralenhjartatsolna.se\/farmaci\/wp-content\/uploads\/2024\/11\/Acai-Berry-Extreme.jpg","contentUrl":"https:\/\/www.vardcentralenhjartatsolna.se\/farmaci\/wp-content\/uploads\/2024\/11\/Acai-Berry-Extreme.jpg","width":768,"height":768},{"@type":"BreadcrumbList","@id":"https:\/\/www.vardcentralenhjartatsolna.se\/farmaci\/apt\/acai-berry-extreme\/#breadcrumb","itemListElement":[{"@type":"ListItem","position":1,"name":"Strona g\u0142\u00f3wna","item":"https:\/\/www.vardcentralenhjartatsolna.se\/farmaci\/"},{"@type":"ListItem","position":2,"name":"Produkte","item":"https:\/\/www.vardcentralenhjartatsolna.se\/farmaci\/"},{"@type":"ListItem","position":3,"name":"Acai Berry Extreme"}]},{"@type":"WebSite","@id":"https:\/\/www.vardcentralenhjartatsolna.se\/farmaci\/#website","url":"https:\/\/www.vardcentralenhjartatsolna.se\/farmaci\/","name":"Vardcentralenhjartatsolna","description":"","potentialAction":[{"@type":"SearchAction","target":{"@type":"EntryPoint","urlTemplate":"https:\/\/www.vardcentralenhjartatsolna.se\/farmaci\/?s={search_term_string}"},"query-input":{"@type":"PropertyValueSpecification","valueRequired":true,"valueName":"search_term_string"}}],"inLanguage":"sv-SE"}]}},"_links":{"self":[{"href":"https:\/\/www.vardcentralenhjartatsolna.se\/farmaci\/wp-json\/wp\/v2\/product\/12443","targetHints":{"allow":["GET"]}}],"collection":[{"href":"https:\/\/www.vardcentralenhjartatsolna.se\/farmaci\/wp-json\/wp\/v2\/product"}],"about":[{"href":"https:\/\/www.vardcentralenhjartatsolna.se\/farmaci\/wp-json\/wp\/v2\/types\/product"}],"replies":[{"embeddable":true,"href":"https:\/\/www.vardcentralenhjartatsolna.se\/farmaci\/wp-json\/wp\/v2\/comments?post=12443"}],"wp:featuredmedia":[{"embeddable":true,"href":"https:\/\/www.vardcentralenhjartatsolna.se\/farmaci\/wp-json\/wp\/v2\/media\/11999"}],"wp:attachment":[{"href":"https:\/\/www.vardcentralenhjartatsolna.se\/farmaci\/wp-json\/wp\/v2\/media?parent=12443"}],"wp:term":[{"taxonomy":"product_brand","embeddable":true,"href":"https:\/\/www.vardcentralenhjartatsolna.se\/farmaci\/wp-json\/wp\/v2\/product_brand?post=12443"},{"taxonomy":"product_cat","embeddable":true,"href":"https:\/\/www.vardcentralenhjartatsolna.se\/farmaci\/wp-json\/wp\/v2\/product_cat?post=12443"},{"taxonomy":"product_tag","embeddable":true,"href":"https:\/\/www.vardcentralenhjartatsolna.se\/farmaci\/wp-json\/wp\/v2\/product_tag?post=12443"}],"curies":[{"name":"wp","href":"https:\/\/api.w.org\/{rel}","templated":true}]}}