{"id":12431,"date":"2024-11-09T15:08:33","date_gmt":"2024-11-09T14:08:33","guid":{"rendered":"https:\/\/blodsjukdom.se\/farmaci\/apt\/desir-eternel-femme\/"},"modified":"2024-11-15T20:11:35","modified_gmt":"2024-11-15T19:11:35","slug":"desir-eternel-femme","status":"publish","type":"product","link":"https:\/\/www.vardcentralenhjartatsolna.se\/farmaci\/apt\/desir-eternel-femme\/","title":{"rendered":"D\u00e9sir \u00c9ternel Femme"},"content":{"rendered":"\n<h2 class=\"wp-block-heading\">Vad \u00e4r D\u00e9sir \u00c9ternel Femme och hur fungerar det?<\/h2>\n\n\n\n<p><b>D\u00e9sir \u00c9ternel Femme<\/b> \u00e4r en unik parfym som kombinerar feromonernas kraft med sofistikerade doftnoter. Parfymen har tagits fram f\u00f6r kvinnor som vill framh\u00e4va sin <b>attraktionskraft<\/b> och st\u00e4rka sitt <b>sj\u00e4lvf\u00f6rtroende<\/b>. Tack vare en speciell blandning av feromoner, s\u00e5som Androstenol, Androstenon och Alpha-Androstenol, p\u00e5verkar deras s\u00e4tt att <b>arbeta<\/b> andras undermedvetna.<\/p>\n\n\n\n<p><b>Feromonerna<\/b> i <b>D\u00e9sir \u00c9ternel Femme<\/b> p\u00e5verkar uppfattningen av kvinnan som b\u00e4r den och bygger upp hennes <b>attraktivitet<\/b> i \u00f6gonen p\u00e5 dem runt henne. Verkan <b>av<\/b> dessa \u00e4mnen leder till framkallande av positiva k\u00e4nslor, vilket \u00f6vers\u00e4tts till st\u00f6rre intresse och \u00f6nskan. <b>Anv\u00e4ndare<\/b> noterar att parfymen blir ett effektivt verktyg f\u00f6r att bygga interpersonella relationer och f\u00f6rb\u00e4ttra sociala interaktioner.<\/p>\n\n\n\n<p>D\u00e9sir \u00c9ternel Femme-formeln \u00e4r utformad f\u00f6r att fungera subtilt men effektivt. Doften som produkten \u00e4r baserad p\u00e5 inneh\u00e5ller en harmonisk kombination av blommiga toner och kryddigare element, vilket g\u00f6r denna parfym m\u00e5ngsidig och idealisk f\u00f6r alla tillf\u00e4llen. H\u00f6gkvalitativa ingredienser och naturliga <b>feromoner<\/b> g\u00f6r det tillg\u00e4ngligt f\u00f6r alla kvinnor som vill berika sina liv med nya upplevelser.<\/p>\n\n\n\n<h2 class=\"wp-block-heading\">Effekter av D\u00e9sir \u00c9ternel Femme<\/h2>\n\n\n\n<p><b>Anv\u00e4ndningen<\/b> av D\u00e9sir \u00c9ternel Femme parfym har ett antal positiva resultat som p\u00e5verkar kvinnliga anv\u00e4ndares dagliga liv. <em>Effekterna av anv\u00e4ndningen<\/em> inkluderar en \u00f6kning av <em>sj\u00e4lvf\u00f6rtroendet<\/em>, vilket g\u00f6r att kvinnor k\u00e4nner sig mer bekv\u00e4ma i olika sociala situationer. Tack vare sina unika egenskaper lockar denna parfym m\u00e4ns uppm\u00e4rksamhet, vilket avsev\u00e4rt \u00f6kar b\u00e4rarnas <em>attraktivitet<\/em>.<\/p>\n\n\n\n<p>De naturliga <b>feromonerna<\/b> i formuleringen \u00e4r utformade f\u00f6r att f\u00f6rb\u00e4ttra interpersonella interaktioner. Redan efter den f\u00f6rsta appliceringen upplever m\u00e5nga kvinnor ett \u00f6kat intresse fr\u00e5n m\u00e4n. Dessutom k\u00e4nnetecknas doften av <b>sin<\/b> subtilitet och l\u00e5ngvariga friskhet, som h\u00e5ller <b>sinnena<\/b> alerta hela dagen.<\/p>\n\n\n\n<p><b>Feedback fr\u00e5n<\/b> kvinnliga anv\u00e4ndare bekr\u00e4ftar att <b>anv\u00e4ndningen<\/b> av D\u00e9sir \u00c9ternel Femme inte bara \u00e4r en fr\u00e5ga om doft, utan ocks\u00e5 om k\u00e4nslor. Kvinnor upplever att parfymen \u00f6kar deras <em>attraktionskraft<\/em> och hj\u00e4lper till att skapa positiva relationer. M\u00e5nga rapporterar att parfymen fungerar som <em>ett afrodisiakum<\/em>, vilket leder till en b\u00e4ttre atmosf\u00e4r i relationer mellan k\u00f6nen. S\u00e5dana upplevelser \u00f6kar deras <em>sj\u00e4lvf\u00f6rtroende<\/em> och g\u00f6r att de kan k\u00e4nna den sanna kraften i sina sinnen.<\/p>\n\n\n\n<h2 class=\"wp-block-heading\">Hur man anv\u00e4nder D\u00e9sir \u00c9ternel Femme &#8211; Instruktioner f\u00f6r anv\u00e4ndning och dosering<\/h2>\n\n\n\n<p>F\u00f6r att uppn\u00e5 optimala resultat fr\u00e5n anv\u00e4ndningen av D\u00e9sir \u00c9ternel Femme \u00e4r korrekt <b>dosering<\/b> nyckeln. Det rekommenderas att applicera parfymen p\u00e5 pulserande omr\u00e5den p\u00e5 kroppen, t.ex:<\/p>\n\n\n\n<ul class=\"wp-block-list\">\n<li>handled<\/li>\n\n\n\n<li>halsen<\/li>\n\n\n\n<li>bakom \u00f6ronen<\/li>\n<\/ul>\n\n\n\n<p>Dessa omr\u00e5den \u00f6kar doftens intensitet, vilket leder till en b\u00e4ttre attraktionseffekt. Enligt instruktionerna \u00e4r det viktigt att undvika att gnugga de omr\u00e5den d\u00e4r parfymen har applicerats. En s\u00e5dan r\u00f6relse kan f\u00f6r\u00e4ndra deras naturliga doft. Det kr\u00e4vs bara n\u00e5gra f\u00e5 puffar f\u00f6r att k\u00e4nna den fulla effekten.<\/p>\n\n\n\n<p>Effekterna kommer att k\u00e4nnas i m\u00e5nga timmar, vilket g\u00f6r den idealisk f\u00f6r vardagsbruk. Denna produkt b\u00f6r f\u00f6rvaras svalt och torrt, vilket p\u00e5verkar dess h\u00e5llbarhet och kvalitet. N\u00e4r den <b>anv\u00e4nds<\/b> p\u00e5 r\u00e4tt s\u00e4tt och enligt anvisningarna ger den inte bara en intensiv doftupplevelse, utan hj\u00e4lper ocks\u00e5 till att bygga upp sj\u00e4lvf\u00f6rtroendet i en m\u00e4ngd olika situationer, fr\u00e5n sociala sammankomster till vardagliga utflykter.<\/p>\n\n\n\n<h2 class=\"wp-block-heading\">D\u00e9sir \u00c9ternel Femme &#8211; Anv\u00e4ndarrecensioner, forum &#8211; Vad s\u00e4ger anv\u00e4ndarna?<\/h2>\n\n\n\n<p>D\u00e9sir \u00c9ternel Femme har uppm\u00e4rksammats av m\u00e5nga anv\u00e4ndare som delar sina erfarenheter i onlineforum. M\u00e5nga recensioner belyser effekterna av denna doft p\u00e5 <b>sj\u00e4lvf\u00f6rtroende<\/b> och interaktioner med andra. <b>Anv\u00e4ndare<\/b> kommenterar de olika effekterna de har k\u00e4nt sedan de b\u00f6rjade anv\u00e4nda denna parfym. H\u00e4r \u00e4r n\u00e5gra exempel p\u00e5 deras upplevelser:<\/p>\n\n\n\n<blockquote class=\"wp-block-quote is-layout-flow wp-block-quote-is-layout-flow\">\n<p><em>&#8221;N\u00e4r jag b\u00f6rjade anv\u00e4nda D\u00e9sir \u00c9ternel Femme m\u00e4rkte jag ett \u00f6kat intresse fr\u00e5n m\u00e4n. Jag k\u00e4nde mig mer sj\u00e4lvs\u00e4ker och doften var verkligen behaglig och diskret. Den fungerar n\u00e4stan som magi!&#8221;<\/em> &#8211; Kasia<\/p>\n<\/blockquote>\n\n\n\n<blockquote class=\"wp-block-quote is-layout-flow wp-block-quote-is-layout-flow\">\n<p><em>&#8221;I mitt fall har den h\u00e4r parfymen haft en positiv effekt. Jag fick flera komplimanger f\u00f6r min doft och fick till och med en dejt med en man som lade m\u00e4rke till mig. Jag skulle definitivt rekommendera den!&#8221;<\/em> &#8211; Ania<\/p>\n<\/blockquote>\n\n\n\n<blockquote class=\"wp-block-quote is-layout-flow wp-block-quote-is-layout-flow\">\n<p><em>&#8221;D\u00e9sir \u00c9ternel Femme har blivit min favoritparfym. Jag anv\u00e4nder den varje dag och k\u00e4nner att den ger mig en energiboost. Feromonerna fungerar verkligen!&#8221;<\/em> &#8211; Marta<\/p>\n<\/blockquote>\n\n\n\n<p>Det finns m\u00e5nga applikationstips och rekommendationer p\u00e5 <b>forumet<\/b> om hur man anv\u00e4nder denna parfym mest effektivt. <b>Anv\u00e4ndarrecensioner<\/b> visar att den klassiska doftkompositionen med kanel, citrus och jasmin tilltalar m\u00e5nga kvinnor och \u00f6kar deras <b>attraktionskraft<\/b> i andras \u00f6gon. Studier har visat att anv\u00e4ndning av D\u00e9sir \u00c9ternel Femme kan f\u00f6rb\u00e4ttra hum\u00f6ret och p\u00e5verka interpersonella relationer, vilket framg\u00e5r av de entusiastiska <b>recensionerna<\/b> av dess effekt.<\/p>\n\n\n\n<ul class=\"wp-block-list\">\n<li>\u00d6kar <b>sj\u00e4lvf\u00f6rtroendet<\/b> hos kvinnor.<\/li>\n\n\n\n<li>Tilldrar sig m\u00e4ns uppm\u00e4rksamhet genom en behaglig doft.<\/li>\n\n\n\n<li>F\u00f6rb\u00e4ttrar positiva interaktioner och skapar nya v\u00e4nskap.<\/li>\n<\/ul>\n\n\n\n<p>Anv\u00e4ndarrecensioner bekr\u00e4ftar att anv\u00e4ndningen av denna parfym \u00e4r f\u00f6rknippad med synliga effekter efter f\u00f6rsta anv\u00e4ndningen. De som letar efter en parfym med en unik och distinkt doft, som \u00e4r baserad p\u00e5 naturliga feromoner, b\u00f6r verkligen vara uppm\u00e4rksamma p\u00e5 D\u00e9sir \u00c9ternel Femme, som det talas om i ett positivt sammanhang i olika forum.<\/p>\n\n\n\n<h2 class=\"wp-block-heading\">Sammans\u00e4ttning av D\u00e9sir \u00c9ternel Femme &#8211; Ingrediensanalys<\/h2>\n\n\n\n<p><b>Sammans\u00e4ttningen<\/b> av D\u00e9sir \u00c9ternel Femme \u00e4r baserad p\u00e5 feromoner, som spelar en nyckelroll i denna unika doft. De viktigaste ingredienserna \u00e4r <em>Androstenol<\/em>, som hj\u00e4lper till med social interaktion, <em>Androstenone<\/em>, som avger en aura av dominans, och <em>Alpha-Androstenol<\/em>, som f\u00f6rb\u00e4ttrar v\u00e4nlig aura och sexuell attraktion. I kombination med feromoner inneh\u00e5ller dessa parfymer ofta varma blommor och fruktiga noter, vilket ger en k\u00e4nsla av friskhet och romantik.<\/p>\n\n\n\n<p>F\u00f6r att f\u00e5 en b\u00e4ttre f\u00f6rst\u00e5else f\u00f6r ingredienserna och deras betydelse finns nedan en tabell som visar de viktigaste ingredienserna och deras <b>effekter<\/b>:<\/p>\n\n\n\n<figure class=\"wp-block-table\"><table class=\"has-fixed-layout\"><tbody><tr><th>Ingrediens<\/th><th>Typ av \u00e4mne<\/th><th>Funktion<\/th><\/tr><tr><td>Androstenol<\/td><td>Feromon<\/td><td>Underl\u00e4ttar n\u00e4tverkande<\/td><\/tr><tr><td>Androstenon<\/td><td>Feromon<\/td><td>Skapar en aura av dominans<\/td><\/tr><tr><td>Alfa-Androstenol<\/td><td>Feromon<\/td><td>F\u00f6rst\u00e4rker sexuell attraktion<\/td><\/tr><tr><td>Blommiga och fruktiga noter<\/td><td>Doftnoter<\/td><td>Introducerar friskhet och romantik<\/td><\/tr><\/tbody><\/table><\/figure>\n\n\n\n<p><b>Analys av<\/b> kompositionen indikerar noggrant utvalda \u00e4mnen, vilket g\u00f6r D\u00e9sir \u00c9ternel Femme parfym b\u00e5de effektiv och s\u00e4ker att anv\u00e4nda. M\u00f6jligheten att anv\u00e4nda feromoner i daglig grooming \u00e4r ett intressant alternativ till traditionella dofter, vilket \u00f6kar deras attraktivitet och p\u00e5verkar den positiva uppfattningen av andra.<\/p>\n\n\n\n<h2 class=\"wp-block-heading\">Pris p\u00e5 D\u00e9sir \u00c9ternel Femme &#8211; Var kan jag k\u00f6pa?<\/h2>\n\n\n\n<p><b>Priset<\/b> p\u00e5 D\u00e9sir \u00c9ternel Femme kan variera beroende p\u00e5 aktuella kampanjer som erbjuds av den officiella tillverkaren. Det \u00e4r b\u00e4st att <b>k\u00f6pa<\/b> parfymen direkt fr\u00e5n denna tillverkares webbplats, eftersom det \u00e4r det enda st\u00e4llet d\u00e4r du hittar originalprodukten. Det \u00e4r inte m\u00f6jligt att k\u00f6pa p\u00e5 station\u00e4ra apotek, vilket g\u00f6r online-shopping till det enda alternativet.<\/p>\n\n\n\n<p>Uppm\u00e4rksamhet b\u00f6r \u00e4gnas \u00e5t de gynnsamma kampanjerna n\u00e4r du k\u00f6per ett st\u00f6rre antal enheter. Tack vare den effektiva verkan av feromonerna i denna parfym kan <b>anv\u00e4ndarna<\/b> r\u00e4kna med snabba resultat och l\u00e5ngvariga effekter. De produkter som erbjuds \u00e4r 50 ml flakonger med lugnande blommiga dofter.<\/p>\n\n\n\n<p>N\u00e4r du k\u00f6per, se till att anv\u00e4nda p\u00e5litliga k\u00e4llor f\u00f6r att undvika f\u00f6rfalskningar och f\u00f6r att njuta av hela utbudet av f\u00f6rdelar som erbjuds av denna unika produkt. Tack vare anv\u00e4ndningen av naturliga feromoner som estratetraenol och copulin kommer D\u00e9sir \u00c9ternel Femme att fungera som ett beroendeframkallande afrodisiakum, vilket \u00f6kar sj\u00e4lvf\u00f6rtroendet och attraktiviteten i andras \u00f6gon.<\/p>\n\n\n\n<h2 class=\"wp-block-heading\">D\u00e9sir \u00c9ternel Femme &#8211; Biverkningar och kontraindikationer &#8211; S\u00e4kerhet vid anv\u00e4ndning<\/h2>\n\n\n\n<p>I allm\u00e4nhet anses anv\u00e4ndningen av D\u00e9sir \u00c9ternel Femme parfym vara s\u00e4ker f\u00f6r de flesta anv\u00e4ndare. Tack vare de naturliga ingredienserna \u00e4r <b>biverkningar<\/b> s\u00e4llsynta. Personer med k\u00e4nslig hud b\u00f6r dock g\u00f6ra ett hudtest f\u00f6re full applicering f\u00f6r att s\u00e4kerst\u00e4lla att inga biverkningar uppst\u00e5r.<\/p>\n\n\n\n<p><b>Kontraindikationer<\/b> f\u00f6r anv\u00e4ndning av parfym inkluderar de som kan vara allergiska mot specifika ingredienser i formeln. Om irritation uppst\u00e5r rekommenderas att du omedelbart slutar anv\u00e4nda produkten och konsulterar en hudl\u00e4kare. Det \u00e4r viktigt att f\u00f6rst\u00e5 att <b>s\u00e4ker<\/b> anv\u00e4ndning \u00e4r nyckeln till att fullt ut njuta av de f\u00f6rdelar som doften erbjuder.<\/p>\n\n\n\n<p>F\u00f6r fullst\u00e4ndig komfort \u00e4r det l\u00e4mpligt att l\u00e4sa parfymens formulering noggrant innan du k\u00f6per f\u00f6r att undvika potentiella problem. Om du anv\u00e4nder produkten i enlighet med tillverkarens rekommendationer \u00f6kar ditt f\u00f6rtroende f\u00f6r att din anv\u00e4ndning av D\u00e9sir \u00c9ternel Femme kommer att bli framg\u00e5ngsrik och tillfredsst\u00e4llande.<\/p>\n","protected":false},"excerpt":{"rendered":"<p><strong>[date_countdown]<\/strong><\/p>\n<p><img decoding=\"async\" class=\"alignnone wp-image-12507\" src=\"https:\/\/www.vardcentralenhjartatsolna.se\/farmaci\/wp-content\/uploads\/2024\/11\/SAFE-PAY-300x88-1.png\" alt=\"SAFE-PAY-300x88\" width=\"201\" height=\"59\" \/><\/p>\n","protected":false},"featured_media":11945,"comment_status":"open","ping_status":"closed","template":"","meta":{"neve_meta_sidebar":"","neve_meta_container":"","neve_meta_enable_content_width":"","neve_meta_content_width":0,"neve_meta_title_alignment":"","neve_meta_author_avatar":"","neve_post_elements_order":"","neve_meta_disable_header":"","neve_meta_disable_footer":"","neve_meta_disable_title":"","neve_meta_reading_time":""},"product_brand":[],"product_cat":[566],"product_tag":[],"class_list":{"0":"post-12431","1":"product","2":"type-product","3":"status-publish","4":"has-post-thumbnail","6":"product_cat-skonhet","8":"first","9":"instock","10":"sale","11":"shipping-taxable","12":"product-type-external"},"yoast_head":"<!-- This site is optimized with the Yoast SEO plugin v27.4 - https:\/\/yoast.com\/product\/yoast-seo-wordpress\/ -->\n<title>D\u00e9sir \u00c9ternel Femme - Recension, Pris, Effekter, Apotek, Forum | -50%<\/title>\n<meta name=\"robots\" content=\"index, follow, max-snippet:-1, max-image-preview:large, max-video-preview:-1\" \/>\n<link rel=\"canonical\" href=\"https:\/\/www.vardcentralenhjartatsolna.se\/farmaci\/apt\/desir-eternel-femme\/\" \/>\n<meta property=\"og:locale\" content=\"sv_SE\" \/>\n<meta property=\"og:type\" content=\"article\" \/>\n<meta property=\"og:title\" content=\"D\u00e9sir \u00c9ternel Femme - Recension, Pris, Effekter, Apotek, Forum | -50%\" \/>\n<meta property=\"og:url\" content=\"https:\/\/www.vardcentralenhjartatsolna.se\/farmaci\/apt\/desir-eternel-femme\/\" \/>\n<meta property=\"og:site_name\" content=\"Vardcentralenhjartatsolna\" \/>\n<meta property=\"article:modified_time\" content=\"2024-11-15T19:11:35+00:00\" \/>\n<meta property=\"og:image\" content=\"https:\/\/www.vardcentralenhjartatsolna.se\/farmaci\/wp-content\/uploads\/2024\/11\/DESIR-ETERNEL-FEMME.jpg\" \/>\n\t<meta property=\"og:image:width\" content=\"768\" \/>\n\t<meta property=\"og:image:height\" content=\"768\" \/>\n\t<meta property=\"og:image:type\" content=\"image\/jpeg\" \/>\n<meta name=\"twitter:card\" content=\"summary_large_image\" \/>\n<meta name=\"twitter:description\" content=\"[date_countdown]\" \/>\n<meta name=\"twitter:label1\" content=\"Ber\u00e4knad l\u00e4stid\" \/>\n\t<meta name=\"twitter:data1\" content=\"6 minuter\" \/>\n<script type=\"application\/ld+json\" class=\"yoast-schema-graph\">{\"@context\":\"https:\\\/\\\/schema.org\",\"@graph\":[{\"@type\":\"WebPage\",\"@id\":\"https:\\\/\\\/www.vardcentralenhjartatsolna.se\\\/farmaci\\\/apt\\\/desir-eternel-femme\\\/\",\"url\":\"https:\\\/\\\/www.vardcentralenhjartatsolna.se\\\/farmaci\\\/apt\\\/desir-eternel-femme\\\/\",\"name\":\"D\u00e9sir \u00c9ternel Femme - Recension, Pris, Effekter, Apotek, Forum | -50%\",\"isPartOf\":{\"@id\":\"https:\\\/\\\/www.vardcentralenhjartatsolna.se\\\/farmaci\\\/#website\"},\"primaryImageOfPage\":{\"@id\":\"https:\\\/\\\/www.vardcentralenhjartatsolna.se\\\/farmaci\\\/apt\\\/desir-eternel-femme\\\/#primaryimage\"},\"image\":{\"@id\":\"https:\\\/\\\/www.vardcentralenhjartatsolna.se\\\/farmaci\\\/apt\\\/desir-eternel-femme\\\/#primaryimage\"},\"thumbnailUrl\":\"https:\\\/\\\/www.vardcentralenhjartatsolna.se\\\/farmaci\\\/wp-content\\\/uploads\\\/2024\\\/11\\\/DESIR-ETERNEL-FEMME.jpg\",\"datePublished\":\"2024-11-09T14:08:33+00:00\",\"dateModified\":\"2024-11-15T19:11:35+00:00\",\"breadcrumb\":{\"@id\":\"https:\\\/\\\/www.vardcentralenhjartatsolna.se\\\/farmaci\\\/apt\\\/desir-eternel-femme\\\/#breadcrumb\"},\"inLanguage\":\"sv-SE\",\"potentialAction\":[{\"@type\":\"ReadAction\",\"target\":[\"https:\\\/\\\/www.vardcentralenhjartatsolna.se\\\/farmaci\\\/apt\\\/desir-eternel-femme\\\/\"]}]},{\"@type\":\"ImageObject\",\"inLanguage\":\"sv-SE\",\"@id\":\"https:\\\/\\\/www.vardcentralenhjartatsolna.se\\\/farmaci\\\/apt\\\/desir-eternel-femme\\\/#primaryimage\",\"url\":\"https:\\\/\\\/www.vardcentralenhjartatsolna.se\\\/farmaci\\\/wp-content\\\/uploads\\\/2024\\\/11\\\/DESIR-ETERNEL-FEMME.jpg\",\"contentUrl\":\"https:\\\/\\\/www.vardcentralenhjartatsolna.se\\\/farmaci\\\/wp-content\\\/uploads\\\/2024\\\/11\\\/DESIR-ETERNEL-FEMME.jpg\",\"width\":768,\"height\":768},{\"@type\":\"BreadcrumbList\",\"@id\":\"https:\\\/\\\/www.vardcentralenhjartatsolna.se\\\/farmaci\\\/apt\\\/desir-eternel-femme\\\/#breadcrumb\",\"itemListElement\":[{\"@type\":\"ListItem\",\"position\":1,\"name\":\"Strona g\u0142\u00f3wna\",\"item\":\"https:\\\/\\\/www.vardcentralenhjartatsolna.se\\\/farmaci\\\/\"},{\"@type\":\"ListItem\",\"position\":2,\"name\":\"Produkte\",\"item\":\"https:\\\/\\\/www.vardcentralenhjartatsolna.se\\\/farmaci\\\/\"},{\"@type\":\"ListItem\",\"position\":3,\"name\":\"D\u00e9sir \u00c9ternel Femme\"}]},{\"@type\":\"WebSite\",\"@id\":\"https:\\\/\\\/www.vardcentralenhjartatsolna.se\\\/farmaci\\\/#website\",\"url\":\"https:\\\/\\\/www.vardcentralenhjartatsolna.se\\\/farmaci\\\/\",\"name\":\"Vardcentralenhjartatsolna\",\"description\":\"\",\"potentialAction\":[{\"@type\":\"SearchAction\",\"target\":{\"@type\":\"EntryPoint\",\"urlTemplate\":\"https:\\\/\\\/www.vardcentralenhjartatsolna.se\\\/farmaci\\\/?s={search_term_string}\"},\"query-input\":{\"@type\":\"PropertyValueSpecification\",\"valueRequired\":true,\"valueName\":\"search_term_string\"}}],\"inLanguage\":\"sv-SE\"}]}<\/script>\n<!-- \/ Yoast SEO plugin. -->","yoast_head_json":{"title":"D\u00e9sir \u00c9ternel Femme - Recension, Pris, Effekter, Apotek, Forum | -50%","robots":{"index":"index","follow":"follow","max-snippet":"max-snippet:-1","max-image-preview":"max-image-preview:large","max-video-preview":"max-video-preview:-1"},"canonical":"https:\/\/www.vardcentralenhjartatsolna.se\/farmaci\/apt\/desir-eternel-femme\/","og_locale":"sv_SE","og_type":"article","og_title":"D\u00e9sir \u00c9ternel Femme - Recension, Pris, Effekter, Apotek, Forum | -50%","og_url":"https:\/\/www.vardcentralenhjartatsolna.se\/farmaci\/apt\/desir-eternel-femme\/","og_site_name":"Vardcentralenhjartatsolna","article_modified_time":"2024-11-15T19:11:35+00:00","og_image":[{"width":768,"height":768,"url":"https:\/\/www.vardcentralenhjartatsolna.se\/farmaci\/wp-content\/uploads\/2024\/11\/DESIR-ETERNEL-FEMME.jpg","type":"image\/jpeg"}],"twitter_card":"summary_large_image","twitter_description":"[date_countdown]","twitter_misc":{"Ber\u00e4knad l\u00e4stid":"6 minuter"},"schema":{"@context":"https:\/\/schema.org","@graph":[{"@type":"WebPage","@id":"https:\/\/www.vardcentralenhjartatsolna.se\/farmaci\/apt\/desir-eternel-femme\/","url":"https:\/\/www.vardcentralenhjartatsolna.se\/farmaci\/apt\/desir-eternel-femme\/","name":"D\u00e9sir \u00c9ternel Femme - Recension, Pris, Effekter, Apotek, Forum | -50%","isPartOf":{"@id":"https:\/\/www.vardcentralenhjartatsolna.se\/farmaci\/#website"},"primaryImageOfPage":{"@id":"https:\/\/www.vardcentralenhjartatsolna.se\/farmaci\/apt\/desir-eternel-femme\/#primaryimage"},"image":{"@id":"https:\/\/www.vardcentralenhjartatsolna.se\/farmaci\/apt\/desir-eternel-femme\/#primaryimage"},"thumbnailUrl":"https:\/\/www.vardcentralenhjartatsolna.se\/farmaci\/wp-content\/uploads\/2024\/11\/DESIR-ETERNEL-FEMME.jpg","datePublished":"2024-11-09T14:08:33+00:00","dateModified":"2024-11-15T19:11:35+00:00","breadcrumb":{"@id":"https:\/\/www.vardcentralenhjartatsolna.se\/farmaci\/apt\/desir-eternel-femme\/#breadcrumb"},"inLanguage":"sv-SE","potentialAction":[{"@type":"ReadAction","target":["https:\/\/www.vardcentralenhjartatsolna.se\/farmaci\/apt\/desir-eternel-femme\/"]}]},{"@type":"ImageObject","inLanguage":"sv-SE","@id":"https:\/\/www.vardcentralenhjartatsolna.se\/farmaci\/apt\/desir-eternel-femme\/#primaryimage","url":"https:\/\/www.vardcentralenhjartatsolna.se\/farmaci\/wp-content\/uploads\/2024\/11\/DESIR-ETERNEL-FEMME.jpg","contentUrl":"https:\/\/www.vardcentralenhjartatsolna.se\/farmaci\/wp-content\/uploads\/2024\/11\/DESIR-ETERNEL-FEMME.jpg","width":768,"height":768},{"@type":"BreadcrumbList","@id":"https:\/\/www.vardcentralenhjartatsolna.se\/farmaci\/apt\/desir-eternel-femme\/#breadcrumb","itemListElement":[{"@type":"ListItem","position":1,"name":"Strona g\u0142\u00f3wna","item":"https:\/\/www.vardcentralenhjartatsolna.se\/farmaci\/"},{"@type":"ListItem","position":2,"name":"Produkte","item":"https:\/\/www.vardcentralenhjartatsolna.se\/farmaci\/"},{"@type":"ListItem","position":3,"name":"D\u00e9sir \u00c9ternel Femme"}]},{"@type":"WebSite","@id":"https:\/\/www.vardcentralenhjartatsolna.se\/farmaci\/#website","url":"https:\/\/www.vardcentralenhjartatsolna.se\/farmaci\/","name":"Vardcentralenhjartatsolna","description":"","potentialAction":[{"@type":"SearchAction","target":{"@type":"EntryPoint","urlTemplate":"https:\/\/www.vardcentralenhjartatsolna.se\/farmaci\/?s={search_term_string}"},"query-input":{"@type":"PropertyValueSpecification","valueRequired":true,"valueName":"search_term_string"}}],"inLanguage":"sv-SE"}]}},"_links":{"self":[{"href":"https:\/\/www.vardcentralenhjartatsolna.se\/farmaci\/wp-json\/wp\/v2\/product\/12431","targetHints":{"allow":["GET"]}}],"collection":[{"href":"https:\/\/www.vardcentralenhjartatsolna.se\/farmaci\/wp-json\/wp\/v2\/product"}],"about":[{"href":"https:\/\/www.vardcentralenhjartatsolna.se\/farmaci\/wp-json\/wp\/v2\/types\/product"}],"replies":[{"embeddable":true,"href":"https:\/\/www.vardcentralenhjartatsolna.se\/farmaci\/wp-json\/wp\/v2\/comments?post=12431"}],"wp:featuredmedia":[{"embeddable":true,"href":"https:\/\/www.vardcentralenhjartatsolna.se\/farmaci\/wp-json\/wp\/v2\/media\/11945"}],"wp:attachment":[{"href":"https:\/\/www.vardcentralenhjartatsolna.se\/farmaci\/wp-json\/wp\/v2\/media?parent=12431"}],"wp:term":[{"taxonomy":"product_brand","embeddable":true,"href":"https:\/\/www.vardcentralenhjartatsolna.se\/farmaci\/wp-json\/wp\/v2\/product_brand?post=12431"},{"taxonomy":"product_cat","embeddable":true,"href":"https:\/\/www.vardcentralenhjartatsolna.se\/farmaci\/wp-json\/wp\/v2\/product_cat?post=12431"},{"taxonomy":"product_tag","embeddable":true,"href":"https:\/\/www.vardcentralenhjartatsolna.se\/farmaci\/wp-json\/wp\/v2\/product_tag?post=12431"}],"curies":[{"name":"wp","href":"https:\/\/api.w.org\/{rel}","templated":true}]}}