{"id":12423,"date":"2024-11-09T15:08:29","date_gmt":"2024-11-09T14:08:29","guid":{"rendered":"https:\/\/blodsjukdom.se\/farmaci\/apt\/hugefinale\/"},"modified":"2024-11-15T19:17:31","modified_gmt":"2024-11-15T18:17:31","slug":"hugefinale","status":"publish","type":"product","link":"https:\/\/www.vardcentralenhjartatsolna.se\/farmaci\/apt\/hugefinale\/","title":{"rendered":"HugeFinale"},"content":{"rendered":"\n<h2 class=\"wp-block-heading\">Vad \u00e4r HugeFinale och hur fungerar det?<\/h2>\n\n\n\n<p>HugeFinale \u00e4r ett innovativt <b>kosttillskott<\/b> som \u00e4r utformat f\u00f6r m\u00e4n som vill f\u00f6rb\u00e4ttra sin <em>intima h\u00e4lsa<\/em>. Dess <em>d-\u00e5tg\u00e4rd<\/em> fokuserar p\u00e5 att st\u00f6dja sexuell funktion, s\u00e5som \u00f6kad <b>libido<\/b> och b\u00e4ttre erektionskvalitet. Den viktigaste <em>verkningsmekanismen<\/em> \u00e4r baserad p\u00e5 naturliga ingredienser som har en synergistisk effekt p\u00e5 kroppen.<\/p>\n\n\n\n<p>HugeFinale <b>inneh\u00e5ller<\/b> aktiva <b>ingredienser<\/b> som f\u00f6rb\u00e4ttrar blodcirkulationen, vilket \u00e4r viktigt f\u00f6r sexuell <em>potential<\/em>. Detta m\u00f6jligg\u00f6r b\u00e4ttre blodcirkulation till k\u00f6nsorganen, vilket \u00f6vers\u00e4tts till mer tillfredsst\u00e4llande intima upplevelser. Regelbunden <b>anv\u00e4ndning av<\/b> detta till\u00e4gg kan bidra till att \u00f6ka samlagets varaktighet och f\u00f6rb\u00e4ttra k\u00e4nslorna i samband med sexlivet.<\/p>\n\n\n\n<p>HugeFinale \u00e4r utformad f\u00f6r m\u00e4n som vill f\u00f6rb\u00e4ttra sitt sexuella tillst\u00e5nd. Dess v\u00e4l genomt\u00e4nkta <em>sammans\u00e4ttning<\/em> och effektiva <em>d-\u00e5tg\u00e4rd<\/em> g\u00f6r till\u00e4gget alltmer popul\u00e4rt bland dem som vill f\u00f6rb\u00e4ttra kvaliteten p\u00e5 sitt intima liv.<\/p>\n\n\n\n<h2 class=\"wp-block-heading\">Effekter av HugeFinale<\/h2>\n\n\n\n<p><b>Anv\u00e4ndningen<\/b> av HugeFinale har m\u00e5nga positiva <em>effekter<\/em> som avsev\u00e4rt kan f\u00f6rb\u00e4ttra kvaliteten p\u00e5 det intima livet. Bland de viktigaste <em>f\u00f6rdelarna<\/em> \u00e4r det v\u00e4rt att n\u00e4mna den omedelbara \u00f6kningen av <em>libido<\/em> och f\u00f6rb\u00e4ttrad <em>erektil styrka<\/em>. Anv\u00e4ndare m\u00e4rker ofta l\u00e5ngsiktiga resultat, s\u00e5som mer intensiva orgasmer och \u00f6kat antal spermier.<\/p>\n\n\n\n<p>Till\u00e4gget \u00e4r l\u00e4tt att inf\u00f6rliva i en daglig rutin, vilket g\u00f6r det till en bekv\u00e4m l\u00f6sning f\u00f6r dem som lever aktiva liv. Regelbundet intag av HugeFinale kan leda till betydande f\u00f6rb\u00e4ttringar av v\u00e4lbefinnande och sj\u00e4lvf\u00f6rtroende, vilket \u00e4r viktigt f\u00f6r tillfredsst\u00e4llelse i intima relationer. Tack vare naturliga ingredienser som ginseng och L-arginin har produkten minimal risk f\u00f6r biverkningar och ger <em>st\u00f6d f\u00f6r<\/em> anv\u00e4ndarnas <em>h\u00e4lsa<\/em>.<\/p>\n\n\n\n<figure class=\"wp-block-table\"><table class=\"has-fixed-layout\"><tbody><tr><th>Effekt<\/th><th>Beskrivning av effekt<\/th><\/tr><tr><td>\u00d6kning <b>av libido<\/b><\/td><td>Omedelbar \u00f6kning av sexuell lust.<\/td><\/tr><tr><td>F\u00f6rb\u00e4ttrad erektil styrka<\/td><td>Starkare, mer ih\u00e5llande erektioner.<\/td><\/tr><tr><td>\u00d6kat antal spermier<\/td><td>\u00d6kad ejakulatvolym och f\u00f6rb\u00e4ttrad ejakulatkvalitet.<\/td><\/tr><tr><td>Mer intensiva orgasmer<\/td><td>St\u00f6rre tillfredsst\u00e4llelse med sexlivet.<\/td><\/tr><tr><td>F\u00f6rb\u00e4ttrat v\u00e4lbefinnande<\/td><td>\u00d6kat sj\u00e4lvf\u00f6rtroende och mental h\u00e4lsa.<\/td><\/tr><\/tbody><\/table><\/figure>\n\n\n\n<p>Sammantaget st\u00f6der <b>effekterna av<\/b> HugeFinale inte bara de fysiska aspekterna utan ocks\u00e5 de mentala aspekterna, vilket g\u00f6r det till ett v\u00e4rdefullt st\u00f6d i vardagen.<\/p>\n\n\n\n<h2 class=\"wp-block-heading\">Hur man anv\u00e4nder HugeFinale korrekt &#8211; Dosering<\/h2>\n\n\n\n<p>F\u00f6r att uppn\u00e5 <b>optimala resultat<\/b> med HugeFinale \u00e4r det viktigt att f\u00f6lja tillverkarens doseringsrekommendationer. Detta tillskott rekommenderas att tas som en kapsel per dag, helst f\u00f6re en m\u00e5ltid, vilket \u00f6kar absorptionen av de aktiva ingredienserna.<\/p>\n\n\n\n<p>Detta spelar en viktig roll f\u00f6r att f\u00f6rb\u00e4ttra den intima h\u00e4lsan och f\u00f6rb\u00e4ttra den totala sexuella prestandan. Regelbunden <b>anv\u00e4ndning av<\/b> HugeFinale kan bidra till att avsev\u00e4rt f\u00f6rb\u00e4ttra ejakulatorisk kontroll och \u00f6ka samlagets varaktighet. M\u00e5nga anv\u00e4ndare av detta till\u00e4gg har m\u00e4rkt en \u00f6kning av sexuell tillfredsst\u00e4llelse, vilket framg\u00e5r av de m\u00e5nga positiva <b>recensionerna<\/b>.<\/p>\n\n\n\n<figure class=\"wp-block-table\"><table class=\"has-fixed-layout\"><tbody><tr><th>Dosering<\/th><th>V\u00e4gbeskrivning<\/th><th>Effekter<\/th><\/tr><tr><td>1 kapsel per dag<\/td><td>F\u00f6re m\u00e5ltid<\/td><td>\u00d6kad <b>libido<\/b>, f\u00f6rb\u00e4ttrad erektion, f\u00f6rl\u00e4ngt samlag<\/td><\/tr><tr><td>Hj\u00e4lp vid hantering av f\u00f6r tidig utl\u00f6sning<\/td><td>Regelbundet samlag, dagligen<\/td><td>B\u00e4ttre kontroll \u00f6ver utl\u00f6sningen, \u00f6kad tillfredsst\u00e4llelse<\/td><\/tr><tr><td>\u00d6vervakning av kroppsreaktioner<\/td><td>Konsultation med l\u00e4kare f\u00f6re anv\u00e4ndning<\/td><td>Uppn\u00e5 optimala resultat, minimera biverkningar<\/td><\/tr><\/tbody><\/table><\/figure>\n\n\n\n<p>Vid l\u00e5ngvarig anv\u00e4ndning av tillskottet rapporterar anv\u00e4ndarna ofta en \u00f6kning av energi och prestanda, vilket spelar en viktig roll i det intima livet. Regelbundenhet och r\u00e4tt dosering \u00e4r nyckeln till att uppn\u00e5 \u00f6nskade resultat, s\u00e5 det \u00e4r v\u00e4rt att ta HugeFinale enligt anvisningarna.<\/p>\n\n\n\n<h2 class=\"wp-block-heading\">HugeFinale &#8211; \u00c5sikter och recensioner, forum<\/h2>\n\n\n\n<p>HugeFinale v\u00e4xer i popularitet bland m\u00e4n som letar efter effektiva l\u00f6sningar p\u00e5 erektionsproblem. <b>Anv\u00e4ndarrecensioner<\/b> tenderar att vara positiva, b\u00e5de p\u00e5 granskningssidor och onlineforum. Anv\u00e4ndarna delar med sig av sina <em>erfarenheter<\/em> och betonar <em>s\u00e4kerheten i<\/em> detta tillskott.<\/p>\n\n\n\n<blockquote class=\"wp-block-quote is-layout-flow wp-block-quote-is-layout-flow\">\n<p><em>Kamil<\/em>: &#8221;Efter att jag b\u00f6rjade anv\u00e4nda HugeFinale m\u00e4rkte jag en betydande f\u00f6rb\u00e4ttring av mitt sexliv. F\u00f6rst och fr\u00e4mst har mitt sj\u00e4lvf\u00f6rtroende \u00f6kat, vilket leder till b\u00e4ttre relationer med min partner. Viktigast av allt har jag inte upplevt n\u00e5gra biverkningar.&#8221;<\/p>\n<\/blockquote>\n\n\n\n<blockquote class=\"wp-block-quote is-layout-flow wp-block-quote-is-layout-flow\">\n<p><em>Marek<\/em>: &#8221;HugeFinale har hj\u00e4lpt mig i min kamp mot f\u00f6r tidig utl\u00f6sning. Jag kan \u00e4ntligen njuta av intimitet utan oro. Den naturliga <b>sammans\u00e4ttningen<\/b> av piller \u00f6vertygar mig om att forts\u00e4tta anv\u00e4nda dem. Jag tror att formeln \u00e4r mycket <em>effektiv<\/em> och de resulterande <b>f\u00f6rdelarna<\/b> \u00e4r v\u00e4rda investeringen.&#8221;<\/p>\n<\/blockquote>\n\n\n\n<blockquote class=\"wp-block-quote is-layout-flow wp-block-quote-is-layout-flow\">\n<p><em>Sebastian<\/em>: &#8221;Jag har anv\u00e4nt HugeFinale i n\u00e5gra veckor och har blivit positivt \u00f6verraskad av effekterna. Den \u00f6kade libido och f\u00f6rb\u00e4ttrade relationskomforten g\u00f6r att jag k\u00e4nner mig mer uppfylld i den intima sf\u00e4ren. Regelbundna diskussioner p\u00e5 forumen bekr\u00e4ftar att m\u00e5nga m\u00e4nniskor har liknande k\u00e4nslor.&#8221;<\/p>\n<\/blockquote>\n\n\n\n<p><b>Recensionerna<\/b> p\u00e5 HugeFinale backas upp av aktiva diskussioner p\u00e5 forum, d\u00e4r anv\u00e4ndare delar sina erfarenheter och rekommenderar produkten till personer som k\u00e4mpar med liknande problem. Det \u00e4r v\u00e4rt att notera att majoriteten av recensionerna lyfter fram <em>effektiviteten<\/em> och den naturliga <b>sammans\u00e4ttningen<\/b>, vilket bekr\u00e4ftar att HugeFinale \u00e4r ett popul\u00e4rt tillskott att v\u00e4lja.<\/p>\n\n\n\n<h2 class=\"wp-block-heading\">HugeFinale-komposition &#8211; Ingrediensanalys<\/h2>\n\n\n\n<p>Sammans\u00e4ttningen av HugeFinale \u00e4r baserad p\u00e5 <em>naturliga ingredienser<\/em> som \u00e4r utformade f\u00f6r att st\u00f6dja sexuell h\u00e4lsa. Till\u00e4gget kombinerar 18 olika komponenter, inklusive <em>afrodisiakum<\/em>, som hj\u00e4lper till att f\u00f6rb\u00e4ttra libido och erektionskvalitet.<\/p>\n\n\n\n<p>HugeFinale ingredienser inkluderar:<\/p>\n\n\n\n<ul class=\"wp-block-list\">\n<li>Fenugreek-extrakt &#8211; k\u00e4nt f\u00f6r sina positiva effekter p\u00e5 den manliga kroppen och f\u00f6r att stimulera libido.<\/li>\n\n\n\n<li>L-arginin &#8211; fr\u00e4mjar blodcirkulationen, vilket kan f\u00f6rb\u00e4ttra erektionskvaliteten.<\/li>\n\n\n\n<li>Ginseng-extrakt &#8211; ett naturligt afrodisiakum, \u00f6kar energi och uth\u00e5llighet.<\/li>\n\n\n\n<li>Vitamin E &#8211; gynnsamt f\u00f6r sexuell h\u00e4lsa och allm\u00e4nt v\u00e4lbefinnande.<\/li>\n<\/ul>\n\n\n\n<p>Alla dessa <b>ingredienser<\/b> fungerar synergistiskt f\u00f6r att s\u00e4kerst\u00e4lla effektivitet och <b>s\u00e4kerhet<\/b> vid anv\u00e4ndning. Anv\u00e4ndare lyfter vanligtvis fram att <b>effekterna<\/b> inkluderar f\u00f6rb\u00e4ttrad uth\u00e5llighet, vilket leder till l\u00e4ngre samlag och st\u00f6rre tillfredsst\u00e4llelse f\u00f6r b\u00e5da parter.<\/p>\n\n\n\n<figure class=\"wp-block-table\"><table class=\"has-fixed-layout\"><tbody><tr><th>Ingrediens<\/th><th>F\u00f6rdelar<\/th><\/tr><tr><td>Extrakt av bockhornskl\u00f6ver<\/td><td>F\u00f6rb\u00e4ttrar libido och st\u00f6der <b>sexuell h\u00e4lsa.<\/b><\/td><\/tr><tr><td>L-arginin<\/td><td>F\u00f6rb\u00e4ttrar blodcirkulationen och erektionskvaliteten.<\/td><\/tr><tr><td>Ginseng-extrakt<\/td><td>Tillf\u00f6r energi, f\u00f6rb\u00e4ttrar uth\u00e5llighet och sexuell funktion.<\/td><\/tr><tr><td>Vitamin E<\/td><td>St\u00f6djer \u00f6vergripande v\u00e4lbefinnande och <b>sexuell h\u00e4lsa<\/b>.<\/td><\/tr><\/tbody><\/table><\/figure>\n\n\n\n<p>HugeFinales noggrant utvalda <b>ingredienser<\/b> hj\u00e4lper till att f\u00f6rb\u00e4ttra kvaliteten p\u00e5 m\u00e4ns sexliv och ge st\u00f6d f\u00f6r intim h\u00e4lsa. Anv\u00e4ndare kan vara s\u00e4kra p\u00e5 att genom att v\u00e4lja detta till\u00e4gg kommer de p\u00e5 v\u00e4g till b\u00e4ttre sexuell h\u00e4lsa.<\/p>\n\n\n\n<h2 class=\"wp-block-heading\">Var kan man k\u00f6pa och vad \u00e4r priset p\u00e5 HugeFinale?<\/h2>\n\n\n\n<p>HugeFinale \u00e4r ett innovativt <b>kosttillskott<\/b> som endast kan k\u00f6pas fr\u00e5n <em>den officiella tillverkarens<\/em> webbplats. Denna ink\u00f6psmetod s\u00e4kerst\u00e4ller produktens \u00e4kthet och h\u00f6ga kvalitet. De som vill ta reda p\u00e5 <em>var man kan k\u00f6pa<\/em> detta till\u00e4gg b\u00f6r fokusera p\u00e5 tillverkarens onlineplattform, eftersom andra k\u00e4llor, till exempel station\u00e4ra apotek, inte erbjuder detta alternativ.<\/p>\n\n\n\n<p>N\u00e4r det g\u00e4ller <em>priset<\/em> \u00e4r det v\u00e4rt att notera att det beror p\u00e5 de aktuella <em>kampanjerna<\/em> som finns tillg\u00e4ngliga p\u00e5 webbplatsen. Tillverkaren erbjuder ofta gynnsamma rabatter, vilket g\u00f6r k\u00f6pet \u00e4nnu mer attraktivt. Om man undrar \u00f6ver kostnaden b\u00f6r man d\u00e4rf\u00f6r definitivt forts\u00e4tta att kontrollera tillg\u00e4ngligheten av kampanjer.<\/p>\n\n\n\n<p>Att k\u00f6pa via <em>tillverkarens<\/em> officiella webbplats \u00e4r det enda s\u00e4ttet att s\u00e4kerst\u00e4lla produktens originalitet och dess h\u00f6ga kvalitet. Anv\u00e4ndare betonar bekv\u00e4mligheten med online-shopping och s\u00e4kerheten f\u00f6r HugeFinales <em>tillg\u00e4nglighet<\/em> genom sitt sortiment p\u00e5 tillverkarens webbplats.<\/p>\n\n\n\n<h2 class=\"wp-block-heading\">Potentiella biverkningar och kontraindikationer av HugeFinale<\/h2>\n\n\n\n<p>HugeFinale \u00e4r en produkt som \u00e4r baserad p\u00e5 naturliga ingredienser, vilket st\u00f6der dess <b>s\u00e4kerhet<\/b> och minimerar risken f\u00f6r biverkningar. \u00c4ven om tillverkaren tar hand om det noggranna urvalet av ingredienser och formeln \u00e4r utformad f\u00f6r maximal kosmetisk h\u00e4lsa, \u00e4r det alltid v\u00e4rt att notera potentiella <b>kontraindikationer<\/b>. De med allergier mot n\u00e5gon av ingredienserna b\u00f6r n\u00e4rma sig till\u00e4ggsanv\u00e4ndning med f\u00f6rsiktighet och konsultera en l\u00e4kare innan behandlingen p\u00e5b\u00f6rjas.<\/p>\n\n\n\n<p><b>S\u00e4kerheten<\/b> f\u00f6r HugeFinale \u00e4r en prioritet, men \u00e4ven naturliga formuleringar kan orsaka reaktioner hos vissa anv\u00e4ndare. Det rekommenderas d\u00e4rf\u00f6r att l\u00e4sa hela ingrediensf\u00f6rteckningen innan du p\u00e5b\u00f6rjar en behandling och att anv\u00e4nda tillskottet enligt tillverkarens rekommendationer. L\u00e4mplig anv\u00e4ndning kan bidra till optimala h\u00e4lsoresultat, men eventuella kontraindikationer, s\u00e5som graviditet, amning eller anv\u00e4ndning av andra mediciner, b\u00f6r komma ih\u00e5g.<\/p>\n\n\n\n<p>Med f\u00f6rsiktighet och genom att f\u00f6lja doseringsriktlinjerna kan anv\u00e4ndarna njuta av f\u00f6rdelarna med regelbunden anv\u00e4ndning av HugeFinale samtidigt som risken f\u00f6r biverkningar minimeras. Det \u00e4r ocks\u00e5 en bra id\u00e9 att observera din kropp och reagera p\u00e5 eventuella oroande symtom f\u00f6r att s\u00e4kerst\u00e4lla maximal h\u00e4lsa och v\u00e4lbefinnande.<\/p>\n","protected":false},"excerpt":{"rendered":"<p><strong>[date_countdown]<\/strong><\/p>\n<p><img decoding=\"async\" class=\"alignnone wp-image-12507\" src=\"https:\/\/www.vardcentralenhjartatsolna.se\/farmaci\/wp-content\/uploads\/2024\/11\/SAFE-PAY-300x88-1.png\" alt=\"SAFE-PAY-300x88\" width=\"201\" height=\"59\" \/><\/p>\n","protected":false},"featured_media":12422,"comment_status":"open","ping_status":"closed","template":"","meta":{"neve_meta_sidebar":"","neve_meta_container":"","neve_meta_enable_content_width":"","neve_meta_content_width":0,"neve_meta_title_alignment":"","neve_meta_author_avatar":"","neve_post_elements_order":"","neve_meta_disable_header":"","neve_meta_disable_footer":"","neve_meta_disable_title":"","neve_meta_reading_time":""},"product_brand":[],"product_cat":[567],"product_tag":[],"class_list":{"0":"post-12423","1":"product","2":"type-product","3":"status-publish","4":"has-post-thumbnail","6":"product_cat-sexuell-halsa","8":"first","9":"instock","10":"sale","11":"shipping-taxable","12":"product-type-external"},"yoast_head":"<!-- This site is optimized with the Yoast SEO plugin v27.4 - https:\/\/yoast.com\/product\/yoast-seo-wordpress\/ -->\n<title>HugeFinale - Recension, Pris, Effekter, Apotek, Forum | -50%<\/title>\n<meta name=\"robots\" content=\"index, follow, max-snippet:-1, max-image-preview:large, max-video-preview:-1\" \/>\n<link rel=\"canonical\" href=\"https:\/\/www.vardcentralenhjartatsolna.se\/farmaci\/apt\/hugefinale\/\" \/>\n<meta property=\"og:locale\" content=\"sv_SE\" \/>\n<meta property=\"og:type\" content=\"article\" \/>\n<meta property=\"og:title\" content=\"HugeFinale - Recension, Pris, Effekter, Apotek, Forum | -50%\" \/>\n<meta property=\"og:url\" content=\"https:\/\/www.vardcentralenhjartatsolna.se\/farmaci\/apt\/hugefinale\/\" \/>\n<meta property=\"og:site_name\" content=\"Vardcentralenhjartatsolna\" \/>\n<meta property=\"article:modified_time\" content=\"2024-11-15T18:17:31+00:00\" \/>\n<meta property=\"og:image\" content=\"https:\/\/www.vardcentralenhjartatsolna.se\/farmaci\/wp-content\/uploads\/2024\/11\/HugeFinale.jpg\" \/>\n\t<meta property=\"og:image:width\" content=\"768\" \/>\n\t<meta property=\"og:image:height\" content=\"768\" \/>\n\t<meta property=\"og:image:type\" content=\"image\/jpeg\" \/>\n<meta name=\"twitter:card\" content=\"summary_large_image\" \/>\n<meta name=\"twitter:description\" content=\"[date_countdown]\" \/>\n<meta name=\"twitter:label1\" content=\"Ber\u00e4knad l\u00e4stid\" \/>\n\t<meta name=\"twitter:data1\" content=\"1 minut\" \/>\n<script type=\"application\/ld+json\" class=\"yoast-schema-graph\">{\"@context\":\"https:\\\/\\\/schema.org\",\"@graph\":[{\"@type\":\"WebPage\",\"@id\":\"https:\\\/\\\/www.vardcentralenhjartatsolna.se\\\/farmaci\\\/apt\\\/hugefinale\\\/\",\"url\":\"https:\\\/\\\/www.vardcentralenhjartatsolna.se\\\/farmaci\\\/apt\\\/hugefinale\\\/\",\"name\":\"HugeFinale - Recension, Pris, Effekter, Apotek, Forum | -50%\",\"isPartOf\":{\"@id\":\"https:\\\/\\\/www.vardcentralenhjartatsolna.se\\\/farmaci\\\/#website\"},\"primaryImageOfPage\":{\"@id\":\"https:\\\/\\\/www.vardcentralenhjartatsolna.se\\\/farmaci\\\/apt\\\/hugefinale\\\/#primaryimage\"},\"image\":{\"@id\":\"https:\\\/\\\/www.vardcentralenhjartatsolna.se\\\/farmaci\\\/apt\\\/hugefinale\\\/#primaryimage\"},\"thumbnailUrl\":\"https:\\\/\\\/www.vardcentralenhjartatsolna.se\\\/farmaci\\\/wp-content\\\/uploads\\\/2024\\\/11\\\/HugeFinale.jpg\",\"datePublished\":\"2024-11-09T14:08:29+00:00\",\"dateModified\":\"2024-11-15T18:17:31+00:00\",\"breadcrumb\":{\"@id\":\"https:\\\/\\\/www.vardcentralenhjartatsolna.se\\\/farmaci\\\/apt\\\/hugefinale\\\/#breadcrumb\"},\"inLanguage\":\"sv-SE\",\"potentialAction\":[{\"@type\":\"ReadAction\",\"target\":[\"https:\\\/\\\/www.vardcentralenhjartatsolna.se\\\/farmaci\\\/apt\\\/hugefinale\\\/\"]}]},{\"@type\":\"ImageObject\",\"inLanguage\":\"sv-SE\",\"@id\":\"https:\\\/\\\/www.vardcentralenhjartatsolna.se\\\/farmaci\\\/apt\\\/hugefinale\\\/#primaryimage\",\"url\":\"https:\\\/\\\/www.vardcentralenhjartatsolna.se\\\/farmaci\\\/wp-content\\\/uploads\\\/2024\\\/11\\\/HugeFinale.jpg\",\"contentUrl\":\"https:\\\/\\\/www.vardcentralenhjartatsolna.se\\\/farmaci\\\/wp-content\\\/uploads\\\/2024\\\/11\\\/HugeFinale.jpg\",\"width\":768,\"height\":768},{\"@type\":\"BreadcrumbList\",\"@id\":\"https:\\\/\\\/www.vardcentralenhjartatsolna.se\\\/farmaci\\\/apt\\\/hugefinale\\\/#breadcrumb\",\"itemListElement\":[{\"@type\":\"ListItem\",\"position\":1,\"name\":\"Strona g\u0142\u00f3wna\",\"item\":\"https:\\\/\\\/www.vardcentralenhjartatsolna.se\\\/farmaci\\\/\"},{\"@type\":\"ListItem\",\"position\":2,\"name\":\"Produkte\",\"item\":\"https:\\\/\\\/www.vardcentralenhjartatsolna.se\\\/farmaci\\\/\"},{\"@type\":\"ListItem\",\"position\":3,\"name\":\"HugeFinale\"}]},{\"@type\":\"WebSite\",\"@id\":\"https:\\\/\\\/www.vardcentralenhjartatsolna.se\\\/farmaci\\\/#website\",\"url\":\"https:\\\/\\\/www.vardcentralenhjartatsolna.se\\\/farmaci\\\/\",\"name\":\"Vardcentralenhjartatsolna\",\"description\":\"\",\"potentialAction\":[{\"@type\":\"SearchAction\",\"target\":{\"@type\":\"EntryPoint\",\"urlTemplate\":\"https:\\\/\\\/www.vardcentralenhjartatsolna.se\\\/farmaci\\\/?s={search_term_string}\"},\"query-input\":{\"@type\":\"PropertyValueSpecification\",\"valueRequired\":true,\"valueName\":\"search_term_string\"}}],\"inLanguage\":\"sv-SE\"}]}<\/script>\n<!-- \/ Yoast SEO plugin. -->","yoast_head_json":{"title":"HugeFinale - Recension, Pris, Effekter, Apotek, Forum | -50%","robots":{"index":"index","follow":"follow","max-snippet":"max-snippet:-1","max-image-preview":"max-image-preview:large","max-video-preview":"max-video-preview:-1"},"canonical":"https:\/\/www.vardcentralenhjartatsolna.se\/farmaci\/apt\/hugefinale\/","og_locale":"sv_SE","og_type":"article","og_title":"HugeFinale - Recension, Pris, Effekter, Apotek, Forum | -50%","og_url":"https:\/\/www.vardcentralenhjartatsolna.se\/farmaci\/apt\/hugefinale\/","og_site_name":"Vardcentralenhjartatsolna","article_modified_time":"2024-11-15T18:17:31+00:00","og_image":[{"width":768,"height":768,"url":"https:\/\/www.vardcentralenhjartatsolna.se\/farmaci\/wp-content\/uploads\/2024\/11\/HugeFinale.jpg","type":"image\/jpeg"}],"twitter_card":"summary_large_image","twitter_description":"[date_countdown]","twitter_misc":{"Ber\u00e4knad l\u00e4stid":"1 minut"},"schema":{"@context":"https:\/\/schema.org","@graph":[{"@type":"WebPage","@id":"https:\/\/www.vardcentralenhjartatsolna.se\/farmaci\/apt\/hugefinale\/","url":"https:\/\/www.vardcentralenhjartatsolna.se\/farmaci\/apt\/hugefinale\/","name":"HugeFinale - Recension, Pris, Effekter, Apotek, Forum | -50%","isPartOf":{"@id":"https:\/\/www.vardcentralenhjartatsolna.se\/farmaci\/#website"},"primaryImageOfPage":{"@id":"https:\/\/www.vardcentralenhjartatsolna.se\/farmaci\/apt\/hugefinale\/#primaryimage"},"image":{"@id":"https:\/\/www.vardcentralenhjartatsolna.se\/farmaci\/apt\/hugefinale\/#primaryimage"},"thumbnailUrl":"https:\/\/www.vardcentralenhjartatsolna.se\/farmaci\/wp-content\/uploads\/2024\/11\/HugeFinale.jpg","datePublished":"2024-11-09T14:08:29+00:00","dateModified":"2024-11-15T18:17:31+00:00","breadcrumb":{"@id":"https:\/\/www.vardcentralenhjartatsolna.se\/farmaci\/apt\/hugefinale\/#breadcrumb"},"inLanguage":"sv-SE","potentialAction":[{"@type":"ReadAction","target":["https:\/\/www.vardcentralenhjartatsolna.se\/farmaci\/apt\/hugefinale\/"]}]},{"@type":"ImageObject","inLanguage":"sv-SE","@id":"https:\/\/www.vardcentralenhjartatsolna.se\/farmaci\/apt\/hugefinale\/#primaryimage","url":"https:\/\/www.vardcentralenhjartatsolna.se\/farmaci\/wp-content\/uploads\/2024\/11\/HugeFinale.jpg","contentUrl":"https:\/\/www.vardcentralenhjartatsolna.se\/farmaci\/wp-content\/uploads\/2024\/11\/HugeFinale.jpg","width":768,"height":768},{"@type":"BreadcrumbList","@id":"https:\/\/www.vardcentralenhjartatsolna.se\/farmaci\/apt\/hugefinale\/#breadcrumb","itemListElement":[{"@type":"ListItem","position":1,"name":"Strona g\u0142\u00f3wna","item":"https:\/\/www.vardcentralenhjartatsolna.se\/farmaci\/"},{"@type":"ListItem","position":2,"name":"Produkte","item":"https:\/\/www.vardcentralenhjartatsolna.se\/farmaci\/"},{"@type":"ListItem","position":3,"name":"HugeFinale"}]},{"@type":"WebSite","@id":"https:\/\/www.vardcentralenhjartatsolna.se\/farmaci\/#website","url":"https:\/\/www.vardcentralenhjartatsolna.se\/farmaci\/","name":"Vardcentralenhjartatsolna","description":"","potentialAction":[{"@type":"SearchAction","target":{"@type":"EntryPoint","urlTemplate":"https:\/\/www.vardcentralenhjartatsolna.se\/farmaci\/?s={search_term_string}"},"query-input":{"@type":"PropertyValueSpecification","valueRequired":true,"valueName":"search_term_string"}}],"inLanguage":"sv-SE"}]}},"_links":{"self":[{"href":"https:\/\/www.vardcentralenhjartatsolna.se\/farmaci\/wp-json\/wp\/v2\/product\/12423","targetHints":{"allow":["GET"]}}],"collection":[{"href":"https:\/\/www.vardcentralenhjartatsolna.se\/farmaci\/wp-json\/wp\/v2\/product"}],"about":[{"href":"https:\/\/www.vardcentralenhjartatsolna.se\/farmaci\/wp-json\/wp\/v2\/types\/product"}],"replies":[{"embeddable":true,"href":"https:\/\/www.vardcentralenhjartatsolna.se\/farmaci\/wp-json\/wp\/v2\/comments?post=12423"}],"wp:featuredmedia":[{"embeddable":true,"href":"https:\/\/www.vardcentralenhjartatsolna.se\/farmaci\/wp-json\/wp\/v2\/media\/12422"}],"wp:attachment":[{"href":"https:\/\/www.vardcentralenhjartatsolna.se\/farmaci\/wp-json\/wp\/v2\/media?parent=12423"}],"wp:term":[{"taxonomy":"product_brand","embeddable":true,"href":"https:\/\/www.vardcentralenhjartatsolna.se\/farmaci\/wp-json\/wp\/v2\/product_brand?post=12423"},{"taxonomy":"product_cat","embeddable":true,"href":"https:\/\/www.vardcentralenhjartatsolna.se\/farmaci\/wp-json\/wp\/v2\/product_cat?post=12423"},{"taxonomy":"product_tag","embeddable":true,"href":"https:\/\/www.vardcentralenhjartatsolna.se\/farmaci\/wp-json\/wp\/v2\/product_tag?post=12423"}],"curies":[{"name":"wp","href":"https:\/\/api.w.org\/{rel}","templated":true}]}}