{"id":12409,"date":"2024-11-09T15:08:22","date_gmt":"2024-11-09T14:08:22","guid":{"rendered":"https:\/\/blodsjukdom.se\/farmaci\/apt\/dayburner\/"},"modified":"2024-11-15T16:37:41","modified_gmt":"2024-11-15T15:37:41","slug":"dayburner","status":"publish","type":"product","link":"https:\/\/www.vardcentralenhjartatsolna.se\/farmaci\/apt\/dayburner\/","title":{"rendered":"DayBurner"},"content":{"rendered":"\n<h2 class=\"wp-block-heading\">Vad \u00e4r DayBurner och hur fungerar det?<\/h2>\n\n\n\n<p>DayBurner \u00e4r ett <em>kosttillskott<\/em> som st\u00f6der <em>viktminskning<\/em> genom att p\u00e5skynda \u00e4mnesoms\u00e4ttningen och undertrycka aptiten. Dess formel \u00e4r baserad p\u00e5 naturliga ingredienser som spelar en nyckelroll i effektiv fettf\u00f6rbr\u00e4nning. <b>\u00c5tg\u00e4rden<\/b> av denna formel \u00e4r baserad p\u00e5 att st\u00f6dja termogenes, vilket leder till \u00f6kad v\u00e4rmeproduktion i kroppen och f\u00f6rbr\u00e4nning av kalorier.<\/p>\n\n\n\n<p>DayBurners <b>ingredienser<\/b> inkluderar gr\u00f6nt te-extrakt, koffein, curcumin, bitter orange extrakt och cayennepeppar extrakt. Var och en av dessa ingredienser ger unika f\u00f6rdelar f\u00f6r att st\u00f6dja <em>viktminskning<\/em>. Studier visar att efter bara 24 timmars behandling m\u00e4rker en av tre anv\u00e4ndare en plattare buk. Regelbunden <b>anv\u00e4ndning<\/b> kan leda till en minskning av midjem\u00e5ttet med upp till 7 cm, vilket g\u00f6r DayBurner till en effektiv l\u00f6sning f\u00f6r personer med fetma.<\/p>\n\n\n\n<p>Den rekommenderade <b>dosen<\/b> \u00e4r en kapsel p\u00e5 morgonen och en p\u00e5 kv\u00e4llen. Med denna regim har kroppen en konstant tillf\u00f6rsel av aktiva ingredienser, vilket st\u00f6der dess <b>verkan<\/b> och \u00f6kar effektiviteten i <em>viktminskningsprocessen<\/em>.<\/p>\n\n\n\n<figure class=\"wp-block-table\"><table class=\"has-fixed-layout\"><tbody><tr><th>Ingrediens<\/th><th>Effekt<\/th><\/tr><tr><td>Extrakt av gr\u00f6nt te<\/td><td>P\u00e5skyndar \u00e4mnesoms\u00e4ttningen, st\u00f6der fettf\u00f6rbr\u00e4nning<\/td><\/tr><tr><td>Koffein<\/td><td>\u00d6kar energin, d\u00e4mpar aptiten<\/td><\/tr><tr><td>Gurkmeja<\/td><td>F\u00f6rb\u00e4ttrar matsm\u00e4ltningsprocessen, st\u00f6djer fettminskning<\/td><\/tr><tr><td>Extrakt av bitter apelsin<\/td><td>Stimulerar \u00e4mnesoms\u00e4ttningen, st\u00f6djer fettf\u00f6rbr\u00e4nning<\/td><\/tr><tr><td>Extrakt av cayennepeppar<\/td><td>St\u00f6djer termogenesen, \u00f6kar energieffektiviteten<\/td><\/tr><\/tbody><\/table><\/figure>\n\n\n\n<h2 class=\"wp-block-heading\">DayBurner &#8211; effekter<\/h2>\n\n\n\n<p>DayBurner-anv\u00e4ndare rapporterar ett antal positiva effekter efter att ha inf\u00f6rt till\u00e4gget i sin diet. Under de f\u00f6rsta tv\u00e5 veckorna av anv\u00e4ndningen kan en p\u00e5taglig minskning av kroppsfett ses. Ut\u00f6ver detta bidrar tillskottet till ett f\u00f6rb\u00e4ttrat hum\u00f6r och \u00f6kade energiniv\u00e5er. M\u00e5nga m\u00e4nniskor har upplevt b\u00e4ttre aptitkontroll, vilket avsev\u00e4rt st\u00f6der deras viktminskningsprocess.<\/p>\n\n\n\n<p><b>Effekterna<\/b> av DayBurner kan variera beroende p\u00e5 individuell predisposition och de dietmetoder som anv\u00e4nds parallellt. Nyckeln till att uppn\u00e5 b\u00e4sta resultat \u00e4r korrekt <b>anv\u00e4ndning av<\/b> till\u00e4gget enligt de rekommendationer som ges. Experter och anv\u00e4ndare betonar enh\u00e4lligt att <b>effekten<\/b> av till\u00e4gget kan ses med regelbunden och korrekt anv\u00e4ndning av produkten.<\/p>\n\n\n\n<p>H\u00e4r \u00e4r en sammanfattning av effekterna av att anv\u00e4nda DayBurner:<\/p>\n\n\n\n<figure class=\"wp-block-table\"><table class=\"has-fixed-layout\"><tbody><tr><th>Effekt<\/th><th>Beskrivning av effekt<\/th><\/tr><tr><td>Fettminskning<\/td><td>Synliga <b>effekter<\/b> inom tv\u00e5 veckor, med en potentiell f\u00f6rlust p\u00e5 3 till 13 kg beroende p\u00e5 anv\u00e4ndningstiden.<\/td><\/tr><tr><td>F\u00f6rb\u00e4ttrad \u00e4mnesoms\u00e4ttning<\/td><td>M\u00f6jlig acceleration av \u00e4mnesoms\u00e4ttningen med upp till 86% tack vare de aktiva ingredienserna.<\/td><\/tr><tr><td>Aptitkontroll<\/td><td>F\u00f6rb\u00e4ttrad aptithantering, vilket g\u00f6r det l\u00e4ttare att h\u00e5lla en diet.<\/td><\/tr><tr><td>\u00d6kad energi<\/td><td>\u00d6kade energiniv\u00e5er g\u00f6r att du kan utf\u00f6ra dagliga uppgifter och tr\u00e4na mer effektivt.<\/td><\/tr><tr><td>Inga biverkningar<\/td><td>Tack vare dess naturliga ingredienser upplever anv\u00e4ndare s\u00e4llan negativa reaktioner fr\u00e5n kroppen.<\/td><\/tr><\/tbody><\/table><\/figure>\n\n\n\n<p><b>Recensioner<\/b> av DayBurners effektivitet bekr\u00e4ftar dess positiva effekter p\u00e5 viktminskning och f\u00f6rb\u00e4ttrat allm\u00e4nt v\u00e4lbefinnande. M\u00e4nniskor som \u00e4r n\u00f6jda med resultaten delar g\u00e4rna med sig av sina erfarenheter, vilket understryker den v\u00e4xande populariteten f\u00f6r detta till\u00e4gg bland dem som bryr sig om sin vikt och h\u00e4lsa. Regelbunden anv\u00e4ndning och efterlevnad av kosten \u00e4r nyckeln till framg\u00e5ng i kampen mot \u00f6vervikt.<\/p>\n\n\n\n<h2 class=\"wp-block-heading\">Dosering av DayBurner &#8211; Hur man anv\u00e4nder?<\/h2>\n\n\n\n<p><b>Doseringen<\/b> av DayBurner \u00e4r nyckeln till att uppn\u00e5 de \u00f6nskade resultaten i viktminskningsprocessen. Tillverkaren rekommenderar att man tar en kapsel per dag, med den b\u00e4sta tiden att ta den p\u00e5 morgonen, strax f\u00f6re frukost. F\u00f6r st\u00f6rre behov \u00e4r det m\u00f6jligt att \u00f6ka dosen till tv\u00e5 kapslar per dag, men det rekommenderas inte att \u00f6verskrida denna dos f\u00f6r att undvika eventuella biverkningar.<\/p>\n\n\n\n<p>I doseringsf\u00f6reskrifterna betonas vikten av regelbunden anv\u00e4ndning av kosttillskottet, eftersom kontinuitet \u00e4r nyckeln till att uppn\u00e5 \u00f6nskade resultat. Anv\u00e4ndarna b\u00f6r anpassa <b>dosen<\/b> till sina individuella behov och \u00e4gna s\u00e4rskild uppm\u00e4rksamhet \u00e5t kroppens reaktioner efter att behandlingen har p\u00e5b\u00f6rjats. De som m\u00e4rker n\u00e5got obehagligt obehag b\u00f6r konsultera en l\u00e4kare eller v\u00e5rdpersonal.<\/p>\n\n\n\n<p>En h\u00e4lsosam kost och fysisk aktivitet \u00e4r ocks\u00e5 viktiga delar av framg\u00e5ngsrik DayBurner-anv\u00e4ndning. Till\u00e4gget b\u00f6r st\u00f6dja en balanserad livsstil, vilket ytterligare kommer att bidra till dess effektivitet. H\u00e4r \u00e4r en sammanfattning av den rekommenderade dosen:<\/p>\n\n\n\n<figure class=\"wp-block-table\"><table class=\"has-fixed-layout\"><tbody><tr><th>Doseringstyp<\/th><th>Rekommenderad dosering<\/th><th>Tidpunkt f\u00f6r intag<\/th><\/tr><tr><td>Standard<\/td><td>1 kapsel per dag<\/td><td>P\u00e5 morgonen f\u00f6re frukost<\/td><\/tr><tr><td>\u00d6kad dos<\/td><td>2 kapslar om dagen<\/td><td>P\u00e5 morgonen och f\u00f6re lunch<\/td><\/tr><\/tbody><\/table><\/figure>\n\n\n\n<p>Att f\u00f6lja dessa riktlinjer bidrar till att maximera f\u00f6rdelarna med DayBurner och f\u00f6rst\u00e4rker de positiva effekter som anv\u00e4ndare av detta kosttillskott kan f\u00f6rv\u00e4nta sig.<\/p>\n\n\n\n<h2 class=\"wp-block-heading\">Anv\u00e4ndarupplevelser och recensioner av DayBurner &#8211; vad \u00e4r recensionerna?<\/h2>\n\n\n\n<p>Anv\u00e4ndare av DayBurner delar sina <em>erfarenheter<\/em>, som i m\u00e5nga fall bekr\u00e4ftar <b>effektiviteten av<\/b> detta till\u00e4gg i viktminskning. Det finns m\u00e5nga <em>\u00e5sikter<\/em> och <em>recensioner<\/em> p\u00e5 popul\u00e4ra forum som visar hur produkten har p\u00e5verkat livet f\u00f6r dem som anv\u00e4nder den.<\/p>\n\n\n\n<blockquote class=\"wp-block-quote is-layout-flow wp-block-quote-is-layout-flow\">\n<p><strong>Ania:<\/strong> &#8221;Jag anv\u00e4nde DayBurner i tre m\u00e5nader och f\u00f6rlorade 8 kg. Jag k\u00e4nde mig full av energi och hade f\u00e4rre hungerattacker, vilket gjorde det l\u00e4ttare att h\u00e5lla mig till min diet.&#8221;<\/p>\n<\/blockquote>\n\n\n\n<blockquote class=\"wp-block-quote is-layout-flow wp-block-quote-is-layout-flow\">\n<p><strong>Marek:<\/strong> &#8221;Jag best\u00e4mde mig f\u00f6r DayBurner efter flera misslyckade f\u00f6rs\u00f6k med andra kosttillskott. Efter en m\u00e5nad m\u00e4rkte jag en betydande f\u00f6rb\u00e4ttring &#8211; allt jag beh\u00f6vde g\u00f6ra var att inf\u00f6ra en h\u00e4lsosam kost och regelbunden aktivitet och resultaten kom mycket snabbt.&#8221;<\/p>\n<\/blockquote>\n\n\n\n<blockquote class=\"wp-block-quote is-layout-flow wp-block-quote-is-layout-flow\">\n<p><strong>Kasia:<\/strong> &#8221;DayBurner \u00e4r det b\u00e4sta tillskottet jag har anv\u00e4nt. Inte bara har jag g\u00e5tt ner i vikt, men jag har ocks\u00e5 m\u00e4rkt en f\u00f6rb\u00e4ttring av mitt v\u00e4lbefinnande. Jag skulle definitivt rekommendera det till andra!&#8221;<\/p>\n<\/blockquote>\n\n\n\n<p>Dessa <em>anv\u00e4ndarupplevelser<\/em> belyser de positiva aspekterna av att anv\u00e4nda DayBurner. Fler och fler m\u00e4nniskor delar sina <em>recensioner<\/em> p\u00e5 forumet, vilket indikerar den v\u00e4xande populariteten f\u00f6r denna produkt bland dem som vill minska \u00f6verfl\u00f6digt fett.<\/p>\n\n\n\n<p>Dessa<b>recensioner<\/b> tyder p\u00e5 att DayBurner \u00e4r effektivt f\u00f6r att \u00f6ka uts\u00f6ndringen av matsm\u00e4ltningsjuicer och \u00f6ka \u00e4mnesoms\u00e4ttningen, vilket fr\u00e4mjar fettminskning. S\u00e5dana informativa resurser g\u00f6r det m\u00f6jligt f\u00f6r potentiella anv\u00e4ndare att b\u00e4ttre f\u00f6rst\u00e5 effekterna av till\u00e4gget.<\/p>\n\n\n\n<h2 class=\"wp-block-heading\">DayBurner-komposition &#8211; Vad inneh\u00e5ller den?<\/h2>\n\n\n\n<p><b>Sammans\u00e4ttningen<\/b> av kosttillskottet DayBurner har noggrant formulerats f\u00f6r att st\u00f6dja viktminskning genom anv\u00e4ndning av naturliga ingredienser. Bland huvudingredienserna \u00e4r gr\u00f6nt te-extrakt, k\u00e4nt f\u00f6r sin \u00e5tg\u00e4rd f\u00f6r att p\u00e5skynda \u00e4mnesoms\u00e4ttningen och fr\u00e4mja fettf\u00f6rbr\u00e4nning. Ett annat viktigt element \u00e4r piperin, som st\u00f6der termogenes och bidrar till b\u00e4ttre absorption av andra aktiva ingredienser.<\/p>\n\n\n\n<p>DayBurner-formeln inneh\u00e5ller ocks\u00e5 \u00e4mnen som minskar hungerk\u00e4nslor, vilket kan hj\u00e4lpa dig att beh\u00e5lla din diet. De r\u00e4tta <em>ingredienserna<\/em> arbetar tillsammans f\u00f6r att s\u00e4kerst\u00e4lla till\u00e4ggets <b>effektivitet<\/b>, vilket har bekr\u00e4ftats av positiv feedback fr\u00e5n anv\u00e4ndarna.<\/p>\n\n\n\n<figure class=\"wp-block-table\"><table class=\"has-fixed-layout\"><tbody><tr><th>Ingrediens<\/th><th>Effekt<\/th><\/tr><tr><td>Extrakt av gr\u00f6nt te<\/td><td>P\u00e5skyndar \u00e4mnesoms\u00e4ttningen<\/td><\/tr><tr><td>Piperin<\/td><td>\u00d6kar termogenesen och upptaget av ingredienser<\/td><\/tr><tr><td>Extrakt av svartpeppar<\/td><td>St\u00f6djer fettf\u00f6rbr\u00e4nning<\/td><\/tr><tr><td>Vitamin B6<\/td><td>Hj\u00e4lper till med protein- och kolhydratmetabolism<\/td><\/tr><tr><td>Krom<\/td><td>Reglerar blodsockerniv\u00e5n<\/td><\/tr><\/tbody><\/table><\/figure>\n\n\n\n<p>N\u00e4r du tar hand om din h\u00e4lsa \u00e4r det v\u00e4rt att vara uppm\u00e4rksam p\u00e5 till\u00e4ggets <b>sammans\u00e4ttning<\/b>, och n\u00e4r det g\u00e4ller DayBurner kan du vara s\u00e4ker p\u00e5 att de <em>ingredienser<\/em> som anv\u00e4nds \u00e4r utformade f\u00f6r effektiv viktminskning och att deras synergistiska <b>verkan<\/b> st\u00f6der viktminskning och f\u00f6rhindrar jojo-effekten.<\/p>\n\n\n\n<h2 class=\"wp-block-heading\">Pris p\u00e5 DayBurner &#8211; Var kan man k\u00f6pa?<\/h2>\n\n\n\n<p>DayBurner kan endast k\u00f6pas fr\u00e5n <em>tillverkarens officiella webbplats<\/em>, vilket garanterar \u00e4ktheten och s\u00e4kerheten vid k\u00f6pet. P\u00e5 detta s\u00e4tt kan du vara s\u00e4ker p\u00e5 att du f\u00e5r produkten direkt fr\u00e5n en p\u00e5litlig k\u00e4lla och undviker bedr\u00e4gerier och f\u00f6rfalskningar. Det \u00e4r v\u00e4rt att notera att DayBurner inte finns p\u00e5 station\u00e4ra apotek eller p\u00e5 e-handelsplattformar, vilket ytterligare betonar dess unika egenskaper.<\/p>\n\n\n\n<p><b>Priset<\/b> p\u00e5 DayBurner kan variera beroende p\u00e5 aktuella kampanjer. Regelbundna rabatter och erbjudanden finns tillg\u00e4ngliga p\u00e5 tillverkarens webbplats, s\u00e5 det rekommenderas att \u00f6vervaka webbplatsen f\u00f6r att dra nytta av gynnsamma m\u00f6jligheter. Potentiella k\u00f6pare kan hitta information om kampanjer som \u00e4r upp till 50% rabatt. F\u00f6r dem som vill komma ig\u00e5ng med detta till\u00e4gg \u00e4r det v\u00e4rt att kolla in de aktuella ink\u00f6psalternativen och specialerbjudanden som tillverkaren ofta erbjuder.<\/p>\n\n\n\n<p>Genom att v\u00e4lja att k\u00f6pa direkt fr\u00e5n <em>den officiella tillverkaren<\/em> kan kunderna vara s\u00e4kra p\u00e5 att de f\u00e5r en h\u00f6gkvalitativ produkt med en naturlig sammans\u00e4ttning. Detta \u00e4r en viktig aspekt, s\u00e4rskilt n\u00e4r det g\u00e4ller produktens h\u00e4lsa och effektivitet. Ur ett h\u00e4lsoperspektiv har DayBurner erk\u00e4nts av m\u00e5nga h\u00e4lso- och sjukv\u00e5rdspersonal, vilket bekr\u00e4ftar dess positiva rykte p\u00e5 marknaden f\u00f6r kosttillskott.<\/p>\n\n\n\n<h2 class=\"wp-block-heading\">Potentiella biverkningar och kontraindikationer f\u00f6r DayBurner<\/h2>\n\n\n\n<p>Som med alla kosttillskott kan DayBurner vara f\u00f6rknippat med vissa biverkningar. \u00c4ven om f\u00e5 personer har rapporterat s\u00e5dana problem, \u00e4r det v\u00e4rt att vara medveten om eventuella obehag. Till exempel kan huvudv\u00e4rk, k\u00e4nslor av irritabilitet eller magproblem uppst\u00e5, s\u00e4rskilt om dosen \u00f6verskrider de rekommenderade standarderna. Det \u00e4r d\u00e4rf\u00f6r viktigt att f\u00f6lja doseringsanvisningarna.<\/p>\n\n\n\n<p>F\u00f6r personer med allergier mot n\u00e5gon av ingredienserna b\u00f6r anv\u00e4ndningen av till\u00e4gget definitivt undvikas. Dessutom b\u00f6r s\u00e4rskild h\u00e4nsyn tas till personer med kroniska medicinska tillst\u00e5nd eller som tar andra mediciner. Av denna anledning f\u00f6resl\u00e5r vi att du konsulterar din l\u00e4kare innan du p\u00e5b\u00f6rjar behandlingen f\u00f6r att undvika potentiella kontraindikationer.<\/p>\n\n\n\n<p>Sammanfattningsvis, \u00e4ven om DayBurner i allm\u00e4nhet \u00e4r en s\u00e4ker produkt, b\u00f6r alla noggrant \u00f6vervaka sin h\u00e4lsa under tillskott. Det \u00e4r en bra id\u00e9 att vara medveten om eventuella <b>biverkningar<\/b> och kontraindikationer f\u00f6r att maximera effekterna av kosttillskottet och samtidigt minimera risken f\u00f6r negativa kroppsreaktioner.<\/p>\n","protected":false},"excerpt":{"rendered":"<p><strong>[date_countdown]<\/strong><\/p>\n<p><img decoding=\"async\" class=\"alignnone wp-image-12507\" src=\"https:\/\/www.vardcentralenhjartatsolna.se\/farmaci\/wp-content\/uploads\/2024\/11\/SAFE-PAY-300x88-1.png\" alt=\"SAFE-PAY-300x88\" width=\"201\" height=\"59\" \/><\/p>\n","protected":false},"featured_media":11929,"comment_status":"open","ping_status":"closed","template":"","meta":{"neve_meta_sidebar":"","neve_meta_container":"","neve_meta_enable_content_width":"","neve_meta_content_width":0,"neve_meta_title_alignment":"","neve_meta_author_avatar":"","neve_post_elements_order":"","neve_meta_disable_header":"","neve_meta_disable_footer":"","neve_meta_disable_title":"","neve_meta_reading_time":""},"product_brand":[],"product_cat":[568],"product_tag":[],"class_list":{"0":"post-12409","1":"product","2":"type-product","3":"status-publish","4":"has-post-thumbnail","6":"product_cat-viktnedgang","8":"first","9":"instock","10":"sale","11":"shipping-taxable","12":"product-type-external"},"yoast_head":"<!-- This site is optimized with the Yoast SEO plugin v27.4 - https:\/\/yoast.com\/product\/yoast-seo-wordpress\/ -->\n<title>DayBurner - Recension, Pris, Effekter, Apotek, Forum | -50%<\/title>\n<meta name=\"robots\" content=\"index, follow, max-snippet:-1, max-image-preview:large, max-video-preview:-1\" \/>\n<link rel=\"canonical\" href=\"https:\/\/www.vardcentralenhjartatsolna.se\/farmaci\/apt\/dayburner\/\" \/>\n<meta property=\"og:locale\" content=\"sv_SE\" \/>\n<meta property=\"og:type\" content=\"article\" \/>\n<meta property=\"og:title\" content=\"DayBurner - Recension, Pris, Effekter, Apotek, Forum | -50%\" \/>\n<meta property=\"og:url\" content=\"https:\/\/www.vardcentralenhjartatsolna.se\/farmaci\/apt\/dayburner\/\" \/>\n<meta property=\"og:site_name\" content=\"Vardcentralenhjartatsolna\" \/>\n<meta property=\"article:modified_time\" content=\"2024-11-15T15:37:41+00:00\" \/>\n<meta property=\"og:image\" content=\"https:\/\/www.vardcentralenhjartatsolna.se\/farmaci\/wp-content\/uploads\/2024\/11\/DayBurner.jpg\" \/>\n\t<meta property=\"og:image:width\" content=\"768\" \/>\n\t<meta property=\"og:image:height\" content=\"768\" \/>\n\t<meta property=\"og:image:type\" content=\"image\/jpeg\" \/>\n<meta name=\"twitter:card\" content=\"summary_large_image\" \/>\n<meta name=\"twitter:description\" content=\"[date_countdown]\" \/>\n<meta name=\"twitter:label1\" content=\"Ber\u00e4knad l\u00e4stid\" \/>\n\t<meta name=\"twitter:data1\" content=\"1 minut\" \/>\n<script type=\"application\/ld+json\" class=\"yoast-schema-graph\">{\"@context\":\"https:\\\/\\\/schema.org\",\"@graph\":[{\"@type\":\"WebPage\",\"@id\":\"https:\\\/\\\/www.vardcentralenhjartatsolna.se\\\/farmaci\\\/apt\\\/dayburner\\\/\",\"url\":\"https:\\\/\\\/www.vardcentralenhjartatsolna.se\\\/farmaci\\\/apt\\\/dayburner\\\/\",\"name\":\"DayBurner - Recension, Pris, Effekter, Apotek, Forum | -50%\",\"isPartOf\":{\"@id\":\"https:\\\/\\\/www.vardcentralenhjartatsolna.se\\\/farmaci\\\/#website\"},\"primaryImageOfPage\":{\"@id\":\"https:\\\/\\\/www.vardcentralenhjartatsolna.se\\\/farmaci\\\/apt\\\/dayburner\\\/#primaryimage\"},\"image\":{\"@id\":\"https:\\\/\\\/www.vardcentralenhjartatsolna.se\\\/farmaci\\\/apt\\\/dayburner\\\/#primaryimage\"},\"thumbnailUrl\":\"https:\\\/\\\/www.vardcentralenhjartatsolna.se\\\/farmaci\\\/wp-content\\\/uploads\\\/2024\\\/11\\\/DayBurner.jpg\",\"datePublished\":\"2024-11-09T14:08:22+00:00\",\"dateModified\":\"2024-11-15T15:37:41+00:00\",\"breadcrumb\":{\"@id\":\"https:\\\/\\\/www.vardcentralenhjartatsolna.se\\\/farmaci\\\/apt\\\/dayburner\\\/#breadcrumb\"},\"inLanguage\":\"sv-SE\",\"potentialAction\":[{\"@type\":\"ReadAction\",\"target\":[\"https:\\\/\\\/www.vardcentralenhjartatsolna.se\\\/farmaci\\\/apt\\\/dayburner\\\/\"]}]},{\"@type\":\"ImageObject\",\"inLanguage\":\"sv-SE\",\"@id\":\"https:\\\/\\\/www.vardcentralenhjartatsolna.se\\\/farmaci\\\/apt\\\/dayburner\\\/#primaryimage\",\"url\":\"https:\\\/\\\/www.vardcentralenhjartatsolna.se\\\/farmaci\\\/wp-content\\\/uploads\\\/2024\\\/11\\\/DayBurner.jpg\",\"contentUrl\":\"https:\\\/\\\/www.vardcentralenhjartatsolna.se\\\/farmaci\\\/wp-content\\\/uploads\\\/2024\\\/11\\\/DayBurner.jpg\",\"width\":768,\"height\":768},{\"@type\":\"BreadcrumbList\",\"@id\":\"https:\\\/\\\/www.vardcentralenhjartatsolna.se\\\/farmaci\\\/apt\\\/dayburner\\\/#breadcrumb\",\"itemListElement\":[{\"@type\":\"ListItem\",\"position\":1,\"name\":\"Strona g\u0142\u00f3wna\",\"item\":\"https:\\\/\\\/www.vardcentralenhjartatsolna.se\\\/farmaci\\\/\"},{\"@type\":\"ListItem\",\"position\":2,\"name\":\"Produkte\",\"item\":\"https:\\\/\\\/www.vardcentralenhjartatsolna.se\\\/farmaci\\\/\"},{\"@type\":\"ListItem\",\"position\":3,\"name\":\"DayBurner\"}]},{\"@type\":\"WebSite\",\"@id\":\"https:\\\/\\\/www.vardcentralenhjartatsolna.se\\\/farmaci\\\/#website\",\"url\":\"https:\\\/\\\/www.vardcentralenhjartatsolna.se\\\/farmaci\\\/\",\"name\":\"Vardcentralenhjartatsolna\",\"description\":\"\",\"potentialAction\":[{\"@type\":\"SearchAction\",\"target\":{\"@type\":\"EntryPoint\",\"urlTemplate\":\"https:\\\/\\\/www.vardcentralenhjartatsolna.se\\\/farmaci\\\/?s={search_term_string}\"},\"query-input\":{\"@type\":\"PropertyValueSpecification\",\"valueRequired\":true,\"valueName\":\"search_term_string\"}}],\"inLanguage\":\"sv-SE\"}]}<\/script>\n<!-- \/ Yoast SEO plugin. -->","yoast_head_json":{"title":"DayBurner - Recension, Pris, Effekter, Apotek, Forum | -50%","robots":{"index":"index","follow":"follow","max-snippet":"max-snippet:-1","max-image-preview":"max-image-preview:large","max-video-preview":"max-video-preview:-1"},"canonical":"https:\/\/www.vardcentralenhjartatsolna.se\/farmaci\/apt\/dayburner\/","og_locale":"sv_SE","og_type":"article","og_title":"DayBurner - Recension, Pris, Effekter, Apotek, Forum | -50%","og_url":"https:\/\/www.vardcentralenhjartatsolna.se\/farmaci\/apt\/dayburner\/","og_site_name":"Vardcentralenhjartatsolna","article_modified_time":"2024-11-15T15:37:41+00:00","og_image":[{"width":768,"height":768,"url":"https:\/\/www.vardcentralenhjartatsolna.se\/farmaci\/wp-content\/uploads\/2024\/11\/DayBurner.jpg","type":"image\/jpeg"}],"twitter_card":"summary_large_image","twitter_description":"[date_countdown]","twitter_misc":{"Ber\u00e4knad l\u00e4stid":"1 minut"},"schema":{"@context":"https:\/\/schema.org","@graph":[{"@type":"WebPage","@id":"https:\/\/www.vardcentralenhjartatsolna.se\/farmaci\/apt\/dayburner\/","url":"https:\/\/www.vardcentralenhjartatsolna.se\/farmaci\/apt\/dayburner\/","name":"DayBurner - Recension, Pris, Effekter, Apotek, Forum | -50%","isPartOf":{"@id":"https:\/\/www.vardcentralenhjartatsolna.se\/farmaci\/#website"},"primaryImageOfPage":{"@id":"https:\/\/www.vardcentralenhjartatsolna.se\/farmaci\/apt\/dayburner\/#primaryimage"},"image":{"@id":"https:\/\/www.vardcentralenhjartatsolna.se\/farmaci\/apt\/dayburner\/#primaryimage"},"thumbnailUrl":"https:\/\/www.vardcentralenhjartatsolna.se\/farmaci\/wp-content\/uploads\/2024\/11\/DayBurner.jpg","datePublished":"2024-11-09T14:08:22+00:00","dateModified":"2024-11-15T15:37:41+00:00","breadcrumb":{"@id":"https:\/\/www.vardcentralenhjartatsolna.se\/farmaci\/apt\/dayburner\/#breadcrumb"},"inLanguage":"sv-SE","potentialAction":[{"@type":"ReadAction","target":["https:\/\/www.vardcentralenhjartatsolna.se\/farmaci\/apt\/dayburner\/"]}]},{"@type":"ImageObject","inLanguage":"sv-SE","@id":"https:\/\/www.vardcentralenhjartatsolna.se\/farmaci\/apt\/dayburner\/#primaryimage","url":"https:\/\/www.vardcentralenhjartatsolna.se\/farmaci\/wp-content\/uploads\/2024\/11\/DayBurner.jpg","contentUrl":"https:\/\/www.vardcentralenhjartatsolna.se\/farmaci\/wp-content\/uploads\/2024\/11\/DayBurner.jpg","width":768,"height":768},{"@type":"BreadcrumbList","@id":"https:\/\/www.vardcentralenhjartatsolna.se\/farmaci\/apt\/dayburner\/#breadcrumb","itemListElement":[{"@type":"ListItem","position":1,"name":"Strona g\u0142\u00f3wna","item":"https:\/\/www.vardcentralenhjartatsolna.se\/farmaci\/"},{"@type":"ListItem","position":2,"name":"Produkte","item":"https:\/\/www.vardcentralenhjartatsolna.se\/farmaci\/"},{"@type":"ListItem","position":3,"name":"DayBurner"}]},{"@type":"WebSite","@id":"https:\/\/www.vardcentralenhjartatsolna.se\/farmaci\/#website","url":"https:\/\/www.vardcentralenhjartatsolna.se\/farmaci\/","name":"Vardcentralenhjartatsolna","description":"","potentialAction":[{"@type":"SearchAction","target":{"@type":"EntryPoint","urlTemplate":"https:\/\/www.vardcentralenhjartatsolna.se\/farmaci\/?s={search_term_string}"},"query-input":{"@type":"PropertyValueSpecification","valueRequired":true,"valueName":"search_term_string"}}],"inLanguage":"sv-SE"}]}},"_links":{"self":[{"href":"https:\/\/www.vardcentralenhjartatsolna.se\/farmaci\/wp-json\/wp\/v2\/product\/12409","targetHints":{"allow":["GET"]}}],"collection":[{"href":"https:\/\/www.vardcentralenhjartatsolna.se\/farmaci\/wp-json\/wp\/v2\/product"}],"about":[{"href":"https:\/\/www.vardcentralenhjartatsolna.se\/farmaci\/wp-json\/wp\/v2\/types\/product"}],"replies":[{"embeddable":true,"href":"https:\/\/www.vardcentralenhjartatsolna.se\/farmaci\/wp-json\/wp\/v2\/comments?post=12409"}],"wp:featuredmedia":[{"embeddable":true,"href":"https:\/\/www.vardcentralenhjartatsolna.se\/farmaci\/wp-json\/wp\/v2\/media\/11929"}],"wp:attachment":[{"href":"https:\/\/www.vardcentralenhjartatsolna.se\/farmaci\/wp-json\/wp\/v2\/media?parent=12409"}],"wp:term":[{"taxonomy":"product_brand","embeddable":true,"href":"https:\/\/www.vardcentralenhjartatsolna.se\/farmaci\/wp-json\/wp\/v2\/product_brand?post=12409"},{"taxonomy":"product_cat","embeddable":true,"href":"https:\/\/www.vardcentralenhjartatsolna.se\/farmaci\/wp-json\/wp\/v2\/product_cat?post=12409"},{"taxonomy":"product_tag","embeddable":true,"href":"https:\/\/www.vardcentralenhjartatsolna.se\/farmaci\/wp-json\/wp\/v2\/product_tag?post=12409"}],"curies":[{"name":"wp","href":"https:\/\/api.w.org\/{rel}","templated":true}]}}