{"id":12407,"date":"2024-11-09T15:08:21","date_gmt":"2024-11-09T14:08:21","guid":{"rendered":"https:\/\/blodsjukdom.se\/farmaci\/apt\/cariovico\/"},"modified":"2025-01-11T08:01:07","modified_gmt":"2025-01-11T07:01:07","slug":"cariovico","status":"publish","type":"product","link":"https:\/\/www.vardcentralenhjartatsolna.se\/farmaci\/apt\/cariovico\/","title":{"rendered":"Cariovico"},"content":{"rendered":"\n<h2 class=\"wp-block-heading\">Vad \u00e4r Cariovico och hur fungerar det?<\/h2>\n\n\n\n<p>Cariovico \u00e4r ett <em>naturligt tillskott<\/em> som \u00e4r utformat f\u00f6r att f\u00f6rb\u00e4ttra <em>kardiovaskul\u00e4r h\u00e4lsa<\/em> och st\u00f6dja hj\u00e4rtfunktionen. Tack vare sin unika formel, baserad p\u00e5 noggrant utvalda ingredienser som vitl\u00f6k, hagtorn och citronmeliss, kan <em>effekterna<\/em> av <em>Cariovico<\/em> bidra till att lindra kardiovaskul\u00e4ra problem.<\/p>\n\n\n\n<p>Huvudingredienserna i formeln har en k\u00e4rl- och hj\u00e4rth\u00e4lsost\u00f6djande effekt. Vitl\u00f6ksextrakt bidrar till att s\u00e4nka kolesterolniv\u00e5erna och citronmeliss har en lugnande effekt, vilket minskar stress, vilket har en negativ inverkan p\u00e5 <em>hj\u00e4rt-k\u00e4rlh\u00e4lsan<\/em>. Regelbunden anv\u00e4ndning av detta <em>naturliga tillskott<\/em> bidrar till att f\u00f6rb\u00e4ttra livskvaliteten och minska risken f\u00f6r hj\u00e4rt-k\u00e4rlsjukdomar.<\/p>\n\n\n\n<ul class=\"wp-block-list\">\n<li>St\u00e4rker blodk\u00e4rlens v\u00e4ggar<\/li>\n\n\n\n<li>S\u00e4nker niv\u00e5erna av &#8221;oh\u00e4lsosamt kolesterol&#8221;<\/li>\n\n\n\n<li>Stabiliserar blodcirkulationen<\/li>\n\n\n\n<li>Lugnar och lindrar \u00e5ngest<\/li>\n<\/ul>\n\n\n\n<p>Cariovico verkar genom att reng\u00f6ra blodk\u00e4rlen och reglera blodfettsniv\u00e5erna. Detta bidrar till att minska risken f\u00f6r ateroskleros, vilket \u00e4r avg\u00f6rande f\u00f6r hj\u00e4rth\u00e4lsan. De speciellt utvalda aktiva ingredienserna verkar synergistiskt, vilket \u00f6kar preparatets effektivitet.<\/p>\n\n\n\n<p>Innan du p\u00e5b\u00f6rjar behandlingen med Cariovico \u00e4r det v\u00e4rt att uppm\u00e4rksamma dess naturliga sammans\u00e4ttning, vilket minimerar risken f\u00f6r biverkningar och s\u00e4kerst\u00e4ller b\u00e4ttre tolerans f\u00f6r kroppen.<\/p>\n\n\n\n<figure class=\"wp-block-table\"><table class=\"has-fixed-layout\"><tbody><tr><th>Best\u00e5ndsdel<\/th><th>\u00c5tg\u00e4rd<\/th><\/tr><tr><td>Vitl\u00f6k<\/td><td>S\u00e4nker kolesterolniv\u00e5erna, st\u00f6der <b>hj\u00e4rth\u00e4lsan<\/b><\/td><\/tr><tr><td>Hagtorn<\/td><td>St\u00e4rker blodk\u00e4rlen, f\u00f6rb\u00e4ttrar cirkulationen<\/td><\/tr><tr><td>Melissa<\/td><td>Har en lugnande effekt, lindrar stress<\/td><\/tr><tr><td>N\u00e4sslorot<\/td><td>Bidrar till att s\u00e4nka blodsockerniv\u00e5n<\/td><\/tr><tr><td>Vitamin B6<\/td><td>St\u00f6djer nervsystemets funktion<\/td><\/tr><\/tbody><\/table><\/figure>\n\n\n\n<p>I slut\u00e4ndan \u00e4r effekterna av <b>Cariovico<\/b> baserade p\u00e5 den synergistiska verkan av de naturliga ingredienserna, som st\u00f6der b\u00e5de <b>hj\u00e4rt-k\u00e4rlsystemet och hj\u00e4rth\u00e4lsan<\/b>, vilket bidrar till en b\u00e4ttre livskvalitet.<\/p>\n\n\n\n<h2 class=\"wp-block-heading\">Cariovico &#8211; effekter av anv\u00e4ndning<\/h2>\n\n\n\n<p>Anv\u00e4ndningen av Cariovico har ett antal <em>applikationseffekter<\/em> som i h\u00f6g grad bidrar till anv\u00e4ndarnas <em>h\u00e4lsa<\/em>. Till\u00e4gget har en positiv effekt p\u00e5 <em>kolesterolniv\u00e5erna<\/em>, vilket bekr\u00e4ftas av m\u00e5nga recensioner. Regelbundet intag av kapslarna st\u00f6der normaliseringen av kolesterolniv\u00e5erna och optimerar blodtrycket.<\/p>\n\n\n\n<p>Anv\u00e4ndarna rapporterar en m\u00e4rkbar \u00f6kning av energi och f\u00f6rb\u00e4ttrad cirkulation. Tack vare naturliga ingredienser som vitl\u00f6ksextrakt, koenzym Q10 och L-arginin st\u00f6der Cariovico blodk\u00e4rlens elasticitet. Denna typ av \u00e5tg\u00e4rd \u00e4r s\u00e4rskilt viktig f\u00f6r personer med \u00f6kad risk f\u00f6r hj\u00e4rt-k\u00e4rlsjukdom.<\/p>\n\n\n\n<p>Det \u00e4r v\u00e4rt att notera att produkten inte bara st\u00f6der det kardiovaskul\u00e4ra systemet utan ocks\u00e5 f\u00f6rb\u00e4ttrar anv\u00e4ndarnas allm\u00e4nna v\u00e4lbefinnande. Anv\u00e4ndare av Cariovico upplever en \u00f6kning av vitaliteten och en b\u00e4ttre livskvalitet. Inf\u00f6randet av detta tillskott i den dagliga kosten, f\u00f6rutom en balanserad livsstil, bidrar till en betydande <em>f\u00f6rb\u00e4ttring<\/em> av kroppens <em>h\u00e4lsa<\/em> och funktion.<\/p>\n\n\n\n<h2 class=\"wp-block-heading\">Hur man anv\u00e4nder Cariovico? &#8211; Dosering och rekommendationer<\/h2>\n\n\n\n<p>F\u00f6r att f\u00e5 maximal nytta av doseringen av Cariovico rekommenderas att du tar tv\u00e5 kapslar dagligen. Det \u00e4r tillr\u00e5dligt att ta den f\u00f6rsta kapseln p\u00e5 morgonen efter frukost och den andra kapseln p\u00e5 kv\u00e4llen efter den sista m\u00e5ltiden. Till\u00e4gget kan tas med eller utan mat och dricker alltid ett helt glas vatten.<\/p>\n\n\n\n<p>Det \u00e4r viktigt att notera att <b>effekterna av<\/b> Cariovico-tillskottet kan m\u00e4rkas efter minst tre m\u00e5naders regelbundet intag. Med l\u00e4ngre anv\u00e4ndning kan anv\u00e4ndarna f\u00f6rv\u00e4nta sig \u00e4nnu b\u00e4ttre resultat. Innan behandlingen p\u00e5b\u00f6rjas \u00e4r det viktigt att konsultera en l\u00e4kare, s\u00e4rskilt om du har ett befintligt medicinskt tillst\u00e5nd eller tar andra mediciner.<\/p>\n\n\n\n<ul class=\"wp-block-list\">\n<li><em>Cariovico dosering:<\/em> 2 kapslar dagligen<\/li>\n\n\n\n<li><em>Hur man anv\u00e4nder:<\/em> En kapsel vardera p\u00e5 morgonen och kv\u00e4llen<\/li>\n\n\n\n<li><em>Anv\u00e4ndning av till\u00e4gget:<\/em> Med eller utan m\u00e5ltider, dricksvatten<\/li>\n<\/ul>\n\n\n\n<p>Tabellen nedan ger viktig doseringsinformation och rekommendationer f\u00f6r Cariovico-anv\u00e4ndare:<\/p>\n\n\n\n<figure class=\"wp-block-table\"><table class=\"has-fixed-layout\"><tbody><tr><th>Aspekt<\/th><th>Information om<\/th><\/tr><tr><td>Dosering<\/td><td>2 kapslar dagligen<\/td><\/tr><tr><td>N\u00e4r ska du ta<\/td><td>Morgon och kv\u00e4ll<\/td><\/tr><tr><td>Villkor f\u00f6r anv\u00e4ndning<\/td><td>Med eller utan mat<\/td><\/tr><tr><td>L\u00e4ppja<\/td><td>Ett helt glas vatten<\/td><\/tr><tr><td>Varaktighet f\u00f6r anv\u00e4ndning<\/td><td>3-6 m\u00e5nader f\u00f6r m\u00e4rkbara effekter<\/td><\/tr><tr><td>Medicinsk konsultation<\/td><td>Rekommenderas f\u00f6re anv\u00e4ndning<\/td><\/tr><\/tbody><\/table><\/figure>\n\n\n\n<h2 class=\"wp-block-heading\">Cariovico &#8211; Anv\u00e4ndarrecensioner, forum &#8211; Vad s\u00e4ger anv\u00e4ndarna?<\/h2>\n\n\n\n<p>I onlineforum delar anv\u00e4ndare ofta sina <em>erfarenheter<\/em> med Cariovico-till\u00e4gget. M\u00e5nga positiva <em>anv\u00e4ndarrecensioner<\/em> bekr\u00e4ftar effektiviteten hos denna produkt. H\u00e4r \u00e4r n\u00e5gra exempel:<\/p>\n\n\n\n<blockquote class=\"wp-block-quote is-layout-flow wp-block-quote-is-layout-flow\">\n<p><em>Maria:<\/em> &#8221;Efter att ha anv\u00e4nt Cariovico i flera m\u00e5nader har jag m\u00e4rkt en signifikant f\u00f6rb\u00e4ttring av mina kolesterolniv\u00e5er. Jag k\u00e4nner mig mer sj\u00e4lvs\u00e4ker och friskare. Till\u00e4gget har haft en positiv effekt p\u00e5 mitt v\u00e4lbefinnande, n\u00e5got som tidigare st\u00f6rde mig oerh\u00f6rt.&#8221;<\/p>\n<\/blockquote>\n\n\n\n<blockquote class=\"wp-block-quote is-layout-flow wp-block-quote-is-layout-flow\">\n<p><em>Jan:<\/em> &#8221;Min energi har \u00f6kat och mina cirkulationsproblem har avtagit. Den naturliga sammans\u00e4ttningen av tillskottet \u00f6vertygade mig om att k\u00f6pa det. Sedan jag b\u00f6rjade anv\u00e4nda Cariovico k\u00e4nner jag att mitt hj\u00e4rta arbetar mer effektivt, vilket ger mig mer sj\u00e4lvf\u00f6rtroende.&#8221;<\/p>\n<\/blockquote>\n\n\n\n<blockquote class=\"wp-block-quote is-layout-flow wp-block-quote-is-layout-flow\">\n<p><em>Ania:<\/em> &#8221;Cariovico har varit ett verkligt genombrott f\u00f6r mig. Efter regelbunden anv\u00e4ndning har mina testresultat \u00e5terg\u00e5tt till det normala. Jag m\u00e5r b\u00e4ttre tack vare den h\u00e4r produkten och min <em>erfarenhet<\/em> har varit \u00f6verv\u00e4ldigande positiv. Jag skulle rekommendera den till alla som bryr sig om sitt hj\u00e4rta.&#8221;<\/p>\n<\/blockquote>\n\n\n\n<p>Dessa omd\u00f6men \u00e4r ett bevis p\u00e5 Cariovicos v\u00e4xande popularitet och de f\u00f6rdelar det ger f\u00f6r hj\u00e4rt-k\u00e4rlh\u00e4lsan. Anv\u00e4ndarna understryker att regelbunden anv\u00e4ndning av produkten ger en betydande f\u00f6rb\u00e4ttring av deras v\u00e4lbefinnande.<\/p>\n\n\n\n<h2 class=\"wp-block-heading\">Cariovicos sammans\u00e4ttning &#8211; Analys av ingredienser<\/h2>\n\n\n\n<p><b>Sammans\u00e4ttningen<\/b> av<b>Cariovico<\/b> inneh\u00e5ller ett antal naturliga ingredienser som \u00e4r viktiga f\u00f6r hj\u00e4rth\u00e4lsan. Formuleringen inkluderar:<\/p>\n\n\n\n<ul class=\"wp-block-list\">\n<li>Vitl\u00f6ksextrakt &#8211; k\u00e4nt f\u00f6r sina kolesterols\u00e4nkande egenskaper.<\/li>\n\n\n\n<li>Vitamin B6 &#8211; st\u00f6der hj\u00e4rnans funktion och p\u00e5verkar produktionen av r\u00f6da blodkroppar.<\/li>\n\n\n\n<li>Vitamin B12 &#8211; spelar en viktig roll i kroppens metaboliska processer.<\/li>\n\n\n\n<li>Hagtornsextrakt &#8211; f\u00f6rb\u00e4ttrar cirkulationen, vilket bidrar till b\u00e4ttre blodfl\u00f6de.<\/li>\n\n\n\n<li>Melissa &#8211; k\u00e4nd f\u00f6r sin lugnande effekt, som kan bidra till att minska stress.<\/li>\n<\/ul>\n\n\n\n<p>Alla ingredienser som ing\u00e5r i <b>Cariovico<\/b> har valts ut noggrant. Deras kombination har en synergistisk effekt, vilket b\u00f6r ha en positiv inverkan p\u00e5 kardiovaskul\u00e4r h\u00e4lsa. Det \u00e4r v\u00e4rt att genomf\u00f6ra en detaljerad analys av varje ingrediens f\u00f6r att fullt ut f\u00f6rst\u00e5 deras f\u00f6rdelar.<\/p>\n\n\n\n<p><b>Analys av<\/b> <b>Cariovicos sammans\u00e4ttning<\/b> visar att produkten \u00e4r baserad p\u00e5 naturliga ingredienser, vilket \u00f6kar dess \u00f6verklagande till konsumenter som letar efter ett h\u00e4lsotillskott. Anv\u00e4ndningen av en s\u00e5dan produkt kan st\u00f6dja inte bara <b>hj\u00e4rth\u00e4lsa<\/b> utan ocks\u00e5 kroppens allm\u00e4nna h\u00e4lsa.<\/p>\n\n\n\n<h2 class=\"wp-block-heading\">Var kan man k\u00f6pa Cariovico &#8211; pris<\/h2>\n\n\n\n<p>Cariovico \u00e4r endast tillg\u00e4ngligt fr\u00e5n <em>tillverkarens officiella webbplats.<\/em> Detta s\u00e4kerst\u00e4ller produktens \u00e4kthet och eliminerar risken f\u00f6r att k\u00f6pa f\u00f6rfalskningar, som kan hittas i andra k\u00e4llor. Det \u00e4r tillr\u00e5dligt att undvika f\u00f6rs\u00e4ljningsplattformar som Allegro eller Ceneo f\u00f6r att inte uts\u00e4tta dig f\u00f6r bedr\u00e4gliga eller os\u00e4kra produkter.<\/p>\n\n\n\n<p>Det \u00e4r v\u00e4rt att notera att det ofta finns <em>specialerbjudanden och kampanjer<\/em> p\u00e5 den officiella webbplatsen, vilket kan s\u00e4nka <em>priset p\u00e5 Cariovico<\/em> och g\u00f6ra shopping mer f\u00f6rdelaktigt. \u00c4ven om priserna kan variera beroende p\u00e5 vilka kampanjer som g\u00e4ller, \u00e4r tillverkarens webbplats det b\u00e4sta st\u00e4llet att kontrollera de aktuella erbjudandena. Det \u00e4r d\u00e4r du inte bara kan hitta det b\u00e4sta priset utan ocks\u00e5 vara s\u00e4ker p\u00e5 att du k\u00f6per en kvalitetsprodukt.<\/p>\n\n\n\n<p>Anv\u00e4ndningen av Cariovico har m\u00e5nga f\u00f6rdelar f\u00f6r kardiovaskul\u00e4r h\u00e4lsa, vilket resulterar i \u00f6kat intresse. Tack vare tillg\u00e4ngligheten p\u00e5 den officiella webbplatsen finns det anv\u00e4ndare som ber\u00f6mmer <b>effekterna av anv\u00e4ndningen<\/b>. Det \u00e4r d\u00e4rf\u00f6r v\u00e4rt att h\u00e5lla sig uppdaterad med aktuella erbjudanden s\u00e5 att du kan dra nytta av m\u00f6jligheten att st\u00f6dja din hj\u00e4rth\u00e4lsa till ett attraktivt pris.<\/p>\n\n\n\n<h2 class=\"wp-block-heading\">Cariovico &#8211; Biverkningar och kontraindikationer<\/h2>\n\n\n\n<p>Cariovico anses allm\u00e4nt vara ett s\u00e4kert <b>kosttillskott<\/b>, men det \u00e4r viktigt att k\u00e4nna till de potentiella biverkningarna som kan uppst\u00e5 hos vissa m\u00e4nniskor. De vanligaste inkluderar magproblem, illam\u00e5ende eller uppbl\u00e5sthet. Det \u00e4r v\u00e4rt att notera att <b>biverkningar<\/b> \u00e4r s\u00e4llsynta och vanligtvis bara uppst\u00e5r om det finns en allergi mot n\u00e5gon av ingredienserna i produkten.<\/p>\n\n\n\n<p><b>Kontraindikationer<\/b> f\u00f6r anv\u00e4ndning av Cariovico inkluderar i synnerhet gravida och ammande kvinnor, liksom personer med njur-, lever- och hj\u00e4rtsjukdomar. D\u00e4rf\u00f6r kr\u00e4ver <b>s\u00e4kerheten f\u00f6r<\/b> detta till\u00e4gg en noggrann bed\u00f6mning av individuella h\u00e4lsotillst\u00e5nd. Samr\u00e5d med en l\u00e4kare rekommenderas innan du b\u00f6rjar tillskott f\u00f6r att undvika biverkningar.<\/p>\n\n\n\n<p>Det \u00e4r VIKTIGT att f\u00f6lja den rekommenderade dosen och att \u00f6vervaka kroppens svar p\u00e5 tillskottet. Regelbunden anv\u00e4ndning enligt anvisningarna \u00f6kar chanserna att uppn\u00e5 positiva h\u00e4lsoeffekter och minimerar d\u00e4rmed risken f\u00f6r biverkningar.<\/p>\n","protected":false},"excerpt":{"rendered":"<p><strong>[date_countdown]<\/strong><\/p>\n<p><img decoding=\"async\" class=\"alignnone wp-image-12507\" src=\"https:\/\/www.vardcentralenhjartatsolna.se\/farmaci\/wp-content\/uploads\/2024\/11\/SAFE-PAY-300x88-1.png\" alt=\"SAFE-PAY-300x88\" width=\"201\" height=\"59\" \/><\/p>\n","protected":false},"featured_media":12406,"comment_status":"open","ping_status":"closed","template":"","meta":{"neve_meta_sidebar":"","neve_meta_container":"","neve_meta_enable_content_width":"","neve_meta_content_width":0,"neve_meta_title_alignment":"","neve_meta_author_avatar":"","neve_post_elements_order":"","neve_meta_disable_header":"","neve_meta_disable_footer":"","neve_meta_disable_title":"","neve_meta_reading_time":""},"product_brand":[],"product_cat":[565],"product_tag":[],"class_list":{"0":"post-12407","1":"product","2":"type-product","3":"status-publish","4":"has-post-thumbnail","6":"product_cat-halsa","8":"first","9":"instock","10":"sale","11":"shipping-taxable","12":"product-type-external"},"yoast_head":"<!-- This site is optimized with the Yoast SEO plugin v27.4 - https:\/\/yoast.com\/product\/yoast-seo-wordpress\/ -->\n<title>Cariovico - Recension, Pris, Effekter, Apotek, Forum | -50%<\/title>\n<meta name=\"robots\" content=\"index, follow, max-snippet:-1, max-image-preview:large, max-video-preview:-1\" \/>\n<link rel=\"canonical\" href=\"https:\/\/www.vardcentralenhjartatsolna.se\/farmaci\/apt\/cariovico\/\" \/>\n<meta property=\"og:locale\" content=\"sv_SE\" \/>\n<meta property=\"og:type\" content=\"article\" \/>\n<meta property=\"og:title\" content=\"Cariovico - Recension, Pris, Effekter, Apotek, Forum | -50%\" \/>\n<meta property=\"og:url\" content=\"https:\/\/www.vardcentralenhjartatsolna.se\/farmaci\/apt\/cariovico\/\" \/>\n<meta property=\"og:site_name\" content=\"Vardcentralenhjartatsolna\" \/>\n<meta property=\"article:modified_time\" content=\"2025-01-11T07:01:07+00:00\" \/>\n<meta property=\"og:image\" content=\"https:\/\/www.vardcentralenhjartatsolna.se\/farmaci\/wp-content\/uploads\/2024\/11\/Cariovico.jpg\" \/>\n\t<meta property=\"og:image:width\" content=\"768\" \/>\n\t<meta property=\"og:image:height\" content=\"768\" \/>\n\t<meta property=\"og:image:type\" content=\"image\/jpeg\" \/>\n<meta name=\"twitter:card\" content=\"summary_large_image\" \/>\n<meta name=\"twitter:description\" content=\"[date_countdown]\" \/>\n<meta name=\"twitter:label1\" content=\"Ber\u00e4knad l\u00e4stid\" \/>\n\t<meta name=\"twitter:data1\" content=\"1 minut\" \/>\n<script type=\"application\/ld+json\" class=\"yoast-schema-graph\">{\"@context\":\"https:\\\/\\\/schema.org\",\"@graph\":[{\"@type\":\"WebPage\",\"@id\":\"https:\\\/\\\/www.vardcentralenhjartatsolna.se\\\/farmaci\\\/apt\\\/cariovico\\\/\",\"url\":\"https:\\\/\\\/www.vardcentralenhjartatsolna.se\\\/farmaci\\\/apt\\\/cariovico\\\/\",\"name\":\"Cariovico - Recension, Pris, Effekter, Apotek, Forum | -50%\",\"isPartOf\":{\"@id\":\"https:\\\/\\\/www.vardcentralenhjartatsolna.se\\\/farmaci\\\/#website\"},\"primaryImageOfPage\":{\"@id\":\"https:\\\/\\\/www.vardcentralenhjartatsolna.se\\\/farmaci\\\/apt\\\/cariovico\\\/#primaryimage\"},\"image\":{\"@id\":\"https:\\\/\\\/www.vardcentralenhjartatsolna.se\\\/farmaci\\\/apt\\\/cariovico\\\/#primaryimage\"},\"thumbnailUrl\":\"https:\\\/\\\/www.vardcentralenhjartatsolna.se\\\/farmaci\\\/wp-content\\\/uploads\\\/2024\\\/11\\\/Cariovico.jpg\",\"datePublished\":\"2024-11-09T14:08:21+00:00\",\"dateModified\":\"2025-01-11T07:01:07+00:00\",\"breadcrumb\":{\"@id\":\"https:\\\/\\\/www.vardcentralenhjartatsolna.se\\\/farmaci\\\/apt\\\/cariovico\\\/#breadcrumb\"},\"inLanguage\":\"sv-SE\",\"potentialAction\":[{\"@type\":\"ReadAction\",\"target\":[\"https:\\\/\\\/www.vardcentralenhjartatsolna.se\\\/farmaci\\\/apt\\\/cariovico\\\/\"]}]},{\"@type\":\"ImageObject\",\"inLanguage\":\"sv-SE\",\"@id\":\"https:\\\/\\\/www.vardcentralenhjartatsolna.se\\\/farmaci\\\/apt\\\/cariovico\\\/#primaryimage\",\"url\":\"https:\\\/\\\/www.vardcentralenhjartatsolna.se\\\/farmaci\\\/wp-content\\\/uploads\\\/2024\\\/11\\\/Cariovico.jpg\",\"contentUrl\":\"https:\\\/\\\/www.vardcentralenhjartatsolna.se\\\/farmaci\\\/wp-content\\\/uploads\\\/2024\\\/11\\\/Cariovico.jpg\",\"width\":768,\"height\":768},{\"@type\":\"BreadcrumbList\",\"@id\":\"https:\\\/\\\/www.vardcentralenhjartatsolna.se\\\/farmaci\\\/apt\\\/cariovico\\\/#breadcrumb\",\"itemListElement\":[{\"@type\":\"ListItem\",\"position\":1,\"name\":\"Strona g\u0142\u00f3wna\",\"item\":\"https:\\\/\\\/www.vardcentralenhjartatsolna.se\\\/farmaci\\\/\"},{\"@type\":\"ListItem\",\"position\":2,\"name\":\"Produkte\",\"item\":\"https:\\\/\\\/www.vardcentralenhjartatsolna.se\\\/farmaci\\\/\"},{\"@type\":\"ListItem\",\"position\":3,\"name\":\"Cariovico\"}]},{\"@type\":\"WebSite\",\"@id\":\"https:\\\/\\\/www.vardcentralenhjartatsolna.se\\\/farmaci\\\/#website\",\"url\":\"https:\\\/\\\/www.vardcentralenhjartatsolna.se\\\/farmaci\\\/\",\"name\":\"Vardcentralenhjartatsolna\",\"description\":\"\",\"potentialAction\":[{\"@type\":\"SearchAction\",\"target\":{\"@type\":\"EntryPoint\",\"urlTemplate\":\"https:\\\/\\\/www.vardcentralenhjartatsolna.se\\\/farmaci\\\/?s={search_term_string}\"},\"query-input\":{\"@type\":\"PropertyValueSpecification\",\"valueRequired\":true,\"valueName\":\"search_term_string\"}}],\"inLanguage\":\"sv-SE\"}]}<\/script>\n<!-- \/ Yoast SEO plugin. -->","yoast_head_json":{"title":"Cariovico - Recension, Pris, Effekter, Apotek, Forum | -50%","robots":{"index":"index","follow":"follow","max-snippet":"max-snippet:-1","max-image-preview":"max-image-preview:large","max-video-preview":"max-video-preview:-1"},"canonical":"https:\/\/www.vardcentralenhjartatsolna.se\/farmaci\/apt\/cariovico\/","og_locale":"sv_SE","og_type":"article","og_title":"Cariovico - Recension, Pris, Effekter, Apotek, Forum | -50%","og_url":"https:\/\/www.vardcentralenhjartatsolna.se\/farmaci\/apt\/cariovico\/","og_site_name":"Vardcentralenhjartatsolna","article_modified_time":"2025-01-11T07:01:07+00:00","og_image":[{"width":768,"height":768,"url":"https:\/\/www.vardcentralenhjartatsolna.se\/farmaci\/wp-content\/uploads\/2024\/11\/Cariovico.jpg","type":"image\/jpeg"}],"twitter_card":"summary_large_image","twitter_description":"[date_countdown]","twitter_misc":{"Ber\u00e4knad l\u00e4stid":"1 minut"},"schema":{"@context":"https:\/\/schema.org","@graph":[{"@type":"WebPage","@id":"https:\/\/www.vardcentralenhjartatsolna.se\/farmaci\/apt\/cariovico\/","url":"https:\/\/www.vardcentralenhjartatsolna.se\/farmaci\/apt\/cariovico\/","name":"Cariovico - Recension, Pris, Effekter, Apotek, Forum | -50%","isPartOf":{"@id":"https:\/\/www.vardcentralenhjartatsolna.se\/farmaci\/#website"},"primaryImageOfPage":{"@id":"https:\/\/www.vardcentralenhjartatsolna.se\/farmaci\/apt\/cariovico\/#primaryimage"},"image":{"@id":"https:\/\/www.vardcentralenhjartatsolna.se\/farmaci\/apt\/cariovico\/#primaryimage"},"thumbnailUrl":"https:\/\/www.vardcentralenhjartatsolna.se\/farmaci\/wp-content\/uploads\/2024\/11\/Cariovico.jpg","datePublished":"2024-11-09T14:08:21+00:00","dateModified":"2025-01-11T07:01:07+00:00","breadcrumb":{"@id":"https:\/\/www.vardcentralenhjartatsolna.se\/farmaci\/apt\/cariovico\/#breadcrumb"},"inLanguage":"sv-SE","potentialAction":[{"@type":"ReadAction","target":["https:\/\/www.vardcentralenhjartatsolna.se\/farmaci\/apt\/cariovico\/"]}]},{"@type":"ImageObject","inLanguage":"sv-SE","@id":"https:\/\/www.vardcentralenhjartatsolna.se\/farmaci\/apt\/cariovico\/#primaryimage","url":"https:\/\/www.vardcentralenhjartatsolna.se\/farmaci\/wp-content\/uploads\/2024\/11\/Cariovico.jpg","contentUrl":"https:\/\/www.vardcentralenhjartatsolna.se\/farmaci\/wp-content\/uploads\/2024\/11\/Cariovico.jpg","width":768,"height":768},{"@type":"BreadcrumbList","@id":"https:\/\/www.vardcentralenhjartatsolna.se\/farmaci\/apt\/cariovico\/#breadcrumb","itemListElement":[{"@type":"ListItem","position":1,"name":"Strona g\u0142\u00f3wna","item":"https:\/\/www.vardcentralenhjartatsolna.se\/farmaci\/"},{"@type":"ListItem","position":2,"name":"Produkte","item":"https:\/\/www.vardcentralenhjartatsolna.se\/farmaci\/"},{"@type":"ListItem","position":3,"name":"Cariovico"}]},{"@type":"WebSite","@id":"https:\/\/www.vardcentralenhjartatsolna.se\/farmaci\/#website","url":"https:\/\/www.vardcentralenhjartatsolna.se\/farmaci\/","name":"Vardcentralenhjartatsolna","description":"","potentialAction":[{"@type":"SearchAction","target":{"@type":"EntryPoint","urlTemplate":"https:\/\/www.vardcentralenhjartatsolna.se\/farmaci\/?s={search_term_string}"},"query-input":{"@type":"PropertyValueSpecification","valueRequired":true,"valueName":"search_term_string"}}],"inLanguage":"sv-SE"}]}},"_links":{"self":[{"href":"https:\/\/www.vardcentralenhjartatsolna.se\/farmaci\/wp-json\/wp\/v2\/product\/12407","targetHints":{"allow":["GET"]}}],"collection":[{"href":"https:\/\/www.vardcentralenhjartatsolna.se\/farmaci\/wp-json\/wp\/v2\/product"}],"about":[{"href":"https:\/\/www.vardcentralenhjartatsolna.se\/farmaci\/wp-json\/wp\/v2\/types\/product"}],"replies":[{"embeddable":true,"href":"https:\/\/www.vardcentralenhjartatsolna.se\/farmaci\/wp-json\/wp\/v2\/comments?post=12407"}],"wp:featuredmedia":[{"embeddable":true,"href":"https:\/\/www.vardcentralenhjartatsolna.se\/farmaci\/wp-json\/wp\/v2\/media\/12406"}],"wp:attachment":[{"href":"https:\/\/www.vardcentralenhjartatsolna.se\/farmaci\/wp-json\/wp\/v2\/media?parent=12407"}],"wp:term":[{"taxonomy":"product_brand","embeddable":true,"href":"https:\/\/www.vardcentralenhjartatsolna.se\/farmaci\/wp-json\/wp\/v2\/product_brand?post=12407"},{"taxonomy":"product_cat","embeddable":true,"href":"https:\/\/www.vardcentralenhjartatsolna.se\/farmaci\/wp-json\/wp\/v2\/product_cat?post=12407"},{"taxonomy":"product_tag","embeddable":true,"href":"https:\/\/www.vardcentralenhjartatsolna.se\/farmaci\/wp-json\/wp\/v2\/product_tag?post=12407"}],"curies":[{"name":"wp","href":"https:\/\/api.w.org\/{rel}","templated":true}]}}