{"id":12402,"date":"2024-11-09T15:08:19","date_gmt":"2024-11-09T14:08:19","guid":{"rendered":"https:\/\/blodsjukdom.se\/farmaci\/apt\/audiovico\/"},"modified":"2024-11-15T12:59:15","modified_gmt":"2024-11-15T11:59:15","slug":"audiovico","status":"publish","type":"product","link":"https:\/\/www.vardcentralenhjartatsolna.se\/farmaci\/apt\/audiovico\/","title":{"rendered":"Audiovico"},"content":{"rendered":"\n<h2 class=\"wp-block-heading\">Vad \u00e4r Audiovico och hur fungerar det?<\/h2>\n\n\n\n<p>Audiovico \u00e4r ett innovativt <b>kosttillskott<\/b> som \u00e4r utformat f\u00f6r dem som vill f\u00f6rb\u00e4ttra kvaliteten p\u00e5 sin h\u00f6rsel och minska problem i samband med tinnitus. Det inneh\u00e5ller ingredienser som st\u00f6der <b>h\u00f6rselsystemet<\/b>, vilket g\u00f6r det till en idealisk l\u00f6sning f\u00f6r dem som k\u00e4mpar med h\u00f6rselneds\u00e4ttning.<\/p>\n\n\n\n<p>Verkan<b>av<\/b> Audiovico baseras p\u00e5 flera viktiga egenskaper:<\/p>\n\n\n\n<ol class=\"wp-block-list\">\n<li><em>Eliminering<\/em> av tinnitus &#8211; Ginkgo biloba bladextrakt syftar till att lindra symtomen p\u00e5 tinnitus, vilket g\u00f6r en betydande skillnad f\u00f6r anv\u00e4ndarnas komfort.<\/li>\n\n\n\n<li><em>F\u00f6rb\u00e4ttrad h\u00f6rselkvalitet<\/em> &#8211; Tillskottet st\u00f6der cirkulationen i inner\u00f6rat. Studier har visat att regelbunden <b>anv\u00e4ndning<\/b> av Audiovico kan leda till en upp till trefaldig f\u00f6rb\u00e4ttring av h\u00f6rselkvaliteten p\u00e5 kort tid.<\/li>\n\n\n\n<li><em>Skydd av h\u00f6rselsystemet<\/em> &#8211; Tack vare f\u00f6rekomsten av zink och vitaminerna B6 och B12 st\u00f6der Audiovico h\u00f6rselnervernas funktion, vilket \u00e4r extremt viktigt f\u00f6r en sund ljuduppfattning.<\/li>\n<\/ol>\n\n\n\n<p>M\u00e5nga m\u00e4nniskor som anv\u00e4nder detta <b>kosttillskott<\/b> har m\u00e4rkt de f\u00f6rsta positiva <b>effekterna<\/b> efter bara 2-3 dagar. Med tiden f\u00f6rb\u00e4ttras h\u00f6rselkvaliteten och tinnitusbesv\u00e4ren f\u00f6rsvinner avsev\u00e4rt. Regelbundet intag av Audiovico, vanligtvis i form av en kapsel per dag, bidrar till snabbare \u00e5terh\u00e4mtning och f\u00f6rb\u00e4ttring av h\u00f6rselsystemet.<\/p>\n\n\n\n<p>Korrekt <b>anv\u00e4ndning av<\/b> Audiovico, baserat p\u00e5 vetenskaplig forskning, g\u00f6r det inte bara m\u00f6jligt att eliminera h\u00f6rselproblem utan ocks\u00e5 att skydda och regenerera h\u00f6rselsystemet, vilket g\u00f6r det till ett v\u00e4rdefullt st\u00f6d f\u00f6r personer som k\u00e4mpar med h\u00f6rselneds\u00e4ttning och tinnitus.<\/p>\n\n\n\n<h2 class=\"wp-block-heading\">Effekter av Audiovico<\/h2>\n\n\n\n<p>Regelbunden anv\u00e4ndning av Audiovico har m\u00e5nga positiva effekter p\u00e5 h\u00f6rselh\u00e4lsan. Kunderna bekr\u00e4ftar att <em>effekterna<\/em> av <em>Audiovico<\/em> \u00e4r m\u00e4rkbara efter bara en kort tidsperiod. L\u00e5t oss ta en titt p\u00e5 de viktigaste f\u00f6rdelarna med behandlingen:<\/p>\n\n\n\n<ul class=\"wp-block-list\">\n<li><strong>Minskning av tinnitus<\/strong> &#8211; m\u00e5nga upplever l\u00e4ttnad efter bara n\u00e5gra dagar. Denna behandling hj\u00e4lper till att eliminera besv\u00e4rande ljud, vilket har en positiv inverkan p\u00e5 livskomforten.<\/li>\n\n\n\n<li><strong>F\u00f6rb\u00e4ttrad<\/strong> h\u00f6rsel &#8211; studier visar p\u00e5 en betydande f\u00f6rb\u00e4ttring av <em>h\u00f6rseln<\/em>, upp till 85% efter en veckas anv\u00e4ndning. Kunderna m\u00e4rker av en f\u00f6rb\u00e4ttrad ljuduppfattning och \u00f6kad k\u00e4nslighet f\u00f6r subtila ljudnyanser.<\/li>\n\n\n\n<li><strong>\u00d6vergripande f\u00f6rb\u00e4ttring av v\u00e4lbefinnandet<\/strong> &#8211; anv\u00e4ndare rapporterar \u00f6kad s\u00f6mnkvalitet och minskade stressniv\u00e5er. Eliminering av tinnitus fr\u00e4mjar b\u00e4ttre avslappning och koncentration.<\/li>\n<\/ul>\n\n\n\n<p>Statistiken visar att s\u00e5 m\u00e5nga som <em>9 av 10 kunder<\/em> upplever tillfredsst\u00e4llelse med effekterna av detta tillskott. Tack vare naturliga ingredienser som Ginkgo biloba och mineralextrakt blir Audiovico det perfekta st\u00f6det f\u00f6r m\u00e4nniskor som k\u00e4mpar med h\u00f6rselproblem. Det \u00e4r en effektiv form av tinnitusreduktion som kan bidra till en \u00f6vergripande f\u00f6rb\u00e4ttring av <strong>h\u00f6rselh\u00e4lsan<\/strong>.<\/p>\n\n\n\n<h2 class=\"wp-block-heading\">Hur anv\u00e4nder man Audiovico? &#8211; Dosering<\/h2>\n\n\n\n<p>Audiovico<b>kosttillskott<\/b> \u00e4r avsett f\u00f6r vuxna som k\u00e4mpar med tinnitus eller vill st\u00f6dja h\u00f6rselfunktionen. F\u00f6r b\u00e4sta <b>resultat<\/b> \u00e4r det l\u00e4mpligt att vara uppm\u00e4rksam p\u00e5 r\u00e4tt <b>dosering av Audiovico<\/b> och att f\u00f6lja bruksanvisningen.<\/p>\n\n\n\n<p>Optimalt b\u00f6r en kapsel tas dagligen, helst f\u00f6re s\u00e4ngg\u00e5endet. Systematisk anv\u00e4ndning av preparatet \u00e4r viktigt. F\u00f6r b\u00e4sta resultat b\u00f6r kosttillskottet tas under flera m\u00e5nader.<\/p>\n\n\n\n<ul class=\"wp-block-list\">\n<li><em>Ta en kapsel om dagen<\/em> &#8211; helst p\u00e5 kv\u00e4llen, strax f\u00f6re s\u00e4ngg\u00e5endet.<\/li>\n\n\n\n<li><em>Dricksvatten<\/em> &#8211; st\u00f6der absorptionen av de aktiva ingredienserna i tillskottet.<\/li>\n\n\n\n<li><em>Regelbunden<\/em> anv\u00e4ndning &#8211; f\u00f6r optimala resultat rekommenderas anv\u00e4ndning under en l\u00e4ngre tidsperiod.<\/li>\n<\/ul>\n\n\n\n<p>Kom ih\u00e5g att inte \u00f6verskrida den rekommenderade dagliga dosen. F\u00f6r gravida eller ammande kvinnor rekommenderas samr\u00e5d med en l\u00e4kare f\u00f6re anv\u00e4ndning. Det finns inga uppgifter tillg\u00e4ngliga om s\u00e4kerheten vid anv\u00e4ndning i exceptionella situationer, s\u00e5 f\u00f6rsiktighet \u00e4r nyckeln.<\/p>\n\n\n\n<p>Audiovico, formulerat p\u00e5 basis av naturliga v\u00e4xtextrakt, \u00e4r ett effektivt s\u00e4tt att st\u00f6dja kroppens h\u00f6rselh\u00e4lsa. Vid regelbunden anv\u00e4ndning av preparatet kan positiva f\u00f6r\u00e4ndringar ses inom de f\u00f6rsta behandlingsdagarna.<\/p>\n\n\n\n<h2 class=\"wp-block-heading\">Anv\u00e4ndarupplevelser och Audiovico-recensioner &#8211; vad \u00e4r recensionerna?<\/h2>\n\n\n\n<p><b>Audiovico-recensionerna<\/b> \u00e4r \u00f6verv\u00e4ldigande positiva, vilket \u00e5terspeglar dess popularitet bland dem som s\u00f6ker st\u00f6d f\u00f6r sin h\u00f6rsel. M\u00e5nga anv\u00e4ndarupplevelser indikerar en betydande f\u00f6rb\u00e4ttring av livskvaliteten efter att ha anv\u00e4nt detta till\u00e4gg. Nedan f\u00f6ljer n\u00e5gra detaljerade recensioner som s\u00e4kert kommer att hj\u00e4lpa dig att fatta ett beslut.<\/p>\n\n\n\n<blockquote class=\"wp-block-quote is-layout-flow wp-block-quote-is-layout-flow\">\n<p><em>Mark<\/em>: &#8221;Jag hade k\u00e4mpat med tinnitus i tv\u00e5 \u00e5r, vilket allvarligt st\u00f6rde mitt dagliga liv. Efter n\u00e5gra veckors anv\u00e4ndning av Audiovico upph\u00f6rde tinnitusen n\u00e4stan helt och min livskvalitet f\u00f6rb\u00e4ttrades avsev\u00e4rt. Dessutom m\u00e4rkte jag inte av n\u00e5gra biverkningar. Framf\u00f6r allt uppskattar jag hur snabbt jag m\u00e4rkte skillnaden. Det fungerar verkligen!&#8221;<\/p>\n<\/blockquote>\n\n\n\n<blockquote class=\"wp-block-quote is-layout-flow wp-block-quote-is-layout-flow\">\n<p><em>Anna<\/em>: &#8221;Audiovico har blivit min livr\u00e4ddare! Jag hade ofta problem med h\u00f6rseln i buller, men efter att jag b\u00f6rjade behandla med detta tillskott m\u00e4rkte jag att det var mycket l\u00e4ttare att f\u00f6rst\u00e5 konversationer \u00e4ven i folkmassor. M\u00e5nga g\u00e5nger k\u00e4nde jag mig avskr\u00e4ckt, men denna formel har avsev\u00e4rt f\u00f6rb\u00e4ttrat min upplevelse i vardagliga situationer. Jag skulle rekommendera det till vem som helst!&#8221;<\/p>\n<\/blockquote>\n\n\n\n<blockquote class=\"wp-block-quote is-layout-flow wp-block-quote-is-layout-flow\">\n<p><em>Christopher<\/em>: &#8221;Jag var skeptisk till kosttillskott, men Audiovico \u00f6verraskade mig med sin effektivitet. Efter bara en vecka b\u00f6rjade min tinnitus f\u00f6rsvinna och h\u00f6rselkvaliteten f\u00f6rb\u00e4ttrades. Det \u00e4r definitivt v\u00e4rt ett f\u00f6rs\u00f6k eftersom effekterna \u00e4r omedelbara. Jag \u00e4r v\u00e4ldigt glad att jag litade p\u00e5 den h\u00e4r produkten!&#8221;<\/p>\n<\/blockquote>\n\n\n\n<p>Det \u00e4r v\u00e4rt att notera att 100% av recensionerna p\u00e5 Audiovico i forumen \u00e4r \u00f6verens om den h\u00f6ga effektiviteten hos denna formel. Anv\u00e4ndare i \u00e5ldersgruppen 39-56 \u00e5r uttrycker sin tillfredsst\u00e4llelse med till\u00e4ggets prestanda, vilket bekr\u00e4ftas av de snabba resultat som m\u00e4rks efter bara n\u00e5gra dagars anv\u00e4ndning. <b>Feedback fr\u00e5n<\/b> anv\u00e4ndare indikerar tydligt att Audiovico st\u00f6der eliminering av tinnitus och f\u00f6rb\u00e4ttring av det allm\u00e4nna h\u00f6rseltillst\u00e5ndet.<\/p>\n\n\n\n<h2 class=\"wp-block-heading\">Sammans\u00e4ttning av Audiovico &#8211; Vad inneh\u00e5ller det?<\/h2>\n\n\n\n<p>Audiovico kosttillskott har noggrant formulerats f\u00f6r att st\u00f6dja h\u00f6rselsystemets h\u00e4lsa. Dess <em>Audiovico-formulering<\/em> inneh\u00e5ller naturliga ingredienser och vitaminer f\u00f6r att f\u00f6rb\u00e4ttra h\u00f6rselfunktionen.<\/p>\n\n\n\n<p>Framst\u00e5ende bland de <em>aktiva ingredienserna<\/em> som finns i denna formel \u00e4r:<\/p>\n\n\n\n<ul class=\"wp-block-list\">\n<li><strong>Ginkgo biloba bladextrakt<\/strong>: verkar f\u00f6r att f\u00f6rb\u00e4ttra blodcirkulationen i \u00f6rat, vilket fr\u00e4mjar en b\u00e4ttre uppfattning av ljud.<\/li>\n\n\n\n<li><strong>Zink<\/strong>: st\u00e4rker nervfunktionen och bek\u00e4mpar inflammation, vilket \u00e4r viktigt f\u00f6r h\u00f6rselh\u00e4lsan.<\/li>\n\n\n\n<li><strong>Vitaminerna B6 och B12<\/strong>: skyddar h\u00f6rselnerverna, s\u00e4rskilt i samband med tinnitus.<\/li>\n\n\n\n<li><strong>Extrakt fr\u00e5n sammetsplantans blommor<\/strong>: har en positiv effekt p\u00e5 den \u00f6vergripande h\u00f6rselkvaliteten.<\/li>\n<\/ul>\n\n\n\n<p>Dessa <em>aktiva ingredienser<\/em> samverkar f\u00f6r att skapa ett effektivt <em>kosttillskott<\/em> med p\u00e5tagliga h\u00e4lsof\u00f6rdelar. Regelbunden anv\u00e4ndning av Audiovico kan avsev\u00e4rt f\u00f6rb\u00e4ttra h\u00f6rself\u00f6rm\u00e5gan och livskvaliteten hos personer med h\u00f6rselproblem. Anv\u00e4ndarna m\u00e4rker f\u00f6rb\u00e4ttringar redan efter tv\u00e5 veckor, vilket g\u00f6r Audiovico till ett attraktivt alternativ f\u00f6r dem som k\u00e4mpar med tinnitus.<\/p>\n\n\n\n<h2 class=\"wp-block-heading\">Var kan jag k\u00f6pa Audiovico och vad kostar det?<\/h2>\n\n\n\n<p>Audiovico kan endast erh\u00e5llas fr\u00e5n tillverkarens <em>officiella webbplats.<\/em> Detta \u00e4r det enda st\u00e4llet d\u00e4r du kan vara s\u00e4ker p\u00e5 produktens originalitet. <b>Ink\u00f6p<\/b> som g\u00f6rs fr\u00e5n <em>en officiell k\u00e4lla<\/em> garanterar tillg\u00e5ng till de senaste kampanjerna och rabatterna. Det \u00e4r v\u00e4rt att h\u00e5lla reda p\u00e5 aktuella erbjudanden, eftersom <em>priset p\u00e5<\/em> Audiovico kan variera beroende p\u00e5 de rabatter som inf\u00f6rs.<\/p>\n\n\n\n<p>Tillverkaren l\u00e4gger stor vikt vid <b>s\u00e4kerheten vid<\/b> k\u00f6pet och rekommenderar d\u00e4rf\u00f6r inte att k\u00f6pa till\u00e4gget fr\u00e5n station\u00e4ra apotek eller shoppingplattformar. Att <b>k\u00f6pa<\/b> fr\u00e5n <em>den officiella webbplatsen<\/em> \u00e4r det b\u00e4sta alternativet f\u00f6r att undvika f\u00f6rfalskningar och dra nytta av attraktiva erbjudanden.<\/p>\n\n\n\n<p>Kom ih\u00e5g att om du handlar regelbundet och h\u00e5ller koll p\u00e5 kampanjer p\u00e5 den <em>officiella webbplatsen<\/em> kan du g\u00f6ra betydande besparingar och maximera f\u00f6rdelarna med detta tillskott. Ta hand om din h\u00f6rselh\u00e4lsa genom att <em>handla<\/em> fr\u00e5n en p\u00e5litlig plats.<\/p>\n\n\n\n<h2 class=\"wp-block-heading\">Potentiella biverkningar och kontraindikationer av Audiovico<\/h2>\n\n\n\n<p>Audiovico anses allm\u00e4nt vara ett s\u00e4kert tillskott f\u00f6r att st\u00f6dja h\u00f6rselh\u00e4lsan. \u00c4nd\u00e5, som alla produkter, kan det medf\u00f6ra risk f\u00f6r biverkningar. De vanligaste rapporterade problemen avser milda allergiska reaktioner p\u00e5 specifika komponenter i produkten. D\u00e4rf\u00f6r \u00e4r det viktigt att anv\u00e4ndarna \u00e4r noga med <b>formuleringen<\/b> och konsulterar en l\u00e4kare innan de b\u00f6rjar anv\u00e4nda, s\u00e4rskilt de med befintliga h\u00e4lsoproblem.<\/p>\n\n\n\n<p><b>S\u00e4kerheten<\/b> f\u00f6r Audiovico kr\u00e4ver ocks\u00e5 f\u00f6rsiktighet i samband med m\u00f6jliga kontraindikationer. Personer med allergier mot n\u00e5gon ingrediens som ing\u00e5r i till\u00e4gget b\u00f6r undvika att anv\u00e4nda det. Dessutom b\u00f6r gravida kvinnor och de som tar andra mediciner s\u00f6ka medicinsk r\u00e5dgivning innan behandlingen p\u00e5b\u00f6rjas. Det \u00e4r v\u00e4rt att komma ih\u00e5g att h\u00e4lsa och v\u00e4lbefinnande \u00e4r av yttersta vikt, s\u00e5 varje steg b\u00f6r konsulteras med en professionell.<\/p>\n\n\n\n<p>F\u00f6r att minimera risken f\u00f6r biverkningar \u00e4r det viktigt att strikt f\u00f6lja den rekommenderade doseringen. Vid eventuella o\u00f6nskade symtom rekommenderas att Audiovico omedelbart avbryts och att en l\u00e4kare konsulteras f\u00f6r l\u00e4mplig hj\u00e4lp och r\u00e5d inom detta omr\u00e5de.<\/p>\n","protected":false},"excerpt":{"rendered":"<p><strong>[date_countdown]<\/strong><\/p>\n<p><img decoding=\"async\" class=\"alignnone wp-image-12507\" src=\"https:\/\/www.vardcentralenhjartatsolna.se\/farmaci\/wp-content\/uploads\/2024\/11\/SAFE-PAY-300x88-1.png\" alt=\"SAFE-PAY-300x88\" width=\"201\" height=\"59\" \/><\/p>\n","protected":false},"featured_media":11923,"comment_status":"open","ping_status":"closed","template":"","meta":{"neve_meta_sidebar":"","neve_meta_container":"","neve_meta_enable_content_width":"","neve_meta_content_width":0,"neve_meta_title_alignment":"","neve_meta_author_avatar":"","neve_post_elements_order":"","neve_meta_disable_header":"","neve_meta_disable_footer":"","neve_meta_disable_title":"","neve_meta_reading_time":""},"product_brand":[],"product_cat":[565],"product_tag":[],"class_list":{"0":"post-12402","1":"product","2":"type-product","3":"status-publish","4":"has-post-thumbnail","6":"product_cat-halsa","8":"first","9":"instock","10":"sale","11":"shipping-taxable","12":"product-type-external"},"yoast_head":"<!-- This site is optimized with the Yoast SEO plugin v27.4 - https:\/\/yoast.com\/product\/yoast-seo-wordpress\/ -->\n<title>Audiovico - Recension, Pris, Effekter, Apotek, Forum | -50%<\/title>\n<meta name=\"robots\" content=\"index, follow, max-snippet:-1, max-image-preview:large, max-video-preview:-1\" \/>\n<link rel=\"canonical\" href=\"https:\/\/www.vardcentralenhjartatsolna.se\/farmaci\/apt\/audiovico\/\" \/>\n<meta property=\"og:locale\" content=\"sv_SE\" \/>\n<meta property=\"og:type\" content=\"article\" \/>\n<meta property=\"og:title\" content=\"Audiovico - Recension, Pris, Effekter, Apotek, Forum | -50%\" \/>\n<meta property=\"og:url\" content=\"https:\/\/www.vardcentralenhjartatsolna.se\/farmaci\/apt\/audiovico\/\" \/>\n<meta property=\"og:site_name\" content=\"Vardcentralenhjartatsolna\" \/>\n<meta property=\"article:modified_time\" content=\"2024-11-15T11:59:15+00:00\" \/>\n<meta property=\"og:image\" content=\"https:\/\/www.vardcentralenhjartatsolna.se\/farmaci\/wp-content\/uploads\/2024\/11\/Audiovico.jpg\" \/>\n\t<meta property=\"og:image:width\" content=\"768\" \/>\n\t<meta property=\"og:image:height\" content=\"768\" \/>\n\t<meta property=\"og:image:type\" content=\"image\/jpeg\" \/>\n<meta name=\"twitter:card\" content=\"summary_large_image\" \/>\n<meta name=\"twitter:description\" content=\"[date_countdown]\" \/>\n<meta name=\"twitter:label1\" content=\"Ber\u00e4knad l\u00e4stid\" \/>\n\t<meta name=\"twitter:data1\" content=\"6 minuter\" \/>\n<script type=\"application\/ld+json\" class=\"yoast-schema-graph\">{\"@context\":\"https:\\\/\\\/schema.org\",\"@graph\":[{\"@type\":\"WebPage\",\"@id\":\"https:\\\/\\\/www.vardcentralenhjartatsolna.se\\\/farmaci\\\/apt\\\/audiovico\\\/\",\"url\":\"https:\\\/\\\/www.vardcentralenhjartatsolna.se\\\/farmaci\\\/apt\\\/audiovico\\\/\",\"name\":\"Audiovico - Recension, Pris, Effekter, Apotek, Forum | -50%\",\"isPartOf\":{\"@id\":\"https:\\\/\\\/www.vardcentralenhjartatsolna.se\\\/farmaci\\\/#website\"},\"primaryImageOfPage\":{\"@id\":\"https:\\\/\\\/www.vardcentralenhjartatsolna.se\\\/farmaci\\\/apt\\\/audiovico\\\/#primaryimage\"},\"image\":{\"@id\":\"https:\\\/\\\/www.vardcentralenhjartatsolna.se\\\/farmaci\\\/apt\\\/audiovico\\\/#primaryimage\"},\"thumbnailUrl\":\"https:\\\/\\\/www.vardcentralenhjartatsolna.se\\\/farmaci\\\/wp-content\\\/uploads\\\/2024\\\/11\\\/Audiovico.jpg\",\"datePublished\":\"2024-11-09T14:08:19+00:00\",\"dateModified\":\"2024-11-15T11:59:15+00:00\",\"breadcrumb\":{\"@id\":\"https:\\\/\\\/www.vardcentralenhjartatsolna.se\\\/farmaci\\\/apt\\\/audiovico\\\/#breadcrumb\"},\"inLanguage\":\"sv-SE\",\"potentialAction\":[{\"@type\":\"ReadAction\",\"target\":[\"https:\\\/\\\/www.vardcentralenhjartatsolna.se\\\/farmaci\\\/apt\\\/audiovico\\\/\"]}]},{\"@type\":\"ImageObject\",\"inLanguage\":\"sv-SE\",\"@id\":\"https:\\\/\\\/www.vardcentralenhjartatsolna.se\\\/farmaci\\\/apt\\\/audiovico\\\/#primaryimage\",\"url\":\"https:\\\/\\\/www.vardcentralenhjartatsolna.se\\\/farmaci\\\/wp-content\\\/uploads\\\/2024\\\/11\\\/Audiovico.jpg\",\"contentUrl\":\"https:\\\/\\\/www.vardcentralenhjartatsolna.se\\\/farmaci\\\/wp-content\\\/uploads\\\/2024\\\/11\\\/Audiovico.jpg\",\"width\":768,\"height\":768},{\"@type\":\"BreadcrumbList\",\"@id\":\"https:\\\/\\\/www.vardcentralenhjartatsolna.se\\\/farmaci\\\/apt\\\/audiovico\\\/#breadcrumb\",\"itemListElement\":[{\"@type\":\"ListItem\",\"position\":1,\"name\":\"Strona g\u0142\u00f3wna\",\"item\":\"https:\\\/\\\/www.vardcentralenhjartatsolna.se\\\/farmaci\\\/\"},{\"@type\":\"ListItem\",\"position\":2,\"name\":\"Produkte\",\"item\":\"https:\\\/\\\/www.vardcentralenhjartatsolna.se\\\/farmaci\\\/\"},{\"@type\":\"ListItem\",\"position\":3,\"name\":\"Audiovico\"}]},{\"@type\":\"WebSite\",\"@id\":\"https:\\\/\\\/www.vardcentralenhjartatsolna.se\\\/farmaci\\\/#website\",\"url\":\"https:\\\/\\\/www.vardcentralenhjartatsolna.se\\\/farmaci\\\/\",\"name\":\"Vardcentralenhjartatsolna\",\"description\":\"\",\"potentialAction\":[{\"@type\":\"SearchAction\",\"target\":{\"@type\":\"EntryPoint\",\"urlTemplate\":\"https:\\\/\\\/www.vardcentralenhjartatsolna.se\\\/farmaci\\\/?s={search_term_string}\"},\"query-input\":{\"@type\":\"PropertyValueSpecification\",\"valueRequired\":true,\"valueName\":\"search_term_string\"}}],\"inLanguage\":\"sv-SE\"}]}<\/script>\n<!-- \/ Yoast SEO plugin. -->","yoast_head_json":{"title":"Audiovico - Recension, Pris, Effekter, Apotek, Forum | -50%","robots":{"index":"index","follow":"follow","max-snippet":"max-snippet:-1","max-image-preview":"max-image-preview:large","max-video-preview":"max-video-preview:-1"},"canonical":"https:\/\/www.vardcentralenhjartatsolna.se\/farmaci\/apt\/audiovico\/","og_locale":"sv_SE","og_type":"article","og_title":"Audiovico - Recension, Pris, Effekter, Apotek, Forum | -50%","og_url":"https:\/\/www.vardcentralenhjartatsolna.se\/farmaci\/apt\/audiovico\/","og_site_name":"Vardcentralenhjartatsolna","article_modified_time":"2024-11-15T11:59:15+00:00","og_image":[{"width":768,"height":768,"url":"https:\/\/www.vardcentralenhjartatsolna.se\/farmaci\/wp-content\/uploads\/2024\/11\/Audiovico.jpg","type":"image\/jpeg"}],"twitter_card":"summary_large_image","twitter_description":"[date_countdown]","twitter_misc":{"Ber\u00e4knad l\u00e4stid":"6 minuter"},"schema":{"@context":"https:\/\/schema.org","@graph":[{"@type":"WebPage","@id":"https:\/\/www.vardcentralenhjartatsolna.se\/farmaci\/apt\/audiovico\/","url":"https:\/\/www.vardcentralenhjartatsolna.se\/farmaci\/apt\/audiovico\/","name":"Audiovico - Recension, Pris, Effekter, Apotek, Forum | -50%","isPartOf":{"@id":"https:\/\/www.vardcentralenhjartatsolna.se\/farmaci\/#website"},"primaryImageOfPage":{"@id":"https:\/\/www.vardcentralenhjartatsolna.se\/farmaci\/apt\/audiovico\/#primaryimage"},"image":{"@id":"https:\/\/www.vardcentralenhjartatsolna.se\/farmaci\/apt\/audiovico\/#primaryimage"},"thumbnailUrl":"https:\/\/www.vardcentralenhjartatsolna.se\/farmaci\/wp-content\/uploads\/2024\/11\/Audiovico.jpg","datePublished":"2024-11-09T14:08:19+00:00","dateModified":"2024-11-15T11:59:15+00:00","breadcrumb":{"@id":"https:\/\/www.vardcentralenhjartatsolna.se\/farmaci\/apt\/audiovico\/#breadcrumb"},"inLanguage":"sv-SE","potentialAction":[{"@type":"ReadAction","target":["https:\/\/www.vardcentralenhjartatsolna.se\/farmaci\/apt\/audiovico\/"]}]},{"@type":"ImageObject","inLanguage":"sv-SE","@id":"https:\/\/www.vardcentralenhjartatsolna.se\/farmaci\/apt\/audiovico\/#primaryimage","url":"https:\/\/www.vardcentralenhjartatsolna.se\/farmaci\/wp-content\/uploads\/2024\/11\/Audiovico.jpg","contentUrl":"https:\/\/www.vardcentralenhjartatsolna.se\/farmaci\/wp-content\/uploads\/2024\/11\/Audiovico.jpg","width":768,"height":768},{"@type":"BreadcrumbList","@id":"https:\/\/www.vardcentralenhjartatsolna.se\/farmaci\/apt\/audiovico\/#breadcrumb","itemListElement":[{"@type":"ListItem","position":1,"name":"Strona g\u0142\u00f3wna","item":"https:\/\/www.vardcentralenhjartatsolna.se\/farmaci\/"},{"@type":"ListItem","position":2,"name":"Produkte","item":"https:\/\/www.vardcentralenhjartatsolna.se\/farmaci\/"},{"@type":"ListItem","position":3,"name":"Audiovico"}]},{"@type":"WebSite","@id":"https:\/\/www.vardcentralenhjartatsolna.se\/farmaci\/#website","url":"https:\/\/www.vardcentralenhjartatsolna.se\/farmaci\/","name":"Vardcentralenhjartatsolna","description":"","potentialAction":[{"@type":"SearchAction","target":{"@type":"EntryPoint","urlTemplate":"https:\/\/www.vardcentralenhjartatsolna.se\/farmaci\/?s={search_term_string}"},"query-input":{"@type":"PropertyValueSpecification","valueRequired":true,"valueName":"search_term_string"}}],"inLanguage":"sv-SE"}]}},"_links":{"self":[{"href":"https:\/\/www.vardcentralenhjartatsolna.se\/farmaci\/wp-json\/wp\/v2\/product\/12402","targetHints":{"allow":["GET"]}}],"collection":[{"href":"https:\/\/www.vardcentralenhjartatsolna.se\/farmaci\/wp-json\/wp\/v2\/product"}],"about":[{"href":"https:\/\/www.vardcentralenhjartatsolna.se\/farmaci\/wp-json\/wp\/v2\/types\/product"}],"replies":[{"embeddable":true,"href":"https:\/\/www.vardcentralenhjartatsolna.se\/farmaci\/wp-json\/wp\/v2\/comments?post=12402"}],"wp:featuredmedia":[{"embeddable":true,"href":"https:\/\/www.vardcentralenhjartatsolna.se\/farmaci\/wp-json\/wp\/v2\/media\/11923"}],"wp:attachment":[{"href":"https:\/\/www.vardcentralenhjartatsolna.se\/farmaci\/wp-json\/wp\/v2\/media?parent=12402"}],"wp:term":[{"taxonomy":"product_brand","embeddable":true,"href":"https:\/\/www.vardcentralenhjartatsolna.se\/farmaci\/wp-json\/wp\/v2\/product_brand?post=12402"},{"taxonomy":"product_cat","embeddable":true,"href":"https:\/\/www.vardcentralenhjartatsolna.se\/farmaci\/wp-json\/wp\/v2\/product_cat?post=12402"},{"taxonomy":"product_tag","embeddable":true,"href":"https:\/\/www.vardcentralenhjartatsolna.se\/farmaci\/wp-json\/wp\/v2\/product_tag?post=12402"}],"curies":[{"name":"wp","href":"https:\/\/api.w.org\/{rel}","templated":true}]}}