{"id":12397,"date":"2024-11-09T15:08:17","date_gmt":"2024-11-09T14:08:17","guid":{"rendered":"https:\/\/blodsjukdom.se\/farmaci\/apt\/somatodrol\/"},"modified":"2024-11-13T15:44:19","modified_gmt":"2024-11-13T14:44:19","slug":"somatodrol","status":"publish","type":"product","link":"https:\/\/www.vardcentralenhjartatsolna.se\/farmaci\/apt\/somatodrol\/","title":{"rendered":"Somatodrol"},"content":{"rendered":"\n<h2 class=\"wp-block-heading\">Vad \u00e4r Somatodrol och hur fungerar det?<\/h2>\n\n\n\n<p><b>Somatodrol<\/b> \u00e4r ett kosttillskott som \u00e4r utformat f\u00f6r personer som syftar till att effektivt <em>bygga muskelmassa<\/em>. Dess <em>verkan<\/em> \u00e4r baserad p\u00e5 en unik formel som st\u00f6der anabola processer, p\u00e5skyndar regenerering av kroppen efter intensiv tr\u00e4ning och \u00f6kar testosteronniv\u00e5erna med 30% och tillv\u00e4xthormon HGH med upp till 26%. Som ett resultat g\u00f6r det att du kan arbeta p\u00e5 din kroppsbyggnad mer effektivt och p\u00e5skyndar tr\u00e4ningsresultaten.<\/p>\n\n\n\n<p>Somatodrols aktiva ingredienser, s\u00e5som beta-alanin (400 mg), AAKG (300 mg), DAA (200 mg), zink (6,6 mg) och vattenfritt koffein (30 mg), bidrar till en betydande f\u00f6rb\u00e4ttring av prestandan. Dessutom st\u00f6der cayennepeppar (90 mg) och guarana (46 mg) en \u00f6kning av energi och fettf\u00f6rbr\u00e4nning, vilket fr\u00e4mjar en l\u00e4tt, atletisk kroppsbyggnad.<\/p>\n\n\n\n<p>Anv\u00e4ndare av Somatodrol rapporterar betydande vinster i muskelmassa, och resultaten \u00e4r ofta synliga efter bara n\u00e5gra veckors anv\u00e4ndning. I kombination med en v\u00e4lbalanserad kost och regelbunden tr\u00e4ning kan detta kosttillskott avsev\u00e4rt f\u00f6rb\u00e4ttra fysiskt tillst\u00e5nd och tr\u00e4ningseffektivitet.<\/p>\n\n\n\n<h2 class=\"wp-block-heading\">Somatodrol &#8211; effekter<\/h2>\n\n\n\n<p><b>Somatodrol<\/b> har vunnit popularitet bland dem som vill f\u00f6rb\u00e4ttra sin tr\u00e4ningsprestanda och effektivt bygga muskelmassa. Regelbunden anv\u00e4ndning av detta till\u00e4gg ger ett antal positiva effekter som \u00e4r m\u00e4rkbara p\u00e5 kort tid. Viktiga resultat inkluderar:<\/p>\n\n\n\n<ul class=\"wp-block-list\">\n<li><em>\u00d6kad muskel<\/em> massa &#8211; Anv\u00e4ndare rapporterar imponerande vinster i muskelmassa efter bara 12 veckors anv\u00e4ndning, f\u00f6rutsatt att kost och tr\u00e4ning \u00e4r korrekt balanserade.<\/li>\n\n\n\n<li><b>F\u00f6rb\u00e4ttrad sportprestanda<\/b> &#8211; Tack vare ingredienser <b>som<\/b> beta-alanin och AAKG st\u00f6der <b>Somatodrol<\/b> regenerering och prestanda, vilket leder till b\u00e4ttre prestanda under tr\u00e4ning.<\/li>\n\n\n\n<li>\u00d6kad styrka &#8211; Tillskott leder till \u00f6kad styrka, vilket bekr\u00e4ftas av m\u00e5nga idrottares <b>recensioner<\/b>.<\/li>\n\n\n\n<li>Snabbare regenerering &#8211; Somatodrol stimulerar produktionen av tillv\u00e4xthormon, vilket p\u00e5skyndar regenereringsprocessen efter intensiva tr\u00e4ningspass.<\/li>\n<\/ul>\n\n\n\n<p>Det \u00e4r v\u00e4rt att notera att effekterna av Somatodrol kan variera beroende p\u00e5 individuella metaboliska predispositioner och livsstil. \u00c4nd\u00e5 har m\u00e5nga anv\u00e4ndare upplevt en betydande f\u00f6rb\u00e4ttring av fysiskt tillst\u00e5nd och v\u00e4lbefinnande, vilket bekr\u00e4ftas av deras positiva feedback.<\/p>\n\n\n\n<figure class=\"wp-block-table\"><table class=\"has-fixed-layout\"><tbody><tr><th>Effekt<\/th><th>Beskrivning av effekt<\/th><\/tr><tr><td>\u00d6kning av muskelmassa<\/td><td>Imponerande \u00f6kning av muskelmassan efter bara 12 veckor.<\/td><\/tr><tr><td><b>F\u00f6rb\u00e4ttrad prestationsf\u00f6rm\u00e5ga<\/b><\/td><td>F\u00f6rb\u00e4ttrad prestanda och atletisk prestanda.<\/td><\/tr><tr><td>\u00d6kad styrka<\/td><td>Minskad tr\u00f6tthet och f\u00f6rb\u00e4ttrad prestationsf\u00f6rm\u00e5ga under tr\u00e4ning.<\/td><\/tr><tr><td>Snabbare \u00e5terh\u00e4mtning<\/td><td>St\u00f6d i \u00e5terh\u00e4mtningsprocessen tack vare tillv\u00e4xthormonets verkan.<\/td><\/tr><\/tbody><\/table><\/figure>\n\n\n\n<p>Somatodrol \u00e4r d\u00e4rf\u00f6r ett effektivt st\u00f6d f\u00f6r att bygga muskelmassa och f\u00f6rb\u00e4ttra sportprestanda. M\u00e4nniskor som regelbundet anv\u00e4nder detta till\u00e4gg m\u00e4rker synliga effekter, vilket \u00f6vers\u00e4tts till deras framg\u00e5ng i fysisk aktivitet.<\/p>\n\n\n\n<h2 class=\"wp-block-heading\">Hur man anv\u00e4nder Somatodrol &#8211; Instruktioner f\u00f6r anv\u00e4ndning och dosering<\/h2>\n\n\n\n<p><b>Doseringen<\/b> av Somatodrol \u00e4r nyckeln till att uppn\u00e5 b\u00e4sta resultat. <b>Instruktionerna<\/b> rekommenderar att idrottare tar tv\u00e5 kapslar om dagen, en p\u00e5 morgonen och en efter tr\u00e4ning. Mindre aktiva m\u00e4nniskor b\u00f6r ta tre kapslar om dagen och dela upp dem i portioner mellan morgon, lunch och f\u00f6re s\u00e4ngg\u00e5endet. F\u00f6r vassleproteinanv\u00e4ndare rekommenderas att ta tv\u00e5 kapslar efter tr\u00e4ning.<\/p>\n\n\n\n<p>Somatodrol-formeln inneh\u00e5ller ingredienser som vitamin B12, Guarana, Cayenne Pepper och Beta Alanine, vilket bidrar till effektiv tillskott och st\u00f6d f\u00f6r att bygga muskelmassa. Med. regelbunden anv\u00e4ndning av detta till\u00e4gg har inga biverkningar eller kontraindikationer rapporterats, vilket g\u00f6r det till ett s\u00e4kert val.<\/p>\n\n\n\n<p>Ink\u00f6p av Somatodrol \u00e4r begr\u00e4nsat till den officiella webbplatsen, d\u00e4r olika erbjudanden finns tillg\u00e4ngliga, inklusive <b>kampanjer<\/b> som kan vara s\u00e5 h\u00f6ga som 50%. Dessutom rekommenderar m\u00e5nga yrkesverksamma att k\u00f6pa en st\u00f6rre m\u00e4ngd f\u00f6r att s\u00e4kerst\u00e4lla att du har tillr\u00e4ckligt med produkt under en l\u00e4ngre tidsperiod.<\/p>\n\n\n\n<figure class=\"wp-block-table\"><table class=\"has-fixed-layout\"><tbody><tr><th>Typ av anv\u00e4ndare<\/th><th>Dosering<\/th><th>Kommentarer<\/th><\/tr><tr><td>Idrottare<\/td><td>2 kapslar dagligen (1 p\u00e5 morgonen, 1 efter tr\u00e4ningen)<\/td><td>Optimal effekt i kombination med tr\u00e4ning<\/td><\/tr><tr><td>Mindre aktiva personer<\/td><td>3 kapslar dagligen (morgon, lunch, f\u00f6re s\u00e4ngg\u00e5endet)<\/td><td>Uppr\u00e4tth\u00e5llande av energibalansen<\/td><\/tr><tr><td>Anv\u00e4ndare av vassleprotein<\/td><td>2 kapslar efter tr\u00e4ningen<\/td><td>St\u00f6d f\u00f6r muskelregenerering<\/td><\/tr><\/tbody><\/table><\/figure>\n\n\n\n<p>Varaktigheten av anv\u00e4ndningen av Somatodrol b\u00f6r anpassas till individuella behov och fysiska krav. L\u00e5ngsiktiga effekter \u00e4r m\u00e4rkbara \u00e4ven efter att tillskottet har avslutats. Somatodrol har genomg\u00e5tt vetenskapliga studier och har godk\u00e4nts av l\u00e4kare, vilket ytterligare \u00f6kar dess trov\u00e4rdighet som ett s\u00e4tt att st\u00f6dja muskelutveckling och fettminskning.<\/p>\n\n\n\n<h2 class=\"wp-block-heading\">Somatodrol &#8211; \u00c5sikter och recensioner, Forum<\/h2>\n\n\n\n<p>Anv\u00e4ndarrecensioner av Somatodrol visar m\u00e5ngfalden av erfarenheter med dess anv\u00e4ndning. M\u00e5nga av de recensioner som finns tillg\u00e4ngliga p\u00e5 forum belyser de positiva resultat som uppn\u00e5s av idrottare och fitnessmedvetna individer. Positiva aspekter inkluderar en betydande \u00f6kning av muskelmassan, f\u00f6rb\u00e4ttrad fysisk prestanda och effektiv \u00e5terh\u00e4mtning efter intensiv tr\u00e4ning.<\/p>\n\n\n\n<ul class=\"wp-block-list\">\n<li><em>&#8221;Somatodrol \u00e4r det b\u00e4sta tillskottet jag n\u00e5gonsin har anv\u00e4nt. Efter en m\u00e5nad m\u00e4rkte jag en m\u00e4rkbar \u00f6kning av muskelmassan och b\u00e4ttre prestanda i gymmet.&#8221;<\/em> &#8211; skriver en anv\u00e4ndare p\u00e5 <b>forumet<\/b>.<\/li>\n\n\n\n<li><em>&#8221;N\u00e5gra dagar efter att jag b\u00f6rjade ta Somatodrol k\u00e4nde jag mer energi. Dosering 1-2 kapslar tv\u00e5 g\u00e5nger om dagen fungerar definitivt!&#8221;<\/em> &#8211; betonar en annan anv\u00e4ndare.<\/li>\n\n\n\n<li><em>&#8221;Det enda jag m\u00e4rkte var ett litet matsm\u00e4ltningsbesv\u00e4r. Den totala effekten \u00e4r dock v\u00e4rt det. Rekommenderar definitivt!&#8221;<\/em> &#8211; till\u00e4gger en annan anv\u00e4ndare.<\/li>\n<\/ul>\n\n\n\n<p>Det \u00e4r v\u00e4rt att notera att det faktiska konsumentbetyget f\u00f6r Somatodrol \u00e4r 5 av 5 stj\u00e4rnor, vilket uppm\u00e4rksammar dess h\u00f6ga effektivitet. Ut\u00f6ver detta vittnar den begr\u00e4nsade tillg\u00e4ngligheten av till\u00e4gget och dess h\u00f6ga efterfr\u00e5gan om populariteten hos denna produkt bland dem som vill f\u00f6rb\u00e4ttra sin fysiska form. M\u00e5nga <b>forumrecensioner<\/b> erk\u00e4nner Somatodrol som ett effektivt alternativ f\u00f6r att hj\u00e4lpa kroppsbyggnad och uppn\u00e5 b\u00e4ttre tr\u00e4ningsresultat.<\/p>\n\n\n\n<figure class=\"wp-block-table\"><table class=\"has-fixed-layout\"><tbody><tr><th>Produkt<\/th><th>Effektivitet<\/th><th>Effektivitet<\/th><th>Styrka<\/th><th>S\u00e4kerhet<\/th><\/tr><tr><td>Somatodrol<\/td><td>99%<\/td><td>89%<\/td><td>89%<\/td><td>100%<\/td><\/tr><tr><td>Massa extrem<\/td><td>80%<\/td><td>80%<\/td><td>80%<\/td><td>100%<\/td><\/tr><tr><td>Metadrol<\/td><td>80%<\/td><td>80%<\/td><td>70%<\/td><td>100%<\/td><\/tr><tr><td>Probolan 50<\/td><td>80%<\/td><td>80%<\/td><td>80%<\/td><td>100%<\/td><\/tr><\/tbody><\/table><\/figure>\n\n\n\n<p>Somatodrol-recensioner pekar p\u00e5 dess h\u00f6ga kvalitet och effektivitet, vilket g\u00f6r det till ett v\u00e4rde som \u00e4r v\u00e4rt att \u00f6verv\u00e4ga f\u00f6r fysiskt aktiva m\u00e4nniskor. Nya recensioner forts\u00e4tter att dyka upp p\u00e5 onlineforum, vilket bekr\u00e4ftar den v\u00e4xande populariteten f\u00f6r detta till\u00e4gg.<\/p>\n\n\n\n<h2 class=\"wp-block-heading\">Somatodrol-komposition &#8211; Vad inneh\u00e5ller den?<\/h2>\n\n\n\n<p>Somatodrol \u00e4r ett avancerat kosttillskott som kombinerar ingredienser f\u00f6r att st\u00f6dja uppbyggnaden av muskelmassa och regenerering av kroppen efter intensiv tr\u00e4ning. <em>Analys av ingredienserna<\/em> visar att produkten inneh\u00e5ller en m\u00e4ngd olika aktiva substanser som \u00e4r viktiga f\u00f6r idrottare och m\u00e4nniskor som vill f\u00f6rb\u00e4ttra sin fysiska prestanda.<\/p>\n\n\n\n<p>F\u00f6ljande viktiga ingredienser ing\u00e5r i sammans\u00e4ttningen av Somatodrol:<\/p>\n\n\n\n<figure class=\"wp-block-table\"><table class=\"has-fixed-layout\"><tbody><tr><th>Ingrediens<\/th><th>Kvantitet<\/th><th>Beskrivning av effekt<\/th><\/tr><tr><td>Beta-alanin<\/td><td>400 mg<\/td><td>St\u00f6djer en \u00f6kning av tr\u00e4ningsf\u00f6rm\u00e5gan.<\/td><\/tr><tr><td>AAKG (arginin alfa ketoglutarat)<\/td><td>300 mg<\/td><td>F\u00f6rb\u00e4ttrar blodfl\u00f6det och st\u00f6der uppbyggnaden av muskelmassa.<\/td><\/tr><tr><td>DAA (D-asparaginsyra)<\/td><td>200 mg<\/td><td>\u00d6kar testosteronniv\u00e5erna, vilket bidrar till \u00f6kad muskelmassa.<\/td><\/tr><tr><td>Zink (Zinkoxid)<\/td><td>6.66 mg<\/td><td>St\u00f6djer immunf\u00f6rsvaret och bidrar till kroppens normala f\u00f6rnyelse.<\/td><\/tr><tr><td>Capsaicin (Cayennepeppar 4:1)<\/td><td>90 mg<\/td><td>\u00d6kar termogenesen och st\u00f6der fettminskning.<\/td><\/tr><tr><td>Guarana<\/td><td>46 mg<\/td><td>Ger energi och \u00f6kar koncentrationen.<\/td><\/tr><tr><td>Vattenfritt koffein<\/td><td>30 mg<\/td><td>St\u00f6djer prestationsf\u00f6rm\u00e5gan och ger snabbare fettf\u00f6rbr\u00e4nning.<\/td><\/tr><tr><td>Niacin<\/td><td>6 mg<\/td><td>St\u00f6djer energimetabolismen.<\/td><\/tr><tr><td>Vitamin B6<\/td><td>0.5 mg<\/td><td>St\u00f6djer aminosyrametabolismen.<\/td><\/tr><tr><td>Vitamin B12<\/td><td>0.9 mg<\/td><td>St\u00f6djer energiproduktion och nervsystemets <b>h\u00e4lsa<\/b>.<\/td><\/tr><\/tbody><\/table><\/figure>\n\n\n\n<p>Somatodrol visar en signifikant effekt p\u00e5 kroppen, vilket framg\u00e5r av en 68% \u00f6kning av muskelmassan j\u00e4mf\u00f6rt med bara 5% i placebogruppen. Erbjudandet av detta till\u00e4gg inneb\u00e4r inte bara \u00f6kad styrka och uth\u00e5llighet, utan ocks\u00e5 effektivare muskel\u00e5terh\u00e4mtning och eliminering av kramper och sp\u00e4nningar. \u00d6kade testosteronniv\u00e5er med 30% \u00f6vers\u00e4tts till en \u00f6vergripande f\u00f6rb\u00e4ttring av fysisk prestanda. Detta till\u00e4gg inneh\u00e5ller ocks\u00e5 ingredienser som stimulerar den naturliga produktionen av HGH, viktigt f\u00f6r muskeltillv\u00e4xt och utveckling.<\/p>\n\n\n\n<p>Den rekommenderade <b>dosen<\/b> \u00e4r 1-2 kapslar tv\u00e5 g\u00e5nger dagligen, sippade med mycket vatten. Denna produkt b\u00f6r anv\u00e4ndas med f\u00f6rsiktighet och strikt f\u00f6lja den rekommenderade dosen f\u00f6r optimala resultat.<\/p>\n\n\n\n<h2 class=\"wp-block-heading\">Var man kan k\u00f6pa och hur mycket kostar Somatodrol &#8211; pris<\/h2>\n\n\n\n<p>Somatodrol \u00e4r ett tillskott som \u00e4r popul\u00e4rt bland dem som \u00e4r intresserade av att utveckla muskelmassa. Produkten \u00e4r endast tillg\u00e4nglig fr\u00e5n tillverkarens officiella webbplats, vilket ger en garanti f\u00f6r originalitet och kvalitet. Genom att k\u00f6pa direkt fr\u00e5n tillverkaren har anv\u00e4ndarna ocks\u00e5 tillg\u00e5ng till aktuella kampanjer som kan s\u00e4nka ink\u00f6pspriset.<\/p>\n\n\n\n<p>Somatodrol finns i olika kampanjkit, som erbjuder mer gynnsamma priser n\u00e4r du k\u00f6per ett st\u00f6rre antal f\u00f6rpackningar. Regelbunden anv\u00e4ndning av till\u00e4gget, i kombination med r\u00e4tt kost och tr\u00e4ning, kan p\u00e5skynda processen att bygga muskelmassa, vilket bekr\u00e4ftas av tillverkaren. F\u00f6r b\u00e4sta resultat \u00e4r det viktigt att uppr\u00e4tth\u00e5lla en h\u00e4lsosam livsstil och undvika \u00e4mnen som kan f\u00f6rsvaga effekterna av till\u00e4gget.<\/p>\n","protected":false},"excerpt":{"rendered":"<p><strong>[date_countdown]<\/strong><\/p>\n<p><img decoding=\"async\" class=\"alignnone  wp-image-12507\" src=\"https:\/\/www.vardcentralenhjartatsolna.se\/farmaci\/wp-content\/uploads\/2024\/11\/SAFE-PAY-300x88-1.png\" alt=\"SAFE-PAY-300x88\" width=\"201\" height=\"59\" \/><\/p>\n","protected":false},"featured_media":11915,"comment_status":"open","ping_status":"closed","template":"","meta":{"neve_meta_sidebar":"","neve_meta_container":"","neve_meta_enable_content_width":"","neve_meta_content_width":0,"neve_meta_title_alignment":"","neve_meta_author_avatar":"","neve_post_elements_order":"","neve_meta_disable_header":"","neve_meta_disable_footer":"","neve_meta_disable_title":"","neve_meta_reading_time":""},"product_brand":[],"product_cat":[568],"product_tag":[],"class_list":{"0":"post-12397","1":"product","2":"type-product","3":"status-publish","4":"has-post-thumbnail","6":"product_cat-viktnedgang","8":"first","9":"instock","10":"sale","11":"shipping-taxable","12":"product-type-external"},"yoast_head":"<!-- This site is optimized with the Yoast SEO plugin v27.4 - https:\/\/yoast.com\/product\/yoast-seo-wordpress\/ -->\n<title>Somatodrol - Recension, Pris, Effekter, Apotek, Forum | -50%<\/title>\n<meta name=\"robots\" content=\"index, follow, max-snippet:-1, max-image-preview:large, max-video-preview:-1\" \/>\n<link rel=\"canonical\" href=\"https:\/\/www.vardcentralenhjartatsolna.se\/farmaci\/apt\/somatodrol\/\" \/>\n<meta property=\"og:locale\" content=\"sv_SE\" \/>\n<meta property=\"og:type\" content=\"article\" \/>\n<meta property=\"og:title\" content=\"Somatodrol - Recension, Pris, Effekter, Apotek, Forum | -50%\" \/>\n<meta property=\"og:url\" content=\"https:\/\/www.vardcentralenhjartatsolna.se\/farmaci\/apt\/somatodrol\/\" \/>\n<meta property=\"og:site_name\" content=\"Vardcentralenhjartatsolna\" \/>\n<meta property=\"article:modified_time\" content=\"2024-11-13T14:44:19+00:00\" \/>\n<meta property=\"og:image\" content=\"https:\/\/www.vardcentralenhjartatsolna.se\/farmaci\/wp-content\/uploads\/2024\/11\/Somatodrol.jpg\" \/>\n\t<meta property=\"og:image:width\" content=\"768\" \/>\n\t<meta property=\"og:image:height\" content=\"768\" \/>\n\t<meta property=\"og:image:type\" content=\"image\/jpeg\" \/>\n<meta name=\"twitter:card\" content=\"summary_large_image\" \/>\n<meta name=\"twitter:description\" content=\"[date_countdown]\" \/>\n<meta name=\"twitter:label1\" content=\"Ber\u00e4knad l\u00e4stid\" \/>\n\t<meta name=\"twitter:data1\" content=\"7 minuter\" \/>\n<script type=\"application\/ld+json\" class=\"yoast-schema-graph\">{\"@context\":\"https:\\\/\\\/schema.org\",\"@graph\":[{\"@type\":\"WebPage\",\"@id\":\"https:\\\/\\\/www.vardcentralenhjartatsolna.se\\\/farmaci\\\/apt\\\/somatodrol\\\/\",\"url\":\"https:\\\/\\\/www.vardcentralenhjartatsolna.se\\\/farmaci\\\/apt\\\/somatodrol\\\/\",\"name\":\"Somatodrol - Recension, Pris, Effekter, Apotek, Forum | -50%\",\"isPartOf\":{\"@id\":\"https:\\\/\\\/www.vardcentralenhjartatsolna.se\\\/farmaci\\\/#website\"},\"primaryImageOfPage\":{\"@id\":\"https:\\\/\\\/www.vardcentralenhjartatsolna.se\\\/farmaci\\\/apt\\\/somatodrol\\\/#primaryimage\"},\"image\":{\"@id\":\"https:\\\/\\\/www.vardcentralenhjartatsolna.se\\\/farmaci\\\/apt\\\/somatodrol\\\/#primaryimage\"},\"thumbnailUrl\":\"https:\\\/\\\/www.vardcentralenhjartatsolna.se\\\/farmaci\\\/wp-content\\\/uploads\\\/2024\\\/11\\\/Somatodrol.jpg\",\"datePublished\":\"2024-11-09T14:08:17+00:00\",\"dateModified\":\"2024-11-13T14:44:19+00:00\",\"breadcrumb\":{\"@id\":\"https:\\\/\\\/www.vardcentralenhjartatsolna.se\\\/farmaci\\\/apt\\\/somatodrol\\\/#breadcrumb\"},\"inLanguage\":\"sv-SE\",\"potentialAction\":[{\"@type\":\"ReadAction\",\"target\":[\"https:\\\/\\\/www.vardcentralenhjartatsolna.se\\\/farmaci\\\/apt\\\/somatodrol\\\/\"]}]},{\"@type\":\"ImageObject\",\"inLanguage\":\"sv-SE\",\"@id\":\"https:\\\/\\\/www.vardcentralenhjartatsolna.se\\\/farmaci\\\/apt\\\/somatodrol\\\/#primaryimage\",\"url\":\"https:\\\/\\\/www.vardcentralenhjartatsolna.se\\\/farmaci\\\/wp-content\\\/uploads\\\/2024\\\/11\\\/Somatodrol.jpg\",\"contentUrl\":\"https:\\\/\\\/www.vardcentralenhjartatsolna.se\\\/farmaci\\\/wp-content\\\/uploads\\\/2024\\\/11\\\/Somatodrol.jpg\",\"width\":768,\"height\":768},{\"@type\":\"BreadcrumbList\",\"@id\":\"https:\\\/\\\/www.vardcentralenhjartatsolna.se\\\/farmaci\\\/apt\\\/somatodrol\\\/#breadcrumb\",\"itemListElement\":[{\"@type\":\"ListItem\",\"position\":1,\"name\":\"Strona g\u0142\u00f3wna\",\"item\":\"https:\\\/\\\/www.vardcentralenhjartatsolna.se\\\/farmaci\\\/\"},{\"@type\":\"ListItem\",\"position\":2,\"name\":\"Produkte\",\"item\":\"https:\\\/\\\/www.vardcentralenhjartatsolna.se\\\/farmaci\\\/\"},{\"@type\":\"ListItem\",\"position\":3,\"name\":\"Somatodrol\"}]},{\"@type\":\"WebSite\",\"@id\":\"https:\\\/\\\/www.vardcentralenhjartatsolna.se\\\/farmaci\\\/#website\",\"url\":\"https:\\\/\\\/www.vardcentralenhjartatsolna.se\\\/farmaci\\\/\",\"name\":\"Vardcentralenhjartatsolna\",\"description\":\"\",\"potentialAction\":[{\"@type\":\"SearchAction\",\"target\":{\"@type\":\"EntryPoint\",\"urlTemplate\":\"https:\\\/\\\/www.vardcentralenhjartatsolna.se\\\/farmaci\\\/?s={search_term_string}\"},\"query-input\":{\"@type\":\"PropertyValueSpecification\",\"valueRequired\":true,\"valueName\":\"search_term_string\"}}],\"inLanguage\":\"sv-SE\"}]}<\/script>\n<!-- \/ Yoast SEO plugin. -->","yoast_head_json":{"title":"Somatodrol - Recension, Pris, Effekter, Apotek, Forum | -50%","robots":{"index":"index","follow":"follow","max-snippet":"max-snippet:-1","max-image-preview":"max-image-preview:large","max-video-preview":"max-video-preview:-1"},"canonical":"https:\/\/www.vardcentralenhjartatsolna.se\/farmaci\/apt\/somatodrol\/","og_locale":"sv_SE","og_type":"article","og_title":"Somatodrol - Recension, Pris, Effekter, Apotek, Forum | -50%","og_url":"https:\/\/www.vardcentralenhjartatsolna.se\/farmaci\/apt\/somatodrol\/","og_site_name":"Vardcentralenhjartatsolna","article_modified_time":"2024-11-13T14:44:19+00:00","og_image":[{"width":768,"height":768,"url":"https:\/\/www.vardcentralenhjartatsolna.se\/farmaci\/wp-content\/uploads\/2024\/11\/Somatodrol.jpg","type":"image\/jpeg"}],"twitter_card":"summary_large_image","twitter_description":"[date_countdown]","twitter_misc":{"Ber\u00e4knad l\u00e4stid":"7 minuter"},"schema":{"@context":"https:\/\/schema.org","@graph":[{"@type":"WebPage","@id":"https:\/\/www.vardcentralenhjartatsolna.se\/farmaci\/apt\/somatodrol\/","url":"https:\/\/www.vardcentralenhjartatsolna.se\/farmaci\/apt\/somatodrol\/","name":"Somatodrol - Recension, Pris, Effekter, Apotek, Forum | -50%","isPartOf":{"@id":"https:\/\/www.vardcentralenhjartatsolna.se\/farmaci\/#website"},"primaryImageOfPage":{"@id":"https:\/\/www.vardcentralenhjartatsolna.se\/farmaci\/apt\/somatodrol\/#primaryimage"},"image":{"@id":"https:\/\/www.vardcentralenhjartatsolna.se\/farmaci\/apt\/somatodrol\/#primaryimage"},"thumbnailUrl":"https:\/\/www.vardcentralenhjartatsolna.se\/farmaci\/wp-content\/uploads\/2024\/11\/Somatodrol.jpg","datePublished":"2024-11-09T14:08:17+00:00","dateModified":"2024-11-13T14:44:19+00:00","breadcrumb":{"@id":"https:\/\/www.vardcentralenhjartatsolna.se\/farmaci\/apt\/somatodrol\/#breadcrumb"},"inLanguage":"sv-SE","potentialAction":[{"@type":"ReadAction","target":["https:\/\/www.vardcentralenhjartatsolna.se\/farmaci\/apt\/somatodrol\/"]}]},{"@type":"ImageObject","inLanguage":"sv-SE","@id":"https:\/\/www.vardcentralenhjartatsolna.se\/farmaci\/apt\/somatodrol\/#primaryimage","url":"https:\/\/www.vardcentralenhjartatsolna.se\/farmaci\/wp-content\/uploads\/2024\/11\/Somatodrol.jpg","contentUrl":"https:\/\/www.vardcentralenhjartatsolna.se\/farmaci\/wp-content\/uploads\/2024\/11\/Somatodrol.jpg","width":768,"height":768},{"@type":"BreadcrumbList","@id":"https:\/\/www.vardcentralenhjartatsolna.se\/farmaci\/apt\/somatodrol\/#breadcrumb","itemListElement":[{"@type":"ListItem","position":1,"name":"Strona g\u0142\u00f3wna","item":"https:\/\/www.vardcentralenhjartatsolna.se\/farmaci\/"},{"@type":"ListItem","position":2,"name":"Produkte","item":"https:\/\/www.vardcentralenhjartatsolna.se\/farmaci\/"},{"@type":"ListItem","position":3,"name":"Somatodrol"}]},{"@type":"WebSite","@id":"https:\/\/www.vardcentralenhjartatsolna.se\/farmaci\/#website","url":"https:\/\/www.vardcentralenhjartatsolna.se\/farmaci\/","name":"Vardcentralenhjartatsolna","description":"","potentialAction":[{"@type":"SearchAction","target":{"@type":"EntryPoint","urlTemplate":"https:\/\/www.vardcentralenhjartatsolna.se\/farmaci\/?s={search_term_string}"},"query-input":{"@type":"PropertyValueSpecification","valueRequired":true,"valueName":"search_term_string"}}],"inLanguage":"sv-SE"}]}},"_links":{"self":[{"href":"https:\/\/www.vardcentralenhjartatsolna.se\/farmaci\/wp-json\/wp\/v2\/product\/12397","targetHints":{"allow":["GET"]}}],"collection":[{"href":"https:\/\/www.vardcentralenhjartatsolna.se\/farmaci\/wp-json\/wp\/v2\/product"}],"about":[{"href":"https:\/\/www.vardcentralenhjartatsolna.se\/farmaci\/wp-json\/wp\/v2\/types\/product"}],"replies":[{"embeddable":true,"href":"https:\/\/www.vardcentralenhjartatsolna.se\/farmaci\/wp-json\/wp\/v2\/comments?post=12397"}],"wp:featuredmedia":[{"embeddable":true,"href":"https:\/\/www.vardcentralenhjartatsolna.se\/farmaci\/wp-json\/wp\/v2\/media\/11915"}],"wp:attachment":[{"href":"https:\/\/www.vardcentralenhjartatsolna.se\/farmaci\/wp-json\/wp\/v2\/media?parent=12397"}],"wp:term":[{"taxonomy":"product_brand","embeddable":true,"href":"https:\/\/www.vardcentralenhjartatsolna.se\/farmaci\/wp-json\/wp\/v2\/product_brand?post=12397"},{"taxonomy":"product_cat","embeddable":true,"href":"https:\/\/www.vardcentralenhjartatsolna.se\/farmaci\/wp-json\/wp\/v2\/product_cat?post=12397"},{"taxonomy":"product_tag","embeddable":true,"href":"https:\/\/www.vardcentralenhjartatsolna.se\/farmaci\/wp-json\/wp\/v2\/product_tag?post=12397"}],"curies":[{"name":"wp","href":"https:\/\/api.w.org\/{rel}","templated":true}]}}