{"id":12394,"date":"2024-11-09T15:08:16","date_gmt":"2024-11-09T14:08:16","guid":{"rendered":"https:\/\/blodsjukdom.se\/farmaci\/apt\/miralash\/"},"modified":"2024-11-15T17:09:36","modified_gmt":"2024-11-15T16:09:36","slug":"miralash","status":"publish","type":"product","link":"https:\/\/www.vardcentralenhjartatsolna.se\/farmaci\/apt\/miralash\/","title":{"rendered":"Miralash"},"content":{"rendered":"\n<h2 class=\"wp-block-heading\">Vad \u00e4r Miralash och hur fungerar det?<\/h2>\n\n\n\n<p>Miralash \u00e4r ett innovativt <b>\u00f6gonfransbalsam<\/b>, skapat f\u00f6r dig som vill f\u00e5 starkare, l\u00e4ngre och tjockare \u00f6gonfransar. Produkten syftar till att ge fransarna n\u00f6dv\u00e4ndiga n\u00e4rings\u00e4mnen, vilket bidrar till deras regenerering och stimulering av tillv\u00e4xt. <b>Verkan<\/b> av Miralash \u00e4r baserad p\u00e5 en unik formel som st\u00f6der naturliga processer f\u00f6r \u00f6gonfranstillv\u00e4xt.<\/p>\n\n\n\n<p>Miralash balsam <b>inneh\u00e5ller<\/b> h\u00f6gkvalitativa ingredienser som Panthenol, Glycerin, Niacinamid och Biotinoyl Tripeptide-1, som noggrant har valts ut f\u00f6r att maximera <b>effekterna<\/b>. Forskning visar att 67% av de kvinnor som anv\u00e4nde produkten m\u00e4rkte en f\u00f6rb\u00e4ttring av fransarnas t\u00e4thet efter bara fyra veckor. F\u00f6rst\u00e4rkta \u00f6gonfransar observerades av 80% av anv\u00e4ndarna och 87% rapporterade <b>f\u00f6rl\u00e4ngda<\/b> fransar under samma period.<\/p>\n\n\n\n<ul class=\"wp-block-list\">\n<li>Intensifierar \u00f6gonfransarnas tillv\u00e4xt.<\/li>\n\n\n\n<li>\u00c5terfuktar och ger n\u00e4ring genom anv\u00e4ndning av naturliga ingredienser.<\/li>\n\n\n\n<li>Hj\u00e4lper till att ge djup f\u00e4rg till fransarna, vilket kan minska behovet av mascara.<\/li>\n<\/ul>\n\n\n\n<p>Miralash \u00e4r en s\u00e4ker produkt f\u00f6r dem med k\u00e4nslig hud runt \u00f6gonen. Den rekommenderas f\u00f6r b\u00e5de m\u00e4n och kvinnor, och <b>resultat<\/b> kan ses efter bara 14 dagars anv\u00e4ndning. Observera att optimala resultat uppn\u00e5s vid regelbunden anv\u00e4ndning under minst tre m\u00e5nader.<\/p>\n\n\n\n<p>Sammantaget \u00e4r Miralash ett effektivt balsam som gynnar \u00f6gonfransarnas <b>prestanda<\/b>, deras utseende och tillst\u00e5nd, vilket g\u00f6r dem starkare och mer attraktiva.<\/p>\n\n\n\n<h2 class=\"wp-block-heading\">Miralash &#8211; effekter<\/h2>\n\n\n\n<p>Applicering av Miralash ger synliga effekter redan efter flera veckors regelbunden anv\u00e4ndning. Anv\u00e4ndare pekar p\u00e5 <em>f\u00f6rl\u00e4ngning av<\/em> \u00f6gonfransar och <em>f\u00f6rb\u00e4ttring<\/em> av deras <em>densitet<\/em> p\u00e5 ett betydande s\u00e4tt, vilket tydligt p\u00e5verkar deras \u00f6vergripande utseende. Dessutom bidrar balsamet till att <em>st\u00e4rka<\/em> h\u00e5rets struktur, vilket g\u00f6r det mer flexibelt och l\u00e4ttare att styla.<\/p>\n\n\n\n<p>Det som skiljer Miralash \u00e5t \u00e4r dess f\u00f6rm\u00e5ga att anpassa sig till den enskilda anv\u00e4ndarens behov. M\u00e5nga m\u00e4rker att fransarna blir l\u00e4ngre och m\u00f6rkare efter 3 m\u00e5naders anv\u00e4ndning, vilket g\u00f6r det mycket bekv\u00e4mare och l\u00e4ttare att ta hand om dem dagligen. Systematisk anv\u00e4ndning av balsamet \u00e4r nyckeln till att uppn\u00e5 optimala resultat, s\u00e5 det rekommenderas att g\u00f6ra det till en del av din dagliga grooming-ritual.<\/p>\n\n\n\n<p>Miralash-anv\u00e4ndare uppskattar bekv\u00e4mligheten med applikationen och hastigheten p\u00e5 m\u00e4rkbara resultat. Vissa konsumenter rapporterar dock blandade <b>recensioner<\/b>, vilket indikerar skillnader mellan f\u00f6rv\u00e4ntningar och faktiska resultat. Det \u00e4r v\u00e4rt att notera att <b>\u00e5sikterna<\/b> varierar och <em>resultaten<\/em> kan variera beroende p\u00e5 individuell predisposition och konsistens i produktapplikationen.<\/p>\n\n\n\n<h2 class=\"wp-block-heading\">Hur man anv\u00e4nder Miralash &#8211; Applicerings- och doseringsinstruktioner<\/h2>\n\n\n\n<p>Till\u00e4mpningen av Miralash \u00e4r extremt enkel. F\u00f6r b\u00e4sta resultat finns det n\u00e5gra viktiga regler att f\u00f6lja n\u00e4r det g\u00e4ller applikationsinstruktioner och dosering. Det rekommenderas att applicera balsamet vid basen av de \u00f6vre fransarna. F\u00f6re applicering ska \u00f6gonomr\u00e5det reng\u00f6ras och torkas noggrant.<\/p>\n\n\n\n<p>N\u00e4r huden har f\u00f6rberetts utf\u00f6rs appliceringen b\u00e4st p\u00e5 kv\u00e4llen, vilket m\u00f6jligg\u00f6r optimal absorption av de aktiva ingredienserna. Regelbunden applicering av Miralash b\u00f6r ta cirka 4-5 m\u00e5nader f\u00f6r att b\u00f6rja se de \u00f6nskade resultaten.<\/p>\n\n\n\n<p>Tabellen nedan illustrerar de viktigaste aspekterna av att applicera produkten:<\/p>\n\n\n\n<figure class=\"wp-block-table\"><table class=\"has-fixed-layout\"><tbody><tr><th>Steg<\/th><th>Beskrivning<\/th><th>Anteckningar<\/th><\/tr><tr><td>1<\/td><td>Reng\u00f6r huden runt \u00f6gonen.<\/td><td>Anv\u00e4nd ett milt reng\u00f6ringsmedel.<\/td><\/tr><tr><td>2<\/td><td>Applicera Miralash p\u00e5 de \u00f6vre fransarna.<\/td><td>Anv\u00e4nd en applikator f\u00f6r exakt applicering.<\/td><\/tr><tr><td>3<\/td><td>V\u00e4nta tills produkten har torkat.<\/td><td>Undvik att vidr\u00f6ra \u00f6gonomr\u00e5det.<\/td><\/tr><tr><td>4<\/td><td>Applicera dagligen, helst p\u00e5 kv\u00e4llen.<\/td><td>Regelbundenhet i appliceringen \u00f6kar effektiviteten.<\/td><\/tr><\/tbody><\/table><\/figure>\n\n\n\n<p>Miralash, tack vare sin unika formel, st\u00e4rker och f\u00f6rl\u00e4nger fransarna, vilket g\u00f6r dem tjockare och mer motst\u00e5ndskraftiga. Korrekt <b>dosering<\/b> och anv\u00e4ndning enligt instruktionerna \u00e4r nyckeln till att uppn\u00e5 tillfredsst\u00e4llande resultat.<\/p>\n\n\n\n<h2 class=\"wp-block-heading\">Anv\u00e4ndarupplevelse och Miralash-recensioner &#8211; vad \u00e4r recensionerna?<\/h2>\n\n\n\n<p><b>Recensioner<\/b> om Miralash \u00e4r \u00f6verv\u00e4ldigande positiva. Anv\u00e4ndare delar ofta sina erfarenheter, som v\u00e4cker uppm\u00e4rksamhet p\u00e5 grund av de synliga resultaten. Efter 14 dagars anv\u00e4ndning m\u00e4rker m\u00e5nga kvinnor en f\u00f6rb\u00e4ttring av deras fransars tillst\u00e5nd.<\/p>\n\n\n\n<ul class=\"wp-block-list\">\n<li><blockquote><p><em>Idalia, 28, sa:<\/em> &#8221;Efter att ha anv\u00e4nt Miralash i n\u00e5gra veckor m\u00e4rkte jag en betydande f\u00f6rb\u00e4ttring. Mina fransar har blivit l\u00e4ngre och mjukare. De ser naturliga ut och klumpar inte ihop sig. Effekterna \u00e4r verkligen synliga!&#8221;<\/p><\/blockquote><\/li>\n\n\n\n<li><blockquote><p><em>Mademoiselle Magalene:<\/em> &#8221;Trots mina inledande tvivel best\u00e4mde jag mig f\u00f6r att prova Miralash. Jag kan nu bekr\u00e4fta att effekterna av balsamet \u00e4r fantastiska. \u00d6gonfransarna \u00e4r mer motst\u00e5ndskraftiga mot att falla ut, vilket g\u00f6r en enorm skillnad!&#8221;<\/p><\/blockquote><\/li>\n\n\n\n<li><blockquote><p><em>Kasia, 35 \u00e5r gammal:<\/em> &#8221;Jag kunde inte tro hur mycket tjockare och m\u00f6rkare mina fransar hade blivit. Sedan jag b\u00f6rjade anv\u00e4nda Miralash har mitt sj\u00e4lvf\u00f6rtroende \u00f6kat markant. Jag rekommenderar det varmt!&#8221;<\/p><\/blockquote><\/li>\n<\/ul>\n\n\n\n<p>Unders\u00f6kningsresultaten visar att 67% av kvinnorna m\u00e4rkte av tjockare fransar och 80% upplevde starkare fransar. Dessutom bekr\u00e4ftade 87% av anv\u00e4ndarna en f\u00f6rb\u00e4ttring av fransarnas tillst\u00e5nd efter att ha anv\u00e4nt Miralash. Effekterna av att anv\u00e4nda detta balsam i form av tjockare och l\u00e4ngre fransar har dokumenterats i m\u00e5nga f\u00f6re och efter foton. Miralash sticker ut fr\u00e5n andra produkter i kategorin \u00f6gonfransbalsam, vilket \u00f6vers\u00e4tts till fantastiska recensioner i onlineforum.<\/p>\n\n\n\n<p>Kom ih\u00e5g att Miralash endast \u00e4r tillg\u00e4ngligt fr\u00e5n tillverkarens officiella webbplats, vilket s\u00e4kerst\u00e4ller att ditt k\u00f6p \u00e4r s\u00e4kert. Detta hj\u00e4lper dig att undvika potentiella f\u00f6rfalskningar. Dessutom kan du dra nytta av gratis leverans n\u00e4r du k\u00f6per tv\u00e5 f\u00f6rpackningar. Miralash, n\u00e4r det anv\u00e4nds regelbundet, ger l\u00e5ngvariga resultat med m\u00e4rkbara resultat efter den f\u00f6rsta m\u00e5naden.<\/p>\n\n\n\n<figure class=\"wp-block-table\"><table class=\"has-fixed-layout\"><tbody><tr><th>Statistik<\/th><th>V\u00e4rde<\/th><\/tr><tr><td>Synliga resultat efter<\/td><td>14 dagar<\/td><\/tr><tr><td>F\u00f6rb\u00e4ttring efter anv\u00e4ndning<\/td><td>2 m\u00e5nader<\/td><\/tr><tr><td>Anv\u00e4ndare som m\u00e4rkte tjockare \u00f6gonfransar<\/td><td>67%<\/td><\/tr><tr><td>Anv\u00e4ndare med starkare fransar<\/td><td>80%<\/td><\/tr><tr><td>Av kvinnorna som har m\u00e4rkt en f\u00f6rb\u00e4ttring av sina \u00f6gonfransars tillst\u00e5nd<\/td><td>87%<\/td><\/tr><\/tbody><\/table><\/figure>\n\n\n\n<h2 class=\"wp-block-heading\">Miralash &#8211; Sammans\u00e4ttning &#8211; Analys av ingredienser<\/h2>\n\n\n\n<p>Miralash \u00e4r ett innovativt \u00f6gonfransbalsam, <em>sammans\u00e4ttningen av Miralash<\/em> \u00e4r baserad p\u00e5 noggrant utvalda <em>aktiva ingredienser<\/em>. Bland dem finns naturliga extrakt, s\u00e5som ginseng och n\u00e4ssla, som inte bara fr\u00e4mjar tillv\u00e4xten av \u00f6gonfransar utan ocks\u00e5 har en skyddande effekt p\u00e5 den k\u00e4nsliga huden runt \u00f6gonen. Tack vare dessa egenskaper \u00e4r Miralash l\u00e4mplig \u00e4ven f\u00f6r personer med k\u00e4nsliga \u00f6gon.<\/p>\n\n\n\n<p>Forskning och <em>analys av ingredienserna<\/em> indikerar dess s\u00e4kerhet och h\u00f6ga effektivitet. Anv\u00e4ndare kan m\u00e4rka de f\u00f6rsta effekterna efter bara 14 dagars anv\u00e4ndning. \u00d6gonfransarna \u00f6kar intensivt i l\u00e4ngd, densitet och motst\u00e5ndskraft, vilket bekr\u00e4ftas av data fr\u00e5n en unders\u00f6kning av anv\u00e4ndare. S\u00e5 m\u00e5nga som 87% av kvinnorna m\u00e4rkte <b>en f\u00f6rl\u00e4ngning av<\/b> sina fransar efter 30 dagar, och effekterna av en fullst\u00e4ndig behandling som varar i 4 m\u00e5nader inkluderar ocks\u00e5 en betydande f\u00f6rb\u00e4ttring av densiteten.<\/p>\n\n\n\n<figure class=\"wp-block-table\"><table class=\"has-fixed-layout\"><tbody><tr><th>Ingrediens<\/th><th>Verkan<\/th><\/tr><tr><td>Panthenol<\/td><td>\u00c5terfuktar och mjukg\u00f6r fransarna och f\u00f6rb\u00e4ttrar deras tillst\u00e5nd.<\/td><\/tr><tr><td>Biotin tripeptid-1<\/td><td>Fr\u00e4mjar \u00f6gonfransarnas tillv\u00e4xt och f\u00f6rnyelse.<\/td><\/tr><tr><td>Ginseng-extrakt<\/td><td>Stimulerar mikrocirkulationen, vilket fr\u00e4mjar tillv\u00e4xten av \u00f6gonfransar.<\/td><\/tr><tr><td>Extrakt av n\u00e4ssla<\/td><td>St\u00e4rker och ger n\u00e4ring \u00e5t \u00f6gonfransarna och f\u00f6rhindrar att de faller ut.<\/td><\/tr><\/tbody><\/table><\/figure>\n\n\n\n<p>Produkten \u00e4r skonsam mot hud och \u00f6gon och dess unika kombination av <em>aktiva ingredienser<\/em> g\u00f6r att m\u00e5nga f\u00f6redrar den i sin dagliga hudv\u00e5rdsritual. Anv\u00e4ndarerfarenheten visar att Miralash inte har n\u00e5gra biverkningar, vilket g\u00f6r det till ett s\u00e4kert val f\u00f6r alla som vill f\u00f6rl\u00e4nga och f\u00f6rtjocka sina fransar p\u00e5 ett naturligt s\u00e4tt.<\/p>\n\n\n\n<h2 class=\"wp-block-heading\">Var kan jag k\u00f6pa och vad kostar Miralash?<\/h2>\n\n\n\n<p>Miralash \u00e4r endast tillg\u00e4ngligt fr\u00e5n <em>tillverkarens officiella webbplats.<\/em> Denna ink\u00f6psmetod s\u00e4kerst\u00e4ller produktens originalitet och h\u00f6ga kvalitet, vilket \u00e4r oerh\u00f6rt viktigt i samband med kosmetika f\u00f6r \u00f6gonfransv\u00e5rd. Det \u00e4r v\u00e4rt att komma ih\u00e5g att den h\u00e4r produkten inte finns tillg\u00e4nglig p\u00e5 station\u00e4ra apotek, vilket betonar behovet av att k\u00f6pa direkt fr\u00e5n en officiell k\u00e4lla.<\/p>\n\n\n\n<p>N\u00e4r det g\u00e4ller <em>priset p\u00e5 Miralash<\/em> beror k\u00f6palternativet ofta p\u00e5 aktuella kampanjer. Tillverkaren lovar synliga resultat efter bara 30 dagars anv\u00e4ndning, och den fulla effekten kan uppn\u00e5s efter tre m\u00e5nader. Regelbunden anv\u00e4ndning av balsam, som rekommenderas p\u00e5 kv\u00e4llen, ger <b>f\u00f6rl\u00e4ngning<\/b>, f\u00f6rtjockning och f\u00f6rtjockning av \u00f6gonfransarna. Dessa typer av effekter g\u00f6r Miralash till ett kraftfullt verktyg f\u00f6r dem som vill f\u00f6rb\u00e4ttra utseendet p\u00e5 sina fransar.<\/p>\n\n\n\n<p>Var noga med att bes\u00f6ka <em>tillverkarens officiella webbplats<\/em> regelbundet, eftersom priserna kan \u00e4ndras beroende p\u00e5 aktuella erbjudanden. Inte bara kan du spara pengar, men du kan ocks\u00e5 vara s\u00e4ker p\u00e5 att den produkt du k\u00f6per \u00e4r \u00e4kta och effektiv.<\/p>\n\n\n\n<h2 class=\"wp-block-heading\">Miralash &#8211; Potentiella biverkningar och kontraindikationer att anv\u00e4nda<\/h2>\n\n\n\n<p>Miralash, trots sin bepr\u00f6vade s\u00e4kerhet f\u00f6r anv\u00e4ndning, kan orsaka vissa <b>biverkningar<\/b> hos vissa anv\u00e4ndare. Studier har visat att produkten i allm\u00e4nhet tolereras v\u00e4l, men extrem f\u00f6rsiktighet rekommenderas. Personer som \u00e4r k\u00e4nsliga f\u00f6r de <b>aktiva ingredienserna<\/b> i kosmetikan kan uppleva lokal irritation, som yttrar sig som rodnad eller en br\u00e4nnande k\u00e4nsla.<\/p>\n\n\n\n<p>Dessutom finns det breda <b>kontraindikationer<\/b> f\u00f6r anv\u00e4ndningen av Miralash. Det rekommenderas inte f\u00f6r gravida kvinnor och ammande m\u00f6drar, eftersom effekterna av de aktiva substanserna p\u00e5 den v\u00e4xande kroppen och det nyf\u00f6dda barnet fortfarande \u00e4r ok\u00e4nda. Personer som genomg\u00e5r kemoterapi eller med \u00f6gonrelaterade h\u00e4lsoproblem b\u00f6r inte heller anv\u00e4nda denna produkt utan att r\u00e5dfr\u00e5ga sin l\u00e4kare.<\/p>\n\n\n\n<p>F\u00f6r att garantera maximal <b>s\u00e4kerhet vid anv\u00e4ndning<\/b> \u00e4r det viktigt att f\u00f6lja tillverkarens rekommendationer f\u00f6r dosering och applicering. Om n\u00e5gra biverkningar uppst\u00e5r rekommenderas det starkt att avbryta anv\u00e4ndningen av Miralash och konsultera en l\u00e4mplig professionell. Anv\u00e4ndare b\u00f6r vara medvetna om att deras erfarenheter kan variera och det \u00e4r tillr\u00e5dligt att konsultera en specialist innan behandlingen p\u00e5b\u00f6rjas.<\/p>\n","protected":false},"excerpt":{"rendered":"<p><strong>[date_countdown]<\/strong><\/p>\n<p><img decoding=\"async\" class=\"alignnone wp-image-12507\" src=\"https:\/\/www.vardcentralenhjartatsolna.se\/farmaci\/wp-content\/uploads\/2024\/11\/SAFE-PAY-300x88-1.png\" alt=\"SAFE-PAY-300x88\" width=\"201\" height=\"59\" \/><\/p>\n","protected":false},"featured_media":11907,"comment_status":"open","ping_status":"closed","template":"","meta":{"neve_meta_sidebar":"","neve_meta_container":"","neve_meta_enable_content_width":"","neve_meta_content_width":0,"neve_meta_title_alignment":"","neve_meta_author_avatar":"","neve_post_elements_order":"","neve_meta_disable_header":"","neve_meta_disable_footer":"","neve_meta_disable_title":"","neve_meta_reading_time":""},"product_brand":[],"product_cat":[566],"product_tag":[],"class_list":{"0":"post-12394","1":"product","2":"type-product","3":"status-publish","4":"has-post-thumbnail","6":"product_cat-skonhet","8":"first","9":"instock","10":"sale","11":"shipping-taxable","12":"product-type-external"},"yoast_head":"<!-- This site is optimized with the Yoast SEO plugin v27.4 - https:\/\/yoast.com\/product\/yoast-seo-wordpress\/ -->\n<title>Miralash - Recension, Pris, Effekter, Apotek, Forum | -50%<\/title>\n<meta name=\"robots\" content=\"index, follow, max-snippet:-1, max-image-preview:large, max-video-preview:-1\" \/>\n<link rel=\"canonical\" href=\"https:\/\/www.vardcentralenhjartatsolna.se\/farmaci\/apt\/miralash\/\" \/>\n<meta property=\"og:locale\" content=\"sv_SE\" \/>\n<meta property=\"og:type\" content=\"article\" \/>\n<meta property=\"og:title\" content=\"Miralash - Recension, Pris, Effekter, Apotek, Forum | -50%\" \/>\n<meta property=\"og:url\" content=\"https:\/\/www.vardcentralenhjartatsolna.se\/farmaci\/apt\/miralash\/\" \/>\n<meta property=\"og:site_name\" content=\"Vardcentralenhjartatsolna\" \/>\n<meta property=\"article:modified_time\" content=\"2024-11-15T16:09:36+00:00\" \/>\n<meta property=\"og:image\" content=\"https:\/\/www.vardcentralenhjartatsolna.se\/farmaci\/wp-content\/uploads\/2024\/11\/Miralash.jpg\" \/>\n\t<meta property=\"og:image:width\" content=\"768\" \/>\n\t<meta property=\"og:image:height\" content=\"768\" \/>\n\t<meta property=\"og:image:type\" content=\"image\/jpeg\" \/>\n<meta name=\"twitter:card\" content=\"summary_large_image\" \/>\n<meta name=\"twitter:description\" content=\"[date_countdown]\" \/>\n<meta name=\"twitter:label1\" content=\"Ber\u00e4knad l\u00e4stid\" \/>\n\t<meta name=\"twitter:data1\" content=\"1 minut\" \/>\n<script type=\"application\/ld+json\" class=\"yoast-schema-graph\">{\"@context\":\"https:\\\/\\\/schema.org\",\"@graph\":[{\"@type\":\"WebPage\",\"@id\":\"https:\\\/\\\/www.vardcentralenhjartatsolna.se\\\/farmaci\\\/apt\\\/miralash\\\/\",\"url\":\"https:\\\/\\\/www.vardcentralenhjartatsolna.se\\\/farmaci\\\/apt\\\/miralash\\\/\",\"name\":\"Miralash - Recension, Pris, Effekter, Apotek, Forum | -50%\",\"isPartOf\":{\"@id\":\"https:\\\/\\\/www.vardcentralenhjartatsolna.se\\\/farmaci\\\/#website\"},\"primaryImageOfPage\":{\"@id\":\"https:\\\/\\\/www.vardcentralenhjartatsolna.se\\\/farmaci\\\/apt\\\/miralash\\\/#primaryimage\"},\"image\":{\"@id\":\"https:\\\/\\\/www.vardcentralenhjartatsolna.se\\\/farmaci\\\/apt\\\/miralash\\\/#primaryimage\"},\"thumbnailUrl\":\"https:\\\/\\\/www.vardcentralenhjartatsolna.se\\\/farmaci\\\/wp-content\\\/uploads\\\/2024\\\/11\\\/Miralash.jpg\",\"datePublished\":\"2024-11-09T14:08:16+00:00\",\"dateModified\":\"2024-11-15T16:09:36+00:00\",\"breadcrumb\":{\"@id\":\"https:\\\/\\\/www.vardcentralenhjartatsolna.se\\\/farmaci\\\/apt\\\/miralash\\\/#breadcrumb\"},\"inLanguage\":\"sv-SE\",\"potentialAction\":[{\"@type\":\"ReadAction\",\"target\":[\"https:\\\/\\\/www.vardcentralenhjartatsolna.se\\\/farmaci\\\/apt\\\/miralash\\\/\"]}]},{\"@type\":\"ImageObject\",\"inLanguage\":\"sv-SE\",\"@id\":\"https:\\\/\\\/www.vardcentralenhjartatsolna.se\\\/farmaci\\\/apt\\\/miralash\\\/#primaryimage\",\"url\":\"https:\\\/\\\/www.vardcentralenhjartatsolna.se\\\/farmaci\\\/wp-content\\\/uploads\\\/2024\\\/11\\\/Miralash.jpg\",\"contentUrl\":\"https:\\\/\\\/www.vardcentralenhjartatsolna.se\\\/farmaci\\\/wp-content\\\/uploads\\\/2024\\\/11\\\/Miralash.jpg\",\"width\":768,\"height\":768},{\"@type\":\"BreadcrumbList\",\"@id\":\"https:\\\/\\\/www.vardcentralenhjartatsolna.se\\\/farmaci\\\/apt\\\/miralash\\\/#breadcrumb\",\"itemListElement\":[{\"@type\":\"ListItem\",\"position\":1,\"name\":\"Strona g\u0142\u00f3wna\",\"item\":\"https:\\\/\\\/www.vardcentralenhjartatsolna.se\\\/farmaci\\\/\"},{\"@type\":\"ListItem\",\"position\":2,\"name\":\"Produkte\",\"item\":\"https:\\\/\\\/www.vardcentralenhjartatsolna.se\\\/farmaci\\\/\"},{\"@type\":\"ListItem\",\"position\":3,\"name\":\"Miralash\"}]},{\"@type\":\"WebSite\",\"@id\":\"https:\\\/\\\/www.vardcentralenhjartatsolna.se\\\/farmaci\\\/#website\",\"url\":\"https:\\\/\\\/www.vardcentralenhjartatsolna.se\\\/farmaci\\\/\",\"name\":\"Vardcentralenhjartatsolna\",\"description\":\"\",\"potentialAction\":[{\"@type\":\"SearchAction\",\"target\":{\"@type\":\"EntryPoint\",\"urlTemplate\":\"https:\\\/\\\/www.vardcentralenhjartatsolna.se\\\/farmaci\\\/?s={search_term_string}\"},\"query-input\":{\"@type\":\"PropertyValueSpecification\",\"valueRequired\":true,\"valueName\":\"search_term_string\"}}],\"inLanguage\":\"sv-SE\"}]}<\/script>\n<!-- \/ Yoast SEO plugin. -->","yoast_head_json":{"title":"Miralash - Recension, Pris, Effekter, Apotek, Forum | -50%","robots":{"index":"index","follow":"follow","max-snippet":"max-snippet:-1","max-image-preview":"max-image-preview:large","max-video-preview":"max-video-preview:-1"},"canonical":"https:\/\/www.vardcentralenhjartatsolna.se\/farmaci\/apt\/miralash\/","og_locale":"sv_SE","og_type":"article","og_title":"Miralash - Recension, Pris, Effekter, Apotek, Forum | -50%","og_url":"https:\/\/www.vardcentralenhjartatsolna.se\/farmaci\/apt\/miralash\/","og_site_name":"Vardcentralenhjartatsolna","article_modified_time":"2024-11-15T16:09:36+00:00","og_image":[{"width":768,"height":768,"url":"https:\/\/www.vardcentralenhjartatsolna.se\/farmaci\/wp-content\/uploads\/2024\/11\/Miralash.jpg","type":"image\/jpeg"}],"twitter_card":"summary_large_image","twitter_description":"[date_countdown]","twitter_misc":{"Ber\u00e4knad l\u00e4stid":"1 minut"},"schema":{"@context":"https:\/\/schema.org","@graph":[{"@type":"WebPage","@id":"https:\/\/www.vardcentralenhjartatsolna.se\/farmaci\/apt\/miralash\/","url":"https:\/\/www.vardcentralenhjartatsolna.se\/farmaci\/apt\/miralash\/","name":"Miralash - Recension, Pris, Effekter, Apotek, Forum | -50%","isPartOf":{"@id":"https:\/\/www.vardcentralenhjartatsolna.se\/farmaci\/#website"},"primaryImageOfPage":{"@id":"https:\/\/www.vardcentralenhjartatsolna.se\/farmaci\/apt\/miralash\/#primaryimage"},"image":{"@id":"https:\/\/www.vardcentralenhjartatsolna.se\/farmaci\/apt\/miralash\/#primaryimage"},"thumbnailUrl":"https:\/\/www.vardcentralenhjartatsolna.se\/farmaci\/wp-content\/uploads\/2024\/11\/Miralash.jpg","datePublished":"2024-11-09T14:08:16+00:00","dateModified":"2024-11-15T16:09:36+00:00","breadcrumb":{"@id":"https:\/\/www.vardcentralenhjartatsolna.se\/farmaci\/apt\/miralash\/#breadcrumb"},"inLanguage":"sv-SE","potentialAction":[{"@type":"ReadAction","target":["https:\/\/www.vardcentralenhjartatsolna.se\/farmaci\/apt\/miralash\/"]}]},{"@type":"ImageObject","inLanguage":"sv-SE","@id":"https:\/\/www.vardcentralenhjartatsolna.se\/farmaci\/apt\/miralash\/#primaryimage","url":"https:\/\/www.vardcentralenhjartatsolna.se\/farmaci\/wp-content\/uploads\/2024\/11\/Miralash.jpg","contentUrl":"https:\/\/www.vardcentralenhjartatsolna.se\/farmaci\/wp-content\/uploads\/2024\/11\/Miralash.jpg","width":768,"height":768},{"@type":"BreadcrumbList","@id":"https:\/\/www.vardcentralenhjartatsolna.se\/farmaci\/apt\/miralash\/#breadcrumb","itemListElement":[{"@type":"ListItem","position":1,"name":"Strona g\u0142\u00f3wna","item":"https:\/\/www.vardcentralenhjartatsolna.se\/farmaci\/"},{"@type":"ListItem","position":2,"name":"Produkte","item":"https:\/\/www.vardcentralenhjartatsolna.se\/farmaci\/"},{"@type":"ListItem","position":3,"name":"Miralash"}]},{"@type":"WebSite","@id":"https:\/\/www.vardcentralenhjartatsolna.se\/farmaci\/#website","url":"https:\/\/www.vardcentralenhjartatsolna.se\/farmaci\/","name":"Vardcentralenhjartatsolna","description":"","potentialAction":[{"@type":"SearchAction","target":{"@type":"EntryPoint","urlTemplate":"https:\/\/www.vardcentralenhjartatsolna.se\/farmaci\/?s={search_term_string}"},"query-input":{"@type":"PropertyValueSpecification","valueRequired":true,"valueName":"search_term_string"}}],"inLanguage":"sv-SE"}]}},"_links":{"self":[{"href":"https:\/\/www.vardcentralenhjartatsolna.se\/farmaci\/wp-json\/wp\/v2\/product\/12394","targetHints":{"allow":["GET"]}}],"collection":[{"href":"https:\/\/www.vardcentralenhjartatsolna.se\/farmaci\/wp-json\/wp\/v2\/product"}],"about":[{"href":"https:\/\/www.vardcentralenhjartatsolna.se\/farmaci\/wp-json\/wp\/v2\/types\/product"}],"replies":[{"embeddable":true,"href":"https:\/\/www.vardcentralenhjartatsolna.se\/farmaci\/wp-json\/wp\/v2\/comments?post=12394"}],"wp:featuredmedia":[{"embeddable":true,"href":"https:\/\/www.vardcentralenhjartatsolna.se\/farmaci\/wp-json\/wp\/v2\/media\/11907"}],"wp:attachment":[{"href":"https:\/\/www.vardcentralenhjartatsolna.se\/farmaci\/wp-json\/wp\/v2\/media?parent=12394"}],"wp:term":[{"taxonomy":"product_brand","embeddable":true,"href":"https:\/\/www.vardcentralenhjartatsolna.se\/farmaci\/wp-json\/wp\/v2\/product_brand?post=12394"},{"taxonomy":"product_cat","embeddable":true,"href":"https:\/\/www.vardcentralenhjartatsolna.se\/farmaci\/wp-json\/wp\/v2\/product_cat?post=12394"},{"taxonomy":"product_tag","embeddable":true,"href":"https:\/\/www.vardcentralenhjartatsolna.se\/farmaci\/wp-json\/wp\/v2\/product_tag?post=12394"}],"curies":[{"name":"wp","href":"https:\/\/api.w.org\/{rel}","templated":true}]}}