{"id":12386,"date":"2024-11-09T15:08:14","date_gmt":"2024-11-09T14:08:14","guid":{"rendered":"https:\/\/blodsjukdom.se\/farmaci\/apt\/cellinea\/"},"modified":"2024-11-15T13:52:59","modified_gmt":"2024-11-15T12:52:59","slug":"cellinea","status":"publish","type":"product","link":"https:\/\/www.vardcentralenhjartatsolna.se\/farmaci\/apt\/cellinea\/","title":{"rendered":"Cellinea"},"content":{"rendered":"\n<h2 class=\"wp-block-heading\">Vad \u00e4r Cellinea och hur fungerar det?<\/h2>\n\n\n\n<p><b>Cellinea<\/b> \u00e4r ett naturligt <b>kosttillskott<\/b> i form av kapslar. Det \u00e4r utformat f\u00f6r att hj\u00e4lpa till att eliminera symtomen p\u00e5 celluliter och f\u00f6rb\u00e4ttra hudkvaliteten. Dess <em>verkan<\/em> baseras p\u00e5 ett antal aktiva ingredienser som st\u00f6der kroppens funktion i kampen mot celluliter.<\/p>\n\n\n\n<p>Som ett resultat blir huden fastare och mer elastisk samt b\u00e4ttre \u00e5terfuktad genom stimulering av kollagen- och elastinproduktionen. <em>Cellinea<\/em> arbetar huvudsakligen inifr\u00e5n och ut, vilket inneb\u00e4r att effekten kan ses efter bara tv\u00e5 veckors anv\u00e4ndning.<\/p>\n\n\n\n<p><strong>Produktbetyg<\/strong>: Cellinea har ett utm\u00e4rkt betyg p\u00e5 4,95 av 5 stj\u00e4rnor i anv\u00e4ndarrecensioner, vilket bekr\u00e4ftar dess <b>effektivitet<\/b> som ett <em>kosttillskott<\/em> f\u00f6r att bek\u00e4mpa celluliter.<\/p>\n\n\n\n<h2 class=\"wp-block-heading\">Cellinea &#8211; effekter<\/h2>\n\n\n\n<p>Cellinea ger m\u00e4rkbara <b>resultat<\/b> p\u00e5 s\u00e5 lite som fem dagar, men det kan ta upp till \u00e5tta veckor att helt utrota celluliter. Tack vare ingredienser som gr\u00f6nt te-extrakt och l-karnitin hj\u00e4lper Cellinea till att f\u00f6rb\u00e4ttra hudens tillst\u00e5nd och minska uppkomsten av celluliter. M\u00e5nga m\u00e4nniskor som har valt detta till\u00e4gg f\u00f6rkunnar positiv <em>feedback<\/em>, vilket indikerar en signifikant f\u00f6rb\u00e4ttring av hudens fasthet.<\/p>\n\n\n\n<p>Regelbunden <b>anv\u00e4ndning av<\/b> Cellinei, i kombination med en riktig diet och fysisk aktivitet, ger l\u00e5ngvariga resultat. D\u00e4rf\u00f6r kan m\u00e5nga m\u00e4nniskor som v\u00e4ljer att ta detta till\u00e4gg njuta av inte bara ett b\u00e4ttre utseende utan ocks\u00e5 en \u00f6kning av sj\u00e4lvf\u00f6rtroendet. Vetenskapliga studier har bekr\u00e4ftat Cellineas <b>effektivitet<\/b>, vilket g\u00f6r denna produkt konkurrenskraftig p\u00e5 marknaden.<\/p>\n\n\n\n<p><b>Anv\u00e4ndarrecensioner<\/b> betonar tydligt att <b>effekterna av<\/b> Cellinea \u00e4r tillfredsst\u00e4llande. Med korrekt anv\u00e4ndning av till\u00e4gget \u00e4r det m\u00f6jligt att uppn\u00e5 l\u00e5ngvariga resultat i kampen mot celluliter. Detta gl\u00e4djer inte bara de som k\u00e4mpar med detta problem utan ocks\u00e5 de som vill st\u00f6dja hudens h\u00e4lsa.<\/p>\n\n\n\n<h2 class=\"wp-block-heading\">Hur man anv\u00e4nder Cellinea? &#8211; Dosering<\/h2>\n\n\n\n<p>R\u00e4tt <b>dosering av<\/b> Cellinea \u00e4r avg\u00f6rande f\u00f6r att uppn\u00e5 tillfredsst\u00e4llande resultat. Det rekommenderas att ta <em>Cellinea<\/em> en till tv\u00e5 kapslar dagligen. Det \u00e4r optimalt att ta produkten under frukosten f\u00f6r dem med en stillasittande livsstil. F\u00f6r de som \u00e4r mer aktiva skulle det vara mer effektivt att ta dosen 30 minuter f\u00f6re fysisk aktivitet.<\/p>\n\n\n\n<p>F\u00f6r b\u00e4sta resultat rekommenderas att du <b>tar<\/b> tillskottet i fyra veckor. Det \u00e4r viktigt att notera att hoppa \u00f6ver en dos kan p\u00e5verka uppn\u00e5endet av f\u00f6rv\u00e4ntade resultat. Det \u00e4r viktigt att <em>anv\u00e4nda<\/em> Cellinei regelbundet, vilket i sin tur inte borde vara sv\u00e5rt med tanke p\u00e5 att effekterna kan vara synliga efter bara 14-16 dagars behandling.<\/p>\n\n\n\n<p>Alternativet att \u00f6ka dosen till tv\u00e5 kapslar per dag \u00e4r tillg\u00e4ngligt f\u00f6r st\u00f6rre cellulitproblem. Till\u00e4gget fungerar synergistiskt med en riktig diet och m\u00e5ttlig tr\u00e4ning. Den genomsnittliga tiden efter vilken anv\u00e4ndare m\u00e4rker resultat \u00e4r flera veckor, vilket g\u00f6r det till en anm\u00e4rkningsv\u00e4rd l\u00f6sning i kampen mot celluliter.<\/p>\n\n\n\n<h2 class=\"wp-block-heading\">Recensioner och \u00e5sikter om Cellinea<\/h2>\n\n\n\n<p><b>Recensioner<\/b> om Cellinea \u00e4r i allm\u00e4nhet positiva, vilket tyder p\u00e5 den h\u00f6ga <b>effektiviteten<\/b> hos detta kosttillskott. Anv\u00e4ndare lyfter ofta fram de synliga effekterna och bristen p\u00e5 biverkningar.<\/p>\n\n\n\n<blockquote class=\"wp-block-quote is-layout-flow wp-block-quote-is-layout-flow\">\n<p><em>Marta<\/em>: &#8221;Jag best\u00e4mde mig f\u00f6r att ta Cellinea efter en l\u00e5ng s\u00f6kning efter en effektiv behandling f\u00f6r <b>celluliter<\/b>. Regelbunden anv\u00e4ndning har gett mig synliga resultat &#8211; min hud har blivit sl\u00e4t och <b>celluliterna<\/b> f\u00f6rsvinner. Efter tv\u00e5 m\u00e5naders anv\u00e4ndning \u00e4r jag glad att kunna b\u00e4ra korta shorts!&#8221;<\/p>\n<\/blockquote>\n\n\n\n<blockquote class=\"wp-block-quote is-layout-flow wp-block-quote-is-layout-flow\">\n<p><em>Agnieszka<\/em>: &#8221;Jag har alltid haft problem med celluliter, men Cellinea har visat sig vara min r\u00e4ddning. F\u00f6rutom de synliga resultaten \u00e4r jag glad \u00f6ver att jag inte har upplevt n\u00e5gra biverkningar. Till\u00e4gget \u00e4r ocks\u00e5 mycket l\u00e4tt att anv\u00e4nda.&#8221;<\/p>\n<\/blockquote>\n\n\n\n<blockquote class=\"wp-block-quote is-layout-flow wp-block-quote-is-layout-flow\">\n<p><em>Karolina<\/em>: &#8221;Jag var tveksam till om <b>ett kosttillskott<\/b> kunde hj\u00e4lpa, men efter att ha l\u00e4st bra recensioner best\u00e4mde jag mig f\u00f6r att prova. Mina farh\u00e5gor visade sig vara obefogade eftersom Cellinea har f\u00f6rb\u00e4ttrat min huds tillst\u00e5nd avsev\u00e4rt!&#8221;<\/p>\n<\/blockquote>\n\n\n\n<p>Recensioner<b>fr\u00e5n<\/b> kvinnliga konsumenter visar p\u00e5 Cellineas v\u00e4xande popularitet som en effektiv formulering i kampen mot celluliter. Den naturliga <b>sammans\u00e4ttningen<\/b> och de positiva <b>recensionerna<\/b> ger en bild av en produkt som vinner anv\u00e4ndarnas f\u00f6rtroende. Vid regelbunden anv\u00e4ndning m\u00e4rks effekterna snabbt, vilket har en positiv effekt p\u00e5 kvinnors sj\u00e4lvf\u00f6rtroende.<\/p>\n\n\n\n<h2 class=\"wp-block-heading\">Cellinea &#8211; sammans\u00e4ttning<\/h2>\n\n\n\n<p>Cellinea \u00e4r ett kosttillskott baserat p\u00e5 <em>naturliga ingredienser<\/em> som effektivt st\u00f6der kampen mot celluliter. Cellinea \u00e4r ett kosttillskott baserat p\u00e5 naturliga ingredienser som \u00e4r effektiva i kampen mot celluliter:<\/p>\n\n\n\n<ul class=\"wp-block-list\">\n<li>extrakt av gr\u00f6nt te<\/li>\n\n\n\n<li>l-karnitin<\/li>\n\n\n\n<li>sojab\u00f6nolja<\/li>\n\n\n\n<li>cLA komprimerad linolsyra<\/li>\n<\/ul>\n\n\n\n<p>Dessa <em>naturliga ingredienser<\/em> har v\u00e4tskedrivande egenskaper, vilket p\u00e5skyndar \u00e4mnesoms\u00e4ttningen. Dessutom st\u00f6der de avl\u00e4gsnandet av toxiner fr\u00e5n kroppen. Hake-extrakt stimulerar nedbrytningen av fettceller och f\u00f6rb\u00e4ttrar ocks\u00e5 blodcirkulationen, vilket tillsammans bidrar till minskningen av celluliter efter tre m\u00e5naders anv\u00e4ndning.<\/p>\n\n\n\n<p>Vetenskapliga studier visar att effekterna av Cellinea \u00e4r synliga efter bara fem dagar, vilket g\u00f6r det till en av de mer effektiva l\u00f6sningarna p\u00e5 marknaden. Konsumenterna ber\u00f6mmer ocks\u00e5 de l\u00e5ngvariga resultaten efter behandlingen, och produktens <b>sammans\u00e4ttning<\/b>, baserad p\u00e5 <em>naturliga ingredienser<\/em>, \u00f6kar k\u00e4nslan av s\u00e4kerhet n\u00e4r du anv\u00e4nder den. Det \u00e4r v\u00e4rt att notera att r\u00e4tt <b>dosering<\/b> minimerar risken f\u00f6r biverkningar, vilket bekr\u00e4ftas av studier.<\/p>\n\n\n\n<p>H\u00e4r \u00e4r en sammanfattning av Cellineas <em>sammans\u00e4ttning<\/em>:<\/p>\n\n\n\n<figure class=\"wp-block-table\"><table class=\"has-fixed-layout\"><tbody><tr><th>Ingrediens<\/th><th>Egenskaper<\/th><\/tr><tr><td>Extrakt av gr\u00f6nt te<\/td><td>St\u00f6djer \u00e4mnesoms\u00e4ttningen, har antioxidativa effekter<\/td><\/tr><tr><td>L-karnitin<\/td><td>P\u00e5skyndar fettf\u00f6rbr\u00e4nningen<\/td><\/tr><tr><td>Sojab\u00f6nolja<\/td><td>\u00c5terfuktande effekt, f\u00f6rb\u00e4ttrar hudens tillst\u00e5nd<\/td><\/tr><tr><td>Komprimerad linolsyra (CLA)<\/td><td>Minskar kroppsfett, f\u00f6rb\u00e4ttrar \u00e4mnesoms\u00e4ttningen<\/td><\/tr><\/tbody><\/table><\/figure>\n\n\n\n<p>Cellinea sticker ut p\u00e5 marknaden som en produkt baserad p\u00e5 <em>naturliga ingredienser<\/em>, vilket uppm\u00e4rksammas av m\u00e5nga konsumenter. N\u00e4r den anv\u00e4nds p\u00e5 r\u00e4tt s\u00e4tt kan den ge tillfredsst\u00e4llande resultat och rekommenderas g\u00e4rna av dem som har haft m\u00f6jlighet att prova den.<\/p>\n\n\n\n<h2 class=\"wp-block-heading\">Var man kan k\u00f6pa och hur mycket kostar Cellinea &#8211; pris<\/h2>\n\n\n\n<p>Kosttillskottet <em>Cellinea<\/em> kan endast k\u00f6pas fr\u00e5n <em>tillverkarens officiella webbplats.<\/em> Detta s\u00e4tt att k\u00f6pa s\u00e4kerst\u00e4ller att kunderna f\u00e5r originalprodukten, vilket eliminerar risken f\u00f6r att k\u00f6pa en f\u00f6rfalskning. Det finns inte tillg\u00e4ngligt p\u00e5 marknaden i tegel- och murbrukapotek eller p\u00e5 popul\u00e4ra e-handelsplattformar.<\/p>\n\n\n\n<p><b>Priset<\/b> p\u00e5 <em>Cellinea<\/em> beror p\u00e5 aktuella kampanjer som tillverkaren regelbundet lanserar. Det \u00e4r tillr\u00e5dligt att f\u00f6lja <em>tillverkarens officiella webbplats<\/em> f\u00f6r information om aktuella rabatter och specialerbjudanden. Tack vare dessa kampanjer kan du k\u00f6pa <em>Cellinea<\/em> inte bara spara pengar utan ocks\u00e5 \u00f6ka din m\u00f6jlighet att testa detta effektiva cellulitmedel utan att oroa dig f\u00f6r att spendera f\u00f6r mycket.<\/p>\n\n\n\n<h2 class=\"wp-block-heading\">Cellinea &#8211; Biverkningar och kontraindikationer<\/h2>\n\n\n\n<p>Majoriteten av Cellinea anv\u00e4ndare rapporterar inte n\u00e5gra signifikanta biverkningar n\u00e4r de anv\u00e4nder produkten. Det \u00e4r dock v\u00e4rt att komma ih\u00e5g att varje person \u00e4r annorlunda och i vissa fall kan allergiska reaktioner uppst\u00e5, s\u00e4rskilt hos dem med intolerans mot ingredienserna i formeln. Av denna anledning \u00e4r det l\u00e4mpligt att l\u00e4sa bipacksedeln noggrant och r\u00e5dfr\u00e5ga din l\u00e4kare innan du p\u00e5b\u00f6rjar behandlingen, s\u00e4rskilt om du har ett befintligt medicinskt tillst\u00e5nd eller allergi.<\/p>\n\n\n\n<p>Cellinea \u00e4r inte avsett f\u00f6r gravida eller ammande kvinnor, s\u00e5vida inte en l\u00e4kare beslutar n\u00e5got annat. Alla personer under 18 \u00e5r, inklusive flickor under 12 \u00e5r, b\u00f6r undvika att anv\u00e4nda detta tillskott. Det \u00e4r viktigt att f\u00f6lja tillverkarens doseringsrekommendationer &#8211; \u00f6verskrid inte den maximala dosen p\u00e5 2 tabletter per dag f\u00f6r att minimera eventuella <b>kontraindikationer<\/b>.<\/p>\n\n\n\n<p>Kom ih\u00e5g att anv\u00e4ndningen av kosttillskott som Cellinea alltid b\u00f6r ske med f\u00f6rsiktighet. F\u00f6rlitandet p\u00e5 <b>naturliga ingredienser<\/b>, s\u00e5som extrakt av \u00e5kerfr\u00e4ken och gr\u00f6nt te, g\u00f6r det till ett relativt s\u00e4kert val, men varje person b\u00f6r prioritera sina individuella h\u00e4lsotillst\u00e5nd.<\/p>\n","protected":false},"excerpt":{"rendered":"<p><strong>[date_countdown]<\/strong><\/p>\n<p><img decoding=\"async\" class=\"alignnone wp-image-12507\" src=\"https:\/\/www.vardcentralenhjartatsolna.se\/farmaci\/wp-content\/uploads\/2024\/11\/SAFE-PAY-300x88-1.png\" alt=\"SAFE-PAY-300x88\" width=\"201\" height=\"59\" \/><\/p>\n","protected":false},"featured_media":11889,"comment_status":"open","ping_status":"closed","template":"","meta":{"neve_meta_sidebar":"","neve_meta_container":"","neve_meta_enable_content_width":"","neve_meta_content_width":0,"neve_meta_title_alignment":"","neve_meta_author_avatar":"","neve_post_elements_order":"","neve_meta_disable_header":"","neve_meta_disable_footer":"","neve_meta_disable_title":"","neve_meta_reading_time":""},"product_brand":[],"product_cat":[565,566],"product_tag":[],"class_list":{"0":"post-12386","1":"product","2":"type-product","3":"status-publish","4":"has-post-thumbnail","6":"product_cat-halsa","7":"product_cat-skonhet","9":"first","10":"instock","11":"sale","12":"shipping-taxable","13":"product-type-external"},"yoast_head":"<!-- This site is optimized with the Yoast SEO plugin v27.4 - https:\/\/yoast.com\/product\/yoast-seo-wordpress\/ -->\n<title>Cellinea - Recension, Pris, Effekter, Apotek, Forum | -50%<\/title>\n<meta name=\"robots\" content=\"index, follow, max-snippet:-1, max-image-preview:large, max-video-preview:-1\" \/>\n<link rel=\"canonical\" href=\"https:\/\/www.vardcentralenhjartatsolna.se\/farmaci\/apt\/cellinea\/\" \/>\n<meta property=\"og:locale\" content=\"sv_SE\" \/>\n<meta property=\"og:type\" content=\"article\" \/>\n<meta property=\"og:title\" content=\"Cellinea - Recension, Pris, Effekter, Apotek, Forum | -50%\" \/>\n<meta property=\"og:url\" content=\"https:\/\/www.vardcentralenhjartatsolna.se\/farmaci\/apt\/cellinea\/\" \/>\n<meta property=\"og:site_name\" content=\"Vardcentralenhjartatsolna\" \/>\n<meta property=\"article:modified_time\" content=\"2024-11-15T12:52:59+00:00\" \/>\n<meta property=\"og:image\" content=\"https:\/\/www.vardcentralenhjartatsolna.se\/farmaci\/wp-content\/uploads\/2024\/11\/Cellinea.jpg\" \/>\n\t<meta property=\"og:image:width\" content=\"768\" \/>\n\t<meta property=\"og:image:height\" content=\"768\" \/>\n\t<meta property=\"og:image:type\" content=\"image\/jpeg\" \/>\n<meta name=\"twitter:card\" content=\"summary_large_image\" \/>\n<meta name=\"twitter:description\" content=\"[date_countdown]\" \/>\n<meta name=\"twitter:label1\" content=\"Ber\u00e4knad l\u00e4stid\" \/>\n\t<meta name=\"twitter:data1\" content=\"1 minut\" \/>\n<script type=\"application\/ld+json\" class=\"yoast-schema-graph\">{\"@context\":\"https:\\\/\\\/schema.org\",\"@graph\":[{\"@type\":\"WebPage\",\"@id\":\"https:\\\/\\\/www.vardcentralenhjartatsolna.se\\\/farmaci\\\/apt\\\/cellinea\\\/\",\"url\":\"https:\\\/\\\/www.vardcentralenhjartatsolna.se\\\/farmaci\\\/apt\\\/cellinea\\\/\",\"name\":\"Cellinea - Recension, Pris, Effekter, Apotek, Forum | -50%\",\"isPartOf\":{\"@id\":\"https:\\\/\\\/www.vardcentralenhjartatsolna.se\\\/farmaci\\\/#website\"},\"primaryImageOfPage\":{\"@id\":\"https:\\\/\\\/www.vardcentralenhjartatsolna.se\\\/farmaci\\\/apt\\\/cellinea\\\/#primaryimage\"},\"image\":{\"@id\":\"https:\\\/\\\/www.vardcentralenhjartatsolna.se\\\/farmaci\\\/apt\\\/cellinea\\\/#primaryimage\"},\"thumbnailUrl\":\"https:\\\/\\\/www.vardcentralenhjartatsolna.se\\\/farmaci\\\/wp-content\\\/uploads\\\/2024\\\/11\\\/Cellinea.jpg\",\"datePublished\":\"2024-11-09T14:08:14+00:00\",\"dateModified\":\"2024-11-15T12:52:59+00:00\",\"breadcrumb\":{\"@id\":\"https:\\\/\\\/www.vardcentralenhjartatsolna.se\\\/farmaci\\\/apt\\\/cellinea\\\/#breadcrumb\"},\"inLanguage\":\"sv-SE\",\"potentialAction\":[{\"@type\":\"ReadAction\",\"target\":[\"https:\\\/\\\/www.vardcentralenhjartatsolna.se\\\/farmaci\\\/apt\\\/cellinea\\\/\"]}]},{\"@type\":\"ImageObject\",\"inLanguage\":\"sv-SE\",\"@id\":\"https:\\\/\\\/www.vardcentralenhjartatsolna.se\\\/farmaci\\\/apt\\\/cellinea\\\/#primaryimage\",\"url\":\"https:\\\/\\\/www.vardcentralenhjartatsolna.se\\\/farmaci\\\/wp-content\\\/uploads\\\/2024\\\/11\\\/Cellinea.jpg\",\"contentUrl\":\"https:\\\/\\\/www.vardcentralenhjartatsolna.se\\\/farmaci\\\/wp-content\\\/uploads\\\/2024\\\/11\\\/Cellinea.jpg\",\"width\":768,\"height\":768},{\"@type\":\"BreadcrumbList\",\"@id\":\"https:\\\/\\\/www.vardcentralenhjartatsolna.se\\\/farmaci\\\/apt\\\/cellinea\\\/#breadcrumb\",\"itemListElement\":[{\"@type\":\"ListItem\",\"position\":1,\"name\":\"Strona g\u0142\u00f3wna\",\"item\":\"https:\\\/\\\/www.vardcentralenhjartatsolna.se\\\/farmaci\\\/\"},{\"@type\":\"ListItem\",\"position\":2,\"name\":\"Produkte\",\"item\":\"https:\\\/\\\/www.vardcentralenhjartatsolna.se\\\/farmaci\\\/\"},{\"@type\":\"ListItem\",\"position\":3,\"name\":\"Cellinea\"}]},{\"@type\":\"WebSite\",\"@id\":\"https:\\\/\\\/www.vardcentralenhjartatsolna.se\\\/farmaci\\\/#website\",\"url\":\"https:\\\/\\\/www.vardcentralenhjartatsolna.se\\\/farmaci\\\/\",\"name\":\"Vardcentralenhjartatsolna\",\"description\":\"\",\"potentialAction\":[{\"@type\":\"SearchAction\",\"target\":{\"@type\":\"EntryPoint\",\"urlTemplate\":\"https:\\\/\\\/www.vardcentralenhjartatsolna.se\\\/farmaci\\\/?s={search_term_string}\"},\"query-input\":{\"@type\":\"PropertyValueSpecification\",\"valueRequired\":true,\"valueName\":\"search_term_string\"}}],\"inLanguage\":\"sv-SE\"}]}<\/script>\n<!-- \/ Yoast SEO plugin. -->","yoast_head_json":{"title":"Cellinea - Recension, Pris, Effekter, Apotek, Forum | -50%","robots":{"index":"index","follow":"follow","max-snippet":"max-snippet:-1","max-image-preview":"max-image-preview:large","max-video-preview":"max-video-preview:-1"},"canonical":"https:\/\/www.vardcentralenhjartatsolna.se\/farmaci\/apt\/cellinea\/","og_locale":"sv_SE","og_type":"article","og_title":"Cellinea - Recension, Pris, Effekter, Apotek, Forum | -50%","og_url":"https:\/\/www.vardcentralenhjartatsolna.se\/farmaci\/apt\/cellinea\/","og_site_name":"Vardcentralenhjartatsolna","article_modified_time":"2024-11-15T12:52:59+00:00","og_image":[{"width":768,"height":768,"url":"https:\/\/www.vardcentralenhjartatsolna.se\/farmaci\/wp-content\/uploads\/2024\/11\/Cellinea.jpg","type":"image\/jpeg"}],"twitter_card":"summary_large_image","twitter_description":"[date_countdown]","twitter_misc":{"Ber\u00e4knad l\u00e4stid":"1 minut"},"schema":{"@context":"https:\/\/schema.org","@graph":[{"@type":"WebPage","@id":"https:\/\/www.vardcentralenhjartatsolna.se\/farmaci\/apt\/cellinea\/","url":"https:\/\/www.vardcentralenhjartatsolna.se\/farmaci\/apt\/cellinea\/","name":"Cellinea - Recension, Pris, Effekter, Apotek, Forum | -50%","isPartOf":{"@id":"https:\/\/www.vardcentralenhjartatsolna.se\/farmaci\/#website"},"primaryImageOfPage":{"@id":"https:\/\/www.vardcentralenhjartatsolna.se\/farmaci\/apt\/cellinea\/#primaryimage"},"image":{"@id":"https:\/\/www.vardcentralenhjartatsolna.se\/farmaci\/apt\/cellinea\/#primaryimage"},"thumbnailUrl":"https:\/\/www.vardcentralenhjartatsolna.se\/farmaci\/wp-content\/uploads\/2024\/11\/Cellinea.jpg","datePublished":"2024-11-09T14:08:14+00:00","dateModified":"2024-11-15T12:52:59+00:00","breadcrumb":{"@id":"https:\/\/www.vardcentralenhjartatsolna.se\/farmaci\/apt\/cellinea\/#breadcrumb"},"inLanguage":"sv-SE","potentialAction":[{"@type":"ReadAction","target":["https:\/\/www.vardcentralenhjartatsolna.se\/farmaci\/apt\/cellinea\/"]}]},{"@type":"ImageObject","inLanguage":"sv-SE","@id":"https:\/\/www.vardcentralenhjartatsolna.se\/farmaci\/apt\/cellinea\/#primaryimage","url":"https:\/\/www.vardcentralenhjartatsolna.se\/farmaci\/wp-content\/uploads\/2024\/11\/Cellinea.jpg","contentUrl":"https:\/\/www.vardcentralenhjartatsolna.se\/farmaci\/wp-content\/uploads\/2024\/11\/Cellinea.jpg","width":768,"height":768},{"@type":"BreadcrumbList","@id":"https:\/\/www.vardcentralenhjartatsolna.se\/farmaci\/apt\/cellinea\/#breadcrumb","itemListElement":[{"@type":"ListItem","position":1,"name":"Strona g\u0142\u00f3wna","item":"https:\/\/www.vardcentralenhjartatsolna.se\/farmaci\/"},{"@type":"ListItem","position":2,"name":"Produkte","item":"https:\/\/www.vardcentralenhjartatsolna.se\/farmaci\/"},{"@type":"ListItem","position":3,"name":"Cellinea"}]},{"@type":"WebSite","@id":"https:\/\/www.vardcentralenhjartatsolna.se\/farmaci\/#website","url":"https:\/\/www.vardcentralenhjartatsolna.se\/farmaci\/","name":"Vardcentralenhjartatsolna","description":"","potentialAction":[{"@type":"SearchAction","target":{"@type":"EntryPoint","urlTemplate":"https:\/\/www.vardcentralenhjartatsolna.se\/farmaci\/?s={search_term_string}"},"query-input":{"@type":"PropertyValueSpecification","valueRequired":true,"valueName":"search_term_string"}}],"inLanguage":"sv-SE"}]}},"_links":{"self":[{"href":"https:\/\/www.vardcentralenhjartatsolna.se\/farmaci\/wp-json\/wp\/v2\/product\/12386","targetHints":{"allow":["GET"]}}],"collection":[{"href":"https:\/\/www.vardcentralenhjartatsolna.se\/farmaci\/wp-json\/wp\/v2\/product"}],"about":[{"href":"https:\/\/www.vardcentralenhjartatsolna.se\/farmaci\/wp-json\/wp\/v2\/types\/product"}],"replies":[{"embeddable":true,"href":"https:\/\/www.vardcentralenhjartatsolna.se\/farmaci\/wp-json\/wp\/v2\/comments?post=12386"}],"wp:featuredmedia":[{"embeddable":true,"href":"https:\/\/www.vardcentralenhjartatsolna.se\/farmaci\/wp-json\/wp\/v2\/media\/11889"}],"wp:attachment":[{"href":"https:\/\/www.vardcentralenhjartatsolna.se\/farmaci\/wp-json\/wp\/v2\/media?parent=12386"}],"wp:term":[{"taxonomy":"product_brand","embeddable":true,"href":"https:\/\/www.vardcentralenhjartatsolna.se\/farmaci\/wp-json\/wp\/v2\/product_brand?post=12386"},{"taxonomy":"product_cat","embeddable":true,"href":"https:\/\/www.vardcentralenhjartatsolna.se\/farmaci\/wp-json\/wp\/v2\/product_cat?post=12386"},{"taxonomy":"product_tag","embeddable":true,"href":"https:\/\/www.vardcentralenhjartatsolna.se\/farmaci\/wp-json\/wp\/v2\/product_tag?post=12386"}],"curies":[{"name":"wp","href":"https:\/\/api.w.org\/{rel}","templated":true}]}}