{"id":12384,"date":"2024-11-09T15:08:13","date_gmt":"2024-11-09T14:08:13","guid":{"rendered":"https:\/\/blodsjukdom.se\/farmaci\/apt\/hallu-motion\/"},"modified":"2024-11-15T20:06:30","modified_gmt":"2024-11-15T19:06:30","slug":"hallu-motion","status":"publish","type":"product","link":"https:\/\/www.vardcentralenhjartatsolna.se\/farmaci\/apt\/hallu-motion\/","title":{"rendered":"Hallu Motion"},"content":{"rendered":"\n<h2 class=\"wp-block-heading\">Vad \u00e4r Hallu Motion och hur fungerar det?<\/h2>\n\n\n\n<p>Hallu Motion \u00e4r en modern ortopedisk <b>korrigeringsapparat<\/b> avsedd f\u00f6r personer med hallux valgus. Dess <em>verkan<\/em> baseras p\u00e5 f\u00f6rsiktig str\u00e4ckning och justering av foten, vilket leder till gradvis korrigering av f\u00f6rskjutningar. Anv\u00e4ndningen av detta st\u00f6d syftar till att \u00e5terst\u00e4lla fotens korrekta axel, vilket leder till minskad sm\u00e4rta och f\u00f6rb\u00e4ttrad fotfunktion.<\/p>\n\n\n\n<p>Tack vare den teknik som anv\u00e4nds kan Hallu Motion justera tryckkraften, vilket g\u00f6r den till en bekv\u00e4m l\u00f6sning f\u00f6r anv\u00e4ndning b\u00e5de dagtid och nattetid. Regelbunden anv\u00e4ndning av denna korrigeringsskena bidrar till att f\u00f6rb\u00e4ttra ledens flexibilitet och minska obehaget, vilket \u00e4r avg\u00f6rande f\u00f6r den dagliga funktionen.<\/p>\n\n\n\n<ul class=\"wp-block-list\">\n<li>Sm\u00e4rtfri korrigering av fotdeformiteter<\/li>\n\n\n\n<li>Minskning av inflammation och svullnad<\/li>\n\n\n\n<li>Kan anv\u00e4ndas b\u00e5de dag och natt<\/li>\n\n\n\n<li>H\u00f6gkvalitativa material f\u00f6r komfort<\/li>\n<\/ul>\n\n\n\n<p>M\u00e5nga anv\u00e4ndare av Hallu Motion m\u00e4rker \u00f6verraskande <b>resultat<\/b> efter bara n\u00e5gra veckors anv\u00e4ndning. Skenan balanserar inte bara foten utan minimerar ocks\u00e5 sm\u00e4rtan i samband med hallux valgus, vilket ger stora f\u00f6rdelar i vardagen. De som letar efter en effektiv metod f\u00f6r <b>korrigering<\/b> av hallux valgus b\u00f6r \u00f6verv\u00e4ga denna innovativa <b>korrigeringsskena<\/b>.<\/p>\n\n\n\n<h2 class=\"wp-block-heading\">Vilka \u00e4r effekterna av att anv\u00e4nda Hallu Motion?<\/h2>\n\n\n\n<p><b>Effekterna<\/b> av Hallu Motion korrigerande ortoser kan m\u00e4rkas p\u00e5 kort tid. <b>Anv\u00e4ndare<\/b> rapporterar en betydande minskning av sm\u00e4rta och f\u00f6rb\u00e4ttrad fotr\u00f6rlighet efter den f\u00f6rsta appliceringen. Regelbunden <b>anv\u00e4ndning<\/b> av Hallu Motion i cirka 30 dagar ger en m\u00e4rkbar minskning av deformiteten i samband med hallux valgus.<\/p>\n\n\n\n<p>Den unika utformningen av denna enhet st\u00f6der reparationsprocessen f\u00f6r fotens leder och ben. Tack vare certifierad teknik p\u00e5skyndar Hallu Motion dessutom eliminering av inflammation och svullnad. <b>Anv\u00e4ndare<\/b> betonar ofta att komforten med att anv\u00e4nda enheten g\u00f6r det m\u00f6jligt att fungera normalt, inklusive att ut\u00f6va sport.<\/p>\n\n\n\n<ul class=\"wp-block-list\">\n<li><b>Anv\u00e4ndningen<\/b> av Hallu Motion ger synliga effekter vid behandling av hallux valgus.<\/li>\n\n\n\n<li>Tillfredsst\u00e4llelse med anv\u00e4ndningen \u00f6kar dess popularitet bland kvinnor, som upplever l\u00e4ttnad och f\u00f6rb\u00e4ttrad livskvalitet.<\/li>\n\n\n\n<li><b>Korrektionsapparaten<\/b> Hallu Motion rekommenderas som ett sm\u00e4rtfritt alternativ till kirurgiska ingrepp.<\/li>\n<\/ul>\n\n\n\n<p>Det \u00e4r v\u00e4rt att notera de positiva <b>recensionerna fr\u00e5n<\/b> specialister, som bekr\u00e4ftar att Hallu Motion \u00e4r en effektiv l\u00f6sning p\u00e5 problemet med hallux valgus, med resultat tillg\u00e4ngliga f\u00f6r m\u00e4nniskor i alla \u00e5ldrar.<\/p>\n\n\n\n<h2 class=\"wp-block-heading\">Hur man anv\u00e4nder Hallu Motion &#8211; Instruktioner f\u00f6r anv\u00e4ndning och dosering<\/h2>\n\n\n\n<p><b>Anv\u00e4ndningen<\/b> av Hallu Motion-korrektionsanordningen \u00e4r extremt enkel och bekv\u00e4m. Vi rekommenderar att du b\u00e4r den h\u00e4r enheten minst 8 timmar om dagen. S\u00e5ledes kan du framg\u00e5ngsrikt anv\u00e4nda den b\u00e5de under dagen och n\u00e4r du sover.<\/p>\n\n\n\n<p>Det \u00e4r viktigt att anordningen sitter ordentligt p\u00e5 foten f\u00f6r att s\u00e4kerst\u00e4lla maximal komfort och effektivitet vid korrigering av hallux valgus. Om obehag uppst\u00e5r b\u00f6r anv\u00e4ndaren justera tryckm\u00e4ngden eller anv\u00e4ndningstiden. Regelbunden anv\u00e4ndning \u00e4r avg\u00f6rande f\u00f6r att s\u00e4kerst\u00e4lla synliga resultat p\u00e5 l\u00e5ng sikt.<\/p>\n\n\n\n<p>Detaljerade doserings- och anv\u00e4ndningsinstruktioner finns nedan:<\/p>\n\n\n\n<figure class=\"wp-block-table\"><table class=\"has-fixed-layout\"><tbody><tr><th>Steg<\/th><th>Beskrivning<\/th><\/tr><tr><td>1<\/td><td>Placera rullarna och skenorna enligt tillverkarens anvisningar.<\/td><\/tr><tr><td>2<\/td><td>St\u00f6det placeras p\u00e5 b\u00e5da f\u00f6tterna f\u00f6r j\u00e4mn belastning.<\/td><\/tr><tr><td>3<\/td><td>Bandaget b\u00f6r b\u00e4ras minst 8 timmar per dag.<\/td><\/tr><tr><td>4<\/td><td>\u00d6vervaka k\u00e4nslan, notera komfort och justera b\u00e4randet vid behov.<\/td><\/tr><tr><td>5<\/td><td>Anv\u00e4nd ortosen regelbundet f\u00f6r att uppn\u00e5 b\u00e4sta resultat p\u00e5 l\u00e5ng sikt.<\/td><\/tr><\/tbody><\/table><\/figure>\n\n\n\n<p>Att anv\u00e4nda Hallu Motion f\u00f6r att uppr\u00e4tth\u00e5lla fysisk aktivitet och normalitet i dagliga aktiviteter syftar till en effektiv korrigering av hallux valgus. T\u00e5lamod och regelbundenhet kommer att ge tillfredsst\u00e4llande resultat i kampen mot denna sjukdom.<\/p>\n\n\n\n<h2 class=\"wp-block-heading\">Hallu Motion &#8211; Anv\u00e4ndarrecensioner, forum &#8211; Vad s\u00e4ger anv\u00e4ndarna?<\/h2>\n\n\n\n<p><b>Feedbacken fr\u00e5n<\/b> Hallu Motion-anv\u00e4ndare \u00e4r \u00f6verv\u00e4ldigande positiv. M\u00e5nga av dem delar sina erfarenheter p\u00e5 <b>forumet<\/b>, vilket m\u00f6jligg\u00f6r en b\u00e4ttre f\u00f6rst\u00e5else f\u00f6r effektiviteten hos denna produkt. H\u00e4r \u00e4r n\u00e5gra detaljerade uttalanden fr\u00e5n personer som har haft m\u00f6jlighet att anv\u00e4nda denna korrigerande enhet.<\/p>\n\n\n\n<blockquote class=\"wp-block-quote is-layout-flow wp-block-quote-is-layout-flow\">\n<p><em>Anna<\/em>: &#8221;Efter att ha anv\u00e4nt Hallu Motion i en m\u00e5nad har jag m\u00e4rkt att sm\u00e4rtan i mina f\u00f6tter har minskat avsev\u00e4rt. Jag \u00e4r glad \u00f6ver att kunna g\u00e5 l\u00e4ngre utan sm\u00e4rta. Tidigare tvingade jag mig sj\u00e4lv att ta korta promenader, men nu kan jag vara utomhus utan bekymmer.&#8221;<\/p>\n<\/blockquote>\n\n\n\n<blockquote class=\"wp-block-quote is-layout-flow wp-block-quote-is-layout-flow\">\n<p><em>Michal<\/em>: &#8221;Eftersom jag \u00e4r en aktiv person \u00e4r jag glad \u00f6ver att det h\u00e4r ortosen kan anv\u00e4ndas \u00e4ven under tr\u00e4ningspass. Effekterna \u00e4r mycket tillfredsst\u00e4llande och min fysiska prestationsf\u00f6rm\u00e5ga har f\u00f6rb\u00e4ttrats avsev\u00e4rt. Jag var lite orolig f\u00f6r hur komforten skulle vara, men det visade sig att det \u00e4r bekv\u00e4mt att b\u00e4ra Hallu Motion.&#8221;<\/p>\n<\/blockquote>\n\n\n\n<blockquote class=\"wp-block-quote is-layout-flow wp-block-quote-is-layout-flow\">\n<p><em>Kasia<\/em>: &#8221;Jag blev \u00f6verraskad av komforten i slitage, jag trodde att det skulle vara besv\u00e4rligt och det \u00e4r precis tv\u00e4rtom! Dessutom m\u00e4rkte jag efter n\u00e5gra veckor att mina f\u00f6tter ser b\u00e4ttre ut och sm\u00e4rtan har avtagit. Jag skulle rekommendera det till alla som k\u00e4mpar med hallux valgus.&#8221;<\/p>\n<\/blockquote>\n\n\n\n<p>Det \u00e4r v\u00e4rt att notera att <b>anv\u00e4ndarna<\/b> p\u00e5 forumet ofta utbyter tips om hur man anv\u00e4nder Hallu Motion och hur effektiv den \u00e4r. Dessa typer av diskussioner kan vara till stor hj\u00e4lp f\u00f6r m\u00e4nniskor som \u00f6verv\u00e4ger ett k\u00f6p och vill veta olika \u00e5sikter.<\/p>\n\n\n\n<h2 class=\"wp-block-heading\">Hallu Motion-komposition &#8211; Vad inneh\u00e5ller den?<\/h2>\n\n\n\n<p><b>Sammans\u00e4ttningen<\/b> av Hallu Motion \u00e4r baserad p\u00e5 h\u00f6gkvalitativa material som garanterar h\u00e5llbarhet och komfort. Den korrigerande h\u00e4ngslen \u00e4r gjord av flexibel silikon, vilket g\u00f6r att den kan anpassa sig till fotens form.<\/p>\n\n\n\n<p>Satsen inneh\u00e5ller:<\/p>\n\n\n\n<ul class=\"wp-block-list\">\n<li>Skenor<em>med en unik motoriserad g\u00e5ngj\u00e4rnsdesign<\/em> f\u00f6r skonsam korrigering av hallux valgus.<\/li>\n\n\n\n<li><em>Kardborreband f\u00f6r stort\u00e5n<\/em> som ger stabilisering och st\u00f6d under anv\u00e4ndning.<\/li>\n\n\n\n<li><em>Metatarsalband<\/em> som arbetar med skenorna f\u00f6r att minimera risken f\u00f6r irritation.<\/li>\n\n\n\n<li><em>Mjuk stoppning av specialskum<\/em> f\u00f6r \u00f6kad komfort.<\/li>\n<\/ul>\n\n\n\n<p>Avsaknaden av skadliga kemikalier g\u00f6r Hallu Motion s\u00e4ker f\u00f6r h\u00e4lsan. Tack vare anv\u00e4ndningen av material som andas minimerar korrigeringsapparaten risken f\u00f6r irritation och sm\u00e4rta n\u00e4r den anv\u00e4nds under l\u00e5ng tid.<\/p>\n\n\n\n<p>Hallu Motions innovativa design m\u00f6jligg\u00f6r en naturlig positionering av foten och en effektiv korrigering av hallux valgus, vilket kan leda till att vissa fotdeformiteter v\u00e4nds. Anv\u00e4ndarna betonar att f\u00f6tterna blir mindre sp\u00e4nda och motoriken f\u00f6rb\u00e4ttras efter att de har anv\u00e4nt ortosen.<\/p>\n\n\n\n<h2 class=\"wp-block-heading\">Hallu Motion pris &#8211; Var kan man k\u00f6pa?<\/h2>\n\n\n\n<p>Hallu Motion, som en innovativ korrigeringsanordning f\u00f6r <b>hallux valgus<\/b>, \u00e4r endast tillg\u00e4nglig fr\u00e5n <em>den officiella tillverkarens<\/em> webbplats. Onlineshopping blir det enda alternativet, eftersom den h\u00e4r produkten inte finns p\u00e5 station\u00e4ra apotek. Det \u00e4r v\u00e4rt att notera de f\u00f6r\u00e4ndrade <em>priserna<\/em>, som beror p\u00e5 aktuella kampanjer som ofta erbjuder gynnsamma k\u00f6pvillkor.<\/p>\n\n\n\n<p>Genom att k\u00f6pa direkt fr\u00e5n tillverkaren garanteras kunderna \u00e4kthet och kvalitet. Regelbundna kampanjer g\u00f6r ofta <em>priset p\u00e5<\/em> Hallu Motion mycket mer attraktivt \u00e4n j\u00e4mf\u00f6rbara produkter som finns tillg\u00e4ngliga p\u00e5 marknaden. Vi rekommenderar att du bes\u00f6ker tillverkarens webbplats f\u00f6r att h\u00e5lla dig uppdaterad om erbjudanden och nyheter.<\/p>\n\n\n\n<p>Ett s\u00e5dant tillv\u00e4gag\u00e5ngss\u00e4tt m\u00f6jligg\u00f6r inte bara besparingar utan ger ocks\u00e5 direkt tillg\u00e5ng till kundsupport och detaljerad information om anv\u00e4ndningen av enheten. Det \u00e4r ocks\u00e5 viktigt att konsultera en l\u00e4kare f\u00f6r alla hallux valgus-relaterade problem, vilket betonas av 100% av anv\u00e4ndarna p\u00e5 diskussionsforum f\u00f6r hallux-korrigeringsmetoder.<\/p>\n\n\n\n<ul class=\"wp-block-list\">\n<li>Hallu Motion finns inte p\u00e5 vanliga apotek.<\/li>\n\n\n\n<li>Produkten kan endast k\u00f6pas fr\u00e5n den officiella tillverkarens webbplats.<\/li>\n\n\n\n<li>Priserna \u00e4r f\u00f6rem\u00e5l f\u00f6r aktuella kampanjer.<\/li>\n<\/ul>\n\n\n\n<h2 class=\"wp-block-heading\">Potentiella biverkningar och kontraindikationer f\u00f6r anv\u00e4ndning av Hallu Motion<\/h2>\n\n\n\n<p>Hallu Motion \u00e4r i allm\u00e4nhet en s\u00e4ker korrigeringsanordning, men som med alla medicinska produkter kan vissa <strong>biverkningar<\/strong> uppst\u00e5. Det vanligast rapporterade problemet \u00e4r l\u00e4tt hudirritation, som kan orsakas av en felaktigt monterad ortos. Det \u00e4r d\u00e4rf\u00f6r viktigt att anpassa Hallu Motion extremt noggrant f\u00f6r att minimera risken f\u00f6r s\u00e5dana obehag.<\/p>\n\n\n\n<p>Det \u00e4r ocks\u00e5 v\u00e4rt att notera att det finns specifika <strong>kontraindikationer<\/strong> f\u00f6r anv\u00e4ndning av Hallu Motion. Personer som lider av allvarliga fot\u00e5kommor, t.ex. sv\u00e5r deformitet, artrit eller cirkulationsproblem, b\u00f6r undvika att anv\u00e4nda den. Dessutom b\u00f6r personer med allergier mot de material som anv\u00e4nds i produkten ocks\u00e5 vara f\u00f6rsiktiga, eftersom de kan riskera negativa hudreaktioner.<\/p>\n\n\n\n<p>Innan du b\u00f6rjar anv\u00e4nda Hallu Motion \u00e4r det alltid tillr\u00e5dligt att konsultera en l\u00e4kare. Detta g\u00f6r det m\u00f6jligt att utforska potentiella <strong>biverkningar<\/strong> och utesluta eventuella <strong>kontraindikationer<\/strong>, vilket i slut\u00e4ndan bidrar till att b\u00e4ttre skr\u00e4ddarsy behandlingen efter den enskilda patientens behov.<\/p>\n","protected":false},"excerpt":{"rendered":"<p><strong>[date_countdown]<\/strong><\/p>\n<p><img decoding=\"async\" class=\"alignnone wp-image-12507\" src=\"https:\/\/www.vardcentralenhjartatsolna.se\/farmaci\/wp-content\/uploads\/2024\/11\/SAFE-PAY-300x88-1.png\" alt=\"SAFE-PAY-300x88\" width=\"201\" height=\"59\" \/><\/p>\n","protected":false},"featured_media":12383,"comment_status":"open","ping_status":"closed","template":"","meta":{"neve_meta_sidebar":"","neve_meta_container":"","neve_meta_enable_content_width":"","neve_meta_content_width":0,"neve_meta_title_alignment":"","neve_meta_author_avatar":"","neve_post_elements_order":"","neve_meta_disable_header":"","neve_meta_disable_footer":"","neve_meta_disable_title":"","neve_meta_reading_time":""},"product_brand":[],"product_cat":[565],"product_tag":[],"class_list":{"0":"post-12384","1":"product","2":"type-product","3":"status-publish","4":"has-post-thumbnail","6":"product_cat-halsa","8":"first","9":"instock","10":"sale","11":"shipping-taxable","12":"product-type-external"},"yoast_head":"<!-- This site is optimized with the Yoast SEO plugin v27.4 - https:\/\/yoast.com\/product\/yoast-seo-wordpress\/ -->\n<title>Hallu Motion - Recension, Pris, Effekter, Apotek, Forum | -50%<\/title>\n<meta name=\"robots\" content=\"index, follow, max-snippet:-1, max-image-preview:large, max-video-preview:-1\" \/>\n<link rel=\"canonical\" href=\"https:\/\/www.vardcentralenhjartatsolna.se\/farmaci\/apt\/hallu-motion\/\" \/>\n<meta property=\"og:locale\" content=\"sv_SE\" \/>\n<meta property=\"og:type\" content=\"article\" \/>\n<meta property=\"og:title\" content=\"Hallu Motion - Recension, Pris, Effekter, Apotek, Forum | -50%\" \/>\n<meta property=\"og:url\" content=\"https:\/\/www.vardcentralenhjartatsolna.se\/farmaci\/apt\/hallu-motion\/\" \/>\n<meta property=\"og:site_name\" content=\"Vardcentralenhjartatsolna\" \/>\n<meta property=\"article:modified_time\" content=\"2024-11-15T19:06:30+00:00\" \/>\n<meta property=\"og:image\" content=\"https:\/\/www.vardcentralenhjartatsolna.se\/farmaci\/wp-content\/uploads\/2024\/11\/Hallu-Motion.jpg\" \/>\n\t<meta property=\"og:image:width\" content=\"768\" \/>\n\t<meta property=\"og:image:height\" content=\"768\" \/>\n\t<meta property=\"og:image:type\" content=\"image\/jpeg\" \/>\n<meta name=\"twitter:card\" content=\"summary_large_image\" \/>\n<meta name=\"twitter:description\" content=\"[date_countdown]\" \/>\n<meta name=\"twitter:label1\" content=\"Ber\u00e4knad l\u00e4stid\" \/>\n\t<meta name=\"twitter:data1\" content=\"1 minut\" \/>\n<script type=\"application\/ld+json\" class=\"yoast-schema-graph\">{\"@context\":\"https:\\\/\\\/schema.org\",\"@graph\":[{\"@type\":\"WebPage\",\"@id\":\"https:\\\/\\\/www.vardcentralenhjartatsolna.se\\\/farmaci\\\/apt\\\/hallu-motion\\\/\",\"url\":\"https:\\\/\\\/www.vardcentralenhjartatsolna.se\\\/farmaci\\\/apt\\\/hallu-motion\\\/\",\"name\":\"Hallu Motion - Recension, Pris, Effekter, Apotek, Forum | -50%\",\"isPartOf\":{\"@id\":\"https:\\\/\\\/www.vardcentralenhjartatsolna.se\\\/farmaci\\\/#website\"},\"primaryImageOfPage\":{\"@id\":\"https:\\\/\\\/www.vardcentralenhjartatsolna.se\\\/farmaci\\\/apt\\\/hallu-motion\\\/#primaryimage\"},\"image\":{\"@id\":\"https:\\\/\\\/www.vardcentralenhjartatsolna.se\\\/farmaci\\\/apt\\\/hallu-motion\\\/#primaryimage\"},\"thumbnailUrl\":\"https:\\\/\\\/www.vardcentralenhjartatsolna.se\\\/farmaci\\\/wp-content\\\/uploads\\\/2024\\\/11\\\/Hallu-Motion.jpg\",\"datePublished\":\"2024-11-09T14:08:13+00:00\",\"dateModified\":\"2024-11-15T19:06:30+00:00\",\"breadcrumb\":{\"@id\":\"https:\\\/\\\/www.vardcentralenhjartatsolna.se\\\/farmaci\\\/apt\\\/hallu-motion\\\/#breadcrumb\"},\"inLanguage\":\"sv-SE\",\"potentialAction\":[{\"@type\":\"ReadAction\",\"target\":[\"https:\\\/\\\/www.vardcentralenhjartatsolna.se\\\/farmaci\\\/apt\\\/hallu-motion\\\/\"]}]},{\"@type\":\"ImageObject\",\"inLanguage\":\"sv-SE\",\"@id\":\"https:\\\/\\\/www.vardcentralenhjartatsolna.se\\\/farmaci\\\/apt\\\/hallu-motion\\\/#primaryimage\",\"url\":\"https:\\\/\\\/www.vardcentralenhjartatsolna.se\\\/farmaci\\\/wp-content\\\/uploads\\\/2024\\\/11\\\/Hallu-Motion.jpg\",\"contentUrl\":\"https:\\\/\\\/www.vardcentralenhjartatsolna.se\\\/farmaci\\\/wp-content\\\/uploads\\\/2024\\\/11\\\/Hallu-Motion.jpg\",\"width\":768,\"height\":768},{\"@type\":\"BreadcrumbList\",\"@id\":\"https:\\\/\\\/www.vardcentralenhjartatsolna.se\\\/farmaci\\\/apt\\\/hallu-motion\\\/#breadcrumb\",\"itemListElement\":[{\"@type\":\"ListItem\",\"position\":1,\"name\":\"Strona g\u0142\u00f3wna\",\"item\":\"https:\\\/\\\/www.vardcentralenhjartatsolna.se\\\/farmaci\\\/\"},{\"@type\":\"ListItem\",\"position\":2,\"name\":\"Produkte\",\"item\":\"https:\\\/\\\/www.vardcentralenhjartatsolna.se\\\/farmaci\\\/\"},{\"@type\":\"ListItem\",\"position\":3,\"name\":\"Hallu Motion\"}]},{\"@type\":\"WebSite\",\"@id\":\"https:\\\/\\\/www.vardcentralenhjartatsolna.se\\\/farmaci\\\/#website\",\"url\":\"https:\\\/\\\/www.vardcentralenhjartatsolna.se\\\/farmaci\\\/\",\"name\":\"Vardcentralenhjartatsolna\",\"description\":\"\",\"potentialAction\":[{\"@type\":\"SearchAction\",\"target\":{\"@type\":\"EntryPoint\",\"urlTemplate\":\"https:\\\/\\\/www.vardcentralenhjartatsolna.se\\\/farmaci\\\/?s={search_term_string}\"},\"query-input\":{\"@type\":\"PropertyValueSpecification\",\"valueRequired\":true,\"valueName\":\"search_term_string\"}}],\"inLanguage\":\"sv-SE\"}]}<\/script>\n<!-- \/ Yoast SEO plugin. -->","yoast_head_json":{"title":"Hallu Motion - Recension, Pris, Effekter, Apotek, Forum | -50%","robots":{"index":"index","follow":"follow","max-snippet":"max-snippet:-1","max-image-preview":"max-image-preview:large","max-video-preview":"max-video-preview:-1"},"canonical":"https:\/\/www.vardcentralenhjartatsolna.se\/farmaci\/apt\/hallu-motion\/","og_locale":"sv_SE","og_type":"article","og_title":"Hallu Motion - Recension, Pris, Effekter, Apotek, Forum | -50%","og_url":"https:\/\/www.vardcentralenhjartatsolna.se\/farmaci\/apt\/hallu-motion\/","og_site_name":"Vardcentralenhjartatsolna","article_modified_time":"2024-11-15T19:06:30+00:00","og_image":[{"width":768,"height":768,"url":"https:\/\/www.vardcentralenhjartatsolna.se\/farmaci\/wp-content\/uploads\/2024\/11\/Hallu-Motion.jpg","type":"image\/jpeg"}],"twitter_card":"summary_large_image","twitter_description":"[date_countdown]","twitter_misc":{"Ber\u00e4knad l\u00e4stid":"1 minut"},"schema":{"@context":"https:\/\/schema.org","@graph":[{"@type":"WebPage","@id":"https:\/\/www.vardcentralenhjartatsolna.se\/farmaci\/apt\/hallu-motion\/","url":"https:\/\/www.vardcentralenhjartatsolna.se\/farmaci\/apt\/hallu-motion\/","name":"Hallu Motion - Recension, Pris, Effekter, Apotek, Forum | -50%","isPartOf":{"@id":"https:\/\/www.vardcentralenhjartatsolna.se\/farmaci\/#website"},"primaryImageOfPage":{"@id":"https:\/\/www.vardcentralenhjartatsolna.se\/farmaci\/apt\/hallu-motion\/#primaryimage"},"image":{"@id":"https:\/\/www.vardcentralenhjartatsolna.se\/farmaci\/apt\/hallu-motion\/#primaryimage"},"thumbnailUrl":"https:\/\/www.vardcentralenhjartatsolna.se\/farmaci\/wp-content\/uploads\/2024\/11\/Hallu-Motion.jpg","datePublished":"2024-11-09T14:08:13+00:00","dateModified":"2024-11-15T19:06:30+00:00","breadcrumb":{"@id":"https:\/\/www.vardcentralenhjartatsolna.se\/farmaci\/apt\/hallu-motion\/#breadcrumb"},"inLanguage":"sv-SE","potentialAction":[{"@type":"ReadAction","target":["https:\/\/www.vardcentralenhjartatsolna.se\/farmaci\/apt\/hallu-motion\/"]}]},{"@type":"ImageObject","inLanguage":"sv-SE","@id":"https:\/\/www.vardcentralenhjartatsolna.se\/farmaci\/apt\/hallu-motion\/#primaryimage","url":"https:\/\/www.vardcentralenhjartatsolna.se\/farmaci\/wp-content\/uploads\/2024\/11\/Hallu-Motion.jpg","contentUrl":"https:\/\/www.vardcentralenhjartatsolna.se\/farmaci\/wp-content\/uploads\/2024\/11\/Hallu-Motion.jpg","width":768,"height":768},{"@type":"BreadcrumbList","@id":"https:\/\/www.vardcentralenhjartatsolna.se\/farmaci\/apt\/hallu-motion\/#breadcrumb","itemListElement":[{"@type":"ListItem","position":1,"name":"Strona g\u0142\u00f3wna","item":"https:\/\/www.vardcentralenhjartatsolna.se\/farmaci\/"},{"@type":"ListItem","position":2,"name":"Produkte","item":"https:\/\/www.vardcentralenhjartatsolna.se\/farmaci\/"},{"@type":"ListItem","position":3,"name":"Hallu Motion"}]},{"@type":"WebSite","@id":"https:\/\/www.vardcentralenhjartatsolna.se\/farmaci\/#website","url":"https:\/\/www.vardcentralenhjartatsolna.se\/farmaci\/","name":"Vardcentralenhjartatsolna","description":"","potentialAction":[{"@type":"SearchAction","target":{"@type":"EntryPoint","urlTemplate":"https:\/\/www.vardcentralenhjartatsolna.se\/farmaci\/?s={search_term_string}"},"query-input":{"@type":"PropertyValueSpecification","valueRequired":true,"valueName":"search_term_string"}}],"inLanguage":"sv-SE"}]}},"_links":{"self":[{"href":"https:\/\/www.vardcentralenhjartatsolna.se\/farmaci\/wp-json\/wp\/v2\/product\/12384","targetHints":{"allow":["GET"]}}],"collection":[{"href":"https:\/\/www.vardcentralenhjartatsolna.se\/farmaci\/wp-json\/wp\/v2\/product"}],"about":[{"href":"https:\/\/www.vardcentralenhjartatsolna.se\/farmaci\/wp-json\/wp\/v2\/types\/product"}],"replies":[{"embeddable":true,"href":"https:\/\/www.vardcentralenhjartatsolna.se\/farmaci\/wp-json\/wp\/v2\/comments?post=12384"}],"wp:featuredmedia":[{"embeddable":true,"href":"https:\/\/www.vardcentralenhjartatsolna.se\/farmaci\/wp-json\/wp\/v2\/media\/12383"}],"wp:attachment":[{"href":"https:\/\/www.vardcentralenhjartatsolna.se\/farmaci\/wp-json\/wp\/v2\/media?parent=12384"}],"wp:term":[{"taxonomy":"product_brand","embeddable":true,"href":"https:\/\/www.vardcentralenhjartatsolna.se\/farmaci\/wp-json\/wp\/v2\/product_brand?post=12384"},{"taxonomy":"product_cat","embeddable":true,"href":"https:\/\/www.vardcentralenhjartatsolna.se\/farmaci\/wp-json\/wp\/v2\/product_cat?post=12384"},{"taxonomy":"product_tag","embeddable":true,"href":"https:\/\/www.vardcentralenhjartatsolna.se\/farmaci\/wp-json\/wp\/v2\/product_tag?post=12384"}],"curies":[{"name":"wp","href":"https:\/\/api.w.org\/{rel}","templated":true}]}}