{"id":12378,"date":"2024-11-09T15:08:10","date_gmt":"2024-11-09T14:08:10","guid":{"rendered":"https:\/\/blodsjukdom.se\/farmaci\/apt\/vigor-max-nature\/"},"modified":"2024-11-15T20:12:28","modified_gmt":"2024-11-15T19:12:28","slug":"vigor-max-nature","status":"publish","type":"product","link":"https:\/\/www.vardcentralenhjartatsolna.se\/farmaci\/apt\/vigor-max-nature\/","title":{"rendered":"Vigor Max Nature"},"content":{"rendered":"\n<h2 class=\"wp-block-heading\">Vad \u00e4r Vigor Max Nature och hur fungerar det?<\/h2>\n\n\n\n<p><b>Vigor Max Nature<\/b> \u00e4r en produkt som \u00e4r utformad f\u00f6r m\u00e4n som vill f\u00f6rb\u00e4ttra sin sexuella h\u00e4lsa och st\u00f6dja deras \u00f6vergripande <b>vitalitet<\/b> och energi. Detta <em>kosttillskott<\/em> inneh\u00e5ller en unik kombination av naturliga ingredienser som p\u00e5verkar kroppens <em>prestanda<\/em> f\u00f6r att f\u00f6rb\u00e4ttra prestanda och v\u00e4lbefinnande. Viktiga ingredienser inkluderar zink, maca och koreanskt ginsengextrakt, som st\u00f6der \u00e4mnesoms\u00e4ttningen och bidrar till b\u00e4ttre endokrin funktion.<\/p>\n\n\n\n<p>Studier visar att mer \u00e4n 83 miljoner m\u00e4n i Europa lider av erektilproblem, vilket belyser vikten av produkter som Vigor Max Nature. Kliniska studier har visat att Vigor Max Nature-pl\u00e5ster fungerar inom bara en minut efter applicering. Denna typ av snabb <b>effekt<\/b> ger anv\u00e4ndarna m\u00f6jlighet till omedelbart st\u00f6d i situationer d\u00e4r sexuell f\u00f6rb\u00e4ttring kr\u00e4vs. Det \u00e4r v\u00e4rt att notera att <b>effekterna av<\/b> detta <em>kosttillskott<\/em> varar i upp till 24 timmar efter applicering, vilket \u00e4r en betydande f\u00f6rdel j\u00e4mf\u00f6rt med andra metoder.<\/p>\n\n\n\n<p>Vigor Max Nature \u00e4r s\u00e4kert f\u00f6r h\u00e4lsan, eftersom det endast inneh\u00e5ller ingredienser fr\u00e5n certifierade organiska plantager. Tack vare sin naturliga sammans\u00e4ttning \u00e4r produkten tillg\u00e4nglig f\u00f6r ett brett spektrum av anv\u00e4ndare vars m\u00e5l \u00e4r att f\u00f6rb\u00e4ttra fysisk och sexuell prestanda. Regelbunden <b>anv\u00e4ndning av<\/b> Vigor Max Nature kan bidra till att \u00f6ka libido, vilket avsev\u00e4rt p\u00e5verkar kvaliteten p\u00e5 det intima livet.<\/p>\n\n\n\n<h2 class=\"wp-block-heading\">Vigor Max Nature &#8211; effekter<\/h2>\n\n\n\n<p>Anv\u00e4ndare av Vigor Max Nature rapporterar ett antal positiva effekter fr\u00e5n anv\u00e4ndningen av detta innovativa kosttillskott. De m\u00e4rker en betydande \u00f6kning av energiniv\u00e5erna och f\u00f6rb\u00e4ttrad <em>vitalitet<\/em>, vilket \u00f6vers\u00e4tts till deras dagliga aktiviteter. M\u00e5nga uppskattar f\u00f6rb\u00e4ttringen av koncentrationen och det allm\u00e4nna v\u00e4lbefinnandet, vilket g\u00f6r Vigor Max Nature till ett utm\u00e4rkt st\u00f6d under sv\u00e5ra tider.<\/p>\n\n\n\n<p>Enligt forskning m\u00e4rkte cirka 96% av m\u00e4nnen som anv\u00e4nde Vigor Max Nature-pl\u00e5ster en betydande \u00f6kning av testosteronniv\u00e5erna, vilket \u00e4r avg\u00f6rande n\u00e4r det g\u00e4ller kvaliteten p\u00e5 det intima livet. <b>Effekterna<\/b> av produkten b\u00f6rjar k\u00e4nnas efter bara 30 minuter, vilket g\u00f6r den s\u00e4rskilt popul\u00e4r bland dem som vill f\u00f6rb\u00e4ttra kvaliteten p\u00e5 deras sexliv och \u00f6vergripande energi.<\/p>\n\n\n\n<ul class=\"wp-block-list\">\n<li>\u00d6kad energiniv\u00e5 och <em>vitalitet<\/em>.<\/li>\n\n\n\n<li>F\u00f6rb\u00e4ttrad motst\u00e5ndskraft mot stress och tr\u00f6tthet.<\/li>\n\n\n\n<li>Snabbare \u00e5terh\u00e4mtning efter tr\u00e4ning.<\/li>\n\n\n\n<li>F\u00f6rb\u00e4ttrad libido och erektionskvalitet.<\/li>\n<\/ul>\n\n\n\n<p>Regelbunden <b>anv\u00e4ndning av<\/b> Vigor Max Nature kan f\u00f6rb\u00e4ttra livskvaliteten avsev\u00e4rt. Det \u00e4r v\u00e4rt att notera att formeln anses vara ett s\u00e4kert alternativ till invasiva behandlingar f\u00f6r erektil dysfunktion, vilket g\u00f6r det till ett attraktivt val f\u00f6r m\u00e5nga m\u00e4n som k\u00e4mpar med dessa problem. Anv\u00e4ndare betonar att <b>effekterna<\/b> \u00e4r m\u00e4rkbara och &#8211; viktigare &#8211; kan bidra till att \u00f6ka motivationen att prestera inom olika livsomr\u00e5den.<\/p>\n\n\n\n<h2 class=\"wp-block-heading\">Hur man anv\u00e4nder Vigor Max Nature &#8211; Instruktioner f\u00f6r anv\u00e4ndning och dosering<\/h2>\n\n\n\n<p>F\u00f6r att f\u00e5 b\u00e4sta resultat fr\u00e5n Vigor Max Nature \u00e4r det viktigt att f\u00f6lja doseringsanvisningarna. Det rekommenderas vanligtvis att ta 1-2 kapslar per dag. Det \u00e4r viktigt att dricka mycket vatten f\u00f6r att underl\u00e4tta absorptionen av de aktiva ingredienserna.<\/p>\n\n\n\n<p>Det \u00e4r tillr\u00e5dligt att ta beredningen under en m\u00e5ltid. Detta g\u00f6r att kroppen b\u00e4ttre kan absorbera de aktiva substanserna, vilket har en inverkan p\u00e5 deras effektivitet. Innan du b\u00f6rjar tillskott \u00e4r det en bra id\u00e9 att konsultera en l\u00e4kare eller dietist f\u00f6r att s\u00e4kerst\u00e4lla att anv\u00e4ndningen av Vigor Max Nature \u00e4r l\u00e4mplig i ditt fall.<\/p>\n\n\n\n<p>Denna information \u00e4r avg\u00f6rande f\u00f6r dem som planerar att inf\u00f6ra till\u00e4gget i sin dagliga kost. Regelbunden och korrekt <b>dosering<\/b> kan ge tillfredsst\u00e4llande resultat och st\u00f6dja \u00f6vergripande <b>vitalitet<\/b> och energi.<\/p>\n\n\n\n<figure class=\"wp-block-table\"><table class=\"has-fixed-layout\"><tbody><tr><th>Aspekt<\/th><th>Rekommendationer<\/th><\/tr><tr><td><b>Dosering<\/b><\/td><td>1-2 kapslar dagligen<\/td><\/tr><tr><td>Vatten<\/td><td>Rikligt med vatten<\/td><\/tr><tr><td>M\u00e5ltider<\/td><td>Under m\u00e5ltiderna<\/td><\/tr><tr><td>R\u00e5dgivning<\/td><td>Kontakta din l\u00e4kare och\/eller dietist<\/td><\/tr><\/tbody><\/table><\/figure>\n\n\n\n<h2 class=\"wp-block-heading\">Vigor Max Nature &#8211; Anv\u00e4ndarrecensioner, forum &#8211; Vad s\u00e4ger anv\u00e4ndarna?<\/h2>\n\n\n\n<p>Anv\u00e4ndare av Vigor Max Nature delar en m\u00e4ngd olika \u00e5sikter om detta till\u00e4gg, som finns i m\u00e5nga onlineforum. Det \u00e4r v\u00e4rt att lyfta fram s\u00e4rskilda erfarenheter som kan hj\u00e4lpa framtida konsumenter i deras beslutsfattande.<\/p>\n\n\n\n<blockquote class=\"wp-block-quote is-layout-flow wp-block-quote-is-layout-flow\">\n<p><em>Matthew<\/em>: &#8221;Jag har anv\u00e4nt Vigor Max Nature i n\u00e5gra veckor nu och jag kan med s\u00e4kerhet s\u00e4ga att jag k\u00e4nner en enorm skillnad. Mina energiniv\u00e5er har \u00f6kat avsev\u00e4rt och morgnarna \u00e4r inte l\u00e4ngre en pr\u00f6vning f\u00f6r mig. Jag skulle definitivt rekommendera!&#8221;<\/p>\n<\/blockquote>\n\n\n\n<blockquote class=\"wp-block-quote is-layout-flow wp-block-quote-is-layout-flow\">\n<p><em>Catherine<\/em>: &#8221;Jag har m\u00e4rkt att jag efter att ha anv\u00e4nt Vigor Max Nature hanterar stress b\u00e4ttre och har mer energi under dagen. Min prestationsf\u00f6rm\u00e5ga vid regelbunden tr\u00e4ning \u00e4r ocks\u00e5 god.&#8221;<\/p>\n<\/blockquote>\n\n\n\n<blockquote class=\"wp-block-quote is-layout-flow wp-block-quote-is-layout-flow\">\n<p><em>Thomas:<\/em>&#8221;Jag trodde att det bara var ytterligare ett tillskott, men Vigor Max Nature fungerar verkligen. Jag k\u00e4nner en st\u00f6rre lust att prestera och \u00e5terh\u00e4mtar mig b\u00e4ttre efter tr\u00e4ning. Jag uppmuntrar dig att prova det.&#8221;<\/p>\n<\/blockquote>\n\n\n\n<p>Dessa<b>recensioner<\/b>, samlade fr\u00e5n en m\u00e4ngd olika k\u00e4llor, indikerar en generellt positiv inst\u00e4llning fr\u00e5n anv\u00e4ndare till Vigor Max Nature. <b>Forumen<\/b> har en m\u00e4ngd recensioner som belyser effekterna av till\u00e4gget, liksom dess inverkan p\u00e5 anv\u00e4ndarnas dagliga liv. Konversationer i forumen fokuserar ofta p\u00e5 effektiviteten, f\u00f6rdelarna och erfarenheten av att anv\u00e4nda Vigor Max Nature.<\/p>\n\n\n\n<h2 class=\"wp-block-heading\">Vigor Max Nature &#8211; Sammans\u00e4ttning &#8211; Ingrediensanalys<\/h2>\n\n\n\n<p>Vigor Max Nature \u00e4r ett tillskott som <b>inneh\u00e5ller<\/b> en noggrant utvald ProAdaptogenA-formel, som inkluderar ashwagandha-extrakt. <b>Analys av<\/b> sammans\u00e4ttningen visar att de aktiva ingredienserna effektivt st\u00f6der <b>vitalitet<\/b> och kroppens motst\u00e5ndskraft mot stress. Detta \u00e4r en viktig aspekt, s\u00e4rskilt i dagens ofta stressiga v\u00e4rld.<\/p>\n\n\n\n<p>De viktigaste ingredienserna i formeln inkluderar:<\/p>\n\n\n\n<ul class=\"wp-block-list\">\n<li><em>Ashwagandha<\/em> &#8211; k\u00e4nd f\u00f6r sina egenskaper som st\u00f6der hj\u00e4rth\u00e4lsa, kardiovaskul\u00e4rt system och spermiekvalitet.<\/li>\n\n\n\n<li><em>C-vitamin<\/em> &#8211; st\u00e4rker immunf\u00f6rsvaret och hj\u00e4lper till att minska tr\u00f6tthetsk\u00e4nslor.<\/li>\n\n\n\n<li><em>Zink<\/em> &#8211; p\u00e5verkar testosteronniv\u00e5erna och reproduktionsfunktionen.<\/li>\n\n\n\n<li><em>Magnesium<\/em> &#8211; st\u00f6djer muskler och energimetabolism.<\/li>\n\n\n\n<li><em>Vitaminerna B6 och B12<\/em> &#8211; \u00e4r viktiga f\u00f6r energiprocesserna i cellerna.<\/li>\n\n\n\n<li><em>Krom<\/em> &#8211; hj\u00e4lper till att reglera blodsockerniv\u00e5n.<\/li>\n\n\n\n<li><em>Molybden<\/em> &#8211; \u00e4r involverad i metabolismen av svavelaminosyror.<\/li>\n\n\n\n<li><em>Jod<\/em> &#8211; st\u00f6djer sk\u00f6ldk\u00f6rtelns funktion och hormonproduktion.<\/li>\n<\/ul>\n\n\n\n<p>Det rekommenderade dagliga intaget \u00e4r en tablett f\u00f6r vuxna. Vigor Max Nature inneh\u00e5ller 60 tabletter, vilket ger en m\u00e5nadsbehandling. Produkten \u00e4r l\u00e4mplig f\u00f6r vegetarianer, vilket lockar uppm\u00e4rksamheten hos dem som letar efter naturliga kosttillskott.<\/p>\n\n\n\n<p>Vigor Max Nature \u00e4r en omfattande produkt vars <b>analys av<\/b> dess sammans\u00e4ttning indikerar dess h\u00f6ga kvalitet och effektivitet i daglig tillskott.<\/p>\n\n\n\n<h2 class=\"wp-block-heading\">Var kan man k\u00f6pa och vad \u00e4r priset p\u00e5 Vigor Max Nature?<\/h2>\n\n\n\n<p>Vigor Max Nature kan endast k\u00f6pas fr\u00e5n <em>tillverkarens officiella webbplats<\/em>, vilket s\u00e4kerst\u00e4ller produktens \u00e4kthet och h\u00f6ga kvalitet. Ink\u00f6pskostnaderna kan variera med h\u00e4nsyn till aktuella kampanjer som ofta erbjuds av tillverkaren. Det \u00e4r v\u00e4rt att notera att detta till\u00e4gg inte \u00e4r tillg\u00e4ngligt p\u00e5 station\u00e4ra apotek, vilket g\u00f6r online-shopping till det b\u00e4sta alternativet f\u00f6r intresserade.<\/p>\n\n\n\n<p>F\u00f6r att kontrollera de senaste <em>priserna<\/em> och erbjudandena \u00e4r det b\u00e4st att bes\u00f6ka den officiella tillverkarens webbplats. De flesta anv\u00e4ndare uppskattar bekv\u00e4mligheten med online-shopping, d\u00e4r de enkelt kan j\u00e4mf\u00f6ra olika kosttillskott och deras ingredienser utan att l\u00e4mna hemmet.<\/p>\n\n\n\n<p>N\u00e4r det g\u00e4ller Vigor Max Nature \u00e4r det viktigt att se till att produkten kommer direkt fr\u00e5n <em>den officiella tillverkaren<\/em> f\u00f6r en garanti f\u00f6r kvalitet och s\u00e4kerhet. D\u00e4rf\u00f6r \u00e4r det alltid tillr\u00e5dligt att vara uppm\u00e4rksam p\u00e5 ink\u00f6psk\u00e4llan f\u00f6r att undvika f\u00f6rfalskningar och garantera en h\u00f6g standard.<\/p>\n\n\n\n<h2 class=\"wp-block-heading\">Potentiella biverkningar och kontraindikationer av Vigor Max Nature<\/h2>\n\n\n\n<p>Vigor Max Nature, som alla <b>kosttillskott<\/b>, \u00e4r f\u00f6rknippat med vissa biverkningar. \u00c4ven om m\u00e5nga m\u00e4nniskor inte upplever allvarliga problem, \u00e4r det viktigt att vara medveten om potentiella komplikationer. De vanligaste rapporterade symtomen inkluderar illam\u00e5ende, yrsel och nervositet. Det \u00e4r v\u00e4rt att notera att n\u00e5gra av ingredienserna i beredningen, s\u00e5som yohimbinhydroklorid, kan leda till allvarligare reaktioner, inklusive h\u00f6gt blodtryck eller hj\u00e4rtarytmier.<\/p>\n\n\n\n<p><b>Kontraindikationer<\/b> mot Vigor Max Nature \u00e4r ocks\u00e5 en viktig aspekt att t\u00e4nka p\u00e5 innan du b\u00f6rjar tillskott. Personer med \u00f6verk\u00e4nslighet mot ingredienserna, liksom de som lider av kroniska sjukdomar eller tar andra mediciner, b\u00f6r konsultera en l\u00e4kare. Det \u00e4r v\u00e4rt att notera att anv\u00e4ndningen av denna typ av tillskott kr\u00e4ver f\u00f6rsiktighet f\u00f6r att undvika biverkningar.<\/p>\n\n\n\n<p>F\u00f6r dem med befintliga medicinska tillst\u00e5nd, s\u00e5som hj\u00e4rtsjukdomar eller diabetes, rekommenderas s\u00e4rskild f\u00f6rsiktighet. Dessa sk\u00e4l understryker vikten av att s\u00f6ka professionell medicinsk r\u00e5dgivning innan du tar Vigor Max Nature f\u00f6r att minimera risken f\u00f6r biverkningar och s\u00e4kerst\u00e4lla h\u00e4lsos\u00e4kerhet.<\/p>\n","protected":false},"excerpt":{"rendered":"<p><strong>[date_countdown]<\/strong><\/p>\n<p><img decoding=\"async\" class=\"alignnone wp-image-12507\" src=\"https:\/\/www.vardcentralenhjartatsolna.se\/farmaci\/wp-content\/uploads\/2024\/11\/SAFE-PAY-300x88-1.png\" alt=\"SAFE-PAY-300x88\" width=\"201\" height=\"59\" \/><\/p>\n","protected":false},"featured_media":12377,"comment_status":"open","ping_status":"closed","template":"","meta":{"neve_meta_sidebar":"","neve_meta_container":"","neve_meta_enable_content_width":"","neve_meta_content_width":0,"neve_meta_title_alignment":"","neve_meta_author_avatar":"","neve_post_elements_order":"","neve_meta_disable_header":"","neve_meta_disable_footer":"","neve_meta_disable_title":"","neve_meta_reading_time":""},"product_brand":[],"product_cat":[565],"product_tag":[],"class_list":{"0":"post-12378","1":"product","2":"type-product","3":"status-publish","4":"has-post-thumbnail","6":"product_cat-halsa","8":"first","9":"instock","10":"sale","11":"shipping-taxable","12":"product-type-external"},"yoast_head":"<!-- This site is optimized with the Yoast SEO plugin v27.4 - https:\/\/yoast.com\/product\/yoast-seo-wordpress\/ -->\n<title>Vigor Max Nature - Recension, Pris, Effekter, Apotek, Forum | -50%<\/title>\n<meta name=\"robots\" content=\"index, follow, max-snippet:-1, max-image-preview:large, max-video-preview:-1\" \/>\n<link rel=\"canonical\" href=\"https:\/\/www.vardcentralenhjartatsolna.se\/farmaci\/apt\/vigor-max-nature\/\" \/>\n<meta property=\"og:locale\" content=\"sv_SE\" \/>\n<meta property=\"og:type\" content=\"article\" \/>\n<meta property=\"og:title\" content=\"Vigor Max Nature - Recension, Pris, Effekter, Apotek, Forum | -50%\" \/>\n<meta property=\"og:url\" content=\"https:\/\/www.vardcentralenhjartatsolna.se\/farmaci\/apt\/vigor-max-nature\/\" \/>\n<meta property=\"og:site_name\" content=\"Vardcentralenhjartatsolna\" \/>\n<meta property=\"article:modified_time\" content=\"2024-11-15T19:12:28+00:00\" \/>\n<meta property=\"og:image\" content=\"https:\/\/www.vardcentralenhjartatsolna.se\/farmaci\/wp-content\/uploads\/2024\/11\/Vigor-Max-Nature.jpg\" \/>\n\t<meta property=\"og:image:width\" content=\"768\" \/>\n\t<meta property=\"og:image:height\" content=\"768\" \/>\n\t<meta property=\"og:image:type\" content=\"image\/jpeg\" \/>\n<meta name=\"twitter:card\" content=\"summary_large_image\" \/>\n<meta name=\"twitter:description\" content=\"[date_countdown]\" \/>\n<meta name=\"twitter:label1\" content=\"Ber\u00e4knad l\u00e4stid\" \/>\n\t<meta name=\"twitter:data1\" content=\"1 minut\" \/>\n<script type=\"application\/ld+json\" class=\"yoast-schema-graph\">{\"@context\":\"https:\\\/\\\/schema.org\",\"@graph\":[{\"@type\":\"WebPage\",\"@id\":\"https:\\\/\\\/www.vardcentralenhjartatsolna.se\\\/farmaci\\\/apt\\\/vigor-max-nature\\\/\",\"url\":\"https:\\\/\\\/www.vardcentralenhjartatsolna.se\\\/farmaci\\\/apt\\\/vigor-max-nature\\\/\",\"name\":\"Vigor Max Nature - Recension, Pris, Effekter, Apotek, Forum | -50%\",\"isPartOf\":{\"@id\":\"https:\\\/\\\/www.vardcentralenhjartatsolna.se\\\/farmaci\\\/#website\"},\"primaryImageOfPage\":{\"@id\":\"https:\\\/\\\/www.vardcentralenhjartatsolna.se\\\/farmaci\\\/apt\\\/vigor-max-nature\\\/#primaryimage\"},\"image\":{\"@id\":\"https:\\\/\\\/www.vardcentralenhjartatsolna.se\\\/farmaci\\\/apt\\\/vigor-max-nature\\\/#primaryimage\"},\"thumbnailUrl\":\"https:\\\/\\\/www.vardcentralenhjartatsolna.se\\\/farmaci\\\/wp-content\\\/uploads\\\/2024\\\/11\\\/Vigor-Max-Nature.jpg\",\"datePublished\":\"2024-11-09T14:08:10+00:00\",\"dateModified\":\"2024-11-15T19:12:28+00:00\",\"breadcrumb\":{\"@id\":\"https:\\\/\\\/www.vardcentralenhjartatsolna.se\\\/farmaci\\\/apt\\\/vigor-max-nature\\\/#breadcrumb\"},\"inLanguage\":\"sv-SE\",\"potentialAction\":[{\"@type\":\"ReadAction\",\"target\":[\"https:\\\/\\\/www.vardcentralenhjartatsolna.se\\\/farmaci\\\/apt\\\/vigor-max-nature\\\/\"]}]},{\"@type\":\"ImageObject\",\"inLanguage\":\"sv-SE\",\"@id\":\"https:\\\/\\\/www.vardcentralenhjartatsolna.se\\\/farmaci\\\/apt\\\/vigor-max-nature\\\/#primaryimage\",\"url\":\"https:\\\/\\\/www.vardcentralenhjartatsolna.se\\\/farmaci\\\/wp-content\\\/uploads\\\/2024\\\/11\\\/Vigor-Max-Nature.jpg\",\"contentUrl\":\"https:\\\/\\\/www.vardcentralenhjartatsolna.se\\\/farmaci\\\/wp-content\\\/uploads\\\/2024\\\/11\\\/Vigor-Max-Nature.jpg\",\"width\":768,\"height\":768},{\"@type\":\"BreadcrumbList\",\"@id\":\"https:\\\/\\\/www.vardcentralenhjartatsolna.se\\\/farmaci\\\/apt\\\/vigor-max-nature\\\/#breadcrumb\",\"itemListElement\":[{\"@type\":\"ListItem\",\"position\":1,\"name\":\"Strona g\u0142\u00f3wna\",\"item\":\"https:\\\/\\\/www.vardcentralenhjartatsolna.se\\\/farmaci\\\/\"},{\"@type\":\"ListItem\",\"position\":2,\"name\":\"Produkte\",\"item\":\"https:\\\/\\\/www.vardcentralenhjartatsolna.se\\\/farmaci\\\/\"},{\"@type\":\"ListItem\",\"position\":3,\"name\":\"Vigor Max Nature\"}]},{\"@type\":\"WebSite\",\"@id\":\"https:\\\/\\\/www.vardcentralenhjartatsolna.se\\\/farmaci\\\/#website\",\"url\":\"https:\\\/\\\/www.vardcentralenhjartatsolna.se\\\/farmaci\\\/\",\"name\":\"Vardcentralenhjartatsolna\",\"description\":\"\",\"potentialAction\":[{\"@type\":\"SearchAction\",\"target\":{\"@type\":\"EntryPoint\",\"urlTemplate\":\"https:\\\/\\\/www.vardcentralenhjartatsolna.se\\\/farmaci\\\/?s={search_term_string}\"},\"query-input\":{\"@type\":\"PropertyValueSpecification\",\"valueRequired\":true,\"valueName\":\"search_term_string\"}}],\"inLanguage\":\"sv-SE\"}]}<\/script>\n<!-- \/ Yoast SEO plugin. -->","yoast_head_json":{"title":"Vigor Max Nature - Recension, Pris, Effekter, Apotek, Forum | -50%","robots":{"index":"index","follow":"follow","max-snippet":"max-snippet:-1","max-image-preview":"max-image-preview:large","max-video-preview":"max-video-preview:-1"},"canonical":"https:\/\/www.vardcentralenhjartatsolna.se\/farmaci\/apt\/vigor-max-nature\/","og_locale":"sv_SE","og_type":"article","og_title":"Vigor Max Nature - Recension, Pris, Effekter, Apotek, Forum | -50%","og_url":"https:\/\/www.vardcentralenhjartatsolna.se\/farmaci\/apt\/vigor-max-nature\/","og_site_name":"Vardcentralenhjartatsolna","article_modified_time":"2024-11-15T19:12:28+00:00","og_image":[{"width":768,"height":768,"url":"https:\/\/www.vardcentralenhjartatsolna.se\/farmaci\/wp-content\/uploads\/2024\/11\/Vigor-Max-Nature.jpg","type":"image\/jpeg"}],"twitter_card":"summary_large_image","twitter_description":"[date_countdown]","twitter_misc":{"Ber\u00e4knad l\u00e4stid":"1 minut"},"schema":{"@context":"https:\/\/schema.org","@graph":[{"@type":"WebPage","@id":"https:\/\/www.vardcentralenhjartatsolna.se\/farmaci\/apt\/vigor-max-nature\/","url":"https:\/\/www.vardcentralenhjartatsolna.se\/farmaci\/apt\/vigor-max-nature\/","name":"Vigor Max Nature - Recension, Pris, Effekter, Apotek, Forum | -50%","isPartOf":{"@id":"https:\/\/www.vardcentralenhjartatsolna.se\/farmaci\/#website"},"primaryImageOfPage":{"@id":"https:\/\/www.vardcentralenhjartatsolna.se\/farmaci\/apt\/vigor-max-nature\/#primaryimage"},"image":{"@id":"https:\/\/www.vardcentralenhjartatsolna.se\/farmaci\/apt\/vigor-max-nature\/#primaryimage"},"thumbnailUrl":"https:\/\/www.vardcentralenhjartatsolna.se\/farmaci\/wp-content\/uploads\/2024\/11\/Vigor-Max-Nature.jpg","datePublished":"2024-11-09T14:08:10+00:00","dateModified":"2024-11-15T19:12:28+00:00","breadcrumb":{"@id":"https:\/\/www.vardcentralenhjartatsolna.se\/farmaci\/apt\/vigor-max-nature\/#breadcrumb"},"inLanguage":"sv-SE","potentialAction":[{"@type":"ReadAction","target":["https:\/\/www.vardcentralenhjartatsolna.se\/farmaci\/apt\/vigor-max-nature\/"]}]},{"@type":"ImageObject","inLanguage":"sv-SE","@id":"https:\/\/www.vardcentralenhjartatsolna.se\/farmaci\/apt\/vigor-max-nature\/#primaryimage","url":"https:\/\/www.vardcentralenhjartatsolna.se\/farmaci\/wp-content\/uploads\/2024\/11\/Vigor-Max-Nature.jpg","contentUrl":"https:\/\/www.vardcentralenhjartatsolna.se\/farmaci\/wp-content\/uploads\/2024\/11\/Vigor-Max-Nature.jpg","width":768,"height":768},{"@type":"BreadcrumbList","@id":"https:\/\/www.vardcentralenhjartatsolna.se\/farmaci\/apt\/vigor-max-nature\/#breadcrumb","itemListElement":[{"@type":"ListItem","position":1,"name":"Strona g\u0142\u00f3wna","item":"https:\/\/www.vardcentralenhjartatsolna.se\/farmaci\/"},{"@type":"ListItem","position":2,"name":"Produkte","item":"https:\/\/www.vardcentralenhjartatsolna.se\/farmaci\/"},{"@type":"ListItem","position":3,"name":"Vigor Max Nature"}]},{"@type":"WebSite","@id":"https:\/\/www.vardcentralenhjartatsolna.se\/farmaci\/#website","url":"https:\/\/www.vardcentralenhjartatsolna.se\/farmaci\/","name":"Vardcentralenhjartatsolna","description":"","potentialAction":[{"@type":"SearchAction","target":{"@type":"EntryPoint","urlTemplate":"https:\/\/www.vardcentralenhjartatsolna.se\/farmaci\/?s={search_term_string}"},"query-input":{"@type":"PropertyValueSpecification","valueRequired":true,"valueName":"search_term_string"}}],"inLanguage":"sv-SE"}]}},"_links":{"self":[{"href":"https:\/\/www.vardcentralenhjartatsolna.se\/farmaci\/wp-json\/wp\/v2\/product\/12378","targetHints":{"allow":["GET"]}}],"collection":[{"href":"https:\/\/www.vardcentralenhjartatsolna.se\/farmaci\/wp-json\/wp\/v2\/product"}],"about":[{"href":"https:\/\/www.vardcentralenhjartatsolna.se\/farmaci\/wp-json\/wp\/v2\/types\/product"}],"replies":[{"embeddable":true,"href":"https:\/\/www.vardcentralenhjartatsolna.se\/farmaci\/wp-json\/wp\/v2\/comments?post=12378"}],"wp:featuredmedia":[{"embeddable":true,"href":"https:\/\/www.vardcentralenhjartatsolna.se\/farmaci\/wp-json\/wp\/v2\/media\/12377"}],"wp:attachment":[{"href":"https:\/\/www.vardcentralenhjartatsolna.se\/farmaci\/wp-json\/wp\/v2\/media?parent=12378"}],"wp:term":[{"taxonomy":"product_brand","embeddable":true,"href":"https:\/\/www.vardcentralenhjartatsolna.se\/farmaci\/wp-json\/wp\/v2\/product_brand?post=12378"},{"taxonomy":"product_cat","embeddable":true,"href":"https:\/\/www.vardcentralenhjartatsolna.se\/farmaci\/wp-json\/wp\/v2\/product_cat?post=12378"},{"taxonomy":"product_tag","embeddable":true,"href":"https:\/\/www.vardcentralenhjartatsolna.se\/farmaci\/wp-json\/wp\/v2\/product_tag?post=12378"}],"curies":[{"name":"wp","href":"https:\/\/api.w.org\/{rel}","templated":true}]}}