{"id":12366,"date":"2024-11-09T15:08:01","date_gmt":"2024-11-09T14:08:01","guid":{"rendered":"https:\/\/blodsjukdom.se\/farmaci\/apt\/natural-slimin-patches\/"},"modified":"2024-11-15T19:00:08","modified_gmt":"2024-11-15T18:00:08","slug":"natural-slimin-patches","status":"publish","type":"product","link":"https:\/\/www.vardcentralenhjartatsolna.se\/farmaci\/apt\/natural-slimin-patches\/","title":{"rendered":"Natural Slimin Patches"},"content":{"rendered":"\n<h2 class=\"wp-block-heading\">Vad \u00e4r Natural Slimin Patches och hur fungerar det?<\/h2>\n\n\n\n<p><strong><b>Natural Slimin Pat<\/b>ches<\/strong> \u00e4r innovativa pl\u00e5ster som syftar till att <b>st\u00f6dja viktminskning<\/b>. Tack vare sina aktiva ingredienser stimulerar de fettmetabolismen och f\u00f6rb\u00e4ttrar hudens elasticitet. Men <b>vad \u00e4r<\/b> <b>Natural Slimin Patches<\/b> exakt? Det \u00e4r en produkt som kan appliceras direkt p\u00e5 huden, d\u00e4r den frig\u00f6r de aktiva ingredienserna under 24 timmar, vilket g\u00f6r den extremt bekv\u00e4m att anv\u00e4nda.<\/p>\n\n\n\n<p>Verkan<b>av<\/b> dessa pl\u00e5ster \u00e4r baserad p\u00e5 intensifieringen av cirkulationen p\u00e5 applikationsst\u00e4llet, vilket p\u00e5skyndar avgiftning av kroppen och fettreduktion. Mer \u00e4n 97,5% av de personer som anv\u00e4nder Natural Slimin Patches rapporterar betydande f\u00f6r\u00e4ndringar, s\u00e5som en minskning av celluliter och bukfetma, inom de f\u00f6rsta 10 dagarna av anv\u00e4ndningen. Dessutom kan <b>effekterna av<\/b> denna produkt ses efter bara en veckas anv\u00e4ndning och viktminskningen kan vara s\u00e5 h\u00f6g som 15 kg p\u00e5 en m\u00e5nad.<\/p>\n\n\n\n<p>Vid anv\u00e4ndning av Natural Slimin Patches kan anv\u00e4ndarna regelbundet byta ut pl\u00e5stret var 24:e timme, vilket g\u00f6r det enkelt att integrera produkten i sin dagliga rutin. Det rekommenderas att pl\u00e5stret placeras under axelbladet, vilket ytterligare f\u00f6rb\u00e4ttrar dess effektivitet. Naturliga <b>ingredienser<\/b> som Yerba Mate-teextrakt, vitt mullb\u00e4r och wakame-alger arbetar synergistiskt f\u00f6r att \u00f6ka effektiviteten av viktminskningsst\u00f6det.<\/p>\n\n\n\n<p>Utan tvekan ger Natural Slimin Patches en modern l\u00f6sning f\u00f6r dem som s\u00f6ker effektivt st\u00f6d f\u00f6r viktminskning, som kombinerar naturliga <b>ingredienser<\/b> och en innovativ formel.<\/p>\n\n\n\n<h2 class=\"wp-block-heading\">Natural Slimin Patches &#8211; effekter<\/h2>\n\n\n\n<p>Natural Slimin Patches lovar betydande <b>resultat<\/b> i viktminskning, vilket kan m\u00e4rkas efter bara n\u00e5gra veckors anv\u00e4ndning. De viktigaste resultaten inkluderar fettreduktion och en accelererad \u00e4mnesoms\u00e4ttning. Anv\u00e4ndare rapporterar ocks\u00e5 f\u00f6rb\u00e4ttringar av hudtillst\u00e5ndet och det allm\u00e4nna v\u00e4lbefinnandet.<\/p>\n\n\n\n<p>Naturliga komponenter som Garcinia Cambogia, Guarana och Fucus Vesiculosus st\u00f6der viktminskningsprocessen, samtidigt som de verkar p\u00e5 aptiten, vilket resulterar i b\u00e4ttre viktkontroll. Det \u00e4r v\u00e4rt att notera att pl\u00e5ster inte bara anv\u00e4nds av dem som vill g\u00e5 ner i vikt, utan ocks\u00e5 av dem som vill h\u00e5lla sig i form genom att tr\u00e4na regelbundet.<\/p>\n\n\n\n<p>M\u00e5nga positiva anv\u00e4ndarrecensioner bekr\u00e4ftar effektiviteten hos Natural Slimin Patches. Det genomsnittliga betyget f\u00f6r dessa pl\u00e5ster \u00e4r 4,95 av 5, vilket tyder p\u00e5 deras utm\u00e4rkta effekt p\u00e5 viktminskning. H\u00e4r \u00e4r exempel p\u00e5 detaljerade recensioner:<\/p>\n\n\n\n<ul class=\"wp-block-list\">\n<li><em>Kasia:<\/em> &#8221;Med hj\u00e4lp av Natural Slimin Patches har jag m\u00e4rkt att min aptit har minskat avsev\u00e4rt. Jag k\u00e4nner mig l\u00e4ttare och har mer energi f\u00f6r dagliga aktiviteter. Efter bara en m\u00e5nad har jag g\u00e5tt ner 4 kg!&#8221;<\/li>\n\n\n\n<li><em>Matthew:<\/em> &#8221;Jag var skeptisk till <b>viktminskningspl\u00e5stren<\/b>, men resultaten \u00f6verraskade mig. Efter 3 veckors anv\u00e4ndning visade v\u00e5gen minus 3 kg och huden i bukomr\u00e5det ser b\u00e4ttre ut \u00e4n n\u00e5gonsin!&#8221;<\/li>\n\n\n\n<li><em>Agata:<\/em> &#8221;N\u00e4r jag letade efter st\u00f6d f\u00f6r viktminskning st\u00f6tte jag p\u00e5 Natural Slimin Patches. Efter n\u00e5gra veckor m\u00e4rkte jag inte bara en viktminskning utan ocks\u00e5 en f\u00f6rb\u00e4ttring av kvaliteten p\u00e5 min hud. Jag skulle definitivt rekommendera det!&#8221;<\/li>\n<\/ul>\n\n\n\n<p><b>Effekterna<\/b> av att anv\u00e4nda Natural Slimin Patches bekr\u00e4ftar att de \u00e4r ett effektivt verktyg i kampen mot \u00f6vervikt och att anv\u00e4ndningen st\u00f6der en h\u00e4lsosam livsstil.<\/p>\n\n\n\n<h2 class=\"wp-block-heading\">Hur man anv\u00e4nder Natural Slimin Patches &#8211; Instruktioner f\u00f6r anv\u00e4ndning och dosering<\/h2>\n\n\n\n<p><b>Anv\u00e4ndningen<\/b> av Natural Slimin Pl\u00e5ster \u00e4r enkel och bekv\u00e4m. F\u00f6r b\u00e4sta resultat, f\u00f6lj instruktionerna nedan. Pl\u00e5stren ska appliceras p\u00e5 ren och torr hud. Den idealiska platsen f\u00f6r applicering \u00e4r d\u00e4r fettv\u00e4vnaden \u00e4r st\u00f6rst, vilket \u00f6kar effektiviteten. Anv\u00e4ndare av denna produkt b\u00f6r applicera ett pl\u00e5ster per dag i minst fyra veckor.<\/p>\n\n\n\n<p>Under anv\u00e4ndningen \u00e4r det viktigt att undvika applicering p\u00e5 skadad hud, vilket kan leda till obehagliga reaktioner. Efter applicering av pl\u00e5stret \u00e4r det alltid l\u00e4mpligt att byta appliceringsst\u00e4lle regelbundet s\u00e5 att huden f\u00e5r en chans att vila. <b>Dosering<\/b> och regelbundenhet vid applicering \u00e4r avg\u00f6rande f\u00f6r att uppn\u00e5 \u00f6nskat resultat.<\/p>\n\n\n\n<p>Kom ih\u00e5g att Natural Slimin-pl\u00e5ster endast ska anv\u00e4ndas enligt anvisningarna i bruksanvisningen. Detta maximerar inte bara resultaten utan minimerar ocks\u00e5 risken f\u00f6r eventuella biverkningar i samband med felaktig anv\u00e4ndning av produkterna. Om du \u00e4r os\u00e4ker p\u00e5 hur produkten ska anv\u00e4ndas eller hur den ska doseras \u00e4r det l\u00e4mpligt att r\u00e5dfr\u00e5ga en fackman.<\/p>\n\n\n\n<h2 class=\"wp-block-heading\">Natural Slimin Patches &#8211; \u00c5sikter och recensioner, Forum<\/h2>\n\n\n\n<p><b>Recensioner<\/b> av Natural Slimin Patches kommer fr\u00e5n en m\u00e4ngd olika k\u00e4llor, inklusive onlineforum d\u00e4r anv\u00e4ndare delar sina <em>erfarenheter av<\/em> att anv\u00e4nda den h\u00e4r produkten. <b>Recensioner<\/b> lyfter ofta fram de positiva resultat de har uppn\u00e5tt efter regelbunden anv\u00e4ndning av pl\u00e5stren.<\/p>\n\n\n\n<blockquote class=\"wp-block-quote is-layout-flow wp-block-quote-is-layout-flow\">\n<p><strong>Catherine:<\/strong> &#8221;Jag anv\u00e4nde Natural Slimin Patches i en m\u00e5nad och m\u00e4rkte en betydande viktminskning och f\u00f6rb\u00e4ttring av hudens utseende. Pl\u00e5stren \u00e4r bekv\u00e4ma och l\u00e4tta att anv\u00e4nda. Jag skulle definitivt rekommendera dem!&#8221;<\/p>\n<\/blockquote>\n\n\n\n<blockquote class=\"wp-block-quote is-layout-flow wp-block-quote-is-layout-flow\">\n<p><strong>Mark:<\/strong> &#8221;Jag var skeptisk till en b\u00f6rjan, men resultaten \u00f6verraskade mig. Efter 3 veckors anv\u00e4ndning m\u00e4rkte jag att min mage blev mindre och att min energi \u00f6kade. Det h\u00e4r \u00e4r en bra produkt att prova.&#8221;<\/p>\n<\/blockquote>\n\n\n\n<blockquote class=\"wp-block-quote is-layout-flow wp-block-quote-is-layout-flow\">\n<p><strong>Anna:<\/strong> &#8221;Natural Slimin Patches \u00e4r det b\u00e4sta jag kunde ha gjort f\u00f6r min kropp. Mindre hunger, mer energi och b\u00e4ttre form! Jag \u00e4r s\u00e5 glad att jag best\u00e4mde mig f\u00f6r att anv\u00e4nda den h\u00e4r produkten.&#8221;<\/p>\n<\/blockquote>\n\n\n\n<p>P\u00e5 forumen delar anv\u00e4ndarna ofta med sig av sina <em>erfarenheter<\/em> av att <em>anv\u00e4nda<\/em> pl\u00e5stren. M\u00e5nga p\u00e5pekar att de \u00e4r l\u00e4tta att anv\u00e4nda och att de \u00e4r bekv\u00e4ma att b\u00e4ra. I sin tur betonar <b>recensionerna<\/b> att effekterna m\u00e4rks efter bara n\u00e5gra veckor, vilket \u00e4r ett starkt argument i s\u00f6kandet efter effektiva <b>viktminskningsl\u00f6sningar<\/b>.<\/p>\n\n\n\n<h2 class=\"wp-block-heading\">Natural Slimin Patches &#8211; sammans\u00e4ttning<\/h2>\n\n\n\n<p>Natural Slimin Patches \u00e4r en innovativ produkt som anv\u00e4nder naturliga <b>ingredienser<\/b> f\u00f6r att st\u00f6dja <b>viktminskning<\/b> och f\u00f6rb\u00e4ttra \u00e4mnesoms\u00e4ttningen. Deras <em>sammans\u00e4ttning<\/em> \u00e4r baserad p\u00e5 noggrant utvalda aktiva ingredienser som syftar till att avgifta kroppen och p\u00e5skynda viktminskning.<\/p>\n\n\n\n<p>Dessa pl\u00e5ster inneh\u00e5ller <em>naturliga<\/em> v\u00e4xtextrakt. Dessa ingredienser st\u00f6der inte bara \u00e4mnesoms\u00e4ttningen utan har ocks\u00e5 en positiv effekt p\u00e5 huden. Dessutom inneh\u00e5ller pl\u00e5stren \u00e4mnen som f\u00f6rb\u00e4ttrar absorptionen av de aktiva ingredienserna genom huden, vilket \u00f6kar deras effektivitet.<\/p>\n\n\n\n<figure class=\"wp-block-table\"><table class=\"has-fixed-layout\"><tbody><tr><th>Ingrediens<\/th><th>Effekt<\/th><\/tr><tr><td>Extrakt av gr\u00f6nt te<\/td><td>St\u00f6djer fettf\u00f6rbr\u00e4nning och avgiftning av kroppen<\/td><\/tr><tr><td>Guarana<\/td><td>Snabbar upp \u00e4mnesoms\u00e4ttningen och \u00f6kar energin<\/td><\/tr><tr><td>Extrakt av n\u00e4sslor<\/td><td>St\u00f6djer avgiftning av kroppen<\/td><\/tr><tr><td>Algin<\/td><td>Minskar absorptionen av fett<\/td><\/tr><\/tbody><\/table><\/figure>\n\n\n\n<p>Dessa <b>aktiva substanser<\/b> i Natural Slimin Patches har en synergistisk effekt p\u00e5 kroppen, vilket i h\u00f6g grad \u00e4r relaterat till viktminskningseffekter. P\u00e5g\u00e5ende studier visar att <b>anv\u00e4ndningen<\/b> av pl\u00e5ster kan leda till m\u00e4rkbar viktminskning och en minskning av celluliter p\u00e5 kort tid. Det \u00e4r d\u00e4rf\u00f6r Natural Slimin Patches har vunnit popularitet bland m\u00e4nniskor som letar efter effektiva och naturliga metoder f\u00f6r att hj\u00e4lpa till med viktminskning.<\/p>\n\n\n\n<h2 class=\"wp-block-heading\">Pris p\u00e5 Natural Slimin Patches &#8211; Var kan jag k\u00f6pa?<\/h2>\n\n\n\n<p><b>Priset<\/b> p\u00e5 Natural Slimin Patches \u00e4r varierande och beror p\u00e5 aktuella kampanjer, vilket g\u00f6r det v\u00e4rt att bes\u00f6ka <em>den officiella tillverkarens<\/em> webbplats regelbundet. Att k\u00f6pa produkten exklusivt d\u00e4r \u00e4r det enda p\u00e5litliga alternativet, eftersom Natural Slimin Patches inte finns tillg\u00e4ngliga p\u00e5 station\u00e4ra apotek. Produktens h\u00f6ga kvalitet och originalitet s\u00e4kerst\u00e4lls endast av auktoriserade k\u00e4llor.<\/p>\n\n\n\n<p>Olika erbjudanden och <em>kampanjer<\/em> finns p\u00e5 tillverkarens officiella webbplats, som \u00e4ndras beroende p\u00e5 s\u00e4song eller speciella evenemang. Det finns ofta kampanjpaket som erbjuder f\u00f6rm\u00e5nligare priser vid k\u00f6p av st\u00f6rre kvantiteter. H\u00e5ll d\u00e4rf\u00f6r ett \u00f6ga p\u00e5 dessa f\u00f6r\u00e4ndringar och dra nytta av de b\u00e4ttre erbjudandena f\u00f6r att f\u00e5 Natural Slimin Patches till ett mer attraktivt pris.<\/p>\n\n\n\n<p>Den rekommenderade platsen att handla \u00e4r d\u00e4rf\u00f6r tillverkarens webbplats, d\u00e4r du kan r\u00e4kna med attraktiva <em>kampanjer<\/em> och en garanti f\u00f6r produktens \u00e4kthet. Se till att du k\u00f6per fr\u00e5n r\u00e4tt k\u00e4lla f\u00f6r att undvika eventuella obehag i samband med icke-originalprodukter.<\/p>\n\n\n\n<h2 class=\"wp-block-heading\">Potentiella biverkningar och kontraindikationer av Natural Slimin Patches<\/h2>\n\n\n\n<p>Natural Slimin Patches anses i allm\u00e4nhet vara s\u00e4kra att anv\u00e4nda, men som med alla produkter kan vissa <strong>biverkningar<\/strong> uppst\u00e5. Vissa personer rapporterar hudirritation vid appliceringsst\u00e4llet f\u00f6r pl\u00e5stret, vilket kan vara obehagligt. Det rekommenderas att en l\u00e4kare konsulteras f\u00f6re anv\u00e4ndning f\u00f6r att s\u00e4kerst\u00e4lla att produkten inte orsakar en allergisk reaktion.<\/p>\n\n\n\n<p>Personer med allergier mot v\u00e4xtingredienser b\u00f6r vara s\u00e4rskilt f\u00f6rsiktiga och \u00f6verv\u00e4ga att s\u00f6ka medicinsk r\u00e5dgivning. Det finns ocks\u00e5 specifika <strong>kontraindikationer<\/strong> f\u00f6r anv\u00e4ndningen av Natural Slimin Patches, s\u00e4rskilt f\u00f6r gravida kvinnor och ammande m\u00f6drar, som b\u00f6r undvika eventuella h\u00e4lsorisker f\u00f6r sitt barn.<\/p>\n\n\n\n<p>N\u00e4r det g\u00e4ller s\u00e4kerhet \u00e4r det viktigt att komma ih\u00e5g att alltid applicera dessa pl\u00e5ster enligt tillverkarens anvisningar. Underl\u00e5tenhet att f\u00f6lja instruktionerna och ol\u00e4mplig <b>applicering<\/b> kan leda till negativa h\u00e4lsokonsekvenser. D\u00e4rf\u00f6r b\u00f6r s\u00e4rskild uppm\u00e4rksamhet \u00e4gnas \u00e5t h\u00e4lsostatus och kroppens eventuella reaktioner p\u00e5 produkten.<\/p>\n","protected":false},"excerpt":{"rendered":"<p><strong>[date_countdown]<\/strong><\/p>\n<p><img decoding=\"async\" class=\"alignnone wp-image-12507\" src=\"https:\/\/www.vardcentralenhjartatsolna.se\/farmaci\/wp-content\/uploads\/2024\/11\/SAFE-PAY-300x88-1.png\" alt=\"SAFE-PAY-300x88\" width=\"201\" height=\"59\" \/><\/p>\n","protected":false},"featured_media":12365,"comment_status":"open","ping_status":"closed","template":"","meta":{"neve_meta_sidebar":"","neve_meta_container":"","neve_meta_enable_content_width":"","neve_meta_content_width":0,"neve_meta_title_alignment":"","neve_meta_author_avatar":"","neve_post_elements_order":"","neve_meta_disable_header":"","neve_meta_disable_footer":"","neve_meta_disable_title":"","neve_meta_reading_time":""},"product_brand":[],"product_cat":[565],"product_tag":[],"class_list":{"0":"post-12366","1":"product","2":"type-product","3":"status-publish","4":"has-post-thumbnail","6":"product_cat-halsa","8":"first","9":"instock","10":"sale","11":"shipping-taxable","12":"product-type-external"},"yoast_head":"<!-- This site is optimized with the Yoast SEO plugin v27.4 - https:\/\/yoast.com\/product\/yoast-seo-wordpress\/ -->\n<title>Natural Slimin Patches - Recension, Pris, Effekter, Apotek, Forum | -50%<\/title>\n<meta name=\"robots\" content=\"index, follow, max-snippet:-1, max-image-preview:large, max-video-preview:-1\" \/>\n<link rel=\"canonical\" href=\"https:\/\/www.vardcentralenhjartatsolna.se\/farmaci\/apt\/natural-slimin-patches\/\" \/>\n<meta property=\"og:locale\" content=\"sv_SE\" \/>\n<meta property=\"og:type\" content=\"article\" \/>\n<meta property=\"og:title\" content=\"Natural Slimin Patches - Recension, Pris, Effekter, Apotek, Forum | -50%\" \/>\n<meta property=\"og:url\" content=\"https:\/\/www.vardcentralenhjartatsolna.se\/farmaci\/apt\/natural-slimin-patches\/\" \/>\n<meta property=\"og:site_name\" content=\"Vardcentralenhjartatsolna\" \/>\n<meta property=\"article:modified_time\" content=\"2024-11-15T18:00:08+00:00\" \/>\n<meta property=\"og:image\" content=\"https:\/\/www.vardcentralenhjartatsolna.se\/farmaci\/wp-content\/uploads\/2024\/11\/Natural-Slimin-Patches.jpg\" \/>\n\t<meta property=\"og:image:width\" content=\"768\" \/>\n\t<meta property=\"og:image:height\" content=\"768\" \/>\n\t<meta property=\"og:image:type\" content=\"image\/jpeg\" \/>\n<meta name=\"twitter:card\" content=\"summary_large_image\" \/>\n<meta name=\"twitter:description\" content=\"[date_countdown]\" \/>\n<meta name=\"twitter:label1\" content=\"Ber\u00e4knad l\u00e4stid\" \/>\n\t<meta name=\"twitter:data1\" content=\"7 minuter\" \/>\n<script type=\"application\/ld+json\" class=\"yoast-schema-graph\">{\"@context\":\"https:\\\/\\\/schema.org\",\"@graph\":[{\"@type\":\"WebPage\",\"@id\":\"https:\\\/\\\/www.vardcentralenhjartatsolna.se\\\/farmaci\\\/apt\\\/natural-slimin-patches\\\/\",\"url\":\"https:\\\/\\\/www.vardcentralenhjartatsolna.se\\\/farmaci\\\/apt\\\/natural-slimin-patches\\\/\",\"name\":\"Natural Slimin Patches - Recension, Pris, Effekter, Apotek, Forum | -50%\",\"isPartOf\":{\"@id\":\"https:\\\/\\\/www.vardcentralenhjartatsolna.se\\\/farmaci\\\/#website\"},\"primaryImageOfPage\":{\"@id\":\"https:\\\/\\\/www.vardcentralenhjartatsolna.se\\\/farmaci\\\/apt\\\/natural-slimin-patches\\\/#primaryimage\"},\"image\":{\"@id\":\"https:\\\/\\\/www.vardcentralenhjartatsolna.se\\\/farmaci\\\/apt\\\/natural-slimin-patches\\\/#primaryimage\"},\"thumbnailUrl\":\"https:\\\/\\\/www.vardcentralenhjartatsolna.se\\\/farmaci\\\/wp-content\\\/uploads\\\/2024\\\/11\\\/Natural-Slimin-Patches.jpg\",\"datePublished\":\"2024-11-09T14:08:01+00:00\",\"dateModified\":\"2024-11-15T18:00:08+00:00\",\"breadcrumb\":{\"@id\":\"https:\\\/\\\/www.vardcentralenhjartatsolna.se\\\/farmaci\\\/apt\\\/natural-slimin-patches\\\/#breadcrumb\"},\"inLanguage\":\"sv-SE\",\"potentialAction\":[{\"@type\":\"ReadAction\",\"target\":[\"https:\\\/\\\/www.vardcentralenhjartatsolna.se\\\/farmaci\\\/apt\\\/natural-slimin-patches\\\/\"]}]},{\"@type\":\"ImageObject\",\"inLanguage\":\"sv-SE\",\"@id\":\"https:\\\/\\\/www.vardcentralenhjartatsolna.se\\\/farmaci\\\/apt\\\/natural-slimin-patches\\\/#primaryimage\",\"url\":\"https:\\\/\\\/www.vardcentralenhjartatsolna.se\\\/farmaci\\\/wp-content\\\/uploads\\\/2024\\\/11\\\/Natural-Slimin-Patches.jpg\",\"contentUrl\":\"https:\\\/\\\/www.vardcentralenhjartatsolna.se\\\/farmaci\\\/wp-content\\\/uploads\\\/2024\\\/11\\\/Natural-Slimin-Patches.jpg\",\"width\":768,\"height\":768},{\"@type\":\"BreadcrumbList\",\"@id\":\"https:\\\/\\\/www.vardcentralenhjartatsolna.se\\\/farmaci\\\/apt\\\/natural-slimin-patches\\\/#breadcrumb\",\"itemListElement\":[{\"@type\":\"ListItem\",\"position\":1,\"name\":\"Strona g\u0142\u00f3wna\",\"item\":\"https:\\\/\\\/www.vardcentralenhjartatsolna.se\\\/farmaci\\\/\"},{\"@type\":\"ListItem\",\"position\":2,\"name\":\"Produkte\",\"item\":\"https:\\\/\\\/www.vardcentralenhjartatsolna.se\\\/farmaci\\\/\"},{\"@type\":\"ListItem\",\"position\":3,\"name\":\"Natural Slimin Patches\"}]},{\"@type\":\"WebSite\",\"@id\":\"https:\\\/\\\/www.vardcentralenhjartatsolna.se\\\/farmaci\\\/#website\",\"url\":\"https:\\\/\\\/www.vardcentralenhjartatsolna.se\\\/farmaci\\\/\",\"name\":\"Vardcentralenhjartatsolna\",\"description\":\"\",\"potentialAction\":[{\"@type\":\"SearchAction\",\"target\":{\"@type\":\"EntryPoint\",\"urlTemplate\":\"https:\\\/\\\/www.vardcentralenhjartatsolna.se\\\/farmaci\\\/?s={search_term_string}\"},\"query-input\":{\"@type\":\"PropertyValueSpecification\",\"valueRequired\":true,\"valueName\":\"search_term_string\"}}],\"inLanguage\":\"sv-SE\"}]}<\/script>\n<!-- \/ Yoast SEO plugin. -->","yoast_head_json":{"title":"Natural Slimin Patches - Recension, Pris, Effekter, Apotek, Forum | -50%","robots":{"index":"index","follow":"follow","max-snippet":"max-snippet:-1","max-image-preview":"max-image-preview:large","max-video-preview":"max-video-preview:-1"},"canonical":"https:\/\/www.vardcentralenhjartatsolna.se\/farmaci\/apt\/natural-slimin-patches\/","og_locale":"sv_SE","og_type":"article","og_title":"Natural Slimin Patches - Recension, Pris, Effekter, Apotek, Forum | -50%","og_url":"https:\/\/www.vardcentralenhjartatsolna.se\/farmaci\/apt\/natural-slimin-patches\/","og_site_name":"Vardcentralenhjartatsolna","article_modified_time":"2024-11-15T18:00:08+00:00","og_image":[{"width":768,"height":768,"url":"https:\/\/www.vardcentralenhjartatsolna.se\/farmaci\/wp-content\/uploads\/2024\/11\/Natural-Slimin-Patches.jpg","type":"image\/jpeg"}],"twitter_card":"summary_large_image","twitter_description":"[date_countdown]","twitter_misc":{"Ber\u00e4knad l\u00e4stid":"7 minuter"},"schema":{"@context":"https:\/\/schema.org","@graph":[{"@type":"WebPage","@id":"https:\/\/www.vardcentralenhjartatsolna.se\/farmaci\/apt\/natural-slimin-patches\/","url":"https:\/\/www.vardcentralenhjartatsolna.se\/farmaci\/apt\/natural-slimin-patches\/","name":"Natural Slimin Patches - Recension, Pris, Effekter, Apotek, Forum | -50%","isPartOf":{"@id":"https:\/\/www.vardcentralenhjartatsolna.se\/farmaci\/#website"},"primaryImageOfPage":{"@id":"https:\/\/www.vardcentralenhjartatsolna.se\/farmaci\/apt\/natural-slimin-patches\/#primaryimage"},"image":{"@id":"https:\/\/www.vardcentralenhjartatsolna.se\/farmaci\/apt\/natural-slimin-patches\/#primaryimage"},"thumbnailUrl":"https:\/\/www.vardcentralenhjartatsolna.se\/farmaci\/wp-content\/uploads\/2024\/11\/Natural-Slimin-Patches.jpg","datePublished":"2024-11-09T14:08:01+00:00","dateModified":"2024-11-15T18:00:08+00:00","breadcrumb":{"@id":"https:\/\/www.vardcentralenhjartatsolna.se\/farmaci\/apt\/natural-slimin-patches\/#breadcrumb"},"inLanguage":"sv-SE","potentialAction":[{"@type":"ReadAction","target":["https:\/\/www.vardcentralenhjartatsolna.se\/farmaci\/apt\/natural-slimin-patches\/"]}]},{"@type":"ImageObject","inLanguage":"sv-SE","@id":"https:\/\/www.vardcentralenhjartatsolna.se\/farmaci\/apt\/natural-slimin-patches\/#primaryimage","url":"https:\/\/www.vardcentralenhjartatsolna.se\/farmaci\/wp-content\/uploads\/2024\/11\/Natural-Slimin-Patches.jpg","contentUrl":"https:\/\/www.vardcentralenhjartatsolna.se\/farmaci\/wp-content\/uploads\/2024\/11\/Natural-Slimin-Patches.jpg","width":768,"height":768},{"@type":"BreadcrumbList","@id":"https:\/\/www.vardcentralenhjartatsolna.se\/farmaci\/apt\/natural-slimin-patches\/#breadcrumb","itemListElement":[{"@type":"ListItem","position":1,"name":"Strona g\u0142\u00f3wna","item":"https:\/\/www.vardcentralenhjartatsolna.se\/farmaci\/"},{"@type":"ListItem","position":2,"name":"Produkte","item":"https:\/\/www.vardcentralenhjartatsolna.se\/farmaci\/"},{"@type":"ListItem","position":3,"name":"Natural Slimin Patches"}]},{"@type":"WebSite","@id":"https:\/\/www.vardcentralenhjartatsolna.se\/farmaci\/#website","url":"https:\/\/www.vardcentralenhjartatsolna.se\/farmaci\/","name":"Vardcentralenhjartatsolna","description":"","potentialAction":[{"@type":"SearchAction","target":{"@type":"EntryPoint","urlTemplate":"https:\/\/www.vardcentralenhjartatsolna.se\/farmaci\/?s={search_term_string}"},"query-input":{"@type":"PropertyValueSpecification","valueRequired":true,"valueName":"search_term_string"}}],"inLanguage":"sv-SE"}]}},"_links":{"self":[{"href":"https:\/\/www.vardcentralenhjartatsolna.se\/farmaci\/wp-json\/wp\/v2\/product\/12366","targetHints":{"allow":["GET"]}}],"collection":[{"href":"https:\/\/www.vardcentralenhjartatsolna.se\/farmaci\/wp-json\/wp\/v2\/product"}],"about":[{"href":"https:\/\/www.vardcentralenhjartatsolna.se\/farmaci\/wp-json\/wp\/v2\/types\/product"}],"replies":[{"embeddable":true,"href":"https:\/\/www.vardcentralenhjartatsolna.se\/farmaci\/wp-json\/wp\/v2\/comments?post=12366"}],"wp:featuredmedia":[{"embeddable":true,"href":"https:\/\/www.vardcentralenhjartatsolna.se\/farmaci\/wp-json\/wp\/v2\/media\/12365"}],"wp:attachment":[{"href":"https:\/\/www.vardcentralenhjartatsolna.se\/farmaci\/wp-json\/wp\/v2\/media?parent=12366"}],"wp:term":[{"taxonomy":"product_brand","embeddable":true,"href":"https:\/\/www.vardcentralenhjartatsolna.se\/farmaci\/wp-json\/wp\/v2\/product_brand?post=12366"},{"taxonomy":"product_cat","embeddable":true,"href":"https:\/\/www.vardcentralenhjartatsolna.se\/farmaci\/wp-json\/wp\/v2\/product_cat?post=12366"},{"taxonomy":"product_tag","embeddable":true,"href":"https:\/\/www.vardcentralenhjartatsolna.se\/farmaci\/wp-json\/wp\/v2\/product_tag?post=12366"}],"curies":[{"name":"wp","href":"https:\/\/api.w.org\/{rel}","templated":true}]}}