{"id":12362,"date":"2024-11-09T15:07:59","date_gmt":"2024-11-09T14:07:59","guid":{"rendered":"https:\/\/blodsjukdom.se\/farmaci\/apt\/magnicharm-bracelet\/"},"modified":"2024-11-15T19:59:47","modified_gmt":"2024-11-15T18:59:47","slug":"magnicharm-bracelet","status":"publish","type":"product","link":"https:\/\/www.vardcentralenhjartatsolna.se\/farmaci\/apt\/magnicharm-bracelet\/","title":{"rendered":"MagniCharm Bracelet"},"content":{"rendered":"\n<h2 class=\"wp-block-heading\">Vad \u00e4r MagniCharm Bracelet och hur fungerar det?<\/h2>\n\n\n\n<p><b>MagniCharm Bracelet<\/b> \u00e4r ett unikt <b>magnetarmband<\/b> som \u00e4r utformat f\u00f6r personer som har problem med sm\u00e4rta och cirkulation. Dess <em>verkan<\/em> baseras p\u00e5 modern magnetterapi, som anv\u00e4nder inb\u00e4ddade magneter f\u00f6r att stimulera kroppen.<\/p>\n\n\n\n<p>I teorin kan de magnetf\u00e4lt som genereras av magnetiska <b>armband<\/b> p\u00e5verka m\u00e4nniskokroppen genom att f\u00f6rb\u00e4ttra blodets mikrocirkulation. Ett s\u00e5dant fenomen st\u00f6der regenerativa processer och minimerar sp\u00e4nningar och sm\u00e4rta. Anv\u00e4ndare av <b>MagniCharm Bracelet<\/b> rapporterar vanligtvis f\u00f6rb\u00e4ttringar av ledsm\u00e4rta och migr\u00e4n.<\/p>\n\n\n\n<figure class=\"wp-block-table\"><table class=\"has-fixed-layout\"><tbody><tr><th>Aspekt<\/th><th>Beskrivning av produkten<\/th><\/tr><tr><td>Produkttyp<\/td><td><b>Magnetiskt armband<\/b><\/td><\/tr><tr><td>Material<\/td><td>H\u00f6gkvalitativa <b>material<\/b> med inbyggda magneter<\/td><\/tr><tr><td>Huvudsakliga <b>effekter<\/b><\/td><td><b>F\u00f6rb\u00e4ttrar cirkulationen<\/b>, <b>lindrar sm\u00e4rta<\/b>, minskar sp\u00e4nningar<\/td><\/tr><tr><td>Tack vare magnetisk terapi<\/td><td>St\u00f6djer reparationsprocesser i kroppen<\/td><\/tr><\/tbody><\/table><\/figure>\n\n\n\n<p>MagniCharm-armbandet blir allt popul\u00e4rare tack vare sin allsidiga <em>effekt<\/em>, som lockar m\u00e4nniskor som letar efter naturliga s\u00e4tt att f\u00f6rb\u00e4ttra sitt v\u00e4lbefinnande. Den anm\u00e4rkningsv\u00e4rda magnettekniken vinner f\u00f6rtroende hos anv\u00e4ndare som letar efter effektiva och s\u00e4kra h\u00e4lsometoder.<\/p>\n\n\n\n<h2 class=\"wp-block-heading\">Effekter av att anv\u00e4nda MagniCharm-armbandet<\/h2>\n\n\n\n<p>Anv\u00e4ndare av MagniCharm-armbandet kan m\u00e4rka ett antal positiva effekter som f\u00f6ljer av <b>effekterna<\/b> av denna innovativa produkt. <b>Magnetterapi<\/b>, som \u00e4r grunden f\u00f6r armbandet, bidrar till ett <em>f\u00f6rb\u00e4ttrat v\u00e4lbefinnande<\/em> och en minskning av sm\u00e4rta vid olika tillst\u00e5nd. Om man b\u00e4r detta tillbeh\u00f6r regelbundet f\u00f6rb\u00e4ttras blodcirkulationen, vilket har en positiv effekt p\u00e5 det allm\u00e4nna v\u00e4lbefinnandet.<\/p>\n\n\n\n<p>Studier tyder p\u00e5 att <b>effekterna av<\/b> att <b>anv\u00e4nda<\/b> MagniCharm Bracelet kan inkludera:<\/p>\n\n\n\n<ul class=\"wp-block-list\">\n<li>Minskning av led- och muskelsm\u00e4rta<\/li>\n\n\n\n<li>Lindring av inflammation<\/li>\n\n\n\n<li>F\u00f6rb\u00e4ttrad kardiovaskul\u00e4r funktion<\/li>\n\n\n\n<li>Regenerering av nervv\u00e4vnader<\/li>\n\n\n\n<li>Eliminering av muskelsp\u00e4nningar<\/li>\n<\/ul>\n\n\n\n<p>En mycket viktig aspekt \u00e4r att anv\u00e4ndarna kan uppleva en <b>minskning av sm\u00e4rtan<\/b> inom bara n\u00e5gra minuter efter att de har burit armbandet. Nyckeln till att uppn\u00e5 b\u00e4sta resultat \u00e4r att b\u00e4ra MagniCharm Bracelet regelbundet i minst tjugo\u00e5tta dagar. Produkten har blivit popul\u00e4r bland m\u00e4nniskor som lider av en rad olika tillst\u00e5nd som osteoartros, migr\u00e4n och \u00e4ven menstruationssm\u00e4rta.<\/p>\n\n\n\n<figure class=\"wp-block-table\"><table class=\"has-fixed-layout\"><tbody><tr><th>Effekter av anv\u00e4ndning<\/th><th>Beskrivning av effekt<\/th><\/tr><tr><td><b>Minskning av sm\u00e4rta<\/b><\/td><td>M\u00e5nga anv\u00e4ndare rapporterar en betydande minskning av led- och muskelsm\u00e4rta, vilket resulterar i en f\u00f6rb\u00e4ttrad livskvalitet.<\/td><\/tr><tr><td><b>F\u00f6rb\u00e4ttrat v\u00e4lbefinnande<\/b><\/td><td>Armbandet st\u00f6der det allm\u00e4nna v\u00e4lbefinnandet genom att f\u00f6rb\u00e4ttra cirkulationen och minska stress.<\/td><\/tr><tr><td>Lindrar inflammation<\/td><td>Regelbunden <b>anv\u00e4ndning<\/b> kan ge lindring av inflammation i r\u00f6relseapparaten.<\/td><\/tr><tr><td>St\u00e4rker immunf\u00f6rsvaret<\/td><td><b>Magnetterapi<\/b> bidrar till att st\u00e4rka kroppens immunf\u00f6rsvar mot olika sjukdomar.<\/td><\/tr><\/tbody><\/table><\/figure>\n\n\n\n<p>MagniCharm-armbandet kan tack vare sin unika sammans\u00e4ttning, inklusive neodymmagneter och turmalin, framg\u00e5ngsrikt minska sm\u00e4rta och \u00e4ven st\u00f6dja <em>magnetterapi<\/em> i det dagliga livet. Anv\u00e4ndarna uppskattar bekv\u00e4mligheten och effektiviteten, vilket g\u00f6r armbandet till en popul\u00e4r l\u00f6sning p\u00e5 h\u00e4lsomarknaden.<\/p>\n\n\n\n<h2 class=\"wp-block-heading\">Hur anv\u00e4nder man MagniCharm-armbandet? &#8211; Dosering<\/h2>\n\n\n\n<p><b>Anv\u00e4ndningen<\/b> av MagniCharm Bracelet \u00e4r enkel och bekv\u00e4m. <b>MagniCharm-armbandet<\/b> \u00e4r utformat f\u00f6r att b\u00e4ras dagligen, s\u00e5 att du kan f\u00e5 ut mesta m\u00f6jliga av det. Det \u00e4r l\u00e4mpligt att <b>b\u00e4ra armbandet<\/b> hela dagen, och helst 24 timmar om dygnet, f\u00f6r optimala resultat.<\/p>\n\n\n\n<p>Om du upplever n\u00e5gra obehagliga f\u00f6rnimmelser eller obehag \u00e4r det l\u00e4mpligt att konsultera din l\u00e4kare. En viktig aspekt av doseringen \u00e4r ocks\u00e5 att effekterna av att b\u00e4ra armbandet kan variera fr\u00e5n person till person. D\u00e4rf\u00f6r rekommenderas att man har t\u00e5lamod och ger kroppen tid att anpassa sig till de nya f\u00f6rh\u00e5llandena.<\/p>\n\n\n\n<ul class=\"wp-block-list\">\n<li><em>Rekommenderad anv\u00e4ndning:<\/em> 24 timmar om dygnet.<\/li>\n\n\n\n<li><em>\u00d6vervakning av v\u00e4lbefinnande<\/em>: Vid obehag, kontakta l\u00e4kare.<\/li>\n\n\n\n<li><em>Individuell respons:<\/em> Effekterna kan variera, t\u00e5lamod rekommenderas.<\/li>\n<\/ul>\n\n\n\n<figure class=\"wp-block-table\"><table class=\"has-fixed-layout\"><tbody><tr><th>Aspekt<\/th><th>Detaljer<\/th><\/tr><tr><td><b>Anv\u00e4nda<\/b><\/td><td><b>B\u00e4r armbandet<\/b> under hela dagen f\u00f6r b\u00e4sta effekt<\/td><\/tr><tr><td><b>Dosering<\/b><\/td><td>Ingen formell dosering, men kontinuerlig anv\u00e4ndning rekommenderas<\/td><\/tr><tr><td>R\u00e5dgivning<\/td><td>R\u00e5dg\u00f6r med l\u00e4kare vid obehag<\/td><\/tr><tr><td>Tid f\u00f6r anpassning<\/td><td>Kroppen kan beh\u00f6va tid f\u00f6r att v\u00e4nja sig vid att b\u00e4ra armbandet<\/td><\/tr><\/tbody><\/table><\/figure>\n\n\n\n<h2 class=\"wp-block-heading\">Anv\u00e4ndarupplevelser och recensioner av MagniCharm Bracelet &#8211; vad \u00e4r recensionerna?<\/h2>\n\n\n\n<p>MagniCharm<b>Bracelet-recensionerna<\/b> \u00e4r varierade och \u00e5terspeglar <b>erfarenheterna fr\u00e5n anv\u00e4ndare<\/b> som har kunnat testa produkten. De allra flesta anv\u00e4ndare bekr\u00e4ftar de positiva effekterna som f\u00f6ljer av att b\u00e4ra armbandet regelbundet. H\u00e4r \u00e4r n\u00e5gra exempel p\u00e5 specifika recensioner:<\/p>\n\n\n\n<blockquote class=\"wp-block-quote is-layout-flow wp-block-quote-is-layout-flow\">\n<p><em>Aneta:<\/em> &#8221;Efter en m\u00e5nad med MagniCharm-armbandet m\u00e4rkte jag en betydande f\u00f6rb\u00e4ttring av mina ledbesv\u00e4r. Sm\u00e4rtan som har f\u00f6ljt mig i flera \u00e5r har definitivt minskat. Jag har kunnat \u00e5terv\u00e4nda till aktiviteter som tidigare var sv\u00e5ra f\u00f6r mig. Jag \u00e4r mycket n\u00f6jd med den h\u00e4r produkten och skulle rekommendera den till alla som k\u00e4mpar med liknande problem.&#8221;<\/p>\n<\/blockquote>\n\n\n\n<blockquote class=\"wp-block-quote is-layout-flow wp-block-quote-is-layout-flow\">\n<p><em>Thomas:<\/em> &#8221;Jag deltog i studien och trodde f\u00f6rst att det var ren placebo, men mina ledv\u00e4rksproblem har verkligen minskat. Dessutom k\u00e4nner jag mig mer energisk varje dag. <b>Effektiviteten<\/b> hos MagniCharm Bracelet \u00e4r en positiv \u00f6verraskning f\u00f6r mig. Alla som tvivlar p\u00e5 det borde ge det ett f\u00f6rs\u00f6k!&#8221;<\/p>\n<\/blockquote>\n\n\n\n<blockquote class=\"wp-block-quote is-layout-flow wp-block-quote-is-layout-flow\">\n<p><em>Kasia:<\/em> &#8221;\u00c4ven om jag var skeptisk till en b\u00f6rjan m\u00e4rkte jag en f\u00f6rb\u00e4ttring efter att ha burit armbandet i n\u00e5gra veckor. Huvudv\u00e4rken \u00e4r mindre frekvent och armbandet i sig \u00e4r elegant och mycket bekv\u00e4mt. Det \u00e4r v\u00e4l v\u00e4rt att sj\u00e4lv se hur effektivt det \u00e4r.&#8221;<\/p>\n<\/blockquote>\n\n\n\n<p>Anv\u00e4ndarnas<b>feedback<\/b> pekar p\u00e5 de betydande f\u00f6rdelar som MagniCharm Bracelet erbjuder. Deras erfarenheter understryker produktens potential som en naturlig metod f\u00f6r att lindra sm\u00e4rta och f\u00f6rb\u00e4ttra det allm\u00e4nna v\u00e4lbefinnandet.<\/p>\n\n\n\n<h2 class=\"wp-block-heading\">MagniCharm Armband &#8211; Sammans\u00e4ttning &#8211; Ingrediensanalys<\/h2>\n\n\n\n<p>Det magnetiska armbandet MagniCharm \u00e4r tillverkat av h\u00f6gkvalitativa material som s\u00e4kerst\u00e4ller att det inte bara \u00e4r estetiskt tilltalande utan ocks\u00e5 h\u00e5llbart. <b>En analys av<\/b> ingredienserna visar att det viktigaste elementet \u00e4r neodymmagneter, k\u00e4nda f\u00f6r sin exceptionella magnetiska styrka. Som ett resultat avger armbandet effektivt ett magnetf\u00e4lt, vilket st\u00f6der dess terapeutiska <b>effekt<\/b>.<\/p>\n\n\n\n<p>Metallkomponenter ing\u00e5r ocks\u00e5 i kompositionen. Dessa <b>material<\/b> ger stabilitet och b\u00e4rkomfort, vilket \u00e4r viktigt f\u00f6r dem som b\u00e4r armbandet under l\u00e5nga perioder. Deras egenskaper l\u00e4gger inte bara till elegans utan p\u00e5verkar ocks\u00e5 produktens <b>effektivitet<\/b>. En <b>sammans\u00e4ttning av<\/b> god kvalitet \u00e4r en garanti f\u00f6r l\u00e5ngvarig anv\u00e4ndning.<\/p>\n\n\n\n<ul class=\"wp-block-list\">\n<li><em>Neodymmagneter<\/em> &#8211; k\u00e4lla till ett starkt magnetf\u00e4lt<\/li>\n\n\n\n<li><em>Metalliska material<\/em> &#8211; stabilitet och b\u00e4rkomfort<\/li>\n\n\n\n<li><em>H\u00e5llbarhet<\/em> &#8211; motst\u00e5ndskraft mot skador och l\u00e5ng livsl\u00e4ngd<\/li>\n<\/ul>\n\n\n\n<p>Tack vare den teknik som anv\u00e4nds och r\u00e4tt val av ingredienser fr\u00e4mjar MagniCharm Bracelet cirkulationen, lindrar sm\u00e4rta och f\u00f6rb\u00e4ttrar v\u00e4lbefinnandet. Anv\u00e4ndarna ber\u00f6mmer b\u00e5da aspekterna av armbandet, b\u00e5de dess estetik och de terapeutiska egenskaperna till f\u00f6ljd av de material som anv\u00e4nds.<\/p>\n\n\n\n<h2 class=\"wp-block-heading\">Var kan man k\u00f6pa och vad \u00e4r priset p\u00e5 MagniCharm Bracelet?<\/h2>\n\n\n\n<p>MagniCharm-armbandet finns exklusivt tillg\u00e4ngligt fr\u00e5n den officiella tillverkarens webbplats. Att k\u00f6pa direkt fr\u00e5n <em>den officiella tillverkaren<\/em> garanterar tillg\u00e5ng till de b\u00e4sta erbjudandena och kampanjerna. Detta \u00e4r viktigt eftersom produkten inte finns tillg\u00e4nglig p\u00e5 station\u00e4ra apotek, vilket g\u00f6r det n\u00f6dv\u00e4ndigt f\u00f6r alla intresserade parter att anv\u00e4nda online shopping.<\/p>\n\n\n\n<p><b>Priset<\/b> p\u00e5 MagniCharm Bracelet kan variera beroende p\u00e5 aktuella kampanjer, som ofta finns tillg\u00e4ngliga p\u00e5 tillverkarens webbplats. Detta ger kunderna m\u00f6jlighet att k\u00f6pa armbandet till gynnsamma villkor. Genom att regelbundet f\u00f6lja erbjudandet p\u00e5 tillverkarens webbplats kan kunderna dra nytta av attraktiva rabatter.<\/p>\n\n\n\n<p>Onlineshopping blir allt popul\u00e4rare p\u00e5 grund av sin bekv\u00e4mlighet och m\u00f6jligheten att bl\u00e4ddra bland en m\u00e4ngd olika erbjudanden. Det \u00e4r v\u00e4rt att komma ih\u00e5g att n\u00e4r du v\u00e4ljer <em>var du ska k\u00f6pa<\/em> MagniCharm-armbandet rekommenderas att du endast anv\u00e4nder <em>ett officiellt f\u00f6rs\u00e4ljningsst\u00e4lle<\/em> f\u00f6r att s\u00e4kerst\u00e4lla produktens kvalitet och \u00e4kthet.<\/p>\n\n\n\n<h2 class=\"wp-block-heading\">MagniCharm Bracelet &#8211; Biverkningar och kontraindikationer &#8211; \u00c4r det s\u00e4kert?<\/h2>\n\n\n\n<p>\u00c4ven om MagniCharm Bracelet i allm\u00e4nhet anses vara en s\u00e4ker produkt finns det n\u00e5gra <b>kontraindikationer<\/b> som b\u00f6r beaktas. De som b\u00e4r pacemaker eller metallimplantat b\u00f6r undvika att anv\u00e4nda detta armband utan att f\u00f6rst r\u00e5dfr\u00e5ga en l\u00e4kare. Det \u00e4r b\u00e4st att fatta ett v\u00e4lgrundat beslut f\u00f6r att undvika potentiella h\u00e4lsokomplikationer.<\/p>\n\n\n\n<p>Potentiella <b>biverkningar av<\/b> att anv\u00e4nda MagniCharm-armbandet kan vara obehag vid kontaktpunkten med magneten. Anv\u00e4ndare b\u00f6r h\u00e5lla ett \u00f6ga p\u00e5 kroppens reaktion och s\u00f6ka professionell r\u00e5dgivning om n\u00e5gra biverkningar uppst\u00e5r. Anv\u00e4ndningen av magnetterapi kan ha positiva effekter, men det \u00e4r viktigt att g\u00f6ra det p\u00e5 ett ansvarsfullt s\u00e4tt.<\/p>\n\n\n\n<p><b>S\u00e4kerheten<\/b> vid anv\u00e4ndning av MagniCharm-armbandet beror p\u00e5 din individuella predisposition, s\u00e5 det \u00e4r vanligtvis tillr\u00e5dligt att konsultera din l\u00e4kare. Kom ih\u00e5g att fatta v\u00e4lgrundade beslut och att inte ignorera symtom som kan uppst\u00e5 vid anv\u00e4ndning av armbandet. Ett noggrant tillv\u00e4gag\u00e5ngss\u00e4tt s\u00e4kerst\u00e4ller att <b>magnetterapi<\/b> \u00e4r kompatibel med din h\u00e4lsa och ditt v\u00e4lbefinnande.<\/p>\n","protected":false},"excerpt":{"rendered":"<p><strong>[date_countdown]<\/strong><\/p>\n<p><img decoding=\"async\" class=\"alignnone wp-image-12507\" src=\"https:\/\/www.vardcentralenhjartatsolna.se\/farmaci\/wp-content\/uploads\/2024\/11\/SAFE-PAY-300x88-1.png\" alt=\"SAFE-PAY-300x88\" width=\"201\" height=\"59\" \/><\/p>\n","protected":false},"featured_media":12361,"comment_status":"open","ping_status":"closed","template":"","meta":{"neve_meta_sidebar":"","neve_meta_container":"","neve_meta_enable_content_width":"","neve_meta_content_width":0,"neve_meta_title_alignment":"","neve_meta_author_avatar":"","neve_post_elements_order":"","neve_meta_disable_header":"","neve_meta_disable_footer":"","neve_meta_disable_title":"","neve_meta_reading_time":""},"product_brand":[],"product_cat":[565],"product_tag":[],"class_list":{"0":"post-12362","1":"product","2":"type-product","3":"status-publish","4":"has-post-thumbnail","6":"product_cat-halsa","8":"first","9":"instock","10":"sale","11":"shipping-taxable","12":"product-type-external"},"yoast_head":"<!-- This site is optimized with the Yoast SEO plugin v27.4 - https:\/\/yoast.com\/product\/yoast-seo-wordpress\/ -->\n<title>MagniCharm Bracelet - Recension, Pris, Effekter, Apotek, Forum | -50%<\/title>\n<meta name=\"robots\" content=\"index, follow, max-snippet:-1, max-image-preview:large, max-video-preview:-1\" \/>\n<link rel=\"canonical\" href=\"https:\/\/www.vardcentralenhjartatsolna.se\/farmaci\/apt\/magnicharm-bracelet\/\" \/>\n<meta property=\"og:locale\" content=\"sv_SE\" \/>\n<meta property=\"og:type\" content=\"article\" \/>\n<meta property=\"og:title\" content=\"MagniCharm Bracelet - Recension, Pris, Effekter, Apotek, Forum | -50%\" \/>\n<meta property=\"og:url\" content=\"https:\/\/www.vardcentralenhjartatsolna.se\/farmaci\/apt\/magnicharm-bracelet\/\" \/>\n<meta property=\"og:site_name\" content=\"Vardcentralenhjartatsolna\" \/>\n<meta property=\"article:modified_time\" content=\"2024-11-15T18:59:47+00:00\" \/>\n<meta property=\"og:image\" content=\"https:\/\/www.vardcentralenhjartatsolna.se\/farmaci\/wp-content\/uploads\/2024\/11\/MagniCharm-Bracelet.jpg\" \/>\n\t<meta property=\"og:image:width\" content=\"768\" \/>\n\t<meta property=\"og:image:height\" content=\"768\" \/>\n\t<meta property=\"og:image:type\" content=\"image\/jpeg\" \/>\n<meta name=\"twitter:card\" content=\"summary_large_image\" \/>\n<meta name=\"twitter:description\" content=\"[date_countdown]\" \/>\n<meta name=\"twitter:label1\" content=\"Ber\u00e4knad l\u00e4stid\" \/>\n\t<meta name=\"twitter:data1\" content=\"1 minut\" \/>\n<script type=\"application\/ld+json\" class=\"yoast-schema-graph\">{\"@context\":\"https:\\\/\\\/schema.org\",\"@graph\":[{\"@type\":\"WebPage\",\"@id\":\"https:\\\/\\\/www.vardcentralenhjartatsolna.se\\\/farmaci\\\/apt\\\/magnicharm-bracelet\\\/\",\"url\":\"https:\\\/\\\/www.vardcentralenhjartatsolna.se\\\/farmaci\\\/apt\\\/magnicharm-bracelet\\\/\",\"name\":\"MagniCharm Bracelet - Recension, Pris, Effekter, Apotek, Forum | -50%\",\"isPartOf\":{\"@id\":\"https:\\\/\\\/www.vardcentralenhjartatsolna.se\\\/farmaci\\\/#website\"},\"primaryImageOfPage\":{\"@id\":\"https:\\\/\\\/www.vardcentralenhjartatsolna.se\\\/farmaci\\\/apt\\\/magnicharm-bracelet\\\/#primaryimage\"},\"image\":{\"@id\":\"https:\\\/\\\/www.vardcentralenhjartatsolna.se\\\/farmaci\\\/apt\\\/magnicharm-bracelet\\\/#primaryimage\"},\"thumbnailUrl\":\"https:\\\/\\\/www.vardcentralenhjartatsolna.se\\\/farmaci\\\/wp-content\\\/uploads\\\/2024\\\/11\\\/MagniCharm-Bracelet.jpg\",\"datePublished\":\"2024-11-09T14:07:59+00:00\",\"dateModified\":\"2024-11-15T18:59:47+00:00\",\"breadcrumb\":{\"@id\":\"https:\\\/\\\/www.vardcentralenhjartatsolna.se\\\/farmaci\\\/apt\\\/magnicharm-bracelet\\\/#breadcrumb\"},\"inLanguage\":\"sv-SE\",\"potentialAction\":[{\"@type\":\"ReadAction\",\"target\":[\"https:\\\/\\\/www.vardcentralenhjartatsolna.se\\\/farmaci\\\/apt\\\/magnicharm-bracelet\\\/\"]}]},{\"@type\":\"ImageObject\",\"inLanguage\":\"sv-SE\",\"@id\":\"https:\\\/\\\/www.vardcentralenhjartatsolna.se\\\/farmaci\\\/apt\\\/magnicharm-bracelet\\\/#primaryimage\",\"url\":\"https:\\\/\\\/www.vardcentralenhjartatsolna.se\\\/farmaci\\\/wp-content\\\/uploads\\\/2024\\\/11\\\/MagniCharm-Bracelet.jpg\",\"contentUrl\":\"https:\\\/\\\/www.vardcentralenhjartatsolna.se\\\/farmaci\\\/wp-content\\\/uploads\\\/2024\\\/11\\\/MagniCharm-Bracelet.jpg\",\"width\":768,\"height\":768},{\"@type\":\"BreadcrumbList\",\"@id\":\"https:\\\/\\\/www.vardcentralenhjartatsolna.se\\\/farmaci\\\/apt\\\/magnicharm-bracelet\\\/#breadcrumb\",\"itemListElement\":[{\"@type\":\"ListItem\",\"position\":1,\"name\":\"Strona g\u0142\u00f3wna\",\"item\":\"https:\\\/\\\/www.vardcentralenhjartatsolna.se\\\/farmaci\\\/\"},{\"@type\":\"ListItem\",\"position\":2,\"name\":\"Produkte\",\"item\":\"https:\\\/\\\/www.vardcentralenhjartatsolna.se\\\/farmaci\\\/\"},{\"@type\":\"ListItem\",\"position\":3,\"name\":\"MagniCharm Bracelet\"}]},{\"@type\":\"WebSite\",\"@id\":\"https:\\\/\\\/www.vardcentralenhjartatsolna.se\\\/farmaci\\\/#website\",\"url\":\"https:\\\/\\\/www.vardcentralenhjartatsolna.se\\\/farmaci\\\/\",\"name\":\"Vardcentralenhjartatsolna\",\"description\":\"\",\"potentialAction\":[{\"@type\":\"SearchAction\",\"target\":{\"@type\":\"EntryPoint\",\"urlTemplate\":\"https:\\\/\\\/www.vardcentralenhjartatsolna.se\\\/farmaci\\\/?s={search_term_string}\"},\"query-input\":{\"@type\":\"PropertyValueSpecification\",\"valueRequired\":true,\"valueName\":\"search_term_string\"}}],\"inLanguage\":\"sv-SE\"}]}<\/script>\n<!-- \/ Yoast SEO plugin. -->","yoast_head_json":{"title":"MagniCharm Bracelet - Recension, Pris, Effekter, Apotek, Forum | -50%","robots":{"index":"index","follow":"follow","max-snippet":"max-snippet:-1","max-image-preview":"max-image-preview:large","max-video-preview":"max-video-preview:-1"},"canonical":"https:\/\/www.vardcentralenhjartatsolna.se\/farmaci\/apt\/magnicharm-bracelet\/","og_locale":"sv_SE","og_type":"article","og_title":"MagniCharm Bracelet - Recension, Pris, Effekter, Apotek, Forum | -50%","og_url":"https:\/\/www.vardcentralenhjartatsolna.se\/farmaci\/apt\/magnicharm-bracelet\/","og_site_name":"Vardcentralenhjartatsolna","article_modified_time":"2024-11-15T18:59:47+00:00","og_image":[{"width":768,"height":768,"url":"https:\/\/www.vardcentralenhjartatsolna.se\/farmaci\/wp-content\/uploads\/2024\/11\/MagniCharm-Bracelet.jpg","type":"image\/jpeg"}],"twitter_card":"summary_large_image","twitter_description":"[date_countdown]","twitter_misc":{"Ber\u00e4knad l\u00e4stid":"1 minut"},"schema":{"@context":"https:\/\/schema.org","@graph":[{"@type":"WebPage","@id":"https:\/\/www.vardcentralenhjartatsolna.se\/farmaci\/apt\/magnicharm-bracelet\/","url":"https:\/\/www.vardcentralenhjartatsolna.se\/farmaci\/apt\/magnicharm-bracelet\/","name":"MagniCharm Bracelet - Recension, Pris, Effekter, Apotek, Forum | -50%","isPartOf":{"@id":"https:\/\/www.vardcentralenhjartatsolna.se\/farmaci\/#website"},"primaryImageOfPage":{"@id":"https:\/\/www.vardcentralenhjartatsolna.se\/farmaci\/apt\/magnicharm-bracelet\/#primaryimage"},"image":{"@id":"https:\/\/www.vardcentralenhjartatsolna.se\/farmaci\/apt\/magnicharm-bracelet\/#primaryimage"},"thumbnailUrl":"https:\/\/www.vardcentralenhjartatsolna.se\/farmaci\/wp-content\/uploads\/2024\/11\/MagniCharm-Bracelet.jpg","datePublished":"2024-11-09T14:07:59+00:00","dateModified":"2024-11-15T18:59:47+00:00","breadcrumb":{"@id":"https:\/\/www.vardcentralenhjartatsolna.se\/farmaci\/apt\/magnicharm-bracelet\/#breadcrumb"},"inLanguage":"sv-SE","potentialAction":[{"@type":"ReadAction","target":["https:\/\/www.vardcentralenhjartatsolna.se\/farmaci\/apt\/magnicharm-bracelet\/"]}]},{"@type":"ImageObject","inLanguage":"sv-SE","@id":"https:\/\/www.vardcentralenhjartatsolna.se\/farmaci\/apt\/magnicharm-bracelet\/#primaryimage","url":"https:\/\/www.vardcentralenhjartatsolna.se\/farmaci\/wp-content\/uploads\/2024\/11\/MagniCharm-Bracelet.jpg","contentUrl":"https:\/\/www.vardcentralenhjartatsolna.se\/farmaci\/wp-content\/uploads\/2024\/11\/MagniCharm-Bracelet.jpg","width":768,"height":768},{"@type":"BreadcrumbList","@id":"https:\/\/www.vardcentralenhjartatsolna.se\/farmaci\/apt\/magnicharm-bracelet\/#breadcrumb","itemListElement":[{"@type":"ListItem","position":1,"name":"Strona g\u0142\u00f3wna","item":"https:\/\/www.vardcentralenhjartatsolna.se\/farmaci\/"},{"@type":"ListItem","position":2,"name":"Produkte","item":"https:\/\/www.vardcentralenhjartatsolna.se\/farmaci\/"},{"@type":"ListItem","position":3,"name":"MagniCharm Bracelet"}]},{"@type":"WebSite","@id":"https:\/\/www.vardcentralenhjartatsolna.se\/farmaci\/#website","url":"https:\/\/www.vardcentralenhjartatsolna.se\/farmaci\/","name":"Vardcentralenhjartatsolna","description":"","potentialAction":[{"@type":"SearchAction","target":{"@type":"EntryPoint","urlTemplate":"https:\/\/www.vardcentralenhjartatsolna.se\/farmaci\/?s={search_term_string}"},"query-input":{"@type":"PropertyValueSpecification","valueRequired":true,"valueName":"search_term_string"}}],"inLanguage":"sv-SE"}]}},"_links":{"self":[{"href":"https:\/\/www.vardcentralenhjartatsolna.se\/farmaci\/wp-json\/wp\/v2\/product\/12362","targetHints":{"allow":["GET"]}}],"collection":[{"href":"https:\/\/www.vardcentralenhjartatsolna.se\/farmaci\/wp-json\/wp\/v2\/product"}],"about":[{"href":"https:\/\/www.vardcentralenhjartatsolna.se\/farmaci\/wp-json\/wp\/v2\/types\/product"}],"replies":[{"embeddable":true,"href":"https:\/\/www.vardcentralenhjartatsolna.se\/farmaci\/wp-json\/wp\/v2\/comments?post=12362"}],"wp:featuredmedia":[{"embeddable":true,"href":"https:\/\/www.vardcentralenhjartatsolna.se\/farmaci\/wp-json\/wp\/v2\/media\/12361"}],"wp:attachment":[{"href":"https:\/\/www.vardcentralenhjartatsolna.se\/farmaci\/wp-json\/wp\/v2\/media?parent=12362"}],"wp:term":[{"taxonomy":"product_brand","embeddable":true,"href":"https:\/\/www.vardcentralenhjartatsolna.se\/farmaci\/wp-json\/wp\/v2\/product_brand?post=12362"},{"taxonomy":"product_cat","embeddable":true,"href":"https:\/\/www.vardcentralenhjartatsolna.se\/farmaci\/wp-json\/wp\/v2\/product_cat?post=12362"},{"taxonomy":"product_tag","embeddable":true,"href":"https:\/\/www.vardcentralenhjartatsolna.se\/farmaci\/wp-json\/wp\/v2\/product_tag?post=12362"}],"curies":[{"name":"wp","href":"https:\/\/api.w.org\/{rel}","templated":true}]}}