{"id":12358,"date":"2024-11-09T15:07:57","date_gmt":"2024-11-09T14:07:57","guid":{"rendered":"https:\/\/blodsjukdom.se\/farmaci\/apt\/flexoni\/"},"modified":"2024-11-15T19:05:28","modified_gmt":"2024-11-15T18:05:28","slug":"flexoni","status":"publish","type":"product","link":"https:\/\/www.vardcentralenhjartatsolna.se\/farmaci\/apt\/flexoni\/","title":{"rendered":"Flexoni"},"content":{"rendered":"\n<h2 class=\"wp-block-heading\">Vad \u00e4r Flexoni och hur fungerar det?<\/h2>\n\n\n\n<p><b>Flexoni<\/b> \u00e4r ett innovativt <b>kosttillskott<\/b> som st\u00f6der <b>led-<\/b> och benh\u00e4lsan. Dess unika formel \u00e4r baserad p\u00e5 naturliga ingredienser som syftar till att f\u00f6rb\u00e4ttra den \u00f6vergripande ledh\u00e4lsan. Det som skiljer detta <b>tillskott<\/b> \u00e4r dess <b>verkan<\/b>, som fokuserar p\u00e5 att regenerera brosk och st\u00f6dja produktionen av kollagen, ett nyckelprotein som \u00e4r ansvarigt f\u00f6r ledintegriteten.<\/p>\n\n\n\n<p>Med anv\u00e4ndning av Flexoni rapporterar m\u00e5nga m\u00e4nniskor f\u00f6rb\u00e4ttringar i minskad sm\u00e4rta och \u00f6kad ledr\u00f6rlighet. <b>Till\u00e4gget<\/b> fungerar genom att minska inflammation, vilket i slut\u00e4ndan bidrar till en b\u00e4ttre livskvalitet. Regelbunden anv\u00e4ndning av Flexoni kan leda till m\u00e4rkbara effekter, s\u00e5som \u00f6kad fysisk kondition och f\u00f6rb\u00e4ttrad ledr\u00f6rlighet.<\/p>\n\n\n\n<p>Det \u00e4r ocks\u00e5 v\u00e4rt att notera att anv\u00e4ndare uppskattar det praktiska med att anv\u00e4nda detta till\u00e4gg. Beroende p\u00e5 individuella behov kan det enkelt inf\u00f6rlivas i den dagliga kosten, vilket g\u00f6r den tillg\u00e4nglig f\u00f6r ett brett spektrum av m\u00e4nniskor som \u00e4r intresserade av att f\u00f6rb\u00e4ttra ledh\u00e4lsan.<\/p>\n\n\n\n<h2 class=\"wp-block-heading\">Effekter av Flexoni<\/h2>\n\n\n\n<p>Anv\u00e4ndningen av Flexoni-tillskottet ger synliga <b>effekter<\/b> som p\u00e5verkar livskvaliteten f\u00f6r dess <b>anv\u00e4ndare<\/b>. Regelbunden anv\u00e4ndning av detta tillskott resulterar i f\u00f6rb\u00e4ttrad ledflexibilitet och en betydande minskning av obehag och sm\u00e4rta i lederna. M\u00e4nniskor som har valt att inkludera Flexoni i sin kost indikerar ofta en \u00f6kad f\u00f6rm\u00e5ga att genomf\u00f6ra fysisk aktivitet.<\/p>\n\n\n\n<p>De l\u00e5ngsiktiga <b>resultaten av<\/b> Flexoni kan bidra till regenerering av skadat brosk. <b>Det gemensamma tillskottet<\/b> ses som en st\u00f6djande \u00e5tg\u00e4rd f\u00f6r att f\u00f6rebygga degenerativ <b>ledsjukdom<\/b>. M\u00e5nga noterar att <b>effekterna av<\/b> Flexoni ocks\u00e5 inkluderar en f\u00f6rb\u00e4ttring av det allm\u00e4nna v\u00e4lbefinnandet och en \u00f6kning av energiniv\u00e5erna p\u00e5 daglig basis.<\/p>\n\n\n\n<blockquote class=\"wp-block-quote is-layout-flow wp-block-quote-is-layout-flow\">\n<p>&#8221;Efter att ha anv\u00e4nt Flexoni i n\u00e5gra veckor m\u00e4rkte jag en \u00f6kad r\u00f6relsefrihet i mina leder. Sm\u00e4rtan har avtagit och jag kan \u00e5terg\u00e5 till mina favoritsporter.&#8221; &#8211; Janek<\/p>\n<\/blockquote>\n\n\n\n<blockquote class=\"wp-block-quote is-layout-flow wp-block-quote-is-layout-flow\">\n<p>&#8221;Flexoni har f\u00f6r\u00e4ndrat mitt dagliga liv. Tack vare den kan jag fungera normalt utan st\u00e4ndig sm\u00e4rta i lederna.&#8221; &#8211; Marta<\/p>\n<\/blockquote>\n\n\n\n<blockquote class=\"wp-block-quote is-layout-flow wp-block-quote-is-layout-flow\">\n<p>&#8221;Jag best\u00e4mde mig f\u00f6r att ta Flexoni efter m\u00e5nga f\u00f6rs\u00f6k med andra kosttillskott. <b>Effekterna<\/b> har \u00f6vertr\u00e4ffat mina f\u00f6rv\u00e4ntningar, jag m\u00e5r mycket b\u00e4ttre.&#8221; &#8211; Adam<\/p>\n<\/blockquote>\n\n\n\n<p>Det \u00e4r v\u00e4rt att n\u00e4mna att de positiva effekterna av Flexoni kan ses efter bara en kort tidsperiod, och regelbundenhet i att ta till\u00e4gget \u00f6kar chanserna f\u00f6r l\u00e5ngsiktig f\u00f6rb\u00e4ttring av ledh\u00e4lsan.<\/p>\n\n\n\n<h2 class=\"wp-block-heading\">Flexoni-dosering &#8211; Hur anv\u00e4nder man?<\/h2>\n\n\n\n<p>Den rekommenderade <b>dosen<\/b> av Flexoni \u00e4r 1-2 kapslar per dag. Det tas b\u00e4st med en m\u00e5ltid, vilket avsev\u00e4rt \u00f6kar absorptionen av de aktiva ingredienserna.<\/p>\n\n\n\n<p>Regelbunden <b>tillskott<\/b> av produkten \u00e4r nyckeln till att uppn\u00e5 optimala resultat. Flexoni fungerar snabbt och lindrar ledv\u00e4rk p\u00e5 bara 30 minuter efter att ha tagit det. Tack vare sina naturliga aktiva ingredienser garanterar Flexoni s\u00e4ker anv\u00e4ndning och effektivitet.<\/p>\n\n\n\n<p>Innan du b\u00f6rjar tillskott rekommenderas att du konsulterar en l\u00e4kare, s\u00e4rskilt f\u00f6r personer med kroniska tillst\u00e5nd eller tar andra mediciner. Anv\u00e4ndare indikerar att produkten inneh\u00e5ller ingredienser som typ II-kollagen, hyaluronsyra och glukosamin f\u00f6r att st\u00f6dja ledh\u00e4lsan.<\/p>\n\n\n\n<p>Individuella <b>upplevelser<\/b> visar betydande f\u00f6rb\u00e4ttringar av r\u00f6rligheten. Det \u00e4r v\u00e4rt att notera att de tydliga instruktionerna i bipacksedeln g\u00f6r det enkelt att inf\u00f6ra Flexoni i den dagliga kosten.<\/p>\n\n\n\n<figure class=\"wp-block-table\"><table class=\"has-fixed-layout\"><tbody><tr><th>Dosering<\/th><th>Hur man tar<\/th><\/tr><tr><td>1-2 kapslar dagligen<\/td><td>I samband med m\u00e5ltid f\u00f6r b\u00e4ttre absorption<\/td><\/tr><tr><td>Regelbundenhet<\/td><td>Dagligen, f\u00f6r optimal effekt<\/td><\/tr><tr><td>Konsultation<\/td><td>Med din l\u00e4kare innan du b\u00f6rjar tillskott<\/td><\/tr><\/tbody><\/table><\/figure>\n\n\n\n<h2 class=\"wp-block-heading\">Flexoni-recensioner och feedback<\/h2>\n\n\n\n<p>Flexoni-anv\u00e4ndare delar sina positiva erfarenheter, som \u00e4r extremt uppmuntrande. H\u00e4r \u00e4r n\u00e5gra av dem:<\/p>\n\n\n\n<blockquote class=\"wp-block-quote is-layout-flow wp-block-quote-is-layout-flow\">\n<p><em>Lucyna, 62 \u00e5r:<\/em> &#8221;Flexoni har visat sig vara en livr\u00e4ddare f\u00f6r mig. Efter n\u00e5gra veckors anv\u00e4ndning m\u00e4rkte jag en betydande f\u00f6rb\u00e4ttring. Mina ledsm\u00e4rtor, som besv\u00e4rat mig i flera \u00e5r, har praktiskt taget f\u00f6rsvunnit. Jag k\u00e4nner mig mer aktiv och kan \u00e5terigen utf\u00f6ra vardagliga aktiviteter utan obehag.&#8221;<\/p>\n<\/blockquote>\n\n\n\n<blockquote class=\"wp-block-quote is-layout-flow wp-block-quote-is-layout-flow\">\n<p><em>Sebastian, 31 \u00e5r:<\/em> &#8221;Jag gick nyligen igenom en skada som kraftigt begr\u00e4nsade min fysiska f\u00f6rm\u00e5ga. Genom att anv\u00e4nda Flexoni kunde jag komma tillbaka till tr\u00e4ningen snabbare \u00e4n v\u00e4ntat. Det \u00e4r det b\u00e4sta tillskottet jag n\u00e5gonsin har provat. Jag skulle rekommendera det till alla som vill f\u00f6rb\u00e4ttra sin kondition.&#8221;<\/p>\n<\/blockquote>\n\n\n\n<blockquote class=\"wp-block-quote is-layout-flow wp-block-quote-is-layout-flow\">\n<p><em>Kasia, 45 \u00e5r:<\/em> &#8221;Jag har anv\u00e4nt Flexoni i en m\u00e5nad. Mina leder \u00e4r nu mer flexibla, sm\u00e4rtan som jag brukade k\u00e4nna n\u00e4r jag tr\u00e4nade har minskat, vilket var sv\u00e5rt f\u00f6r mig tidigare. Jag skulle definitivt rekommendera Flexoni till andra som har problem med lederna.&#8221;<\/p>\n<\/blockquote>\n\n\n\n<p>\u00d6verlag bekr\u00e4ftar <b>feedback<\/b> och <b>recensioner<\/b> fr\u00e5n <b>anv\u00e4ndarna<\/b> att produkten \u00e4r effektiv. Anv\u00e4ndarna noterar en f\u00f6rb\u00e4ttring av r\u00f6relseomf\u00e5nget och en minskning av ledv\u00e4rk, vilket indikerar en positiv <b>upplevelse<\/b> med Flexoni-tillskott.<\/p>\n\n\n\n<h2 class=\"wp-block-heading\">Flexoni &#8211; Sammans\u00e4ttning<\/h2>\n\n\n\n<p>Flexoni har en noggrant formulerad komposition som anv\u00e4nder <em>naturliga ingredienser<\/em> f\u00f6r att st\u00f6dja led- och benh\u00e4lsa. Dess viktigaste <em>aktiva ingredienser<\/em> \u00e4r:<\/p>\n\n\n\n<ul class=\"wp-block-list\">\n<li>Glukosamin &#8211; st\u00f6der regenerering av broskv\u00e4vnad.<\/li>\n\n\n\n<li>Chondroitin &#8211; ger ledflexibilitet och minskar stelhet.<\/li>\n\n\n\n<li>Gurkmeja &#8211; har starka antiinflammatoriska egenskaper som bidrar till att minska ledsm\u00e4rta.<\/li>\n\n\n\n<li>Boswellia &#8211; k\u00e4nd f\u00f6r sina anticancer- och regenerativa egenskaper.<\/li>\n\n\n\n<li>Vitaminerna D och K &#8211; viktiga f\u00f6r att det osteoartikul\u00e4ra systemet ska fungera korrekt.<\/li>\n<\/ul>\n\n\n\n<p>Tack vare dessa <em>naturliga ingredienser<\/em> ger denna <em>komposition<\/em> en synergistisk <b>verkan<\/b> som st\u00f6der ledh\u00e4lsan och f\u00f6rb\u00e4ttrar r\u00f6relsekomforten. Den rika upps\u00e4ttningen <em>aktiva substanser<\/em> g\u00f6r Flexoni mycket popul\u00e4r bland personer med ledproblem. Produktens v\u00e4lbalanserade <em>sammans\u00e4ttning<\/em> bidrar tydligt till dess effektivitet och erbjuder st\u00f6d f\u00f6r personer med en tung fysisk arbetsbelastning eller idrottare, liksom f\u00f6r personer med ledbesv\u00e4r.<\/p>\n\n\n\n<figure class=\"wp-block-table\"><table class=\"has-fixed-layout\"><tbody><tr><th>Ingrediens<\/th><th>Effekt<\/th><\/tr><tr><td>Glukosamin<\/td><td>Regenerering av broskv\u00e4vnad<\/td><\/tr><tr><td>Kondroitin<\/td><td>\u00d6kar flexibiliteten i lederna<\/td><\/tr><tr><td>Gurkmeja<\/td><td>Minskning av inflammation<\/td><\/tr><tr><td>Boswellia<\/td><td>St\u00f6d f\u00f6r regenerativa processer<\/td><\/tr><tr><td>D-vitamin<\/td><td>St\u00f6d f\u00f6r benmetabolism<\/td><\/tr><tr><td>Vitamin K<\/td><td>Reglering av koagulationsprocesser<\/td><\/tr><\/tbody><\/table><\/figure>\n\n\n\n<h2 class=\"wp-block-heading\">Flexoni pris &#8211; var ska man k\u00f6pa?<\/h2>\n\n\n\n<p>Flexoni kan endast k\u00f6pas fr\u00e5n <em>tillverkarens officiella webbplats.<\/em> Det \u00e4r v\u00e4rt att notera att priserna p\u00e5 till\u00e4gget kan variera beroende p\u00e5 de aktuella <em>kampanjer<\/em> som tillverkaren erbjuder. Genom att f\u00f6lja erbjudandet p\u00e5 tillverkarens webbplats kan du f\u00e5nga exceptionella fynd och rabatter.<\/p>\n\n\n\n<p>Det \u00e4r v\u00e4rt att notera att produkten inte finns i station\u00e4ra apotek eller onlinebutiker. Denna distributionsmetod s\u00e4kerst\u00e4ller att kunderna f\u00e5r originalprodukten direkt fr\u00e5n k\u00e4llan, vilket \u00e4r viktigt ur perspektivet av kvalitet och \u00e4kthet vid k\u00f6pet.<\/p>\n\n\n\n<p>Online-shopping ger ocks\u00e5 m\u00f6jlighet att dra nytta av attraktiva kampanjer. Kunderna kan bekv\u00e4mt se information om Flexoni, vilket g\u00f6r k\u00f6pbeslutet enklare. Med tanke p\u00e5 att <em>priset p\u00e5<\/em> Flexoni ofta \u00e4r en nyckelfaktor f\u00f6r personer som lider av led- och bensjukdomar, \u00e4r det l\u00e4mpligt att h\u00e5lla reda p\u00e5 tillg\u00e4ngliga <em>kampanjer<\/em> f\u00f6r att inte missa gynnsamma erbjudanden.<\/p>\n\n\n\n<h2 class=\"wp-block-heading\">Flexoni &#8211; Potentiella biverkningar och kontraindikationer att anv\u00e4nda<\/h2>\n\n\n\n<p>Flexoni anses *generellt vara ett s\u00e4kert kosttillskott*, men som alla produkter kan vissa m\u00e4nniskor uppleva biverkningar. Allergiska reaktioner, s\u00e5som utslag eller svullnad, \u00e4r n\u00e5gra av de vanligaste symtomen som kan uppst\u00e5. Om mag-tarmbesv\u00e4r som buksm\u00e4rta eller illam\u00e5ende uppst\u00e5r rekommenderas att du omedelbart slutar anv\u00e4nda produkten och kontaktar l\u00e4kare.<\/p>\n\n\n\n<p>En viktig aspekt av s\u00e4kerheten f\u00f6r Flexoni \u00e4r <b>kontraindikationerna<\/b>. Detta tillskott rekommenderas inte f\u00f6r gravida eller ammande kvinnor eller personer med sv\u00e5r leversjukdom. Det \u00e4r tillr\u00e5dligt att l\u00e4sa bipacksedeln noggrant och s\u00f6ka h\u00e4lsor\u00e5dgivning innan behandlingen p\u00e5b\u00f6rjas f\u00f6r att undvika eventuella h\u00e4lsoproblem.<\/p>\n","protected":false},"excerpt":{"rendered":"<p><strong>[date_countdown]<\/strong><\/p>\n<p><img decoding=\"async\" class=\"alignnone wp-image-12507\" src=\"https:\/\/www.vardcentralenhjartatsolna.se\/farmaci\/wp-content\/uploads\/2024\/11\/SAFE-PAY-300x88-1.png\" alt=\"SAFE-PAY-300x88\" width=\"201\" height=\"59\" \/><\/p>\n","protected":false},"featured_media":12357,"comment_status":"open","ping_status":"closed","template":"","meta":{"neve_meta_sidebar":"","neve_meta_container":"","neve_meta_enable_content_width":"","neve_meta_content_width":0,"neve_meta_title_alignment":"","neve_meta_author_avatar":"","neve_post_elements_order":"","neve_meta_disable_header":"","neve_meta_disable_footer":"","neve_meta_disable_title":"","neve_meta_reading_time":""},"product_brand":[],"product_cat":[565],"product_tag":[],"class_list":{"0":"post-12358","1":"product","2":"type-product","3":"status-publish","4":"has-post-thumbnail","6":"product_cat-halsa","8":"first","9":"instock","10":"sale","11":"shipping-taxable","12":"product-type-external"},"yoast_head":"<!-- This site is optimized with the Yoast SEO plugin v27.4 - https:\/\/yoast.com\/product\/yoast-seo-wordpress\/ -->\n<title>Flexoni - Recension, Pris, Effekter, Apotek, Forum | -50%<\/title>\n<meta name=\"robots\" content=\"index, follow, max-snippet:-1, max-image-preview:large, max-video-preview:-1\" \/>\n<link rel=\"canonical\" href=\"https:\/\/www.vardcentralenhjartatsolna.se\/farmaci\/apt\/flexoni\/\" \/>\n<meta property=\"og:locale\" content=\"sv_SE\" \/>\n<meta property=\"og:type\" content=\"article\" \/>\n<meta property=\"og:title\" content=\"Flexoni - Recension, Pris, Effekter, Apotek, Forum | -50%\" \/>\n<meta property=\"og:url\" content=\"https:\/\/www.vardcentralenhjartatsolna.se\/farmaci\/apt\/flexoni\/\" \/>\n<meta property=\"og:site_name\" content=\"Vardcentralenhjartatsolna\" \/>\n<meta property=\"article:modified_time\" content=\"2024-11-15T18:05:28+00:00\" \/>\n<meta property=\"og:image\" content=\"https:\/\/www.vardcentralenhjartatsolna.se\/farmaci\/wp-content\/uploads\/2024\/11\/Flexoni.jpg\" \/>\n\t<meta property=\"og:image:width\" content=\"768\" \/>\n\t<meta property=\"og:image:height\" content=\"768\" \/>\n\t<meta property=\"og:image:type\" content=\"image\/jpeg\" \/>\n<meta name=\"twitter:card\" content=\"summary_large_image\" \/>\n<meta name=\"twitter:description\" content=\"[date_countdown]\" \/>\n<meta name=\"twitter:label1\" content=\"Ber\u00e4knad l\u00e4stid\" \/>\n\t<meta name=\"twitter:data1\" content=\"1 minut\" \/>\n<script type=\"application\/ld+json\" class=\"yoast-schema-graph\">{\"@context\":\"https:\\\/\\\/schema.org\",\"@graph\":[{\"@type\":\"WebPage\",\"@id\":\"https:\\\/\\\/www.vardcentralenhjartatsolna.se\\\/farmaci\\\/apt\\\/flexoni\\\/\",\"url\":\"https:\\\/\\\/www.vardcentralenhjartatsolna.se\\\/farmaci\\\/apt\\\/flexoni\\\/\",\"name\":\"Flexoni - Recension, Pris, Effekter, Apotek, Forum | -50%\",\"isPartOf\":{\"@id\":\"https:\\\/\\\/www.vardcentralenhjartatsolna.se\\\/farmaci\\\/#website\"},\"primaryImageOfPage\":{\"@id\":\"https:\\\/\\\/www.vardcentralenhjartatsolna.se\\\/farmaci\\\/apt\\\/flexoni\\\/#primaryimage\"},\"image\":{\"@id\":\"https:\\\/\\\/www.vardcentralenhjartatsolna.se\\\/farmaci\\\/apt\\\/flexoni\\\/#primaryimage\"},\"thumbnailUrl\":\"https:\\\/\\\/www.vardcentralenhjartatsolna.se\\\/farmaci\\\/wp-content\\\/uploads\\\/2024\\\/11\\\/Flexoni.jpg\",\"datePublished\":\"2024-11-09T14:07:57+00:00\",\"dateModified\":\"2024-11-15T18:05:28+00:00\",\"breadcrumb\":{\"@id\":\"https:\\\/\\\/www.vardcentralenhjartatsolna.se\\\/farmaci\\\/apt\\\/flexoni\\\/#breadcrumb\"},\"inLanguage\":\"sv-SE\",\"potentialAction\":[{\"@type\":\"ReadAction\",\"target\":[\"https:\\\/\\\/www.vardcentralenhjartatsolna.se\\\/farmaci\\\/apt\\\/flexoni\\\/\"]}]},{\"@type\":\"ImageObject\",\"inLanguage\":\"sv-SE\",\"@id\":\"https:\\\/\\\/www.vardcentralenhjartatsolna.se\\\/farmaci\\\/apt\\\/flexoni\\\/#primaryimage\",\"url\":\"https:\\\/\\\/www.vardcentralenhjartatsolna.se\\\/farmaci\\\/wp-content\\\/uploads\\\/2024\\\/11\\\/Flexoni.jpg\",\"contentUrl\":\"https:\\\/\\\/www.vardcentralenhjartatsolna.se\\\/farmaci\\\/wp-content\\\/uploads\\\/2024\\\/11\\\/Flexoni.jpg\",\"width\":768,\"height\":768},{\"@type\":\"BreadcrumbList\",\"@id\":\"https:\\\/\\\/www.vardcentralenhjartatsolna.se\\\/farmaci\\\/apt\\\/flexoni\\\/#breadcrumb\",\"itemListElement\":[{\"@type\":\"ListItem\",\"position\":1,\"name\":\"Strona g\u0142\u00f3wna\",\"item\":\"https:\\\/\\\/www.vardcentralenhjartatsolna.se\\\/farmaci\\\/\"},{\"@type\":\"ListItem\",\"position\":2,\"name\":\"Produkte\",\"item\":\"https:\\\/\\\/www.vardcentralenhjartatsolna.se\\\/farmaci\\\/\"},{\"@type\":\"ListItem\",\"position\":3,\"name\":\"Flexoni\"}]},{\"@type\":\"WebSite\",\"@id\":\"https:\\\/\\\/www.vardcentralenhjartatsolna.se\\\/farmaci\\\/#website\",\"url\":\"https:\\\/\\\/www.vardcentralenhjartatsolna.se\\\/farmaci\\\/\",\"name\":\"Vardcentralenhjartatsolna\",\"description\":\"\",\"potentialAction\":[{\"@type\":\"SearchAction\",\"target\":{\"@type\":\"EntryPoint\",\"urlTemplate\":\"https:\\\/\\\/www.vardcentralenhjartatsolna.se\\\/farmaci\\\/?s={search_term_string}\"},\"query-input\":{\"@type\":\"PropertyValueSpecification\",\"valueRequired\":true,\"valueName\":\"search_term_string\"}}],\"inLanguage\":\"sv-SE\"}]}<\/script>\n<!-- \/ Yoast SEO plugin. -->","yoast_head_json":{"title":"Flexoni - Recension, Pris, Effekter, Apotek, Forum | -50%","robots":{"index":"index","follow":"follow","max-snippet":"max-snippet:-1","max-image-preview":"max-image-preview:large","max-video-preview":"max-video-preview:-1"},"canonical":"https:\/\/www.vardcentralenhjartatsolna.se\/farmaci\/apt\/flexoni\/","og_locale":"sv_SE","og_type":"article","og_title":"Flexoni - Recension, Pris, Effekter, Apotek, Forum | -50%","og_url":"https:\/\/www.vardcentralenhjartatsolna.se\/farmaci\/apt\/flexoni\/","og_site_name":"Vardcentralenhjartatsolna","article_modified_time":"2024-11-15T18:05:28+00:00","og_image":[{"width":768,"height":768,"url":"https:\/\/www.vardcentralenhjartatsolna.se\/farmaci\/wp-content\/uploads\/2024\/11\/Flexoni.jpg","type":"image\/jpeg"}],"twitter_card":"summary_large_image","twitter_description":"[date_countdown]","twitter_misc":{"Ber\u00e4knad l\u00e4stid":"1 minut"},"schema":{"@context":"https:\/\/schema.org","@graph":[{"@type":"WebPage","@id":"https:\/\/www.vardcentralenhjartatsolna.se\/farmaci\/apt\/flexoni\/","url":"https:\/\/www.vardcentralenhjartatsolna.se\/farmaci\/apt\/flexoni\/","name":"Flexoni - Recension, Pris, Effekter, Apotek, Forum | -50%","isPartOf":{"@id":"https:\/\/www.vardcentralenhjartatsolna.se\/farmaci\/#website"},"primaryImageOfPage":{"@id":"https:\/\/www.vardcentralenhjartatsolna.se\/farmaci\/apt\/flexoni\/#primaryimage"},"image":{"@id":"https:\/\/www.vardcentralenhjartatsolna.se\/farmaci\/apt\/flexoni\/#primaryimage"},"thumbnailUrl":"https:\/\/www.vardcentralenhjartatsolna.se\/farmaci\/wp-content\/uploads\/2024\/11\/Flexoni.jpg","datePublished":"2024-11-09T14:07:57+00:00","dateModified":"2024-11-15T18:05:28+00:00","breadcrumb":{"@id":"https:\/\/www.vardcentralenhjartatsolna.se\/farmaci\/apt\/flexoni\/#breadcrumb"},"inLanguage":"sv-SE","potentialAction":[{"@type":"ReadAction","target":["https:\/\/www.vardcentralenhjartatsolna.se\/farmaci\/apt\/flexoni\/"]}]},{"@type":"ImageObject","inLanguage":"sv-SE","@id":"https:\/\/www.vardcentralenhjartatsolna.se\/farmaci\/apt\/flexoni\/#primaryimage","url":"https:\/\/www.vardcentralenhjartatsolna.se\/farmaci\/wp-content\/uploads\/2024\/11\/Flexoni.jpg","contentUrl":"https:\/\/www.vardcentralenhjartatsolna.se\/farmaci\/wp-content\/uploads\/2024\/11\/Flexoni.jpg","width":768,"height":768},{"@type":"BreadcrumbList","@id":"https:\/\/www.vardcentralenhjartatsolna.se\/farmaci\/apt\/flexoni\/#breadcrumb","itemListElement":[{"@type":"ListItem","position":1,"name":"Strona g\u0142\u00f3wna","item":"https:\/\/www.vardcentralenhjartatsolna.se\/farmaci\/"},{"@type":"ListItem","position":2,"name":"Produkte","item":"https:\/\/www.vardcentralenhjartatsolna.se\/farmaci\/"},{"@type":"ListItem","position":3,"name":"Flexoni"}]},{"@type":"WebSite","@id":"https:\/\/www.vardcentralenhjartatsolna.se\/farmaci\/#website","url":"https:\/\/www.vardcentralenhjartatsolna.se\/farmaci\/","name":"Vardcentralenhjartatsolna","description":"","potentialAction":[{"@type":"SearchAction","target":{"@type":"EntryPoint","urlTemplate":"https:\/\/www.vardcentralenhjartatsolna.se\/farmaci\/?s={search_term_string}"},"query-input":{"@type":"PropertyValueSpecification","valueRequired":true,"valueName":"search_term_string"}}],"inLanguage":"sv-SE"}]}},"_links":{"self":[{"href":"https:\/\/www.vardcentralenhjartatsolna.se\/farmaci\/wp-json\/wp\/v2\/product\/12358","targetHints":{"allow":["GET"]}}],"collection":[{"href":"https:\/\/www.vardcentralenhjartatsolna.se\/farmaci\/wp-json\/wp\/v2\/product"}],"about":[{"href":"https:\/\/www.vardcentralenhjartatsolna.se\/farmaci\/wp-json\/wp\/v2\/types\/product"}],"replies":[{"embeddable":true,"href":"https:\/\/www.vardcentralenhjartatsolna.se\/farmaci\/wp-json\/wp\/v2\/comments?post=12358"}],"wp:featuredmedia":[{"embeddable":true,"href":"https:\/\/www.vardcentralenhjartatsolna.se\/farmaci\/wp-json\/wp\/v2\/media\/12357"}],"wp:attachment":[{"href":"https:\/\/www.vardcentralenhjartatsolna.se\/farmaci\/wp-json\/wp\/v2\/media?parent=12358"}],"wp:term":[{"taxonomy":"product_brand","embeddable":true,"href":"https:\/\/www.vardcentralenhjartatsolna.se\/farmaci\/wp-json\/wp\/v2\/product_brand?post=12358"},{"taxonomy":"product_cat","embeddable":true,"href":"https:\/\/www.vardcentralenhjartatsolna.se\/farmaci\/wp-json\/wp\/v2\/product_cat?post=12358"},{"taxonomy":"product_tag","embeddable":true,"href":"https:\/\/www.vardcentralenhjartatsolna.se\/farmaci\/wp-json\/wp\/v2\/product_tag?post=12358"}],"curies":[{"name":"wp","href":"https:\/\/api.w.org\/{rel}","templated":true}]}}