{"id":12356,"date":"2024-11-09T15:07:56","date_gmt":"2024-11-09T14:07:56","guid":{"rendered":"https:\/\/blodsjukdom.se\/farmaci\/apt\/hemply-hair-fall-prevention-lotion\/"},"modified":"2024-11-13T15:43:53","modified_gmt":"2024-11-13T14:43:53","slug":"hemply-hair-fall-prevention-lotion","status":"publish","type":"product","link":"https:\/\/www.vardcentralenhjartatsolna.se\/farmaci\/apt\/hemply-hair-fall-prevention-lotion\/","title":{"rendered":"Hemply Hair Fall Prevention Lotion"},"content":{"rendered":"\n<h2 class=\"wp-block-heading\" id=\"block-ec12628f-9304-4fb7-9623-c6f139e0483d\">Vad \u00e4r Hemply Hair Fall Prevention Lotion och hur fungerar det?<\/h2>\n\n\n\n<p id=\"block-8469c537-0e0d-4285-83e1-a8c8be42abab\"><strong>Hemply Hair Fall Prevention Lotion<\/strong> \u00e4r en innovativ formulering till\u00e4gnad m\u00e4nniskor som st\u00e5r inf\u00f6r problemet med f\u00f6rebyggande av h\u00e5ravfall. Dess <em>verkan<\/em> \u00e4r baserad p\u00e5 noggrant utvalda, naturliga ingredienser som fr\u00e4mjar h\u00e5rv\u00e4xt och f\u00f6rb\u00e4ttrar dess tillst\u00e5nd. Lotionen \u00e4r s\u00e4rskilt anv\u00e4ndbar vid fall av androgenetisk alopeci och alopecia areata, som drabbar m\u00e5nga m\u00e4nniskor \u00f6ver hela v\u00e4rlden.<\/p>\n\n\n\n<p id=\"block-5fe032eb-69ea-41d6-843a-1c7246d918bf\">Formeln stimulerar h\u00e5rs\u00e4ckarna att v\u00e4xa mer intensivt. De viktigaste elementen i <strong>Hemply Hair Fall Prevention Lotion<\/strong> syftar till att aktivera regenerativa processer i h\u00e5rbotten, vilket bidrar till att <em>f\u00f6rebygga h\u00e5ravfall<\/em>. Regelbunden anv\u00e4ndning leder till en f\u00f6rb\u00e4ttring av h\u00e5rets kvalitet och densitet, vilket har vunnit ber\u00f6m fr\u00e5n anv\u00e4ndarna.<\/p>\n\n\n\n<p id=\"block-915ac9b9-f1b3-4ffa-99a5-e4200571aa53\">M\u00e5nga har utv\u00e4rderat produkten positivt och gett den ett h\u00f6gt betyg p\u00e5 5 av 5 baserat p\u00e5 m\u00e5nga recensioner. <strong>Hemply Hair Fall Prevention Lotion<\/strong> \u00e4r d\u00e4rf\u00f6r ett effektivt st\u00f6d f\u00f6r dem som k\u00e4mpar med h\u00e5ravfall, och dess naturliga sammans\u00e4ttning g\u00f6r det till ett s\u00e4kert val.<\/p>\n\n\n\n<h2 class=\"wp-block-heading\" id=\"block-1245f068-5cca-41ed-84a2-a06e310de5d5\">Effekter av att anv\u00e4nda Hemply Hair Fall Prevention Lotion<\/h2>\n\n\n\n<p id=\"block-e4023066-64a4-406e-a183-34661a67ac8f\">Regelbunden anv\u00e4ndning av Hemply Hair Fall Prevention Lotion ger m\u00e4rkbara <strong>resultat<\/strong> n\u00e4r det g\u00e4ller att ta hand om <strong>friskt h\u00e5r<\/strong>. M\u00e5nga m\u00e4nniskor m\u00e4rker en \u00f6kning av h\u00e5rdensiteten, vilket p\u00e5verkar h\u00e5rets \u00f6vergripande utseende och h\u00e4lsa. Anv\u00e4ndare rapporterar ocks\u00e5 en f\u00f6rb\u00e4ttring av h\u00e5rets elasticitet, vilket bidrar till b\u00e4ttre motst\u00e5ndskraft mot skador.<\/p>\n\n\n\n<ul id=\"block-dbb028c9-fc89-4bf4-886d-ddf72342d0cd\" class=\"wp-block-list\">\n<li><em>Minskning av h\u00e5ravfall:<\/em> Tillverkaren betonar att kosmetiken \u00e4r effektiv f\u00f6r att minska h\u00e5ravfall, vilket blir uppenbart efter flera veckors regelbunden anv\u00e4ndning.<\/li>\n\n\n\n<li><em>F\u00f6rb\u00e4ttrat h\u00e5rbottentillst\u00e5nd:<\/em><strong>Effekterna<\/strong> av Hemply Hair Fall Prevention Lotion inkluderar ocks\u00e5 regenerering av h\u00e5rbotten, vilket \u00e4r avg\u00f6rande f\u00f6r en sund h\u00e5rv\u00e4xt.<\/li>\n\n\n\n<li><em>Omfattande n\u00e4ring:<\/em> Lotionen ger viktiga n\u00e4rings\u00e4mnen till h\u00e5ret och dess r\u00f6tter, vilket fr\u00e4mjar h\u00e5rf\u00f6rst\u00e4rkning och n\u00e4ring.<\/li>\n<\/ul>\n\n\n\n<p id=\"block-8d8c33fa-0310-4010-a2e2-44dc15749d52\">Genom att anv\u00e4nda Hemply Hair Fall Prevention Lotion kan du r\u00e4kna med l\u00e5ngvariga resultat som bidrar till friskt h\u00e5r fullt av glans.<\/p>\n\n\n\n<h2 class=\"wp-block-heading\" id=\"block-0eb7bb26-3445-4ff4-96cc-dc7a78743cc9\">Hur anv\u00e4nder man Hemply Hair Fall Prevention Lotion? &#8211; Dosering<\/h2>\n\n\n\n<p id=\"block-bf077d47-e697-44dd-be8b-812a447a188b\">Hemply Hair Fall Prevention Lotion \u00e4r en produkt som \u00e4r utformad f\u00f6r att ta itu med det vanliga problemet med \u00f6verdrivet h\u00e5ravfall. Korrekt <strong>dosering<\/strong> och applicering av denna produkt \u00e4r nyckeln till att uppn\u00e5 b\u00e4sta resultat. Det rekommenderas att anv\u00e4nda lotionen regelbundet, minst tv\u00e5 g\u00e5nger om dagen.<\/p>\n\n\n\n<p id=\"block-1cd57d8a-cba7-455a-88cb-c1aa2f3b69db\">F\u00f6r att effektivt anv\u00e4nda Hemply Hair Fall Prevention Lotion, f\u00f6lj dessa steg:<\/p>\n\n\n\n<ol id=\"block-e15f4aa7-7a16-4e89-ad63-a945ebe6e28d\" class=\"wp-block-list\">\n<li>Applicera en liten m\u00e4ngd lotion i h\u00e5rbotten.<\/li>\n\n\n\n<li>Massera f\u00f6rsiktigt in lotionen i h\u00e5rbotten tills den \u00e4r helt absorberad.<\/li>\n\n\n\n<li>Sk\u00f6lj inte ut produkten f\u00f6r att m\u00f6jligg\u00f6ra maximal nytta av dess egenskaper.<\/li>\n<\/ol>\n\n\n\n<p id=\"block-5b7025a2-2429-4763-a65d-f87e83aa6e31\">Regelbunden anv\u00e4ndning av Hemply Hair Fall Prevention Lotion kommer att bidra till starkare h\u00e5r och snabbare h\u00e5rv\u00e4xt. Kom ih\u00e5g att regelbundenhet i ans\u00f6kan \u00e4r avg\u00f6rande f\u00f6r b\u00e4sta resultat.<\/p>\n\n\n\n<h2 class=\"wp-block-heading\" id=\"block-83121a89-9a5f-4cb5-8653-2e51c39f8aff\">Hemply Hair Fall Prevention Lotion recensioner &#8211; Vad s\u00e4ger anv\u00e4ndarna i forumen?<\/h2>\n\n\n\n<p id=\"block-bb50dd9c-f6a5-4ca1-a1f5-59101eeb3fa9\">Anv\u00e4ndare av Hemply Hair Fall Prevention Lotion delar sina erfarenheter p\u00e5 olika onlineforum. <strong>Feedbacken<\/strong> \u00e4r \u00f6verv\u00e4ldigande positiv, vilket bekr\u00e4ftar produktens h\u00f6ga effektivitet. H\u00e4r \u00e4r en \u00f6versikt \u00f6ver de vanligaste kommentarerna:<\/p>\n\n\n\n<blockquote class=\"wp-block-quote is-layout-flow wp-block-quote-is-layout-flow\">\n<p id=\"block-90623f32-417c-482e-aa85-a4ec82e5f9b0\">&#8221;Mitt h\u00e5r har blivit starkare och friskare sedan jag anv\u00e4nde lotionen. Jag skulle definitivt rekommendera det!&#8221;<\/p>\n<\/blockquote>\n\n\n\n<blockquote class=\"wp-block-quote is-layout-flow wp-block-quote-is-layout-flow\">\n<p id=\"block-62498f68-e90a-4837-a303-e32f217fa614\">&#8221;Jag har m\u00e4rkt en betydande skillnad i mitt h\u00e5rs h\u00e4lsa efter sex m\u00e5naders anv\u00e4ndning av denna produkt. Jag skulle rekommendera den till alla som har problem med h\u00e5ravfall.&#8221;<\/p>\n<\/blockquote>\n\n\n\n<p id=\"block-fe9c7092-4673-4732-8e25-7d833c97a198\">Den kvalitativa forskningen samlade in f\u00f6ljande resultat fr\u00e5n anv\u00e4ndarupplevelsen:<\/p>\n\n\n\n<figure class=\"wp-block-table\"><table class=\"has-fixed-layout\"><tbody><tr><th>Funktion<\/th><th>Positiv feedback<\/th><th>Negativ \u00e5terkoppling<\/th><\/tr><tr><td>Naturliga ingredienser<\/td><td>M\u00e5nga anv\u00e4ndare ber\u00f6mmer lotionens sammans\u00e4ttning som s\u00e4ker och naturlig.<\/td><td>Vissa noterar att priset kan vara h\u00f6gt.<\/td><\/tr><tr><td>Effekter<\/td><td>Anv\u00e4ndare m\u00e4rker i allm\u00e4nhet en f\u00f6rb\u00e4ttring av h\u00e5rdensiteten p\u00e5 kort tid.<\/td><td>Vissa klagar \u00f6ver behovet av att applicera lotionen tv\u00e5 g\u00e5nger om dagen och den tid det tar att m\u00e4rka effekterna.<\/td><\/tr><tr><td>Allm\u00e4nhetens acceptans<\/td><td>\u00d6verlag \u00e4r tillfredsst\u00e4llelsen med produkten h\u00f6g.<\/td><td>Vissa m\u00e4nniskor f\u00f6redrar att handla i station\u00e4ra butiker, vilket g\u00f6r det sv\u00e5rt att f\u00e5 tillg\u00e5ng till produkten.<\/td><\/tr><\/tbody><\/table><\/figure>\n\n\n\n<p><\/p>\n\n\n\n<p id=\"block-1db3c026-fa6f-42ae-acbc-9b02eec5e5b6\">Recensioner av Hemply Hair Fall Prevention Lotion indikerar att fler och fler anv\u00e4ndare rekommenderar produkten till andra och m\u00e4rker en f\u00f6rb\u00e4ttring inte bara i h\u00e5rets tillst\u00e5nd utan ocks\u00e5 i dess \u00f6vergripande utseende. Denna sk\u00f6nhetsprodukt \u00e4r v\u00e4rt att \u00f6verv\u00e4ga, s\u00e4rskilt med tanke p\u00e5 andras positiva <strong>erfarenheter<\/strong>.<\/p>\n\n\n\n<h2 class=\"wp-block-heading\" id=\"block-eb92fd9a-f066-4d7b-8c62-197edfd00215\">Sammans\u00e4ttning av Hemply Hair Fall Prevention Lotion &#8211; Vad inneh\u00e5ller den?<\/h2>\n\n\n\n<p id=\"block-2d09ef2c-d5e6-413b-a8e4-af98a48d874d\">Hemply Hair Fall Prevention Lotion sticker ut f\u00f6r sin noggrant utvalda sammans\u00e4ttning, som fokuserar p\u00e5 att st\u00f6dja h\u00e5rv\u00e4xt och f\u00f6rhindra h\u00e5ravfall. Dess <em>naturliga<\/em> aktiva <em>ingredienser<\/em>, inklusive v\u00e4xtextrakt och oljor, arbetar tillsammans f\u00f6r att ge maximala terapeutiska effekter.<\/p>\n\n\n\n<p id=\"block-7f500e8b-8484-4d8f-be9c-e6d6ea7cad5d\">F\u00f6ljande viktiga <em>naturliga ingredienser<\/em> finns i formuleringen av denna produkt:<\/p>\n\n\n\n<ul id=\"block-a92bdc7c-c026-42ce-8d61-502d29f8b570\" class=\"wp-block-list\">\n<li><em>N\u00e4sselextrakt<\/em> &#8211; fr\u00e4mjar tillv\u00e4xt och st\u00e4rker h\u00e5ret.<\/li>\n\n\n\n<li><em>Arganolja<\/em> &#8211; \u00e5terfuktar och \u00e5terskapar h\u00e5rets struktur.<\/li>\n\n\n\n<li><em>Biotin<\/em> &#8211; avg\u00f6rande f\u00f6r h\u00e5rets h\u00e4lsa och f\u00f6rhindrar h\u00e5ravfall.<\/li>\n\n\n\n<li><em>Vitamin E<\/em> &#8211; fungerar som en antioxidant och f\u00f6rb\u00e4ttrar blodcirkulationen i h\u00e5rbotten.<\/li>\n<\/ul>\n\n\n\n<p id=\"block-69a24c6a-055a-4680-ab47-8f2a0b536dca\">H\u00e4r \u00e4r en tabell som illustrerar sammans\u00e4ttningen av Hemply Hair Fall Prevention Lotion:<\/p>\n\n\n\n<figure class=\"wp-block-table\"><table class=\"has-fixed-layout\"><tbody><tr><th>Ingrediens<\/th><th>\u00c5tg\u00e4rd<\/th><\/tr><tr><td>Extrakt av n\u00e4sslor<\/td><td>St\u00e4rker h\u00e5ret, f\u00f6rhindrar h\u00e5ravfall<\/td><\/tr><tr><td>Arganolja<\/td><td>\u00c5terfuktar och \u00e5terst\u00e4ller h\u00e5ret<\/td><\/tr><tr><td>Biotin<\/td><td>Fr\u00e4mjar h\u00e5rv\u00e4xt, h\u00e4mmar h\u00e5ravfall<\/td><\/tr><tr><td>Vitamin E<\/td><td>F\u00f6rb\u00e4ttrar h\u00e5rbottens h\u00e4lsa, fungerar som en antioxidant<\/td><\/tr><\/tbody><\/table><\/figure>\n\n\n\n<p id=\"block-78a38016-bc6c-4034-9ed7-7102f4570af2\">Att anv\u00e4nda Hemply Hair Fall Prevention Lotion med <em>naturliga ingredienser<\/em> kan ge synliga resultat p\u00e5 kort tid, s\u00e5 \u00f6verv\u00e4ga den h\u00e4r produkten i din dagliga h\u00e5rv\u00e5rdsrutin.<\/p>\n\n\n\n<h2 class=\"wp-block-heading\" id=\"block-5ac4ea18-a71e-4420-8140-2d03497a6c95\">Var kan man k\u00f6pa och hur mycket kostar Hemply Hair Fall Prevention Lotion &#8211; pris<\/h2>\n\n\n\n<p id=\"block-e82d84a3-0b72-441b-8d49-969019753d76\">Att k\u00f6ra en effektiv h\u00e5ravfallsbehandling med Hemply Hair Fall Prevention Lotion \u00e4r nu l\u00e4ttare tack vare m\u00f6jligheten att k\u00f6pa direkt fr\u00e5n <strong>den officiella tillverkaren.<\/strong> Endast d\u00e4r kan du vara s\u00e4ker p\u00e5 att produkten du k\u00f6per \u00e4r den ursprungliga och att du kommer att dra nytta av de aktuella kampanjerna som ofta erbjuds.<\/p>\n\n\n\n<p id=\"block-21f48af4-8ba5-420d-bb88-4648bbd4f8aa\">Priset p\u00e5 Hemply Hair Fall Prevention Lotion kan variera beroende p\u00e5 p\u00e5g\u00e5ende erbjudanden, men det \u00e4r vanligtvis inte tillg\u00e4ngligt p\u00e5 station\u00e4ra apotek. Det \u00e4r v\u00e4rt att h\u00e5lla utkik efter s\u00e4songsrabatter som kan s\u00e4nka ink\u00f6pskostnaden. Anv\u00e4ndare lyfter fram bekv\u00e4mligheten med online-shopping, vilket bidrar till produktens popularitet.<\/p>\n\n\n\n<p id=\"block-e6f892d8-1c30-49ea-88e2-14c78fed27aa\">Om du planerar en l\u00e5ngvarig behandling, \u00f6verv\u00e4g att k\u00f6pa mer, vilket kan spara pengar. Det \u00e4r d\u00e4rf\u00f6r v\u00e4rt att bes\u00f6ka <strong>den officiella tillverkarens<\/strong> webbplats regelbundet och h\u00e5lla reda p\u00e5 dess erbjudanden, s\u00e5 att du inte missar attraktiva priser och erbjudanden f\u00f6r <strong>Hemply Hair Fall Prevention Lotion<\/strong>.<\/p>\n","protected":false},"excerpt":{"rendered":"<p><strong>[date_countdown]<\/strong><\/p>\n<p><img decoding=\"async\" class=\"alignnone  wp-image-12507\" src=\"https:\/\/www.vardcentralenhjartatsolna.se\/farmaci\/wp-content\/uploads\/2024\/11\/SAFE-PAY-300x88-1.png\" alt=\"SAFE-PAY-300x88\" width=\"201\" height=\"59\" \/><\/p>\n","protected":false},"featured_media":12355,"comment_status":"open","ping_status":"closed","template":"","meta":{"neve_meta_sidebar":"","neve_meta_container":"","neve_meta_enable_content_width":"","neve_meta_content_width":0,"neve_meta_title_alignment":"","neve_meta_author_avatar":"","neve_post_elements_order":"","neve_meta_disable_header":"","neve_meta_disable_footer":"","neve_meta_disable_title":"","neve_meta_reading_time":""},"product_brand":[],"product_cat":[565],"product_tag":[],"class_list":{"0":"post-12356","1":"product","2":"type-product","3":"status-publish","4":"has-post-thumbnail","6":"product_cat-halsa","8":"first","9":"instock","10":"sale","11":"shipping-taxable","12":"product-type-external"},"yoast_head":"<!-- This site is optimized with the Yoast SEO plugin v27.4 - https:\/\/yoast.com\/product\/yoast-seo-wordpress\/ -->\n<title>Hemply Hair Fall Prevention Lotion - Recension, Pris, Effekter, Apotek, Forum | -50%<\/title>\n<meta name=\"robots\" content=\"index, follow, max-snippet:-1, max-image-preview:large, max-video-preview:-1\" \/>\n<link rel=\"canonical\" href=\"https:\/\/www.vardcentralenhjartatsolna.se\/farmaci\/apt\/hemply-hair-fall-prevention-lotion\/\" \/>\n<meta property=\"og:locale\" content=\"sv_SE\" \/>\n<meta property=\"og:type\" content=\"article\" \/>\n<meta property=\"og:title\" content=\"Hemply Hair Fall Prevention Lotion - Recension, Pris, Effekter, Apotek, Forum | -50%\" \/>\n<meta property=\"og:url\" content=\"https:\/\/www.vardcentralenhjartatsolna.se\/farmaci\/apt\/hemply-hair-fall-prevention-lotion\/\" \/>\n<meta property=\"og:site_name\" content=\"Vardcentralenhjartatsolna\" \/>\n<meta property=\"article:modified_time\" content=\"2024-11-13T14:43:53+00:00\" \/>\n<meta property=\"og:image\" content=\"https:\/\/www.vardcentralenhjartatsolna.se\/farmaci\/wp-content\/uploads\/2024\/11\/Hemply-Hair-Fall-Prevention-Lotion.jpg\" \/>\n\t<meta property=\"og:image:width\" content=\"768\" \/>\n\t<meta property=\"og:image:height\" content=\"768\" \/>\n\t<meta property=\"og:image:type\" content=\"image\/jpeg\" \/>\n<meta name=\"twitter:card\" content=\"summary_large_image\" \/>\n<meta name=\"twitter:description\" content=\"[date_countdown]\" \/>\n<meta name=\"twitter:label1\" content=\"Ber\u00e4knad l\u00e4stid\" \/>\n\t<meta name=\"twitter:data1\" content=\"5 minuter\" \/>\n<script type=\"application\/ld+json\" class=\"yoast-schema-graph\">{\"@context\":\"https:\\\/\\\/schema.org\",\"@graph\":[{\"@type\":\"WebPage\",\"@id\":\"https:\\\/\\\/www.vardcentralenhjartatsolna.se\\\/farmaci\\\/apt\\\/hemply-hair-fall-prevention-lotion\\\/\",\"url\":\"https:\\\/\\\/www.vardcentralenhjartatsolna.se\\\/farmaci\\\/apt\\\/hemply-hair-fall-prevention-lotion\\\/\",\"name\":\"Hemply Hair Fall Prevention Lotion - Recension, Pris, Effekter, Apotek, Forum | -50%\",\"isPartOf\":{\"@id\":\"https:\\\/\\\/www.vardcentralenhjartatsolna.se\\\/farmaci\\\/#website\"},\"primaryImageOfPage\":{\"@id\":\"https:\\\/\\\/www.vardcentralenhjartatsolna.se\\\/farmaci\\\/apt\\\/hemply-hair-fall-prevention-lotion\\\/#primaryimage\"},\"image\":{\"@id\":\"https:\\\/\\\/www.vardcentralenhjartatsolna.se\\\/farmaci\\\/apt\\\/hemply-hair-fall-prevention-lotion\\\/#primaryimage\"},\"thumbnailUrl\":\"https:\\\/\\\/www.vardcentralenhjartatsolna.se\\\/farmaci\\\/wp-content\\\/uploads\\\/2024\\\/11\\\/Hemply-Hair-Fall-Prevention-Lotion.jpg\",\"datePublished\":\"2024-11-09T14:07:56+00:00\",\"dateModified\":\"2024-11-13T14:43:53+00:00\",\"breadcrumb\":{\"@id\":\"https:\\\/\\\/www.vardcentralenhjartatsolna.se\\\/farmaci\\\/apt\\\/hemply-hair-fall-prevention-lotion\\\/#breadcrumb\"},\"inLanguage\":\"sv-SE\",\"potentialAction\":[{\"@type\":\"ReadAction\",\"target\":[\"https:\\\/\\\/www.vardcentralenhjartatsolna.se\\\/farmaci\\\/apt\\\/hemply-hair-fall-prevention-lotion\\\/\"]}]},{\"@type\":\"ImageObject\",\"inLanguage\":\"sv-SE\",\"@id\":\"https:\\\/\\\/www.vardcentralenhjartatsolna.se\\\/farmaci\\\/apt\\\/hemply-hair-fall-prevention-lotion\\\/#primaryimage\",\"url\":\"https:\\\/\\\/www.vardcentralenhjartatsolna.se\\\/farmaci\\\/wp-content\\\/uploads\\\/2024\\\/11\\\/Hemply-Hair-Fall-Prevention-Lotion.jpg\",\"contentUrl\":\"https:\\\/\\\/www.vardcentralenhjartatsolna.se\\\/farmaci\\\/wp-content\\\/uploads\\\/2024\\\/11\\\/Hemply-Hair-Fall-Prevention-Lotion.jpg\",\"width\":768,\"height\":768},{\"@type\":\"BreadcrumbList\",\"@id\":\"https:\\\/\\\/www.vardcentralenhjartatsolna.se\\\/farmaci\\\/apt\\\/hemply-hair-fall-prevention-lotion\\\/#breadcrumb\",\"itemListElement\":[{\"@type\":\"ListItem\",\"position\":1,\"name\":\"Strona g\u0142\u00f3wna\",\"item\":\"https:\\\/\\\/www.vardcentralenhjartatsolna.se\\\/farmaci\\\/\"},{\"@type\":\"ListItem\",\"position\":2,\"name\":\"Produkte\",\"item\":\"https:\\\/\\\/www.vardcentralenhjartatsolna.se\\\/farmaci\\\/\"},{\"@type\":\"ListItem\",\"position\":3,\"name\":\"Hemply Hair Fall Prevention Lotion\"}]},{\"@type\":\"WebSite\",\"@id\":\"https:\\\/\\\/www.vardcentralenhjartatsolna.se\\\/farmaci\\\/#website\",\"url\":\"https:\\\/\\\/www.vardcentralenhjartatsolna.se\\\/farmaci\\\/\",\"name\":\"Vardcentralenhjartatsolna\",\"description\":\"\",\"potentialAction\":[{\"@type\":\"SearchAction\",\"target\":{\"@type\":\"EntryPoint\",\"urlTemplate\":\"https:\\\/\\\/www.vardcentralenhjartatsolna.se\\\/farmaci\\\/?s={search_term_string}\"},\"query-input\":{\"@type\":\"PropertyValueSpecification\",\"valueRequired\":true,\"valueName\":\"search_term_string\"}}],\"inLanguage\":\"sv-SE\"}]}<\/script>\n<!-- \/ Yoast SEO plugin. -->","yoast_head_json":{"title":"Hemply Hair Fall Prevention Lotion - Recension, Pris, Effekter, Apotek, Forum | -50%","robots":{"index":"index","follow":"follow","max-snippet":"max-snippet:-1","max-image-preview":"max-image-preview:large","max-video-preview":"max-video-preview:-1"},"canonical":"https:\/\/www.vardcentralenhjartatsolna.se\/farmaci\/apt\/hemply-hair-fall-prevention-lotion\/","og_locale":"sv_SE","og_type":"article","og_title":"Hemply Hair Fall Prevention Lotion - Recension, Pris, Effekter, Apotek, Forum | -50%","og_url":"https:\/\/www.vardcentralenhjartatsolna.se\/farmaci\/apt\/hemply-hair-fall-prevention-lotion\/","og_site_name":"Vardcentralenhjartatsolna","article_modified_time":"2024-11-13T14:43:53+00:00","og_image":[{"width":768,"height":768,"url":"https:\/\/www.vardcentralenhjartatsolna.se\/farmaci\/wp-content\/uploads\/2024\/11\/Hemply-Hair-Fall-Prevention-Lotion.jpg","type":"image\/jpeg"}],"twitter_card":"summary_large_image","twitter_description":"[date_countdown]","twitter_misc":{"Ber\u00e4knad l\u00e4stid":"5 minuter"},"schema":{"@context":"https:\/\/schema.org","@graph":[{"@type":"WebPage","@id":"https:\/\/www.vardcentralenhjartatsolna.se\/farmaci\/apt\/hemply-hair-fall-prevention-lotion\/","url":"https:\/\/www.vardcentralenhjartatsolna.se\/farmaci\/apt\/hemply-hair-fall-prevention-lotion\/","name":"Hemply Hair Fall Prevention Lotion - Recension, Pris, Effekter, Apotek, Forum | -50%","isPartOf":{"@id":"https:\/\/www.vardcentralenhjartatsolna.se\/farmaci\/#website"},"primaryImageOfPage":{"@id":"https:\/\/www.vardcentralenhjartatsolna.se\/farmaci\/apt\/hemply-hair-fall-prevention-lotion\/#primaryimage"},"image":{"@id":"https:\/\/www.vardcentralenhjartatsolna.se\/farmaci\/apt\/hemply-hair-fall-prevention-lotion\/#primaryimage"},"thumbnailUrl":"https:\/\/www.vardcentralenhjartatsolna.se\/farmaci\/wp-content\/uploads\/2024\/11\/Hemply-Hair-Fall-Prevention-Lotion.jpg","datePublished":"2024-11-09T14:07:56+00:00","dateModified":"2024-11-13T14:43:53+00:00","breadcrumb":{"@id":"https:\/\/www.vardcentralenhjartatsolna.se\/farmaci\/apt\/hemply-hair-fall-prevention-lotion\/#breadcrumb"},"inLanguage":"sv-SE","potentialAction":[{"@type":"ReadAction","target":["https:\/\/www.vardcentralenhjartatsolna.se\/farmaci\/apt\/hemply-hair-fall-prevention-lotion\/"]}]},{"@type":"ImageObject","inLanguage":"sv-SE","@id":"https:\/\/www.vardcentralenhjartatsolna.se\/farmaci\/apt\/hemply-hair-fall-prevention-lotion\/#primaryimage","url":"https:\/\/www.vardcentralenhjartatsolna.se\/farmaci\/wp-content\/uploads\/2024\/11\/Hemply-Hair-Fall-Prevention-Lotion.jpg","contentUrl":"https:\/\/www.vardcentralenhjartatsolna.se\/farmaci\/wp-content\/uploads\/2024\/11\/Hemply-Hair-Fall-Prevention-Lotion.jpg","width":768,"height":768},{"@type":"BreadcrumbList","@id":"https:\/\/www.vardcentralenhjartatsolna.se\/farmaci\/apt\/hemply-hair-fall-prevention-lotion\/#breadcrumb","itemListElement":[{"@type":"ListItem","position":1,"name":"Strona g\u0142\u00f3wna","item":"https:\/\/www.vardcentralenhjartatsolna.se\/farmaci\/"},{"@type":"ListItem","position":2,"name":"Produkte","item":"https:\/\/www.vardcentralenhjartatsolna.se\/farmaci\/"},{"@type":"ListItem","position":3,"name":"Hemply Hair Fall Prevention Lotion"}]},{"@type":"WebSite","@id":"https:\/\/www.vardcentralenhjartatsolna.se\/farmaci\/#website","url":"https:\/\/www.vardcentralenhjartatsolna.se\/farmaci\/","name":"Vardcentralenhjartatsolna","description":"","potentialAction":[{"@type":"SearchAction","target":{"@type":"EntryPoint","urlTemplate":"https:\/\/www.vardcentralenhjartatsolna.se\/farmaci\/?s={search_term_string}"},"query-input":{"@type":"PropertyValueSpecification","valueRequired":true,"valueName":"search_term_string"}}],"inLanguage":"sv-SE"}]}},"_links":{"self":[{"href":"https:\/\/www.vardcentralenhjartatsolna.se\/farmaci\/wp-json\/wp\/v2\/product\/12356","targetHints":{"allow":["GET"]}}],"collection":[{"href":"https:\/\/www.vardcentralenhjartatsolna.se\/farmaci\/wp-json\/wp\/v2\/product"}],"about":[{"href":"https:\/\/www.vardcentralenhjartatsolna.se\/farmaci\/wp-json\/wp\/v2\/types\/product"}],"replies":[{"embeddable":true,"href":"https:\/\/www.vardcentralenhjartatsolna.se\/farmaci\/wp-json\/wp\/v2\/comments?post=12356"}],"wp:featuredmedia":[{"embeddable":true,"href":"https:\/\/www.vardcentralenhjartatsolna.se\/farmaci\/wp-json\/wp\/v2\/media\/12355"}],"wp:attachment":[{"href":"https:\/\/www.vardcentralenhjartatsolna.se\/farmaci\/wp-json\/wp\/v2\/media?parent=12356"}],"wp:term":[{"taxonomy":"product_brand","embeddable":true,"href":"https:\/\/www.vardcentralenhjartatsolna.se\/farmaci\/wp-json\/wp\/v2\/product_brand?post=12356"},{"taxonomy":"product_cat","embeddable":true,"href":"https:\/\/www.vardcentralenhjartatsolna.se\/farmaci\/wp-json\/wp\/v2\/product_cat?post=12356"},{"taxonomy":"product_tag","embeddable":true,"href":"https:\/\/www.vardcentralenhjartatsolna.se\/farmaci\/wp-json\/wp\/v2\/product_tag?post=12356"}],"curies":[{"name":"wp","href":"https:\/\/api.w.org\/{rel}","templated":true}]}}