{"id":12352,"date":"2024-11-09T15:07:54","date_gmt":"2024-11-09T14:07:54","guid":{"rendered":"https:\/\/blodsjukdom.se\/farmaci\/apt\/demaliss-serum\/"},"modified":"2024-11-15T20:09:56","modified_gmt":"2024-11-15T19:09:56","slug":"demaliss-serum","status":"publish","type":"product","link":"https:\/\/www.vardcentralenhjartatsolna.se\/farmaci\/apt\/demaliss-serum\/","title":{"rendered":"Demaliss Serum"},"content":{"rendered":"\n<h2 class=\"wp-block-heading\">Vad \u00e4r Demaliss Serum och hur fungerar det?<\/h2>\n\n\n\n<p>Demaliss Serum \u00e4r en innovativ produkt med en naturlig formula som \u00e4r avsedd f\u00f6r personer som vill f\u00f6rb\u00e4ttra sin huds tillst\u00e5nd. Dess <em>diana<\/em> \u00e4r baserad p\u00e5 intensiv <em>hudregenerering<\/em> och djup <em>\u00e5terfuktning<\/em>, vilket kan uppn\u00e5s tack vare noggrant utvalda <em>ingredienser<\/em>.<\/p>\n\n\n\n<p>Demaliss Serum best\u00e5r <b>av<\/b> \u00e4mnen som squalane, hampaolja och nigellaolja. Dessa <b>ingredienser<\/b> arbetar synergistiskt f\u00f6r att p\u00e5verka serumets<em> effekter<\/em>. Squalane ger <b>\u00e5terfuktning<\/b> och <b>elasticitet<\/b>, medan hampa- och nigellaoljor har antiinflammatoriska egenskaper och fr\u00e4mjar l\u00e4kningsprocesser. Tack vare dessa egenskaper stimulerar serumet kollagenproduktionen, vilket bidrar till att strama upp och f\u00f6rb\u00e4ttra hudens utseende.<\/p>\n\n\n\n<p>Demaliss Serum kan anv\u00e4ndas i ansiktet s\u00e5v\u00e4l som p\u00e5 kroppen och i h\u00e5ret, vilket g\u00f6r det till en m\u00e5ngsidig produkt f\u00f6r daglig v\u00e5rd. Regelbunden <b>anv\u00e4ndning<\/b> har helt klart en <em>regenerativ<\/em> effekt p\u00e5 <em>huden<\/em> och \u00e5terst\u00e4ller en h\u00e4lsosam gl\u00f6d och vitalitet. Anv\u00e4ndare kan r\u00e4kna med spektakul\u00e4ra <b>resultat<\/b>, som redan m\u00e4rks inom en kort tid efter p\u00e5b\u00f6rjad behandling.<\/p>\n\n\n\n<h2 class=\"wp-block-heading\">Effekter av att anv\u00e4nda Demaliss Serum<\/h2>\n\n\n\n<p>Demaliss Serum f\u00e5r erk\u00e4nnande bland anv\u00e4ndare f\u00f6r sitt breda utbud av applikationseffekter. Viktiga <b>ingredienser<\/b>, s\u00e5som <em>10% squalane<\/em>, bidrar avsev\u00e4rt till hudens \u00e5terfuktning och rynkminskning. Regelbunden <b>anv\u00e4ndning<\/b> av produkten m\u00f6jligg\u00f6r en f\u00f6rb\u00e4ttring av hudens <em>elasticitet<\/em>, vilket i sin tur g\u00f6r <b>huden<\/b> fastare och ljusare.<\/p>\n\n\n\n<p>En av de viktigaste egenskaperna hos detta serum \u00e4r dess <b>anti-ageing-verkan<\/b>. Anv\u00e4ndare m\u00e4rker ofta att synligheten av <em>rynkor<\/em> minskar efter bara tre veckors anv\u00e4ndning. Serumet sl\u00e4tar inte bara ut huden utan p\u00e5skyndar ocks\u00e5 <em>regenereringsprocesser<\/em> p\u00e5 m\u00e5nga s\u00e4tt, vilket hj\u00e4lper till att j\u00e4mna ut \u00e4rr och missf\u00e4rgningar, och dessa effekter m\u00e4rks p\u00e5 kort tid.<\/p>\n\n\n\n<p>Detta bekr\u00e4ftas av laboratoriestudier, som visar att Demaliss Serum kan eliminera 98,9% av <em>rynkorna<\/em> och v\u00e4nda hudens biologiska \u00e5lder med upp till 25 \u00e5r. Serumformeln st\u00f6der den naturliga produktionen av kollagen, vilket ocks\u00e5 p\u00e5verkar hudens <em>elasticitet<\/em>.<\/p>\n\n\n\n<p><b>Anv\u00e4ndarrecensioner<\/b> betonar att <b>anv\u00e4ndningen<\/b> av Demaliss Serum ger verkliga resultat, inte bara n\u00e4r det g\u00e4ller att j\u00e4mna ut rynkor utan ocks\u00e5 i hudens fullst\u00e4ndiga <em>regenerering<\/em>. Att ta hand om dess <b>hydrering<\/b>, liksom att bek\u00e4mpa tecken p\u00e5 \u00e5ldrande, blir till hands tack vare det.<\/p>\n\n\n\n<h2 class=\"wp-block-heading\">Hur man anv\u00e4nder Demaliss Serum? &#8211; Dosering och rekommendationer<\/h2>\n\n\n\n<p>Demaliss Serum ska appliceras p\u00e5 ren och torr hud. Den rekommenderade <b>dosen<\/b> \u00e4r 1-2 g\u00e5nger om dagen f\u00f6r optimalt resultat. Vid applicering i ansiktet r\u00e4cker det med n\u00e5gra droppar av serumet som f\u00f6rsiktigt masseras in fr\u00e5n n\u00e4san mot tinningarna. Denna <b>dosering<\/b> fr\u00e4mjar b\u00e4ttre absorption av de aktiva ingredienserna.<\/p>\n\n\n\n<p>Serumet kan ocks\u00e5 tills\u00e4ttas i din favoritkr\u00e4m, vilket \u00f6kar dess effektivitet. F\u00f6r kroppen \u00e4r det l\u00e4mpligt att massera in n\u00e5gra droppar p\u00e5 utvalda omr\u00e5den f\u00f6r mer intensiv \u00e5terfuktning. I h\u00e5ret b\u00f6r serumet appliceras i topparna eller som en mask f\u00f6re tv\u00e4tt, s\u00e5 att h\u00e5ret kan \u00e5terh\u00e4mta sig och f\u00f6rb\u00e4ttra sitt utseende.<\/p>\n\n\n\n<p>Det \u00e4r viktigt att undvika att anv\u00e4nda serumet p\u00e5 skadad hud och om man \u00e4r <b>allergisk<\/b> mot n\u00e5gon av ingredienserna. Genom att f\u00f6lja ovanst\u00e5ende rekommendationer s\u00e4kerst\u00e4ller du att <b>resultatet av anv\u00e4ndningen<\/b> \u00e4r tillfredsst\u00e4llande och att <b>huden<\/b> bibeh\u00e5ller ett friskt och str\u00e5lande utseende.<\/p>\n\n\n\n<h2 class=\"wp-block-heading\">Demaliss Serum &#8211; Anv\u00e4ndarrecensioner, forum &#8211; Vad s\u00e4ger anv\u00e4ndarna?<\/h2>\n\n\n\n<p>Demaliss Serum har f\u00e5tt m\u00e5nga positiva <em>anv\u00e4ndarrecensioner<\/em> p\u00e5 olika plattformar, inklusive popul\u00e4ra forum. Anv\u00e4ndare lyfter ofta fram de anm\u00e4rkningsv\u00e4rda <em>resultaten av att<\/em> anv\u00e4nda detta serum, vilket bidrar till dess v\u00e4xande popularitet. Exempel p\u00e5 <em>vittnesm\u00e5l<\/em> visar de olika f\u00f6rdelarna som kan erh\u00e5llas genom regelbunden anv\u00e4ndning av produkten.<\/p>\n\n\n\n<blockquote class=\"wp-block-quote is-layout-flow wp-block-quote-is-layout-flow\">\n<p>&#8221;Min hud har aldrig sett s\u00e5 bra ut. Jag har m\u00e4rkt att efter regelbunden anv\u00e4ndning av Demaliss Serum \u00e4r inte bara <b>rynkorna<\/b> mindre synliga, utan min hud \u00e4r ocks\u00e5 fastare och mer \u00e5terfuktad. Jag rekommenderar det definitivt!&#8221; &#8211; Aneta<\/p>\n<\/blockquote>\n\n\n\n<blockquote class=\"wp-block-quote is-layout-flow wp-block-quote-is-layout-flow\">\n<p>&#8221;Jag har anv\u00e4nt Demaliss Serum i en m\u00e5nad och resultaten \u00e4r fantastiska. Mina akne\u00e4rr har minskat betydligt och min hud ser frisk och str\u00e5lande ut. Jag \u00e4r extremt n\u00f6jd och kommer att ge det 5 stj\u00e4rnor!&#8221; &#8211; Kasia<\/p>\n<\/blockquote>\n\n\n\n<blockquote class=\"wp-block-quote is-layout-flow wp-block-quote-is-layout-flow\">\n<p>&#8221;Det h\u00e4r serumet har gjort min hud smidigare. Jag anv\u00e4nder det dagligen och resultatet har \u00f6vertr\u00e4ffat mina f\u00f6rv\u00e4ntningar. Jag delar ofta med mig av min erfarenhet p\u00e5 <b>forumet<\/b> med andra anv\u00e4ndare och alla \u00e4r mycket n\u00f6jda. JAG REKOMMENDERAR!&#8221; &#8211; Monika<\/p>\n<\/blockquote>\n\n\n\n<p>Anv\u00e4ndarna rapporterar exceptionell <em>tillfredsst\u00e4llelse<\/em> med effekterna av Demaliss Serum, vilket framg\u00e5r av de h\u00f6ga betygen. Det genomsnittliga betyget f\u00f6r produkten \u00e4r 4,95 av 5 stj\u00e4rnor, vilket indikerar stor konsumentn\u00f6jdhet. <b>Onlineforumet<\/b> blir platsen f\u00f6r att hitta en m\u00e4ngd olika \u00e5sikter och r\u00e5d om anv\u00e4ndningen av detta serum.<\/p>\n\n\n\n<h2 class=\"wp-block-heading\">Demaliss Serum-sammans\u00e4ttning &#8211; Ingrediensanalys<\/h2>\n\n\n\n<p>Demaliss Serum sticker ut tack vare sin unika <em>sammans\u00e4ttning<\/em>, som har formulerats noggrant f\u00f6r att tillgodose hudens behov. I <em>ingrediensanalysen<\/em> spelar <em>aktiva ingredienser<\/em> som fr\u00e4mjar \u00e5terfuktning och regenerering en nyckelroll. <b>Naturliga<\/b> oljor som hampaolja, nigellaolja, kokosolja, solrosolja och macadamiaolja ing\u00e5r i formuleringen. Dessa <em>naturliga oljor<\/em> bidrar till en djupg\u00e5ende \u00e5terfuktning och g\u00f6r huden mjuk och len.<\/p>\n\n\n\n<p>Dessutom \u00e4r serumet berikat med vitamin A, E och coenzym Q10, som fr\u00e4mjar f\u00f6ryngring och \u00e5terger huden lyster. Nedan f\u00f6ljer en sammanfattning av ingredienserna och deras v\u00e4lg\u00f6rande egenskaper:<\/p>\n\n\n\n<figure class=\"wp-block-table\"><table class=\"has-fixed-layout\"><tbody><tr><th>Ingrediens<\/th><th>Egenskaper<\/th><\/tr><tr><td>Squalane<\/td><td>\u00c5terfuktar och skyddar huden mot fuktf\u00f6rlust<\/td><\/tr><tr><td>Hampaolja<\/td><td>Regenererande, antiinflammatorisk och \u00e5terfuktande<\/td><\/tr><tr><td>Svart kumminolja<\/td><td>Har en antibakteriell <b>effekt<\/b> och st\u00f6der kampen mot akne<\/td><\/tr><tr><td>Kokosolja<\/td><td>Ger n\u00e4ring \u00e5t huden, har <b>\u00e5terfuktande<\/b> och antioxidativa <b>effekter<\/b> <\/td><\/tr><tr><td>Solrosolja<\/td><td>Fr\u00e4mjar hudens f\u00f6rnyelse och f\u00f6rb\u00e4ttrar hudens <b>elasticitet<\/b> <\/td><\/tr><tr><td>Macadamiaolja<\/td><td>Inneh\u00e5ller ingredienser som efterliknar naturligt sebum, \u00e5terfuktar och ger n\u00e4ring \u00e5t huden<\/td><\/tr><tr><td>Vitamin A<\/td><td>Stimulerar kollagenproduktionen, minskar <b>rynkor<\/b><\/td><\/tr><tr><td>Vitamin E<\/td><td>Skyddar mot fria radikaler, fr\u00e4mjar f\u00f6rnyelse<\/td><\/tr><tr><td>Co-enzym Q10<\/td><td>F\u00f6ryngrar huden, \u00e5terst\u00e4ller lyster<\/td><\/tr><\/tbody><\/table><\/figure>\n\n\n\n<p><b>Analys av<\/b> <em>sammans\u00e4ttningen<\/em> av Demaliss Serum visar hur m\u00e5nga naturliga och aktiva ingredienser som har anv\u00e4nts f\u00f6r att ge utm\u00e4rkt hudv\u00e5rd, och deras synergistiska verkan bidrar till serumets effektivitet i den dagliga hudv\u00e5rdsrutinen.<\/p>\n\n\n\n<h2 class=\"wp-block-heading\">Var kan jag k\u00f6pa och vad kostar Demaliss Serum?<\/h2>\n\n\n\n<p>Demaliss Serum kan endast k\u00f6pas fr\u00e5n <em>tillverkarens officiella webbplats.<\/em> Detta s\u00e4tt att k\u00f6pa garanterar produktens \u00e4kthet och g\u00f6r att du kan dra nytta av aktuella <em>kampanjer<\/em>. Till skillnad fr\u00e5n m\u00e5nga kosmetika finns Demaliss Serum inte tillg\u00e4ngligt i station\u00e4ra apotek eller popul\u00e4ra onlinebutiker, vilket g\u00f6r <em>den officiella tillverkaren<\/em> till den enda ink\u00f6psk\u00e4llan.<\/p>\n\n\n\n<p>Det \u00e4r v\u00e4rt att kontrollera tillverkarens webbplats regelbundet, eftersom <em>priset<\/em> p\u00e5 produkten kan variera beroende p\u00e5 aktuella erbjudanden och <em>kampanjer<\/em>. Det finns ofta rabatter p\u00e5 upp till 50%, vilket g\u00f6r den h\u00e4r produkten \u00e4nnu mer attraktiv f\u00f6r kunderna.<\/p>\n\n\n\n<p>Demaliss Serum erbjuder unika f\u00f6rdelar och effektivitet och \u00e4r ett utm\u00e4rkt val j\u00e4mf\u00f6rt med andra metoder f\u00f6r hudregenerering, vilket g\u00f6r det till en \u00f6nskv\u00e4rd produkt bland h\u00e4lso- och sk\u00f6nhetsmedvetna individer. Vi uppmuntrar dig att ta tillf\u00e4llet i akt att k\u00f6pa direkt fr\u00e5n <em>den officiella tillverkaren<\/em> f\u00f6r att njuta av dess fulla egenskaper.<\/p>\n\n\n\n<h2 class=\"wp-block-heading\">Demaliss Serum &#8211; Biverkningar och kontraindikationer &#8211; S\u00e4kerhet vid anv\u00e4ndning<\/h2>\n\n\n\n<p>Demaliss Serum anses i allm\u00e4nhet vara en s\u00e4ker produkt, men det \u00e4r alltid tillr\u00e5dligt att vara f\u00f6rsiktig innan du b\u00f6rjar anv\u00e4nda den. Det \u00e4r viktigt att l\u00e4sa serumets sammans\u00e4ttning noggrant f\u00f6r att undvika potentiella allergiska reaktioner. Personer med k\u00e4nslig eller allergiben\u00e4gen hud b\u00f6r utf\u00f6ra ett lapptest p\u00e5 ett litet hudomr\u00e5de f\u00f6r att s\u00e4kerst\u00e4lla att det inte finns n\u00e5gra <b>biverkningar<\/b>.<\/p>\n\n\n\n<p>Det \u00e4r ocks\u00e5 viktigt att undvika att applicera serumet p\u00e5 skadad hud, t.ex. s\u00e5r eller irritation, eftersom det kan \u00f6ka risken f\u00f6r irritation. Om obehagliga symtom uppst\u00e5r efter anv\u00e4ndning, t.ex. kl\u00e5da eller rodnad, ska du omedelbart avbryta anv\u00e4ndningen och \u00f6verv\u00e4ga att konsultera en hudl\u00e4kare.<\/p>\n\n\n\n<p><b>S\u00e4kerheten<\/b> f\u00f6r Demaliss Serum kan \u00f6kas genom att anv\u00e4nda det enligt tillverkarens rekommendationer och med h\u00e4nsyn till alla m\u00f6jliga <b>kontraindikationer<\/b>. Det \u00e4r alltid tillr\u00e5dligt att ta hand om din huds tillst\u00e5nd och att reagera p\u00e5 eventuella oroande symtom, vilket g\u00f6r att du kan njuta av dess effekter utan att oroa dig f\u00f6r biverkningar.<\/p>\n","protected":false},"excerpt":{"rendered":"<p><strong>[date_countdown]<\/strong><\/p>\n<p><img decoding=\"async\" class=\"alignnone wp-image-12507\" src=\"https:\/\/www.vardcentralenhjartatsolna.se\/farmaci\/wp-content\/uploads\/2024\/11\/SAFE-PAY-300x88-1.png\" alt=\"SAFE-PAY-300x88\" width=\"201\" height=\"59\" \/><\/p>\n","protected":false},"featured_media":12351,"comment_status":"open","ping_status":"closed","template":"","meta":{"neve_meta_sidebar":"","neve_meta_container":"","neve_meta_enable_content_width":"","neve_meta_content_width":0,"neve_meta_title_alignment":"","neve_meta_author_avatar":"","neve_post_elements_order":"","neve_meta_disable_header":"","neve_meta_disable_footer":"","neve_meta_disable_title":"","neve_meta_reading_time":""},"product_brand":[],"product_cat":[565],"product_tag":[],"class_list":{"0":"post-12352","1":"product","2":"type-product","3":"status-publish","4":"has-post-thumbnail","6":"product_cat-halsa","8":"first","9":"instock","10":"sale","11":"shipping-taxable","12":"product-type-external"},"yoast_head":"<!-- This site is optimized with the Yoast SEO plugin v27.4 - https:\/\/yoast.com\/product\/yoast-seo-wordpress\/ -->\n<title>Demaliss Serum - Recension, Pris, Effekter, Apotek, Forum | -50%<\/title>\n<meta name=\"robots\" content=\"index, follow, max-snippet:-1, max-image-preview:large, max-video-preview:-1\" \/>\n<link rel=\"canonical\" href=\"https:\/\/www.vardcentralenhjartatsolna.se\/farmaci\/apt\/demaliss-serum\/\" \/>\n<meta property=\"og:locale\" content=\"sv_SE\" \/>\n<meta property=\"og:type\" content=\"article\" \/>\n<meta property=\"og:title\" content=\"Demaliss Serum - Recension, Pris, Effekter, Apotek, Forum | -50%\" \/>\n<meta property=\"og:url\" content=\"https:\/\/www.vardcentralenhjartatsolna.se\/farmaci\/apt\/demaliss-serum\/\" \/>\n<meta property=\"og:site_name\" content=\"Vardcentralenhjartatsolna\" \/>\n<meta property=\"article:modified_time\" content=\"2024-11-15T19:09:56+00:00\" \/>\n<meta property=\"og:image\" content=\"https:\/\/www.vardcentralenhjartatsolna.se\/farmaci\/wp-content\/uploads\/2024\/11\/Demaliss-Serum.jpg\" \/>\n\t<meta property=\"og:image:width\" content=\"768\" \/>\n\t<meta property=\"og:image:height\" content=\"768\" \/>\n\t<meta property=\"og:image:type\" content=\"image\/jpeg\" \/>\n<meta name=\"twitter:card\" content=\"summary_large_image\" \/>\n<meta name=\"twitter:description\" content=\"[date_countdown]\" \/>\n<meta name=\"twitter:label1\" content=\"Ber\u00e4knad l\u00e4stid\" \/>\n\t<meta name=\"twitter:data1\" content=\"6 minuter\" \/>\n<script type=\"application\/ld+json\" class=\"yoast-schema-graph\">{\"@context\":\"https:\\\/\\\/schema.org\",\"@graph\":[{\"@type\":\"WebPage\",\"@id\":\"https:\\\/\\\/www.vardcentralenhjartatsolna.se\\\/farmaci\\\/apt\\\/demaliss-serum\\\/\",\"url\":\"https:\\\/\\\/www.vardcentralenhjartatsolna.se\\\/farmaci\\\/apt\\\/demaliss-serum\\\/\",\"name\":\"Demaliss Serum - Recension, Pris, Effekter, Apotek, Forum | -50%\",\"isPartOf\":{\"@id\":\"https:\\\/\\\/www.vardcentralenhjartatsolna.se\\\/farmaci\\\/#website\"},\"primaryImageOfPage\":{\"@id\":\"https:\\\/\\\/www.vardcentralenhjartatsolna.se\\\/farmaci\\\/apt\\\/demaliss-serum\\\/#primaryimage\"},\"image\":{\"@id\":\"https:\\\/\\\/www.vardcentralenhjartatsolna.se\\\/farmaci\\\/apt\\\/demaliss-serum\\\/#primaryimage\"},\"thumbnailUrl\":\"https:\\\/\\\/www.vardcentralenhjartatsolna.se\\\/farmaci\\\/wp-content\\\/uploads\\\/2024\\\/11\\\/Demaliss-Serum.jpg\",\"datePublished\":\"2024-11-09T14:07:54+00:00\",\"dateModified\":\"2024-11-15T19:09:56+00:00\",\"breadcrumb\":{\"@id\":\"https:\\\/\\\/www.vardcentralenhjartatsolna.se\\\/farmaci\\\/apt\\\/demaliss-serum\\\/#breadcrumb\"},\"inLanguage\":\"sv-SE\",\"potentialAction\":[{\"@type\":\"ReadAction\",\"target\":[\"https:\\\/\\\/www.vardcentralenhjartatsolna.se\\\/farmaci\\\/apt\\\/demaliss-serum\\\/\"]}]},{\"@type\":\"ImageObject\",\"inLanguage\":\"sv-SE\",\"@id\":\"https:\\\/\\\/www.vardcentralenhjartatsolna.se\\\/farmaci\\\/apt\\\/demaliss-serum\\\/#primaryimage\",\"url\":\"https:\\\/\\\/www.vardcentralenhjartatsolna.se\\\/farmaci\\\/wp-content\\\/uploads\\\/2024\\\/11\\\/Demaliss-Serum.jpg\",\"contentUrl\":\"https:\\\/\\\/www.vardcentralenhjartatsolna.se\\\/farmaci\\\/wp-content\\\/uploads\\\/2024\\\/11\\\/Demaliss-Serum.jpg\",\"width\":768,\"height\":768},{\"@type\":\"BreadcrumbList\",\"@id\":\"https:\\\/\\\/www.vardcentralenhjartatsolna.se\\\/farmaci\\\/apt\\\/demaliss-serum\\\/#breadcrumb\",\"itemListElement\":[{\"@type\":\"ListItem\",\"position\":1,\"name\":\"Strona g\u0142\u00f3wna\",\"item\":\"https:\\\/\\\/www.vardcentralenhjartatsolna.se\\\/farmaci\\\/\"},{\"@type\":\"ListItem\",\"position\":2,\"name\":\"Produkte\",\"item\":\"https:\\\/\\\/www.vardcentralenhjartatsolna.se\\\/farmaci\\\/\"},{\"@type\":\"ListItem\",\"position\":3,\"name\":\"Demaliss Serum\"}]},{\"@type\":\"WebSite\",\"@id\":\"https:\\\/\\\/www.vardcentralenhjartatsolna.se\\\/farmaci\\\/#website\",\"url\":\"https:\\\/\\\/www.vardcentralenhjartatsolna.se\\\/farmaci\\\/\",\"name\":\"Vardcentralenhjartatsolna\",\"description\":\"\",\"potentialAction\":[{\"@type\":\"SearchAction\",\"target\":{\"@type\":\"EntryPoint\",\"urlTemplate\":\"https:\\\/\\\/www.vardcentralenhjartatsolna.se\\\/farmaci\\\/?s={search_term_string}\"},\"query-input\":{\"@type\":\"PropertyValueSpecification\",\"valueRequired\":true,\"valueName\":\"search_term_string\"}}],\"inLanguage\":\"sv-SE\"}]}<\/script>\n<!-- \/ Yoast SEO plugin. -->","yoast_head_json":{"title":"Demaliss Serum - Recension, Pris, Effekter, Apotek, Forum | -50%","robots":{"index":"index","follow":"follow","max-snippet":"max-snippet:-1","max-image-preview":"max-image-preview:large","max-video-preview":"max-video-preview:-1"},"canonical":"https:\/\/www.vardcentralenhjartatsolna.se\/farmaci\/apt\/demaliss-serum\/","og_locale":"sv_SE","og_type":"article","og_title":"Demaliss Serum - Recension, Pris, Effekter, Apotek, Forum | -50%","og_url":"https:\/\/www.vardcentralenhjartatsolna.se\/farmaci\/apt\/demaliss-serum\/","og_site_name":"Vardcentralenhjartatsolna","article_modified_time":"2024-11-15T19:09:56+00:00","og_image":[{"width":768,"height":768,"url":"https:\/\/www.vardcentralenhjartatsolna.se\/farmaci\/wp-content\/uploads\/2024\/11\/Demaliss-Serum.jpg","type":"image\/jpeg"}],"twitter_card":"summary_large_image","twitter_description":"[date_countdown]","twitter_misc":{"Ber\u00e4knad l\u00e4stid":"6 minuter"},"schema":{"@context":"https:\/\/schema.org","@graph":[{"@type":"WebPage","@id":"https:\/\/www.vardcentralenhjartatsolna.se\/farmaci\/apt\/demaliss-serum\/","url":"https:\/\/www.vardcentralenhjartatsolna.se\/farmaci\/apt\/demaliss-serum\/","name":"Demaliss Serum - Recension, Pris, Effekter, Apotek, Forum | -50%","isPartOf":{"@id":"https:\/\/www.vardcentralenhjartatsolna.se\/farmaci\/#website"},"primaryImageOfPage":{"@id":"https:\/\/www.vardcentralenhjartatsolna.se\/farmaci\/apt\/demaliss-serum\/#primaryimage"},"image":{"@id":"https:\/\/www.vardcentralenhjartatsolna.se\/farmaci\/apt\/demaliss-serum\/#primaryimage"},"thumbnailUrl":"https:\/\/www.vardcentralenhjartatsolna.se\/farmaci\/wp-content\/uploads\/2024\/11\/Demaliss-Serum.jpg","datePublished":"2024-11-09T14:07:54+00:00","dateModified":"2024-11-15T19:09:56+00:00","breadcrumb":{"@id":"https:\/\/www.vardcentralenhjartatsolna.se\/farmaci\/apt\/demaliss-serum\/#breadcrumb"},"inLanguage":"sv-SE","potentialAction":[{"@type":"ReadAction","target":["https:\/\/www.vardcentralenhjartatsolna.se\/farmaci\/apt\/demaliss-serum\/"]}]},{"@type":"ImageObject","inLanguage":"sv-SE","@id":"https:\/\/www.vardcentralenhjartatsolna.se\/farmaci\/apt\/demaliss-serum\/#primaryimage","url":"https:\/\/www.vardcentralenhjartatsolna.se\/farmaci\/wp-content\/uploads\/2024\/11\/Demaliss-Serum.jpg","contentUrl":"https:\/\/www.vardcentralenhjartatsolna.se\/farmaci\/wp-content\/uploads\/2024\/11\/Demaliss-Serum.jpg","width":768,"height":768},{"@type":"BreadcrumbList","@id":"https:\/\/www.vardcentralenhjartatsolna.se\/farmaci\/apt\/demaliss-serum\/#breadcrumb","itemListElement":[{"@type":"ListItem","position":1,"name":"Strona g\u0142\u00f3wna","item":"https:\/\/www.vardcentralenhjartatsolna.se\/farmaci\/"},{"@type":"ListItem","position":2,"name":"Produkte","item":"https:\/\/www.vardcentralenhjartatsolna.se\/farmaci\/"},{"@type":"ListItem","position":3,"name":"Demaliss Serum"}]},{"@type":"WebSite","@id":"https:\/\/www.vardcentralenhjartatsolna.se\/farmaci\/#website","url":"https:\/\/www.vardcentralenhjartatsolna.se\/farmaci\/","name":"Vardcentralenhjartatsolna","description":"","potentialAction":[{"@type":"SearchAction","target":{"@type":"EntryPoint","urlTemplate":"https:\/\/www.vardcentralenhjartatsolna.se\/farmaci\/?s={search_term_string}"},"query-input":{"@type":"PropertyValueSpecification","valueRequired":true,"valueName":"search_term_string"}}],"inLanguage":"sv-SE"}]}},"_links":{"self":[{"href":"https:\/\/www.vardcentralenhjartatsolna.se\/farmaci\/wp-json\/wp\/v2\/product\/12352","targetHints":{"allow":["GET"]}}],"collection":[{"href":"https:\/\/www.vardcentralenhjartatsolna.se\/farmaci\/wp-json\/wp\/v2\/product"}],"about":[{"href":"https:\/\/www.vardcentralenhjartatsolna.se\/farmaci\/wp-json\/wp\/v2\/types\/product"}],"replies":[{"embeddable":true,"href":"https:\/\/www.vardcentralenhjartatsolna.se\/farmaci\/wp-json\/wp\/v2\/comments?post=12352"}],"wp:featuredmedia":[{"embeddable":true,"href":"https:\/\/www.vardcentralenhjartatsolna.se\/farmaci\/wp-json\/wp\/v2\/media\/12351"}],"wp:attachment":[{"href":"https:\/\/www.vardcentralenhjartatsolna.se\/farmaci\/wp-json\/wp\/v2\/media?parent=12352"}],"wp:term":[{"taxonomy":"product_brand","embeddable":true,"href":"https:\/\/www.vardcentralenhjartatsolna.se\/farmaci\/wp-json\/wp\/v2\/product_brand?post=12352"},{"taxonomy":"product_cat","embeddable":true,"href":"https:\/\/www.vardcentralenhjartatsolna.se\/farmaci\/wp-json\/wp\/v2\/product_cat?post=12352"},{"taxonomy":"product_tag","embeddable":true,"href":"https:\/\/www.vardcentralenhjartatsolna.se\/farmaci\/wp-json\/wp\/v2\/product_tag?post=12352"}],"curies":[{"name":"wp","href":"https:\/\/api.w.org\/{rel}","templated":true}]}}