{"id":12350,"date":"2024-11-09T15:07:53","date_gmt":"2024-11-09T14:07:53","guid":{"rendered":"https:\/\/blodsjukdom.se\/farmaci\/apt\/manutrill\/"},"modified":"2024-11-15T19:33:19","modified_gmt":"2024-11-15T18:33:19","slug":"manutrill","status":"publish","type":"product","link":"https:\/\/www.vardcentralenhjartatsolna.se\/farmaci\/apt\/manutrill\/","title":{"rendered":"Manutrill"},"content":{"rendered":"\n<h2 class=\"wp-block-heading\">Vad \u00e4r Manutrill och hur fungerar det?<\/h2>\n\n\n\n<p><b>Manutrill<\/b> \u00e4r ett innovativt <em>tillskott f\u00f6r idrottare<\/em> som st\u00f6der muskeltillv\u00e4xt och \u00e5terh\u00e4mtning efter intensiv tr\u00e4ning. <strong>Vad \u00e4r Manutrill?<\/strong> Produkten har en unik formel som inneh\u00e5ller viktiga n\u00e4rings\u00e4mnen som aminosyror och vitaminer, som \u00e4r nyckeln till effektiv muskelregenerering.<\/p>\n\n\n\n<p><strong>Manutrill fungerar<\/strong> genom att f\u00f6rb\u00e4ttra uth\u00e5llighet och prestanda. Tack vare dess anv\u00e4ndning kan idrottare m\u00e4rka en betydande f\u00f6rb\u00e4ttring av sina tr\u00e4ningsresultat. Studier har visat att regelbundet intag av detta tillskott leder till snabbare \u00e5terh\u00e4mtning efter tr\u00e4ning och en minskad k\u00e4nsla av tr\u00f6tthet.<\/p>\n\n\n\n<ul class=\"wp-block-list\">\n<li>St\u00f6djer en \u00f6kning av muskelmassan<\/li>\n\n\n\n<li>F\u00f6rb\u00e4ttrad regenerering<\/li>\n\n\n\n<li>\u00d6kad uth\u00e5llighet och prestanda<\/li>\n\n\n\n<li>P\u00e5skyndar muskel\u00e5terh\u00e4mtningsprocessen<\/li>\n<\/ul>\n\n\n\n<p>Manutrill har funnit gillande hos m\u00e5nga idrottare som letar efter effektiva metoder f\u00f6r att f\u00f6rb\u00e4ttra sin prestation. <b>Anv\u00e4ndningen<\/b> av detta tillskott hj\u00e4lper till att minimera \u00e5terh\u00e4mtningsproblem och \u00f6ka \u00f6nskan att forts\u00e4tta tr\u00e4na. Det \u00e4r ett idealiskt alternativ f\u00f6r dem som vill f\u00f6rb\u00e4ttra sin atletiska prestanda.<\/p>\n\n\n\n<h2 class=\"wp-block-heading\">Manutrill &#8211; effekter<\/h2>\n\n\n\n<p>Manutrill-anv\u00e4ndare m\u00e4rker m\u00e5nga positiva effekter som avsev\u00e4rt st\u00f6der deras tr\u00e4ning. <em>Effekterna av Manutrill<\/em> \u00e4r synliga efter bara n\u00e5gra veckors anv\u00e4ndning, vilket g\u00f6r det till ett attraktivt tillskott f\u00f6r fysiskt aktiva m\u00e4nniskor. M\u00e5nga betonar att <b>resultaten efter anv\u00e4ndning<\/b> \u00e4r f\u00f6rv\u00e5nansv\u00e4rt bra.<\/p>\n\n\n\n<p>En stor andel av anv\u00e4ndarna m\u00e4rker snabbare \u00e5terh\u00e4mtning efter tr\u00e4ningspass. Regelbunden <b>anv\u00e4ndning av<\/b> Manutrill m\u00f6jligg\u00f6r mer frekventa och intensiva tr\u00e4ningspass, vilket leder till m\u00e4rkbara framsteg. <em>Recensioner<\/em> p\u00e5 fitnessforum bekr\u00e4ftar dessa observationer, vilket indikerar positiva f\u00f6r\u00e4ndringar till f\u00f6ljd av anv\u00e4ndning.<\/p>\n\n\n\n<p>De insamlade uppgifterna tyder p\u00e5 att upp till 85% av anv\u00e4ndarna har upplevt synliga effekter p\u00e5 bara en kort tidsperiod. S\u00e5dana resultat \u00f6kar intresset f\u00f6r produkten bland b\u00e5de amat\u00f6rer och proffs.<\/p>\n\n\n\n<p>Sammantaget erbjuder Manutrill exceptionella <em>effekter<\/em> som v\u00e4cker uppm\u00e4rksamhet hos m\u00e5nga idrottare och fysiska aktivitetsentusiaster, vilket bekr\u00e4ftar dess v\u00e4rde p\u00e5 kosttillskottsmarknaden.<\/p>\n\n\n\n<h2 class=\"wp-block-heading\">Hur anv\u00e4nder jag Manutrill? &#8211; Dosering och rekommendationer<\/h2>\n\n\n\n<p>R\u00e4tt <b>dosering av Manutrill<\/b> \u00e4r nyckeln till att uppn\u00e5 optimala resultat. <b>Rekommendationerna<\/b> anger att man tar 1 till 2 portioner per dag, vilket b\u00f6r anpassas till tr\u00e4ningsintensiteten och kroppens individuella behov. <b>Anv\u00e4ndningen<\/b> av detta tillskott fungerar b\u00e4st n\u00e4r det tas f\u00f6re eller efter ett tr\u00e4ningspass f\u00f6r att maximera dess egenskaper.<\/p>\n\n\n\n<p>F\u00f6r att uppn\u00e5 b\u00e4sta resultat b\u00f6r <b>Manutrill-doseringen<\/b> kombineras med en ordentlig diet och regelbunden tr\u00e4ning. Tillskott b\u00f6r inte ses som en ers\u00e4ttning f\u00f6r en h\u00e4lsosam kost, utan som ett komplement till dagliga m\u00e5ltider och ett tr\u00e4ningsprogram.<\/p>\n\n\n\n<p>Det \u00e4r viktigt att anpassa dosen till din kropp och eventuella r\u00e5d fr\u00e5n specialister. Nedan f\u00f6ljer <b>rekommendationer<\/b> f\u00f6r anv\u00e4ndning av Manutrill:<\/p>\n\n\n\n<ul class=\"wp-block-list\">\n<li>Portion f\u00f6re tr\u00e4ningen: 1 portion<\/li>\n\n\n\n<li>Portion efter tr\u00e4ningen: 1 portion (vid intensiv tr\u00e4ning)<\/li>\n\n\n\n<li>Hydrering: Kom ih\u00e5g att h\u00e5lla din kropp ordentligt hydrerad n\u00e4r du tar tillskottet.<\/li>\n<\/ul>\n\n\n\n<p>Korrekt anv\u00e4ndning av Manutrill g\u00f6r att du kan uppn\u00e5 b\u00e4ttre tr\u00e4ningsresultat och st\u00f6der muskel\u00e5terh\u00e4mtning. Det \u00e4r viktigt att regelbundet \u00f6vervaka din kropps svar p\u00e5 tillskottet och justera dosen efter dina framsteg och hur du k\u00e4nner dig efter tr\u00e4ning.<\/p>\n\n\n\n<h2 class=\"wp-block-heading\">Manutrill recensioner och feedback<\/h2>\n\n\n\n<p><b>Recensioner av Manutrill<\/b> \u00e4r enhetligt positiva, vilket tyder p\u00e5 den h\u00f6ga kvaliteten p\u00e5 detta till\u00e4gg. Kunderna lyfter fram betydande f\u00f6rb\u00e4ttringar av \u00e5terh\u00e4mtningen efter tr\u00e4ningen och \u00f6kad energi. Aspekter av produktens effektivitet kompletteras med m\u00e5nga <b>recensioner<\/b> p\u00e5 sociala medieplattformar.<\/p>\n\n\n\n<blockquote class=\"wp-block-quote is-layout-flow wp-block-quote-is-layout-flow\">\n<p>Marcin: <em>&#8221;Efter att ha anv\u00e4nt Manutrill i en m\u00e5nad m\u00e4rkte jag en betydande f\u00f6rb\u00e4ttring &#8211; mina muskler blev stramare och \u00e5terh\u00e4mtningen efter tr\u00e4ning var mycket snabbare. Jag skulle definitivt rekommendera det till alla idrottare.&#8221;<\/em><\/p>\n<\/blockquote>\n\n\n\n<blockquote class=\"wp-block-quote is-layout-flow wp-block-quote-is-layout-flow\">\n<p>Agnieszka: <em>&#8221;Manutrill hj\u00e4lpte mig att komma tillbaka i form efter min skada. K\u00e4nslan av tr\u00f6tthet efter tr\u00e4ningen blev mindre besv\u00e4rande och min prestation b\u00f6rjade f\u00f6rb\u00e4ttras. V\u00e4l v\u00e4rt ett f\u00f6rs\u00f6k!&#8221;<\/em><\/p>\n<\/blockquote>\n\n\n\n<blockquote class=\"wp-block-quote is-layout-flow wp-block-quote-is-layout-flow\">\n<p>Thomas: <em>&#8221;Under m\u00e5nga \u00e5r k\u00e4mpade jag med energibrist efter tr\u00e4ningen. Tack vare Manutrill kan jag tr\u00e4na mer intensivt och oftare. Effekterna \u00e4r verkligen synliga och jag m\u00e5r mycket b\u00e4ttre.&#8221;<\/em><\/p>\n<\/blockquote>\n\n\n\n<p>Det genomsnittliga betyget f\u00f6r Manutrill baserat p\u00e5 recensioner \u00e4r <strong>4,96 av 5 stj\u00e4rnor<\/strong>. Kunderna anm\u00e4rker p\u00e5 dess naturliga sammans\u00e4ttning och brist p\u00e5 skadliga \u00e4mnen. L\u00e5ngsiktiga <b>anv\u00e4ndarupplevelser<\/b> indikerar betydande f\u00f6rb\u00e4ttringar av energi och fysisk prestanda.<\/p>\n\n\n\n<p>Anv\u00e4ndare betonar att Manutrill \u00e4r v\u00e4rt att \u00f6verv\u00e4ga som en del av deras kost och tr\u00e4ning f\u00f6r att f\u00e5 ut det mesta av sina atletiska anstr\u00e4ngningar. M\u00e5nga positiva recensioner vittnar om dess effektivitet och s\u00e4kerhet.<\/p>\n\n\n\n<h2 class=\"wp-block-heading\">Manutrill &#8211; Sammans\u00e4ttning &#8211; Vad inneh\u00e5ller den?<\/h2>\n\n\n\n<p><b>Sammans\u00e4ttningen av Manutrill<\/b> \u00e4r en noggrant utvald blandning av naturliga ingredienser f\u00f6r att s\u00e4kerst\u00e4lla till\u00e4ggets effektivitet. <b>Vad inneh\u00e5ller<\/b> produkten? Den inneh\u00e5ller aminosyror, som \u00e4r viktiga i muskeluppbyggnadsprocessen, samt vitaminer och mineraler f\u00f6r att st\u00f6dja kroppens regenerering.<\/p>\n\n\n\n<ul class=\"wp-block-list\">\n<li><em>Aminosyror<\/em> &#8211; Bidrar till \u00e5teruppbyggnaden av muskelv\u00e4vnad.<\/li>\n\n\n\n<li><em>Vitaminer<\/em> &#8211; St\u00f6djer \u00e4mnesoms\u00e4ttningen och det allm\u00e4nna v\u00e4lbefinnandet.<\/li>\n\n\n\n<li><em>Mineraler<\/em> &#8211; V\u00e4sentliga f\u00f6r att kroppen ska fungera korrekt.<\/li>\n<\/ul>\n\n\n\n<p><b>De naturliga ingredienserna<\/b> i sammans\u00e4ttningen av Manutrill g\u00f6r produkten s\u00e4ker f\u00f6r h\u00e4lsan. Fr\u00e5nvaron av konstgjorda konserveringsmedel \u00f6kar dess v\u00e4rde ytterligare. Varje element i formeln har valts f\u00f6r att maximera f\u00f6rdelarna f\u00f6r dem som \u00e4r fysiskt aktiva och de som vill f\u00f6rb\u00e4ttra kroppens prestanda.<\/p>\n\n\n\n<p>Regelbunden anv\u00e4ndning av Manutrill baserat p\u00e5 dess sammans\u00e4ttning och naturliga ingredienser bidrar till f\u00f6rb\u00e4ttrad tr\u00e4ningsprestanda och effektiv muskel\u00e5terh\u00e4mtning efter tr\u00e4ning.<\/p>\n\n\n\n<h2 class=\"wp-block-heading\">Var kan jag k\u00f6pa och vad \u00e4r priset p\u00e5 Manutrill?<\/h2>\n\n\n\n<p>Manutrill kan endast k\u00f6pas fr\u00e5n den officiella tillverkarens webbplats. Kunder som v\u00e4ljer detta val \u00e4r s\u00e4kra p\u00e5 att f\u00e5 originalprodukten. Manutrill-priserna varierar och beror p\u00e5 aktuella kampanjer, s\u00e5 det \u00e4r v\u00e4rt att kontrollera erbjudandet regelbundet. Detta \u00e4r det enda s\u00e4ttet att dra nytta av eventuella rabatter och att vara s\u00e4ker p\u00e5 att produkten uppfyller de h\u00f6gsta kvalitetsstandarderna.<\/p>\n\n\n\n<p>N\u00e4r du kontrollerar <em>var du ska k\u00f6pa Manutrill<\/em>, kom ih\u00e5g att undvika misst\u00e4nkta erbjudanden. Ink\u00f6p som g\u00f6rs p\u00e5 den officiella tillverkarens webbplats garanterar ocks\u00e5 support vid fr\u00e5gor eller klagom\u00e5l. Genom att v\u00e4lja att k\u00f6pa p\u00e5 detta s\u00e4tt investerar du i din egen h\u00e4lsa och f\u00f6rtroende f\u00f6r att till\u00e4gget \u00e4r som beskrivet och uppfyller kvalitetsstandarder.<\/p>\n\n\n\n<h2 class=\"wp-block-heading\">Potentiella biverkningar och kontraindikationer av Manutrill<\/h2>\n\n\n\n<p>Manutrill, som ett <b>kosttillskott<\/b>, anses i allm\u00e4nhet vara s\u00e4kert f\u00f6r de flesta anv\u00e4ndare, men som alla produkter av sin typ kan det orsaka <b>Manutrill-biverkningar<\/b> hos vissa m\u00e4nniskor. Bland de vanligaste rapporterade reaktionerna \u00e4r magbesv\u00e4r, huvudv\u00e4rk och \u00f6verk\u00e4nslighet mot vissa ingredienser. D\u00e4rf\u00f6r \u00e4r det viktigt att personer med redan existerande h\u00e4lsotillst\u00e5nd konsulterar sin l\u00e4kare innan de b\u00f6rjar komplettera.<\/p>\n\n\n\n<p><b>Kontraindikationer<\/b> f\u00f6r anv\u00e4ndning av Manutrill inkluderar fr\u00e4mst en allergi mot n\u00e5gon ingrediens som finns i till\u00e4ggsformeln. Kvinnor som \u00e4r gravida eller ammar b\u00f6r undvika att anv\u00e4nda denna produkt utan att f\u00f6rst r\u00e5dfr\u00e5ga sin l\u00e4kare. Dessutom b\u00f6r personer med allvarliga medicinska tillst\u00e5nd, s\u00e5som lever- eller njursjukdom, vara f\u00f6rsiktiga s\u00e5 att de inte riskerar att drabbas av of\u00f6rutsedda interaktioner mellan till\u00e4ggets ingredienser.<\/p>\n\n\n\n<p>F\u00f6r att s\u00e4kerst\u00e4lla maximal <b>s\u00e4kerhet<\/b> \u00e4r det tillr\u00e5dligt att f\u00f6lja den rekommenderade dosen, som \u00e4r tv\u00e5 tabletter per dag. Om du upplever n\u00e5gra biverkningar efter att ha tagit Manutrill rekommenderas att du slutar ta det omedelbart och r\u00e5dfr\u00e5ga din l\u00e4kare f\u00f6r att bed\u00f6ma situationen. Att vara f\u00f6rsiktig n\u00e4r du introducerar nya kosttillskott i din kost \u00e4r nyckeln till h\u00e4lsa och v\u00e4lbefinnande.<\/p>\n","protected":false},"excerpt":{"rendered":"<p><strong>[date_countdown]<\/strong><\/p>\n<p><img decoding=\"async\" class=\"alignnone wp-image-12507\" src=\"https:\/\/www.vardcentralenhjartatsolna.se\/farmaci\/wp-content\/uploads\/2024\/11\/SAFE-PAY-300x88-1.png\" alt=\"SAFE-PAY-300x88\" width=\"201\" height=\"59\" \/><\/p>\n","protected":false},"featured_media":12349,"comment_status":"open","ping_status":"closed","template":"","meta":{"neve_meta_sidebar":"","neve_meta_container":"","neve_meta_enable_content_width":"","neve_meta_content_width":0,"neve_meta_title_alignment":"","neve_meta_author_avatar":"","neve_post_elements_order":"","neve_meta_disable_header":"","neve_meta_disable_footer":"","neve_meta_disable_title":"","neve_meta_reading_time":""},"product_brand":[],"product_cat":[565],"product_tag":[],"class_list":{"0":"post-12350","1":"product","2":"type-product","3":"status-publish","4":"has-post-thumbnail","6":"product_cat-halsa","8":"first","9":"instock","10":"sale","11":"shipping-taxable","12":"product-type-external"},"yoast_head":"<!-- This site is optimized with the Yoast SEO plugin v27.4 - https:\/\/yoast.com\/product\/yoast-seo-wordpress\/ -->\n<title>Manutrill - Recension, Pris, Effekter, Apotek, Forum | -50%<\/title>\n<meta name=\"robots\" content=\"index, follow, max-snippet:-1, max-image-preview:large, max-video-preview:-1\" \/>\n<link rel=\"canonical\" href=\"https:\/\/www.vardcentralenhjartatsolna.se\/farmaci\/apt\/manutrill\/\" \/>\n<meta property=\"og:locale\" content=\"sv_SE\" \/>\n<meta property=\"og:type\" content=\"article\" \/>\n<meta property=\"og:title\" content=\"Manutrill - Recension, Pris, Effekter, Apotek, Forum | -50%\" \/>\n<meta property=\"og:url\" content=\"https:\/\/www.vardcentralenhjartatsolna.se\/farmaci\/apt\/manutrill\/\" \/>\n<meta property=\"og:site_name\" content=\"Vardcentralenhjartatsolna\" \/>\n<meta property=\"article:modified_time\" content=\"2024-11-15T18:33:19+00:00\" \/>\n<meta property=\"og:image\" content=\"https:\/\/www.vardcentralenhjartatsolna.se\/farmaci\/wp-content\/uploads\/2024\/11\/Manutrill.jpg\" \/>\n\t<meta property=\"og:image:width\" content=\"768\" \/>\n\t<meta property=\"og:image:height\" content=\"768\" \/>\n\t<meta property=\"og:image:type\" content=\"image\/jpeg\" \/>\n<meta name=\"twitter:card\" content=\"summary_large_image\" \/>\n<meta name=\"twitter:description\" content=\"[date_countdown]\" \/>\n<meta name=\"twitter:label1\" content=\"Ber\u00e4knad l\u00e4stid\" \/>\n\t<meta name=\"twitter:data1\" content=\"1 minut\" \/>\n<script type=\"application\/ld+json\" class=\"yoast-schema-graph\">{\"@context\":\"https:\\\/\\\/schema.org\",\"@graph\":[{\"@type\":\"WebPage\",\"@id\":\"https:\\\/\\\/www.vardcentralenhjartatsolna.se\\\/farmaci\\\/apt\\\/manutrill\\\/\",\"url\":\"https:\\\/\\\/www.vardcentralenhjartatsolna.se\\\/farmaci\\\/apt\\\/manutrill\\\/\",\"name\":\"Manutrill - Recension, Pris, Effekter, Apotek, Forum | -50%\",\"isPartOf\":{\"@id\":\"https:\\\/\\\/www.vardcentralenhjartatsolna.se\\\/farmaci\\\/#website\"},\"primaryImageOfPage\":{\"@id\":\"https:\\\/\\\/www.vardcentralenhjartatsolna.se\\\/farmaci\\\/apt\\\/manutrill\\\/#primaryimage\"},\"image\":{\"@id\":\"https:\\\/\\\/www.vardcentralenhjartatsolna.se\\\/farmaci\\\/apt\\\/manutrill\\\/#primaryimage\"},\"thumbnailUrl\":\"https:\\\/\\\/www.vardcentralenhjartatsolna.se\\\/farmaci\\\/wp-content\\\/uploads\\\/2024\\\/11\\\/Manutrill.jpg\",\"datePublished\":\"2024-11-09T14:07:53+00:00\",\"dateModified\":\"2024-11-15T18:33:19+00:00\",\"breadcrumb\":{\"@id\":\"https:\\\/\\\/www.vardcentralenhjartatsolna.se\\\/farmaci\\\/apt\\\/manutrill\\\/#breadcrumb\"},\"inLanguage\":\"sv-SE\",\"potentialAction\":[{\"@type\":\"ReadAction\",\"target\":[\"https:\\\/\\\/www.vardcentralenhjartatsolna.se\\\/farmaci\\\/apt\\\/manutrill\\\/\"]}]},{\"@type\":\"ImageObject\",\"inLanguage\":\"sv-SE\",\"@id\":\"https:\\\/\\\/www.vardcentralenhjartatsolna.se\\\/farmaci\\\/apt\\\/manutrill\\\/#primaryimage\",\"url\":\"https:\\\/\\\/www.vardcentralenhjartatsolna.se\\\/farmaci\\\/wp-content\\\/uploads\\\/2024\\\/11\\\/Manutrill.jpg\",\"contentUrl\":\"https:\\\/\\\/www.vardcentralenhjartatsolna.se\\\/farmaci\\\/wp-content\\\/uploads\\\/2024\\\/11\\\/Manutrill.jpg\",\"width\":768,\"height\":768},{\"@type\":\"BreadcrumbList\",\"@id\":\"https:\\\/\\\/www.vardcentralenhjartatsolna.se\\\/farmaci\\\/apt\\\/manutrill\\\/#breadcrumb\",\"itemListElement\":[{\"@type\":\"ListItem\",\"position\":1,\"name\":\"Strona g\u0142\u00f3wna\",\"item\":\"https:\\\/\\\/www.vardcentralenhjartatsolna.se\\\/farmaci\\\/\"},{\"@type\":\"ListItem\",\"position\":2,\"name\":\"Produkte\",\"item\":\"https:\\\/\\\/www.vardcentralenhjartatsolna.se\\\/farmaci\\\/\"},{\"@type\":\"ListItem\",\"position\":3,\"name\":\"Manutrill\"}]},{\"@type\":\"WebSite\",\"@id\":\"https:\\\/\\\/www.vardcentralenhjartatsolna.se\\\/farmaci\\\/#website\",\"url\":\"https:\\\/\\\/www.vardcentralenhjartatsolna.se\\\/farmaci\\\/\",\"name\":\"Vardcentralenhjartatsolna\",\"description\":\"\",\"potentialAction\":[{\"@type\":\"SearchAction\",\"target\":{\"@type\":\"EntryPoint\",\"urlTemplate\":\"https:\\\/\\\/www.vardcentralenhjartatsolna.se\\\/farmaci\\\/?s={search_term_string}\"},\"query-input\":{\"@type\":\"PropertyValueSpecification\",\"valueRequired\":true,\"valueName\":\"search_term_string\"}}],\"inLanguage\":\"sv-SE\"}]}<\/script>\n<!-- \/ Yoast SEO plugin. -->","yoast_head_json":{"title":"Manutrill - Recension, Pris, Effekter, Apotek, Forum | -50%","robots":{"index":"index","follow":"follow","max-snippet":"max-snippet:-1","max-image-preview":"max-image-preview:large","max-video-preview":"max-video-preview:-1"},"canonical":"https:\/\/www.vardcentralenhjartatsolna.se\/farmaci\/apt\/manutrill\/","og_locale":"sv_SE","og_type":"article","og_title":"Manutrill - Recension, Pris, Effekter, Apotek, Forum | -50%","og_url":"https:\/\/www.vardcentralenhjartatsolna.se\/farmaci\/apt\/manutrill\/","og_site_name":"Vardcentralenhjartatsolna","article_modified_time":"2024-11-15T18:33:19+00:00","og_image":[{"width":768,"height":768,"url":"https:\/\/www.vardcentralenhjartatsolna.se\/farmaci\/wp-content\/uploads\/2024\/11\/Manutrill.jpg","type":"image\/jpeg"}],"twitter_card":"summary_large_image","twitter_description":"[date_countdown]","twitter_misc":{"Ber\u00e4knad l\u00e4stid":"1 minut"},"schema":{"@context":"https:\/\/schema.org","@graph":[{"@type":"WebPage","@id":"https:\/\/www.vardcentralenhjartatsolna.se\/farmaci\/apt\/manutrill\/","url":"https:\/\/www.vardcentralenhjartatsolna.se\/farmaci\/apt\/manutrill\/","name":"Manutrill - Recension, Pris, Effekter, Apotek, Forum | -50%","isPartOf":{"@id":"https:\/\/www.vardcentralenhjartatsolna.se\/farmaci\/#website"},"primaryImageOfPage":{"@id":"https:\/\/www.vardcentralenhjartatsolna.se\/farmaci\/apt\/manutrill\/#primaryimage"},"image":{"@id":"https:\/\/www.vardcentralenhjartatsolna.se\/farmaci\/apt\/manutrill\/#primaryimage"},"thumbnailUrl":"https:\/\/www.vardcentralenhjartatsolna.se\/farmaci\/wp-content\/uploads\/2024\/11\/Manutrill.jpg","datePublished":"2024-11-09T14:07:53+00:00","dateModified":"2024-11-15T18:33:19+00:00","breadcrumb":{"@id":"https:\/\/www.vardcentralenhjartatsolna.se\/farmaci\/apt\/manutrill\/#breadcrumb"},"inLanguage":"sv-SE","potentialAction":[{"@type":"ReadAction","target":["https:\/\/www.vardcentralenhjartatsolna.se\/farmaci\/apt\/manutrill\/"]}]},{"@type":"ImageObject","inLanguage":"sv-SE","@id":"https:\/\/www.vardcentralenhjartatsolna.se\/farmaci\/apt\/manutrill\/#primaryimage","url":"https:\/\/www.vardcentralenhjartatsolna.se\/farmaci\/wp-content\/uploads\/2024\/11\/Manutrill.jpg","contentUrl":"https:\/\/www.vardcentralenhjartatsolna.se\/farmaci\/wp-content\/uploads\/2024\/11\/Manutrill.jpg","width":768,"height":768},{"@type":"BreadcrumbList","@id":"https:\/\/www.vardcentralenhjartatsolna.se\/farmaci\/apt\/manutrill\/#breadcrumb","itemListElement":[{"@type":"ListItem","position":1,"name":"Strona g\u0142\u00f3wna","item":"https:\/\/www.vardcentralenhjartatsolna.se\/farmaci\/"},{"@type":"ListItem","position":2,"name":"Produkte","item":"https:\/\/www.vardcentralenhjartatsolna.se\/farmaci\/"},{"@type":"ListItem","position":3,"name":"Manutrill"}]},{"@type":"WebSite","@id":"https:\/\/www.vardcentralenhjartatsolna.se\/farmaci\/#website","url":"https:\/\/www.vardcentralenhjartatsolna.se\/farmaci\/","name":"Vardcentralenhjartatsolna","description":"","potentialAction":[{"@type":"SearchAction","target":{"@type":"EntryPoint","urlTemplate":"https:\/\/www.vardcentralenhjartatsolna.se\/farmaci\/?s={search_term_string}"},"query-input":{"@type":"PropertyValueSpecification","valueRequired":true,"valueName":"search_term_string"}}],"inLanguage":"sv-SE"}]}},"_links":{"self":[{"href":"https:\/\/www.vardcentralenhjartatsolna.se\/farmaci\/wp-json\/wp\/v2\/product\/12350","targetHints":{"allow":["GET"]}}],"collection":[{"href":"https:\/\/www.vardcentralenhjartatsolna.se\/farmaci\/wp-json\/wp\/v2\/product"}],"about":[{"href":"https:\/\/www.vardcentralenhjartatsolna.se\/farmaci\/wp-json\/wp\/v2\/types\/product"}],"replies":[{"embeddable":true,"href":"https:\/\/www.vardcentralenhjartatsolna.se\/farmaci\/wp-json\/wp\/v2\/comments?post=12350"}],"wp:featuredmedia":[{"embeddable":true,"href":"https:\/\/www.vardcentralenhjartatsolna.se\/farmaci\/wp-json\/wp\/v2\/media\/12349"}],"wp:attachment":[{"href":"https:\/\/www.vardcentralenhjartatsolna.se\/farmaci\/wp-json\/wp\/v2\/media?parent=12350"}],"wp:term":[{"taxonomy":"product_brand","embeddable":true,"href":"https:\/\/www.vardcentralenhjartatsolna.se\/farmaci\/wp-json\/wp\/v2\/product_brand?post=12350"},{"taxonomy":"product_cat","embeddable":true,"href":"https:\/\/www.vardcentralenhjartatsolna.se\/farmaci\/wp-json\/wp\/v2\/product_cat?post=12350"},{"taxonomy":"product_tag","embeddable":true,"href":"https:\/\/www.vardcentralenhjartatsolna.se\/farmaci\/wp-json\/wp\/v2\/product_tag?post=12350"}],"curies":[{"name":"wp","href":"https:\/\/api.w.org\/{rel}","templated":true}]}}