{"id":12348,"date":"2024-11-09T15:07:52","date_gmt":"2024-11-09T14:07:52","guid":{"rendered":"https:\/\/blodsjukdom.se\/farmaci\/apt\/ayur-read-pro\/"},"modified":"2024-11-13T15:43:44","modified_gmt":"2024-11-13T14:43:44","slug":"ayur-read-pro","status":"publish","type":"product","link":"https:\/\/www.vardcentralenhjartatsolna.se\/farmaci\/apt\/ayur-read-pro\/","title":{"rendered":"Ayur Read Pro"},"content":{"rendered":"\n<h2 class=\"wp-block-heading\">Vad \u00e4r Ayur Read Pro och hur fungerar det?<\/h2>\n\n\n\n<p><b>Ayur Read Pro<\/b> \u00e4r ett kosttillskott som \u00e4r utformat f\u00f6r att st\u00f6dja <b>\u00f6gonh\u00e4lsan<\/b> och f\u00f6rb\u00e4ttra synen. Dess <em>d verkan<\/em> baseras p\u00e5 anv\u00e4ndningen av naturliga ingredienser f\u00f6r att f\u00f6rb\u00e4ttra \u00f6gonh\u00e4lsan och skydda \u00f6gonen fr\u00e5n skadliga yttre faktorer.<\/p>\n\n\n\n<p><b>Ayur Read Pro<\/b> <b>inneh\u00e5ller<\/b> ingredienser som fungerar synergistiskt, vilket inneb\u00e4r att deras kombination ger b\u00e4ttre resultat. Tillskottet hj\u00e4lper till att skydda mot UV-str\u00e5lning, f\u00f6roreningar och \u00f6verexponering f\u00f6r ljus, vilket \u00e4r s\u00e4rskilt viktigt i dagens ofta digitala v\u00e4rld.<\/p>\n\n\n\n<ul class=\"wp-block-list\">\n<li>St\u00f6djer \u00f6gats h\u00e4lsa<\/li>\n\n\n\n<li>F\u00f6rb\u00e4ttrad synkvalitet<\/li>\n\n\n\n<li>Skydd mot yttre faktorer<\/li>\n\n\n\n<li>Naturliga ingredienser<\/li>\n<\/ul>\n\n\n\n<p>Det \u00e4r v\u00e4rt att notera att <b>Ayur Read Pro<\/b> rekommenderas av experter som ett l\u00e4mpligt st\u00f6d f\u00f6r daglig \u00f6gonh\u00e4lsov\u00e5rd, vilket g\u00f6r det till ett intressant alternativ f\u00f6r dem som tar hand om sin syn.<\/p>\n\n\n\n<h2 class=\"wp-block-heading\">Vilka \u00e4r effekterna av att anv\u00e4nda Ayur Read Pro?<\/h2>\n\n\n\n<p>Anv\u00e4ndningen av Ayur Read Pro har m\u00e4rkbara effekter, som fr\u00e4mst r\u00f6r \u00f6gonh\u00e4lsan. Tack vare den icke-invasiva metoden \u00e4r det m\u00f6jligt att uppn\u00e5 betydande f\u00f6rb\u00e4ttringar p\u00e5 kort tid. M\u00e5nga m\u00e4nniskor med synproblem som n\u00e4rsynthet, l\u00e5ngsynthet eller astigmatism drar nytta av de m\u00f6jligheter som dessa glas\u00f6gon erbjuder.<\/p>\n\n\n\n<p>Regelbunden tr\u00e4ning av \u00f6gonmusklerna med hj\u00e4lp av Ayur Read Pro bidrar till:<\/p>\n\n\n\n<ul class=\"wp-block-list\">\n<li><em>F\u00f6rb\u00e4ttrad synsk\u00e4rpa<\/em>, vilket g\u00f6r vardagen betydligt enklare.<\/li>\n\n\n\n<li><em>Minskad \u00f6g<\/em>ontr\u00f6tthet, s\u00e4rskilt efter l\u00e5ngvarigt datorarbete.<\/li>\n\n\n\n<li><em>F\u00f6rb\u00e4ttrad anpassning till f\u00f6r\u00e4ndringar<\/em> i ljuset, vilket \u00e4r viktigt vid olika ljusf\u00f6rh\u00e5llanden.<\/li>\n\n\n\n<li><em>Minskad irritation<\/em> och obehag, vilket \u00e4r viktigt f\u00f6r personer som tillbringar mycket tid framf\u00f6r sk\u00e4rmar.<\/li>\n<\/ul>\n\n\n\n<p>Anv\u00e4ndarnas<b>feedback<\/b> bekr\u00e4ftar dessa effekter och visar p\u00e5 en omedelbar f\u00f6rb\u00e4ttring av synen. De som anv\u00e4nder Ayur Read Pro regelbundet kan f\u00f6rv\u00e4nta sig best\u00e5ende resultat efter cirka 3-6 veckors regelbunden anv\u00e4ndning. Denna <b>effekt<\/b> st\u00f6der den allm\u00e4nna <b>\u00f6gonh\u00e4lsan<\/b>, vilket g\u00f6r dessa glas\u00f6gon till ett attraktivt alternativ f\u00f6r dem som vill ta hand om sin syn.<\/p>\n\n\n\n<figure class=\"wp-block-table\"><table class=\"has-fixed-layout\"><tbody><tr><th>Effekt<\/th><th>Tid att m\u00e4rka<\/th><th>Beskrivning<\/th><\/tr><tr><td>F\u00f6rb\u00e4ttrad synsk\u00e4rpa<\/td><td>Omedelbar<\/td><td>F\u00f6rb\u00e4ttrad f\u00f6rm\u00e5ga att se detaljer.<\/td><\/tr><tr><td>Minskning av \u00f6gontr\u00f6tthet<\/td><td>Kort-medium<\/td><td>Bekv\u00e4mare att arbeta med en sk\u00e4rm.<\/td><\/tr><tr><td>B\u00e4ttre anpassning till belysning<\/td><td>Medell\u00e5ng sikt<\/td><td>Snabbare respons p\u00e5 f\u00f6r\u00e4ndringar i belysningen.<\/td><\/tr><tr><td>Minskad \u00f6gonirritation<\/td><td>Omedelbar<\/td><td>Komfort och avsaknad av obehag.<\/td><\/tr><\/tbody><\/table><\/figure>\n\n\n\n<h2 class=\"wp-block-heading\">Hur anv\u00e4nder man Ayur Read Pro? &#8211; Dosering<\/h2>\n\n\n\n<p>Anv\u00e4ndningen av Ayur Read Pro kr\u00e4ver att man f\u00f6ljer den rekommenderade regimen f\u00f6r optimala resultat. Tillverkaren rekommenderar att du b\u00e4r glas\u00f6gonen i minst 10 minuter om dagen. Regelbunden anv\u00e4ndning under 3 till 6 veckor kan leda till betydande synf\u00f6rb\u00e4ttringar. Det \u00e4r v\u00e4rt att komma ih\u00e5g att <b>dosen<\/b> beror p\u00e5 varje anv\u00e4ndares individuella behov.<\/p>\n\n\n\n<p>Tr\u00e4ning med Ayur Read Pro b\u00f6r utf\u00f6ras enligt f\u00f6ljande riktlinjer:<\/p>\n\n\n\n<ul class=\"wp-block-list\">\n<li><em>B\u00e4r glas\u00f6gon \u00f6ver rena och torra \u00f6gon.<\/em><\/li>\n\n\n\n<li><em>Uppr\u00e4tth\u00e5ll regelbundenhet &#8211; b\u00e4r glas\u00f6gonen vid en konsekvent tid varje dag.<\/em><\/li>\n\n\n\n<li><em>\u00d6ka gradvis tiden som glas\u00f6gonen b\u00e4rs i takt med att \u00f6gonen v\u00e4njer sig.<\/em><\/li>\n\n\n\n<li><em>Undvik att anv\u00e4nda \u00f6gonen f\u00f6r andra aktiviteter under tr\u00e4ningen, t.ex. att anv\u00e4nda telefon eller dator.<\/em><\/li>\n<\/ul>\n\n\n\n<p>Uppn\u00e5endet av en upplevd synf\u00f6rb\u00e4ttring kan bero p\u00e5 hur regelbundet och intensivt Ayur Read Pro anv\u00e4nds. <b>\u00c5terkoppling<\/b> fr\u00e5n anv\u00e4ndare indikerar f\u00f6rdelarna med l\u00e5ngvarig anv\u00e4ndning av glas\u00f6gon, vilket bekr\u00e4ftar effektiviteten hos detta tillskott f\u00f6r att f\u00f6rb\u00e4ttra synen.<\/p>\n\n\n\n<figure class=\"wp-block-table\"><table class=\"has-fixed-layout\"><tbody><tr><th>Period av anv\u00e4ndning<\/th><th>F\u00f6rv\u00e4ntad effekt<\/th><\/tr><tr><td>1-2 veckor<\/td><td>Minimal f\u00f6rb\u00e4ttring av synen, \u00f6gonen blir vana vid det<\/td><\/tr><tr><td>3-4 veckor<\/td><td>Markant f\u00f6rb\u00e4ttring av synsk\u00e4rpan<\/td><\/tr><tr><td>5-6 veckor<\/td><td>Stabilisering och permanent f\u00f6rb\u00e4ttring av synen<\/td><\/tr><\/tbody><\/table><\/figure>\n\n\n\n<h2 class=\"wp-block-heading\">Ayur Read Pro &#8211; \u00c5sikter och recensioner, Forum<\/h2>\n\n\n\n<p>Ayur Read Pro blir allt popul\u00e4rare bland dem som letar efter naturliga metoder f\u00f6r att f\u00f6rb\u00e4ttra \u00f6gonh\u00e4lsan. Anv\u00e4ndare delar <em>recensioner<\/em> av detta till\u00e4gg och belyser dess f\u00f6rdelaktiga effekter p\u00e5 den dagliga funktionen. M\u00e5nga <em>recensioner<\/em> pekar p\u00e5 de positiva effekterna som kan p\u00e5verka livskvaliteten.<\/p>\n\n\n\n<p>Robert n\u00e4mner att han efter en m\u00e5nads anv\u00e4ndning av Ayur Read Pro m\u00e4rkte en f\u00f6rb\u00e4ttring av sin synsk\u00e4rpa, vilket \u00e4r s\u00e4rskilt viktigt f\u00f6r dem som arbetar vid en dator. Marta, \u00e5 andra sidan, p\u00e5pekar den minskade f\u00f6rekomsten av \u00f6gontr\u00f6tthet, vilket tydligt f\u00f6rb\u00e4ttrar hennes hum\u00f6r. Sara betonar att tillskottet har hj\u00e4lpt henne att bek\u00e4mpa torra \u00f6gon, som \u00e4r s\u00e4rskilt ih\u00e5llande under uppv\u00e4rmningss\u00e4songen.<\/p>\n\n\n\n<p>Den <em>feedback<\/em> som samlats in bekr\u00e4ftar att Ayur Read Pro kan vara ett v\u00e4rdefullt st\u00f6d f\u00f6r att ta hand om <em>\u00f6gonh\u00e4lsan<\/em>. Anv\u00e4ndarna kommenterar de naturliga ingredienserna i detta tillskott, som bidrar till en b\u00e4ttre k\u00e4nsla av v\u00e4lbefinnande och komfort i det dagliga livet. P\u00e5 olika forum \u00e4r internetanv\u00e4ndare angel\u00e4gna om att dela med sig av sina <em>recensioner<\/em>, som belyser dess effektivitet och praktiska anv\u00e4ndning.<\/p>\n\n\n\n<ul class=\"wp-block-list\">\n<li>F\u00f6rb\u00e4ttrad synsk\u00e4rpa.<\/li>\n\n\n\n<li>Minskning av \u00f6gontr\u00f6tthet.<\/li>\n\n\n\n<li>St\u00f6d i kampen mot torra \u00f6gon.<\/li>\n<\/ul>\n\n\n\n<p>Anv\u00e4ndarrecensioner m\u00e5lar en mycket positiv bild av Ayur Read Pro. Den v\u00e4lbalanserade formeln och de naturliga ingredienserna g\u00f6r att detta till\u00e4gg f\u00e5r f\u00f6rtroende hos fler kunder.<\/p>\n\n\n\n<h2 class=\"wp-block-heading\">Ayur Read Pro sammans\u00e4ttning &#8211; Vad inneh\u00e5ller den?<\/h2>\n\n\n\n<p>Ayur Read Pro \u00e4r ett <em>kosttillskott<\/em> som inneh\u00e5ller m\u00e5nga ingredienser f\u00f6r att st\u00f6dja <b>\u00f6gonh\u00e4lsan<\/b>. De viktigaste \u00e4mnena som finns i formuleringen \u00e4r:<\/p>\n\n\n\n<ul class=\"wp-block-list\">\n<li><strong>Lutein<\/strong> &#8211; k\u00e4nt f\u00f6r sina n\u00e4thinneskyddande egenskaper.<\/li>\n\n\n\n<li><strong>Zeaxantin<\/strong> &#8211; bidrar till att minska risken f\u00f6r \u00f6gonsjukdomar.<\/li>\n\n\n\n<li><strong>Vitamin A<\/strong> &#8211; st\u00f6djer en v\u00e4l fungerande syn.<\/li>\n\n\n\n<li><strong>Vitamin C<\/strong> &#8211; fungerar som en kraftfull antioxidant som skyddar mot oxidativ stress.<\/li>\n\n\n\n<li><strong>Vitamin E<\/strong> &#8211; st\u00f6der cellf\u00f6rnyelse i synorganet.<\/li>\n<\/ul>\n\n\n\n<p>Med dessa ingredienser skyddar Ayur Read Pro inte bara \u00f6gonh\u00e4lsan, utan st\u00f6der ocks\u00e5 \u00f6gonregenerering. Anv\u00e4ndare av tillskottet rapporterar f\u00f6rb\u00e4ttrad syn och \u00f6vergripande \u00f6gonh\u00e4lsa.<\/p>\n\n\n\n<figure class=\"wp-block-table\"><table class=\"has-fixed-layout\"><tbody><tr><th>Ingrediens<\/th><th>Funktion<\/th><\/tr><tr><td>Lutein<\/td><td>Skyddar n\u00e4thinnan mot skadliga effekter av ljus<\/td><\/tr><tr><td>Zeaxantin<\/td><td>Minskar risken f\u00f6r \u00f6gonsjukdomar<\/td><\/tr><tr><td>Vitamin A<\/td><td>St\u00f6d f\u00f6r att synen ska fungera korrekt<\/td><\/tr><tr><td>Vitamin C<\/td><td>Skydd mot oxidativ stress<\/td><\/tr><tr><td>Vitamin E<\/td><td>St\u00f6d f\u00f6r cellf\u00f6rnyelse<\/td><\/tr><\/tbody><\/table><\/figure>\n\n\n\n<h2 class=\"wp-block-heading\">Var kan man k\u00f6pa och vad \u00e4r priset p\u00e5 Ayur Read Pro?<\/h2>\n\n\n\n<p>Ayur Read Pro kan endast k\u00f6pas fr\u00e5n <strong>tillverkarens officiella webbplats<\/strong>. Ink\u00f6p fr\u00e5n denna k\u00e4lla garanterar inte bara produktens originalitet utan ocks\u00e5 tillg\u00e5ng till aktuella kampanjer som kan s\u00e4nka <strong>priset<\/strong> avsev\u00e4rt. Det \u00e4r v\u00e4rt att notera att enskilda erbjudanden kan variera, s\u00e5 att kontrollera tillverkarens webbplats regelbundet kan spara pengar.<\/p>\n\n\n\n<p>Det \u00e4r dock v\u00e4rt att se till att du inte k\u00f6per fr\u00e5n os\u00e4kra platser, till exempel station\u00e4ra apotek eller webbplatser fr\u00e5n tredje part, d\u00e4r du riskerar att f\u00f6rv\u00e4rva f\u00f6rfalskningar. F\u00f6r din egen h\u00e4lsas s\u00e4kerhet \u00e4r det alltid b\u00e4st att g\u00e5 med betrodda k\u00e4llor och <strong>den officiella tillverkaren<\/strong> n\u00e4r du k\u00f6per Ayur Read Pro.<\/p>\n","protected":false},"excerpt":{"rendered":"<p><strong>[date_countdown]<\/strong><\/p>\n<p><img decoding=\"async\" class=\"alignnone  wp-image-12507\" src=\"https:\/\/www.vardcentralenhjartatsolna.se\/farmaci\/wp-content\/uploads\/2024\/11\/SAFE-PAY-300x88-1.png\" alt=\"SAFE-PAY-300x88\" width=\"201\" height=\"59\" \/><\/p>\n","protected":false},"featured_media":12347,"comment_status":"open","ping_status":"closed","template":"","meta":{"neve_meta_sidebar":"","neve_meta_container":"","neve_meta_enable_content_width":"","neve_meta_content_width":0,"neve_meta_title_alignment":"","neve_meta_author_avatar":"","neve_post_elements_order":"","neve_meta_disable_header":"","neve_meta_disable_footer":"","neve_meta_disable_title":"","neve_meta_reading_time":""},"product_brand":[],"product_cat":[565],"product_tag":[],"class_list":{"0":"post-12348","1":"product","2":"type-product","3":"status-publish","4":"has-post-thumbnail","6":"product_cat-halsa","8":"first","9":"instock","10":"sale","11":"shipping-taxable","12":"product-type-external"},"yoast_head":"<!-- This site is optimized with the Yoast SEO plugin v27.4 - https:\/\/yoast.com\/product\/yoast-seo-wordpress\/ -->\n<title>Ayur Read Pro - Recension, Pris, Effekter, Apotek, Forum | -50%<\/title>\n<meta name=\"robots\" content=\"index, follow, max-snippet:-1, max-image-preview:large, max-video-preview:-1\" \/>\n<link rel=\"canonical\" href=\"https:\/\/www.vardcentralenhjartatsolna.se\/farmaci\/apt\/ayur-read-pro\/\" \/>\n<meta property=\"og:locale\" content=\"sv_SE\" \/>\n<meta property=\"og:type\" content=\"article\" \/>\n<meta property=\"og:title\" content=\"Ayur Read Pro - Recension, Pris, Effekter, Apotek, Forum | -50%\" \/>\n<meta property=\"og:url\" content=\"https:\/\/www.vardcentralenhjartatsolna.se\/farmaci\/apt\/ayur-read-pro\/\" \/>\n<meta property=\"og:site_name\" content=\"Vardcentralenhjartatsolna\" \/>\n<meta property=\"article:modified_time\" content=\"2024-11-13T14:43:44+00:00\" \/>\n<meta property=\"og:image\" content=\"https:\/\/www.vardcentralenhjartatsolna.se\/farmaci\/wp-content\/uploads\/2024\/11\/Ayur-Read-Pro.jpg\" \/>\n\t<meta property=\"og:image:width\" content=\"768\" \/>\n\t<meta property=\"og:image:height\" content=\"768\" \/>\n\t<meta property=\"og:image:type\" content=\"image\/jpeg\" \/>\n<meta name=\"twitter:card\" content=\"summary_large_image\" \/>\n<meta name=\"twitter:description\" content=\"[date_countdown]\" \/>\n<meta name=\"twitter:label1\" content=\"Ber\u00e4knad l\u00e4stid\" \/>\n\t<meta name=\"twitter:data1\" content=\"6 minuter\" \/>\n<script type=\"application\/ld+json\" class=\"yoast-schema-graph\">{\"@context\":\"https:\\\/\\\/schema.org\",\"@graph\":[{\"@type\":\"WebPage\",\"@id\":\"https:\\\/\\\/www.vardcentralenhjartatsolna.se\\\/farmaci\\\/apt\\\/ayur-read-pro\\\/\",\"url\":\"https:\\\/\\\/www.vardcentralenhjartatsolna.se\\\/farmaci\\\/apt\\\/ayur-read-pro\\\/\",\"name\":\"Ayur Read Pro - Recension, Pris, Effekter, Apotek, Forum | -50%\",\"isPartOf\":{\"@id\":\"https:\\\/\\\/www.vardcentralenhjartatsolna.se\\\/farmaci\\\/#website\"},\"primaryImageOfPage\":{\"@id\":\"https:\\\/\\\/www.vardcentralenhjartatsolna.se\\\/farmaci\\\/apt\\\/ayur-read-pro\\\/#primaryimage\"},\"image\":{\"@id\":\"https:\\\/\\\/www.vardcentralenhjartatsolna.se\\\/farmaci\\\/apt\\\/ayur-read-pro\\\/#primaryimage\"},\"thumbnailUrl\":\"https:\\\/\\\/www.vardcentralenhjartatsolna.se\\\/farmaci\\\/wp-content\\\/uploads\\\/2024\\\/11\\\/Ayur-Read-Pro.jpg\",\"datePublished\":\"2024-11-09T14:07:52+00:00\",\"dateModified\":\"2024-11-13T14:43:44+00:00\",\"breadcrumb\":{\"@id\":\"https:\\\/\\\/www.vardcentralenhjartatsolna.se\\\/farmaci\\\/apt\\\/ayur-read-pro\\\/#breadcrumb\"},\"inLanguage\":\"sv-SE\",\"potentialAction\":[{\"@type\":\"ReadAction\",\"target\":[\"https:\\\/\\\/www.vardcentralenhjartatsolna.se\\\/farmaci\\\/apt\\\/ayur-read-pro\\\/\"]}]},{\"@type\":\"ImageObject\",\"inLanguage\":\"sv-SE\",\"@id\":\"https:\\\/\\\/www.vardcentralenhjartatsolna.se\\\/farmaci\\\/apt\\\/ayur-read-pro\\\/#primaryimage\",\"url\":\"https:\\\/\\\/www.vardcentralenhjartatsolna.se\\\/farmaci\\\/wp-content\\\/uploads\\\/2024\\\/11\\\/Ayur-Read-Pro.jpg\",\"contentUrl\":\"https:\\\/\\\/www.vardcentralenhjartatsolna.se\\\/farmaci\\\/wp-content\\\/uploads\\\/2024\\\/11\\\/Ayur-Read-Pro.jpg\",\"width\":768,\"height\":768},{\"@type\":\"BreadcrumbList\",\"@id\":\"https:\\\/\\\/www.vardcentralenhjartatsolna.se\\\/farmaci\\\/apt\\\/ayur-read-pro\\\/#breadcrumb\",\"itemListElement\":[{\"@type\":\"ListItem\",\"position\":1,\"name\":\"Strona g\u0142\u00f3wna\",\"item\":\"https:\\\/\\\/www.vardcentralenhjartatsolna.se\\\/farmaci\\\/\"},{\"@type\":\"ListItem\",\"position\":2,\"name\":\"Produkte\",\"item\":\"https:\\\/\\\/www.vardcentralenhjartatsolna.se\\\/farmaci\\\/\"},{\"@type\":\"ListItem\",\"position\":3,\"name\":\"Ayur Read Pro\"}]},{\"@type\":\"WebSite\",\"@id\":\"https:\\\/\\\/www.vardcentralenhjartatsolna.se\\\/farmaci\\\/#website\",\"url\":\"https:\\\/\\\/www.vardcentralenhjartatsolna.se\\\/farmaci\\\/\",\"name\":\"Vardcentralenhjartatsolna\",\"description\":\"\",\"potentialAction\":[{\"@type\":\"SearchAction\",\"target\":{\"@type\":\"EntryPoint\",\"urlTemplate\":\"https:\\\/\\\/www.vardcentralenhjartatsolna.se\\\/farmaci\\\/?s={search_term_string}\"},\"query-input\":{\"@type\":\"PropertyValueSpecification\",\"valueRequired\":true,\"valueName\":\"search_term_string\"}}],\"inLanguage\":\"sv-SE\"}]}<\/script>\n<!-- \/ Yoast SEO plugin. -->","yoast_head_json":{"title":"Ayur Read Pro - Recension, Pris, Effekter, Apotek, Forum | -50%","robots":{"index":"index","follow":"follow","max-snippet":"max-snippet:-1","max-image-preview":"max-image-preview:large","max-video-preview":"max-video-preview:-1"},"canonical":"https:\/\/www.vardcentralenhjartatsolna.se\/farmaci\/apt\/ayur-read-pro\/","og_locale":"sv_SE","og_type":"article","og_title":"Ayur Read Pro - Recension, Pris, Effekter, Apotek, Forum | -50%","og_url":"https:\/\/www.vardcentralenhjartatsolna.se\/farmaci\/apt\/ayur-read-pro\/","og_site_name":"Vardcentralenhjartatsolna","article_modified_time":"2024-11-13T14:43:44+00:00","og_image":[{"width":768,"height":768,"url":"https:\/\/www.vardcentralenhjartatsolna.se\/farmaci\/wp-content\/uploads\/2024\/11\/Ayur-Read-Pro.jpg","type":"image\/jpeg"}],"twitter_card":"summary_large_image","twitter_description":"[date_countdown]","twitter_misc":{"Ber\u00e4knad l\u00e4stid":"6 minuter"},"schema":{"@context":"https:\/\/schema.org","@graph":[{"@type":"WebPage","@id":"https:\/\/www.vardcentralenhjartatsolna.se\/farmaci\/apt\/ayur-read-pro\/","url":"https:\/\/www.vardcentralenhjartatsolna.se\/farmaci\/apt\/ayur-read-pro\/","name":"Ayur Read Pro - Recension, Pris, Effekter, Apotek, Forum | -50%","isPartOf":{"@id":"https:\/\/www.vardcentralenhjartatsolna.se\/farmaci\/#website"},"primaryImageOfPage":{"@id":"https:\/\/www.vardcentralenhjartatsolna.se\/farmaci\/apt\/ayur-read-pro\/#primaryimage"},"image":{"@id":"https:\/\/www.vardcentralenhjartatsolna.se\/farmaci\/apt\/ayur-read-pro\/#primaryimage"},"thumbnailUrl":"https:\/\/www.vardcentralenhjartatsolna.se\/farmaci\/wp-content\/uploads\/2024\/11\/Ayur-Read-Pro.jpg","datePublished":"2024-11-09T14:07:52+00:00","dateModified":"2024-11-13T14:43:44+00:00","breadcrumb":{"@id":"https:\/\/www.vardcentralenhjartatsolna.se\/farmaci\/apt\/ayur-read-pro\/#breadcrumb"},"inLanguage":"sv-SE","potentialAction":[{"@type":"ReadAction","target":["https:\/\/www.vardcentralenhjartatsolna.se\/farmaci\/apt\/ayur-read-pro\/"]}]},{"@type":"ImageObject","inLanguage":"sv-SE","@id":"https:\/\/www.vardcentralenhjartatsolna.se\/farmaci\/apt\/ayur-read-pro\/#primaryimage","url":"https:\/\/www.vardcentralenhjartatsolna.se\/farmaci\/wp-content\/uploads\/2024\/11\/Ayur-Read-Pro.jpg","contentUrl":"https:\/\/www.vardcentralenhjartatsolna.se\/farmaci\/wp-content\/uploads\/2024\/11\/Ayur-Read-Pro.jpg","width":768,"height":768},{"@type":"BreadcrumbList","@id":"https:\/\/www.vardcentralenhjartatsolna.se\/farmaci\/apt\/ayur-read-pro\/#breadcrumb","itemListElement":[{"@type":"ListItem","position":1,"name":"Strona g\u0142\u00f3wna","item":"https:\/\/www.vardcentralenhjartatsolna.se\/farmaci\/"},{"@type":"ListItem","position":2,"name":"Produkte","item":"https:\/\/www.vardcentralenhjartatsolna.se\/farmaci\/"},{"@type":"ListItem","position":3,"name":"Ayur Read Pro"}]},{"@type":"WebSite","@id":"https:\/\/www.vardcentralenhjartatsolna.se\/farmaci\/#website","url":"https:\/\/www.vardcentralenhjartatsolna.se\/farmaci\/","name":"Vardcentralenhjartatsolna","description":"","potentialAction":[{"@type":"SearchAction","target":{"@type":"EntryPoint","urlTemplate":"https:\/\/www.vardcentralenhjartatsolna.se\/farmaci\/?s={search_term_string}"},"query-input":{"@type":"PropertyValueSpecification","valueRequired":true,"valueName":"search_term_string"}}],"inLanguage":"sv-SE"}]}},"_links":{"self":[{"href":"https:\/\/www.vardcentralenhjartatsolna.se\/farmaci\/wp-json\/wp\/v2\/product\/12348","targetHints":{"allow":["GET"]}}],"collection":[{"href":"https:\/\/www.vardcentralenhjartatsolna.se\/farmaci\/wp-json\/wp\/v2\/product"}],"about":[{"href":"https:\/\/www.vardcentralenhjartatsolna.se\/farmaci\/wp-json\/wp\/v2\/types\/product"}],"replies":[{"embeddable":true,"href":"https:\/\/www.vardcentralenhjartatsolna.se\/farmaci\/wp-json\/wp\/v2\/comments?post=12348"}],"wp:featuredmedia":[{"embeddable":true,"href":"https:\/\/www.vardcentralenhjartatsolna.se\/farmaci\/wp-json\/wp\/v2\/media\/12347"}],"wp:attachment":[{"href":"https:\/\/www.vardcentralenhjartatsolna.se\/farmaci\/wp-json\/wp\/v2\/media?parent=12348"}],"wp:term":[{"taxonomy":"product_brand","embeddable":true,"href":"https:\/\/www.vardcentralenhjartatsolna.se\/farmaci\/wp-json\/wp\/v2\/product_brand?post=12348"},{"taxonomy":"product_cat","embeddable":true,"href":"https:\/\/www.vardcentralenhjartatsolna.se\/farmaci\/wp-json\/wp\/v2\/product_cat?post=12348"},{"taxonomy":"product_tag","embeddable":true,"href":"https:\/\/www.vardcentralenhjartatsolna.se\/farmaci\/wp-json\/wp\/v2\/product_tag?post=12348"}],"curies":[{"name":"wp","href":"https:\/\/api.w.org\/{rel}","templated":true}]}}