{"id":12344,"date":"2024-11-09T15:07:50","date_gmt":"2024-11-09T14:07:50","guid":{"rendered":"https:\/\/blodsjukdom.se\/farmaci\/apt\/prolesan-pure\/"},"modified":"2024-11-15T18:56:33","modified_gmt":"2024-11-15T17:56:33","slug":"prolesan-pure","status":"publish","type":"product","link":"https:\/\/www.vardcentralenhjartatsolna.se\/farmaci\/apt\/prolesan-pure\/","title":{"rendered":"Prolesan Pure"},"content":{"rendered":"\n<h2 class=\"wp-block-heading\">Vad \u00e4r Prolesan Pure och hur fungerar det?<\/h2>\n\n\n\n<p>Prolesan Pure \u00e4r ett modernt <b>kosttillskott<\/b> som har skapats f\u00f6r personer som vill st\u00f6dja viktminskningsprocessen. Dess <em>d-\u00e5tg\u00e4rd<\/em> \u00e4r baserad p\u00e5 naturliga ingredienser som effektivt st\u00f6der kroppen i kampen mot \u00f6verfl\u00f6digt kroppsfett.<\/p>\n\n\n\n<p>De viktigaste verkningsmekanismerna f\u00f6r Prolesan Pure inkluderar:<\/p>\n\n\n\n<ul class=\"wp-block-list\">\n<li>Accelererande \u00e4mnesoms\u00e4ttning, vilket \u00f6kar fettf\u00f6rbr\u00e4nningshastigheten.<\/li>\n\n\n\n<li>Kontrollerar aptiten, s\u00e5 att du kan undvika oh\u00e4lsosamma mellanm\u00e5l.<\/li>\n\n\n\n<li>F\u00f6rb\u00e4ttra energiniv\u00e5erna, vilket m\u00f6jligg\u00f6r en mer aktiv livsstil.<\/li>\n<\/ul>\n\n\n\n<p>Forskning tyder p\u00e5 att r\u00e4tt n\u00e4rings\u00e4mnen i detta <em>kosttillskott<\/em> kan bidra till m\u00e4rkbara resultat p\u00e5 kort tid. Kunder rapporterar synliga resultat efter bara den f\u00f6rsta veckan av anv\u00e4ndning.<\/p>\n\n\n\n<p>Prolesan Pure blockerar effektivt spridningen av nya fettceller och minskar subkutant vatten. Det finns m\u00e5nga f\u00f6rdelar f\u00f6rknippade med dess anv\u00e4ndning, inklusive f\u00f6rebyggande mot celluliter och reng\u00f6ring av kroppen av toxiner.<\/p>\n\n\n\n<p>Det \u00e4r v\u00e4rt att notera att Prolesan Pure rekommenderas f\u00f6r b\u00e5de de som \u00e4r n\u00e5got \u00f6verviktiga och de som vill minska betydande m\u00e4ngder vikt. Bra <b>anv\u00e4ndarrecensioner<\/b> och alltid inkluderade aktiva ingredienser fokuserar p\u00e5 att f\u00f6rb\u00e4ttra h\u00e4lsoresultaten och minska kroppsfett. Kanske kommer denna f\u00f6rberedelse att bli nyckeln till framg\u00e5ng p\u00e5 din v\u00e4g till din dr\u00f6mfigur.<\/p>\n\n\n\n<h2 class=\"wp-block-heading\">Prolesan Pure &#8211; effekter av anv\u00e4ndning<\/h2>\n\n\n\n<p>Prolesan Pure har vunnit popularitet som ett <b>viktminskningstillskott<\/b> och <b>effekterna av<\/b> anv\u00e4ndningen varierar bland anv\u00e4ndarna. Det rekommenderade inneh\u00e5llet av naturliga ingredienser som Garcinia Cambogia, kinesisk Citronella och Undaria Plumeria lockar m\u00e5nga m\u00e4nniskor som vill minska kroppsvikten.<\/p>\n\n\n\n<p><b>Recensioner<\/b> om effektiviteten av Prolesan Pure visar betydande viktminskning hos vissa s\u00f6kande. Agnes, till exempel, lyckades f\u00f6rlora 15,6 kg med regelbunden anv\u00e4ndning, vilket avsev\u00e4rt f\u00f6rb\u00e4ttrade hennes hum\u00f6r och energiniv\u00e5er. Kamil uppn\u00e5dde en imponerande 42kg f\u00f6rlust och n\u00e4mnde f\u00f6rb\u00e4ttrad aptitkontroll, vilket gjorde det m\u00f6jligt f\u00f6r honom att ha h\u00e4lsosammare matvanor. Natalia, \u00e5 andra sidan, noterade en f\u00f6rlust p\u00e5 22,2 kg efter tre m\u00e5naders anv\u00e4ndning av Prolesan Pure, vilket hade en positiv inverkan p\u00e5 hennes motivation att vara fysiskt aktiv.<\/p>\n\n\n\n<p>Trots de positiva ber\u00e4ttelserna finns det ocks\u00e5 <b>\u00e5sikter<\/b> i forumet som uttrycker tvivel om effektiviteten av Prolesan Pure. Vissa anv\u00e4ndare uttryckte missn\u00f6je med de sm\u00e5 effekterna efter tre m\u00e5naders anv\u00e4ndning, vilket undergr\u00e4ver det \u00f6vergripande intrycket av produkten. Det genomsnittliga betyget f\u00f6r Prolesan Pure \u00e4r 4,67 av 5, vilket tyder p\u00e5 en varierad upplevelse av dess effekter.<\/p>\n\n\n\n<figure class=\"wp-block-table\"><table class=\"has-fixed-layout\"><tbody><tr><th>Person<\/th><th>Viktf\u00f6rlust (kg)<\/th><th>Yttrande<\/th><\/tr><tr><td>Agnieszka<\/td><td>15,6<\/td><td>&#8221;Prolesan Pure har verkligen hj\u00e4lpt mig, jag m\u00e5r b\u00e4ttre och har mer energi.&#8221;<\/td><\/tr><tr><td>Kamil<\/td><td>42<\/td><td>&#8221;Jag har m\u00e4rkt att min aptit \u00e4r mycket mindre, vilket har gjort det l\u00e4ttare f\u00f6r mig att g\u00e5 ner i <b>vikt<\/b>.&#8221;<\/td><\/tr><tr><td>Natalia<\/td><td>22,2<\/td><td>&#8221;Det h\u00e4r var det b\u00e4sta beslutet i mitt liv. Jag \u00e4r s\u00e5 glad att jag b\u00f6rjade anv\u00e4nda detta till\u00e4gg!&#8221;<\/td><\/tr><\/tbody><\/table><\/figure>\n\n\n\n<p>S\u00e5 <b>effekterna av att<\/b> anv\u00e4nda Prolesan Pure kan variera beroende p\u00e5 individuella kroppsegenskaper och tillv\u00e4gag\u00e5ngss\u00e4ttet f\u00f6r tillskott. Regelbunden <b>anv\u00e4ndning<\/b> och kombinationen av till\u00e4gget med en riktig kost och fysisk aktivitet kan ge de b\u00e4sta resultaten i viktminskning.<\/p>\n\n\n\n<h2 class=\"wp-block-heading\">Hur man anv\u00e4nder Prolesan Pure korrekt &#8211; Dosering<\/h2>\n\n\n\n<p>Prolesan Pure \u00e4r ett <em>kosttillskott<\/em> som st\u00f6der viktminskningsprocessen. Korrekt <b>dosering<\/b> \u00e4r ett nyckelelement i effektiv anv\u00e4ndning av denna produkt. Det rekommenderas att ta tv\u00e5 kapslar dagligen, en 30 minuter f\u00f6re frukost och den andra f\u00f6re lunch. Denna <b>dosering<\/b> maximerar <b>effekterna<\/b> och st\u00f6der aptitkontroll, vilket \u00e4r en viktig aspekt i viktminskningsprocessen.<\/p>\n\n\n\n<p>En viktig punkt att komma ih\u00e5g \u00e4r att ta fler kapslar inte kommer att p\u00e5skynda fettf\u00f6rbr\u00e4nningen och kan leda till obehagligt magbesv\u00e4r. <em>Anv\u00e4ndningen<\/em> av Prolesan Pure b\u00f6r d\u00e4rf\u00f6r vara ansvarsfull och beroende av individuella behov och niv\u00e5 av fysisk aktivitet.<\/p>\n\n\n\n<p>F\u00f6r att maximera effekterna av anv\u00e4ndningen \u00e4r det l\u00e4mpligt att inkludera till\u00e4gget som en del av en h\u00e4lsosam kost och regelbunden fysisk aktivitet. Studier har visat att tillskottet kan bidra till att s\u00e4nka blodsockerniv\u00e5n med mer \u00e4n 20%, vilket fr\u00e4mjar en sund \u00e4mnesoms\u00e4ttning och en b\u00e4ttre k\u00e4nsla av v\u00e4lbefinnande. Viktf\u00f6r\u00e4ndringar kan ses efter bara tre till fyra veckors anv\u00e4ndning.<\/p>\n\n\n\n<figure class=\"wp-block-table\"><table class=\"has-fixed-layout\"><tbody><tr><th>Aspekter<\/th><th>Dosering<\/th><th>Effekter<\/th><\/tr><tr><td>Kapslar per dag<\/td><td>2<\/td><td>Aptitreglering, st\u00f6d f\u00f6r \u00e4mnesoms\u00e4ttningen<\/td><\/tr><tr><td>Ta f\u00f6re m\u00e5ltid<\/td><td>30 minuter f\u00f6re frukost och lunch<\/td><td>\u00d6kad effektivitet<\/td><\/tr><tr><td>Tid till m\u00e4rkbara effekter<\/td><td>3-4 veckor<\/td><td>Viktminskning och f\u00f6rb\u00e4ttrat v\u00e4lbefinnande<\/td><\/tr><tr><td>Potentiella <b>biverkningar<\/b><\/td><td>Inga vid l\u00e4mplig anv\u00e4ndning<\/td><td>H\u00f6g kroppstolerans<\/td><\/tr><\/tbody><\/table><\/figure>\n\n\n\n<p>Det \u00e4r tillr\u00e5dligt att l\u00e4sa bipacksedeln och tillverkarens rekommendationer noggrant innan behandlingen p\u00e5b\u00f6rjas f\u00f6r att s\u00e4kerst\u00e4lla att du f\u00e5r maximal nytta av Prolesan Pure.<\/p>\n\n\n\n<h2 class=\"wp-block-heading\">Prolesan Pure &#8211; \u00c5sikter och recensioner &#8211; Vad s\u00e4ger anv\u00e4ndarna?<\/h2>\n\n\n\n<p>Recensioner av Prolesan Pure \u00e4r f\u00f6r det mesta blandade. Vissa anv\u00e4ndare rapporterar framg\u00e5ng i kost och viktminskning efter att ha anv\u00e4nt detta till\u00e4gg, medan andra uttrycker sin skepticism. F\u00f6ljande \u00e4r \u00e5sikter som \u00e5terspeglar olika erfarenheter:<\/p>\n\n\n\n<blockquote class=\"wp-block-quote is-layout-flow wp-block-quote-is-layout-flow\">\n<p><em>Karolina<\/em>: &#8221;Jag anv\u00e4nde Prolesan i 3 m\u00e5nader och f\u00f6rlorade 8 kg. Jag m\u00e5r b\u00e4ttre och har mer energi. Jag har minskat min aptit, vilket har gjort det betydligt l\u00e4ttare f\u00f6r mig att h\u00e5lla mig till min diet. \u00c4nd\u00e5 har vissa v\u00e4nner inte m\u00e4rkt n\u00e5gon f\u00f6r\u00e4ndring i mig, vilket f\u00e5r mig att undra om skillnaderna i effekterna beroende p\u00e5 kroppen.&#8221;<\/p>\n<\/blockquote>\n\n\n\n<blockquote class=\"wp-block-quote is-layout-flow wp-block-quote-is-layout-flow\">\n<p><em>Jan<\/em>: &#8221;Tack vare Prolesan har jag kunnat minska min kroppsvikt och f\u00f6rb\u00e4ttra mina idrottsliga prestationer. Jag skulle definitivt rekommendera det! Jag anv\u00e4nde det samtidigt som jag tr\u00e4nade regelbundet och \u00e5t en h\u00e4lsosam kost. Jag tror att nyckeln till att uppn\u00e5 bra resultat inte bara \u00e4r tillskottet, utan ocks\u00e5 livsstilen.&#8221;<\/p>\n<\/blockquote>\n\n\n\n<blockquote class=\"wp-block-quote is-layout-flow wp-block-quote-is-layout-flow\">\n<p><em>Marek<\/em>: &#8221;Jag var lite orolig, men resultaten var b\u00e4ttre \u00e4n jag f\u00f6rv\u00e4ntade mig. Jag gick ner 5 kg p\u00e5 en m\u00e5nad utan att k\u00e4nna mig hungrig. Jag k\u00e4nner dock att n\u00e4r man anv\u00e4nder kosttillskott som Prolesan Pure \u00e4r det viktigaste att kombinera det med en h\u00e4lsosam kost.&#8221;<\/p>\n<\/blockquote>\n\n\n\n<p>Sammantaget visar <b>recensioner<\/b> av Prolesan Pure att medan vissa anv\u00e4ndare upplever positiva resultat finns det ocks\u00e5 m\u00e5nga negativa recensioner. Skeptiker lyfter fram bristen p\u00e5 vetenskapliga bevis f\u00f6r till\u00e4ggets effektivitet i viktminskning och p\u00e5pekar behovet av en h\u00e4lsosam livsstil f\u00f6r att uppn\u00e5 \u00f6nskade resultat.<\/p>\n\n\n\n<h2 class=\"wp-block-heading\">Prolesan Pure &#8211; Sammans\u00e4ttning &#8211; Ingrediensanalys<\/h2>\n\n\n\n<p><b>Sammans\u00e4ttningen<\/b> av Prolesan Pure kombinerar ett antal naturliga ingredienser som \u00e4r f\u00f6rdelaktiga f\u00f6r viktminskning. Ett av nyckelelementen \u00e4r <em>gr\u00f6nt te-extrakt<\/em>, som \u00e4r k\u00e4nt f\u00f6r sina metabolismaccelererande och fettf\u00f6rbr\u00e4nnande egenskaper. I analysen av ingredienserna kan man ocks\u00e5 m\u00e4rka n\u00e4rvaron av \u00f6rter som <em>ginseng<\/em>, vilket \u00f6kar energiniv\u00e5erna och f\u00f6rb\u00e4ttrar kroppens prestanda.<\/p>\n\n\n\n<p>Sammans\u00e4ttningen av Prolesan Pure inneh\u00e5ller ocks\u00e5 ingredienser som reglerar blodsockerniv\u00e5n, vilket kan vara avg\u00f6rande f\u00f6r dem som k\u00e4mpar med \u00f6vervikt. <em>Ginkgo<\/em> biloba och Centella <em>Asiatica<\/em> \u00e4r \u00f6rter som hj\u00e4lper till att f\u00f6rb\u00e4ttra cirkulationen och minska d\u00e5liga kolesterolniv\u00e5er. <b>Analys av ingredienserna<\/b> visar att Prolesan Pure inneh\u00e5ller v\u00e4rdefulla \u00e4mnen som verkar synergistiskt och att regelbunden <b>anv\u00e4ndning<\/b> av dem st\u00f6der kroppen i kampen mot fetma.<\/p>\n\n\n\n<ul class=\"wp-block-list\">\n<li><strong>Extrakt av gr\u00f6nt te:<\/strong> P\u00e5skyndar \u00e4mnesoms\u00e4ttningen.<\/li>\n\n\n\n<li><strong>Sibirisk ginseng:<\/strong> \u00d6kar energi och prestanda.<\/li>\n\n\n\n<li><strong>Ginkgo<\/strong> biloba: F\u00f6rb\u00e4ttrar cirkulationen och s\u00e4nker det d\u00e5liga kolesterolet.<\/li>\n\n\n\n<li><strong>Centella Asiatica:<\/strong> St\u00f6djer kroppens mentala och fysiska h\u00e4lsa.<\/li>\n<\/ul>\n\n\n\n<p>Sammanfattningsvis \u00e4r <b>sammans\u00e4ttningen<\/b> av Prolesan Pure en noggrant utvald blandning av naturliga ingredienser som bidrar till effektiv viktminskning och f\u00f6rb\u00e4ttrat allm\u00e4nt v\u00e4lbefinnande. <b>Analys av ingredienserna<\/b> ger information om deras positiva egenskaper, vilket g\u00f6r detta till\u00e4gg till ett av de mer popul\u00e4ra valen p\u00e5 marknaden f\u00f6r viktminskning.<\/p>\n\n\n\n<h2 class=\"wp-block-heading\">Var kan jag k\u00f6pa och vad \u00e4r priset p\u00e5 Prolesan Pure?<\/h2>\n\n\n\n<p>Prolesan Pure kan endast k\u00f6pas fr\u00e5n <em>tillverkarens officiella webbplats.<\/em> Det rekommenderas starkt att undvika att k\u00f6pa fr\u00e5n station\u00e4ra apotek, eftersom till\u00e4gget inte \u00e4r tillg\u00e4ngligt i dem. Endast p\u00e5 den officiella tillverkarens webbplats kan du r\u00e4kna med attraktiva erbjudanden och de senaste kampanjerna, anpassade till kundernas behov.<\/p>\n\n\n\n<p><b>Priset<\/b> p\u00e5 Prolesan Pure beror p\u00e5 aktuella kampanjer, vilket \u00e4r v\u00e4rt att kontrollera n\u00e4r du g\u00f6r en best\u00e4llning. Detta g\u00f6r det enkelt att hitta gynnsamma erbjudanden, samt att ta reda p\u00e5 vilka rabatter som finns tillg\u00e4ngliga vid varje given tidpunkt. Onlineshopping \u00e4r ett bekv\u00e4mt s\u00e4tt att k\u00f6pa kosttillskott, vilket ger dig tillg\u00e5ng till ett brett utbud av information om hur produkten fungerar.<\/p>\n\n\n\n<figure class=\"wp-block-table\"><table class=\"has-fixed-layout\"><tbody><tr><th>Information om produkten<\/th><th>Mer information<\/th><\/tr><tr><td><b>Var du kan k\u00f6pa<\/b><\/td><td><em>Tillverkarens officiella webbplats<\/em><\/td><\/tr><tr><td>Tillg\u00e4nglighet<\/td><td>Ej tillg\u00e4ngligt p\u00e5 station\u00e4ra apotek<\/td><\/tr><tr><td>Typ av produkt<\/td><td><b>Kosttillskott<\/b><\/td><\/tr><tr><td><b>Pris<\/b><\/td><td>Beror p\u00e5 kampanj<\/td><\/tr><tr><td>Kvantitet per f\u00f6rpackning<\/td><td>30 kapslar<\/td><\/tr><tr><td>Daglig dos<\/td><td>2 kapslar<\/td><\/tr><\/tbody><\/table><\/figure>\n\n\n\n<p>Konsumenterna kan dra nytta av de kampanjpaket som erbjuds av <em>den officiella tillverkaren n\u00e4r de<\/em> beslutar sig f\u00f6r att k\u00f6pa. Tack vare transparensen i erbjudandet \u00e4r det m\u00f6jligt att enkelt j\u00e4mf\u00f6ra de tillg\u00e4ngliga alternativen och v\u00e4lja det b\u00e4sta f\u00f6r sig sj\u00e4lva.<\/p>\n\n\n\n<h2 class=\"wp-block-heading\">Prolesan Pure &#8211; Biverkningar och kontraindikationer<\/h2>\n\n\n\n<p>Prolesan Pure \u00e4r ett kosttillskott som \u00e4r utformat f\u00f6r dem som vill st\u00f6dja viktminskning. Inga allvarliga biverkningar har rapporterats under anv\u00e4ndningen av produkten, men det \u00e4r v\u00e4rt att n\u00e4mna att varje person kan reagera individuellt p\u00e5 ingredienserna i beredningen. D\u00e4rf\u00f6r \u00e4r det tillr\u00e5dligt att bekanta dig med de potentiella biverkningar som kan uppst\u00e5 hos vissa anv\u00e4ndare innan behandlingen p\u00e5b\u00f6rjas.<\/p>\n\n\n\n<p><b>Kontraindikationer<\/b> f\u00f6r anv\u00e4ndning av Prolesan Pure inkluderar personer med \u00f6verk\u00e4nslighet mot n\u00e5gon ingrediens som ing\u00e5r i beredningen, liksom gravida och ammande kvinnor. F\u00f6r personer som tar andra mediciner eller har kroniska tillst\u00e5nd \u00e4r det viktigt att konsultera en l\u00e4kare innan du b\u00f6rjar tillskott. Detta \u00e4r det enda s\u00e4ttet att s\u00e4kerst\u00e4lla s\u00e4kerhet och undvika biverkningar fr\u00e5n kroppen.<\/p>\n","protected":false},"excerpt":{"rendered":"<p><strong>[date_countdown]<\/strong><\/p>\n<p><img decoding=\"async\" class=\"alignnone wp-image-12507\" src=\"https:\/\/www.vardcentralenhjartatsolna.se\/farmaci\/wp-content\/uploads\/2024\/11\/SAFE-PAY-300x88-1.png\" alt=\"SAFE-PAY-300x88\" width=\"201\" height=\"59\" \/><\/p>\n","protected":false},"featured_media":12343,"comment_status":"open","ping_status":"closed","template":"","meta":{"neve_meta_sidebar":"","neve_meta_container":"","neve_meta_enable_content_width":"","neve_meta_content_width":0,"neve_meta_title_alignment":"","neve_meta_author_avatar":"","neve_post_elements_order":"","neve_meta_disable_header":"","neve_meta_disable_footer":"","neve_meta_disable_title":"","neve_meta_reading_time":""},"product_brand":[],"product_cat":[565],"product_tag":[],"class_list":{"0":"post-12344","1":"product","2":"type-product","3":"status-publish","4":"has-post-thumbnail","6":"product_cat-halsa","8":"first","9":"instock","10":"sale","11":"shipping-taxable","12":"product-type-external"},"yoast_head":"<!-- This site is optimized with the Yoast SEO plugin v27.4 - https:\/\/yoast.com\/product\/yoast-seo-wordpress\/ -->\n<title>Prolesan Pure - Recension, Pris, Effekter, Apotek, Forum | -50%<\/title>\n<meta name=\"robots\" content=\"index, follow, max-snippet:-1, max-image-preview:large, max-video-preview:-1\" \/>\n<link rel=\"canonical\" href=\"https:\/\/www.vardcentralenhjartatsolna.se\/farmaci\/apt\/prolesan-pure\/\" \/>\n<meta property=\"og:locale\" content=\"sv_SE\" \/>\n<meta property=\"og:type\" content=\"article\" \/>\n<meta property=\"og:title\" content=\"Prolesan Pure - Recension, Pris, Effekter, Apotek, Forum | -50%\" \/>\n<meta property=\"og:url\" content=\"https:\/\/www.vardcentralenhjartatsolna.se\/farmaci\/apt\/prolesan-pure\/\" \/>\n<meta property=\"og:site_name\" content=\"Vardcentralenhjartatsolna\" \/>\n<meta property=\"article:modified_time\" content=\"2024-11-15T17:56:33+00:00\" \/>\n<meta property=\"og:image\" content=\"https:\/\/www.vardcentralenhjartatsolna.se\/farmaci\/wp-content\/uploads\/2024\/11\/Prolesan-Pure.jpg\" \/>\n\t<meta property=\"og:image:width\" content=\"768\" \/>\n\t<meta property=\"og:image:height\" content=\"768\" \/>\n\t<meta property=\"og:image:type\" content=\"image\/jpeg\" \/>\n<meta name=\"twitter:card\" content=\"summary_large_image\" \/>\n<meta name=\"twitter:description\" content=\"[date_countdown]\" \/>\n<meta name=\"twitter:label1\" content=\"Ber\u00e4knad l\u00e4stid\" \/>\n\t<meta name=\"twitter:data1\" content=\"1 minut\" \/>\n<script type=\"application\/ld+json\" class=\"yoast-schema-graph\">{\"@context\":\"https:\\\/\\\/schema.org\",\"@graph\":[{\"@type\":\"WebPage\",\"@id\":\"https:\\\/\\\/www.vardcentralenhjartatsolna.se\\\/farmaci\\\/apt\\\/prolesan-pure\\\/\",\"url\":\"https:\\\/\\\/www.vardcentralenhjartatsolna.se\\\/farmaci\\\/apt\\\/prolesan-pure\\\/\",\"name\":\"Prolesan Pure - Recension, Pris, Effekter, Apotek, Forum | -50%\",\"isPartOf\":{\"@id\":\"https:\\\/\\\/www.vardcentralenhjartatsolna.se\\\/farmaci\\\/#website\"},\"primaryImageOfPage\":{\"@id\":\"https:\\\/\\\/www.vardcentralenhjartatsolna.se\\\/farmaci\\\/apt\\\/prolesan-pure\\\/#primaryimage\"},\"image\":{\"@id\":\"https:\\\/\\\/www.vardcentralenhjartatsolna.se\\\/farmaci\\\/apt\\\/prolesan-pure\\\/#primaryimage\"},\"thumbnailUrl\":\"https:\\\/\\\/www.vardcentralenhjartatsolna.se\\\/farmaci\\\/wp-content\\\/uploads\\\/2024\\\/11\\\/Prolesan-Pure.jpg\",\"datePublished\":\"2024-11-09T14:07:50+00:00\",\"dateModified\":\"2024-11-15T17:56:33+00:00\",\"breadcrumb\":{\"@id\":\"https:\\\/\\\/www.vardcentralenhjartatsolna.se\\\/farmaci\\\/apt\\\/prolesan-pure\\\/#breadcrumb\"},\"inLanguage\":\"sv-SE\",\"potentialAction\":[{\"@type\":\"ReadAction\",\"target\":[\"https:\\\/\\\/www.vardcentralenhjartatsolna.se\\\/farmaci\\\/apt\\\/prolesan-pure\\\/\"]}]},{\"@type\":\"ImageObject\",\"inLanguage\":\"sv-SE\",\"@id\":\"https:\\\/\\\/www.vardcentralenhjartatsolna.se\\\/farmaci\\\/apt\\\/prolesan-pure\\\/#primaryimage\",\"url\":\"https:\\\/\\\/www.vardcentralenhjartatsolna.se\\\/farmaci\\\/wp-content\\\/uploads\\\/2024\\\/11\\\/Prolesan-Pure.jpg\",\"contentUrl\":\"https:\\\/\\\/www.vardcentralenhjartatsolna.se\\\/farmaci\\\/wp-content\\\/uploads\\\/2024\\\/11\\\/Prolesan-Pure.jpg\",\"width\":768,\"height\":768},{\"@type\":\"BreadcrumbList\",\"@id\":\"https:\\\/\\\/www.vardcentralenhjartatsolna.se\\\/farmaci\\\/apt\\\/prolesan-pure\\\/#breadcrumb\",\"itemListElement\":[{\"@type\":\"ListItem\",\"position\":1,\"name\":\"Strona g\u0142\u00f3wna\",\"item\":\"https:\\\/\\\/www.vardcentralenhjartatsolna.se\\\/farmaci\\\/\"},{\"@type\":\"ListItem\",\"position\":2,\"name\":\"Produkte\",\"item\":\"https:\\\/\\\/www.vardcentralenhjartatsolna.se\\\/farmaci\\\/\"},{\"@type\":\"ListItem\",\"position\":3,\"name\":\"Prolesan Pure\"}]},{\"@type\":\"WebSite\",\"@id\":\"https:\\\/\\\/www.vardcentralenhjartatsolna.se\\\/farmaci\\\/#website\",\"url\":\"https:\\\/\\\/www.vardcentralenhjartatsolna.se\\\/farmaci\\\/\",\"name\":\"Vardcentralenhjartatsolna\",\"description\":\"\",\"potentialAction\":[{\"@type\":\"SearchAction\",\"target\":{\"@type\":\"EntryPoint\",\"urlTemplate\":\"https:\\\/\\\/www.vardcentralenhjartatsolna.se\\\/farmaci\\\/?s={search_term_string}\"},\"query-input\":{\"@type\":\"PropertyValueSpecification\",\"valueRequired\":true,\"valueName\":\"search_term_string\"}}],\"inLanguage\":\"sv-SE\"}]}<\/script>\n<!-- \/ Yoast SEO plugin. -->","yoast_head_json":{"title":"Prolesan Pure - Recension, Pris, Effekter, Apotek, Forum | -50%","robots":{"index":"index","follow":"follow","max-snippet":"max-snippet:-1","max-image-preview":"max-image-preview:large","max-video-preview":"max-video-preview:-1"},"canonical":"https:\/\/www.vardcentralenhjartatsolna.se\/farmaci\/apt\/prolesan-pure\/","og_locale":"sv_SE","og_type":"article","og_title":"Prolesan Pure - Recension, Pris, Effekter, Apotek, Forum | -50%","og_url":"https:\/\/www.vardcentralenhjartatsolna.se\/farmaci\/apt\/prolesan-pure\/","og_site_name":"Vardcentralenhjartatsolna","article_modified_time":"2024-11-15T17:56:33+00:00","og_image":[{"width":768,"height":768,"url":"https:\/\/www.vardcentralenhjartatsolna.se\/farmaci\/wp-content\/uploads\/2024\/11\/Prolesan-Pure.jpg","type":"image\/jpeg"}],"twitter_card":"summary_large_image","twitter_description":"[date_countdown]","twitter_misc":{"Ber\u00e4knad l\u00e4stid":"1 minut"},"schema":{"@context":"https:\/\/schema.org","@graph":[{"@type":"WebPage","@id":"https:\/\/www.vardcentralenhjartatsolna.se\/farmaci\/apt\/prolesan-pure\/","url":"https:\/\/www.vardcentralenhjartatsolna.se\/farmaci\/apt\/prolesan-pure\/","name":"Prolesan Pure - Recension, Pris, Effekter, Apotek, Forum | -50%","isPartOf":{"@id":"https:\/\/www.vardcentralenhjartatsolna.se\/farmaci\/#website"},"primaryImageOfPage":{"@id":"https:\/\/www.vardcentralenhjartatsolna.se\/farmaci\/apt\/prolesan-pure\/#primaryimage"},"image":{"@id":"https:\/\/www.vardcentralenhjartatsolna.se\/farmaci\/apt\/prolesan-pure\/#primaryimage"},"thumbnailUrl":"https:\/\/www.vardcentralenhjartatsolna.se\/farmaci\/wp-content\/uploads\/2024\/11\/Prolesan-Pure.jpg","datePublished":"2024-11-09T14:07:50+00:00","dateModified":"2024-11-15T17:56:33+00:00","breadcrumb":{"@id":"https:\/\/www.vardcentralenhjartatsolna.se\/farmaci\/apt\/prolesan-pure\/#breadcrumb"},"inLanguage":"sv-SE","potentialAction":[{"@type":"ReadAction","target":["https:\/\/www.vardcentralenhjartatsolna.se\/farmaci\/apt\/prolesan-pure\/"]}]},{"@type":"ImageObject","inLanguage":"sv-SE","@id":"https:\/\/www.vardcentralenhjartatsolna.se\/farmaci\/apt\/prolesan-pure\/#primaryimage","url":"https:\/\/www.vardcentralenhjartatsolna.se\/farmaci\/wp-content\/uploads\/2024\/11\/Prolesan-Pure.jpg","contentUrl":"https:\/\/www.vardcentralenhjartatsolna.se\/farmaci\/wp-content\/uploads\/2024\/11\/Prolesan-Pure.jpg","width":768,"height":768},{"@type":"BreadcrumbList","@id":"https:\/\/www.vardcentralenhjartatsolna.se\/farmaci\/apt\/prolesan-pure\/#breadcrumb","itemListElement":[{"@type":"ListItem","position":1,"name":"Strona g\u0142\u00f3wna","item":"https:\/\/www.vardcentralenhjartatsolna.se\/farmaci\/"},{"@type":"ListItem","position":2,"name":"Produkte","item":"https:\/\/www.vardcentralenhjartatsolna.se\/farmaci\/"},{"@type":"ListItem","position":3,"name":"Prolesan Pure"}]},{"@type":"WebSite","@id":"https:\/\/www.vardcentralenhjartatsolna.se\/farmaci\/#website","url":"https:\/\/www.vardcentralenhjartatsolna.se\/farmaci\/","name":"Vardcentralenhjartatsolna","description":"","potentialAction":[{"@type":"SearchAction","target":{"@type":"EntryPoint","urlTemplate":"https:\/\/www.vardcentralenhjartatsolna.se\/farmaci\/?s={search_term_string}"},"query-input":{"@type":"PropertyValueSpecification","valueRequired":true,"valueName":"search_term_string"}}],"inLanguage":"sv-SE"}]}},"_links":{"self":[{"href":"https:\/\/www.vardcentralenhjartatsolna.se\/farmaci\/wp-json\/wp\/v2\/product\/12344","targetHints":{"allow":["GET"]}}],"collection":[{"href":"https:\/\/www.vardcentralenhjartatsolna.se\/farmaci\/wp-json\/wp\/v2\/product"}],"about":[{"href":"https:\/\/www.vardcentralenhjartatsolna.se\/farmaci\/wp-json\/wp\/v2\/types\/product"}],"replies":[{"embeddable":true,"href":"https:\/\/www.vardcentralenhjartatsolna.se\/farmaci\/wp-json\/wp\/v2\/comments?post=12344"}],"wp:featuredmedia":[{"embeddable":true,"href":"https:\/\/www.vardcentralenhjartatsolna.se\/farmaci\/wp-json\/wp\/v2\/media\/12343"}],"wp:attachment":[{"href":"https:\/\/www.vardcentralenhjartatsolna.se\/farmaci\/wp-json\/wp\/v2\/media?parent=12344"}],"wp:term":[{"taxonomy":"product_brand","embeddable":true,"href":"https:\/\/www.vardcentralenhjartatsolna.se\/farmaci\/wp-json\/wp\/v2\/product_brand?post=12344"},{"taxonomy":"product_cat","embeddable":true,"href":"https:\/\/www.vardcentralenhjartatsolna.se\/farmaci\/wp-json\/wp\/v2\/product_cat?post=12344"},{"taxonomy":"product_tag","embeddable":true,"href":"https:\/\/www.vardcentralenhjartatsolna.se\/farmaci\/wp-json\/wp\/v2\/product_tag?post=12344"}],"curies":[{"name":"wp","href":"https:\/\/api.w.org\/{rel}","templated":true}]}}